{"id":9480,"date":"2025-11-10T16:51:09","date_gmt":"2025-11-10T15:51:09","guid":{"rendered":"https:\/\/shop.petercernicka.eu\/?post_type=product&#038;p=9480"},"modified":"2026-01-31T14:46:57","modified_gmt":"2026-01-31T13:46:57","slug":"marika-gombitova-spravne-dievcata","status":"publish","type":"product","link":"https:\/\/shop.petercernicka.eu\/de\/shop\/dychova-hudba\/marika-gombitova-spravne-dievcata\/","title":{"rendered":"Marika Gombitov\u00e1 &#8211; Spr\u00e1vne diev\u010dat\u00e1"},"content":{"rendered":"<p><span style=\"color: #000000;\">1. M\u00e1\u0161 pred sebou svet,<\/span><br \/>\n<span style=\"color: #000000;\">no tak ho zme\u0148 k\u00fdm to smie\u0161.<\/span><br \/>\n<span style=\"color: #000000;\">M\u00e1\u0161 pred sebou nie\u010do,<\/span><br \/>\n<span style=\"color: #000000;\">\u010domu len ty kr\u00e1sne rozumie\u0161.<\/span><\/p>\n<p><span style=\"color: #000000;\">2. M\u00e1\u0161 vek smie\u0161nych ch\u00fdb,<\/span><br \/>\n<span style=\"color: #000000;\">povolenie pl\u00e1va\u0165 v nich.<\/span><br \/>\n<span style=\"color: #000000;\">Hr\u00e1\u0161 za v\u0161etky triedy,<\/span><br \/>\n<span style=\"color: #000000;\">v t\u00fdch najkraj\u0161\u00edch filmoch diev\u010densk\u00fdch.<\/span><\/p>\n<p><strong><span style=\"color: #000000;\">R: Spr\u00e1vne diev\u010da, vie sa spr\u00e1vne m\u00fdli\u0165.<\/span><\/strong><br \/>\n<strong><span style=\"color: #000000;\">Spr\u00e1vne diev\u010da t\u00fdch je viac.<\/span><\/strong><br \/>\n<strong><span style=\"color: #000000;\">Spr\u00e1vne diev\u010da pr\u00edde v spr\u00e1vnej chv\u00edli,<\/span><\/strong><br \/>\n<strong><span style=\"color: #000000;\">vie \u017ee v\u0161etko m\u00e1 svoj \u010das.<\/span><\/strong><\/p>\n<p><span style=\"color: #000000;\">3. My vieme kedy kam a s k\u00fdm,<\/span><br \/>\n<span style=\"color: #000000;\">nete\u0161 sa pr\u00e1zdny manek\u00fdn.<\/span><br \/>\n<span style=\"color: #000000;\">Ten spr\u00e1vny chalan pr\u00edde s\u00e1m,<\/span><br \/>\n<span style=\"color: #000000;\">k n\u00e1m spr\u00e1vnym diev\u010dat\u00e1m.<\/span><\/p>\n<p><span style=\"color: #000000;\">4. Nie neskaz\u00ed\u0161 f\u00f3r ch\u00e1pe\u0161 ho sk\u00f4r,<\/span><br \/>\n<span style=\"color: #000000;\">len sa smej, m\u00e1\u0161 v sebe svoj n\u00e1pev,<\/span><br \/>\n<span style=\"color: #000000;\">n\u00e1pev spr\u00e1vnej piesne diev\u010denskej.<\/span><\/p>\n<p><span style=\"color: #000000;\">5. M\u00e1\u0161 svoj tich\u00fd hlas, <\/span><br \/>\n<span style=\"color: #000000;\">poveda\u0165 n\u00edm vie\u0161 v\u0161ak nie.<\/span><br \/>\n<span style=\"color: #000000;\">Si jedn\u00fdm z t\u00fdch diev\u010dat,<\/span><br \/>\n<span style=\"color: #000000;\">\u010do nevie by\u0165 sebe nevern\u00e9.<\/span><\/p>\n<p><strong><span style=\"color: #000000;\">R: Spr\u00e1vne diev\u010da&#8230;<\/span><\/strong><br \/>\n<strong><span style=\"color: #000000;\">3. My vieme kedy&#8230;<\/span><\/strong><br \/>\n<strong><span style=\"color: #000000;\">R: Spr\u00e1vne diev\u010da&#8230;<\/span><\/strong><\/p>","protected":false},"excerpt":{"rendered":"<p><audio class=\"wp-audio-shortcode\" id=\"audio-9480-1\" preload=\"none\" style=\"width: 100%;\" controls=\"controls\"><source type=\"audio\/mpeg\" src=\"https:\/\/shop.petercernicka.eu\/wp-content\/uploads\/2025\/11\/Marika-Gombitova-Spravne-dievca.mp3?_=1\" \/><a href=\"https:\/\/shop.petercernicka.eu\/wp-content\/uploads\/2025\/11\/Marika-Gombitova-Spravne-dievca.mp3\">https:\/\/shop.petercernicka.eu\/wp-content\/uploads\/2025\/11\/Marika-Gombitova-Spravne-dievca.mp3<\/a><\/audio><\/p>","protected":false},"featured_media":9502,"comment_status":"closed","ping_status":"closed","template":"","meta":{"om_disable_all_campaigns":false},"product_brand":[1191],"product_cat":[36],"product_tag":[],"class_list":{"0":"post-9480","1":"product","2":"type-product","3":"status-publish","4":"has-post-thumbnail","6":"product_brand-marika-gombitova","7":"product_cat-dychova-hudba","9":"first","10":"outofstock","11":"downloadable","12":"virtual","13":"taxable","14":"purchasable","15":"product-type-simple"},"yoast_head":"<!-- This site is optimized with the Yoast SEO plugin v27.4 - https:\/\/yoast.com\/product\/yoast-seo-wordpress\/ -->\n<title>Marika Gombitov\u00e1 - Spr\u00e1vne diev\u010dat\u00e1 - Peter \u010cerni\u010dka | Noty | HUDOBN\u00c9 PODKLADY<\/title>\n<meta name=\"robots\" content=\"index, follow, max-snippet:-1, max-image-preview:large, max-video-preview:-1\" \/>\n<link rel=\"canonical\" href=\"https:\/\/shop.petercernicka.eu\/de\/shop\/dychova-hudba\/marika-gombitova-spravne-dievcata\/\" \/>\n<meta property=\"og:locale\" content=\"de_DE\" \/>\n<meta property=\"og:type\" content=\"article\" \/>\n<meta property=\"og:title\" content=\"Marika Gombitov\u00e1 - Spr\u00e1vne diev\u010dat\u00e1\" \/>\n<meta property=\"og:description\" content=\"Noty pre dychov\u00fa hudbu\" \/>\n<meta property=\"og:url\" content=\"https:\/\/shop.petercernicka.eu\/de\/shop\/dychova-hudba\/marika-gombitova-spravne-dievcata\/\" \/>\n<meta property=\"og:site_name\" content=\"Peter \u010cerni\u010dka | Noty | HUDOBN\u00c9 PODKLADY\" \/>\n<meta property=\"article:publisher\" content=\"https:\/\/www.facebook.com\/petercernickanoty\" \/>\n<meta property=\"article:modified_time\" content=\"2026-01-31T13:46:57+00:00\" \/>\n<meta property=\"og:image\" content=\"https:\/\/shop.petercernicka.eu\/wp-content\/uploads\/2025\/11\/Marika-Gombitova-Spravne-dievcata-noty-pre-dychovku.jpeg\" \/>\n\t<meta property=\"og:image:width\" content=\"600\" \/>\n\t<meta property=\"og:image:height\" content=\"597\" \/>\n\t<meta property=\"og:image:type\" content=\"image\/jpeg\" \/>\n<meta name=\"twitter:card\" content=\"summary_large_image\" \/>\n<meta name=\"twitter:label1\" content=\"Gesch\u00e4tzte Lesezeit\" \/>\n\t<meta name=\"twitter:data1\" content=\"1\u00a0Minute\" \/>\n<script type=\"application\/ld+json\" class=\"yoast-schema-graph\">{\"@context\":\"https:\\\/\\\/schema.org\",\"@graph\":[{\"@type\":\"WebPage\",\"@id\":\"https:\\\/\\\/shop.petercernicka.eu\\\/shop\\\/dychova-hudba\\\/marika-gombitova-spravne-dievcata\\\/\",\"url\":\"https:\\\/\\\/shop.petercernicka.eu\\\/shop\\\/dychova-hudba\\\/marika-gombitova-spravne-dievcata\\\/\",\"name\":\"Marika Gombitov\u00e1 - Spr\u00e1vne diev\u010dat\u00e1 - Peter \u010cerni\u010dka | Noty | HUDOBN\u00c9 PODKLADY\",\"isPartOf\":{\"@id\":\"https:\\\/\\\/shop.petercernicka.eu\\\/#website\"},\"primaryImageOfPage\":{\"@id\":\"https:\\\/\\\/shop.petercernicka.eu\\\/shop\\\/dychova-hudba\\\/marika-gombitova-spravne-dievcata\\\/#primaryimage\"},\"image\":{\"@id\":\"https:\\\/\\\/shop.petercernicka.eu\\\/shop\\\/dychova-hudba\\\/marika-gombitova-spravne-dievcata\\\/#primaryimage\"},\"thumbnailUrl\":\"https:\\\/\\\/shop.petercernicka.eu\\\/wp-content\\\/uploads\\\/2025\\\/11\\\/Marika-Gombitova-Spravne-dievcata-noty-pre-dychovku.jpeg\",\"datePublished\":\"2025-11-10T15:51:09+00:00\",\"dateModified\":\"2026-01-31T13:46:57+00:00\",\"breadcrumb\":{\"@id\":\"https:\\\/\\\/shop.petercernicka.eu\\\/shop\\\/dychova-hudba\\\/marika-gombitova-spravne-dievcata\\\/#breadcrumb\"},\"inLanguage\":\"de\",\"potentialAction\":[{\"@type\":\"ReadAction\",\"target\":[\"https:\\\/\\\/shop.petercernicka.eu\\\/shop\\\/dychova-hudba\\\/marika-gombitova-spravne-dievcata\\\/\"]}]},{\"@type\":\"ImageObject\",\"inLanguage\":\"de\",\"@id\":\"https:\\\/\\\/shop.petercernicka.eu\\\/shop\\\/dychova-hudba\\\/marika-gombitova-spravne-dievcata\\\/#primaryimage\",\"url\":\"https:\\\/\\\/shop.petercernicka.eu\\\/wp-content\\\/uploads\\\/2025\\\/11\\\/Marika-Gombitova-Spravne-dievcata-noty-pre-dychovku.jpeg\",\"contentUrl\":\"https:\\\/\\\/shop.petercernicka.eu\\\/wp-content\\\/uploads\\\/2025\\\/11\\\/Marika-Gombitova-Spravne-dievcata-noty-pre-dychovku.jpeg\",\"width\":600,\"height\":597},{\"@type\":\"BreadcrumbList\",\"@id\":\"https:\\\/\\\/shop.petercernicka.eu\\\/shop\\\/dychova-hudba\\\/marika-gombitova-spravne-dievcata\\\/#breadcrumb\",\"itemListElement\":[{\"@type\":\"ListItem\",\"position\":1,\"name\":\"Home\",\"item\":\"https:\\\/\\\/shop.petercernicka.eu\\\/\"},{\"@type\":\"ListItem\",\"position\":2,\"name\":\"Produkty\",\"item\":\"https:\\\/\\\/shop.petercernicka.eu\\\/obchod\\\/\"},{\"@type\":\"ListItem\",\"position\":3,\"name\":\"Marika Gombitov\u00e1 &#8211; Spr\u00e1vne diev\u010dat\u00e1\"}]},{\"@type\":\"WebSite\",\"@id\":\"https:\\\/\\\/shop.petercernicka.eu\\\/#website\",\"url\":\"https:\\\/\\\/shop.petercernicka.eu\\\/\",\"name\":\"Peter \u010cerni\u010dka | Noty | HUDOBN\u00c9 PODKLADY\",\"description\":\"\u013eudov\u00e9 piesne, popul\u00e1rne \u0161l\u00e1gre, \u010desko-slovensk\u00e9 hity, cig\u00e1nske piesne, ewergreeny, viano\u010dn\u00e9 koledy\",\"potentialAction\":[{\"@type\":\"SearchAction\",\"target\":{\"@type\":\"EntryPoint\",\"urlTemplate\":\"https:\\\/\\\/shop.petercernicka.eu\\\/?s={search_term_string}\"},\"query-input\":{\"@type\":\"PropertyValueSpecification\",\"valueRequired\":true,\"valueName\":\"search_term_string\"}}],\"inLanguage\":\"de\"}]}<\/script>\n<!-- \/ Yoast SEO plugin. -->","yoast_head_json":{"title":"Marika Gombitov\u00e1 - Spr\u00e1vne diev\u010dat\u00e1 - Peter \u010cerni\u010dka | Noty | HUDOBN\u00c9 PODKLADY","robots":{"index":"index","follow":"follow","max-snippet":"max-snippet:-1","max-image-preview":"max-image-preview:large","max-video-preview":"max-video-preview:-1"},"canonical":"https:\/\/shop.petercernicka.eu\/de\/shop\/dychova-hudba\/marika-gombitova-spravne-dievcata\/","og_locale":"de_DE","og_type":"article","og_title":"Marika Gombitov\u00e1 - Spr\u00e1vne diev\u010dat\u00e1","og_description":"Noty pre dychov\u00fa hudbu","og_url":"https:\/\/shop.petercernicka.eu\/de\/shop\/dychova-hudba\/marika-gombitova-spravne-dievcata\/","og_site_name":"Peter \u010cerni\u010dka | Noty | HUDOBN\u00c9 PODKLADY","article_publisher":"https:\/\/www.facebook.com\/petercernickanoty","article_modified_time":"2026-01-31T13:46:57+00:00","og_image":[{"width":600,"height":597,"url":"https:\/\/shop.petercernicka.eu\/wp-content\/uploads\/2025\/11\/Marika-Gombitova-Spravne-dievcata-noty-pre-dychovku.jpeg","type":"image\/jpeg"}],"twitter_card":"summary_large_image","twitter_misc":{"Gesch\u00e4tzte Lesezeit":"1\u00a0Minute"},"schema":{"@context":"https:\/\/schema.org","@graph":[{"@type":"WebPage","@id":"https:\/\/shop.petercernicka.eu\/shop\/dychova-hudba\/marika-gombitova-spravne-dievcata\/","url":"https:\/\/shop.petercernicka.eu\/shop\/dychova-hudba\/marika-gombitova-spravne-dievcata\/","name":"Marika Gombitov\u00e1 - Spr\u00e1vne diev\u010dat\u00e1 - Peter \u010cerni\u010dka | Noty | HUDOBN\u00c9 PODKLADY","isPartOf":{"@id":"https:\/\/shop.petercernicka.eu\/#website"},"primaryImageOfPage":{"@id":"https:\/\/shop.petercernicka.eu\/shop\/dychova-hudba\/marika-gombitova-spravne-dievcata\/#primaryimage"},"image":{"@id":"https:\/\/shop.petercernicka.eu\/shop\/dychova-hudba\/marika-gombitova-spravne-dievcata\/#primaryimage"},"thumbnailUrl":"https:\/\/shop.petercernicka.eu\/wp-content\/uploads\/2025\/11\/Marika-Gombitova-Spravne-dievcata-noty-pre-dychovku.jpeg","datePublished":"2025-11-10T15:51:09+00:00","dateModified":"2026-01-31T13:46:57+00:00","breadcrumb":{"@id":"https:\/\/shop.petercernicka.eu\/shop\/dychova-hudba\/marika-gombitova-spravne-dievcata\/#breadcrumb"},"inLanguage":"de","potentialAction":[{"@type":"ReadAction","target":["https:\/\/shop.petercernicka.eu\/shop\/dychova-hudba\/marika-gombitova-spravne-dievcata\/"]}]},{"@type":"ImageObject","inLanguage":"de","@id":"https:\/\/shop.petercernicka.eu\/shop\/dychova-hudba\/marika-gombitova-spravne-dievcata\/#primaryimage","url":"https:\/\/shop.petercernicka.eu\/wp-content\/uploads\/2025\/11\/Marika-Gombitova-Spravne-dievcata-noty-pre-dychovku.jpeg","contentUrl":"https:\/\/shop.petercernicka.eu\/wp-content\/uploads\/2025\/11\/Marika-Gombitova-Spravne-dievcata-noty-pre-dychovku.jpeg","width":600,"height":597},{"@type":"BreadcrumbList","@id":"https:\/\/shop.petercernicka.eu\/shop\/dychova-hudba\/marika-gombitova-spravne-dievcata\/#breadcrumb","itemListElement":[{"@type":"ListItem","position":1,"name":"Home","item":"https:\/\/shop.petercernicka.eu\/"},{"@type":"ListItem","position":2,"name":"Produkty","item":"https:\/\/shop.petercernicka.eu\/obchod\/"},{"@type":"ListItem","position":3,"name":"Marika Gombitov\u00e1 &#8211; Spr\u00e1vne diev\u010dat\u00e1"}]},{"@type":"WebSite","@id":"https:\/\/shop.petercernicka.eu\/#website","url":"https:\/\/shop.petercernicka.eu\/","name":"Peter \u010cerni\u010dka | Noty | HUDOBN\u00c9 PODKLADY","description":"Volkslieder, Schlager, Tschechoslowakische Schlager, Zigeunerlieder, Evergreens, Weihnachtslieder","potentialAction":[{"@type":"SearchAction","target":{"@type":"EntryPoint","urlTemplate":"https:\/\/shop.petercernicka.eu\/?s={search_term_string}"},"query-input":{"@type":"PropertyValueSpecification","valueRequired":true,"valueName":"search_term_string"}}],"inLanguage":"de"}]}},"_links":{"self":[{"href":"https:\/\/shop.petercernicka.eu\/de\/wp-json\/wp\/v2\/product\/9480","targetHints":{"allow":["GET"]}}],"collection":[{"href":"https:\/\/shop.petercernicka.eu\/de\/wp-json\/wp\/v2\/product"}],"about":[{"href":"https:\/\/shop.petercernicka.eu\/de\/wp-json\/wp\/v2\/types\/product"}],"replies":[{"embeddable":true,"href":"https:\/\/shop.petercernicka.eu\/de\/wp-json\/wp\/v2\/comments?post=9480"}],"wp:featuredmedia":[{"embeddable":true,"href":"https:\/\/shop.petercernicka.eu\/de\/wp-json\/wp\/v2\/media\/9502"}],"wp:attachment":[{"href":"https:\/\/shop.petercernicka.eu\/de\/wp-json\/wp\/v2\/media?parent=9480"}],"wp:term":[{"taxonomy":"product_brand","embeddable":true,"href":"https:\/\/shop.petercernicka.eu\/de\/wp-json\/wp\/v2\/product_brand?post=9480"},{"taxonomy":"product_cat","embeddable":true,"href":"https:\/\/shop.petercernicka.eu\/de\/wp-json\/wp\/v2\/product_cat?post=9480"},{"taxonomy":"product_tag","embeddable":true,"href":"https:\/\/shop.petercernicka.eu\/de\/wp-json\/wp\/v2\/product_tag?post=9480"}],"curies":[{"name":"wp","href":"https:\/\/api.w.org\/{rel}","templated":true}]}}