{"id":9418,"date":"2025-06-30T15:51:08","date_gmt":"2025-06-30T13:51:08","guid":{"rendered":"https:\/\/shop.petercernicka.eu\/?post_type=product&#038;p=9418"},"modified":"2026-01-31T14:46:58","modified_gmt":"2026-01-31T13:46:58","slug":"technika-hry-na-trombon","status":"publish","type":"product","link":"https:\/\/shop.petercernicka.eu\/de\/shop\/online-kurzy\/technika-hry-na-trombon\/","title":{"rendered":"Technika hry na tromb\u00f3n"},"content":{"rendered":"<h2>O kurze<\/h2>\n<div>\n<ul>\n<li>Kontrola inton\u00e1cie<\/li>\n<li>Artikul\u00e1cia (legato, staccato, tenuto, at\u010f.)<\/li>\n<li>Rozsah n\u00e1stroja a roz\u0161irovanie registru<\/li>\n<li>Intervaly a ich precvi\u010dovanie<\/li>\n<li>Fr\u00e1zovanie a muzik\u00e1lny v\u00fdraz<\/li>\n<li>Zlo\u017eitej\u0161ie technick\u00e9 etudy<\/li>\n<li>Dvojit\u00e9 a trojit\u00e9 staccato<\/li>\n<li>N\u00e1cvik s\u00f3lov\u00fdch skladieb<br \/>\n<hr \/>\n<p>V mojom pokro\u010dilom hudobnom kurze sa nau\u010d\u00edte:<\/p>\n<ul>\n<li><strong>Kontrolu inton\u00e1cie<\/strong>: Zlep\u0161\u00edte svoju schopnos\u0165 presne ladi\u0165 a udr\u017ea\u0165 spr\u00e1vny t\u00f3n na v\u0161etk\u00fdch \u00farovniach.<\/li>\n<li><strong>Artikul\u00e1ciu<\/strong>: Zvl\u00e1dnete techniky ako legato, staccato, tenuto a \u010fal\u0161ie, aby ste dok\u00e1zali hudobne vyjadri\u0165 ka\u017ed\u00fd t\u00f3n.<\/li>\n<li><strong>Rozsah n\u00e1stroja a roz\u0161irovanie registra<\/strong>: Nau\u010d\u00edte sa efekt\u00edvne vyu\u017e\u00edva\u0165 cel\u00fd rozsah v\u00e1\u0161ho n\u00e1stroja.<\/li>\n<li><strong>Intervaly a ich precvi\u010dovanie<\/strong>: Posiln\u00edte svoje ch\u00e1panie intervalov a schopnosti hrania.<\/li>\n<li><strong>Fr\u00e1zovanie a v\u00fdraz<\/strong>: Nau\u010d\u00edte sa vytv\u00e1ra\u0165 hudobn\u00e9 fr\u00e1zy a vyjadri\u0165 em\u00f3cie prostredn\u00edctvom v\u00e1\u0161ho n\u00e1stroja.<\/li>\n<li><strong>Zlo\u017eitej\u0161ie technick\u00e9 etudy<\/strong>: Zlep\u0161\u00edte svoje technick\u00e9 schopnosti v\u010faka pokro\u010dil\u00fdm cvi\u010deniam.<\/li>\n<li><strong>Dvojit\u00e9 a trojit\u00e9 staccato<\/strong>: Osvoj\u00edte si pokro\u010dil\u00e9 techniky pre dynamick\u00fa hru.<\/li>\n<li><strong>N\u00e1cvik s\u00f3lov\u00fdch skladieb<\/strong>: Priprav\u00edte kompletn\u00e9 s\u00f3lov\u00e9 diela pre verejn\u00e9 vyst\u00fapenia.<\/li>\n<li><strong>Rie\u0161enie tr\u00e9my a budovanie sebavedomia<\/strong>: Nau\u010d\u00edte sa zvl\u00e1da\u0165 tr\u00e9mu a zv\u00fd\u0161ite svoje sebavedomie pre verejn\u00e9 vyst\u00fapenia.<\/li>\n<\/ul>\n<p>Tento kurz je navrhnut\u00fd tak, aby posunul va\u0161e hudobn\u00e9 schopnosti na vy\u0161\u0161iu \u00farove\u0148 prostredn\u00edctvom odborn\u00e9ho vedenia a praktick\u00e9ho cvi\u010denia.<\/p>\n<p><div style=\"width: 640px;\" class=\"wp-video\"><video class=\"wp-video-shortcode\" id=\"video-9418-1\" width=\"640\" height=\"360\" preload=\"metadata\" controls=\"controls\"><source type=\"video\/mp4\" src=\"https:\/\/shop.petercernicka.eu\/wp-content\/uploads\/2025\/06\/VID_20250515_175340.mp4?_=1\" \/><a href=\"https:\/\/shop.petercernicka.eu\/wp-content\/uploads\/2025\/06\/VID_20250515_175340.mp4\">https:\/\/shop.petercernicka.eu\/wp-content\/uploads\/2025\/06\/VID_20250515_175340.mp4<\/a><\/video><\/div><\/li>\n<\/ul>\n<\/div>","protected":false},"excerpt":{"rendered":"<h3>Vyu\u017eite predpredaj online kurzu za zv\u00fdhodnen\u00fa cenu.<br \/>\nSpr\u00edstupnenie kurzu k 1.8.2025<\/h3>\n<h3 class=\"tutor-course-details-widget-title tutor-fs-5 tutor-color-black tutor-fw-bold tutor-mb-16\">Cie\u013eov\u00e1 skupina<\/h3>\n<ul class=\"tutor-course-details-widget-list tutor-fs-6 tutor-color-black\">\n<li class=\"tutor-d-flex tutor-mb-12\">deti<\/li>\n<li class=\"tutor-d-flex tutor-mb-12\">ml\u00e1de\u017e<\/li>\n<li class=\"tutor-d-flex tutor-mb-12\">dospel\u00ed<\/li>\n<li class=\"tutor-d-flex tutor-mb-12\">seniori<\/li>\n<li class=\"tutor-d-flex tutor-mb-12\">\u017eiaci z\u00e1kladnej umeleckej \u0161koly<\/li>\n<\/ul>","protected":false},"featured_media":9410,"comment_status":"closed","ping_status":"closed","template":"","meta":{"om_disable_all_campaigns":false},"product_brand":[],"product_cat":[1206],"product_tag":[1205],"class_list":{"0":"post-9418","1":"product","2":"type-product","3":"status-publish","4":"has-post-thumbnail","6":"product_cat-online-kurzy","7":"product_tag-online-kurz","9":"first","10":"outofstock","11":"sale","12":"downloadable","13":"virtual","14":"taxable","15":"purchasable","16":"product-type-simple"},"yoast_head":"<!-- This site is optimized with the Yoast SEO plugin v27.5 - https:\/\/yoast.com\/product\/yoast-seo-wordpress\/ -->\n<title>Technika hry na tromb\u00f3n - Peter \u010cerni\u010dka | Noty | HUDOBN\u00c9 PODKLADY<\/title>\n<meta name=\"description\" content=\"V online kurze hry na tromb\u00f3n sa nau\u010d\u00edte z\u00e1klady hry a techniky. Osvoj\u00edte si techniku bzu\u010dania, ktor\u00e1 je d\u00f4le\u017eit\u00e1 pre tvorbu spr\u00e1vneho zvuku a t\u00f3nu. D\u00fdchanie: Osvoj\u00edte si spr\u00e1vne d\u00fdchacie techniky, ktor\u00e9 s\u00fa k\u013e\u00fa\u010dov\u00e9 pre dlh\u00e9 a stabiln\u00e9 t\u00f3ny.\" \/>\n<meta name=\"robots\" content=\"index, follow, max-snippet:-1, max-image-preview:large, max-video-preview:-1\" \/>\n<link rel=\"canonical\" href=\"https:\/\/shop.petercernicka.eu\/de\/shop\/online-kurzy\/technika-hry-na-trombon\/\" \/>\n<meta property=\"og:locale\" content=\"de_DE\" \/>\n<meta property=\"og:type\" content=\"article\" \/>\n<meta property=\"og:title\" content=\"Technika hry na tromb\u00f3n - Online kurz\" \/>\n<meta property=\"og:description\" content=\"V online kurze hry na tromb\u00f3n sa nau\u010d\u00edte pokro\u010dil\u00e9 techniky hry.\" \/>\n<meta property=\"og:url\" content=\"https:\/\/shop.petercernicka.eu\/de\/shop\/online-kurzy\/technika-hry-na-trombon\/\" \/>\n<meta property=\"og:site_name\" content=\"Peter \u010cerni\u010dka | Noty | HUDOBN\u00c9 PODKLADY\" \/>\n<meta property=\"article:publisher\" content=\"https:\/\/www.facebook.com\/petercernickanoty\" \/>\n<meta property=\"article:modified_time\" content=\"2026-01-31T13:46:58+00:00\" \/>\n<meta property=\"og:image\" content=\"https:\/\/shop.petercernicka.eu\/wp-content\/uploads\/2025\/06\/2.png\" \/>\n\t<meta property=\"og:image:width\" content=\"1080\" \/>\n\t<meta property=\"og:image:height\" content=\"1080\" \/>\n\t<meta property=\"og:image:type\" content=\"image\/png\" \/>\n<meta name=\"twitter:card\" content=\"summary_large_image\" \/>\n<meta name=\"twitter:label1\" content=\"Gesch\u00e4tzte Lesezeit\" \/>\n\t<meta name=\"twitter:data1\" content=\"1\u00a0Minute\" \/>\n<script type=\"application\/ld+json\" class=\"yoast-schema-graph\">{\"@context\":\"https:\\\/\\\/schema.org\",\"@graph\":[{\"@type\":\"WebPage\",\"@id\":\"https:\\\/\\\/shop.petercernicka.eu\\\/shop\\\/online-kurzy\\\/technika-hry-na-trombon\\\/\",\"url\":\"https:\\\/\\\/shop.petercernicka.eu\\\/shop\\\/online-kurzy\\\/technika-hry-na-trombon\\\/\",\"name\":\"Technika hry na tromb\u00f3n - Peter \u010cerni\u010dka | Noty | HUDOBN\u00c9 PODKLADY\",\"isPartOf\":{\"@id\":\"https:\\\/\\\/shop.petercernicka.eu\\\/#website\"},\"primaryImageOfPage\":{\"@id\":\"https:\\\/\\\/shop.petercernicka.eu\\\/shop\\\/online-kurzy\\\/technika-hry-na-trombon\\\/#primaryimage\"},\"image\":{\"@id\":\"https:\\\/\\\/shop.petercernicka.eu\\\/shop\\\/online-kurzy\\\/technika-hry-na-trombon\\\/#primaryimage\"},\"thumbnailUrl\":\"https:\\\/\\\/shop.petercernicka.eu\\\/wp-content\\\/uploads\\\/2025\\\/06\\\/2.png\",\"datePublished\":\"2025-06-30T13:51:08+00:00\",\"dateModified\":\"2026-01-31T13:46:58+00:00\",\"description\":\"V online kurze hry na tromb\u00f3n sa nau\u010d\u00edte z\u00e1klady hry a techniky. Osvoj\u00edte si techniku bzu\u010dania, ktor\u00e1 je d\u00f4le\u017eit\u00e1 pre tvorbu spr\u00e1vneho zvuku a t\u00f3nu. D\u00fdchanie: Osvoj\u00edte si spr\u00e1vne d\u00fdchacie techniky, ktor\u00e9 s\u00fa k\u013e\u00fa\u010dov\u00e9 pre dlh\u00e9 a stabiln\u00e9 t\u00f3ny.\",\"breadcrumb\":{\"@id\":\"https:\\\/\\\/shop.petercernicka.eu\\\/shop\\\/online-kurzy\\\/technika-hry-na-trombon\\\/#breadcrumb\"},\"inLanguage\":\"de\",\"potentialAction\":[{\"@type\":\"ReadAction\",\"target\":[\"https:\\\/\\\/shop.petercernicka.eu\\\/shop\\\/online-kurzy\\\/technika-hry-na-trombon\\\/\"]}]},{\"@type\":\"ImageObject\",\"inLanguage\":\"de\",\"@id\":\"https:\\\/\\\/shop.petercernicka.eu\\\/shop\\\/online-kurzy\\\/technika-hry-na-trombon\\\/#primaryimage\",\"url\":\"https:\\\/\\\/shop.petercernicka.eu\\\/wp-content\\\/uploads\\\/2025\\\/06\\\/2.png\",\"contentUrl\":\"https:\\\/\\\/shop.petercernicka.eu\\\/wp-content\\\/uploads\\\/2025\\\/06\\\/2.png\",\"width\":1080,\"height\":1080,\"caption\":\"online kurz hry na trombon\"},{\"@type\":\"BreadcrumbList\",\"@id\":\"https:\\\/\\\/shop.petercernicka.eu\\\/shop\\\/online-kurzy\\\/technika-hry-na-trombon\\\/#breadcrumb\",\"itemListElement\":[{\"@type\":\"ListItem\",\"position\":1,\"name\":\"Home\",\"item\":\"https:\\\/\\\/shop.petercernicka.eu\\\/\"},{\"@type\":\"ListItem\",\"position\":2,\"name\":\"Produkty\",\"item\":\"https:\\\/\\\/shop.petercernicka.eu\\\/obchod\\\/\"},{\"@type\":\"ListItem\",\"position\":3,\"name\":\"Technika hry na tromb\u00f3n\"}]},{\"@type\":\"WebSite\",\"@id\":\"https:\\\/\\\/shop.petercernicka.eu\\\/#website\",\"url\":\"https:\\\/\\\/shop.petercernicka.eu\\\/\",\"name\":\"Peter \u010cerni\u010dka | Noty | HUDOBN\u00c9 PODKLADY\",\"description\":\"\u013eudov\u00e9 piesne, popul\u00e1rne \u0161l\u00e1gre, \u010desko-slovensk\u00e9 hity, cig\u00e1nske piesne, ewergreeny, viano\u010dn\u00e9 koledy\",\"potentialAction\":[{\"@type\":\"SearchAction\",\"target\":{\"@type\":\"EntryPoint\",\"urlTemplate\":\"https:\\\/\\\/shop.petercernicka.eu\\\/?s={search_term_string}\"},\"query-input\":{\"@type\":\"PropertyValueSpecification\",\"valueRequired\":true,\"valueName\":\"search_term_string\"}}],\"inLanguage\":\"de\"}]}<\/script>\n<!-- \/ Yoast SEO plugin. -->","yoast_head_json":{"title":"Technika hry na tromb\u00f3n - Peter \u010cerni\u010dka | Noty | HUDOBN\u00c9 PODKLADY","description":"V online kurze hry na tromb\u00f3n sa nau\u010d\u00edte z\u00e1klady hry a techniky. Osvoj\u00edte si techniku bzu\u010dania, ktor\u00e1 je d\u00f4le\u017eit\u00e1 pre tvorbu spr\u00e1vneho zvuku a t\u00f3nu. D\u00fdchanie: Osvoj\u00edte si spr\u00e1vne d\u00fdchacie techniky, ktor\u00e9 s\u00fa k\u013e\u00fa\u010dov\u00e9 pre dlh\u00e9 a stabiln\u00e9 t\u00f3ny.","robots":{"index":"index","follow":"follow","max-snippet":"max-snippet:-1","max-image-preview":"max-image-preview:large","max-video-preview":"max-video-preview:-1"},"canonical":"https:\/\/shop.petercernicka.eu\/de\/shop\/online-kurzy\/technika-hry-na-trombon\/","og_locale":"de_DE","og_type":"article","og_title":"Technika hry na tromb\u00f3n - Online kurz","og_description":"V online kurze hry na tromb\u00f3n sa nau\u010d\u00edte pokro\u010dil\u00e9 techniky hry.","og_url":"https:\/\/shop.petercernicka.eu\/de\/shop\/online-kurzy\/technika-hry-na-trombon\/","og_site_name":"Peter \u010cerni\u010dka | Noty | HUDOBN\u00c9 PODKLADY","article_publisher":"https:\/\/www.facebook.com\/petercernickanoty","article_modified_time":"2026-01-31T13:46:58+00:00","og_image":[{"width":1080,"height":1080,"url":"https:\/\/shop.petercernicka.eu\/wp-content\/uploads\/2025\/06\/2.png","type":"image\/png"}],"twitter_card":"summary_large_image","twitter_misc":{"Gesch\u00e4tzte Lesezeit":"1\u00a0Minute"},"schema":{"@context":"https:\/\/schema.org","@graph":[{"@type":"WebPage","@id":"https:\/\/shop.petercernicka.eu\/shop\/online-kurzy\/technika-hry-na-trombon\/","url":"https:\/\/shop.petercernicka.eu\/shop\/online-kurzy\/technika-hry-na-trombon\/","name":"Technika hry na tromb\u00f3n - Peter \u010cerni\u010dka | Noty | HUDOBN\u00c9 PODKLADY","isPartOf":{"@id":"https:\/\/shop.petercernicka.eu\/#website"},"primaryImageOfPage":{"@id":"https:\/\/shop.petercernicka.eu\/shop\/online-kurzy\/technika-hry-na-trombon\/#primaryimage"},"image":{"@id":"https:\/\/shop.petercernicka.eu\/shop\/online-kurzy\/technika-hry-na-trombon\/#primaryimage"},"thumbnailUrl":"https:\/\/shop.petercernicka.eu\/wp-content\/uploads\/2025\/06\/2.png","datePublished":"2025-06-30T13:51:08+00:00","dateModified":"2026-01-31T13:46:58+00:00","description":"V online kurze hry na tromb\u00f3n sa nau\u010d\u00edte z\u00e1klady hry a techniky. Osvoj\u00edte si techniku bzu\u010dania, ktor\u00e1 je d\u00f4le\u017eit\u00e1 pre tvorbu spr\u00e1vneho zvuku a t\u00f3nu. D\u00fdchanie: Osvoj\u00edte si spr\u00e1vne d\u00fdchacie techniky, ktor\u00e9 s\u00fa k\u013e\u00fa\u010dov\u00e9 pre dlh\u00e9 a stabiln\u00e9 t\u00f3ny.","breadcrumb":{"@id":"https:\/\/shop.petercernicka.eu\/shop\/online-kurzy\/technika-hry-na-trombon\/#breadcrumb"},"inLanguage":"de","potentialAction":[{"@type":"ReadAction","target":["https:\/\/shop.petercernicka.eu\/shop\/online-kurzy\/technika-hry-na-trombon\/"]}]},{"@type":"ImageObject","inLanguage":"de","@id":"https:\/\/shop.petercernicka.eu\/shop\/online-kurzy\/technika-hry-na-trombon\/#primaryimage","url":"https:\/\/shop.petercernicka.eu\/wp-content\/uploads\/2025\/06\/2.png","contentUrl":"https:\/\/shop.petercernicka.eu\/wp-content\/uploads\/2025\/06\/2.png","width":1080,"height":1080,"caption":"online kurz hry na trombon"},{"@type":"BreadcrumbList","@id":"https:\/\/shop.petercernicka.eu\/shop\/online-kurzy\/technika-hry-na-trombon\/#breadcrumb","itemListElement":[{"@type":"ListItem","position":1,"name":"Home","item":"https:\/\/shop.petercernicka.eu\/"},{"@type":"ListItem","position":2,"name":"Produkty","item":"https:\/\/shop.petercernicka.eu\/obchod\/"},{"@type":"ListItem","position":3,"name":"Technika hry na tromb\u00f3n"}]},{"@type":"WebSite","@id":"https:\/\/shop.petercernicka.eu\/#website","url":"https:\/\/shop.petercernicka.eu\/","name":"Peter \u010cerni\u010dka | Noty | HUDOBN\u00c9 PODKLADY","description":"Volkslieder, Schlager, Tschechoslowakische Schlager, Zigeunerlieder, Evergreens, Weihnachtslieder","potentialAction":[{"@type":"SearchAction","target":{"@type":"EntryPoint","urlTemplate":"https:\/\/shop.petercernicka.eu\/?s={search_term_string}"},"query-input":{"@type":"PropertyValueSpecification","valueRequired":true,"valueName":"search_term_string"}}],"inLanguage":"de"}]}},"_links":{"self":[{"href":"https:\/\/shop.petercernicka.eu\/de\/wp-json\/wp\/v2\/product\/9418","targetHints":{"allow":["GET"]}}],"collection":[{"href":"https:\/\/shop.petercernicka.eu\/de\/wp-json\/wp\/v2\/product"}],"about":[{"href":"https:\/\/shop.petercernicka.eu\/de\/wp-json\/wp\/v2\/types\/product"}],"replies":[{"embeddable":true,"href":"https:\/\/shop.petercernicka.eu\/de\/wp-json\/wp\/v2\/comments?post=9418"}],"wp:featuredmedia":[{"embeddable":true,"href":"https:\/\/shop.petercernicka.eu\/de\/wp-json\/wp\/v2\/media\/9410"}],"wp:attachment":[{"href":"https:\/\/shop.petercernicka.eu\/de\/wp-json\/wp\/v2\/media?parent=9418"}],"wp:term":[{"taxonomy":"product_brand","embeddable":true,"href":"https:\/\/shop.petercernicka.eu\/de\/wp-json\/wp\/v2\/product_brand?post=9418"},{"taxonomy":"product_cat","embeddable":true,"href":"https:\/\/shop.petercernicka.eu\/de\/wp-json\/wp\/v2\/product_cat?post=9418"},{"taxonomy":"product_tag","embeddable":true,"href":"https:\/\/shop.petercernicka.eu\/de\/wp-json\/wp\/v2\/product_tag?post=9418"}],"curies":[{"name":"wp","href":"https:\/\/api.w.org\/{rel}","templated":true}]}}