{"id":9315,"date":"2025-05-13T11:38:04","date_gmt":"2025-05-13T09:38:04","guid":{"rendered":"https:\/\/shop.petercernicka.eu\/?post_type=product&#038;p=9315"},"modified":"2026-01-31T14:46:59","modified_gmt":"2026-01-31T13:46:59","slug":"adele-skyfall","status":"publish","type":"product","link":"https:\/\/shop.petercernicka.eu\/de\/shop\/hudobne-podklady\/zahranicne-oldies\/adele-skyfall\/","title":{"rendered":"Adele \u2013 Skyfall"},"content":{"rendered":"<p><span style=\"color: #000000;\">This is the end<\/span><br \/>\n<span style=\"color: #000000;\">Hold your breath and count to ten<\/span><br \/>\n<span style=\"color: #000000;\">Feel the Earth move and then<\/span><br \/>\n<span style=\"color: #000000;\">Hear my heart burst again<\/span><\/p>\n<p><span style=\"color: #000000;\">For this is the end<\/span><br \/>\n<span style=\"color: #000000;\">I&#8217;ve drowned and dreamt this moment<\/span><br \/>\n<span style=\"color: #000000;\">So overdue, I owe them<\/span><br \/>\n<span style=\"color: #000000;\">Swept away, I&#8217;m stolen<\/span><\/p>\n<p><span style=\"color: #000000;\">Let the sky fall<\/span><br \/>\n<span style=\"color: #000000;\">When it crumbles<\/span><br \/>\n<span style=\"color: #000000;\">We will stand tall<\/span><br \/>\n<span style=\"color: #000000;\">Face it all together<\/span><\/p>\n<p><span style=\"color: #000000;\">Let the sky fall<\/span><br \/>\n<span style=\"color: #000000;\">When it crumbles<\/span><br \/>\n<span style=\"color: #000000;\">We will stand tall<\/span><br \/>\n<span style=\"color: #000000;\">Face it all together<\/span><br \/>\n<span style=\"color: #000000;\">At Skyfall<\/span><br \/>\n<span style=\"color: #000000;\">At Skyfall<\/span><\/p>\n<p><span style=\"color: #000000;\">Skyfall is where we start<\/span><br \/>\n<span style=\"color: #000000;\">A thousand miles and poles apart<\/span><br \/>\n<span style=\"color: #000000;\">Where worlds collide and days are dark<\/span><br \/>\n<span style=\"color: #000000;\">You may have my number, you can take my name<\/span><br \/>\n<span style=\"color: #000000;\">But you&#8217;ll never have my heart<\/span><\/p>\n<p><span style=\"color: #000000;\">Let the sky fall (let she skyfall)<\/span><br \/>\n<span style=\"color: #000000;\">When it crumbles (when it crumbles)<\/span><br \/>\n<span style=\"color: #000000;\">We will stand tall (we will stand tall)<\/span><br \/>\n<span style=\"color: #000000;\">Face it all together<\/span><\/p>\n<p><span style=\"color: #000000;\">Let the sky fall (let the sky fall)<\/span><br \/>\n<span style=\"color: #000000;\">When it crumbles (when it crumbles)<\/span><br \/>\n<span style=\"color: #000000;\">We will stand tall (we will stand tall)<\/span><br \/>\n<span style=\"color: #000000;\">Face it all together<\/span><br \/>\n<span style=\"color: #000000;\">At Skyfall<\/span><\/p>\n<p><span style=\"color: #000000;\">(Let the sky fall)<\/span><br \/>\n<span style=\"color: #000000;\">(When it crumbles)<\/span><br \/>\n<span style=\"color: #000000;\">(We will stand tall)<\/span><\/p>\n<p><span style=\"color: #000000;\">(Let the sky fall)<\/span><br \/>\n<span style=\"color: #000000;\">(When it crumbles)<\/span><br \/>\n<span style=\"color: #000000;\">(We will stand tall)<\/span><\/p>\n<p><span style=\"color: #000000;\">Where you go, I go<\/span><br \/>\n<span style=\"color: #000000;\">What you see, I see<\/span><br \/>\n<span style=\"color: #000000;\">I know I&#8217;d never be me without the security<\/span><br \/>\n<span style=\"color: #000000;\">Of your loving arms keeping me from harm<\/span><br \/>\n<span style=\"color: #000000;\">Put your hand in my hand and we&#8217;ll stand<\/span><\/p>\n<p><span style=\"color: #000000;\">Let the sky fall (let the sky fall)<\/span><br \/>\n<span style=\"color: #000000;\">When it crumbles (when it crumbles)<\/span><br \/>\n<span style=\"color: #000000;\">We will stand tall (we will stand tall)<\/span><br \/>\n<span style=\"color: #000000;\">Face it all together<\/span><\/p>\n<p><span style=\"color: #000000;\">Let the sky fall (let the Skyfall)<\/span><br \/>\n<span style=\"color: #000000;\">When it crumbles (when it crumbles)<\/span><br \/>\n<span style=\"color: #000000;\">We will stand tall (we will stand tall)<\/span><br \/>\n<span style=\"color: #000000;\">Face it all together<\/span><br \/>\n<span style=\"color: #000000;\">At Skyfall<\/span><\/p>\n<p><span style=\"color: #000000;\">Let the sky fall<\/span><br \/>\n<span style=\"color: #000000;\">We will stand tall<\/span><br \/>\n<span style=\"color: #000000;\">At Skyfall<\/span><br \/>\n<span style=\"color: #000000;\">Ooh<\/span><\/p>","protected":false},"excerpt":{"rendered":"<p><audio class=\"wp-audio-shortcode\" id=\"audio-9315-1\" preload=\"none\" style=\"width: 100%;\" controls=\"controls\"><source type=\"audio\/mpeg\" src=\"https:\/\/shop.petercernicka.eu\/wp-content\/uploads\/2025\/05\/Adele-Skyfall-demo.mp3?_=1\" \/><a href=\"https:\/\/shop.petercernicka.eu\/wp-content\/uploads\/2025\/05\/Adele-Skyfall-demo.mp3\">https:\/\/shop.petercernicka.eu\/wp-content\/uploads\/2025\/05\/Adele-Skyfall-demo.mp3<\/a><\/audio><\/p>","protected":false},"featured_media":9316,"comment_status":"closed","ping_status":"closed","template":"","meta":{"om_disable_all_campaigns":false},"product_brand":[],"product_cat":[1160,1198],"product_tag":[1200],"class_list":{"0":"post-9315","1":"product","2":"type-product","3":"status-publish","4":"has-post-thumbnail","6":"product_cat-hudobne-podklady","7":"product_cat-zahranicne-oldies","8":"product_tag-adele","10":"first","11":"outofstock","12":"downloadable","13":"virtual","14":"taxable","15":"purchasable","16":"product-type-simple"},"yoast_head":"<!-- This site is optimized with the Yoast SEO plugin v27.4 - https:\/\/yoast.com\/product\/yoast-seo-wordpress\/ -->\n<title>Adele \u2013 Skyfall - hudobn\u00fd podklad mp3 - backing track<\/title>\n<meta name=\"robots\" content=\"index, follow, max-snippet:-1, max-image-preview:large, max-video-preview:-1\" \/>\n<link rel=\"canonical\" href=\"https:\/\/shop.petercernicka.eu\/de\/shop\/hudobne-podklady\/zahranicne-oldies\/adele-skyfall\/\" \/>\n<meta property=\"og:locale\" content=\"de_DE\" \/>\n<meta property=\"og:type\" content=\"article\" \/>\n<meta property=\"og:title\" content=\"Adele \u2013 Skyfall - hudobn\u00fd podklad mp3 - backing track\" \/>\n<meta property=\"og:url\" content=\"https:\/\/shop.petercernicka.eu\/de\/shop\/hudobne-podklady\/zahranicne-oldies\/adele-skyfall\/\" \/>\n<meta property=\"og:site_name\" content=\"Peter \u010cerni\u010dka | Noty | HUDOBN\u00c9 PODKLADY\" \/>\n<meta property=\"article:publisher\" content=\"https:\/\/www.facebook.com\/petercernickanoty\" \/>\n<meta property=\"article:modified_time\" content=\"2026-01-31T13:46:59+00:00\" \/>\n<meta property=\"og:image\" content=\"https:\/\/shop.petercernicka.eu\/wp-content\/uploads\/2025\/05\/Adele-Skyfall.jpg\" \/>\n\t<meta property=\"og:image:width\" content=\"500\" \/>\n\t<meta property=\"og:image:height\" content=\"500\" \/>\n\t<meta property=\"og:image:type\" content=\"image\/jpeg\" \/>\n<meta name=\"twitter:card\" content=\"summary_large_image\" \/>\n<meta name=\"twitter:description\" content=\"[audio mp3=&quot;https:\/\/shop.petercernicka.eu\/wp-content\/uploads\/2025\/05\/Adele-Skyfall-demo.mp3&quot;][\/audio]\" \/>\n<meta name=\"twitter:label1\" content=\"Gesch\u00e4tzte Lesezeit\" \/>\n\t<meta name=\"twitter:data1\" content=\"1\u00a0Minute\" \/>\n<script type=\"application\/ld+json\" class=\"yoast-schema-graph\">{\"@context\":\"https:\\\/\\\/schema.org\",\"@graph\":[{\"@type\":\"WebPage\",\"@id\":\"https:\\\/\\\/shop.petercernicka.eu\\\/shop\\\/hudobne-podklady\\\/zahranicne-oldies\\\/adele-skyfall\\\/\",\"url\":\"https:\\\/\\\/shop.petercernicka.eu\\\/shop\\\/hudobne-podklady\\\/zahranicne-oldies\\\/adele-skyfall\\\/\",\"name\":\"Adele \u2013 Skyfall - hudobn\u00fd podklad mp3 - backing track\",\"isPartOf\":{\"@id\":\"https:\\\/\\\/shop.petercernicka.eu\\\/#website\"},\"primaryImageOfPage\":{\"@id\":\"https:\\\/\\\/shop.petercernicka.eu\\\/shop\\\/hudobne-podklady\\\/zahranicne-oldies\\\/adele-skyfall\\\/#primaryimage\"},\"image\":{\"@id\":\"https:\\\/\\\/shop.petercernicka.eu\\\/shop\\\/hudobne-podklady\\\/zahranicne-oldies\\\/adele-skyfall\\\/#primaryimage\"},\"thumbnailUrl\":\"https:\\\/\\\/shop.petercernicka.eu\\\/wp-content\\\/uploads\\\/2025\\\/05\\\/Adele-Skyfall.jpg\",\"datePublished\":\"2025-05-13T09:38:04+00:00\",\"dateModified\":\"2026-01-31T13:46:59+00:00\",\"breadcrumb\":{\"@id\":\"https:\\\/\\\/shop.petercernicka.eu\\\/shop\\\/hudobne-podklady\\\/zahranicne-oldies\\\/adele-skyfall\\\/#breadcrumb\"},\"inLanguage\":\"de\",\"potentialAction\":[{\"@type\":\"ReadAction\",\"target\":[\"https:\\\/\\\/shop.petercernicka.eu\\\/shop\\\/hudobne-podklady\\\/zahranicne-oldies\\\/adele-skyfall\\\/\"]}]},{\"@type\":\"ImageObject\",\"inLanguage\":\"de\",\"@id\":\"https:\\\/\\\/shop.petercernicka.eu\\\/shop\\\/hudobne-podklady\\\/zahranicne-oldies\\\/adele-skyfall\\\/#primaryimage\",\"url\":\"https:\\\/\\\/shop.petercernicka.eu\\\/wp-content\\\/uploads\\\/2025\\\/05\\\/Adele-Skyfall.jpg\",\"contentUrl\":\"https:\\\/\\\/shop.petercernicka.eu\\\/wp-content\\\/uploads\\\/2025\\\/05\\\/Adele-Skyfall.jpg\",\"width\":500,\"height\":500},{\"@type\":\"BreadcrumbList\",\"@id\":\"https:\\\/\\\/shop.petercernicka.eu\\\/shop\\\/hudobne-podklady\\\/zahranicne-oldies\\\/adele-skyfall\\\/#breadcrumb\",\"itemListElement\":[{\"@type\":\"ListItem\",\"position\":1,\"name\":\"Home\",\"item\":\"https:\\\/\\\/shop.petercernicka.eu\\\/\"},{\"@type\":\"ListItem\",\"position\":2,\"name\":\"Produkty\",\"item\":\"https:\\\/\\\/shop.petercernicka.eu\\\/obchod\\\/\"},{\"@type\":\"ListItem\",\"position\":3,\"name\":\"Adele \u2013 Skyfall\"}]},{\"@type\":\"WebSite\",\"@id\":\"https:\\\/\\\/shop.petercernicka.eu\\\/#website\",\"url\":\"https:\\\/\\\/shop.petercernicka.eu\\\/\",\"name\":\"Peter \u010cerni\u010dka | Noty | HUDOBN\u00c9 PODKLADY\",\"description\":\"\u013eudov\u00e9 piesne, popul\u00e1rne \u0161l\u00e1gre, \u010desko-slovensk\u00e9 hity, cig\u00e1nske piesne, ewergreeny, viano\u010dn\u00e9 koledy\",\"potentialAction\":[{\"@type\":\"SearchAction\",\"target\":{\"@type\":\"EntryPoint\",\"urlTemplate\":\"https:\\\/\\\/shop.petercernicka.eu\\\/?s={search_term_string}\"},\"query-input\":{\"@type\":\"PropertyValueSpecification\",\"valueRequired\":true,\"valueName\":\"search_term_string\"}}],\"inLanguage\":\"de\"}]}<\/script>\n<!-- \/ Yoast SEO plugin. -->","yoast_head_json":{"title":"Adele \u2013 Skyfall - hudobn\u00fd podklad mp3 - backing track","robots":{"index":"index","follow":"follow","max-snippet":"max-snippet:-1","max-image-preview":"max-image-preview:large","max-video-preview":"max-video-preview:-1"},"canonical":"https:\/\/shop.petercernicka.eu\/de\/shop\/hudobne-podklady\/zahranicne-oldies\/adele-skyfall\/","og_locale":"de_DE","og_type":"article","og_title":"Adele \u2013 Skyfall - hudobn\u00fd podklad mp3 - backing track","og_url":"https:\/\/shop.petercernicka.eu\/de\/shop\/hudobne-podklady\/zahranicne-oldies\/adele-skyfall\/","og_site_name":"Peter \u010cerni\u010dka | Noty | HUDOBN\u00c9 PODKLADY","article_publisher":"https:\/\/www.facebook.com\/petercernickanoty","article_modified_time":"2026-01-31T13:46:59+00:00","og_image":[{"width":500,"height":500,"url":"https:\/\/shop.petercernicka.eu\/wp-content\/uploads\/2025\/05\/Adele-Skyfall.jpg","type":"image\/jpeg"}],"twitter_card":"summary_large_image","twitter_description":"[audio mp3=\"https:\/\/shop.petercernicka.eu\/wp-content\/uploads\/2025\/05\/Adele-Skyfall-demo.mp3\"][\/audio]","twitter_misc":{"Gesch\u00e4tzte Lesezeit":"1\u00a0Minute"},"schema":{"@context":"https:\/\/schema.org","@graph":[{"@type":"WebPage","@id":"https:\/\/shop.petercernicka.eu\/shop\/hudobne-podklady\/zahranicne-oldies\/adele-skyfall\/","url":"https:\/\/shop.petercernicka.eu\/shop\/hudobne-podklady\/zahranicne-oldies\/adele-skyfall\/","name":"Adele \u2013 Skyfall - hudobn\u00fd podklad mp3 - backing track","isPartOf":{"@id":"https:\/\/shop.petercernicka.eu\/#website"},"primaryImageOfPage":{"@id":"https:\/\/shop.petercernicka.eu\/shop\/hudobne-podklady\/zahranicne-oldies\/adele-skyfall\/#primaryimage"},"image":{"@id":"https:\/\/shop.petercernicka.eu\/shop\/hudobne-podklady\/zahranicne-oldies\/adele-skyfall\/#primaryimage"},"thumbnailUrl":"https:\/\/shop.petercernicka.eu\/wp-content\/uploads\/2025\/05\/Adele-Skyfall.jpg","datePublished":"2025-05-13T09:38:04+00:00","dateModified":"2026-01-31T13:46:59+00:00","breadcrumb":{"@id":"https:\/\/shop.petercernicka.eu\/shop\/hudobne-podklady\/zahranicne-oldies\/adele-skyfall\/#breadcrumb"},"inLanguage":"de","potentialAction":[{"@type":"ReadAction","target":["https:\/\/shop.petercernicka.eu\/shop\/hudobne-podklady\/zahranicne-oldies\/adele-skyfall\/"]}]},{"@type":"ImageObject","inLanguage":"de","@id":"https:\/\/shop.petercernicka.eu\/shop\/hudobne-podklady\/zahranicne-oldies\/adele-skyfall\/#primaryimage","url":"https:\/\/shop.petercernicka.eu\/wp-content\/uploads\/2025\/05\/Adele-Skyfall.jpg","contentUrl":"https:\/\/shop.petercernicka.eu\/wp-content\/uploads\/2025\/05\/Adele-Skyfall.jpg","width":500,"height":500},{"@type":"BreadcrumbList","@id":"https:\/\/shop.petercernicka.eu\/shop\/hudobne-podklady\/zahranicne-oldies\/adele-skyfall\/#breadcrumb","itemListElement":[{"@type":"ListItem","position":1,"name":"Home","item":"https:\/\/shop.petercernicka.eu\/"},{"@type":"ListItem","position":2,"name":"Produkty","item":"https:\/\/shop.petercernicka.eu\/obchod\/"},{"@type":"ListItem","position":3,"name":"Adele \u2013 Skyfall"}]},{"@type":"WebSite","@id":"https:\/\/shop.petercernicka.eu\/#website","url":"https:\/\/shop.petercernicka.eu\/","name":"Peter \u010cerni\u010dka | Noty | HUDOBN\u00c9 PODKLADY","description":"Volkslieder, Schlager, Tschechoslowakische Schlager, Zigeunerlieder, Evergreens, Weihnachtslieder","potentialAction":[{"@type":"SearchAction","target":{"@type":"EntryPoint","urlTemplate":"https:\/\/shop.petercernicka.eu\/?s={search_term_string}"},"query-input":{"@type":"PropertyValueSpecification","valueRequired":true,"valueName":"search_term_string"}}],"inLanguage":"de"}]}},"_links":{"self":[{"href":"https:\/\/shop.petercernicka.eu\/de\/wp-json\/wp\/v2\/product\/9315","targetHints":{"allow":["GET"]}}],"collection":[{"href":"https:\/\/shop.petercernicka.eu\/de\/wp-json\/wp\/v2\/product"}],"about":[{"href":"https:\/\/shop.petercernicka.eu\/de\/wp-json\/wp\/v2\/types\/product"}],"replies":[{"embeddable":true,"href":"https:\/\/shop.petercernicka.eu\/de\/wp-json\/wp\/v2\/comments?post=9315"}],"wp:featuredmedia":[{"embeddable":true,"href":"https:\/\/shop.petercernicka.eu\/de\/wp-json\/wp\/v2\/media\/9316"}],"wp:attachment":[{"href":"https:\/\/shop.petercernicka.eu\/de\/wp-json\/wp\/v2\/media?parent=9315"}],"wp:term":[{"taxonomy":"product_brand","embeddable":true,"href":"https:\/\/shop.petercernicka.eu\/de\/wp-json\/wp\/v2\/product_brand?post=9315"},{"taxonomy":"product_cat","embeddable":true,"href":"https:\/\/shop.petercernicka.eu\/de\/wp-json\/wp\/v2\/product_cat?post=9315"},{"taxonomy":"product_tag","embeddable":true,"href":"https:\/\/shop.petercernicka.eu\/de\/wp-json\/wp\/v2\/product_tag?post=9315"}],"curies":[{"name":"wp","href":"https:\/\/api.w.org\/{rel}","templated":true}]}}