{"id":9312,"date":"2025-05-13T11:26:03","date_gmt":"2025-05-13T09:26:03","guid":{"rendered":"https:\/\/shop.petercernicka.eu\/?post_type=product&#038;p=9312"},"modified":"2026-01-31T14:46:59","modified_gmt":"2026-01-31T13:46:59","slug":"jak-silna-mam-tu-stat-alzbeta-koleckarova","status":"publish","type":"product","link":"https:\/\/shop.petercernicka.eu\/de\/shop\/hudobne-podklady\/cesko-slovenske-hity\/jak-silna-mam-tu-stat-alzbeta-koleckarova\/","title":{"rendered":"Jak siln\u00e1 m\u00e1m tu st\u00e1t \u2013 Al\u017eb\u011bta Kole\u010dk\u00e1\u0159ov\u00e1"},"content":{"rendered":"<p><span style=\"color: #000000;\">Venku sv\u00e1d\u00ed \u010d\u00edsla chladnouc\u00ed<\/span><br \/>\n<span style=\"color: #000000;\">boje s hr\u00e1z\u00ed slib\u016f matouc\u00edch<\/span><br \/>\n<span style=\"color: #000000;\">Zlato, kles\u00e1\u0161 s unc\u00ed tonouc\u00ed<\/span><br \/>\n<span style=\"color: #000000;\">Jak siln\u00e1 m\u00e1m tu st\u00e1t<\/span><\/p>\n<p><span style=\"color: #000000;\">Za okny \u0159\u00e1d\u00ed hv\u011bzdn\u00fd disc jockey<\/span><br \/>\n<span style=\"color: #000000;\">Popou\u0161t\u00ed klidu nejsem na prodej<\/span><br \/>\n<span style=\"color: #000000;\">Nezbylo nic p\u00e1r ton\u016f te\u010f si hrej<\/span><br \/>\n<span style=\"color: #000000;\">Jak siln\u00e1 m\u00e1m tu st\u00e1t<\/span><\/p>\n<p><span style=\"color: #000000;\">Ref.: Z herce se st\u00e1v\u00e1 div\u00e1k plat\u00edc\u00ed<\/span><br \/>\n<span style=\"color: #000000;\">Ne\u017e bolest za\u010dne sama t\u00e1t<\/span><br \/>\n<span style=\"color: #000000;\">R\u00e1nu tvou pust\u00ed a pak ztr\u00e1c\u00ed c\u00edl<\/span><br \/>\n<span style=\"color: #000000;\">Jak siln\u00fd te\u010f kdo tu m\u016f\u017ee st\u00e1t<\/span><\/p>\n<p><span style=\"color: #000000;\">Slunce vyzve m\u011bs\u00edc kaj\u00edc\u00ed<\/span><br \/>\n<span style=\"color: #000000;\">Na souboj zp\u011bvem pt\u00e1k\u016f bol\u00edc\u00edm<\/span><br \/>\n<span style=\"color: #000000;\">Zakr\u00fdv\u00e1\u0161 srdce \u0161\u00e1lou ho\u0159\u00edc\u00ed<\/span><br \/>\n<span style=\"color: #000000;\">jak siln\u00e1 m\u00e1m tu st\u00e1t<\/span><\/p>\n<p><span style=\"color: #000000;\">Ref.<\/span><\/p>\n<p><span style=\"color: #000000;\">Tam venku sv\u00e1d\u00ed \u010d\u00edsla chladnouc\u00ed<\/span><br \/>\n<span style=\"color: #000000;\">V s\u00e1lav\u00e9m boji p\u00e1dy matouc\u00ed<\/span><br \/>\n<span style=\"color: #000000;\">M\u00e9 zlato ztr\u00e1c\u00ed\u0161 v\u00e1hu po unc\u00edch<\/span><br \/>\n<span style=\"color: #000000;\">Jak siln\u00e1 m\u00e1m tu st\u00e1t<\/span><\/p>\n<p><span style=\"color: #000000;\">Co v\u00edc se m\u016f\u017ee st\u00e1t<\/span><\/p>","protected":false},"excerpt":{"rendered":"<p><audio class=\"wp-audio-shortcode\" id=\"audio-9312-1\" preload=\"none\" style=\"width: 100%;\" controls=\"controls\"><source type=\"audio\/mpeg\" src=\"https:\/\/shop.petercernicka.eu\/wp-content\/uploads\/2025\/05\/Alzbeta-Koleckarova-Jak-silna-mam-tu-stat-demo.mp3?_=1\" \/><a href=\"https:\/\/shop.petercernicka.eu\/wp-content\/uploads\/2025\/05\/Alzbeta-Koleckarova-Jak-silna-mam-tu-stat-demo.mp3\">https:\/\/shop.petercernicka.eu\/wp-content\/uploads\/2025\/05\/Alzbeta-Koleckarova-Jak-silna-mam-tu-stat-demo.mp3<\/a><\/audio><\/p>","protected":false},"featured_media":9313,"comment_status":"closed","ping_status":"closed","template":"","meta":{"om_disable_all_campaigns":false},"product_brand":[],"product_cat":[1165,1160,1198],"product_tag":[1199],"class_list":{"0":"post-9312","1":"product","2":"type-product","3":"status-publish","4":"has-post-thumbnail","6":"product_cat-cesko-slovenske-hity","7":"product_cat-hudobne-podklady","8":"product_cat-zahranicne-oldies","9":"product_tag-aneta-langerova","11":"first","12":"outofstock","13":"downloadable","14":"virtual","15":"taxable","16":"purchasable","17":"product-type-simple"},"yoast_head":"<!-- This site is optimized with the Yoast SEO plugin v27.4 - https:\/\/yoast.com\/product\/yoast-seo-wordpress\/ -->\n<title>Jak siln\u00e1 m\u00e1m tu st\u00e1t \u2013 Al\u017eb\u011bta Kole\u010dk\u00e1\u0159ov\u00e1 - Peter \u010cerni\u010dka | Noty | HUDOBN\u00c9 PODKLADY<\/title>\n<meta name=\"robots\" content=\"index, follow, max-snippet:-1, max-image-preview:large, max-video-preview:-1\" \/>\n<link rel=\"canonical\" href=\"https:\/\/shop.petercernicka.eu\/de\/shop\/hudobne-podklady\/cesko-slovenske-hity\/jak-silna-mam-tu-stat-alzbeta-koleckarova\/\" \/>\n<meta property=\"og:locale\" content=\"de_DE\" \/>\n<meta property=\"og:type\" content=\"article\" \/>\n<meta property=\"og:title\" content=\"Jak siln\u00e1 m\u00e1m tu st\u00e1t \u2013 Al\u017eb\u011bta Kole\u010dk\u00e1\u0159ov\u00e1 - hudobn\u00fd podklad MP3\" \/>\n<meta property=\"og:url\" content=\"https:\/\/shop.petercernicka.eu\/de\/shop\/hudobne-podklady\/cesko-slovenske-hity\/jak-silna-mam-tu-stat-alzbeta-koleckarova\/\" \/>\n<meta property=\"og:site_name\" content=\"Peter \u010cerni\u010dka | Noty | HUDOBN\u00c9 PODKLADY\" \/>\n<meta property=\"article:publisher\" content=\"https:\/\/www.facebook.com\/petercernickanoty\" \/>\n<meta property=\"article:modified_time\" content=\"2026-01-31T13:46:59+00:00\" \/>\n<meta property=\"og:image\" content=\"https:\/\/shop.petercernicka.eu\/wp-content\/uploads\/2025\/05\/Jak-silna-mam-tu-stat.jpg\" \/>\n\t<meta property=\"og:image:width\" content=\"400\" \/>\n\t<meta property=\"og:image:height\" content=\"400\" \/>\n\t<meta property=\"og:image:type\" content=\"image\/jpeg\" \/>\n<meta name=\"twitter:card\" content=\"summary_large_image\" \/>\n<meta name=\"twitter:description\" content=\"[audio mp3=&quot;https:\/\/shop.petercernicka.eu\/wp-content\/uploads\/2025\/05\/Alzbeta-Koleckarova-Jak-silna-mam-tu-stat-demo.mp3&quot;][\/audio]\" \/>\n<meta name=\"twitter:label1\" content=\"Gesch\u00e4tzte Lesezeit\" \/>\n\t<meta name=\"twitter:data1\" content=\"1\u00a0Minute\" \/>\n<script type=\"application\/ld+json\" class=\"yoast-schema-graph\">{\"@context\":\"https:\\\/\\\/schema.org\",\"@graph\":[{\"@type\":\"WebPage\",\"@id\":\"https:\\\/\\\/shop.petercernicka.eu\\\/shop\\\/hudobne-podklady\\\/cesko-slovenske-hity\\\/jak-silna-mam-tu-stat-alzbeta-koleckarova\\\/\",\"url\":\"https:\\\/\\\/shop.petercernicka.eu\\\/shop\\\/hudobne-podklady\\\/cesko-slovenske-hity\\\/jak-silna-mam-tu-stat-alzbeta-koleckarova\\\/\",\"name\":\"Jak siln\u00e1 m\u00e1m tu st\u00e1t \u2013 Al\u017eb\u011bta Kole\u010dk\u00e1\u0159ov\u00e1 - Peter \u010cerni\u010dka | Noty | HUDOBN\u00c9 PODKLADY\",\"isPartOf\":{\"@id\":\"https:\\\/\\\/shop.petercernicka.eu\\\/#website\"},\"primaryImageOfPage\":{\"@id\":\"https:\\\/\\\/shop.petercernicka.eu\\\/shop\\\/hudobne-podklady\\\/cesko-slovenske-hity\\\/jak-silna-mam-tu-stat-alzbeta-koleckarova\\\/#primaryimage\"},\"image\":{\"@id\":\"https:\\\/\\\/shop.petercernicka.eu\\\/shop\\\/hudobne-podklady\\\/cesko-slovenske-hity\\\/jak-silna-mam-tu-stat-alzbeta-koleckarova\\\/#primaryimage\"},\"thumbnailUrl\":\"https:\\\/\\\/shop.petercernicka.eu\\\/wp-content\\\/uploads\\\/2025\\\/05\\\/Jak-silna-mam-tu-stat.jpg\",\"datePublished\":\"2025-05-13T09:26:03+00:00\",\"dateModified\":\"2026-01-31T13:46:59+00:00\",\"breadcrumb\":{\"@id\":\"https:\\\/\\\/shop.petercernicka.eu\\\/shop\\\/hudobne-podklady\\\/cesko-slovenske-hity\\\/jak-silna-mam-tu-stat-alzbeta-koleckarova\\\/#breadcrumb\"},\"inLanguage\":\"de\",\"potentialAction\":[{\"@type\":\"ReadAction\",\"target\":[\"https:\\\/\\\/shop.petercernicka.eu\\\/shop\\\/hudobne-podklady\\\/cesko-slovenske-hity\\\/jak-silna-mam-tu-stat-alzbeta-koleckarova\\\/\"]}]},{\"@type\":\"ImageObject\",\"inLanguage\":\"de\",\"@id\":\"https:\\\/\\\/shop.petercernicka.eu\\\/shop\\\/hudobne-podklady\\\/cesko-slovenske-hity\\\/jak-silna-mam-tu-stat-alzbeta-koleckarova\\\/#primaryimage\",\"url\":\"https:\\\/\\\/shop.petercernicka.eu\\\/wp-content\\\/uploads\\\/2025\\\/05\\\/Jak-silna-mam-tu-stat.jpg\",\"contentUrl\":\"https:\\\/\\\/shop.petercernicka.eu\\\/wp-content\\\/uploads\\\/2025\\\/05\\\/Jak-silna-mam-tu-stat.jpg\",\"width\":400,\"height\":400,\"caption\":\"hudobny podklad mp3\"},{\"@type\":\"BreadcrumbList\",\"@id\":\"https:\\\/\\\/shop.petercernicka.eu\\\/shop\\\/hudobne-podklady\\\/cesko-slovenske-hity\\\/jak-silna-mam-tu-stat-alzbeta-koleckarova\\\/#breadcrumb\",\"itemListElement\":[{\"@type\":\"ListItem\",\"position\":1,\"name\":\"Home\",\"item\":\"https:\\\/\\\/shop.petercernicka.eu\\\/\"},{\"@type\":\"ListItem\",\"position\":2,\"name\":\"Produkty\",\"item\":\"https:\\\/\\\/shop.petercernicka.eu\\\/obchod\\\/\"},{\"@type\":\"ListItem\",\"position\":3,\"name\":\"Jak siln\u00e1 m\u00e1m tu st\u00e1t \u2013 Al\u017eb\u011bta Kole\u010dk\u00e1\u0159ov\u00e1\"}]},{\"@type\":\"WebSite\",\"@id\":\"https:\\\/\\\/shop.petercernicka.eu\\\/#website\",\"url\":\"https:\\\/\\\/shop.petercernicka.eu\\\/\",\"name\":\"Peter \u010cerni\u010dka | Noty | HUDOBN\u00c9 PODKLADY\",\"description\":\"\u013eudov\u00e9 piesne, popul\u00e1rne \u0161l\u00e1gre, \u010desko-slovensk\u00e9 hity, cig\u00e1nske piesne, ewergreeny, viano\u010dn\u00e9 koledy\",\"potentialAction\":[{\"@type\":\"SearchAction\",\"target\":{\"@type\":\"EntryPoint\",\"urlTemplate\":\"https:\\\/\\\/shop.petercernicka.eu\\\/?s={search_term_string}\"},\"query-input\":{\"@type\":\"PropertyValueSpecification\",\"valueRequired\":true,\"valueName\":\"search_term_string\"}}],\"inLanguage\":\"de\"}]}<\/script>\n<!-- \/ Yoast SEO plugin. -->","yoast_head_json":{"title":"Jak siln\u00e1 m\u00e1m tu st\u00e1t \u2013 Al\u017eb\u011bta Kole\u010dk\u00e1\u0159ov\u00e1 - Peter \u010cerni\u010dka | Noty | HUDOBN\u00c9 PODKLADY","robots":{"index":"index","follow":"follow","max-snippet":"max-snippet:-1","max-image-preview":"max-image-preview:large","max-video-preview":"max-video-preview:-1"},"canonical":"https:\/\/shop.petercernicka.eu\/de\/shop\/hudobne-podklady\/cesko-slovenske-hity\/jak-silna-mam-tu-stat-alzbeta-koleckarova\/","og_locale":"de_DE","og_type":"article","og_title":"Jak siln\u00e1 m\u00e1m tu st\u00e1t \u2013 Al\u017eb\u011bta Kole\u010dk\u00e1\u0159ov\u00e1 - hudobn\u00fd podklad MP3","og_url":"https:\/\/shop.petercernicka.eu\/de\/shop\/hudobne-podklady\/cesko-slovenske-hity\/jak-silna-mam-tu-stat-alzbeta-koleckarova\/","og_site_name":"Peter \u010cerni\u010dka | Noty | HUDOBN\u00c9 PODKLADY","article_publisher":"https:\/\/www.facebook.com\/petercernickanoty","article_modified_time":"2026-01-31T13:46:59+00:00","og_image":[{"width":400,"height":400,"url":"https:\/\/shop.petercernicka.eu\/wp-content\/uploads\/2025\/05\/Jak-silna-mam-tu-stat.jpg","type":"image\/jpeg"}],"twitter_card":"summary_large_image","twitter_description":"[audio mp3=\"https:\/\/shop.petercernicka.eu\/wp-content\/uploads\/2025\/05\/Alzbeta-Koleckarova-Jak-silna-mam-tu-stat-demo.mp3\"][\/audio]","twitter_misc":{"Gesch\u00e4tzte Lesezeit":"1\u00a0Minute"},"schema":{"@context":"https:\/\/schema.org","@graph":[{"@type":"WebPage","@id":"https:\/\/shop.petercernicka.eu\/shop\/hudobne-podklady\/cesko-slovenske-hity\/jak-silna-mam-tu-stat-alzbeta-koleckarova\/","url":"https:\/\/shop.petercernicka.eu\/shop\/hudobne-podklady\/cesko-slovenske-hity\/jak-silna-mam-tu-stat-alzbeta-koleckarova\/","name":"Jak siln\u00e1 m\u00e1m tu st\u00e1t \u2013 Al\u017eb\u011bta Kole\u010dk\u00e1\u0159ov\u00e1 - Peter \u010cerni\u010dka | Noty | HUDOBN\u00c9 PODKLADY","isPartOf":{"@id":"https:\/\/shop.petercernicka.eu\/#website"},"primaryImageOfPage":{"@id":"https:\/\/shop.petercernicka.eu\/shop\/hudobne-podklady\/cesko-slovenske-hity\/jak-silna-mam-tu-stat-alzbeta-koleckarova\/#primaryimage"},"image":{"@id":"https:\/\/shop.petercernicka.eu\/shop\/hudobne-podklady\/cesko-slovenske-hity\/jak-silna-mam-tu-stat-alzbeta-koleckarova\/#primaryimage"},"thumbnailUrl":"https:\/\/shop.petercernicka.eu\/wp-content\/uploads\/2025\/05\/Jak-silna-mam-tu-stat.jpg","datePublished":"2025-05-13T09:26:03+00:00","dateModified":"2026-01-31T13:46:59+00:00","breadcrumb":{"@id":"https:\/\/shop.petercernicka.eu\/shop\/hudobne-podklady\/cesko-slovenske-hity\/jak-silna-mam-tu-stat-alzbeta-koleckarova\/#breadcrumb"},"inLanguage":"de","potentialAction":[{"@type":"ReadAction","target":["https:\/\/shop.petercernicka.eu\/shop\/hudobne-podklady\/cesko-slovenske-hity\/jak-silna-mam-tu-stat-alzbeta-koleckarova\/"]}]},{"@type":"ImageObject","inLanguage":"de","@id":"https:\/\/shop.petercernicka.eu\/shop\/hudobne-podklady\/cesko-slovenske-hity\/jak-silna-mam-tu-stat-alzbeta-koleckarova\/#primaryimage","url":"https:\/\/shop.petercernicka.eu\/wp-content\/uploads\/2025\/05\/Jak-silna-mam-tu-stat.jpg","contentUrl":"https:\/\/shop.petercernicka.eu\/wp-content\/uploads\/2025\/05\/Jak-silna-mam-tu-stat.jpg","width":400,"height":400,"caption":"hudobny podklad mp3"},{"@type":"BreadcrumbList","@id":"https:\/\/shop.petercernicka.eu\/shop\/hudobne-podklady\/cesko-slovenske-hity\/jak-silna-mam-tu-stat-alzbeta-koleckarova\/#breadcrumb","itemListElement":[{"@type":"ListItem","position":1,"name":"Home","item":"https:\/\/shop.petercernicka.eu\/"},{"@type":"ListItem","position":2,"name":"Produkty","item":"https:\/\/shop.petercernicka.eu\/obchod\/"},{"@type":"ListItem","position":3,"name":"Jak siln\u00e1 m\u00e1m tu st\u00e1t \u2013 Al\u017eb\u011bta Kole\u010dk\u00e1\u0159ov\u00e1"}]},{"@type":"WebSite","@id":"https:\/\/shop.petercernicka.eu\/#website","url":"https:\/\/shop.petercernicka.eu\/","name":"Peter \u010cerni\u010dka | Noty | HUDOBN\u00c9 PODKLADY","description":"Volkslieder, Schlager, Tschechoslowakische Schlager, Zigeunerlieder, Evergreens, Weihnachtslieder","potentialAction":[{"@type":"SearchAction","target":{"@type":"EntryPoint","urlTemplate":"https:\/\/shop.petercernicka.eu\/?s={search_term_string}"},"query-input":{"@type":"PropertyValueSpecification","valueRequired":true,"valueName":"search_term_string"}}],"inLanguage":"de"}]}},"_links":{"self":[{"href":"https:\/\/shop.petercernicka.eu\/de\/wp-json\/wp\/v2\/product\/9312","targetHints":{"allow":["GET"]}}],"collection":[{"href":"https:\/\/shop.petercernicka.eu\/de\/wp-json\/wp\/v2\/product"}],"about":[{"href":"https:\/\/shop.petercernicka.eu\/de\/wp-json\/wp\/v2\/types\/product"}],"replies":[{"embeddable":true,"href":"https:\/\/shop.petercernicka.eu\/de\/wp-json\/wp\/v2\/comments?post=9312"}],"wp:featuredmedia":[{"embeddable":true,"href":"https:\/\/shop.petercernicka.eu\/de\/wp-json\/wp\/v2\/media\/9313"}],"wp:attachment":[{"href":"https:\/\/shop.petercernicka.eu\/de\/wp-json\/wp\/v2\/media?parent=9312"}],"wp:term":[{"taxonomy":"product_brand","embeddable":true,"href":"https:\/\/shop.petercernicka.eu\/de\/wp-json\/wp\/v2\/product_brand?post=9312"},{"taxonomy":"product_cat","embeddable":true,"href":"https:\/\/shop.petercernicka.eu\/de\/wp-json\/wp\/v2\/product_cat?post=9312"},{"taxonomy":"product_tag","embeddable":true,"href":"https:\/\/shop.petercernicka.eu\/de\/wp-json\/wp\/v2\/product_tag?post=9312"}],"curies":[{"name":"wp","href":"https:\/\/api.w.org\/{rel}","templated":true}]}}