{"id":9309,"date":"2025-05-13T11:25:40","date_gmt":"2025-05-13T09:25:40","guid":{"rendered":"https:\/\/shop.petercernicka.eu\/?post_type=product&#038;p=9309"},"modified":"2026-01-31T14:47:00","modified_gmt":"2026-01-31T13:47:00","slug":"aneta-langerova-jak-silna-mam-tu-stat","status":"publish","type":"product","link":"https:\/\/shop.petercernicka.eu\/de\/shop\/hudobne-podklady\/cesko-slovenske-hity\/aneta-langerova-jak-silna-mam-tu-stat\/","title":{"rendered":"Aneta Langerova \u2013 Jak siln\u00e1 m\u00e1m tu st\u00e1t"},"content":{"rendered":"","protected":false},"excerpt":{"rendered":"<p><audio class=\"wp-audio-shortcode\" id=\"audio-9309-1\" preload=\"none\" style=\"width: 100%;\" controls=\"controls\"><source type=\"audio\/mpeg\" src=\"https:\/\/shop.petercernicka.eu\/wp-content\/uploads\/2025\/05\/Aneta-Langerova-Jak-silna-mam-tu-stat-demo.mp3?_=1\" \/><a href=\"https:\/\/shop.petercernicka.eu\/wp-content\/uploads\/2025\/05\/Aneta-Langerova-Jak-silna-mam-tu-stat-demo.mp3\">https:\/\/shop.petercernicka.eu\/wp-content\/uploads\/2025\/05\/Aneta-Langerova-Jak-silna-mam-tu-stat-demo.mp3<\/a><\/audio><\/p>","protected":false},"featured_media":9310,"comment_status":"closed","ping_status":"closed","template":"","meta":{"om_disable_all_campaigns":false},"product_brand":[],"product_cat":[1165,1160,1198],"product_tag":[1199],"class_list":{"0":"post-9309","1":"product","2":"type-product","3":"status-publish","4":"has-post-thumbnail","6":"product_cat-cesko-slovenske-hity","7":"product_cat-hudobne-podklady","8":"product_cat-zahranicne-oldies","9":"product_tag-aneta-langerova","11":"first","12":"outofstock","13":"downloadable","14":"virtual","15":"taxable","16":"purchasable","17":"product-type-simple"},"yoast_head":"<!-- This site is optimized with the Yoast SEO plugin v27.4 - https:\/\/yoast.com\/product\/yoast-seo-wordpress\/ -->\n<title>Aneta Langerova \u2013 Jak siln\u00e1 m\u00e1m tu st\u00e1t - Peter \u010cerni\u010dka | Noty | HUDOBN\u00c9 PODKLADY<\/title>\n<meta name=\"robots\" content=\"index, follow, max-snippet:-1, max-image-preview:large, max-video-preview:-1\" \/>\n<link rel=\"canonical\" href=\"https:\/\/shop.petercernicka.eu\/de\/shop\/hudobne-podklady\/cesko-slovenske-hity\/aneta-langerova-jak-silna-mam-tu-stat\/\" \/>\n<meta property=\"og:locale\" content=\"de_DE\" \/>\n<meta property=\"og:type\" content=\"article\" \/>\n<meta property=\"og:title\" content=\"Aneta Langerova \u2013 Jak siln\u00e1 m\u00e1m tu st\u00e1t - hudobn\u00fd podklad mp3\" \/>\n<meta property=\"og:url\" content=\"https:\/\/shop.petercernicka.eu\/de\/shop\/hudobne-podklady\/cesko-slovenske-hity\/aneta-langerova-jak-silna-mam-tu-stat\/\" \/>\n<meta property=\"og:site_name\" content=\"Peter \u010cerni\u010dka | Noty | HUDOBN\u00c9 PODKLADY\" \/>\n<meta property=\"article:publisher\" content=\"https:\/\/www.facebook.com\/petercernickanoty\" \/>\n<meta property=\"article:modified_time\" content=\"2026-01-31T13:47:00+00:00\" \/>\n<meta property=\"og:image\" content=\"https:\/\/shop.petercernicka.eu\/wp-content\/uploads\/2025\/05\/aneta-langerova-2015.jpg\" \/>\n\t<meta property=\"og:image:width\" content=\"617\" \/>\n\t<meta property=\"og:image:height\" content=\"823\" \/>\n\t<meta property=\"og:image:type\" content=\"image\/jpeg\" \/>\n<meta name=\"twitter:card\" content=\"summary_large_image\" \/>\n<meta name=\"twitter:description\" content=\"[audio mp3=&quot;https:\/\/shop.petercernicka.eu\/wp-content\/uploads\/2025\/05\/Aneta-Langerova-Jak-silna-mam-tu-stat-demo.mp3&quot;][\/audio]\" \/>\n<script type=\"application\/ld+json\" class=\"yoast-schema-graph\">{\"@context\":\"https:\\\/\\\/schema.org\",\"@graph\":[{\"@type\":\"WebPage\",\"@id\":\"https:\\\/\\\/shop.petercernicka.eu\\\/shop\\\/hudobne-podklady\\\/cesko-slovenske-hity\\\/aneta-langerova-jak-silna-mam-tu-stat\\\/\",\"url\":\"https:\\\/\\\/shop.petercernicka.eu\\\/shop\\\/hudobne-podklady\\\/cesko-slovenske-hity\\\/aneta-langerova-jak-silna-mam-tu-stat\\\/\",\"name\":\"Aneta Langerova \u2013 Jak siln\u00e1 m\u00e1m tu st\u00e1t - Peter \u010cerni\u010dka | Noty | HUDOBN\u00c9 PODKLADY\",\"isPartOf\":{\"@id\":\"https:\\\/\\\/shop.petercernicka.eu\\\/#website\"},\"primaryImageOfPage\":{\"@id\":\"https:\\\/\\\/shop.petercernicka.eu\\\/shop\\\/hudobne-podklady\\\/cesko-slovenske-hity\\\/aneta-langerova-jak-silna-mam-tu-stat\\\/#primaryimage\"},\"image\":{\"@id\":\"https:\\\/\\\/shop.petercernicka.eu\\\/shop\\\/hudobne-podklady\\\/cesko-slovenske-hity\\\/aneta-langerova-jak-silna-mam-tu-stat\\\/#primaryimage\"},\"thumbnailUrl\":\"https:\\\/\\\/shop.petercernicka.eu\\\/wp-content\\\/uploads\\\/2025\\\/05\\\/aneta-langerova-2015.jpg\",\"datePublished\":\"2025-05-13T09:25:40+00:00\",\"dateModified\":\"2026-01-31T13:47:00+00:00\",\"breadcrumb\":{\"@id\":\"https:\\\/\\\/shop.petercernicka.eu\\\/shop\\\/hudobne-podklady\\\/cesko-slovenske-hity\\\/aneta-langerova-jak-silna-mam-tu-stat\\\/#breadcrumb\"},\"inLanguage\":\"de\",\"potentialAction\":[{\"@type\":\"ReadAction\",\"target\":[\"https:\\\/\\\/shop.petercernicka.eu\\\/shop\\\/hudobne-podklady\\\/cesko-slovenske-hity\\\/aneta-langerova-jak-silna-mam-tu-stat\\\/\"]}]},{\"@type\":\"ImageObject\",\"inLanguage\":\"de\",\"@id\":\"https:\\\/\\\/shop.petercernicka.eu\\\/shop\\\/hudobne-podklady\\\/cesko-slovenske-hity\\\/aneta-langerova-jak-silna-mam-tu-stat\\\/#primaryimage\",\"url\":\"https:\\\/\\\/shop.petercernicka.eu\\\/wp-content\\\/uploads\\\/2025\\\/05\\\/aneta-langerova-2015.jpg\",\"contentUrl\":\"https:\\\/\\\/shop.petercernicka.eu\\\/wp-content\\\/uploads\\\/2025\\\/05\\\/aneta-langerova-2015.jpg\",\"width\":617,\"height\":823},{\"@type\":\"BreadcrumbList\",\"@id\":\"https:\\\/\\\/shop.petercernicka.eu\\\/shop\\\/hudobne-podklady\\\/cesko-slovenske-hity\\\/aneta-langerova-jak-silna-mam-tu-stat\\\/#breadcrumb\",\"itemListElement\":[{\"@type\":\"ListItem\",\"position\":1,\"name\":\"Home\",\"item\":\"https:\\\/\\\/shop.petercernicka.eu\\\/\"},{\"@type\":\"ListItem\",\"position\":2,\"name\":\"Produkty\",\"item\":\"https:\\\/\\\/shop.petercernicka.eu\\\/obchod\\\/\"},{\"@type\":\"ListItem\",\"position\":3,\"name\":\"Aneta Langerova \u2013 Jak siln\u00e1 m\u00e1m tu st\u00e1t\"}]},{\"@type\":\"WebSite\",\"@id\":\"https:\\\/\\\/shop.petercernicka.eu\\\/#website\",\"url\":\"https:\\\/\\\/shop.petercernicka.eu\\\/\",\"name\":\"Peter \u010cerni\u010dka | Noty | HUDOBN\u00c9 PODKLADY\",\"description\":\"\u013eudov\u00e9 piesne, popul\u00e1rne \u0161l\u00e1gre, \u010desko-slovensk\u00e9 hity, cig\u00e1nske piesne, ewergreeny, viano\u010dn\u00e9 koledy\",\"potentialAction\":[{\"@type\":\"SearchAction\",\"target\":{\"@type\":\"EntryPoint\",\"urlTemplate\":\"https:\\\/\\\/shop.petercernicka.eu\\\/?s={search_term_string}\"},\"query-input\":{\"@type\":\"PropertyValueSpecification\",\"valueRequired\":true,\"valueName\":\"search_term_string\"}}],\"inLanguage\":\"de\"}]}<\/script>\n<!-- \/ Yoast SEO plugin. -->","yoast_head_json":{"title":"Aneta Langerova \u2013 Jak siln\u00e1 m\u00e1m tu st\u00e1t - Peter \u010cerni\u010dka | Noty | HUDOBN\u00c9 PODKLADY","robots":{"index":"index","follow":"follow","max-snippet":"max-snippet:-1","max-image-preview":"max-image-preview:large","max-video-preview":"max-video-preview:-1"},"canonical":"https:\/\/shop.petercernicka.eu\/de\/shop\/hudobne-podklady\/cesko-slovenske-hity\/aneta-langerova-jak-silna-mam-tu-stat\/","og_locale":"de_DE","og_type":"article","og_title":"Aneta Langerova \u2013 Jak siln\u00e1 m\u00e1m tu st\u00e1t - hudobn\u00fd podklad mp3","og_url":"https:\/\/shop.petercernicka.eu\/de\/shop\/hudobne-podklady\/cesko-slovenske-hity\/aneta-langerova-jak-silna-mam-tu-stat\/","og_site_name":"Peter \u010cerni\u010dka | Noty | HUDOBN\u00c9 PODKLADY","article_publisher":"https:\/\/www.facebook.com\/petercernickanoty","article_modified_time":"2026-01-31T13:47:00+00:00","og_image":[{"width":617,"height":823,"url":"https:\/\/shop.petercernicka.eu\/wp-content\/uploads\/2025\/05\/aneta-langerova-2015.jpg","type":"image\/jpeg"}],"twitter_card":"summary_large_image","twitter_description":"[audio mp3=\"https:\/\/shop.petercernicka.eu\/wp-content\/uploads\/2025\/05\/Aneta-Langerova-Jak-silna-mam-tu-stat-demo.mp3\"][\/audio]","schema":{"@context":"https:\/\/schema.org","@graph":[{"@type":"WebPage","@id":"https:\/\/shop.petercernicka.eu\/shop\/hudobne-podklady\/cesko-slovenske-hity\/aneta-langerova-jak-silna-mam-tu-stat\/","url":"https:\/\/shop.petercernicka.eu\/shop\/hudobne-podklady\/cesko-slovenske-hity\/aneta-langerova-jak-silna-mam-tu-stat\/","name":"Aneta Langerova \u2013 Jak siln\u00e1 m\u00e1m tu st\u00e1t - Peter \u010cerni\u010dka | Noty | HUDOBN\u00c9 PODKLADY","isPartOf":{"@id":"https:\/\/shop.petercernicka.eu\/#website"},"primaryImageOfPage":{"@id":"https:\/\/shop.petercernicka.eu\/shop\/hudobne-podklady\/cesko-slovenske-hity\/aneta-langerova-jak-silna-mam-tu-stat\/#primaryimage"},"image":{"@id":"https:\/\/shop.petercernicka.eu\/shop\/hudobne-podklady\/cesko-slovenske-hity\/aneta-langerova-jak-silna-mam-tu-stat\/#primaryimage"},"thumbnailUrl":"https:\/\/shop.petercernicka.eu\/wp-content\/uploads\/2025\/05\/aneta-langerova-2015.jpg","datePublished":"2025-05-13T09:25:40+00:00","dateModified":"2026-01-31T13:47:00+00:00","breadcrumb":{"@id":"https:\/\/shop.petercernicka.eu\/shop\/hudobne-podklady\/cesko-slovenske-hity\/aneta-langerova-jak-silna-mam-tu-stat\/#breadcrumb"},"inLanguage":"de","potentialAction":[{"@type":"ReadAction","target":["https:\/\/shop.petercernicka.eu\/shop\/hudobne-podklady\/cesko-slovenske-hity\/aneta-langerova-jak-silna-mam-tu-stat\/"]}]},{"@type":"ImageObject","inLanguage":"de","@id":"https:\/\/shop.petercernicka.eu\/shop\/hudobne-podklady\/cesko-slovenske-hity\/aneta-langerova-jak-silna-mam-tu-stat\/#primaryimage","url":"https:\/\/shop.petercernicka.eu\/wp-content\/uploads\/2025\/05\/aneta-langerova-2015.jpg","contentUrl":"https:\/\/shop.petercernicka.eu\/wp-content\/uploads\/2025\/05\/aneta-langerova-2015.jpg","width":617,"height":823},{"@type":"BreadcrumbList","@id":"https:\/\/shop.petercernicka.eu\/shop\/hudobne-podklady\/cesko-slovenske-hity\/aneta-langerova-jak-silna-mam-tu-stat\/#breadcrumb","itemListElement":[{"@type":"ListItem","position":1,"name":"Home","item":"https:\/\/shop.petercernicka.eu\/"},{"@type":"ListItem","position":2,"name":"Produkty","item":"https:\/\/shop.petercernicka.eu\/obchod\/"},{"@type":"ListItem","position":3,"name":"Aneta Langerova \u2013 Jak siln\u00e1 m\u00e1m tu st\u00e1t"}]},{"@type":"WebSite","@id":"https:\/\/shop.petercernicka.eu\/#website","url":"https:\/\/shop.petercernicka.eu\/","name":"Peter \u010cerni\u010dka | Noty | HUDOBN\u00c9 PODKLADY","description":"Volkslieder, Schlager, Tschechoslowakische Schlager, Zigeunerlieder, Evergreens, Weihnachtslieder","potentialAction":[{"@type":"SearchAction","target":{"@type":"EntryPoint","urlTemplate":"https:\/\/shop.petercernicka.eu\/?s={search_term_string}"},"query-input":{"@type":"PropertyValueSpecification","valueRequired":true,"valueName":"search_term_string"}}],"inLanguage":"de"}]}},"_links":{"self":[{"href":"https:\/\/shop.petercernicka.eu\/de\/wp-json\/wp\/v2\/product\/9309","targetHints":{"allow":["GET"]}}],"collection":[{"href":"https:\/\/shop.petercernicka.eu\/de\/wp-json\/wp\/v2\/product"}],"about":[{"href":"https:\/\/shop.petercernicka.eu\/de\/wp-json\/wp\/v2\/types\/product"}],"replies":[{"embeddable":true,"href":"https:\/\/shop.petercernicka.eu\/de\/wp-json\/wp\/v2\/comments?post=9309"}],"wp:featuredmedia":[{"embeddable":true,"href":"https:\/\/shop.petercernicka.eu\/de\/wp-json\/wp\/v2\/media\/9310"}],"wp:attachment":[{"href":"https:\/\/shop.petercernicka.eu\/de\/wp-json\/wp\/v2\/media?parent=9309"}],"wp:term":[{"taxonomy":"product_brand","embeddable":true,"href":"https:\/\/shop.petercernicka.eu\/de\/wp-json\/wp\/v2\/product_brand?post=9309"},{"taxonomy":"product_cat","embeddable":true,"href":"https:\/\/shop.petercernicka.eu\/de\/wp-json\/wp\/v2\/product_cat?post=9309"},{"taxonomy":"product_tag","embeddable":true,"href":"https:\/\/shop.petercernicka.eu\/de\/wp-json\/wp\/v2\/product_tag?post=9309"}],"curies":[{"name":"wp","href":"https:\/\/api.w.org\/{rel}","templated":true}]}}