{"id":9306,"date":"2025-05-13T11:19:16","date_gmt":"2025-05-13T09:19:16","guid":{"rendered":"https:\/\/shop.petercernicka.eu\/?post_type=product&#038;p=9306"},"modified":"2026-01-31T14:47:00","modified_gmt":"2026-01-31T13:47:00","slug":"hot-banditoz-veo-veo","status":"publish","type":"product","link":"https:\/\/shop.petercernicka.eu\/de\/shop\/hudobne-podklady\/zahranicne-oldies\/hot-banditoz-veo-veo\/","title":{"rendered":"Hot Banditoz \u2013 Veo Veo"},"content":{"rendered":"<p><span style=\"color: #000000;\">Ahora para todos<\/span><br \/>\n<span style=\"color: #000000;\">Los Hot Banditoz<\/span><br \/>\n<span style=\"color: #000000;\">Queremos, a ver, a bailar ahora<\/span><br \/>\n<span style=\"color: #000000;\">Para todos, mu\u00e9vanse, mu\u00e9vanse<\/span><\/p>\n<p><span style=\"color: #000000;\">Veo, veo, \u00bfqu\u00e9 ves?<\/span><br \/>\n<span style=\"color: #000000;\">Una cosita, \u00bfy qu\u00e9 cosita es?<\/span><br \/>\n<span style=\"color: #000000;\">Empieza con la A<\/span><br \/>\n<span style=\"color: #000000;\">\u00bfQu\u00e9 ser\u00e1, qu\u00e9 ser\u00e1, qu\u00e9 ser\u00e1? \u00a1Alefante!<\/span><br \/>\n<span style=\"color: #000000;\">No, no, no, eso no, no, no<\/span><br \/>\n<span style=\"color: #000000;\">Eso no, no, no es as\u00ed<\/span><br \/>\n<span style=\"color: #000000;\">Con la A se escribe &#8222;amor&#8220;, con la A se escribe &#8222;adi\u00f3s&#8220;<\/span><br \/>\n<span style=\"color: #000000;\">La alegr\u00eda del amigo y un mont\u00f3n de cosas m\u00e1s<\/span><\/p>\n<p><span style=\"color: #000000;\">Veo, veo, \u00bfqu\u00e9 ves?<\/span><\/p>\n<p><span style=\"color: #000000;\">Una cosita, \u00bfy qu\u00e9 cosita es?<\/span><br \/>\n<span style=\"color: #000000;\">Empieza con la E<\/span><br \/>\n<span style=\"color: #000000;\">\u00bfQu\u00e9 ser\u00e9, qu\u00e9 ser\u00e9, qu\u00e9 ser\u00e9? \u00a1Eyuntamiento!<\/span><br \/>\n<span style=\"color: #000000;\">No, no, no, eso no, no, no<\/span><br \/>\n<span style=\"color: #000000;\">Eso no, no, no es as\u00ed<\/span><br \/>\n<span style=\"color: #000000;\">Con la E de la emoci\u00f3n estudiamos la expresi\u00f3n<\/span><br \/>\n<span style=\"color: #000000;\">Entonando esta canci\u00f3n encontramos la verdad<\/span><\/p>\n<p><span style=\"color: #000000;\">Ay, ay, ay<\/span><br \/>\n<span style=\"color: #000000;\">Hot Banditoz-ditoz<\/span><br \/>\n<span style=\"color: #000000;\">Uno, dos, uno, dos<\/span><br \/>\n<span style=\"color: #000000;\">Hot Banditoz-ditoz<\/span><\/p>\n<p><span style=\"color: #000000;\">Veo, veo, \u00bfqu\u00e9 ves?<\/span><br \/>\n<span style=\"color: #000000;\">Una cosita, \u00bfy qu\u00e9 cosita es?<\/span><br \/>\n<span style=\"color: #000000;\">Empieza con la O<\/span><br \/>\n<span style=\"color: #000000;\">\u00bfQu\u00e9 ser\u00f3, qu\u00e9 ser\u00f3, qu\u00e9 ser\u00f3? \u00a1Oscuela!<\/span><br \/>\n<span style=\"color: #000000;\">No, no, no, eso no, no, no<\/span><br \/>\n<span style=\"color: #000000;\">Eso no, no, no es as\u00ed<\/span><br \/>\n<span style=\"color: #000000;\">No, no, no, eso no, no, no<\/span><br \/>\n<span style=\"color: #000000;\">Eso no, no, no, es hora hasta el final<\/span><\/p>\n<p><span style=\"color: #000000;\">Hot Banditoz-ditoz<\/span><br \/>\n<span style=\"color: #000000;\">Uno, dos, uno, dos<\/span><br \/>\n<span style=\"color: #000000;\">Hot Banditoz-ditoz<\/span><br \/>\n<span style=\"color: #000000;\">Uno, dos, uno, dos<\/span><br \/>\n<span style=\"color: #000000;\">Hot Banditoz, \u00a1todos juntos!<\/span><\/p>\n<p><span style=\"color: #000000;\">Veo, veo, \u00bfqu\u00e9 ves?<\/span><br \/>\n<span style=\"color: #000000;\">Una cosita, \u00bfy qu\u00e9 cosita es?<\/span><br \/>\n<span style=\"color: #000000;\">Empieza con la F<\/span><br \/>\n<span style=\"color: #000000;\">\u00bfQu\u00e9 ser\u00e1, qu\u00e9 ser\u00e1, qu\u00e9 ser\u00e1? \u00a1Final!<\/span><br \/>\n<span style=\"color: #000000;\">S\u00ed, s\u00ed, s\u00ed, eso s\u00ed, s\u00ed, s\u00ed<\/span><br \/>\n<span style=\"color: #000000;\">Eso s\u00ed, s\u00ed, s\u00ed, es as\u00ed<\/span><br \/>\n<span style=\"color: #000000;\">S\u00ed, s\u00ed, s\u00ed, eso s\u00ed, s\u00ed, s\u00ed<\/span><br \/>\n<span style=\"color: #000000;\">Eso s\u00ed, s\u00ed, s\u00ed, lleg\u00f3 el final<\/span><\/p>\n<p><span style=\"color: #000000;\">\u00a1Cha-cha-cha!<\/span><\/p>","protected":false},"excerpt":{"rendered":"<p><audio class=\"wp-audio-shortcode\" id=\"audio-9306-1\" preload=\"none\" style=\"width: 100%;\" controls=\"controls\"><source type=\"audio\/mpeg\" src=\"https:\/\/shop.petercernicka.eu\/wp-content\/uploads\/2025\/05\/Veo-Veo-demo.mp3?_=1\" \/><a href=\"https:\/\/shop.petercernicka.eu\/wp-content\/uploads\/2025\/05\/Veo-Veo-demo.mp3\">https:\/\/shop.petercernicka.eu\/wp-content\/uploads\/2025\/05\/Veo-Veo-demo.mp3<\/a><\/audio><\/p>","protected":false},"featured_media":9307,"comment_status":"closed","ping_status":"closed","template":"","meta":{"om_disable_all_campaigns":false},"product_brand":[],"product_cat":[1160,1198],"product_tag":[],"class_list":{"0":"post-9306","1":"product","2":"type-product","3":"status-publish","4":"has-post-thumbnail","6":"product_cat-hudobne-podklady","7":"product_cat-zahranicne-oldies","9":"first","10":"outofstock","11":"downloadable","12":"virtual","13":"taxable","14":"purchasable","15":"product-type-simple"},"yoast_head":"<!-- This site is optimized with the Yoast SEO plugin v27.4 - https:\/\/yoast.com\/product\/yoast-seo-wordpress\/ -->\n<title>Hot Banditoz \u2013 Veo Veo - Peter \u010cerni\u010dka | Noty | HUDOBN\u00c9 PODKLADY<\/title>\n<meta name=\"description\" content=\"Hot Banditoz \u2013 Veo Veo - backing track\" \/>\n<meta name=\"robots\" content=\"index, follow, max-snippet:-1, max-image-preview:large, max-video-preview:-1\" \/>\n<link rel=\"canonical\" href=\"https:\/\/shop.petercernicka.eu\/de\/shop\/hudobne-podklady\/zahranicne-oldies\/hot-banditoz-veo-veo\/\" \/>\n<meta property=\"og:locale\" content=\"de_DE\" \/>\n<meta property=\"og:type\" content=\"article\" \/>\n<meta property=\"og:title\" content=\"Hot Banditoz \u2013 Veo Veo - Hudobn\u00fd podklad MP3 - Backing tracks\" \/>\n<meta property=\"og:description\" content=\"Hot Banditoz \u2013 Veo Veo - backing track\" \/>\n<meta property=\"og:url\" content=\"https:\/\/shop.petercernicka.eu\/de\/shop\/hudobne-podklady\/zahranicne-oldies\/hot-banditoz-veo-veo\/\" \/>\n<meta property=\"og:site_name\" content=\"Peter \u010cerni\u010dka | Noty | HUDOBN\u00c9 PODKLADY\" \/>\n<meta property=\"article:publisher\" content=\"https:\/\/www.facebook.com\/petercernickanoty\" \/>\n<meta property=\"article:modified_time\" content=\"2026-01-31T13:47:00+00:00\" \/>\n<meta property=\"og:image\" content=\"https:\/\/shop.petercernicka.eu\/wp-content\/uploads\/2025\/05\/640px-HotBanditoz.jpg\" \/>\n\t<meta property=\"og:image:width\" content=\"640\" \/>\n\t<meta property=\"og:image:height\" content=\"427\" \/>\n\t<meta property=\"og:image:type\" content=\"image\/jpeg\" \/>\n<meta name=\"twitter:card\" content=\"summary_large_image\" \/>\n<meta name=\"twitter:label1\" content=\"Gesch\u00e4tzte Lesezeit\" \/>\n\t<meta name=\"twitter:data1\" content=\"1\u00a0Minute\" \/>\n<script type=\"application\/ld+json\" class=\"yoast-schema-graph\">{\"@context\":\"https:\\\/\\\/schema.org\",\"@graph\":[{\"@type\":\"WebPage\",\"@id\":\"https:\\\/\\\/shop.petercernicka.eu\\\/shop\\\/hudobne-podklady\\\/zahranicne-oldies\\\/hot-banditoz-veo-veo\\\/\",\"url\":\"https:\\\/\\\/shop.petercernicka.eu\\\/shop\\\/hudobne-podklady\\\/zahranicne-oldies\\\/hot-banditoz-veo-veo\\\/\",\"name\":\"Hot Banditoz \u2013 Veo Veo - Peter \u010cerni\u010dka | Noty | HUDOBN\u00c9 PODKLADY\",\"isPartOf\":{\"@id\":\"https:\\\/\\\/shop.petercernicka.eu\\\/#website\"},\"primaryImageOfPage\":{\"@id\":\"https:\\\/\\\/shop.petercernicka.eu\\\/shop\\\/hudobne-podklady\\\/zahranicne-oldies\\\/hot-banditoz-veo-veo\\\/#primaryimage\"},\"image\":{\"@id\":\"https:\\\/\\\/shop.petercernicka.eu\\\/shop\\\/hudobne-podklady\\\/zahranicne-oldies\\\/hot-banditoz-veo-veo\\\/#primaryimage\"},\"thumbnailUrl\":\"https:\\\/\\\/shop.petercernicka.eu\\\/wp-content\\\/uploads\\\/2025\\\/05\\\/640px-HotBanditoz.jpg\",\"datePublished\":\"2025-05-13T09:19:16+00:00\",\"dateModified\":\"2026-01-31T13:47:00+00:00\",\"description\":\"Hot Banditoz \u2013 Veo Veo - backing track\",\"breadcrumb\":{\"@id\":\"https:\\\/\\\/shop.petercernicka.eu\\\/shop\\\/hudobne-podklady\\\/zahranicne-oldies\\\/hot-banditoz-veo-veo\\\/#breadcrumb\"},\"inLanguage\":\"de\",\"potentialAction\":[{\"@type\":\"ReadAction\",\"target\":[\"https:\\\/\\\/shop.petercernicka.eu\\\/shop\\\/hudobne-podklady\\\/zahranicne-oldies\\\/hot-banditoz-veo-veo\\\/\"]}]},{\"@type\":\"ImageObject\",\"inLanguage\":\"de\",\"@id\":\"https:\\\/\\\/shop.petercernicka.eu\\\/shop\\\/hudobne-podklady\\\/zahranicne-oldies\\\/hot-banditoz-veo-veo\\\/#primaryimage\",\"url\":\"https:\\\/\\\/shop.petercernicka.eu\\\/wp-content\\\/uploads\\\/2025\\\/05\\\/640px-HotBanditoz.jpg\",\"contentUrl\":\"https:\\\/\\\/shop.petercernicka.eu\\\/wp-content\\\/uploads\\\/2025\\\/05\\\/640px-HotBanditoz.jpg\",\"width\":640,\"height\":427},{\"@type\":\"BreadcrumbList\",\"@id\":\"https:\\\/\\\/shop.petercernicka.eu\\\/shop\\\/hudobne-podklady\\\/zahranicne-oldies\\\/hot-banditoz-veo-veo\\\/#breadcrumb\",\"itemListElement\":[{\"@type\":\"ListItem\",\"position\":1,\"name\":\"Home\",\"item\":\"https:\\\/\\\/shop.petercernicka.eu\\\/\"},{\"@type\":\"ListItem\",\"position\":2,\"name\":\"Produkty\",\"item\":\"https:\\\/\\\/shop.petercernicka.eu\\\/obchod\\\/\"},{\"@type\":\"ListItem\",\"position\":3,\"name\":\"Hot Banditoz \u2013 Veo Veo\"}]},{\"@type\":\"WebSite\",\"@id\":\"https:\\\/\\\/shop.petercernicka.eu\\\/#website\",\"url\":\"https:\\\/\\\/shop.petercernicka.eu\\\/\",\"name\":\"Peter \u010cerni\u010dka | Noty | HUDOBN\u00c9 PODKLADY\",\"description\":\"\u013eudov\u00e9 piesne, popul\u00e1rne \u0161l\u00e1gre, \u010desko-slovensk\u00e9 hity, cig\u00e1nske piesne, ewergreeny, viano\u010dn\u00e9 koledy\",\"potentialAction\":[{\"@type\":\"SearchAction\",\"target\":{\"@type\":\"EntryPoint\",\"urlTemplate\":\"https:\\\/\\\/shop.petercernicka.eu\\\/?s={search_term_string}\"},\"query-input\":{\"@type\":\"PropertyValueSpecification\",\"valueRequired\":true,\"valueName\":\"search_term_string\"}}],\"inLanguage\":\"de\"}]}<\/script>\n<!-- \/ Yoast SEO plugin. -->","yoast_head_json":{"title":"Hot Banditoz \u2013 Veo Veo - Peter \u010cerni\u010dka | Noty | HUDOBN\u00c9 PODKLADY","description":"Hot Banditoz \u2013 Veo Veo - backing track","robots":{"index":"index","follow":"follow","max-snippet":"max-snippet:-1","max-image-preview":"max-image-preview:large","max-video-preview":"max-video-preview:-1"},"canonical":"https:\/\/shop.petercernicka.eu\/de\/shop\/hudobne-podklady\/zahranicne-oldies\/hot-banditoz-veo-veo\/","og_locale":"de_DE","og_type":"article","og_title":"Hot Banditoz \u2013 Veo Veo - Hudobn\u00fd podklad MP3 - Backing tracks","og_description":"Hot Banditoz \u2013 Veo Veo - backing track","og_url":"https:\/\/shop.petercernicka.eu\/de\/shop\/hudobne-podklady\/zahranicne-oldies\/hot-banditoz-veo-veo\/","og_site_name":"Peter \u010cerni\u010dka | Noty | HUDOBN\u00c9 PODKLADY","article_publisher":"https:\/\/www.facebook.com\/petercernickanoty","article_modified_time":"2026-01-31T13:47:00+00:00","og_image":[{"width":640,"height":427,"url":"https:\/\/shop.petercernicka.eu\/wp-content\/uploads\/2025\/05\/640px-HotBanditoz.jpg","type":"image\/jpeg"}],"twitter_card":"summary_large_image","twitter_misc":{"Gesch\u00e4tzte Lesezeit":"1\u00a0Minute"},"schema":{"@context":"https:\/\/schema.org","@graph":[{"@type":"WebPage","@id":"https:\/\/shop.petercernicka.eu\/shop\/hudobne-podklady\/zahranicne-oldies\/hot-banditoz-veo-veo\/","url":"https:\/\/shop.petercernicka.eu\/shop\/hudobne-podklady\/zahranicne-oldies\/hot-banditoz-veo-veo\/","name":"Hot Banditoz \u2013 Veo Veo - Peter \u010cerni\u010dka | Noty | HUDOBN\u00c9 PODKLADY","isPartOf":{"@id":"https:\/\/shop.petercernicka.eu\/#website"},"primaryImageOfPage":{"@id":"https:\/\/shop.petercernicka.eu\/shop\/hudobne-podklady\/zahranicne-oldies\/hot-banditoz-veo-veo\/#primaryimage"},"image":{"@id":"https:\/\/shop.petercernicka.eu\/shop\/hudobne-podklady\/zahranicne-oldies\/hot-banditoz-veo-veo\/#primaryimage"},"thumbnailUrl":"https:\/\/shop.petercernicka.eu\/wp-content\/uploads\/2025\/05\/640px-HotBanditoz.jpg","datePublished":"2025-05-13T09:19:16+00:00","dateModified":"2026-01-31T13:47:00+00:00","description":"Hot Banditoz \u2013 Veo Veo - backing track","breadcrumb":{"@id":"https:\/\/shop.petercernicka.eu\/shop\/hudobne-podklady\/zahranicne-oldies\/hot-banditoz-veo-veo\/#breadcrumb"},"inLanguage":"de","potentialAction":[{"@type":"ReadAction","target":["https:\/\/shop.petercernicka.eu\/shop\/hudobne-podklady\/zahranicne-oldies\/hot-banditoz-veo-veo\/"]}]},{"@type":"ImageObject","inLanguage":"de","@id":"https:\/\/shop.petercernicka.eu\/shop\/hudobne-podklady\/zahranicne-oldies\/hot-banditoz-veo-veo\/#primaryimage","url":"https:\/\/shop.petercernicka.eu\/wp-content\/uploads\/2025\/05\/640px-HotBanditoz.jpg","contentUrl":"https:\/\/shop.petercernicka.eu\/wp-content\/uploads\/2025\/05\/640px-HotBanditoz.jpg","width":640,"height":427},{"@type":"BreadcrumbList","@id":"https:\/\/shop.petercernicka.eu\/shop\/hudobne-podklady\/zahranicne-oldies\/hot-banditoz-veo-veo\/#breadcrumb","itemListElement":[{"@type":"ListItem","position":1,"name":"Home","item":"https:\/\/shop.petercernicka.eu\/"},{"@type":"ListItem","position":2,"name":"Produkty","item":"https:\/\/shop.petercernicka.eu\/obchod\/"},{"@type":"ListItem","position":3,"name":"Hot Banditoz \u2013 Veo Veo"}]},{"@type":"WebSite","@id":"https:\/\/shop.petercernicka.eu\/#website","url":"https:\/\/shop.petercernicka.eu\/","name":"Peter \u010cerni\u010dka | Noty | HUDOBN\u00c9 PODKLADY","description":"Volkslieder, Schlager, Tschechoslowakische Schlager, Zigeunerlieder, Evergreens, Weihnachtslieder","potentialAction":[{"@type":"SearchAction","target":{"@type":"EntryPoint","urlTemplate":"https:\/\/shop.petercernicka.eu\/?s={search_term_string}"},"query-input":{"@type":"PropertyValueSpecification","valueRequired":true,"valueName":"search_term_string"}}],"inLanguage":"de"}]}},"_links":{"self":[{"href":"https:\/\/shop.petercernicka.eu\/de\/wp-json\/wp\/v2\/product\/9306","targetHints":{"allow":["GET"]}}],"collection":[{"href":"https:\/\/shop.petercernicka.eu\/de\/wp-json\/wp\/v2\/product"}],"about":[{"href":"https:\/\/shop.petercernicka.eu\/de\/wp-json\/wp\/v2\/types\/product"}],"replies":[{"embeddable":true,"href":"https:\/\/shop.petercernicka.eu\/de\/wp-json\/wp\/v2\/comments?post=9306"}],"wp:featuredmedia":[{"embeddable":true,"href":"https:\/\/shop.petercernicka.eu\/de\/wp-json\/wp\/v2\/media\/9307"}],"wp:attachment":[{"href":"https:\/\/shop.petercernicka.eu\/de\/wp-json\/wp\/v2\/media?parent=9306"}],"wp:term":[{"taxonomy":"product_brand","embeddable":true,"href":"https:\/\/shop.petercernicka.eu\/de\/wp-json\/wp\/v2\/product_brand?post=9306"},{"taxonomy":"product_cat","embeddable":true,"href":"https:\/\/shop.petercernicka.eu\/de\/wp-json\/wp\/v2\/product_cat?post=9306"},{"taxonomy":"product_tag","embeddable":true,"href":"https:\/\/shop.petercernicka.eu\/de\/wp-json\/wp\/v2\/product_tag?post=9306"}],"curies":[{"name":"wp","href":"https:\/\/api.w.org\/{rel}","templated":true}]}}