{"id":9303,"date":"2025-05-13T11:14:24","date_gmt":"2025-05-13T09:14:24","guid":{"rendered":"https:\/\/shop.petercernicka.eu\/?post_type=product&#038;p=9303"},"modified":"2026-01-31T14:47:00","modified_gmt":"2026-01-31T13:47:00","slug":"loona-latino-lover","status":"publish","type":"product","link":"https:\/\/shop.petercernicka.eu\/de\/shop\/hudobne-podklady\/zahranicne-oldies\/loona-latino-lover\/","title":{"rendered":"Loona \u2013 Latino lover"},"content":{"rendered":"<p><span style=\"color: #000000;\">Hey latino, latino lover, dame un beso con mucho amor.<\/span><br \/>\n<span style=\"color: #000000;\">T\u00fa y yo toda la noche bailamos hasta hasta el final.<\/span><br \/>\n<span style=\"color: #000000;\">Hey latino, latino lover, dame un beso con mucho amor.<\/span><br \/>\n<span style=\"color: #000000;\">T\u00fa y yo toda la noche bailamos hasta hasta el final.<\/span><\/p>\n<p><span style=\"color: #000000;\">Dime, dime, coraz\u00f3n, si ese amor es la verdad.<\/span><br \/>\n<span style=\"color: #000000;\">Oh dime, dime por favor, latino m\u00edo, s\u00ed se\u00f1or.<\/span><br \/>\n<span style=\"color: #000000;\">Cu\u00e9ntame mi coraz\u00f3n si ese sue\u00f1o es real.<\/span><br \/>\n<span style=\"color: #000000;\">Bailar la salsa junto a ti, chico latino para m\u00ed.<\/span><\/p>\n<p><span style=\"color: #000000;\">Hey latino, latino lover, dame un beso con mucho amor.<\/span><br \/>\n<span style=\"color: #000000;\">T\u00fa y yo toda la noche bailamos hasta hasta el final.<\/span><\/p>\n<p><span style=\"color: #000000;\">Hey latino, latino lover, dame un beso con mucho amor.<\/span><br \/>\n<span style=\"color: #000000;\">T\u00fa y yo toda la noche bailamos hasta hasta el final.<\/span><\/p>\n<p><span style=\"color: #000000;\">Lala lali lali dada, lala lali lali dada<\/span><br \/>\n<span style=\"color: #000000;\">Lala lali lali dada, lala lali lali dada<\/span><br \/>\n<span style=\"color: #000000;\">Lala lali lali dada, lala lali lali dada<\/span><br \/>\n<span style=\"color: #000000;\">Lala lali lali dada, lala lali lali dada<\/span><\/p>\n<p><span style=\"color: #000000;\">Dime, dime, mi amor, si lo que siento es la verdad.<\/span><br \/>\n<span style=\"color: #000000;\">Oh dime, dime, por favor, latino m\u00edo, s\u00ed se\u00f1or.<\/span><br \/>\n<span style=\"color: #000000;\">Cu\u00e9ntame con tu pasi\u00f3n si lo que siento es real.<\/span><br \/>\n<span style=\"color: #000000;\">Bailar la salsa junto a ti, chico latino para m\u00ed.<\/span><\/p>\n<p><span style=\"color: #000000;\">Hey latino, latino lover, dame un beso con mucho amor.<\/span><br \/>\n<span style=\"color: #000000;\">T\u00fa y yo toda la noche bailamos hasta hasta el final.<\/span><\/p>\n<p><span style=\"color: #000000;\">Chica, chiquitica,<\/span><br \/>\n<span style=\"color: #000000;\">Mueve al ritmo, bonita.<\/span><br \/>\n<span style=\"color: #000000;\">Chica, chiquitica,<\/span><br \/>\n<span style=\"color: #000000;\">Que fiesta con la mulatita.<\/span><\/p>\n<p><span style=\"color: #000000;\">Lala lali lali dada, lala lali lali dada<\/span><br \/>\n<span style=\"color: #000000;\">Lala lali lali dada, lala lali lali dada<\/span><br \/>\n<span style=\"color: #000000;\">Lala lali lali dada, lala lali lali dada<\/span><br \/>\n<span style=\"color: #000000;\">Lala lali lali dada, lala lali lali dada<\/span><\/p>\n<p><span style=\"color: #000000;\">Hey latino, latino lover, dame un beso con mucho amor.<\/span><br \/>\n<span style=\"color: #000000;\">T\u00fa y yo toda la noche bailamos hasta hasta el final.<\/span><br \/>\n<span style=\"color: #000000;\">Hey latino, latino lover, dame un beso con mucho amor.<\/span><br \/>\n<span style=\"color: #000000;\">T\u00fa y yo toda la noche bailamos hasta hasta el final.<\/span><\/p>","protected":false},"excerpt":{"rendered":"<p><audio class=\"wp-audio-shortcode\" id=\"audio-9303-1\" preload=\"none\" style=\"width: 100%;\" controls=\"controls\"><source type=\"audio\/mpeg\" src=\"https:\/\/shop.petercernicka.eu\/wp-content\/uploads\/2025\/05\/Loona-Latino-lover-demo.mp3?_=1\" \/><a href=\"https:\/\/shop.petercernicka.eu\/wp-content\/uploads\/2025\/05\/Loona-Latino-lover-demo.mp3\">https:\/\/shop.petercernicka.eu\/wp-content\/uploads\/2025\/05\/Loona-Latino-lover-demo.mp3<\/a><\/audio><\/p>","protected":false},"featured_media":9304,"comment_status":"closed","ping_status":"closed","template":"","meta":{"om_disable_all_campaigns":false},"product_brand":[],"product_cat":[1160,1198],"product_tag":[],"class_list":{"0":"post-9303","1":"product","2":"type-product","3":"status-publish","4":"has-post-thumbnail","6":"product_cat-hudobne-podklady","7":"product_cat-zahranicne-oldies","9":"first","10":"outofstock","11":"downloadable","12":"virtual","13":"taxable","14":"purchasable","15":"product-type-simple"},"yoast_head":"<!-- This site is optimized with the Yoast SEO plugin v27.4 - https:\/\/yoast.com\/product\/yoast-seo-wordpress\/ -->\n<title>Loona \u2013 Latino lover - Peter \u010cerni\u010dka | Noty | HUDOBN\u00c9 PODKLADY<\/title>\n<meta name=\"robots\" content=\"index, follow, max-snippet:-1, max-image-preview:large, max-video-preview:-1\" \/>\n<link rel=\"canonical\" href=\"https:\/\/shop.petercernicka.eu\/de\/shop\/hudobne-podklady\/zahranicne-oldies\/loona-latino-lover\/\" \/>\n<meta property=\"og:locale\" content=\"de_DE\" \/>\n<meta property=\"og:type\" content=\"article\" \/>\n<meta property=\"og:title\" content=\"Loona \u2013 Latino lover - hudobn\u00fd podklad mp3\" \/>\n<meta property=\"og:url\" content=\"https:\/\/shop.petercernicka.eu\/de\/shop\/hudobne-podklady\/zahranicne-oldies\/loona-latino-lover\/\" \/>\n<meta property=\"og:site_name\" content=\"Peter \u010cerni\u010dka | Noty | HUDOBN\u00c9 PODKLADY\" \/>\n<meta property=\"article:publisher\" content=\"https:\/\/www.facebook.com\/petercernickanoty\" \/>\n<meta property=\"article:modified_time\" content=\"2026-01-31T13:47:00+00:00\" \/>\n<meta property=\"og:image\" content=\"https:\/\/shop.petercernicka.eu\/wp-content\/uploads\/2025\/05\/Loona-Latino-lover.jpg\" \/>\n\t<meta property=\"og:image:width\" content=\"600\" \/>\n\t<meta property=\"og:image:height\" content=\"599\" \/>\n\t<meta property=\"og:image:type\" content=\"image\/jpeg\" \/>\n<meta name=\"twitter:card\" content=\"summary_large_image\" \/>\n<meta name=\"twitter:description\" content=\"[audio mp3=&quot;https:\/\/shop.petercernicka.eu\/wp-content\/uploads\/2025\/05\/Loona-Latino-lover-demo.mp3&quot;][\/audio]\" \/>\n<meta name=\"twitter:label1\" content=\"Gesch\u00e4tzte Lesezeit\" \/>\n\t<meta name=\"twitter:data1\" content=\"2\u00a0Minuten\" \/>\n<script type=\"application\/ld+json\" class=\"yoast-schema-graph\">{\"@context\":\"https:\\\/\\\/schema.org\",\"@graph\":[{\"@type\":\"WebPage\",\"@id\":\"https:\\\/\\\/shop.petercernicka.eu\\\/shop\\\/hudobne-podklady\\\/zahranicne-oldies\\\/loona-latino-lover\\\/\",\"url\":\"https:\\\/\\\/shop.petercernicka.eu\\\/shop\\\/hudobne-podklady\\\/zahranicne-oldies\\\/loona-latino-lover\\\/\",\"name\":\"Loona \u2013 Latino lover - Peter \u010cerni\u010dka | Noty | HUDOBN\u00c9 PODKLADY\",\"isPartOf\":{\"@id\":\"https:\\\/\\\/shop.petercernicka.eu\\\/#website\"},\"primaryImageOfPage\":{\"@id\":\"https:\\\/\\\/shop.petercernicka.eu\\\/shop\\\/hudobne-podklady\\\/zahranicne-oldies\\\/loona-latino-lover\\\/#primaryimage\"},\"image\":{\"@id\":\"https:\\\/\\\/shop.petercernicka.eu\\\/shop\\\/hudobne-podklady\\\/zahranicne-oldies\\\/loona-latino-lover\\\/#primaryimage\"},\"thumbnailUrl\":\"https:\\\/\\\/shop.petercernicka.eu\\\/wp-content\\\/uploads\\\/2025\\\/05\\\/Loona-Latino-lover.jpg\",\"datePublished\":\"2025-05-13T09:14:24+00:00\",\"dateModified\":\"2026-01-31T13:47:00+00:00\",\"breadcrumb\":{\"@id\":\"https:\\\/\\\/shop.petercernicka.eu\\\/shop\\\/hudobne-podklady\\\/zahranicne-oldies\\\/loona-latino-lover\\\/#breadcrumb\"},\"inLanguage\":\"de\",\"potentialAction\":[{\"@type\":\"ReadAction\",\"target\":[\"https:\\\/\\\/shop.petercernicka.eu\\\/shop\\\/hudobne-podklady\\\/zahranicne-oldies\\\/loona-latino-lover\\\/\"]}]},{\"@type\":\"ImageObject\",\"inLanguage\":\"de\",\"@id\":\"https:\\\/\\\/shop.petercernicka.eu\\\/shop\\\/hudobne-podklady\\\/zahranicne-oldies\\\/loona-latino-lover\\\/#primaryimage\",\"url\":\"https:\\\/\\\/shop.petercernicka.eu\\\/wp-content\\\/uploads\\\/2025\\\/05\\\/Loona-Latino-lover.jpg\",\"contentUrl\":\"https:\\\/\\\/shop.petercernicka.eu\\\/wp-content\\\/uploads\\\/2025\\\/05\\\/Loona-Latino-lover.jpg\",\"width\":600,\"height\":599},{\"@type\":\"BreadcrumbList\",\"@id\":\"https:\\\/\\\/shop.petercernicka.eu\\\/shop\\\/hudobne-podklady\\\/zahranicne-oldies\\\/loona-latino-lover\\\/#breadcrumb\",\"itemListElement\":[{\"@type\":\"ListItem\",\"position\":1,\"name\":\"Home\",\"item\":\"https:\\\/\\\/shop.petercernicka.eu\\\/\"},{\"@type\":\"ListItem\",\"position\":2,\"name\":\"Produkty\",\"item\":\"https:\\\/\\\/shop.petercernicka.eu\\\/obchod\\\/\"},{\"@type\":\"ListItem\",\"position\":3,\"name\":\"Loona \u2013 Latino lover\"}]},{\"@type\":\"WebSite\",\"@id\":\"https:\\\/\\\/shop.petercernicka.eu\\\/#website\",\"url\":\"https:\\\/\\\/shop.petercernicka.eu\\\/\",\"name\":\"Peter \u010cerni\u010dka | Noty | HUDOBN\u00c9 PODKLADY\",\"description\":\"\u013eudov\u00e9 piesne, popul\u00e1rne \u0161l\u00e1gre, \u010desko-slovensk\u00e9 hity, cig\u00e1nske piesne, ewergreeny, viano\u010dn\u00e9 koledy\",\"potentialAction\":[{\"@type\":\"SearchAction\",\"target\":{\"@type\":\"EntryPoint\",\"urlTemplate\":\"https:\\\/\\\/shop.petercernicka.eu\\\/?s={search_term_string}\"},\"query-input\":{\"@type\":\"PropertyValueSpecification\",\"valueRequired\":true,\"valueName\":\"search_term_string\"}}],\"inLanguage\":\"de\"}]}<\/script>\n<!-- \/ Yoast SEO plugin. -->","yoast_head_json":{"title":"Loona \u2013 Latino lover - Peter \u010cerni\u010dka | Noty | HUDOBN\u00c9 PODKLADY","robots":{"index":"index","follow":"follow","max-snippet":"max-snippet:-1","max-image-preview":"max-image-preview:large","max-video-preview":"max-video-preview:-1"},"canonical":"https:\/\/shop.petercernicka.eu\/de\/shop\/hudobne-podklady\/zahranicne-oldies\/loona-latino-lover\/","og_locale":"de_DE","og_type":"article","og_title":"Loona \u2013 Latino lover - hudobn\u00fd podklad mp3","og_url":"https:\/\/shop.petercernicka.eu\/de\/shop\/hudobne-podklady\/zahranicne-oldies\/loona-latino-lover\/","og_site_name":"Peter \u010cerni\u010dka | Noty | HUDOBN\u00c9 PODKLADY","article_publisher":"https:\/\/www.facebook.com\/petercernickanoty","article_modified_time":"2026-01-31T13:47:00+00:00","og_image":[{"width":600,"height":599,"url":"https:\/\/shop.petercernicka.eu\/wp-content\/uploads\/2025\/05\/Loona-Latino-lover.jpg","type":"image\/jpeg"}],"twitter_card":"summary_large_image","twitter_description":"[audio mp3=\"https:\/\/shop.petercernicka.eu\/wp-content\/uploads\/2025\/05\/Loona-Latino-lover-demo.mp3\"][\/audio]","twitter_misc":{"Gesch\u00e4tzte Lesezeit":"2\u00a0Minuten"},"schema":{"@context":"https:\/\/schema.org","@graph":[{"@type":"WebPage","@id":"https:\/\/shop.petercernicka.eu\/shop\/hudobne-podklady\/zahranicne-oldies\/loona-latino-lover\/","url":"https:\/\/shop.petercernicka.eu\/shop\/hudobne-podklady\/zahranicne-oldies\/loona-latino-lover\/","name":"Loona \u2013 Latino lover - Peter \u010cerni\u010dka | Noty | HUDOBN\u00c9 PODKLADY","isPartOf":{"@id":"https:\/\/shop.petercernicka.eu\/#website"},"primaryImageOfPage":{"@id":"https:\/\/shop.petercernicka.eu\/shop\/hudobne-podklady\/zahranicne-oldies\/loona-latino-lover\/#primaryimage"},"image":{"@id":"https:\/\/shop.petercernicka.eu\/shop\/hudobne-podklady\/zahranicne-oldies\/loona-latino-lover\/#primaryimage"},"thumbnailUrl":"https:\/\/shop.petercernicka.eu\/wp-content\/uploads\/2025\/05\/Loona-Latino-lover.jpg","datePublished":"2025-05-13T09:14:24+00:00","dateModified":"2026-01-31T13:47:00+00:00","breadcrumb":{"@id":"https:\/\/shop.petercernicka.eu\/shop\/hudobne-podklady\/zahranicne-oldies\/loona-latino-lover\/#breadcrumb"},"inLanguage":"de","potentialAction":[{"@type":"ReadAction","target":["https:\/\/shop.petercernicka.eu\/shop\/hudobne-podklady\/zahranicne-oldies\/loona-latino-lover\/"]}]},{"@type":"ImageObject","inLanguage":"de","@id":"https:\/\/shop.petercernicka.eu\/shop\/hudobne-podklady\/zahranicne-oldies\/loona-latino-lover\/#primaryimage","url":"https:\/\/shop.petercernicka.eu\/wp-content\/uploads\/2025\/05\/Loona-Latino-lover.jpg","contentUrl":"https:\/\/shop.petercernicka.eu\/wp-content\/uploads\/2025\/05\/Loona-Latino-lover.jpg","width":600,"height":599},{"@type":"BreadcrumbList","@id":"https:\/\/shop.petercernicka.eu\/shop\/hudobne-podklady\/zahranicne-oldies\/loona-latino-lover\/#breadcrumb","itemListElement":[{"@type":"ListItem","position":1,"name":"Home","item":"https:\/\/shop.petercernicka.eu\/"},{"@type":"ListItem","position":2,"name":"Produkty","item":"https:\/\/shop.petercernicka.eu\/obchod\/"},{"@type":"ListItem","position":3,"name":"Loona \u2013 Latino lover"}]},{"@type":"WebSite","@id":"https:\/\/shop.petercernicka.eu\/#website","url":"https:\/\/shop.petercernicka.eu\/","name":"Peter \u010cerni\u010dka | Noty | HUDOBN\u00c9 PODKLADY","description":"Volkslieder, Schlager, Tschechoslowakische Schlager, Zigeunerlieder, Evergreens, Weihnachtslieder","potentialAction":[{"@type":"SearchAction","target":{"@type":"EntryPoint","urlTemplate":"https:\/\/shop.petercernicka.eu\/?s={search_term_string}"},"query-input":{"@type":"PropertyValueSpecification","valueRequired":true,"valueName":"search_term_string"}}],"inLanguage":"de"}]}},"_links":{"self":[{"href":"https:\/\/shop.petercernicka.eu\/de\/wp-json\/wp\/v2\/product\/9303","targetHints":{"allow":["GET"]}}],"collection":[{"href":"https:\/\/shop.petercernicka.eu\/de\/wp-json\/wp\/v2\/product"}],"about":[{"href":"https:\/\/shop.petercernicka.eu\/de\/wp-json\/wp\/v2\/types\/product"}],"replies":[{"embeddable":true,"href":"https:\/\/shop.petercernicka.eu\/de\/wp-json\/wp\/v2\/comments?post=9303"}],"wp:featuredmedia":[{"embeddable":true,"href":"https:\/\/shop.petercernicka.eu\/de\/wp-json\/wp\/v2\/media\/9304"}],"wp:attachment":[{"href":"https:\/\/shop.petercernicka.eu\/de\/wp-json\/wp\/v2\/media?parent=9303"}],"wp:term":[{"taxonomy":"product_brand","embeddable":true,"href":"https:\/\/shop.petercernicka.eu\/de\/wp-json\/wp\/v2\/product_brand?post=9303"},{"taxonomy":"product_cat","embeddable":true,"href":"https:\/\/shop.petercernicka.eu\/de\/wp-json\/wp\/v2\/product_cat?post=9303"},{"taxonomy":"product_tag","embeddable":true,"href":"https:\/\/shop.petercernicka.eu\/de\/wp-json\/wp\/v2\/product_tag?post=9303"}],"curies":[{"name":"wp","href":"https:\/\/api.w.org\/{rel}","templated":true}]}}