{"id":9293,"date":"2025-05-11T17:14:12","date_gmt":"2025-05-11T15:14:12","guid":{"rendered":"https:\/\/shop.petercernicka.eu\/?post_type=product&#038;p=9293"},"modified":"2026-01-31T14:47:00","modified_gmt":"2026-01-31T13:47:00","slug":"hana-hegerova-ceresne-jaro-filip","status":"publish","type":"product","link":"https:\/\/shop.petercernicka.eu\/de\/shop\/noty\/hana-hegerova-ceresne-jaro-filip\/","title":{"rendered":"Hana Hegerov\u00e1 &#8211; \u010cere\u0161ne \u2013 Jaro Filip"},"content":{"rendered":"<div class=\"ujudUb\"><span style=\"color: #000000;\">Ako mlad\u00e9 diev\u010da u\u017e je to za nami<\/span><br aria-hidden=\"true\" \/><span style=\"color: #000000;\">Po stromoch som liezla s na\u0161imi chlapcami<\/span><br aria-hidden=\"true\" \/><span style=\"color: #000000;\">A v\u017edy ke\u010f na strome zlomili hal\u00fazku,<\/span><br aria-hidden=\"true\" \/><span style=\"color: #000000;\">H\u00e1dzali mi chlapci \u010dere\u0161ne za bl\u00fazku<\/span><br aria-hidden=\"true\" \/><span style=\"color: #000000;\">Ke\u010f boli zvedav\u00ed, \u010do to m\u00e1m pod bl\u00fazkou<\/span><br aria-hidden=\"true\" \/><span style=\"color: #000000;\">Odh\u00e1\u0148ala som ich zelenou hal\u00fazkou<\/span><\/div>\n<div><\/div>\n<div class=\"ujudUb\"><span style=\"color: #000000;\">Ubr\u00e1nila som sa viac menej \u00faspe\u0161ne,<\/span><br aria-hidden=\"true\" \/><span style=\"color: #000000;\">Nikto nesmel siahnu\u0165 na moje \u010dere\u0161ne<\/span><br aria-hidden=\"true\" \/><span style=\"color: #000000;\">Neverte ml\u00e1dencom, ke\u010f sa V\u00e1m zap\u00e1\u010dia<\/span><br aria-hidden=\"true\" \/><span style=\"color: #000000;\">Vyjedia v\u00e1m v\u0161etky \u010dere\u0161ne z kol\u00e1\u010da<\/span><br aria-hidden=\"true\" \/><span style=\"color: #000000;\">Chlapci neubl\u00ed\u017eia k\u00fdm h\u013eadia zo stromu<\/span><br aria-hidden=\"true\" \/><span style=\"color: #000000;\">Ke\u010f zosko\u010dia dolu, \u010dakajte pohromu<\/span><\/div>\n<div><\/div>\n<div class=\"ujudUb WRZytc\"><span style=\"color: #000000;\">Ke\u010f sa na v\u00e1s chlapec zad\u00edva uprene,<\/span><br aria-hidden=\"true\" \/><span style=\"color: #000000;\">Ako tie \u010dere\u0161ne budete \u010derven\u00e9<\/span><br aria-hidden=\"true\" \/><span style=\"color: #000000;\">Ke\u010f sa na v\u00e1s \u0161uhaj usmeje pod f\u00fazky<\/span><br aria-hidden=\"true\" \/><span style=\"color: #000000;\">R\u00fdchlo vyberajte \u010dere\u0161ne zpod bl\u00fazky<\/span><br aria-hidden=\"true\" \/><span style=\"color: #000000;\">\u010cere\u0161ne s\u00fa zrel\u00e9 a bl\u00fazka pri\u00fazka<\/span><br aria-hidden=\"true\" \/><span style=\"color: #000000;\">Ni\u010d v\u00e1m nepom\u00f4\u017ee zelen\u00e1 hal\u00fazka<\/span><\/div>","protected":false},"excerpt":{"rendered":"<p><audio class=\"wp-audio-shortcode\" id=\"audio-9293-1\" preload=\"none\" style=\"width: 100%;\" controls=\"controls\"><source type=\"audio\/mpeg\" src=\"https:\/\/shop.petercernicka.eu\/wp-content\/uploads\/2025\/05\/Ceresne.mp3?_=1\" \/><a href=\"https:\/\/shop.petercernicka.eu\/wp-content\/uploads\/2025\/05\/Ceresne.mp3\">https:\/\/shop.petercernicka.eu\/wp-content\/uploads\/2025\/05\/Ceresne.mp3<\/a><\/audio><\/p>","protected":false},"featured_media":9294,"comment_status":"closed","ping_status":"closed","template":"","meta":{"om_disable_all_campaigns":false},"product_brand":[1192,1193],"product_cat":[1168],"product_tag":[91,1195,1194,66],"class_list":{"0":"post-9293","1":"product","2":"type-product","3":"status-publish","4":"has-post-thumbnail","6":"product_brand-hana-hegerova","7":"product_brand-jaro-filip","8":"product_cat-noty","9":"product_tag-flauta","10":"product_tag-gitara","11":"product_tag-piano","12":"product_tag-spev","14":"first","15":"outofstock","16":"downloadable","17":"virtual","18":"taxable","19":"purchasable","20":"product-type-simple"},"yoast_head":"<!-- This site is optimized with the Yoast SEO plugin v27.4 - https:\/\/yoast.com\/product\/yoast-seo-wordpress\/ -->\n<title>Hana Hegerov\u00e1 - \u010cere\u0161ne \u2013 Jaro Filip - Peter \u010cerni\u010dka | Noty | HUDOBN\u00c9 PODKLADY<\/title>\n<meta name=\"description\" content=\"Noty pre klav\u00edr, gitaru, flautu a spev.\" \/>\n<meta name=\"robots\" content=\"index, follow, max-snippet:-1, max-image-preview:large, max-video-preview:-1\" \/>\n<link rel=\"canonical\" href=\"https:\/\/shop.petercernicka.eu\/de\/shop\/noty\/hana-hegerova-ceresne-jaro-filip\/\" \/>\n<meta property=\"og:locale\" content=\"de_DE\" \/>\n<meta property=\"og:type\" content=\"article\" \/>\n<meta property=\"og:title\" content=\"Hana Hegerov\u00e1 - \u010cere\u0161ne \u2013 Jaro Filip\" \/>\n<meta property=\"og:description\" content=\"Noty pre klav\u00edr, gitaru, flautu a spev.\" \/>\n<meta property=\"og:url\" content=\"https:\/\/shop.petercernicka.eu\/de\/shop\/noty\/hana-hegerova-ceresne-jaro-filip\/\" \/>\n<meta property=\"og:site_name\" content=\"Peter \u010cerni\u010dka | Noty | HUDOBN\u00c9 PODKLADY\" \/>\n<meta property=\"article:publisher\" content=\"https:\/\/www.facebook.com\/petercernickanoty\" \/>\n<meta property=\"article:modified_time\" content=\"2026-01-31T13:47:00+00:00\" \/>\n<meta property=\"og:image\" content=\"https:\/\/shop.petercernicka.eu\/wp-content\/uploads\/2025\/05\/ceresne-noty-hana-hegerova.jpg\" \/>\n\t<meta property=\"og:image:width\" content=\"480\" \/>\n\t<meta property=\"og:image:height\" content=\"360\" \/>\n\t<meta property=\"og:image:type\" content=\"image\/jpeg\" \/>\n<meta name=\"twitter:card\" content=\"summary_large_image\" \/>\n<meta name=\"twitter:label1\" content=\"Gesch\u00e4tzte Lesezeit\" \/>\n\t<meta name=\"twitter:data1\" content=\"1\u00a0Minute\" \/>\n<script type=\"application\/ld+json\" class=\"yoast-schema-graph\">{\"@context\":\"https:\\\/\\\/schema.org\",\"@graph\":[{\"@type\":\"WebPage\",\"@id\":\"https:\\\/\\\/shop.petercernicka.eu\\\/shop\\\/noty\\\/hana-hegerova-ceresne-jaro-filip\\\/\",\"url\":\"https:\\\/\\\/shop.petercernicka.eu\\\/shop\\\/noty\\\/hana-hegerova-ceresne-jaro-filip\\\/\",\"name\":\"Hana Hegerov\u00e1 - \u010cere\u0161ne \u2013 Jaro Filip - Peter \u010cerni\u010dka | Noty | HUDOBN\u00c9 PODKLADY\",\"isPartOf\":{\"@id\":\"https:\\\/\\\/shop.petercernicka.eu\\\/#website\"},\"primaryImageOfPage\":{\"@id\":\"https:\\\/\\\/shop.petercernicka.eu\\\/shop\\\/noty\\\/hana-hegerova-ceresne-jaro-filip\\\/#primaryimage\"},\"image\":{\"@id\":\"https:\\\/\\\/shop.petercernicka.eu\\\/shop\\\/noty\\\/hana-hegerova-ceresne-jaro-filip\\\/#primaryimage\"},\"thumbnailUrl\":\"https:\\\/\\\/shop.petercernicka.eu\\\/wp-content\\\/uploads\\\/2025\\\/05\\\/ceresne-noty-hana-hegerova.jpg\",\"datePublished\":\"2025-05-11T15:14:12+00:00\",\"dateModified\":\"2026-01-31T13:47:00+00:00\",\"description\":\"Noty pre klav\u00edr, gitaru, flautu a spev.\",\"breadcrumb\":{\"@id\":\"https:\\\/\\\/shop.petercernicka.eu\\\/shop\\\/noty\\\/hana-hegerova-ceresne-jaro-filip\\\/#breadcrumb\"},\"inLanguage\":\"de\",\"potentialAction\":[{\"@type\":\"ReadAction\",\"target\":[\"https:\\\/\\\/shop.petercernicka.eu\\\/shop\\\/noty\\\/hana-hegerova-ceresne-jaro-filip\\\/\"]}]},{\"@type\":\"ImageObject\",\"inLanguage\":\"de\",\"@id\":\"https:\\\/\\\/shop.petercernicka.eu\\\/shop\\\/noty\\\/hana-hegerova-ceresne-jaro-filip\\\/#primaryimage\",\"url\":\"https:\\\/\\\/shop.petercernicka.eu\\\/wp-content\\\/uploads\\\/2025\\\/05\\\/ceresne-noty-hana-hegerova.jpg\",\"contentUrl\":\"https:\\\/\\\/shop.petercernicka.eu\\\/wp-content\\\/uploads\\\/2025\\\/05\\\/ceresne-noty-hana-hegerova.jpg\",\"width\":480,\"height\":360},{\"@type\":\"BreadcrumbList\",\"@id\":\"https:\\\/\\\/shop.petercernicka.eu\\\/shop\\\/noty\\\/hana-hegerova-ceresne-jaro-filip\\\/#breadcrumb\",\"itemListElement\":[{\"@type\":\"ListItem\",\"position\":1,\"name\":\"Home\",\"item\":\"https:\\\/\\\/shop.petercernicka.eu\\\/\"},{\"@type\":\"ListItem\",\"position\":2,\"name\":\"Produkty\",\"item\":\"https:\\\/\\\/shop.petercernicka.eu\\\/obchod\\\/\"},{\"@type\":\"ListItem\",\"position\":3,\"name\":\"Hana Hegerov\u00e1 &#8211; \u010cere\u0161ne \u2013 Jaro Filip\"}]},{\"@type\":\"WebSite\",\"@id\":\"https:\\\/\\\/shop.petercernicka.eu\\\/#website\",\"url\":\"https:\\\/\\\/shop.petercernicka.eu\\\/\",\"name\":\"Peter \u010cerni\u010dka | Noty | HUDOBN\u00c9 PODKLADY\",\"description\":\"\u013eudov\u00e9 piesne, popul\u00e1rne \u0161l\u00e1gre, \u010desko-slovensk\u00e9 hity, cig\u00e1nske piesne, ewergreeny, viano\u010dn\u00e9 koledy\",\"potentialAction\":[{\"@type\":\"SearchAction\",\"target\":{\"@type\":\"EntryPoint\",\"urlTemplate\":\"https:\\\/\\\/shop.petercernicka.eu\\\/?s={search_term_string}\"},\"query-input\":{\"@type\":\"PropertyValueSpecification\",\"valueRequired\":true,\"valueName\":\"search_term_string\"}}],\"inLanguage\":\"de\"}]}<\/script>\n<!-- \/ Yoast SEO plugin. -->","yoast_head_json":{"title":"Hana Hegerov\u00e1 - \u010cere\u0161ne \u2013 Jaro Filip - Peter \u010cerni\u010dka | Noty | HUDOBN\u00c9 PODKLADY","description":"Noty pre klav\u00edr, gitaru, flautu a spev.","robots":{"index":"index","follow":"follow","max-snippet":"max-snippet:-1","max-image-preview":"max-image-preview:large","max-video-preview":"max-video-preview:-1"},"canonical":"https:\/\/shop.petercernicka.eu\/de\/shop\/noty\/hana-hegerova-ceresne-jaro-filip\/","og_locale":"de_DE","og_type":"article","og_title":"Hana Hegerov\u00e1 - \u010cere\u0161ne \u2013 Jaro Filip","og_description":"Noty pre klav\u00edr, gitaru, flautu a spev.","og_url":"https:\/\/shop.petercernicka.eu\/de\/shop\/noty\/hana-hegerova-ceresne-jaro-filip\/","og_site_name":"Peter \u010cerni\u010dka | Noty | HUDOBN\u00c9 PODKLADY","article_publisher":"https:\/\/www.facebook.com\/petercernickanoty","article_modified_time":"2026-01-31T13:47:00+00:00","og_image":[{"width":480,"height":360,"url":"https:\/\/shop.petercernicka.eu\/wp-content\/uploads\/2025\/05\/ceresne-noty-hana-hegerova.jpg","type":"image\/jpeg"}],"twitter_card":"summary_large_image","twitter_misc":{"Gesch\u00e4tzte Lesezeit":"1\u00a0Minute"},"schema":{"@context":"https:\/\/schema.org","@graph":[{"@type":"WebPage","@id":"https:\/\/shop.petercernicka.eu\/shop\/noty\/hana-hegerova-ceresne-jaro-filip\/","url":"https:\/\/shop.petercernicka.eu\/shop\/noty\/hana-hegerova-ceresne-jaro-filip\/","name":"Hana Hegerov\u00e1 - \u010cere\u0161ne \u2013 Jaro Filip - Peter \u010cerni\u010dka | Noty | HUDOBN\u00c9 PODKLADY","isPartOf":{"@id":"https:\/\/shop.petercernicka.eu\/#website"},"primaryImageOfPage":{"@id":"https:\/\/shop.petercernicka.eu\/shop\/noty\/hana-hegerova-ceresne-jaro-filip\/#primaryimage"},"image":{"@id":"https:\/\/shop.petercernicka.eu\/shop\/noty\/hana-hegerova-ceresne-jaro-filip\/#primaryimage"},"thumbnailUrl":"https:\/\/shop.petercernicka.eu\/wp-content\/uploads\/2025\/05\/ceresne-noty-hana-hegerova.jpg","datePublished":"2025-05-11T15:14:12+00:00","dateModified":"2026-01-31T13:47:00+00:00","description":"Noty pre klav\u00edr, gitaru, flautu a spev.","breadcrumb":{"@id":"https:\/\/shop.petercernicka.eu\/shop\/noty\/hana-hegerova-ceresne-jaro-filip\/#breadcrumb"},"inLanguage":"de","potentialAction":[{"@type":"ReadAction","target":["https:\/\/shop.petercernicka.eu\/shop\/noty\/hana-hegerova-ceresne-jaro-filip\/"]}]},{"@type":"ImageObject","inLanguage":"de","@id":"https:\/\/shop.petercernicka.eu\/shop\/noty\/hana-hegerova-ceresne-jaro-filip\/#primaryimage","url":"https:\/\/shop.petercernicka.eu\/wp-content\/uploads\/2025\/05\/ceresne-noty-hana-hegerova.jpg","contentUrl":"https:\/\/shop.petercernicka.eu\/wp-content\/uploads\/2025\/05\/ceresne-noty-hana-hegerova.jpg","width":480,"height":360},{"@type":"BreadcrumbList","@id":"https:\/\/shop.petercernicka.eu\/shop\/noty\/hana-hegerova-ceresne-jaro-filip\/#breadcrumb","itemListElement":[{"@type":"ListItem","position":1,"name":"Home","item":"https:\/\/shop.petercernicka.eu\/"},{"@type":"ListItem","position":2,"name":"Produkty","item":"https:\/\/shop.petercernicka.eu\/obchod\/"},{"@type":"ListItem","position":3,"name":"Hana Hegerov\u00e1 &#8211; \u010cere\u0161ne \u2013 Jaro Filip"}]},{"@type":"WebSite","@id":"https:\/\/shop.petercernicka.eu\/#website","url":"https:\/\/shop.petercernicka.eu\/","name":"Peter \u010cerni\u010dka | Noty | HUDOBN\u00c9 PODKLADY","description":"Volkslieder, Schlager, Tschechoslowakische Schlager, Zigeunerlieder, Evergreens, Weihnachtslieder","potentialAction":[{"@type":"SearchAction","target":{"@type":"EntryPoint","urlTemplate":"https:\/\/shop.petercernicka.eu\/?s={search_term_string}"},"query-input":{"@type":"PropertyValueSpecification","valueRequired":true,"valueName":"search_term_string"}}],"inLanguage":"de"}]}},"_links":{"self":[{"href":"https:\/\/shop.petercernicka.eu\/de\/wp-json\/wp\/v2\/product\/9293","targetHints":{"allow":["GET"]}}],"collection":[{"href":"https:\/\/shop.petercernicka.eu\/de\/wp-json\/wp\/v2\/product"}],"about":[{"href":"https:\/\/shop.petercernicka.eu\/de\/wp-json\/wp\/v2\/types\/product"}],"replies":[{"embeddable":true,"href":"https:\/\/shop.petercernicka.eu\/de\/wp-json\/wp\/v2\/comments?post=9293"}],"wp:featuredmedia":[{"embeddable":true,"href":"https:\/\/shop.petercernicka.eu\/de\/wp-json\/wp\/v2\/media\/9294"}],"wp:attachment":[{"href":"https:\/\/shop.petercernicka.eu\/de\/wp-json\/wp\/v2\/media?parent=9293"}],"wp:term":[{"taxonomy":"product_brand","embeddable":true,"href":"https:\/\/shop.petercernicka.eu\/de\/wp-json\/wp\/v2\/product_brand?post=9293"},{"taxonomy":"product_cat","embeddable":true,"href":"https:\/\/shop.petercernicka.eu\/de\/wp-json\/wp\/v2\/product_cat?post=9293"},{"taxonomy":"product_tag","embeddable":true,"href":"https:\/\/shop.petercernicka.eu\/de\/wp-json\/wp\/v2\/product_tag?post=9293"}],"curies":[{"name":"wp","href":"https:\/\/api.w.org\/{rel}","templated":true}]}}