{"id":8912,"date":"2021-11-02T12:00:25","date_gmt":"2021-11-02T11:00:25","guid":{"rendered":"https:\/\/shop.petercernicka.eu\/?post_type=product&#038;p=8912"},"modified":"2025-05-11T11:21:24","modified_gmt":"2025-05-11T09:21:24","slug":"ivetka-gregusova-velmi-ta-lubim-mama-2","status":"publish","type":"product","link":"https:\/\/shop.petercernicka.eu\/de\/shop\/hudobne-podklady\/detske-pesnicky\/ivetka-gregusova-velmi-ta-lubim-mama-2\/","title":{"rendered":"Ivetka Gregu\u0161ov\u00e1 &#8211; Ve\u013emi \u0164a \u013e\u00fabim, mama"},"content":{"rendered":"<p><span style=\"color: #000000; font-size: 12pt;\">Ivetka Gregu\u0161ov\u00e1 &#8211; Ve\u013emi \u0164a \u013e\u00fabim, mama<br \/>\n(Pavel Zaj\u00e1\u010dek, J\u00e1n Gregu\u0161 \/ J\u00e1n Gregu\u0161)<\/span><\/p>\n<p>1.Pri\u0161la som na tento svet,<br \/>\nako mali\u010dk\u00fd ru\u017eov\u00fd kvet,<br \/>\nIvetka anjelik vravia<br \/>\nasi som utiekla z raja.<\/p>\n<p>2.Belas\u00fd \u017eivot det\u00ed,<br \/>\nako l\u00fa\u010d do ticha let\u00ed<br \/>\n\u00fasmevy, nebesk\u00e9 o\u010dk\u00e1,<br \/>\nna dlani snehov\u00e1 vlo\u010dka.<\/p>\n<p>R:Ve\u013emi \u0164a \u013e\u00fabim, mama<br \/>\nneviem by\u0165 chvi\u013eku sama,<br \/>\ns b\u00e1bikou rada sa hr\u00e1vam,<br \/>\nv objat\u00ed Tvojom zasp\u00e1vam.<\/p>\n<p>Ve\u013emi \u0164a \u013e\u00fabim, mama<br \/>\nneviem by\u0165 chvi\u013eku sama,<br \/>\npre l\u00e1sku \u017eijeme dvaja<br \/>\nspolu s oteckom sme traja.<\/p>\n<p>3.Srdie\u010dko, l\u00e1ska hreje,<br \/>\nnebesk\u00e1 piese\u0148 znie,<br \/>\nnesp\u00e1\u013e si kr\u00eddelka du\u0161e,<br \/>\nchovaj sa na zemi slu\u0161ne.<\/p>\n<p>R: Ve\u013emi \u0165a \u013e\u00fabim, mama&#8230;<\/p>\n<p>4.Lalalalalala, lalalalalala,<br \/>\ns b\u00e1bikou rada sa hr\u00e1vam<br \/>\nv objat\u00ed Tvojom zasp\u00e1vam.<\/p>\n<p>5.Ve\u013emi \u0164a \u013e\u00fabim, mama<br \/>\nneviem by\u0165 chvi\u013eku sama,<br \/>\ns b\u00e1bikou rada sa hr\u00e1vam,<br \/>\nv objat\u00ed Tvojom zasp\u00e1vam.<\/p>","protected":false},"excerpt":{"rendered":"<p><audio class=\"wp-audio-shortcode\" id=\"audio-8912-1\" preload=\"none\" style=\"width: 100%;\" controls=\"controls\"><source type=\"audio\/mpeg\" src=\"https:\/\/hudobnepodklady.petercernicka.eu\/wp-content\/uploads\/2021\/11\/Velmi-ta-lubim-mama.mp3?_=1\" \/><a href=\"https:\/\/hudobnepodklady.petercernicka.eu\/wp-content\/uploads\/2021\/11\/Velmi-ta-lubim-mama.mp3\">https:\/\/hudobnepodklady.petercernicka.eu\/wp-content\/uploads\/2021\/11\/Velmi-ta-lubim-mama.mp3<\/a><\/audio><\/p>","protected":false},"featured_media":8907,"comment_status":"open","ping_status":"closed","template":"","meta":{"om_disable_all_campaigns":false},"product_brand":[],"product_cat":[1164,1160],"product_tag":[1187],"class_list":{"0":"post-8912","1":"product","2":"type-product","3":"status-publish","4":"has-post-thumbnail","6":"product_cat-detske-pesnicky","7":"product_cat-hudobne-podklady","8":"product_tag-hudobne-podklady","10":"first","11":"instock","12":"downloadable","13":"virtual","14":"taxable","15":"purchasable","16":"product-type-simple"},"yoast_head":"<!-- This site is optimized with the Yoast SEO plugin v27.4 - https:\/\/yoast.com\/product\/yoast-seo-wordpress\/ -->\n<title>Ivetka Gregu\u0161ov\u00e1 - Ve\u013emi \u0164a \u013e\u00fabim, mama - Peter \u010cerni\u010dka | Noty | HUDOBN\u00c9 PODKLADY<\/title>\n<meta name=\"robots\" content=\"index, follow, max-snippet:-1, max-image-preview:large, max-video-preview:-1\" \/>\n<link rel=\"canonical\" href=\"https:\/\/shop.petercernicka.eu\/de\/shop\/nezaraden\u00e9\/ivetka-gregusova-velmi-ta-lubim-mama-2\/\" \/>\n<meta property=\"og:locale\" content=\"de_DE\" \/>\n<meta property=\"og:type\" content=\"article\" \/>\n<meta property=\"og:title\" content=\"Ivetka Gregu\u0161ov\u00e1 - Ve\u013emi \u0164a \u013e\u00fabim, mama - Peter \u010cerni\u010dka | Noty | HUDOBN\u00c9 PODKLADY\" \/>\n<meta property=\"og:url\" content=\"https:\/\/shop.petercernicka.eu\/de\/shop\/nezaraden\u00e9\/ivetka-gregusova-velmi-ta-lubim-mama-2\/\" \/>\n<meta property=\"og:site_name\" content=\"Peter \u010cerni\u010dka | Noty | HUDOBN\u00c9 PODKLADY\" \/>\n<meta property=\"article:publisher\" content=\"https:\/\/www.facebook.com\/petercernickanoty\" \/>\n<meta property=\"article:modified_time\" content=\"2025-05-11T09:21:24+00:00\" \/>\n<meta name=\"twitter:card\" content=\"summary_large_image\" \/>\n<meta name=\"twitter:description\" content=\"[audio mp3=&quot;https:\/\/hudobnepodklady.petercernicka.eu\/wp-content\/uploads\/2021\/11\/Velmi-ta-lubim-mama.mp3&quot;][\/audio]\" \/>\n<meta name=\"twitter:label1\" content=\"Gesch\u00e4tzte Lesezeit\" \/>\n\t<meta name=\"twitter:data1\" content=\"1\u00a0Minute\" \/>\n<script type=\"application\/ld+json\" class=\"yoast-schema-graph\">{\"@context\":\"https:\\\/\\\/schema.org\",\"@graph\":[{\"@type\":\"WebPage\",\"@id\":\"https:\\\/\\\/shop.petercernicka.eu\\\/shop\\\/nezaraden\u00e9\\\/ivetka-gregusova-velmi-ta-lubim-mama-2\\\/\",\"url\":\"https:\\\/\\\/shop.petercernicka.eu\\\/shop\\\/nezaraden\u00e9\\\/ivetka-gregusova-velmi-ta-lubim-mama-2\\\/\",\"name\":\"Ivetka Gregu\u0161ov\u00e1 - Ve\u013emi \u0164a \u013e\u00fabim, mama - Peter \u010cerni\u010dka | Noty | HUDOBN\u00c9 PODKLADY\",\"isPartOf\":{\"@id\":\"https:\\\/\\\/shop.petercernicka.eu\\\/#website\"},\"primaryImageOfPage\":{\"@id\":\"https:\\\/\\\/shop.petercernicka.eu\\\/shop\\\/nezaraden\u00e9\\\/ivetka-gregusova-velmi-ta-lubim-mama-2\\\/#primaryimage\"},\"image\":{\"@id\":\"https:\\\/\\\/shop.petercernicka.eu\\\/shop\\\/nezaraden\u00e9\\\/ivetka-gregusova-velmi-ta-lubim-mama-2\\\/#primaryimage\"},\"thumbnailUrl\":\"https:\\\/\\\/shop.petercernicka.eu\\\/wp-content\\\/uploads\\\/2025\\\/04\\\/Ivetka-Gregusova-Velmi-Ta-lubim-mama.jpg\",\"datePublished\":\"2021-11-02T11:00:25+00:00\",\"dateModified\":\"2025-05-11T09:21:24+00:00\",\"breadcrumb\":{\"@id\":\"https:\\\/\\\/shop.petercernicka.eu\\\/shop\\\/nezaraden\u00e9\\\/ivetka-gregusova-velmi-ta-lubim-mama-2\\\/#breadcrumb\"},\"inLanguage\":\"de\",\"potentialAction\":[{\"@type\":\"ReadAction\",\"target\":[\"https:\\\/\\\/shop.petercernicka.eu\\\/shop\\\/nezaraden\u00e9\\\/ivetka-gregusova-velmi-ta-lubim-mama-2\\\/\"]}]},{\"@type\":\"ImageObject\",\"inLanguage\":\"de\",\"@id\":\"https:\\\/\\\/shop.petercernicka.eu\\\/shop\\\/nezaraden\u00e9\\\/ivetka-gregusova-velmi-ta-lubim-mama-2\\\/#primaryimage\",\"url\":\"https:\\\/\\\/shop.petercernicka.eu\\\/wp-content\\\/uploads\\\/2025\\\/04\\\/Ivetka-Gregusova-Velmi-Ta-lubim-mama.jpg\",\"contentUrl\":\"https:\\\/\\\/shop.petercernicka.eu\\\/wp-content\\\/uploads\\\/2025\\\/04\\\/Ivetka-Gregusova-Velmi-Ta-lubim-mama.jpg\",\"width\":400,\"height\":400,\"caption\":\"hudobny podklad\"},{\"@type\":\"BreadcrumbList\",\"@id\":\"https:\\\/\\\/shop.petercernicka.eu\\\/shop\\\/nezaraden\u00e9\\\/ivetka-gregusova-velmi-ta-lubim-mama-2\\\/#breadcrumb\",\"itemListElement\":[{\"@type\":\"ListItem\",\"position\":1,\"name\":\"Home\",\"item\":\"https:\\\/\\\/shop.petercernicka.eu\\\/\"},{\"@type\":\"ListItem\",\"position\":2,\"name\":\"Produkty\",\"item\":\"https:\\\/\\\/shop.petercernicka.eu\\\/obchod\\\/\"},{\"@type\":\"ListItem\",\"position\":3,\"name\":\"Ivetka Gregu\u0161ov\u00e1 &#8211; Ve\u013emi \u0164a \u013e\u00fabim, mama\"}]},{\"@type\":\"WebSite\",\"@id\":\"https:\\\/\\\/shop.petercernicka.eu\\\/#website\",\"url\":\"https:\\\/\\\/shop.petercernicka.eu\\\/\",\"name\":\"Peter \u010cerni\u010dka | Noty | HUDOBN\u00c9 PODKLADY\",\"description\":\"\u013eudov\u00e9 piesne, popul\u00e1rne \u0161l\u00e1gre, \u010desko-slovensk\u00e9 hity, cig\u00e1nske piesne, ewergreeny, viano\u010dn\u00e9 koledy\",\"potentialAction\":[{\"@type\":\"SearchAction\",\"target\":{\"@type\":\"EntryPoint\",\"urlTemplate\":\"https:\\\/\\\/shop.petercernicka.eu\\\/?s={search_term_string}\"},\"query-input\":{\"@type\":\"PropertyValueSpecification\",\"valueRequired\":true,\"valueName\":\"search_term_string\"}}],\"inLanguage\":\"de\"}]}<\/script>\n<!-- \/ Yoast SEO plugin. -->","yoast_head_json":{"title":"Ivetka Gregu\u0161ov\u00e1 - Ve\u013emi \u0164a \u013e\u00fabim, mama - Peter \u010cerni\u010dka | Noty | HUDOBN\u00c9 PODKLADY","robots":{"index":"index","follow":"follow","max-snippet":"max-snippet:-1","max-image-preview":"max-image-preview:large","max-video-preview":"max-video-preview:-1"},"canonical":"https:\/\/shop.petercernicka.eu\/de\/shop\/nezaraden\u00e9\/ivetka-gregusova-velmi-ta-lubim-mama-2\/","og_locale":"de_DE","og_type":"article","og_title":"Ivetka Gregu\u0161ov\u00e1 - Ve\u013emi \u0164a \u013e\u00fabim, mama - Peter \u010cerni\u010dka | Noty | HUDOBN\u00c9 PODKLADY","og_url":"https:\/\/shop.petercernicka.eu\/de\/shop\/nezaraden\u00e9\/ivetka-gregusova-velmi-ta-lubim-mama-2\/","og_site_name":"Peter \u010cerni\u010dka | Noty | HUDOBN\u00c9 PODKLADY","article_publisher":"https:\/\/www.facebook.com\/petercernickanoty","article_modified_time":"2025-05-11T09:21:24+00:00","twitter_card":"summary_large_image","twitter_description":"[audio mp3=\"https:\/\/hudobnepodklady.petercernicka.eu\/wp-content\/uploads\/2021\/11\/Velmi-ta-lubim-mama.mp3\"][\/audio]","twitter_misc":{"Gesch\u00e4tzte Lesezeit":"1\u00a0Minute"},"schema":{"@context":"https:\/\/schema.org","@graph":[{"@type":"WebPage","@id":"https:\/\/shop.petercernicka.eu\/shop\/nezaraden\u00e9\/ivetka-gregusova-velmi-ta-lubim-mama-2\/","url":"https:\/\/shop.petercernicka.eu\/shop\/nezaraden\u00e9\/ivetka-gregusova-velmi-ta-lubim-mama-2\/","name":"Ivetka Gregu\u0161ov\u00e1 - Ve\u013emi \u0164a \u013e\u00fabim, mama - Peter \u010cerni\u010dka | Noty | HUDOBN\u00c9 PODKLADY","isPartOf":{"@id":"https:\/\/shop.petercernicka.eu\/#website"},"primaryImageOfPage":{"@id":"https:\/\/shop.petercernicka.eu\/shop\/nezaraden\u00e9\/ivetka-gregusova-velmi-ta-lubim-mama-2\/#primaryimage"},"image":{"@id":"https:\/\/shop.petercernicka.eu\/shop\/nezaraden\u00e9\/ivetka-gregusova-velmi-ta-lubim-mama-2\/#primaryimage"},"thumbnailUrl":"https:\/\/shop.petercernicka.eu\/wp-content\/uploads\/2025\/04\/Ivetka-Gregusova-Velmi-Ta-lubim-mama.jpg","datePublished":"2021-11-02T11:00:25+00:00","dateModified":"2025-05-11T09:21:24+00:00","breadcrumb":{"@id":"https:\/\/shop.petercernicka.eu\/shop\/nezaraden\u00e9\/ivetka-gregusova-velmi-ta-lubim-mama-2\/#breadcrumb"},"inLanguage":"de","potentialAction":[{"@type":"ReadAction","target":["https:\/\/shop.petercernicka.eu\/shop\/nezaraden\u00e9\/ivetka-gregusova-velmi-ta-lubim-mama-2\/"]}]},{"@type":"ImageObject","inLanguage":"de","@id":"https:\/\/shop.petercernicka.eu\/shop\/nezaraden\u00e9\/ivetka-gregusova-velmi-ta-lubim-mama-2\/#primaryimage","url":"https:\/\/shop.petercernicka.eu\/wp-content\/uploads\/2025\/04\/Ivetka-Gregusova-Velmi-Ta-lubim-mama.jpg","contentUrl":"https:\/\/shop.petercernicka.eu\/wp-content\/uploads\/2025\/04\/Ivetka-Gregusova-Velmi-Ta-lubim-mama.jpg","width":400,"height":400,"caption":"hudobny podklad"},{"@type":"BreadcrumbList","@id":"https:\/\/shop.petercernicka.eu\/shop\/nezaraden\u00e9\/ivetka-gregusova-velmi-ta-lubim-mama-2\/#breadcrumb","itemListElement":[{"@type":"ListItem","position":1,"name":"Home","item":"https:\/\/shop.petercernicka.eu\/"},{"@type":"ListItem","position":2,"name":"Produkty","item":"https:\/\/shop.petercernicka.eu\/obchod\/"},{"@type":"ListItem","position":3,"name":"Ivetka Gregu\u0161ov\u00e1 &#8211; Ve\u013emi \u0164a \u013e\u00fabim, mama"}]},{"@type":"WebSite","@id":"https:\/\/shop.petercernicka.eu\/#website","url":"https:\/\/shop.petercernicka.eu\/","name":"Peter \u010cerni\u010dka | Noty | HUDOBN\u00c9 PODKLADY","description":"Volkslieder, Schlager, Tschechoslowakische Schlager, Zigeunerlieder, Evergreens, Weihnachtslieder","potentialAction":[{"@type":"SearchAction","target":{"@type":"EntryPoint","urlTemplate":"https:\/\/shop.petercernicka.eu\/?s={search_term_string}"},"query-input":{"@type":"PropertyValueSpecification","valueRequired":true,"valueName":"search_term_string"}}],"inLanguage":"de"}]}},"_links":{"self":[{"href":"https:\/\/shop.petercernicka.eu\/de\/wp-json\/wp\/v2\/product\/8912","targetHints":{"allow":["GET"]}}],"collection":[{"href":"https:\/\/shop.petercernicka.eu\/de\/wp-json\/wp\/v2\/product"}],"about":[{"href":"https:\/\/shop.petercernicka.eu\/de\/wp-json\/wp\/v2\/types\/product"}],"replies":[{"embeddable":true,"href":"https:\/\/shop.petercernicka.eu\/de\/wp-json\/wp\/v2\/comments?post=8912"}],"wp:featuredmedia":[{"embeddable":true,"href":"https:\/\/shop.petercernicka.eu\/de\/wp-json\/wp\/v2\/media\/8907"}],"wp:attachment":[{"href":"https:\/\/shop.petercernicka.eu\/de\/wp-json\/wp\/v2\/media?parent=8912"}],"wp:term":[{"taxonomy":"product_brand","embeddable":true,"href":"https:\/\/shop.petercernicka.eu\/de\/wp-json\/wp\/v2\/product_brand?post=8912"},{"taxonomy":"product_cat","embeddable":true,"href":"https:\/\/shop.petercernicka.eu\/de\/wp-json\/wp\/v2\/product_cat?post=8912"},{"taxonomy":"product_tag","embeddable":true,"href":"https:\/\/shop.petercernicka.eu\/de\/wp-json\/wp\/v2\/product_tag?post=8912"}],"curies":[{"name":"wp","href":"https:\/\/api.w.org\/{rel}","templated":true}]}}