{"id":8731,"date":"2025-02-18T08:10:58","date_gmt":"2025-02-18T07:10:58","guid":{"rendered":"https:\/\/shop.petercernicka.eu\/?post_type=product&#038;p=8731"},"modified":"2026-01-31T14:47:01","modified_gmt":"2026-01-31T13:47:01","slug":"jahody-mrazeny-noty-pre-dychovku","status":"publish","type":"product","link":"https:\/\/shop.petercernicka.eu\/de\/shop\/dychova-hudba\/jahody-mrazeny-noty-pre-dychovku\/","title":{"rendered":"Jahody mra\u017een\u00fd &#8211; noty pre dychovku"},"content":{"rendered":"<p>Poslala m\u011b moje d\u00edvka pro jahody \u010derven\u00fd,<br \/>\nbez nich se pr\u00fd nem\u00e1m vracet, tak tu stoj\u00edm ztr\u00e1pen\u00fd.<br \/>\nKdy\u017e se d\u00edv\u00e1m co je sn\u011bhu, fouk\u00e1 v\u00edtr, p\u00e1l\u00ed mr\u00e1z,<br \/>\nmo\u017en\u00e1 \u017ee si d\u011bv\u010de mysl\u00ed, \u017ee se mi tak zbav\u00ed sn\u00e1z.<\/p>\n<p>\u00ae: Zapom\u011bla v\u00e1\u017een\u00ed, na jahody mra\u017een\u00fd,<br \/>\nna jahody mra\u017een\u00fd, v igelitu balen\u00fd.<br \/>\nZapom\u011bla v\u00e1\u017een\u00ed, na jahody mra\u017een\u00fd,<br \/>\nna jahody mra\u017een\u00fd, v igelitu balen\u00fd.<\/p>\n<p>Poh\u00e1dku to p\u0159ipom\u00edn\u00e1 o dvan\u00e1cti m\u011bs\u00ed\u010dk\u00e1ch<br \/>\nnecht\u011bla mi \u0159\u00edci sbohem, te\u010f bych cht\u011bla abych pl\u00e1ch.<br \/>\nMohl bych se klidn\u011b vr\u00e1tit, v\u00edm v\u0161ak \u017ee m\u011b ne\u010dek\u00e1,<br \/>\nm\u011bla mi to \u0159\u00edci rovnou, \u017ee jin\u00e9ho r\u00e1da m\u00e1.<\/p>\n<p>\u00ae: Zapom\u011bla v\u00e1\u017een\u00ed, na jahody mra\u017een\u00fd,<br \/>\nna jahody mra\u017een\u00fd, v igelitu balen\u00fd.<br \/>\nZapom\u011bla v\u00e1\u017een\u00ed, na jahody mra\u017een\u00fd,<br \/>\nna jahody mra\u017een\u00fd, v igelitu balen\u00fd.<\/p>\n<p>\u00ae: Zapom\u011bla v\u00e1\u017een\u00ed, na jahody mra\u017een\u00fd,<br \/>\nna jahody mra\u017een\u00fd, v igelitu balen\u00fd.<br \/>\nZapom\u011bla v\u00e1\u017een\u00ed, na jahody mra\u017een\u00fd,<br \/>\nna jahody mra\u017een\u00fd, v igelitu ba&#8230; .<\/p>","protected":false},"excerpt":{"rendered":"<p>Poslala m\u011b moje d\u00edvka pro jahody \u010derven\u00fd, bez nich se pr\u00fd nem\u00e1m vracet, tak tu stoj\u00edm ztr\u00e1pen\u00fd. Kdy\u017e se d\u00edv\u00e1m co je sn\u011bhu, fouk\u00e1 v\u00edtr, p\u00e1l\u00ed mr\u00e1z, mo\u017en\u00e1 \u017ee si d\u011bv\u010de mysl\u00ed, \u017ee se mi tak zbav\u00ed sn\u00e1z. \u00ae: Zapom\u011bla v\u00e1\u017een\u00ed, na [&hellip;]<\/p>\n","protected":false},"featured_media":8705,"comment_status":"closed","ping_status":"closed","template":"","meta":{"om_disable_all_campaigns":false},"product_brand":[],"product_cat":[36,1168],"product_tag":[1188],"class_list":{"0":"post-8731","1":"product","2":"type-product","3":"status-publish","4":"has-post-thumbnail","6":"product_cat-dychova-hudba","7":"product_cat-noty","8":"product_tag-noty","10":"first","11":"outofstock","12":"downloadable","13":"virtual","14":"taxable","15":"purchasable","16":"product-type-simple"},"yoast_head":"<!-- This site is optimized with the Yoast SEO plugin v27.4 - https:\/\/yoast.com\/product\/yoast-seo-wordpress\/ -->\n<title>Jahody mra\u017een\u00fd - noty pre dychovku - Peter \u010cerni\u010dka | Noty | HUDOBN\u00c9 PODKLADY<\/title>\n<meta name=\"robots\" content=\"index, follow, max-snippet:-1, max-image-preview:large, max-video-preview:-1\" \/>\n<link rel=\"canonical\" href=\"https:\/\/shop.petercernicka.eu\/de\/shop\/dychova-hudba\/jahody-mrazeny-noty-pre-dychovku\/\" \/>\n<meta property=\"og:locale\" content=\"de_DE\" \/>\n<meta property=\"og:type\" content=\"article\" \/>\n<meta property=\"og:title\" content=\"Jahody mra\u017een\u00fd - noty pre dychovku\" \/>\n<meta property=\"og:description\" content=\"Zmes piesn\u00ed\" \/>\n<meta property=\"og:url\" content=\"https:\/\/shop.petercernicka.eu\/de\/shop\/dychova-hudba\/jahody-mrazeny-noty-pre-dychovku\/\" \/>\n<meta property=\"og:site_name\" content=\"Peter \u010cerni\u010dka | Noty | HUDOBN\u00c9 PODKLADY\" \/>\n<meta property=\"article:publisher\" content=\"https:\/\/www.facebook.com\/petercernickanoty\" \/>\n<meta property=\"article:modified_time\" content=\"2026-01-31T13:47:01+00:00\" \/>\n<meta property=\"og:image\" content=\"https:\/\/shop.petercernicka.eu\/wp-content\/uploads\/2025\/02\/Jahody-mrazeny-DYCHOVA-HUDBA.jpg\" \/>\n\t<meta property=\"og:image:width\" content=\"599\" \/>\n\t<meta property=\"og:image:height\" content=\"864\" \/>\n\t<meta property=\"og:image:type\" content=\"image\/jpeg\" \/>\n<meta name=\"twitter:card\" content=\"summary_large_image\" \/>\n<meta name=\"twitter:label1\" content=\"Gesch\u00e4tzte Lesezeit\" \/>\n\t<meta name=\"twitter:data1\" content=\"1\u00a0Minute\" \/>\n<script type=\"application\/ld+json\" class=\"yoast-schema-graph\">{\"@context\":\"https:\\\/\\\/schema.org\",\"@graph\":[{\"@type\":\"WebPage\",\"@id\":\"https:\\\/\\\/shop.petercernicka.eu\\\/shop\\\/dychova-hudba\\\/jahody-mrazeny-noty-pre-dychovku\\\/\",\"url\":\"https:\\\/\\\/shop.petercernicka.eu\\\/shop\\\/dychova-hudba\\\/jahody-mrazeny-noty-pre-dychovku\\\/\",\"name\":\"Jahody mra\u017een\u00fd - noty pre dychovku - Peter \u010cerni\u010dka | Noty | HUDOBN\u00c9 PODKLADY\",\"isPartOf\":{\"@id\":\"https:\\\/\\\/shop.petercernicka.eu\\\/#website\"},\"primaryImageOfPage\":{\"@id\":\"https:\\\/\\\/shop.petercernicka.eu\\\/shop\\\/dychova-hudba\\\/jahody-mrazeny-noty-pre-dychovku\\\/#primaryimage\"},\"image\":{\"@id\":\"https:\\\/\\\/shop.petercernicka.eu\\\/shop\\\/dychova-hudba\\\/jahody-mrazeny-noty-pre-dychovku\\\/#primaryimage\"},\"thumbnailUrl\":\"https:\\\/\\\/shop.petercernicka.eu\\\/wp-content\\\/uploads\\\/2025\\\/02\\\/Jahody-mrazeny-DYCHOVA-HUDBA.jpg\",\"datePublished\":\"2025-02-18T07:10:58+00:00\",\"dateModified\":\"2026-01-31T13:47:01+00:00\",\"breadcrumb\":{\"@id\":\"https:\\\/\\\/shop.petercernicka.eu\\\/shop\\\/dychova-hudba\\\/jahody-mrazeny-noty-pre-dychovku\\\/#breadcrumb\"},\"inLanguage\":\"de\",\"potentialAction\":[{\"@type\":\"ReadAction\",\"target\":[\"https:\\\/\\\/shop.petercernicka.eu\\\/shop\\\/dychova-hudba\\\/jahody-mrazeny-noty-pre-dychovku\\\/\"]}]},{\"@type\":\"ImageObject\",\"inLanguage\":\"de\",\"@id\":\"https:\\\/\\\/shop.petercernicka.eu\\\/shop\\\/dychova-hudba\\\/jahody-mrazeny-noty-pre-dychovku\\\/#primaryimage\",\"url\":\"https:\\\/\\\/shop.petercernicka.eu\\\/wp-content\\\/uploads\\\/2025\\\/02\\\/Jahody-mrazeny-DYCHOVA-HUDBA.jpg\",\"contentUrl\":\"https:\\\/\\\/shop.petercernicka.eu\\\/wp-content\\\/uploads\\\/2025\\\/02\\\/Jahody-mrazeny-DYCHOVA-HUDBA.jpg\",\"width\":599,\"height\":864,\"caption\":\"Jahody mra\u017een\u00fd - noty pre dychovku\"},{\"@type\":\"BreadcrumbList\",\"@id\":\"https:\\\/\\\/shop.petercernicka.eu\\\/shop\\\/dychova-hudba\\\/jahody-mrazeny-noty-pre-dychovku\\\/#breadcrumb\",\"itemListElement\":[{\"@type\":\"ListItem\",\"position\":1,\"name\":\"Home\",\"item\":\"https:\\\/\\\/shop.petercernicka.eu\\\/\"},{\"@type\":\"ListItem\",\"position\":2,\"name\":\"Produkty\",\"item\":\"https:\\\/\\\/shop.petercernicka.eu\\\/obchod\\\/\"},{\"@type\":\"ListItem\",\"position\":3,\"name\":\"Jahody mra\u017een\u00fd &#8211; noty pre dychovku\"}]},{\"@type\":\"WebSite\",\"@id\":\"https:\\\/\\\/shop.petercernicka.eu\\\/#website\",\"url\":\"https:\\\/\\\/shop.petercernicka.eu\\\/\",\"name\":\"Peter \u010cerni\u010dka | Noty | HUDOBN\u00c9 PODKLADY\",\"description\":\"\u013eudov\u00e9 piesne, popul\u00e1rne \u0161l\u00e1gre, \u010desko-slovensk\u00e9 hity, cig\u00e1nske piesne, ewergreeny, viano\u010dn\u00e9 koledy\",\"potentialAction\":[{\"@type\":\"SearchAction\",\"target\":{\"@type\":\"EntryPoint\",\"urlTemplate\":\"https:\\\/\\\/shop.petercernicka.eu\\\/?s={search_term_string}\"},\"query-input\":{\"@type\":\"PropertyValueSpecification\",\"valueRequired\":true,\"valueName\":\"search_term_string\"}}],\"inLanguage\":\"de\"}]}<\/script>\n<!-- \/ Yoast SEO plugin. -->","yoast_head_json":{"title":"Jahody mra\u017een\u00fd - noty pre dychovku - Peter \u010cerni\u010dka | Noty | HUDOBN\u00c9 PODKLADY","robots":{"index":"index","follow":"follow","max-snippet":"max-snippet:-1","max-image-preview":"max-image-preview:large","max-video-preview":"max-video-preview:-1"},"canonical":"https:\/\/shop.petercernicka.eu\/de\/shop\/dychova-hudba\/jahody-mrazeny-noty-pre-dychovku\/","og_locale":"de_DE","og_type":"article","og_title":"Jahody mra\u017een\u00fd - noty pre dychovku","og_description":"Zmes piesn\u00ed","og_url":"https:\/\/shop.petercernicka.eu\/de\/shop\/dychova-hudba\/jahody-mrazeny-noty-pre-dychovku\/","og_site_name":"Peter \u010cerni\u010dka | Noty | HUDOBN\u00c9 PODKLADY","article_publisher":"https:\/\/www.facebook.com\/petercernickanoty","article_modified_time":"2026-01-31T13:47:01+00:00","og_image":[{"width":599,"height":864,"url":"https:\/\/shop.petercernicka.eu\/wp-content\/uploads\/2025\/02\/Jahody-mrazeny-DYCHOVA-HUDBA.jpg","type":"image\/jpeg"}],"twitter_card":"summary_large_image","twitter_misc":{"Gesch\u00e4tzte Lesezeit":"1\u00a0Minute"},"schema":{"@context":"https:\/\/schema.org","@graph":[{"@type":"WebPage","@id":"https:\/\/shop.petercernicka.eu\/shop\/dychova-hudba\/jahody-mrazeny-noty-pre-dychovku\/","url":"https:\/\/shop.petercernicka.eu\/shop\/dychova-hudba\/jahody-mrazeny-noty-pre-dychovku\/","name":"Jahody mra\u017een\u00fd - noty pre dychovku - Peter \u010cerni\u010dka | Noty | HUDOBN\u00c9 PODKLADY","isPartOf":{"@id":"https:\/\/shop.petercernicka.eu\/#website"},"primaryImageOfPage":{"@id":"https:\/\/shop.petercernicka.eu\/shop\/dychova-hudba\/jahody-mrazeny-noty-pre-dychovku\/#primaryimage"},"image":{"@id":"https:\/\/shop.petercernicka.eu\/shop\/dychova-hudba\/jahody-mrazeny-noty-pre-dychovku\/#primaryimage"},"thumbnailUrl":"https:\/\/shop.petercernicka.eu\/wp-content\/uploads\/2025\/02\/Jahody-mrazeny-DYCHOVA-HUDBA.jpg","datePublished":"2025-02-18T07:10:58+00:00","dateModified":"2026-01-31T13:47:01+00:00","breadcrumb":{"@id":"https:\/\/shop.petercernicka.eu\/shop\/dychova-hudba\/jahody-mrazeny-noty-pre-dychovku\/#breadcrumb"},"inLanguage":"de","potentialAction":[{"@type":"ReadAction","target":["https:\/\/shop.petercernicka.eu\/shop\/dychova-hudba\/jahody-mrazeny-noty-pre-dychovku\/"]}]},{"@type":"ImageObject","inLanguage":"de","@id":"https:\/\/shop.petercernicka.eu\/shop\/dychova-hudba\/jahody-mrazeny-noty-pre-dychovku\/#primaryimage","url":"https:\/\/shop.petercernicka.eu\/wp-content\/uploads\/2025\/02\/Jahody-mrazeny-DYCHOVA-HUDBA.jpg","contentUrl":"https:\/\/shop.petercernicka.eu\/wp-content\/uploads\/2025\/02\/Jahody-mrazeny-DYCHOVA-HUDBA.jpg","width":599,"height":864,"caption":"Jahody mra\u017een\u00fd - noty pre dychovku"},{"@type":"BreadcrumbList","@id":"https:\/\/shop.petercernicka.eu\/shop\/dychova-hudba\/jahody-mrazeny-noty-pre-dychovku\/#breadcrumb","itemListElement":[{"@type":"ListItem","position":1,"name":"Home","item":"https:\/\/shop.petercernicka.eu\/"},{"@type":"ListItem","position":2,"name":"Produkty","item":"https:\/\/shop.petercernicka.eu\/obchod\/"},{"@type":"ListItem","position":3,"name":"Jahody mra\u017een\u00fd &#8211; noty pre dychovku"}]},{"@type":"WebSite","@id":"https:\/\/shop.petercernicka.eu\/#website","url":"https:\/\/shop.petercernicka.eu\/","name":"Peter \u010cerni\u010dka | Noty | HUDOBN\u00c9 PODKLADY","description":"Volkslieder, Schlager, Tschechoslowakische Schlager, Zigeunerlieder, Evergreens, Weihnachtslieder","potentialAction":[{"@type":"SearchAction","target":{"@type":"EntryPoint","urlTemplate":"https:\/\/shop.petercernicka.eu\/?s={search_term_string}"},"query-input":{"@type":"PropertyValueSpecification","valueRequired":true,"valueName":"search_term_string"}}],"inLanguage":"de"}]}},"_links":{"self":[{"href":"https:\/\/shop.petercernicka.eu\/de\/wp-json\/wp\/v2\/product\/8731","targetHints":{"allow":["GET"]}}],"collection":[{"href":"https:\/\/shop.petercernicka.eu\/de\/wp-json\/wp\/v2\/product"}],"about":[{"href":"https:\/\/shop.petercernicka.eu\/de\/wp-json\/wp\/v2\/types\/product"}],"replies":[{"embeddable":true,"href":"https:\/\/shop.petercernicka.eu\/de\/wp-json\/wp\/v2\/comments?post=8731"}],"wp:featuredmedia":[{"embeddable":true,"href":"https:\/\/shop.petercernicka.eu\/de\/wp-json\/wp\/v2\/media\/8705"}],"wp:attachment":[{"href":"https:\/\/shop.petercernicka.eu\/de\/wp-json\/wp\/v2\/media?parent=8731"}],"wp:term":[{"taxonomy":"product_brand","embeddable":true,"href":"https:\/\/shop.petercernicka.eu\/de\/wp-json\/wp\/v2\/product_brand?post=8731"},{"taxonomy":"product_cat","embeddable":true,"href":"https:\/\/shop.petercernicka.eu\/de\/wp-json\/wp\/v2\/product_cat?post=8731"},{"taxonomy":"product_tag","embeddable":true,"href":"https:\/\/shop.petercernicka.eu\/de\/wp-json\/wp\/v2\/product_tag?post=8731"}],"curies":[{"name":"wp","href":"https:\/\/api.w.org\/{rel}","templated":true}]}}