{"id":8725,"date":"2025-02-18T07:01:48","date_gmt":"2025-02-18T06:01:48","guid":{"rendered":"https:\/\/shop.petercernicka.eu\/?post_type=product&#038;p=8725"},"modified":"2026-01-31T14:47:02","modified_gmt":"2026-01-31T13:47:02","slug":"hastrmane-tatrmane-noty-pre-dychovku","status":"publish","type":"product","link":"https:\/\/shop.petercernicka.eu\/de\/shop\/dychova-hudba\/hastrmane-tatrmane-noty-pre-dychovku\/","title":{"rendered":"Hastrmane, tatrmane &#8211; noty pre dychovku"},"content":{"rendered":"<div class=\"para_row\">\n<div class=\"ujudUb\"><span style=\"color: #000000;\">Hastrmane tatrmane melou<\/span><br aria-hidden=\"true\" \/><span style=\"color: #000000;\">Kolo ml\u00fdna klape Kampou celou<\/span><br aria-hidden=\"true\" \/><span style=\"color: #000000;\">Na pentle se d\u00edvka t\u011b\u017eko chyt\u00ed<\/span><br aria-hidden=\"true\" \/><span style=\"color: #000000;\">Zkus nab\u00eddnout v\u00edc ne\u017e vodu k pit\u00ed<\/span><\/div>\n<div class=\"ujudUb\"><span style=\"color: #000000;\">Vodn\u00edkem byl kapky m\u00edval na fr\u00e1\u010dku<\/span><br aria-hidden=\"true\" \/><span style=\"color: #000000;\">Proud jak pr\u016fvan jeho domem t\u00e1h<\/span><br aria-hidden=\"true\" \/><span style=\"color: #000000;\">Du\u0161i\u010dek m\u011bl v\u017edycky na p\u00e1r metr\u00e1\u010dk\u016f<\/span><br aria-hidden=\"true\" \/><span style=\"color: #000000;\">Z plotny mu je jarn\u00ed p\u0159\u00edval spl\u00e1ch<\/span><\/div>\n<div class=\"ujudUb\"><span style=\"color: #000000;\">Hastrmane tatrmane melou<\/span><br aria-hidden=\"true\" \/><span style=\"color: #000000;\">Kolo ml\u00fdna klape Kampou celou<\/span><br aria-hidden=\"true\" \/><span style=\"color: #000000;\">Na pentle se d\u00edvka t\u011b\u017eko chyt\u00ed<\/span><br aria-hidden=\"true\" \/><span style=\"color: #000000;\">Zkus nab\u00eddnout v\u00edc ne\u017e vodu k pit\u00ed<\/span><\/div>\n<div class=\"ujudUb\"><span style=\"color: #000000;\">Jak tak sed\u011bl jednou ve\u010der na m\u016fstku<\/span><br aria-hidden=\"true\" \/><span style=\"color: #000000;\">Vid\u011bl kolem lidi sam\u00fd p\u00e1r<\/span><br aria-hidden=\"true\" \/><span style=\"color: #000000;\">V sle\u010dn\u00e1ch na\u0161el svoji novou lib\u016fstku<\/span><br aria-hidden=\"true\" \/><span style=\"color: #000000;\">Frak si za\u0161il, rychle vy\u017ed\u00edmal<\/span><\/div>\n<div class=\"ujudUb\"><span style=\"color: #000000;\">Hastrmane tatrmane melou<\/span><br aria-hidden=\"true\" \/><span style=\"color: #000000;\">Kolo ml\u00fdna klape Kampou celou<\/span><br aria-hidden=\"true\" \/><span style=\"color: #000000;\">Na pentle se d\u00edvka t\u011b\u017eko chyt\u00ed<\/span><br aria-hidden=\"true\" \/><span style=\"color: #000000;\">Zkus nab\u00eddnout v\u00edc ne\u017e vodu k pit\u00ed<\/span><\/div>\n<div class=\"ujudUb\"><span style=\"color: #000000;\">L\u00e1 la la l\u00e1&#8230;<\/span><\/div>\n<div class=\"ujudUb\"><span style=\"color: #000000;\">Mokr\u00e9 vlasy \u0161aty \u0161it\u00e9 na m\u00edru<\/span><br aria-hidden=\"true\" \/><span style=\"color: #000000;\">Chod\u00ed starou Prahou mlad\u00fd p\u00e1n<\/span><br aria-hidden=\"true\" \/><span style=\"color: #000000;\">Zlatou rybku zabalenou v pap\u00edru<\/span><br aria-hidden=\"true\" \/><span style=\"color: #000000;\">Otev\u0159ete m\u00ed\u0159\u00ed tak\u00e9 k v\u00e1m<\/span><\/div>\n<div class=\"ujudUb\"><span style=\"color: #000000;\">Hastrmane tatrmane melou<\/span><br aria-hidden=\"true\" \/><span style=\"color: #000000;\">Kolo ml\u00fdna klape Kampou celou<\/span><br aria-hidden=\"true\" \/><span style=\"color: #000000;\">Na pentle se d\u00edvka t\u011b\u017eko chyt\u00ed<\/span><br aria-hidden=\"true\" \/><span style=\"color: #000000;\">Zkus nab\u00eddnout v\u00edc ne\u017e vodu k pit\u00ed<\/span><\/div>\n<div class=\"ujudUb\"><span style=\"color: #000000;\">Hastrmane tatrmane melou<\/span><br aria-hidden=\"true\" \/><span style=\"color: #000000;\">Kolo ml\u00fdna klape Kampou celou<\/span><br aria-hidden=\"true\" \/><span style=\"color: #000000;\">Na pentle se d\u00edvka t\u011b\u017eko chyt\u00ed<\/span><br aria-hidden=\"true\" \/><span style=\"color: #000000;\">Zkus nab\u00eddnout v\u00edc ne\u017e vodu k pit\u00ed<\/span><\/div>\n<div class=\"ujudUb WRZytc\"><span style=\"color: #000000;\">Hastrmane tatrmane melou&#8230;<\/span><\/div>\n<\/div>","protected":false},"excerpt":{"rendered":"<p>Hastrmane tatrmane melouKolo ml\u00fdna klape Kampou celouNa pentle se d\u00edvka t\u011b\u017eko chyt\u00edZkus nab\u00eddnout v\u00edc ne\u017e vodu k pit\u00ed Vodn\u00edkem byl kapky m\u00edval na fr\u00e1\u010dkuProud jak pr\u016fvan jeho domem t\u00e1hDu\u0161i\u010dek m\u011bl v\u017edycky na p\u00e1r metr\u00e1\u010dk\u016fZ plotny mu je jarn\u00ed p\u0159\u00edval spl\u00e1ch Hastrmane tatrmane [&hellip;]<\/p>\n","protected":false},"featured_media":8709,"comment_status":"closed","ping_status":"closed","template":"","meta":{"om_disable_all_campaigns":false},"product_brand":[],"product_cat":[36,1168],"product_tag":[1188],"class_list":{"0":"post-8725","1":"product","2":"type-product","3":"status-publish","4":"has-post-thumbnail","6":"product_cat-dychova-hudba","7":"product_cat-noty","8":"product_tag-noty","10":"first","11":"outofstock","12":"downloadable","13":"virtual","14":"taxable","15":"purchasable","16":"product-type-simple"},"yoast_head":"<!-- This site is optimized with the Yoast SEO plugin v27.4 - https:\/\/yoast.com\/product\/yoast-seo-wordpress\/ -->\n<title>Hastrmane, tatrmane - noty pre dychovku - Peter \u010cerni\u010dka | Noty | HUDOBN\u00c9 PODKLADY<\/title>\n<meta name=\"robots\" content=\"index, follow, max-snippet:-1, max-image-preview:large, max-video-preview:-1\" \/>\n<link rel=\"canonical\" href=\"https:\/\/shop.petercernicka.eu\/de\/shop\/dychova-hudba\/hastrmane-tatrmane-noty-pre-dychovku\/\" \/>\n<meta property=\"og:locale\" content=\"de_DE\" \/>\n<meta property=\"og:type\" content=\"article\" \/>\n<meta property=\"og:title\" content=\"Hastrmane, tatrmane - noty pre dychovku\" \/>\n<meta property=\"og:description\" content=\"Hastrmane tatrmane melouKolo ml\u00fdna klape Kampou celouNa pentle se d\u00edvka t\u011b\u017eko chyt\u00edZkus nab\u00eddnout v\u00edc ne\u017e vodu k pit\u00ed Vodn\u00edkem byl kapky m\u00edval na fr\u00e1\u010dkuProud jak pr\u016fvan jeho domem t\u00e1hDu\u0161i\u010dek m\u011bl v\u017edycky na p\u00e1r metr\u00e1\u010dk\u016fZ plotny mu je jarn\u00ed p\u0159\u00edval spl\u00e1ch Hastrmane tatrmane [&hellip;]\" \/>\n<meta property=\"og:url\" content=\"https:\/\/shop.petercernicka.eu\/de\/shop\/dychova-hudba\/hastrmane-tatrmane-noty-pre-dychovku\/\" \/>\n<meta property=\"og:site_name\" content=\"Peter \u010cerni\u010dka | Noty | HUDOBN\u00c9 PODKLADY\" \/>\n<meta property=\"article:publisher\" content=\"https:\/\/www.facebook.com\/petercernickanoty\" \/>\n<meta property=\"article:modified_time\" content=\"2026-01-31T13:47:02+00:00\" \/>\n<meta property=\"og:image\" content=\"https:\/\/shop.petercernicka.eu\/wp-content\/uploads\/2025\/02\/Hastrmane-Tatrmane-DYCHOVA-HUDBA.jpg\" \/>\n\t<meta property=\"og:image:width\" content=\"600\" \/>\n\t<meta property=\"og:image:height\" content=\"862\" \/>\n\t<meta property=\"og:image:type\" content=\"image\/jpeg\" \/>\n<meta name=\"twitter:card\" content=\"summary_large_image\" \/>\n<meta name=\"twitter:label1\" content=\"Gesch\u00e4tzte Lesezeit\" \/>\n\t<meta name=\"twitter:data1\" content=\"1\u00a0Minute\" \/>\n<script type=\"application\/ld+json\" class=\"yoast-schema-graph\">{\"@context\":\"https:\\\/\\\/schema.org\",\"@graph\":[{\"@type\":\"WebPage\",\"@id\":\"https:\\\/\\\/shop.petercernicka.eu\\\/shop\\\/dychova-hudba\\\/hastrmane-tatrmane-noty-pre-dychovku\\\/\",\"url\":\"https:\\\/\\\/shop.petercernicka.eu\\\/shop\\\/dychova-hudba\\\/hastrmane-tatrmane-noty-pre-dychovku\\\/\",\"name\":\"Hastrmane, tatrmane - noty pre dychovku - Peter \u010cerni\u010dka | Noty | HUDOBN\u00c9 PODKLADY\",\"isPartOf\":{\"@id\":\"https:\\\/\\\/shop.petercernicka.eu\\\/#website\"},\"primaryImageOfPage\":{\"@id\":\"https:\\\/\\\/shop.petercernicka.eu\\\/shop\\\/dychova-hudba\\\/hastrmane-tatrmane-noty-pre-dychovku\\\/#primaryimage\"},\"image\":{\"@id\":\"https:\\\/\\\/shop.petercernicka.eu\\\/shop\\\/dychova-hudba\\\/hastrmane-tatrmane-noty-pre-dychovku\\\/#primaryimage\"},\"thumbnailUrl\":\"https:\\\/\\\/shop.petercernicka.eu\\\/wp-content\\\/uploads\\\/2025\\\/02\\\/Hastrmane-Tatrmane-DYCHOVA-HUDBA.jpg\",\"datePublished\":\"2025-02-18T06:01:48+00:00\",\"dateModified\":\"2026-01-31T13:47:02+00:00\",\"breadcrumb\":{\"@id\":\"https:\\\/\\\/shop.petercernicka.eu\\\/shop\\\/dychova-hudba\\\/hastrmane-tatrmane-noty-pre-dychovku\\\/#breadcrumb\"},\"inLanguage\":\"de\",\"potentialAction\":[{\"@type\":\"ReadAction\",\"target\":[\"https:\\\/\\\/shop.petercernicka.eu\\\/shop\\\/dychova-hudba\\\/hastrmane-tatrmane-noty-pre-dychovku\\\/\"]}]},{\"@type\":\"ImageObject\",\"inLanguage\":\"de\",\"@id\":\"https:\\\/\\\/shop.petercernicka.eu\\\/shop\\\/dychova-hudba\\\/hastrmane-tatrmane-noty-pre-dychovku\\\/#primaryimage\",\"url\":\"https:\\\/\\\/shop.petercernicka.eu\\\/wp-content\\\/uploads\\\/2025\\\/02\\\/Hastrmane-Tatrmane-DYCHOVA-HUDBA.jpg\",\"contentUrl\":\"https:\\\/\\\/shop.petercernicka.eu\\\/wp-content\\\/uploads\\\/2025\\\/02\\\/Hastrmane-Tatrmane-DYCHOVA-HUDBA.jpg\",\"width\":600,\"height\":862,\"caption\":\"Hastrmane, tatrmane - noty pre dychovku\"},{\"@type\":\"BreadcrumbList\",\"@id\":\"https:\\\/\\\/shop.petercernicka.eu\\\/shop\\\/dychova-hudba\\\/hastrmane-tatrmane-noty-pre-dychovku\\\/#breadcrumb\",\"itemListElement\":[{\"@type\":\"ListItem\",\"position\":1,\"name\":\"Home\",\"item\":\"https:\\\/\\\/shop.petercernicka.eu\\\/\"},{\"@type\":\"ListItem\",\"position\":2,\"name\":\"Produkty\",\"item\":\"https:\\\/\\\/shop.petercernicka.eu\\\/obchod\\\/\"},{\"@type\":\"ListItem\",\"position\":3,\"name\":\"Hastrmane, tatrmane &#8211; noty pre dychovku\"}]},{\"@type\":\"WebSite\",\"@id\":\"https:\\\/\\\/shop.petercernicka.eu\\\/#website\",\"url\":\"https:\\\/\\\/shop.petercernicka.eu\\\/\",\"name\":\"Peter \u010cerni\u010dka | Noty | HUDOBN\u00c9 PODKLADY\",\"description\":\"\u013eudov\u00e9 piesne, popul\u00e1rne \u0161l\u00e1gre, \u010desko-slovensk\u00e9 hity, cig\u00e1nske piesne, ewergreeny, viano\u010dn\u00e9 koledy\",\"potentialAction\":[{\"@type\":\"SearchAction\",\"target\":{\"@type\":\"EntryPoint\",\"urlTemplate\":\"https:\\\/\\\/shop.petercernicka.eu\\\/?s={search_term_string}\"},\"query-input\":{\"@type\":\"PropertyValueSpecification\",\"valueRequired\":true,\"valueName\":\"search_term_string\"}}],\"inLanguage\":\"de\"}]}<\/script>\n<!-- \/ Yoast SEO plugin. -->","yoast_head_json":{"title":"Hastrmane, tatrmane - noty pre dychovku - Peter \u010cerni\u010dka | Noty | HUDOBN\u00c9 PODKLADY","robots":{"index":"index","follow":"follow","max-snippet":"max-snippet:-1","max-image-preview":"max-image-preview:large","max-video-preview":"max-video-preview:-1"},"canonical":"https:\/\/shop.petercernicka.eu\/de\/shop\/dychova-hudba\/hastrmane-tatrmane-noty-pre-dychovku\/","og_locale":"de_DE","og_type":"article","og_title":"Hastrmane, tatrmane - noty pre dychovku","og_description":"Hastrmane tatrmane melouKolo ml\u00fdna klape Kampou celouNa pentle se d\u00edvka t\u011b\u017eko chyt\u00edZkus nab\u00eddnout v\u00edc ne\u017e vodu k pit\u00ed Vodn\u00edkem byl kapky m\u00edval na fr\u00e1\u010dkuProud jak pr\u016fvan jeho domem t\u00e1hDu\u0161i\u010dek m\u011bl v\u017edycky na p\u00e1r metr\u00e1\u010dk\u016fZ plotny mu je jarn\u00ed p\u0159\u00edval spl\u00e1ch Hastrmane tatrmane [&hellip;]","og_url":"https:\/\/shop.petercernicka.eu\/de\/shop\/dychova-hudba\/hastrmane-tatrmane-noty-pre-dychovku\/","og_site_name":"Peter \u010cerni\u010dka | Noty | HUDOBN\u00c9 PODKLADY","article_publisher":"https:\/\/www.facebook.com\/petercernickanoty","article_modified_time":"2026-01-31T13:47:02+00:00","og_image":[{"width":600,"height":862,"url":"https:\/\/shop.petercernicka.eu\/wp-content\/uploads\/2025\/02\/Hastrmane-Tatrmane-DYCHOVA-HUDBA.jpg","type":"image\/jpeg"}],"twitter_card":"summary_large_image","twitter_misc":{"Gesch\u00e4tzte Lesezeit":"1\u00a0Minute"},"schema":{"@context":"https:\/\/schema.org","@graph":[{"@type":"WebPage","@id":"https:\/\/shop.petercernicka.eu\/shop\/dychova-hudba\/hastrmane-tatrmane-noty-pre-dychovku\/","url":"https:\/\/shop.petercernicka.eu\/shop\/dychova-hudba\/hastrmane-tatrmane-noty-pre-dychovku\/","name":"Hastrmane, tatrmane - noty pre dychovku - Peter \u010cerni\u010dka | Noty | HUDOBN\u00c9 PODKLADY","isPartOf":{"@id":"https:\/\/shop.petercernicka.eu\/#website"},"primaryImageOfPage":{"@id":"https:\/\/shop.petercernicka.eu\/shop\/dychova-hudba\/hastrmane-tatrmane-noty-pre-dychovku\/#primaryimage"},"image":{"@id":"https:\/\/shop.petercernicka.eu\/shop\/dychova-hudba\/hastrmane-tatrmane-noty-pre-dychovku\/#primaryimage"},"thumbnailUrl":"https:\/\/shop.petercernicka.eu\/wp-content\/uploads\/2025\/02\/Hastrmane-Tatrmane-DYCHOVA-HUDBA.jpg","datePublished":"2025-02-18T06:01:48+00:00","dateModified":"2026-01-31T13:47:02+00:00","breadcrumb":{"@id":"https:\/\/shop.petercernicka.eu\/shop\/dychova-hudba\/hastrmane-tatrmane-noty-pre-dychovku\/#breadcrumb"},"inLanguage":"de","potentialAction":[{"@type":"ReadAction","target":["https:\/\/shop.petercernicka.eu\/shop\/dychova-hudba\/hastrmane-tatrmane-noty-pre-dychovku\/"]}]},{"@type":"ImageObject","inLanguage":"de","@id":"https:\/\/shop.petercernicka.eu\/shop\/dychova-hudba\/hastrmane-tatrmane-noty-pre-dychovku\/#primaryimage","url":"https:\/\/shop.petercernicka.eu\/wp-content\/uploads\/2025\/02\/Hastrmane-Tatrmane-DYCHOVA-HUDBA.jpg","contentUrl":"https:\/\/shop.petercernicka.eu\/wp-content\/uploads\/2025\/02\/Hastrmane-Tatrmane-DYCHOVA-HUDBA.jpg","width":600,"height":862,"caption":"Hastrmane, tatrmane - noty pre dychovku"},{"@type":"BreadcrumbList","@id":"https:\/\/shop.petercernicka.eu\/shop\/dychova-hudba\/hastrmane-tatrmane-noty-pre-dychovku\/#breadcrumb","itemListElement":[{"@type":"ListItem","position":1,"name":"Home","item":"https:\/\/shop.petercernicka.eu\/"},{"@type":"ListItem","position":2,"name":"Produkty","item":"https:\/\/shop.petercernicka.eu\/obchod\/"},{"@type":"ListItem","position":3,"name":"Hastrmane, tatrmane &#8211; noty pre dychovku"}]},{"@type":"WebSite","@id":"https:\/\/shop.petercernicka.eu\/#website","url":"https:\/\/shop.petercernicka.eu\/","name":"Peter \u010cerni\u010dka | Noty | HUDOBN\u00c9 PODKLADY","description":"Volkslieder, Schlager, Tschechoslowakische Schlager, Zigeunerlieder, Evergreens, Weihnachtslieder","potentialAction":[{"@type":"SearchAction","target":{"@type":"EntryPoint","urlTemplate":"https:\/\/shop.petercernicka.eu\/?s={search_term_string}"},"query-input":{"@type":"PropertyValueSpecification","valueRequired":true,"valueName":"search_term_string"}}],"inLanguage":"de"}]}},"_links":{"self":[{"href":"https:\/\/shop.petercernicka.eu\/de\/wp-json\/wp\/v2\/product\/8725","targetHints":{"allow":["GET"]}}],"collection":[{"href":"https:\/\/shop.petercernicka.eu\/de\/wp-json\/wp\/v2\/product"}],"about":[{"href":"https:\/\/shop.petercernicka.eu\/de\/wp-json\/wp\/v2\/types\/product"}],"replies":[{"embeddable":true,"href":"https:\/\/shop.petercernicka.eu\/de\/wp-json\/wp\/v2\/comments?post=8725"}],"wp:featuredmedia":[{"embeddable":true,"href":"https:\/\/shop.petercernicka.eu\/de\/wp-json\/wp\/v2\/media\/8709"}],"wp:attachment":[{"href":"https:\/\/shop.petercernicka.eu\/de\/wp-json\/wp\/v2\/media?parent=8725"}],"wp:term":[{"taxonomy":"product_brand","embeddable":true,"href":"https:\/\/shop.petercernicka.eu\/de\/wp-json\/wp\/v2\/product_brand?post=8725"},{"taxonomy":"product_cat","embeddable":true,"href":"https:\/\/shop.petercernicka.eu\/de\/wp-json\/wp\/v2\/product_cat?post=8725"},{"taxonomy":"product_tag","embeddable":true,"href":"https:\/\/shop.petercernicka.eu\/de\/wp-json\/wp\/v2\/product_tag?post=8725"}],"curies":[{"name":"wp","href":"https:\/\/api.w.org\/{rel}","templated":true}]}}