{"id":8722,"date":"2025-02-18T07:54:47","date_gmt":"2025-02-18T06:54:47","guid":{"rendered":"https:\/\/shop.petercernicka.eu\/?post_type=product&#038;p=8722"},"modified":"2026-01-31T14:47:01","modified_gmt":"2026-01-31T13:47:01","slug":"hvezdicko-blyskava-petr-novak-noty-pre-dychovku","status":"publish","type":"product","link":"https:\/\/shop.petercernicka.eu\/de\/shop\/dychova-hudba\/hvezdicko-blyskava-petr-novak-noty-pre-dychovku\/","title":{"rendered":"Hv\u011bzdi\u010dko bl\u00fdskav\u00e1 &#8211; Petr Nov\u00e1k &#8211; noty pre dychovku"},"content":{"rendered":"<p><span style=\"color: #000000;\">Hrozn\u011b r\u00e1da m\u00e1\u0161 ten kr\u00e1m tam v p\u0159\u00edzem\u00ed<\/span><br \/>\n<span style=\"color: #000000;\">pro\u010d j\u00e1 bl\u00e1zen jsem tam byl a cht\u011bl t\u011b m\u00edt?<\/span><br \/>\n<span style=\"color: #000000;\">Z velk\u00fdch fotek a mal\u00fdch roli\u010dek tv\u00fdch, j\u00e1 znal tv\u016fj sm\u00edch<\/span><br \/>\n<span style=\"color: #000000;\">A ten \u00fasm\u011bv dvou\u0159ad\u00fd jsem cht\u011bl m\u00edt s\u00e1m,<\/span><br \/>\n<span style=\"color: #000000;\">byl sem pry\u010d z t\u00e9 z\u00e1hady \u017ee t\u011b v\u00e1\u017ene m\u00e1m<\/span><br \/>\n<span style=\"color: #000000;\">byl jsem s tebou od t\u011bch dob n\u011bkolikr\u00e1t,<\/span><br \/>\n<span style=\"color: #000000;\">m\u00e1m a nem\u00e1m t\u011b r\u00e1d.<\/span><\/p>\n<p><span style=\"color: #000000;\">\u00ae:boruvko bl\u00fdskav\u00e1, m\u00e1m \u017eivot sv\u00e1zan\u00fd s tv\u00fdm.<\/span><br \/>\n<span style=\"color: #000000;\">T\u011b\u017eko t\u011b z\u00edsk\u00e1v\u00e1m, lehko t\u011b ztr\u00e1c\u00edm j\u00e1 v\u00edm.<\/span><br \/>\n<span style=\"color: #000000;\">Jak m\u00e1m sp\u00e1t, co s t\u00edm? Jak m\u00e1m \u017e\u00edt a s k\u00fdm?<\/span><\/p>\n<p><span style=\"color: #000000;\">D\u00e1l se vrhat za tebou, to nic nezm\u011bn\u00ed,<\/span><br \/>\n<span style=\"color: #000000;\">\u00fad\u011bl kamionu dvou je m\u00edjen\u00ed,<\/span><br \/>\n<span style=\"color: #000000;\">tak t\u011b m\u00edj\u00edm, a\u0165 t\u011b n\u011bkdo lep\u0161\u00ed m\u00e1,jen a\u0165 v tom nejedu j\u00e1.<\/span><br \/>\n<span style=\"color: #000000;\">Ze tv\u00e9 kr\u00e1sy chladn\u00fdch st\u011bn \u0161el n\u011bkdy mr\u00e1z,<\/span><br \/>\n<span style=\"color: #000000;\">mohla\u2019s m\u00edt sto zn\u00e1m\u00fdch jmen a j\u00e1 se t\u0159\u00e1s<\/span><br \/>\n<span style=\"color: #000000;\">ale \u0161t\u011bst\u00ed jsem dostal v\u00edc, ne\u017e kdy d\u0159\u00edv, u\u017e necho\u010f, zas bych k\u00fdv.<\/span><\/p>\n<p><span style=\"color: #000000;\">\u00ae: Hv\u011bzdi\u010dko bl\u00fdskav\u00e1 \u2026<\/span><\/p>","protected":false},"excerpt":{"rendered":"<p>Hrozn\u011b r\u00e1da m\u00e1\u0161 ten kr\u00e1m tam v p\u0159\u00edzem\u00ed pro\u010d j\u00e1 bl\u00e1zen jsem tam byl a cht\u011bl t\u011b m\u00edt? Z velk\u00fdch fotek a mal\u00fdch roli\u010dek tv\u00fdch, j\u00e1 znal tv\u016fj sm\u00edch A ten \u00fasm\u011bv dvou\u0159ad\u00fd jsem cht\u011bl m\u00edt s\u00e1m, byl sem pry\u010d z t\u00e9 [&hellip;]<\/p>\n","protected":false},"featured_media":8712,"comment_status":"closed","ping_status":"closed","template":"","meta":{"om_disable_all_campaigns":false},"product_brand":[],"product_cat":[36,1168],"product_tag":[1188],"class_list":{"0":"post-8722","1":"product","2":"type-product","3":"status-publish","4":"has-post-thumbnail","6":"product_cat-dychova-hudba","7":"product_cat-noty","8":"product_tag-noty","10":"first","11":"outofstock","12":"downloadable","13":"virtual","14":"taxable","15":"purchasable","16":"product-type-simple"},"yoast_head":"<!-- This site is optimized with the Yoast SEO plugin v27.4 - https:\/\/yoast.com\/product\/yoast-seo-wordpress\/ -->\n<title>Hv\u011bzdi\u010dko bl\u00fdskav\u00e1 - Petr Nov\u00e1k - noty pre dychovku - Peter \u010cerni\u010dka | Noty | HUDOBN\u00c9 PODKLADY<\/title>\n<meta name=\"robots\" content=\"index, follow, max-snippet:-1, max-image-preview:large, max-video-preview:-1\" \/>\n<link rel=\"canonical\" href=\"https:\/\/shop.petercernicka.eu\/de\/shop\/dychova-hudba\/hvezdicko-blyskava-petr-novak-noty-pre-dychovku\/\" \/>\n<meta property=\"og:locale\" content=\"de_DE\" \/>\n<meta property=\"og:type\" content=\"article\" \/>\n<meta property=\"og:title\" content=\"Hv\u011bzdi\u010dko bl\u00fdskav\u00e1 - Petr Nov\u00e1k - noty pre dychovku\" \/>\n<meta property=\"og:description\" content=\"Hrozn\u011b r\u00e1da m\u00e1\u0161 ten kr\u00e1m tam v p\u0159\u00edzem\u00ed pro\u010d j\u00e1 bl\u00e1zen jsem tam byl a cht\u011bl t\u011b m\u00edt? Z velk\u00fdch fotek a mal\u00fdch roli\u010dek tv\u00fdch, j\u00e1 znal tv\u016fj sm\u00edch A ten \u00fasm\u011bv dvou\u0159ad\u00fd jsem cht\u011bl m\u00edt s\u00e1m, byl sem pry\u010d z t\u00e9 [&hellip;]\" \/>\n<meta property=\"og:url\" content=\"https:\/\/shop.petercernicka.eu\/de\/shop\/dychova-hudba\/hvezdicko-blyskava-petr-novak-noty-pre-dychovku\/\" \/>\n<meta property=\"og:site_name\" content=\"Peter \u010cerni\u010dka | Noty | HUDOBN\u00c9 PODKLADY\" \/>\n<meta property=\"article:publisher\" content=\"https:\/\/www.facebook.com\/petercernickanoty\" \/>\n<meta property=\"article:modified_time\" content=\"2026-01-31T13:47:01+00:00\" \/>\n<meta property=\"og:image\" content=\"https:\/\/shop.petercernicka.eu\/wp-content\/uploads\/2025\/02\/Petr-Novak-Hvezdicko-blyskava-DYCHOVA-HUDBA.jpg\" \/>\n\t<meta property=\"og:image:width\" content=\"600\" \/>\n\t<meta property=\"og:image:height\" content=\"865\" \/>\n\t<meta property=\"og:image:type\" content=\"image\/jpeg\" \/>\n<meta name=\"twitter:card\" content=\"summary_large_image\" \/>\n<meta name=\"twitter:label1\" content=\"Gesch\u00e4tzte Lesezeit\" \/>\n\t<meta name=\"twitter:data1\" content=\"1\u00a0Minute\" \/>\n<script type=\"application\/ld+json\" class=\"yoast-schema-graph\">{\"@context\":\"https:\\\/\\\/schema.org\",\"@graph\":[{\"@type\":\"WebPage\",\"@id\":\"https:\\\/\\\/shop.petercernicka.eu\\\/shop\\\/dychova-hudba\\\/hvezdicko-blyskava-petr-novak-noty-pre-dychovku\\\/\",\"url\":\"https:\\\/\\\/shop.petercernicka.eu\\\/shop\\\/dychova-hudba\\\/hvezdicko-blyskava-petr-novak-noty-pre-dychovku\\\/\",\"name\":\"Hv\u011bzdi\u010dko bl\u00fdskav\u00e1 - Petr Nov\u00e1k - noty pre dychovku - Peter \u010cerni\u010dka | Noty | HUDOBN\u00c9 PODKLADY\",\"isPartOf\":{\"@id\":\"https:\\\/\\\/shop.petercernicka.eu\\\/#website\"},\"primaryImageOfPage\":{\"@id\":\"https:\\\/\\\/shop.petercernicka.eu\\\/shop\\\/dychova-hudba\\\/hvezdicko-blyskava-petr-novak-noty-pre-dychovku\\\/#primaryimage\"},\"image\":{\"@id\":\"https:\\\/\\\/shop.petercernicka.eu\\\/shop\\\/dychova-hudba\\\/hvezdicko-blyskava-petr-novak-noty-pre-dychovku\\\/#primaryimage\"},\"thumbnailUrl\":\"https:\\\/\\\/shop.petercernicka.eu\\\/wp-content\\\/uploads\\\/2025\\\/02\\\/Petr-Novak-Hvezdicko-blyskava-DYCHOVA-HUDBA.jpg\",\"datePublished\":\"2025-02-18T06:54:47+00:00\",\"dateModified\":\"2026-01-31T13:47:01+00:00\",\"breadcrumb\":{\"@id\":\"https:\\\/\\\/shop.petercernicka.eu\\\/shop\\\/dychova-hudba\\\/hvezdicko-blyskava-petr-novak-noty-pre-dychovku\\\/#breadcrumb\"},\"inLanguage\":\"de\",\"potentialAction\":[{\"@type\":\"ReadAction\",\"target\":[\"https:\\\/\\\/shop.petercernicka.eu\\\/shop\\\/dychova-hudba\\\/hvezdicko-blyskava-petr-novak-noty-pre-dychovku\\\/\"]}]},{\"@type\":\"ImageObject\",\"inLanguage\":\"de\",\"@id\":\"https:\\\/\\\/shop.petercernicka.eu\\\/shop\\\/dychova-hudba\\\/hvezdicko-blyskava-petr-novak-noty-pre-dychovku\\\/#primaryimage\",\"url\":\"https:\\\/\\\/shop.petercernicka.eu\\\/wp-content\\\/uploads\\\/2025\\\/02\\\/Petr-Novak-Hvezdicko-blyskava-DYCHOVA-HUDBA.jpg\",\"contentUrl\":\"https:\\\/\\\/shop.petercernicka.eu\\\/wp-content\\\/uploads\\\/2025\\\/02\\\/Petr-Novak-Hvezdicko-blyskava-DYCHOVA-HUDBA.jpg\",\"width\":600,\"height\":865,\"caption\":\"Hv\u011bzdi\u010dko bl\u00fdskav\u00e1 - Petr Nov\u00e1k - noty pre dychovku\"},{\"@type\":\"BreadcrumbList\",\"@id\":\"https:\\\/\\\/shop.petercernicka.eu\\\/shop\\\/dychova-hudba\\\/hvezdicko-blyskava-petr-novak-noty-pre-dychovku\\\/#breadcrumb\",\"itemListElement\":[{\"@type\":\"ListItem\",\"position\":1,\"name\":\"Home\",\"item\":\"https:\\\/\\\/shop.petercernicka.eu\\\/\"},{\"@type\":\"ListItem\",\"position\":2,\"name\":\"Produkty\",\"item\":\"https:\\\/\\\/shop.petercernicka.eu\\\/obchod\\\/\"},{\"@type\":\"ListItem\",\"position\":3,\"name\":\"Hv\u011bzdi\u010dko bl\u00fdskav\u00e1 &#8211; Petr Nov\u00e1k &#8211; noty pre dychovku\"}]},{\"@type\":\"WebSite\",\"@id\":\"https:\\\/\\\/shop.petercernicka.eu\\\/#website\",\"url\":\"https:\\\/\\\/shop.petercernicka.eu\\\/\",\"name\":\"Peter \u010cerni\u010dka | Noty | HUDOBN\u00c9 PODKLADY\",\"description\":\"\u013eudov\u00e9 piesne, popul\u00e1rne \u0161l\u00e1gre, \u010desko-slovensk\u00e9 hity, cig\u00e1nske piesne, ewergreeny, viano\u010dn\u00e9 koledy\",\"potentialAction\":[{\"@type\":\"SearchAction\",\"target\":{\"@type\":\"EntryPoint\",\"urlTemplate\":\"https:\\\/\\\/shop.petercernicka.eu\\\/?s={search_term_string}\"},\"query-input\":{\"@type\":\"PropertyValueSpecification\",\"valueRequired\":true,\"valueName\":\"search_term_string\"}}],\"inLanguage\":\"de\"}]}<\/script>\n<!-- \/ Yoast SEO plugin. -->","yoast_head_json":{"title":"Hv\u011bzdi\u010dko bl\u00fdskav\u00e1 - Petr Nov\u00e1k - noty pre dychovku - Peter \u010cerni\u010dka | Noty | HUDOBN\u00c9 PODKLADY","robots":{"index":"index","follow":"follow","max-snippet":"max-snippet:-1","max-image-preview":"max-image-preview:large","max-video-preview":"max-video-preview:-1"},"canonical":"https:\/\/shop.petercernicka.eu\/de\/shop\/dychova-hudba\/hvezdicko-blyskava-petr-novak-noty-pre-dychovku\/","og_locale":"de_DE","og_type":"article","og_title":"Hv\u011bzdi\u010dko bl\u00fdskav\u00e1 - Petr Nov\u00e1k - noty pre dychovku","og_description":"Hrozn\u011b r\u00e1da m\u00e1\u0161 ten kr\u00e1m tam v p\u0159\u00edzem\u00ed pro\u010d j\u00e1 bl\u00e1zen jsem tam byl a cht\u011bl t\u011b m\u00edt? Z velk\u00fdch fotek a mal\u00fdch roli\u010dek tv\u00fdch, j\u00e1 znal tv\u016fj sm\u00edch A ten \u00fasm\u011bv dvou\u0159ad\u00fd jsem cht\u011bl m\u00edt s\u00e1m, byl sem pry\u010d z t\u00e9 [&hellip;]","og_url":"https:\/\/shop.petercernicka.eu\/de\/shop\/dychova-hudba\/hvezdicko-blyskava-petr-novak-noty-pre-dychovku\/","og_site_name":"Peter \u010cerni\u010dka | Noty | HUDOBN\u00c9 PODKLADY","article_publisher":"https:\/\/www.facebook.com\/petercernickanoty","article_modified_time":"2026-01-31T13:47:01+00:00","og_image":[{"width":600,"height":865,"url":"https:\/\/shop.petercernicka.eu\/wp-content\/uploads\/2025\/02\/Petr-Novak-Hvezdicko-blyskava-DYCHOVA-HUDBA.jpg","type":"image\/jpeg"}],"twitter_card":"summary_large_image","twitter_misc":{"Gesch\u00e4tzte Lesezeit":"1\u00a0Minute"},"schema":{"@context":"https:\/\/schema.org","@graph":[{"@type":"WebPage","@id":"https:\/\/shop.petercernicka.eu\/shop\/dychova-hudba\/hvezdicko-blyskava-petr-novak-noty-pre-dychovku\/","url":"https:\/\/shop.petercernicka.eu\/shop\/dychova-hudba\/hvezdicko-blyskava-petr-novak-noty-pre-dychovku\/","name":"Hv\u011bzdi\u010dko bl\u00fdskav\u00e1 - Petr Nov\u00e1k - noty pre dychovku - Peter \u010cerni\u010dka | Noty | HUDOBN\u00c9 PODKLADY","isPartOf":{"@id":"https:\/\/shop.petercernicka.eu\/#website"},"primaryImageOfPage":{"@id":"https:\/\/shop.petercernicka.eu\/shop\/dychova-hudba\/hvezdicko-blyskava-petr-novak-noty-pre-dychovku\/#primaryimage"},"image":{"@id":"https:\/\/shop.petercernicka.eu\/shop\/dychova-hudba\/hvezdicko-blyskava-petr-novak-noty-pre-dychovku\/#primaryimage"},"thumbnailUrl":"https:\/\/shop.petercernicka.eu\/wp-content\/uploads\/2025\/02\/Petr-Novak-Hvezdicko-blyskava-DYCHOVA-HUDBA.jpg","datePublished":"2025-02-18T06:54:47+00:00","dateModified":"2026-01-31T13:47:01+00:00","breadcrumb":{"@id":"https:\/\/shop.petercernicka.eu\/shop\/dychova-hudba\/hvezdicko-blyskava-petr-novak-noty-pre-dychovku\/#breadcrumb"},"inLanguage":"de","potentialAction":[{"@type":"ReadAction","target":["https:\/\/shop.petercernicka.eu\/shop\/dychova-hudba\/hvezdicko-blyskava-petr-novak-noty-pre-dychovku\/"]}]},{"@type":"ImageObject","inLanguage":"de","@id":"https:\/\/shop.petercernicka.eu\/shop\/dychova-hudba\/hvezdicko-blyskava-petr-novak-noty-pre-dychovku\/#primaryimage","url":"https:\/\/shop.petercernicka.eu\/wp-content\/uploads\/2025\/02\/Petr-Novak-Hvezdicko-blyskava-DYCHOVA-HUDBA.jpg","contentUrl":"https:\/\/shop.petercernicka.eu\/wp-content\/uploads\/2025\/02\/Petr-Novak-Hvezdicko-blyskava-DYCHOVA-HUDBA.jpg","width":600,"height":865,"caption":"Hv\u011bzdi\u010dko bl\u00fdskav\u00e1 - Petr Nov\u00e1k - noty pre dychovku"},{"@type":"BreadcrumbList","@id":"https:\/\/shop.petercernicka.eu\/shop\/dychova-hudba\/hvezdicko-blyskava-petr-novak-noty-pre-dychovku\/#breadcrumb","itemListElement":[{"@type":"ListItem","position":1,"name":"Home","item":"https:\/\/shop.petercernicka.eu\/"},{"@type":"ListItem","position":2,"name":"Produkty","item":"https:\/\/shop.petercernicka.eu\/obchod\/"},{"@type":"ListItem","position":3,"name":"Hv\u011bzdi\u010dko bl\u00fdskav\u00e1 &#8211; Petr Nov\u00e1k &#8211; noty pre dychovku"}]},{"@type":"WebSite","@id":"https:\/\/shop.petercernicka.eu\/#website","url":"https:\/\/shop.petercernicka.eu\/","name":"Peter \u010cerni\u010dka | Noty | HUDOBN\u00c9 PODKLADY","description":"Volkslieder, Schlager, Tschechoslowakische Schlager, Zigeunerlieder, Evergreens, Weihnachtslieder","potentialAction":[{"@type":"SearchAction","target":{"@type":"EntryPoint","urlTemplate":"https:\/\/shop.petercernicka.eu\/?s={search_term_string}"},"query-input":{"@type":"PropertyValueSpecification","valueRequired":true,"valueName":"search_term_string"}}],"inLanguage":"de"}]}},"_links":{"self":[{"href":"https:\/\/shop.petercernicka.eu\/de\/wp-json\/wp\/v2\/product\/8722","targetHints":{"allow":["GET"]}}],"collection":[{"href":"https:\/\/shop.petercernicka.eu\/de\/wp-json\/wp\/v2\/product"}],"about":[{"href":"https:\/\/shop.petercernicka.eu\/de\/wp-json\/wp\/v2\/types\/product"}],"replies":[{"embeddable":true,"href":"https:\/\/shop.petercernicka.eu\/de\/wp-json\/wp\/v2\/comments?post=8722"}],"wp:featuredmedia":[{"embeddable":true,"href":"https:\/\/shop.petercernicka.eu\/de\/wp-json\/wp\/v2\/media\/8712"}],"wp:attachment":[{"href":"https:\/\/shop.petercernicka.eu\/de\/wp-json\/wp\/v2\/media?parent=8722"}],"wp:term":[{"taxonomy":"product_brand","embeddable":true,"href":"https:\/\/shop.petercernicka.eu\/de\/wp-json\/wp\/v2\/product_brand?post=8722"},{"taxonomy":"product_cat","embeddable":true,"href":"https:\/\/shop.petercernicka.eu\/de\/wp-json\/wp\/v2\/product_cat?post=8722"},{"taxonomy":"product_tag","embeddable":true,"href":"https:\/\/shop.petercernicka.eu\/de\/wp-json\/wp\/v2\/product_tag?post=8722"}],"curies":[{"name":"wp","href":"https:\/\/api.w.org\/{rel}","templated":true}]}}