{"id":8721,"date":"2025-02-18T07:53:07","date_gmt":"2025-02-18T06:53:07","guid":{"rendered":"https:\/\/shop.petercernicka.eu\/?post_type=product&#038;p=8721"},"modified":"2026-01-31T14:47:01","modified_gmt":"2026-01-31T13:47:01","slug":"povidej-petr-novak-noty-pre-dychovku","status":"publish","type":"product","link":"https:\/\/shop.petercernicka.eu\/de\/shop\/dychova-hudba\/povidej-petr-novak-noty-pre-dychovku\/","title":{"rendered":"Pov\u00eddej &#8211; Petr Nov\u00e1k &#8211; noty pre dychovku"},"content":{"rendered":"<p><span style=\"color: #000000;\">Pov\u00eddej jestli t\u00e9 m\u00e1 hodn\u011b r\u00e1d v\u00edc ne\u017e j\u00e1<\/span><\/p>\n<p><span style=\"color: #000000;\">Jestli kdy\u017e ve\u010der jde\u0161 sp\u00e1t ti polibek d\u00e1<\/span><\/p>\n<p><span style=\"color: #000000;\">tak jako j\u00e1 ,to u\u017e je d\u00e1vno, tak pov\u00eddej, jen pov\u00eddej<\/span><\/p>\n<p><span style=\"color: #000000;\">Pov\u00eddej nechal t\u00e9 b\u00fdt, v\u017edy\u0165 m\u011bl t\u00e9 tak r\u00e1d<\/span><\/p>\n<p><span style=\"color: #000000;\">Nebos ho nechala j\u00edt, kdy\u017e \u0161el k jin\u00fd sp\u00e1t<\/span><\/p>\n<p><span style=\"color: #000000;\">tak jako mne, to u\u017e je d\u00e1vno,tak pov\u00eddej,jen pov\u00eddej<\/span><\/p>\n<p><span style=\"color: #000000;\">\u00ae: Pov\u00eddej, jestli se ti po m\u011b st\u00fdsk\u00e1<\/span><\/p>\n<p><span style=\"color: #000000;\">kdy\u017e jde\u0161 ve\u010der sp\u00e1t<\/span><\/p>\n<p><span style=\"color: #000000;\">Jestli kdy\u017e ve\u010der se bl\u00edzk\u00e1<\/span><\/p>\n<p><span style=\"color: #000000;\">nep\u0159estala ses b\u00e1t<\/span><\/p>\n<p><span style=\"color: #000000;\">Pov\u00eddej ne j\u00e1 se nevr\u00e1t\u00edm ,bez dom\u016f sp\u00e1t<\/span><\/p>\n<p><span style=\"color: #000000;\">Svou l\u00e1sku ti vyplat\u00edm,v\u00edc nem\u016f\u017eu dat<\/span><\/p>\n<p><span style=\"color: #000000;\">jak jsem d\u00e1l d\u0159\u00edv,to u\u017e je d\u00e1vno tak pov\u00eddej,jen pov\u00eddej<\/span><\/p>","protected":false},"excerpt":{"rendered":"<p>Pov\u00eddej jestli t\u00e9 m\u00e1 hodn\u011b r\u00e1d v\u00edc ne\u017e j\u00e1 Jestli kdy\u017e ve\u010der jde\u0161 sp\u00e1t ti polibek d\u00e1 tak jako j\u00e1 ,to u\u017e je d\u00e1vno, tak pov\u00eddej, jen pov\u00eddej Pov\u00eddej nechal t\u00e9 b\u00fdt, v\u017edy\u0165 m\u011bl t\u00e9 tak r\u00e1d Nebos ho nechala j\u00edt, kdy\u017e [&hellip;]<\/p>\n","protected":false},"featured_media":8713,"comment_status":"closed","ping_status":"closed","template":"","meta":{"om_disable_all_campaigns":false},"product_brand":[],"product_cat":[36,1168],"product_tag":[1188],"class_list":{"0":"post-8721","1":"product","2":"type-product","3":"status-publish","4":"has-post-thumbnail","6":"product_cat-dychova-hudba","7":"product_cat-noty","8":"product_tag-noty","10":"first","11":"outofstock","12":"downloadable","13":"virtual","14":"taxable","15":"purchasable","16":"product-type-simple"},"yoast_head":"<!-- This site is optimized with the Yoast SEO plugin v27.4 - https:\/\/yoast.com\/product\/yoast-seo-wordpress\/ -->\n<title>Pov\u00eddej - Petr Nov\u00e1k - noty pre dychovku - Peter \u010cerni\u010dka | Noty | HUDOBN\u00c9 PODKLADY<\/title>\n<meta name=\"robots\" content=\"index, follow, max-snippet:-1, max-image-preview:large, max-video-preview:-1\" \/>\n<link rel=\"canonical\" href=\"https:\/\/shop.petercernicka.eu\/de\/shop\/dychova-hudba\/povidej-petr-novak-noty-pre-dychovku\/\" \/>\n<meta property=\"og:locale\" content=\"de_DE\" \/>\n<meta property=\"og:type\" content=\"article\" \/>\n<meta property=\"og:title\" content=\"Pov\u00eddej - Petr Nov\u00e1k - noty pre dychovku\" \/>\n<meta property=\"og:description\" content=\"Pov\u00eddej jestli t\u00e9 m\u00e1 hodn\u011b r\u00e1d v\u00edc ne\u017e j\u00e1 Jestli kdy\u017e ve\u010der jde\u0161 sp\u00e1t ti polibek d\u00e1 tak jako j\u00e1 ,to u\u017e je d\u00e1vno, tak pov\u00eddej, jen pov\u00eddej Pov\u00eddej nechal t\u00e9 b\u00fdt, v\u017edy\u0165 m\u011bl t\u00e9 tak r\u00e1d Nebos ho nechala j\u00edt, kdy\u017e [&hellip;]\" \/>\n<meta property=\"og:url\" content=\"https:\/\/shop.petercernicka.eu\/de\/shop\/dychova-hudba\/povidej-petr-novak-noty-pre-dychovku\/\" \/>\n<meta property=\"og:site_name\" content=\"Peter \u010cerni\u010dka | Noty | HUDOBN\u00c9 PODKLADY\" \/>\n<meta property=\"article:publisher\" content=\"https:\/\/www.facebook.com\/petercernickanoty\" \/>\n<meta property=\"article:modified_time\" content=\"2026-01-31T13:47:01+00:00\" \/>\n<meta property=\"og:image\" content=\"https:\/\/shop.petercernicka.eu\/wp-content\/uploads\/2025\/02\/Petr-Novak-Povidej-DYCHOVA-HUDBA.jpg\" \/>\n\t<meta property=\"og:image:width\" content=\"599\" \/>\n\t<meta property=\"og:image:height\" content=\"863\" \/>\n\t<meta property=\"og:image:type\" content=\"image\/jpeg\" \/>\n<meta name=\"twitter:card\" content=\"summary_large_image\" \/>\n<meta name=\"twitter:label1\" content=\"Gesch\u00e4tzte Lesezeit\" \/>\n\t<meta name=\"twitter:data1\" content=\"1\u00a0Minute\" \/>\n<script type=\"application\/ld+json\" class=\"yoast-schema-graph\">{\"@context\":\"https:\\\/\\\/schema.org\",\"@graph\":[{\"@type\":\"WebPage\",\"@id\":\"https:\\\/\\\/shop.petercernicka.eu\\\/shop\\\/dychova-hudba\\\/povidej-petr-novak-noty-pre-dychovku\\\/\",\"url\":\"https:\\\/\\\/shop.petercernicka.eu\\\/shop\\\/dychova-hudba\\\/povidej-petr-novak-noty-pre-dychovku\\\/\",\"name\":\"Pov\u00eddej - Petr Nov\u00e1k - noty pre dychovku - Peter \u010cerni\u010dka | Noty | HUDOBN\u00c9 PODKLADY\",\"isPartOf\":{\"@id\":\"https:\\\/\\\/shop.petercernicka.eu\\\/#website\"},\"primaryImageOfPage\":{\"@id\":\"https:\\\/\\\/shop.petercernicka.eu\\\/shop\\\/dychova-hudba\\\/povidej-petr-novak-noty-pre-dychovku\\\/#primaryimage\"},\"image\":{\"@id\":\"https:\\\/\\\/shop.petercernicka.eu\\\/shop\\\/dychova-hudba\\\/povidej-petr-novak-noty-pre-dychovku\\\/#primaryimage\"},\"thumbnailUrl\":\"https:\\\/\\\/shop.petercernicka.eu\\\/wp-content\\\/uploads\\\/2025\\\/02\\\/Petr-Novak-Povidej-DYCHOVA-HUDBA.jpg\",\"datePublished\":\"2025-02-18T06:53:07+00:00\",\"dateModified\":\"2026-01-31T13:47:01+00:00\",\"breadcrumb\":{\"@id\":\"https:\\\/\\\/shop.petercernicka.eu\\\/shop\\\/dychova-hudba\\\/povidej-petr-novak-noty-pre-dychovku\\\/#breadcrumb\"},\"inLanguage\":\"de\",\"potentialAction\":[{\"@type\":\"ReadAction\",\"target\":[\"https:\\\/\\\/shop.petercernicka.eu\\\/shop\\\/dychova-hudba\\\/povidej-petr-novak-noty-pre-dychovku\\\/\"]}]},{\"@type\":\"ImageObject\",\"inLanguage\":\"de\",\"@id\":\"https:\\\/\\\/shop.petercernicka.eu\\\/shop\\\/dychova-hudba\\\/povidej-petr-novak-noty-pre-dychovku\\\/#primaryimage\",\"url\":\"https:\\\/\\\/shop.petercernicka.eu\\\/wp-content\\\/uploads\\\/2025\\\/02\\\/Petr-Novak-Povidej-DYCHOVA-HUDBA.jpg\",\"contentUrl\":\"https:\\\/\\\/shop.petercernicka.eu\\\/wp-content\\\/uploads\\\/2025\\\/02\\\/Petr-Novak-Povidej-DYCHOVA-HUDBA.jpg\",\"width\":599,\"height\":863,\"caption\":\"Pov\u00eddej - Petr Nov\u00e1k - noty pre dychovku\"},{\"@type\":\"BreadcrumbList\",\"@id\":\"https:\\\/\\\/shop.petercernicka.eu\\\/shop\\\/dychova-hudba\\\/povidej-petr-novak-noty-pre-dychovku\\\/#breadcrumb\",\"itemListElement\":[{\"@type\":\"ListItem\",\"position\":1,\"name\":\"Home\",\"item\":\"https:\\\/\\\/shop.petercernicka.eu\\\/\"},{\"@type\":\"ListItem\",\"position\":2,\"name\":\"Produkty\",\"item\":\"https:\\\/\\\/shop.petercernicka.eu\\\/obchod\\\/\"},{\"@type\":\"ListItem\",\"position\":3,\"name\":\"Pov\u00eddej &#8211; Petr Nov\u00e1k &#8211; noty pre dychovku\"}]},{\"@type\":\"WebSite\",\"@id\":\"https:\\\/\\\/shop.petercernicka.eu\\\/#website\",\"url\":\"https:\\\/\\\/shop.petercernicka.eu\\\/\",\"name\":\"Peter \u010cerni\u010dka | Noty | HUDOBN\u00c9 PODKLADY\",\"description\":\"\u013eudov\u00e9 piesne, popul\u00e1rne \u0161l\u00e1gre, \u010desko-slovensk\u00e9 hity, cig\u00e1nske piesne, ewergreeny, viano\u010dn\u00e9 koledy\",\"potentialAction\":[{\"@type\":\"SearchAction\",\"target\":{\"@type\":\"EntryPoint\",\"urlTemplate\":\"https:\\\/\\\/shop.petercernicka.eu\\\/?s={search_term_string}\"},\"query-input\":{\"@type\":\"PropertyValueSpecification\",\"valueRequired\":true,\"valueName\":\"search_term_string\"}}],\"inLanguage\":\"de\"}]}<\/script>\n<!-- \/ Yoast SEO plugin. -->","yoast_head_json":{"title":"Pov\u00eddej - Petr Nov\u00e1k - noty pre dychovku - Peter \u010cerni\u010dka | Noty | HUDOBN\u00c9 PODKLADY","robots":{"index":"index","follow":"follow","max-snippet":"max-snippet:-1","max-image-preview":"max-image-preview:large","max-video-preview":"max-video-preview:-1"},"canonical":"https:\/\/shop.petercernicka.eu\/de\/shop\/dychova-hudba\/povidej-petr-novak-noty-pre-dychovku\/","og_locale":"de_DE","og_type":"article","og_title":"Pov\u00eddej - Petr Nov\u00e1k - noty pre dychovku","og_description":"Pov\u00eddej jestli t\u00e9 m\u00e1 hodn\u011b r\u00e1d v\u00edc ne\u017e j\u00e1 Jestli kdy\u017e ve\u010der jde\u0161 sp\u00e1t ti polibek d\u00e1 tak jako j\u00e1 ,to u\u017e je d\u00e1vno, tak pov\u00eddej, jen pov\u00eddej Pov\u00eddej nechal t\u00e9 b\u00fdt, v\u017edy\u0165 m\u011bl t\u00e9 tak r\u00e1d Nebos ho nechala j\u00edt, kdy\u017e [&hellip;]","og_url":"https:\/\/shop.petercernicka.eu\/de\/shop\/dychova-hudba\/povidej-petr-novak-noty-pre-dychovku\/","og_site_name":"Peter \u010cerni\u010dka | Noty | HUDOBN\u00c9 PODKLADY","article_publisher":"https:\/\/www.facebook.com\/petercernickanoty","article_modified_time":"2026-01-31T13:47:01+00:00","og_image":[{"width":599,"height":863,"url":"https:\/\/shop.petercernicka.eu\/wp-content\/uploads\/2025\/02\/Petr-Novak-Povidej-DYCHOVA-HUDBA.jpg","type":"image\/jpeg"}],"twitter_card":"summary_large_image","twitter_misc":{"Gesch\u00e4tzte Lesezeit":"1\u00a0Minute"},"schema":{"@context":"https:\/\/schema.org","@graph":[{"@type":"WebPage","@id":"https:\/\/shop.petercernicka.eu\/shop\/dychova-hudba\/povidej-petr-novak-noty-pre-dychovku\/","url":"https:\/\/shop.petercernicka.eu\/shop\/dychova-hudba\/povidej-petr-novak-noty-pre-dychovku\/","name":"Pov\u00eddej - Petr Nov\u00e1k - noty pre dychovku - Peter \u010cerni\u010dka | Noty | HUDOBN\u00c9 PODKLADY","isPartOf":{"@id":"https:\/\/shop.petercernicka.eu\/#website"},"primaryImageOfPage":{"@id":"https:\/\/shop.petercernicka.eu\/shop\/dychova-hudba\/povidej-petr-novak-noty-pre-dychovku\/#primaryimage"},"image":{"@id":"https:\/\/shop.petercernicka.eu\/shop\/dychova-hudba\/povidej-petr-novak-noty-pre-dychovku\/#primaryimage"},"thumbnailUrl":"https:\/\/shop.petercernicka.eu\/wp-content\/uploads\/2025\/02\/Petr-Novak-Povidej-DYCHOVA-HUDBA.jpg","datePublished":"2025-02-18T06:53:07+00:00","dateModified":"2026-01-31T13:47:01+00:00","breadcrumb":{"@id":"https:\/\/shop.petercernicka.eu\/shop\/dychova-hudba\/povidej-petr-novak-noty-pre-dychovku\/#breadcrumb"},"inLanguage":"de","potentialAction":[{"@type":"ReadAction","target":["https:\/\/shop.petercernicka.eu\/shop\/dychova-hudba\/povidej-petr-novak-noty-pre-dychovku\/"]}]},{"@type":"ImageObject","inLanguage":"de","@id":"https:\/\/shop.petercernicka.eu\/shop\/dychova-hudba\/povidej-petr-novak-noty-pre-dychovku\/#primaryimage","url":"https:\/\/shop.petercernicka.eu\/wp-content\/uploads\/2025\/02\/Petr-Novak-Povidej-DYCHOVA-HUDBA.jpg","contentUrl":"https:\/\/shop.petercernicka.eu\/wp-content\/uploads\/2025\/02\/Petr-Novak-Povidej-DYCHOVA-HUDBA.jpg","width":599,"height":863,"caption":"Pov\u00eddej - Petr Nov\u00e1k - noty pre dychovku"},{"@type":"BreadcrumbList","@id":"https:\/\/shop.petercernicka.eu\/shop\/dychova-hudba\/povidej-petr-novak-noty-pre-dychovku\/#breadcrumb","itemListElement":[{"@type":"ListItem","position":1,"name":"Home","item":"https:\/\/shop.petercernicka.eu\/"},{"@type":"ListItem","position":2,"name":"Produkty","item":"https:\/\/shop.petercernicka.eu\/obchod\/"},{"@type":"ListItem","position":3,"name":"Pov\u00eddej &#8211; Petr Nov\u00e1k &#8211; noty pre dychovku"}]},{"@type":"WebSite","@id":"https:\/\/shop.petercernicka.eu\/#website","url":"https:\/\/shop.petercernicka.eu\/","name":"Peter \u010cerni\u010dka | Noty | HUDOBN\u00c9 PODKLADY","description":"Volkslieder, Schlager, Tschechoslowakische Schlager, Zigeunerlieder, Evergreens, Weihnachtslieder","potentialAction":[{"@type":"SearchAction","target":{"@type":"EntryPoint","urlTemplate":"https:\/\/shop.petercernicka.eu\/?s={search_term_string}"},"query-input":{"@type":"PropertyValueSpecification","valueRequired":true,"valueName":"search_term_string"}}],"inLanguage":"de"}]}},"_links":{"self":[{"href":"https:\/\/shop.petercernicka.eu\/de\/wp-json\/wp\/v2\/product\/8721","targetHints":{"allow":["GET"]}}],"collection":[{"href":"https:\/\/shop.petercernicka.eu\/de\/wp-json\/wp\/v2\/product"}],"about":[{"href":"https:\/\/shop.petercernicka.eu\/de\/wp-json\/wp\/v2\/types\/product"}],"replies":[{"embeddable":true,"href":"https:\/\/shop.petercernicka.eu\/de\/wp-json\/wp\/v2\/comments?post=8721"}],"wp:featuredmedia":[{"embeddable":true,"href":"https:\/\/shop.petercernicka.eu\/de\/wp-json\/wp\/v2\/media\/8713"}],"wp:attachment":[{"href":"https:\/\/shop.petercernicka.eu\/de\/wp-json\/wp\/v2\/media?parent=8721"}],"wp:term":[{"taxonomy":"product_brand","embeddable":true,"href":"https:\/\/shop.petercernicka.eu\/de\/wp-json\/wp\/v2\/product_brand?post=8721"},{"taxonomy":"product_cat","embeddable":true,"href":"https:\/\/shop.petercernicka.eu\/de\/wp-json\/wp\/v2\/product_cat?post=8721"},{"taxonomy":"product_tag","embeddable":true,"href":"https:\/\/shop.petercernicka.eu\/de\/wp-json\/wp\/v2\/product_tag?post=8721"}],"curies":[{"name":"wp","href":"https:\/\/api.w.org\/{rel}","templated":true}]}}