{"id":8696,"date":"2025-02-06T19:27:49","date_gmt":"2025-02-06T18:27:49","guid":{"rendered":"https:\/\/shop.petercernicka.eu\/?post_type=product&#038;p=8696"},"modified":"2026-01-31T14:47:03","modified_gmt":"2026-01-31T13:47:03","slug":"ceske-a-moravske-ludove-a-zludovene-piesne-pre-dychovu-hudbu-knizky-pochodovky-pdf-format-2025","status":"publish","type":"product","link":"https:\/\/shop.petercernicka.eu\/de\/shop\/dychova-hudba\/ceske-a-moravske-ludove-a-zludovene-piesne-pre-dychovu-hudbu-knizky-pochodovky-pdf-format-2025\/","title":{"rendered":"\u010cesk\u00e9 a Moravsk\u00e9 \u013eudov\u00e9 a z\u013eudoven\u00e9 piesne pre dychov\u00fa hudbu \u2013 kn\u00ed\u017eky (pochodovky) PDF form\u00e1t 2025"},"content":{"rendered":"<ul>\n<li><span style=\"font-size: 14pt; color: #000000;\">Pestr\u00fd v\u00fdber skladieb vhodn\u00fd na ak\u00e9ko\u013evek podujatie v ter\u00e9ne \u010di na koncerte <img decoding=\"async\" class=\"emoji\" role=\"img\" draggable=\"false\" src=\"https:\/\/s.w.org\/images\/core\/emoji\/14.0.0\/svg\/1f642.svg\" alt=\"????\" \/><\/span><\/li>\n<li><span style=\"font-size: 14pt; color: #000000;\">jednoduch\u00e9 \u00fapravy \u013eudov\u00fdch skladieb \u2013 polky a val\u010d\u00edky,\u00a0(fa\u0161iangy, stavanie m\u00e1ja, svadobn\u00e9 chodn\u00edky-vystr\u00e1ja\u010dky, rodinn\u00e9 oslavy, hody a kade\u010do in\u00e9.)<\/span><\/li>\n<li><span style=\"font-size: 14pt; color: #000000;\">form\u00e1t 160mm x 130mm (form\u00e1t do l\u00fdry)<br \/>\n<\/span><\/li>\n<li><span style=\"color: #000000;\">PDF &#8211; <span style=\"font-size: 14pt;\">na stiahnutie<\/span><\/span><\/li>\n<li><span style=\"font-size: 14pt; color: #000000;\">Aran\u017eoval: Peter \u010cerni\u010dka<\/span><\/li>\n<\/ul>\n<p><span style=\"font-size: 14pt; color: #000000;\"><strong>13 kni\u017eiek:<\/strong><\/span><\/p>\n<ul>\n<li><span style=\"font-size: 14pt; color: #000000;\">Eb klarinet<\/span><\/li>\n<li><span style=\"font-size: 14pt; color: #000000;\">1Bb klarinet<\/span><\/li>\n<li><span style=\"font-size: 14pt; color: #000000;\">Kr\u00eddlovka 1Bb<\/span><\/li>\n<li><span style=\"font-size: 14pt; color: #000000;\">Kr\u00eddlovka 2Bb<\/span><\/li>\n<li><span style=\"font-size: 14pt; color: #000000;\">Trumpeta Oblig\u00e1tka<\/span><\/li>\n<li><span style=\"font-size: 14pt; color: #000000;\">Tenor<\/span><\/li>\n<li><span style=\"font-size: 14pt; color: #000000;\">Baryt\u00f3n C<\/span><\/li>\n<li><span style=\"font-size: 14pt; color: #000000;\">Melodick\u00fd tromb\u00f3n C<\/span><\/li>\n<li><span style=\"font-size: 14pt; color: #000000;\">Tromb\u00f3n (Bb) dopr.<\/span><\/li>\n<li><span style=\"font-size: 14pt; color: #000000;\">Tr\u00fabka dopr. 1Bb<\/span><\/li>\n<li><span style=\"font-size: 14pt; color: #000000;\">Tr\u00fabka dopr. 2Bb<\/span><\/li>\n<li><span style=\"font-size: 14pt; color: #000000;\">Tuba C\u00a0<\/span><\/li>\n<li><span style=\"font-size: 14pt; color: #000000;\">Bicie<\/span><br \/>\n<hr \/>\n<p><span style=\"font-size: 14pt; color: #000000;\"><strong>Zoznam skladieb:<\/strong><\/span><\/p>\n<p><span style=\"font-size: 14pt; color: #000000;\">1. Beskyde, Beskyde &#8211; \u013eudov\u00e1<\/span><br \/>\n<span style=\"font-size: 14pt; color: #000000;\">2. Byla noc kr\u00e1sn\u00e1 m\u00e1jov\u00e1 &#8211; \u013eudov\u00e1<\/span><br \/>\n<span style=\"font-size: 14pt; color: #000000;\">3. Co ste hasi\u010di &#8211; \u013eudov\u00e1<\/span><br \/>\n<span style=\"font-size: 14pt; color: #000000;\">4. D\u00edvam se na st\u0159emchy b\u00edl\u00e9 &#8211; \u013eudov\u00e1<\/span><br \/>\n<span style=\"font-size: 14pt; color: #000000;\">5. \u010cerven\u00e9 v\u00edne\u010dko &#8211; V\u00e1clav Ma\u0148as ml.<\/span><br \/>\n<span style=\"font-size: 14pt; color: #000000;\">6. Dolina doline\u010dka &#8211; Miloslav R. Proch\u00e1zka\/Zden\u011bk Ba\u0165ka<\/span><br \/>\n<span style=\"font-size: 14pt; color: #000000;\">7. Fraj\u00edr mil\u00fd fraj\u00edr &#8211; \u013eudov\u00e1<\/span><br \/>\n<span style=\"font-size: 14pt; color: #000000;\">8. Hustope\u010dsk\u00e1 doline\u010dka &#8211; Vladim\u00edr Pfeffer<\/span><br \/>\n<span style=\"font-size: 14pt; color: #000000;\">9. Holub\u011bnka &#8211; Ji\u0159\u00ed Zmo\u017eek<\/span><br \/>\n<span style=\"font-size: 14pt; color: #000000;\">10. H\u00e1je\u010dku pot\u016f\u010dek &#8211; \u013eudov\u00e1<\/span><br \/>\n<span style=\"font-size: 14pt; color: #000000;\">11. Chodila Mary\u0161a v zelen\u00e9m h\u00e1ji &#8211; \u013eudov\u00e1<\/span><br \/>\n<span style=\"font-size: 14pt; color: #000000;\">12. Chy\u0165te sa \u0161ohaji &#8211; V\u00e1clav Ma\u0148as ml.<\/span><br \/>\n<span style=\"font-size: 14pt; color: #000000;\">13. Chodn\u00ed\u010dek b\u011blav\u00fd &#8211; \u013eudov\u00e1<\/span><br \/>\n<span style=\"font-size: 14pt; color: #000000;\">14. Jak\u00e9 je to hezk\u00e9 &#8211; \u013eudov\u00e1<\/span><br \/>\n<span style=\"font-size: 14pt; color: #000000;\">15. L\u00e1sko moje l\u00e1sko &#8211; Ji\u0159\u00ed Zmo\u017eek<\/span><br \/>\n<span style=\"font-size: 14pt; color: #000000;\">16. Kapelo polku hrej &#8211; V. Pfeffer, J. Tesa\u0159\u00edk<\/span><br \/>\n<span style=\"font-size: 14pt; color: #000000;\">17. M\u011bl jsem fraj\u00e1re\u010dku &#8211; \u013eudov\u00e1<\/span><br \/>\n<span style=\"font-size: 14pt; color: #000000;\">18. Kdyby byla Morava &#8211; \u013eudov\u00e1<\/span><br \/>\n<span style=\"font-size: 14pt; color: #000000;\">19. Morava kr\u00e1sna zem &#8211; \u013eudov\u00e1<\/span><br \/>\n<span style=\"font-size: 14pt; color: #000000;\">20. Kdy\u017e jsem j\u00e1 \u0161el kolem pansk\u00e9 &#8211; Nezn\u00e1m\u00fd<\/span><br \/>\n<span style=\"font-size: 14pt; color: #000000;\">21. Na Strahov\u011b pod Pet\u0159\u00ednem &#8211; \u013eudov\u00e1<\/span><br \/>\n<span style=\"font-size: 14pt; color: #000000;\">22. Kdy\u017e jsem \u0161el v Praze po r\u00ednku &#8211; \u013eudov\u00e1<\/span><br \/>\n<span style=\"font-size: 14pt; color: #000000;\">23. Na brehu rie\u010dky &#8211; \u013eudov\u00e1<\/span><br \/>\n<span style=\"font-size: 14pt; color: #000000;\">24. Kone moje vran\u00e9 &#8211; \u013eudov\u00e1<\/span><br \/>\n<span style=\"font-size: 14pt; color: #000000;\">25. V tej Milotskej ba\u017eantnici &#8211; Nezn\u00e1m\u00fd<\/span><br \/>\n<span style=\"font-size: 14pt; color: #000000;\">26. Na b\u0159ehu Blanice &#8211; \u013eudov\u00e1<\/span><br \/>\n<span style=\"font-size: 14pt; color: #000000;\">27. Okolo Kyjova &#8211; Jan Slab\u00e1k<\/span><br \/>\n<span style=\"font-size: 14pt; color: #000000;\">28. Na hodech muzika &#8211; \u013eudov\u00e1<\/span><br \/>\n<span style=\"font-size: 14pt; color: #000000;\">29. Pod Dub\u0148ansk\u00fa horu &#8211; Blahoslav Smi\u0161ovsk\u00fd<\/span><br \/>\n<span style=\"font-size: 14pt; color: #000000;\">30. Na t\u00fdch pansk\u00fdch l\u00fakach &#8211; \u013eudov\u00e1<\/span><br \/>\n<span style=\"font-size: 14pt; color: #000000;\">31. Okolo Se\u010de &#8211; Nezn\u00e1m\u00fd<\/span><br \/>\n<span style=\"font-size: 14pt; color: #000000;\">32. Na T\u00fdneck\u00fdch l\u00fakach &#8211; \u013eudov\u00e1<\/span><br \/>\n<span style=\"font-size: 14pt; color: #000000;\">33. Pro keho sa stroj\u00ed\u0161 &#8211; Ji\u0159\u00ed Zmo\u017eek<\/span><br \/>\n<span style=\"font-size: 14pt; color: #000000;\">34. Na\u0161a d\u011bdina &#8211; Zden\u011bk Gursk\u00fd<\/span><br \/>\n<span style=\"font-size: 14pt; color: #000000;\">35. Rybi\u010dka &#8211; \u013eudov\u00e1<\/span><br \/>\n<span style=\"font-size: 14pt; color: #000000;\">36. Nebola som vesel\u00e1 &#8211; \u013eudov\u00e1<\/span><br \/>\n<span style=\"font-size: 14pt; color: #000000;\">37. \u0160el jsem za noci alej\u00ed &#8211; \u013eudov\u00e1<\/span><br \/>\n<span style=\"font-size: 14pt; color: #000000;\">38. P\u00e1lavsk\u00e9 vr\u0161ky &#8211; Jo\u017eka Kone\u010dn\u00fd<\/span><br \/>\n<span style=\"font-size: 14pt; color: #000000;\">39. Ta Skalick\u00e1 br\u00e1na &#8211; Ji\u0159\u00ed Tesa\u0159\u00edk, Miroslav Ir\u0161a<\/span><br \/>\n<span style=\"font-size: 14pt; color: #000000;\">40. Po\u010dkaj syne\u010dku &#8211; V\u00e1clav Ma\u0148as<\/span><br \/>\n<span style=\"font-size: 14pt; color: #000000;\">41. Te\u010de pot\u016f\u010dek bublav\u00fd &#8211; \u013eudov\u00e1<\/span><br \/>\n<span style=\"font-size: 14pt; color: #000000;\">42. Pod kopcem Host\u00fdnem &#8211; \u013eudov\u00e1<\/span><br \/>\n<span style=\"font-size: 14pt; color: #000000;\">43. Ten Lan\u017ehotsk\u00fd ml\u00fdn &#8211; \u013eudov\u00e1<\/span><br \/>\n<span style=\"font-size: 14pt; color: #000000;\">44. P\u0159es Veselsk\u00e9 l\u00faky &#8211; \u013eudov\u00e1<\/span><br \/>\n<span style=\"font-size: 14pt; color: #000000;\">45. To na\u0161e stav\u011bn\u00ed &#8211; Nezn\u00e1m\u00fd<\/span><br \/>\n<span style=\"font-size: 14pt; color: #000000;\">46. Tys fale\u0161n\u00e1 fraj\u00e1rko &#8211; Blahoslav Smi\u0161ovsk\u00fd<\/span><br \/>\n<span style=\"font-size: 14pt; color: #000000;\">47. Ty Krumv\u00ed\u0159sk\u00e9 vinohrady &#8211; Ji\u0159\u00ed Zmo\u017eek<\/span><br \/>\n<span style=\"font-size: 14pt; color: #000000;\">48. St\u0159\u00edbrnice &#8211; J.Kone\u010dn\u00fd, V.Sal\u010d\u00e1k<\/span><br \/>\n<span style=\"font-size: 14pt; color: #000000;\">49. U\u017e je ve\u010der &#8211; \u013eudov\u00e1<\/span><br \/>\n<span style=\"font-size: 14pt; color: #000000;\">50. \u0160ohaji z Mist\u0159\u00ed\u0148a &#8211;<\/span><\/li>\n<\/ul>","protected":false},"excerpt":{"rendered":"<ul>\n<li><strong>Vydanie 2025<\/strong><\/li>\n<li><strong>PDF form\u00e1t na stiahnutie<\/strong><\/li>\n<\/ul>","protected":false},"featured_media":8698,"comment_status":"closed","ping_status":"closed","template":"","meta":{"om_disable_all_campaigns":false},"product_brand":[],"product_cat":[36,1168],"product_tag":[1087,1188],"class_list":{"0":"post-8696","1":"product","2":"type-product","3":"status-publish","4":"has-post-thumbnail","6":"product_cat-dychova-hudba","7":"product_cat-noty","8":"product_tag-knizky","9":"product_tag-noty","11":"first","12":"outofstock","13":"downloadable","14":"virtual","15":"taxable","16":"purchasable","17":"product-type-simple"},"yoast_head":"<!-- This site is optimized with the Yoast SEO plugin v27.4 - https:\/\/yoast.com\/product\/yoast-seo-wordpress\/ -->\n<title>\u010cesk\u00e9 a Moravsk\u00e9 \u013eudov\u00e9 a z\u013eudoven\u00e9 piesne pre dychov\u00fa hudbu \u2013 kn\u00ed\u017eky (pochodovky) PDF form\u00e1t 2025 - Peter \u010cerni\u010dka | Noty | HUDOBN\u00c9 PODKLADY<\/title>\n<meta name=\"robots\" content=\"index, follow, max-snippet:-1, max-image-preview:large, max-video-preview:-1\" \/>\n<link rel=\"canonical\" href=\"https:\/\/shop.petercernicka.eu\/de\/shop\/dychova-hudba\/ceske-a-moravske-ludove-a-zludovene-piesne-pre-dychovu-hudbu-knizky-pochodovky-pdf-format-2025\/\" \/>\n<meta property=\"og:locale\" content=\"de_DE\" \/>\n<meta property=\"og:type\" content=\"article\" \/>\n<meta property=\"og:title\" content=\"\u010cesk\u00e9 a Moravsk\u00e9 \u013eudov\u00e9 a z\u013eudoven\u00e9 piesne pre dychov\u00fa hudbu \u2013 kn\u00ed\u017eky (pochodovky) PDF form\u00e1t. Vydanie 2025\" \/>\n<meta property=\"og:description\" content=\"\u010cesk\u00e9 a Moravsk\u00e9 \u013eudov\u00e9 a z\u013eudoven\u00e9 piesne pre dychov\u00fa hudbu \u2013 kn\u00ed\u017eky (pochodovky) PDF form\u00e1t, Vydanie 2025\" \/>\n<meta property=\"og:url\" content=\"https:\/\/shop.petercernicka.eu\/de\/shop\/dychova-hudba\/ceske-a-moravske-ludove-a-zludovene-piesne-pre-dychovu-hudbu-knizky-pochodovky-pdf-format-2025\/\" \/>\n<meta property=\"og:site_name\" content=\"Peter \u010cerni\u010dka | Noty | HUDOBN\u00c9 PODKLADY\" \/>\n<meta property=\"article:publisher\" content=\"https:\/\/www.facebook.com\/petercernickanoty\" \/>\n<meta property=\"article:modified_time\" content=\"2026-01-31T13:47:03+00:00\" \/>\n<meta property=\"og:image\" content=\"https:\/\/shop.petercernicka.eu\/wp-content\/uploads\/2025\/02\/Ceske-a-Moravske-ludove-a-zludovene-piesne-booklet_page-0001.jpg\" \/>\n\t<meta property=\"og:image:width\" content=\"2481\" \/>\n\t<meta property=\"og:image:height\" content=\"1748\" \/>\n\t<meta property=\"og:image:type\" content=\"image\/jpeg\" \/>\n<meta name=\"twitter:card\" content=\"summary_large_image\" \/>\n<meta name=\"twitter:label1\" content=\"Gesch\u00e4tzte Lesezeit\" \/>\n\t<meta name=\"twitter:data1\" content=\"2\u00a0Minuten\" \/>\n<script type=\"application\/ld+json\" class=\"yoast-schema-graph\">{\"@context\":\"https:\\\/\\\/schema.org\",\"@graph\":[{\"@type\":\"WebPage\",\"@id\":\"https:\\\/\\\/shop.petercernicka.eu\\\/shop\\\/dychova-hudba\\\/ceske-a-moravske-ludove-a-zludovene-piesne-pre-dychovu-hudbu-knizky-pochodovky-pdf-format-2025\\\/\",\"url\":\"https:\\\/\\\/shop.petercernicka.eu\\\/shop\\\/dychova-hudba\\\/ceske-a-moravske-ludove-a-zludovene-piesne-pre-dychovu-hudbu-knizky-pochodovky-pdf-format-2025\\\/\",\"name\":\"\u010cesk\u00e9 a Moravsk\u00e9 \u013eudov\u00e9 a z\u013eudoven\u00e9 piesne pre dychov\u00fa hudbu \u2013 kn\u00ed\u017eky (pochodovky) PDF form\u00e1t 2025 - Peter \u010cerni\u010dka | Noty | HUDOBN\u00c9 PODKLADY\",\"isPartOf\":{\"@id\":\"https:\\\/\\\/shop.petercernicka.eu\\\/#website\"},\"primaryImageOfPage\":{\"@id\":\"https:\\\/\\\/shop.petercernicka.eu\\\/shop\\\/dychova-hudba\\\/ceske-a-moravske-ludove-a-zludovene-piesne-pre-dychovu-hudbu-knizky-pochodovky-pdf-format-2025\\\/#primaryimage\"},\"image\":{\"@id\":\"https:\\\/\\\/shop.petercernicka.eu\\\/shop\\\/dychova-hudba\\\/ceske-a-moravske-ludove-a-zludovene-piesne-pre-dychovu-hudbu-knizky-pochodovky-pdf-format-2025\\\/#primaryimage\"},\"thumbnailUrl\":\"https:\\\/\\\/shop.petercernicka.eu\\\/wp-content\\\/uploads\\\/2025\\\/02\\\/Ceske-a-Moravske-ludove-a-zludovene-piesne-booklet_page-0001.jpg\",\"datePublished\":\"2025-02-06T18:27:49+00:00\",\"dateModified\":\"2026-01-31T13:47:03+00:00\",\"breadcrumb\":{\"@id\":\"https:\\\/\\\/shop.petercernicka.eu\\\/shop\\\/dychova-hudba\\\/ceske-a-moravske-ludove-a-zludovene-piesne-pre-dychovu-hudbu-knizky-pochodovky-pdf-format-2025\\\/#breadcrumb\"},\"inLanguage\":\"de\",\"potentialAction\":[{\"@type\":\"ReadAction\",\"target\":[\"https:\\\/\\\/shop.petercernicka.eu\\\/shop\\\/dychova-hudba\\\/ceske-a-moravske-ludove-a-zludovene-piesne-pre-dychovu-hudbu-knizky-pochodovky-pdf-format-2025\\\/\"]}]},{\"@type\":\"ImageObject\",\"inLanguage\":\"de\",\"@id\":\"https:\\\/\\\/shop.petercernicka.eu\\\/shop\\\/dychova-hudba\\\/ceske-a-moravske-ludove-a-zludovene-piesne-pre-dychovu-hudbu-knizky-pochodovky-pdf-format-2025\\\/#primaryimage\",\"url\":\"https:\\\/\\\/shop.petercernicka.eu\\\/wp-content\\\/uploads\\\/2025\\\/02\\\/Ceske-a-Moravske-ludove-a-zludovene-piesne-booklet_page-0001.jpg\",\"contentUrl\":\"https:\\\/\\\/shop.petercernicka.eu\\\/wp-content\\\/uploads\\\/2025\\\/02\\\/Ceske-a-Moravske-ludove-a-zludovene-piesne-booklet_page-0001.jpg\",\"width\":2481,\"height\":1748,\"caption\":\"noty pro dechovku\"},{\"@type\":\"BreadcrumbList\",\"@id\":\"https:\\\/\\\/shop.petercernicka.eu\\\/shop\\\/dychova-hudba\\\/ceske-a-moravske-ludove-a-zludovene-piesne-pre-dychovu-hudbu-knizky-pochodovky-pdf-format-2025\\\/#breadcrumb\",\"itemListElement\":[{\"@type\":\"ListItem\",\"position\":1,\"name\":\"Home\",\"item\":\"https:\\\/\\\/shop.petercernicka.eu\\\/\"},{\"@type\":\"ListItem\",\"position\":2,\"name\":\"Produkty\",\"item\":\"https:\\\/\\\/shop.petercernicka.eu\\\/obchod\\\/\"},{\"@type\":\"ListItem\",\"position\":3,\"name\":\"\u010cesk\u00e9 a Moravsk\u00e9 \u013eudov\u00e9 a z\u013eudoven\u00e9 piesne pre dychov\u00fa hudbu \u2013 kn\u00ed\u017eky (pochodovky) PDF form\u00e1t 2025\"}]},{\"@type\":\"WebSite\",\"@id\":\"https:\\\/\\\/shop.petercernicka.eu\\\/#website\",\"url\":\"https:\\\/\\\/shop.petercernicka.eu\\\/\",\"name\":\"Peter \u010cerni\u010dka | Noty | HUDOBN\u00c9 PODKLADY\",\"description\":\"\u013eudov\u00e9 piesne, popul\u00e1rne \u0161l\u00e1gre, \u010desko-slovensk\u00e9 hity, cig\u00e1nske piesne, ewergreeny, viano\u010dn\u00e9 koledy\",\"potentialAction\":[{\"@type\":\"SearchAction\",\"target\":{\"@type\":\"EntryPoint\",\"urlTemplate\":\"https:\\\/\\\/shop.petercernicka.eu\\\/?s={search_term_string}\"},\"query-input\":{\"@type\":\"PropertyValueSpecification\",\"valueRequired\":true,\"valueName\":\"search_term_string\"}}],\"inLanguage\":\"de\"}]}<\/script>\n<!-- \/ Yoast SEO plugin. -->","yoast_head_json":{"title":"\u010cesk\u00e9 a Moravsk\u00e9 \u013eudov\u00e9 a z\u013eudoven\u00e9 piesne pre dychov\u00fa hudbu \u2013 kn\u00ed\u017eky (pochodovky) PDF form\u00e1t 2025 - Peter \u010cerni\u010dka | Noty | HUDOBN\u00c9 PODKLADY","robots":{"index":"index","follow":"follow","max-snippet":"max-snippet:-1","max-image-preview":"max-image-preview:large","max-video-preview":"max-video-preview:-1"},"canonical":"https:\/\/shop.petercernicka.eu\/de\/shop\/dychova-hudba\/ceske-a-moravske-ludove-a-zludovene-piesne-pre-dychovu-hudbu-knizky-pochodovky-pdf-format-2025\/","og_locale":"de_DE","og_type":"article","og_title":"\u010cesk\u00e9 a Moravsk\u00e9 \u013eudov\u00e9 a z\u013eudoven\u00e9 piesne pre dychov\u00fa hudbu \u2013 kn\u00ed\u017eky (pochodovky) PDF form\u00e1t. Vydanie 2025","og_description":"\u010cesk\u00e9 a Moravsk\u00e9 \u013eudov\u00e9 a z\u013eudoven\u00e9 piesne pre dychov\u00fa hudbu \u2013 kn\u00ed\u017eky (pochodovky) PDF form\u00e1t, Vydanie 2025","og_url":"https:\/\/shop.petercernicka.eu\/de\/shop\/dychova-hudba\/ceske-a-moravske-ludove-a-zludovene-piesne-pre-dychovu-hudbu-knizky-pochodovky-pdf-format-2025\/","og_site_name":"Peter \u010cerni\u010dka | Noty | HUDOBN\u00c9 PODKLADY","article_publisher":"https:\/\/www.facebook.com\/petercernickanoty","article_modified_time":"2026-01-31T13:47:03+00:00","og_image":[{"width":2481,"height":1748,"url":"https:\/\/shop.petercernicka.eu\/wp-content\/uploads\/2025\/02\/Ceske-a-Moravske-ludove-a-zludovene-piesne-booklet_page-0001.jpg","type":"image\/jpeg"}],"twitter_card":"summary_large_image","twitter_misc":{"Gesch\u00e4tzte Lesezeit":"2\u00a0Minuten"},"schema":{"@context":"https:\/\/schema.org","@graph":[{"@type":"WebPage","@id":"https:\/\/shop.petercernicka.eu\/shop\/dychova-hudba\/ceske-a-moravske-ludove-a-zludovene-piesne-pre-dychovu-hudbu-knizky-pochodovky-pdf-format-2025\/","url":"https:\/\/shop.petercernicka.eu\/shop\/dychova-hudba\/ceske-a-moravske-ludove-a-zludovene-piesne-pre-dychovu-hudbu-knizky-pochodovky-pdf-format-2025\/","name":"\u010cesk\u00e9 a Moravsk\u00e9 \u013eudov\u00e9 a z\u013eudoven\u00e9 piesne pre dychov\u00fa hudbu \u2013 kn\u00ed\u017eky (pochodovky) PDF form\u00e1t 2025 - Peter \u010cerni\u010dka | Noty | HUDOBN\u00c9 PODKLADY","isPartOf":{"@id":"https:\/\/shop.petercernicka.eu\/#website"},"primaryImageOfPage":{"@id":"https:\/\/shop.petercernicka.eu\/shop\/dychova-hudba\/ceske-a-moravske-ludove-a-zludovene-piesne-pre-dychovu-hudbu-knizky-pochodovky-pdf-format-2025\/#primaryimage"},"image":{"@id":"https:\/\/shop.petercernicka.eu\/shop\/dychova-hudba\/ceske-a-moravske-ludove-a-zludovene-piesne-pre-dychovu-hudbu-knizky-pochodovky-pdf-format-2025\/#primaryimage"},"thumbnailUrl":"https:\/\/shop.petercernicka.eu\/wp-content\/uploads\/2025\/02\/Ceske-a-Moravske-ludove-a-zludovene-piesne-booklet_page-0001.jpg","datePublished":"2025-02-06T18:27:49+00:00","dateModified":"2026-01-31T13:47:03+00:00","breadcrumb":{"@id":"https:\/\/shop.petercernicka.eu\/shop\/dychova-hudba\/ceske-a-moravske-ludove-a-zludovene-piesne-pre-dychovu-hudbu-knizky-pochodovky-pdf-format-2025\/#breadcrumb"},"inLanguage":"de","potentialAction":[{"@type":"ReadAction","target":["https:\/\/shop.petercernicka.eu\/shop\/dychova-hudba\/ceske-a-moravske-ludove-a-zludovene-piesne-pre-dychovu-hudbu-knizky-pochodovky-pdf-format-2025\/"]}]},{"@type":"ImageObject","inLanguage":"de","@id":"https:\/\/shop.petercernicka.eu\/shop\/dychova-hudba\/ceske-a-moravske-ludove-a-zludovene-piesne-pre-dychovu-hudbu-knizky-pochodovky-pdf-format-2025\/#primaryimage","url":"https:\/\/shop.petercernicka.eu\/wp-content\/uploads\/2025\/02\/Ceske-a-Moravske-ludove-a-zludovene-piesne-booklet_page-0001.jpg","contentUrl":"https:\/\/shop.petercernicka.eu\/wp-content\/uploads\/2025\/02\/Ceske-a-Moravske-ludove-a-zludovene-piesne-booklet_page-0001.jpg","width":2481,"height":1748,"caption":"noty pro dechovku"},{"@type":"BreadcrumbList","@id":"https:\/\/shop.petercernicka.eu\/shop\/dychova-hudba\/ceske-a-moravske-ludove-a-zludovene-piesne-pre-dychovu-hudbu-knizky-pochodovky-pdf-format-2025\/#breadcrumb","itemListElement":[{"@type":"ListItem","position":1,"name":"Home","item":"https:\/\/shop.petercernicka.eu\/"},{"@type":"ListItem","position":2,"name":"Produkty","item":"https:\/\/shop.petercernicka.eu\/obchod\/"},{"@type":"ListItem","position":3,"name":"\u010cesk\u00e9 a Moravsk\u00e9 \u013eudov\u00e9 a z\u013eudoven\u00e9 piesne pre dychov\u00fa hudbu \u2013 kn\u00ed\u017eky (pochodovky) PDF form\u00e1t 2025"}]},{"@type":"WebSite","@id":"https:\/\/shop.petercernicka.eu\/#website","url":"https:\/\/shop.petercernicka.eu\/","name":"Peter \u010cerni\u010dka | Noty | HUDOBN\u00c9 PODKLADY","description":"Volkslieder, Schlager, Tschechoslowakische Schlager, Zigeunerlieder, Evergreens, Weihnachtslieder","potentialAction":[{"@type":"SearchAction","target":{"@type":"EntryPoint","urlTemplate":"https:\/\/shop.petercernicka.eu\/?s={search_term_string}"},"query-input":{"@type":"PropertyValueSpecification","valueRequired":true,"valueName":"search_term_string"}}],"inLanguage":"de"}]}},"_links":{"self":[{"href":"https:\/\/shop.petercernicka.eu\/de\/wp-json\/wp\/v2\/product\/8696","targetHints":{"allow":["GET"]}}],"collection":[{"href":"https:\/\/shop.petercernicka.eu\/de\/wp-json\/wp\/v2\/product"}],"about":[{"href":"https:\/\/shop.petercernicka.eu\/de\/wp-json\/wp\/v2\/types\/product"}],"replies":[{"embeddable":true,"href":"https:\/\/shop.petercernicka.eu\/de\/wp-json\/wp\/v2\/comments?post=8696"}],"wp:featuredmedia":[{"embeddable":true,"href":"https:\/\/shop.petercernicka.eu\/de\/wp-json\/wp\/v2\/media\/8698"}],"wp:attachment":[{"href":"https:\/\/shop.petercernicka.eu\/de\/wp-json\/wp\/v2\/media?parent=8696"}],"wp:term":[{"taxonomy":"product_brand","embeddable":true,"href":"https:\/\/shop.petercernicka.eu\/de\/wp-json\/wp\/v2\/product_brand?post=8696"},{"taxonomy":"product_cat","embeddable":true,"href":"https:\/\/shop.petercernicka.eu\/de\/wp-json\/wp\/v2\/product_cat?post=8696"},{"taxonomy":"product_tag","embeddable":true,"href":"https:\/\/shop.petercernicka.eu\/de\/wp-json\/wp\/v2\/product_tag?post=8696"}],"curies":[{"name":"wp","href":"https:\/\/api.w.org\/{rel}","templated":true}]}}