{"id":8679,"date":"2025-01-13T21:28:43","date_gmt":"2025-01-13T20:28:43","guid":{"rendered":"https:\/\/shop.petercernicka.eu\/?post_type=product&#038;p=8679"},"modified":"2026-01-31T14:47:11","modified_gmt":"2026-01-31T13:47:11","slug":"brasss-peter-cernicka-laura-kapustova","status":"publish","type":"product","link":"https:\/\/shop.petercernicka.eu\/de\/shop\/cd\/brasss-peter-cernicka-laura-kapustova\/","title":{"rendered":"Brasss &#8211; Peter \u010cerni\u010dka &#038; Laura Kapustov\u00e1"},"content":{"rendered":"<ol>\n<li><span class=\"OYPEnA font-feature-liga-off font-feature-clig-off font-feature-calt-off text-decoration-none text-strikethrough-none\" style=\"font-size: 14pt; color: #000000;\"><strong>Fanf\u00e1ra Dychov\u00e1\u010dik\u00a0 \u00a0<\/strong> \u00a0 \u00a0\/ Peter \u010cerni\u010dka<\/span><\/li>\n<li><span class=\"OYPEnA font-feature-liga-off font-feature-clig-off font-feature-calt-off text-decoration-none text-strikethrough-none\" style=\"font-size: 14pt; color: #000000;\"><strong>C dur polka\u00a0 \u00a0<\/strong> \u00a0 \u00a0 \u00a0 \u00a0 \u00a0 \u00a0 \u00a0 \u00a0 \u00a0 \u00a0\/ Peter \u010cerni\u010dka<\/span><\/li>\n<li><span class=\"OYPEnA font-feature-liga-off font-feature-clig-off font-feature-calt-off text-decoration-none text-strikethrough-none\" style=\"font-size: 14pt; color: #000000;\"><strong>Novomestsk\u00fd val\u010d\u00edk\u00a0 \u00a0<\/strong> \u00a0 \u00a0\/ Peter \u010cerni\u010dka<\/span><\/li>\n<li><span class=\"OYPEnA font-feature-liga-off font-feature-clig-off font-feature-calt-off text-decoration-none text-strikethrough-none\" style=\"font-size: 14pt; color: #000000;\"><strong>Vesel\u00e1 polka\u00a0<\/strong> \u00a0 \u00a0 \u00a0 \u00a0 \u00a0 \u00a0 \u00a0 \u00a0 \u00a0 \u00a0\/ Peter \u010cerni\u010dka<\/span><\/li>\n<li><span class=\"OYPEnA font-feature-liga-off font-feature-clig-off font-feature-calt-off text-decoration-none text-strikethrough-none\" style=\"font-size: 14pt; color: #000000;\"><strong>F\u00fcr Onkel\u00a0<\/strong> \u00a0 \u00a0 \u00a0 \u00a0 \u00a0 \u00a0 \u00a0 \u00a0 \u00a0 \u00a0 \u00a0\/ Peter \u010cerni\u010dka<\/span><\/li>\n<li><span class=\"OYPEnA font-feature-liga-off font-feature-clig-off font-feature-calt-off text-decoration-none text-strikethrough-none\" style=\"font-size: 14pt; color: #000000;\"><strong>Bez tromb\u00f3n\u00a0<\/strong> \u00a0 \u00a0 \u00a0 \u00a0 \u00a0 \u00a0 \u00a0 \u00a0 \u00a0\u00a0\/ Peter \u010cerni\u010dka<\/span><\/li>\n<li><span class=\"OYPEnA font-feature-liga-off font-feature-clig-off font-feature-calt-off text-decoration-none text-strikethrough-none\" style=\"font-size: 14pt; color: #000000;\"><strong>V hodine dvan\u00e1stej\u00a0<\/strong> \u00a0 \u00a0 \u00a0 \u00a0\/ Peter \u010cerni\u010dka<\/span><\/li>\n<li><span class=\"OYPEnA font-feature-liga-off font-feature-clig-off font-feature-calt-off text-decoration-none text-strikethrough-none\" style=\"font-size: 14pt; color: #000000;\"><strong>S Rub\u00ednom\u00a0 \u00a0<\/strong> \u00a0 \u00a0 \u00a0 \u00a0 \u00a0 \u00a0 \u00a0 \u00a0 \u00a0 \u00a0\/ Peter \u010cerni\u010dka<\/span><\/li>\n<li><span class=\"OYPEnA font-feature-liga-off font-feature-clig-off font-feature-calt-off text-decoration-none text-strikethrough-none\" style=\"font-size: 14pt; color: #000000;\"><strong>Greeting (Pozdrav)\u00a0<\/strong> \u00a0 \u00a0 \u00a0 \u00a0\/ Peter \u010cerni\u010dka\u00a0\u00a0<\/span><\/li>\n<li><span class=\"OYPEnA font-feature-liga-off font-feature-clig-off font-feature-calt-off text-decoration-none text-strikethrough-none\" style=\"font-size: 14pt; color: #000000;\"><strong>Herbststimmung\u00a0<\/strong> \u00a0 \u00a0 \u00a0 \u00a0 \u00a0 \u00a0 \u00a0\u00a0\/ Peter \u010cerni\u010dka<\/span><\/li>\n<li><span class=\"OYPEnA font-feature-liga-off font-feature-clig-off font-feature-calt-off text-decoration-none text-strikethrough-none\" style=\"font-size: 14pt; color: #000000;\"><strong>Qv\u00eddo\u00a0 \u00a0 \u00a0<\/strong> \u00a0 \u00a0 \u00a0 \u00a0 \u00a0 \u00a0 \u00a0 \u00a0 \u00a0 \u00a0 \u00a0 \u00a0 \u00a0 \u00a0\/ Peter \u010cerni\u010dka<\/span><\/li>\n<li><span class=\"OYPEnA font-feature-liga-off font-feature-clig-off font-feature-calt-off text-decoration-none text-strikethrough-none\" style=\"font-size: 14pt; color: #000000;\"><strong>Laura\u00a0<\/strong> \u00a0 \u00a0 \u00a0 \u00a0 \u00a0 \u00a0 \u00a0 \u00a0 \u00a0 \u00a0 \u00a0 \u00a0 \u00a0 \u00a0 \u00a0 \u00a0\/ Peter \u010cerni\u010dka<\/span><\/li>\n<li><span class=\"OYPEnA font-feature-liga-off font-feature-clig-off font-feature-calt-off text-decoration-none text-strikethrough-none\" style=\"font-size: 14pt; color: #000000;\"><strong>Brassteto\u00a0 \u00a0<\/strong> \u00a0 \u00a0 \u00a0 \u00a0 \u00a0 \u00a0 \u00a0 \u00a0 \u00a0 \u00a0 \u00a0\u00a0\/ Peter \u010cerni\u010dka<\/span><\/li>\n<li><span class=\"OYPEnA font-feature-liga-off font-feature-clig-off font-feature-calt-off text-decoration-none text-strikethrough-none\" style=\"font-size: 14pt; color: #000000;\"><strong>Brasss\u00a0<\/strong> \u00a0 \u00a0 \u00a0 \u00a0 \u00a0 \u00a0 \u00a0 \u00a0 \u00a0 \u00a0 \u00a0 \u00a0 \u00a0 \u00a0 \u00a0\/ Peter \u010cerni\u010dka<\/span><\/li>\n<li><span class=\"OYPEnA font-feature-liga-off font-feature-clig-off font-feature-calt-off text-decoration-none text-strikethrough-none\" style=\"font-size: 14pt; color: #000000;\"><strong>\u010carda\u0161\u00edk\u00a0 \u00a0<\/strong> \u00a0 \u00a0 \u00a0 \u00a0 \u00a0 \u00a0 \u00a0 \u00a0 \u00a0 \u00a0 \u00a0 \u00a0\/ Peter \u010cerni\u010dka<\/span><\/li>\n<\/ol>","protected":false},"excerpt":{"rendered":"<p><audio class=\"wp-audio-shortcode\" id=\"audio-8679-1\" preload=\"none\" style=\"width: 100%;\" controls=\"controls\"><source type=\"audio\/mpeg\" src=\"https:\/\/shop.petercernicka.eu\/wp-content\/uploads\/2025\/01\/Brassteto.mp3?_=1\" \/><a href=\"https:\/\/shop.petercernicka.eu\/wp-content\/uploads\/2025\/01\/Brassteto.mp3\">https:\/\/shop.petercernicka.eu\/wp-content\/uploads\/2025\/01\/Brassteto.mp3<\/a><\/audio><\/p>\n<p><span style=\"color: #ff0000;\"><strong>*Vr\u00e1tane po\u0161tovn\u00e9ho a baln\u00e9ho<\/strong><\/span><\/p>","protected":false},"featured_media":8680,"comment_status":"closed","ping_status":"closed","template":"","meta":{"om_disable_all_campaigns":false},"product_brand":[],"product_cat":[380],"product_tag":[],"class_list":{"0":"post-8679","1":"product","2":"type-product","3":"status-publish","4":"has-post-thumbnail","6":"product_cat-cd","8":"first","9":"outofstock","10":"taxable","11":"shipping-taxable","12":"purchasable","13":"product-type-variable"},"yoast_head":"<!-- This site is optimized with the Yoast SEO plugin v27.4 - https:\/\/yoast.com\/product\/yoast-seo-wordpress\/ -->\n<title>Brasss - Peter \u010cerni\u010dka &amp; Laura Kapustov\u00e1 - Peter \u010cerni\u010dka | Noty | HUDOBN\u00c9 PODKLADY<\/title>\n<meta name=\"description\" content=\"15 autorsk\u00fdch skladieb od autora a aran\u017e\u00e9ra Petra \u010cerni\u010dku. In\u0161trument\u00e1lne polky, val\u010d\u00edk, slowrocky aj temperamentn\u00e9 skladby ako Brasss, Brassteto, \u010carda\u0161\u00edk\" \/>\n<meta name=\"robots\" content=\"index, follow, max-snippet:-1, max-image-preview:large, max-video-preview:-1\" \/>\n<link rel=\"canonical\" href=\"https:\/\/shop.petercernicka.eu\/de\/shop\/cd\/brasss-peter-cernicka-laura-kapustova\/\" \/>\n<meta property=\"og:locale\" content=\"de_DE\" \/>\n<meta property=\"og:type\" content=\"article\" \/>\n<meta property=\"og:title\" content=\"Brasss - Instrumental Brass Music - Peter \u010cerni\u010dka &amp; Laura Kapustov\u00e1\" \/>\n<meta property=\"og:description\" content=\"15 autorsk\u00fdch skladieb od autora a aran\u017e\u00e9ra Petra \u010cerni\u010dku. In\u0161trument\u00e1lne polky, val\u010d\u00edk, slowrocky aj temperamentn\u00e9 skladby ako Brasss, Brassteto, \u010carda\u0161\u00edk\" \/>\n<meta property=\"og:url\" content=\"https:\/\/shop.petercernicka.eu\/de\/shop\/cd\/brasss-peter-cernicka-laura-kapustova\/\" \/>\n<meta property=\"og:site_name\" content=\"Peter \u010cerni\u010dka | Noty | HUDOBN\u00c9 PODKLADY\" \/>\n<meta property=\"article:publisher\" content=\"https:\/\/www.facebook.com\/petercernickanoty\" \/>\n<meta property=\"article:modified_time\" content=\"2026-01-31T13:47:11+00:00\" \/>\n<meta property=\"og:image\" content=\"https:\/\/shop.petercernicka.eu\/wp-content\/uploads\/2025\/01\/1.jpg\" \/>\n\t<meta property=\"og:image:width\" content=\"1400\" \/>\n\t<meta property=\"og:image:height\" content=\"1400\" \/>\n\t<meta property=\"og:image:type\" content=\"image\/jpeg\" \/>\n<meta name=\"twitter:card\" content=\"summary_large_image\" \/>\n<script type=\"application\/ld+json\" class=\"yoast-schema-graph\">{\"@context\":\"https:\\\/\\\/schema.org\",\"@graph\":[{\"@type\":\"WebPage\",\"@id\":\"https:\\\/\\\/shop.petercernicka.eu\\\/shop\\\/cd\\\/brasss-peter-cernicka-laura-kapustova\\\/\",\"url\":\"https:\\\/\\\/shop.petercernicka.eu\\\/shop\\\/cd\\\/brasss-peter-cernicka-laura-kapustova\\\/\",\"name\":\"Brasss - Peter \u010cerni\u010dka & Laura Kapustov\u00e1 - Peter \u010cerni\u010dka | Noty | HUDOBN\u00c9 PODKLADY\",\"isPartOf\":{\"@id\":\"https:\\\/\\\/shop.petercernicka.eu\\\/#website\"},\"primaryImageOfPage\":{\"@id\":\"https:\\\/\\\/shop.petercernicka.eu\\\/shop\\\/cd\\\/brasss-peter-cernicka-laura-kapustova\\\/#primaryimage\"},\"image\":{\"@id\":\"https:\\\/\\\/shop.petercernicka.eu\\\/shop\\\/cd\\\/brasss-peter-cernicka-laura-kapustova\\\/#primaryimage\"},\"thumbnailUrl\":\"https:\\\/\\\/shop.petercernicka.eu\\\/wp-content\\\/uploads\\\/2025\\\/01\\\/1.jpg\",\"datePublished\":\"2025-01-13T20:28:43+00:00\",\"dateModified\":\"2026-01-31T13:47:11+00:00\",\"description\":\"15 autorsk\u00fdch skladieb od autora a aran\u017e\u00e9ra Petra \u010cerni\u010dku. In\u0161trument\u00e1lne polky, val\u010d\u00edk, slowrocky aj temperamentn\u00e9 skladby ako Brasss, Brassteto, \u010carda\u0161\u00edk\",\"breadcrumb\":{\"@id\":\"https:\\\/\\\/shop.petercernicka.eu\\\/shop\\\/cd\\\/brasss-peter-cernicka-laura-kapustova\\\/#breadcrumb\"},\"inLanguage\":\"de\",\"potentialAction\":[{\"@type\":\"ReadAction\",\"target\":[\"https:\\\/\\\/shop.petercernicka.eu\\\/shop\\\/cd\\\/brasss-peter-cernicka-laura-kapustova\\\/\"]}]},{\"@type\":\"ImageObject\",\"inLanguage\":\"de\",\"@id\":\"https:\\\/\\\/shop.petercernicka.eu\\\/shop\\\/cd\\\/brasss-peter-cernicka-laura-kapustova\\\/#primaryimage\",\"url\":\"https:\\\/\\\/shop.petercernicka.eu\\\/wp-content\\\/uploads\\\/2025\\\/01\\\/1.jpg\",\"contentUrl\":\"https:\\\/\\\/shop.petercernicka.eu\\\/wp-content\\\/uploads\\\/2025\\\/01\\\/1.jpg\",\"width\":1400,\"height\":1400},{\"@type\":\"BreadcrumbList\",\"@id\":\"https:\\\/\\\/shop.petercernicka.eu\\\/shop\\\/cd\\\/brasss-peter-cernicka-laura-kapustova\\\/#breadcrumb\",\"itemListElement\":[{\"@type\":\"ListItem\",\"position\":1,\"name\":\"Home\",\"item\":\"https:\\\/\\\/shop.petercernicka.eu\\\/\"},{\"@type\":\"ListItem\",\"position\":2,\"name\":\"Produkty\",\"item\":\"https:\\\/\\\/shop.petercernicka.eu\\\/obchod\\\/\"},{\"@type\":\"ListItem\",\"position\":3,\"name\":\"Brasss &#8211; Peter \u010cerni\u010dka &#038; Laura Kapustov\u00e1\"}]},{\"@type\":\"WebSite\",\"@id\":\"https:\\\/\\\/shop.petercernicka.eu\\\/#website\",\"url\":\"https:\\\/\\\/shop.petercernicka.eu\\\/\",\"name\":\"Peter \u010cerni\u010dka | Noty | HUDOBN\u00c9 PODKLADY\",\"description\":\"\u013eudov\u00e9 piesne, popul\u00e1rne \u0161l\u00e1gre, \u010desko-slovensk\u00e9 hity, cig\u00e1nske piesne, ewergreeny, viano\u010dn\u00e9 koledy\",\"potentialAction\":[{\"@type\":\"SearchAction\",\"target\":{\"@type\":\"EntryPoint\",\"urlTemplate\":\"https:\\\/\\\/shop.petercernicka.eu\\\/?s={search_term_string}\"},\"query-input\":{\"@type\":\"PropertyValueSpecification\",\"valueRequired\":true,\"valueName\":\"search_term_string\"}}],\"inLanguage\":\"de\"}]}<\/script>\n<!-- \/ Yoast SEO plugin. -->","yoast_head_json":{"title":"Brasss - Peter \u010cerni\u010dka & Laura Kapustov\u00e1 - Peter \u010cerni\u010dka | Noty | HUDOBN\u00c9 PODKLADY","description":"15 autorsk\u00fdch skladieb od autora a aran\u017e\u00e9ra Petra \u010cerni\u010dku. In\u0161trument\u00e1lne polky, val\u010d\u00edk, slowrocky aj temperamentn\u00e9 skladby ako Brasss, Brassteto, \u010carda\u0161\u00edk","robots":{"index":"index","follow":"follow","max-snippet":"max-snippet:-1","max-image-preview":"max-image-preview:large","max-video-preview":"max-video-preview:-1"},"canonical":"https:\/\/shop.petercernicka.eu\/de\/shop\/cd\/brasss-peter-cernicka-laura-kapustova\/","og_locale":"de_DE","og_type":"article","og_title":"Brasss - Instrumental Brass Music - Peter \u010cerni\u010dka & Laura Kapustov\u00e1","og_description":"15 autorsk\u00fdch skladieb od autora a aran\u017e\u00e9ra Petra \u010cerni\u010dku. In\u0161trument\u00e1lne polky, val\u010d\u00edk, slowrocky aj temperamentn\u00e9 skladby ako Brasss, Brassteto, \u010carda\u0161\u00edk","og_url":"https:\/\/shop.petercernicka.eu\/de\/shop\/cd\/brasss-peter-cernicka-laura-kapustova\/","og_site_name":"Peter \u010cerni\u010dka | Noty | HUDOBN\u00c9 PODKLADY","article_publisher":"https:\/\/www.facebook.com\/petercernickanoty","article_modified_time":"2026-01-31T13:47:11+00:00","og_image":[{"width":1400,"height":1400,"url":"https:\/\/shop.petercernicka.eu\/wp-content\/uploads\/2025\/01\/1.jpg","type":"image\/jpeg"}],"twitter_card":"summary_large_image","schema":{"@context":"https:\/\/schema.org","@graph":[{"@type":"WebPage","@id":"https:\/\/shop.petercernicka.eu\/shop\/cd\/brasss-peter-cernicka-laura-kapustova\/","url":"https:\/\/shop.petercernicka.eu\/shop\/cd\/brasss-peter-cernicka-laura-kapustova\/","name":"Brasss - Peter \u010cerni\u010dka & Laura Kapustov\u00e1 - Peter \u010cerni\u010dka | Noty | HUDOBN\u00c9 PODKLADY","isPartOf":{"@id":"https:\/\/shop.petercernicka.eu\/#website"},"primaryImageOfPage":{"@id":"https:\/\/shop.petercernicka.eu\/shop\/cd\/brasss-peter-cernicka-laura-kapustova\/#primaryimage"},"image":{"@id":"https:\/\/shop.petercernicka.eu\/shop\/cd\/brasss-peter-cernicka-laura-kapustova\/#primaryimage"},"thumbnailUrl":"https:\/\/shop.petercernicka.eu\/wp-content\/uploads\/2025\/01\/1.jpg","datePublished":"2025-01-13T20:28:43+00:00","dateModified":"2026-01-31T13:47:11+00:00","description":"15 autorsk\u00fdch skladieb od autora a aran\u017e\u00e9ra Petra \u010cerni\u010dku. In\u0161trument\u00e1lne polky, val\u010d\u00edk, slowrocky aj temperamentn\u00e9 skladby ako Brasss, Brassteto, \u010carda\u0161\u00edk","breadcrumb":{"@id":"https:\/\/shop.petercernicka.eu\/shop\/cd\/brasss-peter-cernicka-laura-kapustova\/#breadcrumb"},"inLanguage":"de","potentialAction":[{"@type":"ReadAction","target":["https:\/\/shop.petercernicka.eu\/shop\/cd\/brasss-peter-cernicka-laura-kapustova\/"]}]},{"@type":"ImageObject","inLanguage":"de","@id":"https:\/\/shop.petercernicka.eu\/shop\/cd\/brasss-peter-cernicka-laura-kapustova\/#primaryimage","url":"https:\/\/shop.petercernicka.eu\/wp-content\/uploads\/2025\/01\/1.jpg","contentUrl":"https:\/\/shop.petercernicka.eu\/wp-content\/uploads\/2025\/01\/1.jpg","width":1400,"height":1400},{"@type":"BreadcrumbList","@id":"https:\/\/shop.petercernicka.eu\/shop\/cd\/brasss-peter-cernicka-laura-kapustova\/#breadcrumb","itemListElement":[{"@type":"ListItem","position":1,"name":"Home","item":"https:\/\/shop.petercernicka.eu\/"},{"@type":"ListItem","position":2,"name":"Produkty","item":"https:\/\/shop.petercernicka.eu\/obchod\/"},{"@type":"ListItem","position":3,"name":"Brasss &#8211; Peter \u010cerni\u010dka &#038; Laura Kapustov\u00e1"}]},{"@type":"WebSite","@id":"https:\/\/shop.petercernicka.eu\/#website","url":"https:\/\/shop.petercernicka.eu\/","name":"Peter \u010cerni\u010dka | Noty | HUDOBN\u00c9 PODKLADY","description":"Volkslieder, Schlager, Tschechoslowakische Schlager, Zigeunerlieder, Evergreens, Weihnachtslieder","potentialAction":[{"@type":"SearchAction","target":{"@type":"EntryPoint","urlTemplate":"https:\/\/shop.petercernicka.eu\/?s={search_term_string}"},"query-input":{"@type":"PropertyValueSpecification","valueRequired":true,"valueName":"search_term_string"}}],"inLanguage":"de"}]}},"_links":{"self":[{"href":"https:\/\/shop.petercernicka.eu\/de\/wp-json\/wp\/v2\/product\/8679","targetHints":{"allow":["GET"]}}],"collection":[{"href":"https:\/\/shop.petercernicka.eu\/de\/wp-json\/wp\/v2\/product"}],"about":[{"href":"https:\/\/shop.petercernicka.eu\/de\/wp-json\/wp\/v2\/types\/product"}],"replies":[{"embeddable":true,"href":"https:\/\/shop.petercernicka.eu\/de\/wp-json\/wp\/v2\/comments?post=8679"}],"wp:featuredmedia":[{"embeddable":true,"href":"https:\/\/shop.petercernicka.eu\/de\/wp-json\/wp\/v2\/media\/8680"}],"wp:attachment":[{"href":"https:\/\/shop.petercernicka.eu\/de\/wp-json\/wp\/v2\/media?parent=8679"}],"wp:term":[{"taxonomy":"product_brand","embeddable":true,"href":"https:\/\/shop.petercernicka.eu\/de\/wp-json\/wp\/v2\/product_brand?post=8679"},{"taxonomy":"product_cat","embeddable":true,"href":"https:\/\/shop.petercernicka.eu\/de\/wp-json\/wp\/v2\/product_cat?post=8679"},{"taxonomy":"product_tag","embeddable":true,"href":"https:\/\/shop.petercernicka.eu\/de\/wp-json\/wp\/v2\/product_tag?post=8679"}],"curies":[{"name":"wp","href":"https:\/\/api.w.org\/{rel}","templated":true}]}}