{"id":8560,"date":"2024-09-26T08:10:38","date_gmt":"2024-09-26T06:10:38","guid":{"rendered":"https:\/\/shop.petercernicka.eu\/?post_type=product&#038;p=8560"},"modified":"2026-01-31T14:47:03","modified_gmt":"2026-01-31T13:47:03","slug":"naco-pojdem-domov-marisa-ona-lubi-pomarance-zmes-piesni","status":"publish","type":"product","link":"https:\/\/shop.petercernicka.eu\/de\/shop\/dychova-hudba\/naco-pojdem-domov-marisa-ona-lubi-pomarance-zmes-piesni\/","title":{"rendered":"Na\u010do p\u00f4jdem domov &#8211; Mari\u0161a &#8211; Ona \u013e\u00fabi pomaran\u010de &#8211; zmes piesn\u00ed"},"content":{"rendered":"","protected":false},"excerpt":{"rendered":"<p><audio class=\"wp-audio-shortcode\" id=\"audio-8560-1\" preload=\"none\" style=\"width: 100%;\" controls=\"controls\"><source type=\"audio\/mpeg\" src=\"https:\/\/shop.petercernicka.eu\/wp-content\/uploads\/2024\/09\/Naco-pojdem-domov-zmes-piesni.mp3?_=1\" \/><a href=\"https:\/\/shop.petercernicka.eu\/wp-content\/uploads\/2024\/09\/Naco-pojdem-domov-zmes-piesni.mp3\">https:\/\/shop.petercernicka.eu\/wp-content\/uploads\/2024\/09\/Naco-pojdem-domov-zmes-piesni.mp3<\/a><\/audio><\/p>\n<ul>\n<li><strong>Skladby \u017eiadan\u00e9 a vhodn\u00e9 pre oslavy, svadby, plesy, tane\u010dn\u00e9 z\u00e1bavy, koncerty ale aj festivaly.<\/strong><\/li>\n<li><strong>\u00daplne nov\u00e9 aran\u017em\u00e1ny ( 3 skladby)<\/strong><\/li>\n<li><span style=\"color: #ff0000;\"><strong>Akciov\u00e1 cena plat\u00ed do 30.9.2024<\/strong><\/span><\/li>\n<\/ul>","protected":false},"featured_media":8562,"comment_status":"closed","ping_status":"closed","template":"","meta":{"om_disable_all_campaigns":false},"product_brand":[],"product_cat":[36,1168],"product_tag":[1188,1153],"class_list":{"0":"post-8560","1":"product","2":"type-product","3":"status-publish","4":"has-post-thumbnail","6":"product_cat-dychova-hudba","7":"product_cat-noty","8":"product_tag-noty","9":"product_tag-zmes-piesni","11":"first","12":"outofstock","13":"taxable","14":"shipping-taxable","15":"purchasable","16":"product-type-simple"},"yoast_head":"<!-- This site is optimized with the Yoast SEO plugin v27.4 - https:\/\/yoast.com\/product\/yoast-seo-wordpress\/ -->\n<title>Na\u010do p\u00f4jdem domov - Mari\u0161a - Ona \u013e\u00fabi pomaran\u010de - zmes piesn\u00ed - Peter \u010cerni\u010dka | Noty | HUDOBN\u00c9 PODKLADY<\/title>\n<meta name=\"description\" content=\"Zmes piesn\u00ed v \u00faprave pre dychov\u00fa hudbu. \u00daplne nov\u00e9 aran\u017em\u00e1ny skladieb pre dychov\u00fa hudbu. Rytmick\u00e9, harmonicky pestr\u00e9 a v neposlednom rade nen\u00e1ro\u010dne.\" \/>\n<meta name=\"robots\" content=\"index, follow, max-snippet:-1, max-image-preview:large, max-video-preview:-1\" \/>\n<link rel=\"canonical\" href=\"https:\/\/shop.petercernicka.eu\/de\/shop\/dychova-hudba\/naco-pojdem-domov-marisa-ona-lubi-pomarance-zmes-piesni\/\" \/>\n<meta property=\"og:locale\" content=\"de_DE\" \/>\n<meta property=\"og:type\" content=\"article\" \/>\n<meta property=\"og:title\" content=\"Na\u010do p\u00f4jdem domov - Mari\u0161a - Ona \u013e\u00fabi pomaran\u010de - zmes piesn\u00ed\" \/>\n<meta property=\"og:description\" content=\"Zmes piesn\u00ed v \u00faprave pre dychov\u00fa hudbu. \u00daplne nov\u00e9 aran\u017em\u00e1ny skladieb pre dychov\u00fa hudbu. Rytmick\u00e9, harmonicky pestr\u00e9 a v neposlednom rade nen\u00e1ro\u010dne.\" \/>\n<meta property=\"og:url\" content=\"https:\/\/shop.petercernicka.eu\/de\/shop\/dychova-hudba\/naco-pojdem-domov-marisa-ona-lubi-pomarance-zmes-piesni\/\" \/>\n<meta property=\"og:site_name\" content=\"Peter \u010cerni\u010dka | Noty | HUDOBN\u00c9 PODKLADY\" \/>\n<meta property=\"article:publisher\" content=\"https:\/\/www.facebook.com\/petercernickanoty\" \/>\n<meta property=\"article:modified_time\" content=\"2026-01-31T13:47:03+00:00\" \/>\n<meta property=\"og:image\" content=\"https:\/\/shop.petercernicka.eu\/wp-content\/uploads\/2024\/09\/Naco-pojdem-domov-noty-party-mix.jpg\" \/>\n\t<meta property=\"og:image:width\" content=\"597\" \/>\n\t<meta property=\"og:image:height\" content=\"881\" \/>\n\t<meta property=\"og:image:type\" content=\"image\/jpeg\" \/>\n<meta name=\"twitter:card\" content=\"summary_large_image\" \/>\n<script type=\"application\/ld+json\" class=\"yoast-schema-graph\">{\"@context\":\"https:\\\/\\\/schema.org\",\"@graph\":[{\"@type\":\"WebPage\",\"@id\":\"https:\\\/\\\/shop.petercernicka.eu\\\/shop\\\/dychova-hudba\\\/naco-pojdem-domov-marisa-ona-lubi-pomarance-zmes-piesni\\\/\",\"url\":\"https:\\\/\\\/shop.petercernicka.eu\\\/shop\\\/dychova-hudba\\\/naco-pojdem-domov-marisa-ona-lubi-pomarance-zmes-piesni\\\/\",\"name\":\"Na\u010do p\u00f4jdem domov - Mari\u0161a - Ona \u013e\u00fabi pomaran\u010de - zmes piesn\u00ed - Peter \u010cerni\u010dka | Noty | HUDOBN\u00c9 PODKLADY\",\"isPartOf\":{\"@id\":\"https:\\\/\\\/shop.petercernicka.eu\\\/#website\"},\"primaryImageOfPage\":{\"@id\":\"https:\\\/\\\/shop.petercernicka.eu\\\/shop\\\/dychova-hudba\\\/naco-pojdem-domov-marisa-ona-lubi-pomarance-zmes-piesni\\\/#primaryimage\"},\"image\":{\"@id\":\"https:\\\/\\\/shop.petercernicka.eu\\\/shop\\\/dychova-hudba\\\/naco-pojdem-domov-marisa-ona-lubi-pomarance-zmes-piesni\\\/#primaryimage\"},\"thumbnailUrl\":\"https:\\\/\\\/shop.petercernicka.eu\\\/wp-content\\\/uploads\\\/2024\\\/09\\\/Naco-pojdem-domov-noty-party-mix.jpg\",\"datePublished\":\"2024-09-26T06:10:38+00:00\",\"dateModified\":\"2026-01-31T13:47:03+00:00\",\"description\":\"Zmes piesn\u00ed v \u00faprave pre dychov\u00fa hudbu. \u00daplne nov\u00e9 aran\u017em\u00e1ny skladieb pre dychov\u00fa hudbu. Rytmick\u00e9, harmonicky pestr\u00e9 a v neposlednom rade nen\u00e1ro\u010dne.\",\"breadcrumb\":{\"@id\":\"https:\\\/\\\/shop.petercernicka.eu\\\/shop\\\/dychova-hudba\\\/naco-pojdem-domov-marisa-ona-lubi-pomarance-zmes-piesni\\\/#breadcrumb\"},\"inLanguage\":\"de\",\"potentialAction\":[{\"@type\":\"ReadAction\",\"target\":[\"https:\\\/\\\/shop.petercernicka.eu\\\/shop\\\/dychova-hudba\\\/naco-pojdem-domov-marisa-ona-lubi-pomarance-zmes-piesni\\\/\"]}]},{\"@type\":\"ImageObject\",\"inLanguage\":\"de\",\"@id\":\"https:\\\/\\\/shop.petercernicka.eu\\\/shop\\\/dychova-hudba\\\/naco-pojdem-domov-marisa-ona-lubi-pomarance-zmes-piesni\\\/#primaryimage\",\"url\":\"https:\\\/\\\/shop.petercernicka.eu\\\/wp-content\\\/uploads\\\/2024\\\/09\\\/Naco-pojdem-domov-noty-party-mix.jpg\",\"contentUrl\":\"https:\\\/\\\/shop.petercernicka.eu\\\/wp-content\\\/uploads\\\/2024\\\/09\\\/Naco-pojdem-domov-noty-party-mix.jpg\",\"width\":597,\"height\":881},{\"@type\":\"BreadcrumbList\",\"@id\":\"https:\\\/\\\/shop.petercernicka.eu\\\/shop\\\/dychova-hudba\\\/naco-pojdem-domov-marisa-ona-lubi-pomarance-zmes-piesni\\\/#breadcrumb\",\"itemListElement\":[{\"@type\":\"ListItem\",\"position\":1,\"name\":\"Home\",\"item\":\"https:\\\/\\\/shop.petercernicka.eu\\\/\"},{\"@type\":\"ListItem\",\"position\":2,\"name\":\"Produkty\",\"item\":\"https:\\\/\\\/shop.petercernicka.eu\\\/obchod\\\/\"},{\"@type\":\"ListItem\",\"position\":3,\"name\":\"Na\u010do p\u00f4jdem domov &#8211; Mari\u0161a &#8211; Ona \u013e\u00fabi pomaran\u010de &#8211; zmes piesn\u00ed\"}]},{\"@type\":\"WebSite\",\"@id\":\"https:\\\/\\\/shop.petercernicka.eu\\\/#website\",\"url\":\"https:\\\/\\\/shop.petercernicka.eu\\\/\",\"name\":\"Peter \u010cerni\u010dka | Noty | HUDOBN\u00c9 PODKLADY\",\"description\":\"\u013eudov\u00e9 piesne, popul\u00e1rne \u0161l\u00e1gre, \u010desko-slovensk\u00e9 hity, cig\u00e1nske piesne, ewergreeny, viano\u010dn\u00e9 koledy\",\"potentialAction\":[{\"@type\":\"SearchAction\",\"target\":{\"@type\":\"EntryPoint\",\"urlTemplate\":\"https:\\\/\\\/shop.petercernicka.eu\\\/?s={search_term_string}\"},\"query-input\":{\"@type\":\"PropertyValueSpecification\",\"valueRequired\":true,\"valueName\":\"search_term_string\"}}],\"inLanguage\":\"de\"}]}<\/script>\n<!-- \/ Yoast SEO plugin. -->","yoast_head_json":{"title":"Na\u010do p\u00f4jdem domov - Mari\u0161a - Ona \u013e\u00fabi pomaran\u010de - zmes piesn\u00ed - Peter \u010cerni\u010dka | Noty | HUDOBN\u00c9 PODKLADY","description":"Zmes piesn\u00ed v \u00faprave pre dychov\u00fa hudbu. \u00daplne nov\u00e9 aran\u017em\u00e1ny skladieb pre dychov\u00fa hudbu. Rytmick\u00e9, harmonicky pestr\u00e9 a v neposlednom rade nen\u00e1ro\u010dne.","robots":{"index":"index","follow":"follow","max-snippet":"max-snippet:-1","max-image-preview":"max-image-preview:large","max-video-preview":"max-video-preview:-1"},"canonical":"https:\/\/shop.petercernicka.eu\/de\/shop\/dychova-hudba\/naco-pojdem-domov-marisa-ona-lubi-pomarance-zmes-piesni\/","og_locale":"de_DE","og_type":"article","og_title":"Na\u010do p\u00f4jdem domov - Mari\u0161a - Ona \u013e\u00fabi pomaran\u010de - zmes piesn\u00ed","og_description":"Zmes piesn\u00ed v \u00faprave pre dychov\u00fa hudbu. \u00daplne nov\u00e9 aran\u017em\u00e1ny skladieb pre dychov\u00fa hudbu. Rytmick\u00e9, harmonicky pestr\u00e9 a v neposlednom rade nen\u00e1ro\u010dne.","og_url":"https:\/\/shop.petercernicka.eu\/de\/shop\/dychova-hudba\/naco-pojdem-domov-marisa-ona-lubi-pomarance-zmes-piesni\/","og_site_name":"Peter \u010cerni\u010dka | Noty | HUDOBN\u00c9 PODKLADY","article_publisher":"https:\/\/www.facebook.com\/petercernickanoty","article_modified_time":"2026-01-31T13:47:03+00:00","og_image":[{"width":597,"height":881,"url":"https:\/\/shop.petercernicka.eu\/wp-content\/uploads\/2024\/09\/Naco-pojdem-domov-noty-party-mix.jpg","type":"image\/jpeg"}],"twitter_card":"summary_large_image","schema":{"@context":"https:\/\/schema.org","@graph":[{"@type":"WebPage","@id":"https:\/\/shop.petercernicka.eu\/shop\/dychova-hudba\/naco-pojdem-domov-marisa-ona-lubi-pomarance-zmes-piesni\/","url":"https:\/\/shop.petercernicka.eu\/shop\/dychova-hudba\/naco-pojdem-domov-marisa-ona-lubi-pomarance-zmes-piesni\/","name":"Na\u010do p\u00f4jdem domov - Mari\u0161a - Ona \u013e\u00fabi pomaran\u010de - zmes piesn\u00ed - Peter \u010cerni\u010dka | Noty | HUDOBN\u00c9 PODKLADY","isPartOf":{"@id":"https:\/\/shop.petercernicka.eu\/#website"},"primaryImageOfPage":{"@id":"https:\/\/shop.petercernicka.eu\/shop\/dychova-hudba\/naco-pojdem-domov-marisa-ona-lubi-pomarance-zmes-piesni\/#primaryimage"},"image":{"@id":"https:\/\/shop.petercernicka.eu\/shop\/dychova-hudba\/naco-pojdem-domov-marisa-ona-lubi-pomarance-zmes-piesni\/#primaryimage"},"thumbnailUrl":"https:\/\/shop.petercernicka.eu\/wp-content\/uploads\/2024\/09\/Naco-pojdem-domov-noty-party-mix.jpg","datePublished":"2024-09-26T06:10:38+00:00","dateModified":"2026-01-31T13:47:03+00:00","description":"Zmes piesn\u00ed v \u00faprave pre dychov\u00fa hudbu. \u00daplne nov\u00e9 aran\u017em\u00e1ny skladieb pre dychov\u00fa hudbu. Rytmick\u00e9, harmonicky pestr\u00e9 a v neposlednom rade nen\u00e1ro\u010dne.","breadcrumb":{"@id":"https:\/\/shop.petercernicka.eu\/shop\/dychova-hudba\/naco-pojdem-domov-marisa-ona-lubi-pomarance-zmes-piesni\/#breadcrumb"},"inLanguage":"de","potentialAction":[{"@type":"ReadAction","target":["https:\/\/shop.petercernicka.eu\/shop\/dychova-hudba\/naco-pojdem-domov-marisa-ona-lubi-pomarance-zmes-piesni\/"]}]},{"@type":"ImageObject","inLanguage":"de","@id":"https:\/\/shop.petercernicka.eu\/shop\/dychova-hudba\/naco-pojdem-domov-marisa-ona-lubi-pomarance-zmes-piesni\/#primaryimage","url":"https:\/\/shop.petercernicka.eu\/wp-content\/uploads\/2024\/09\/Naco-pojdem-domov-noty-party-mix.jpg","contentUrl":"https:\/\/shop.petercernicka.eu\/wp-content\/uploads\/2024\/09\/Naco-pojdem-domov-noty-party-mix.jpg","width":597,"height":881},{"@type":"BreadcrumbList","@id":"https:\/\/shop.petercernicka.eu\/shop\/dychova-hudba\/naco-pojdem-domov-marisa-ona-lubi-pomarance-zmes-piesni\/#breadcrumb","itemListElement":[{"@type":"ListItem","position":1,"name":"Home","item":"https:\/\/shop.petercernicka.eu\/"},{"@type":"ListItem","position":2,"name":"Produkty","item":"https:\/\/shop.petercernicka.eu\/obchod\/"},{"@type":"ListItem","position":3,"name":"Na\u010do p\u00f4jdem domov &#8211; Mari\u0161a &#8211; Ona \u013e\u00fabi pomaran\u010de &#8211; zmes piesn\u00ed"}]},{"@type":"WebSite","@id":"https:\/\/shop.petercernicka.eu\/#website","url":"https:\/\/shop.petercernicka.eu\/","name":"Peter \u010cerni\u010dka | Noty | HUDOBN\u00c9 PODKLADY","description":"Volkslieder, Schlager, Tschechoslowakische Schlager, Zigeunerlieder, Evergreens, Weihnachtslieder","potentialAction":[{"@type":"SearchAction","target":{"@type":"EntryPoint","urlTemplate":"https:\/\/shop.petercernicka.eu\/?s={search_term_string}"},"query-input":{"@type":"PropertyValueSpecification","valueRequired":true,"valueName":"search_term_string"}}],"inLanguage":"de"}]}},"_links":{"self":[{"href":"https:\/\/shop.petercernicka.eu\/de\/wp-json\/wp\/v2\/product\/8560","targetHints":{"allow":["GET"]}}],"collection":[{"href":"https:\/\/shop.petercernicka.eu\/de\/wp-json\/wp\/v2\/product"}],"about":[{"href":"https:\/\/shop.petercernicka.eu\/de\/wp-json\/wp\/v2\/types\/product"}],"replies":[{"embeddable":true,"href":"https:\/\/shop.petercernicka.eu\/de\/wp-json\/wp\/v2\/comments?post=8560"}],"wp:featuredmedia":[{"embeddable":true,"href":"https:\/\/shop.petercernicka.eu\/de\/wp-json\/wp\/v2\/media\/8562"}],"wp:attachment":[{"href":"https:\/\/shop.petercernicka.eu\/de\/wp-json\/wp\/v2\/media?parent=8560"}],"wp:term":[{"taxonomy":"product_brand","embeddable":true,"href":"https:\/\/shop.petercernicka.eu\/de\/wp-json\/wp\/v2\/product_brand?post=8560"},{"taxonomy":"product_cat","embeddable":true,"href":"https:\/\/shop.petercernicka.eu\/de\/wp-json\/wp\/v2\/product_cat?post=8560"},{"taxonomy":"product_tag","embeddable":true,"href":"https:\/\/shop.petercernicka.eu\/de\/wp-json\/wp\/v2\/product_tag?post=8560"}],"curies":[{"name":"wp","href":"https:\/\/api.w.org\/{rel}","templated":true}]}}