{"id":8515,"date":"2024-07-24T11:13:08","date_gmt":"2024-07-24T09:13:08","guid":{"rendered":"https:\/\/shop.petercernicka.eu\/?post_type=product&#038;p=8515"},"modified":"2026-01-31T14:47:04","modified_gmt":"2026-01-31T13:47:04","slug":"partizanska-piesen","status":"publish","type":"product","link":"https:\/\/shop.petercernicka.eu\/de\/shop\/dychova-hudba\/partizanska-piesen\/","title":{"rendered":"Partiz\u00e1nska piese\u0148"},"content":{"rendered":"<p><span style=\"font-size: 14pt; color: #000000;\">1. Tich\u00e1 noc, tmav\u00e1 noc, kr\u00e1sna je,<\/span><br \/>\n<span style=\"font-size: 14pt; color: #000000;\">na hor\u00e1ch partiz\u00e1n bojuje.<\/span><br \/>\n<span style=\"font-size: 14pt; color: #000000;\">[:Mesia\u010dik, ten cel\u00fa noc nejde spa\u0165,<\/span><br \/>\n<span style=\"font-size: 14pt; color: #000000;\">s partiz\u00e1nom mus\u00ed str\u00e1\u017e dr\u017ea\u0165:]<br \/>\n<\/span><br \/>\n<span style=\"font-size: 14pt; color: #000000;\">2. Ke\u010f vyjde partiz\u00e1n von z hory,<\/span><br \/>\n<span style=\"font-size: 14pt; color: #000000;\">srdce mu bojov\u00e9 zahor\u00ed.<\/span><br \/>\n<span style=\"font-size: 14pt; color: #000000;\">[:Slov\u00e1ci, po\u010fte v\u0161etci do boja,<\/span><br \/>\n<span style=\"font-size: 14pt; color: #000000;\">vlas\u0165 na\u0161a, slovensk\u00e1 n\u00e1s vol\u00e1:]<br \/>\n<\/span><br \/>\n<span style=\"font-size: 14pt; color: #000000;\">3. N\u00e1rod n\u00e1\u0161 slovensk\u00fd nie si s\u00e1m,<\/span><br \/>\n<span style=\"font-size: 14pt; color: #000000;\">na hor\u00e1ch str\u00e1\u017ei \u0165a partiz\u00e1n.<\/span><br \/>\n<span style=\"font-size: 14pt; color: #000000;\">[:Tam bojuj\u00fa \u010cesi aj Slov\u00e1ci,<\/span><br \/>\n<span style=\"font-size: 14pt; color: #000000;\">bratia Rusi, Srbi, Poliaci:]<\/span><\/p>\n","protected":false},"excerpt":{"rendered":"<p>1. Tich\u00e1 noc, tmav\u00e1 noc, kr\u00e1sna je, na hor\u00e1ch partiz\u00e1n bojuje. [:Mesia\u010dik, ten cel\u00fa noc nejde spa\u0165, s partiz\u00e1nom mus\u00ed str\u00e1\u017e dr\u017ea\u0165:] 2. Ke\u010f vyjde partiz\u00e1n von z hory, srdce mu bojov\u00e9 zahor\u00ed. [:Slov\u00e1ci, po\u010fte v\u0161etci do boja, vlas\u0165 na\u0161a, slovensk\u00e1 n\u00e1s [&hellip;]<\/p>\n","protected":false},"featured_media":8516,"comment_status":"closed","ping_status":"closed","template":"","meta":{"om_disable_all_campaigns":false},"product_brand":[],"product_cat":[36,1168],"product_tag":[1188,1149],"class_list":{"0":"post-8515","1":"product","2":"type-product","3":"status-publish","4":"has-post-thumbnail","6":"product_cat-dychova-hudba","7":"product_cat-noty","8":"product_tag-noty","9":"product_tag-partizanska-hymna","11":"first","12":"outofstock","13":"downloadable","14":"virtual","15":"taxable","16":"purchasable","17":"product-type-simple"},"yoast_head":"<!-- This site is optimized with the Yoast SEO plugin v27.4 - https:\/\/yoast.com\/product\/yoast-seo-wordpress\/ -->\n<title>Partiz\u00e1nska piese\u0148 - Peter \u010cerni\u010dka | Noty | HUDOBN\u00c9 PODKLADY<\/title>\n<meta name=\"description\" content=\"Tich\u00e1 noc, tmav\u00e1 noc, kr\u00e1sna je,na hor\u00e1ch partiz\u00e1n bojuje.[:Mesia\u010dik, ten cel\u00fa noc nejde spa\u0165,s partiz\u00e1nom mus\u00ed str\u00e1\u017e dr\u017ea\u0165:]\" \/>\n<meta name=\"robots\" content=\"index, follow, max-snippet:-1, max-image-preview:large, max-video-preview:-1\" \/>\n<link rel=\"canonical\" href=\"https:\/\/shop.petercernicka.eu\/de\/shop\/dychova-hudba\/partizanska-piesen\/\" \/>\n<meta property=\"og:locale\" content=\"de_DE\" \/>\n<meta property=\"og:type\" content=\"article\" \/>\n<meta property=\"og:title\" content=\"Partiz\u00e1nska piese\u0148 - noty pre dychov\u00fa hudbu\" \/>\n<meta property=\"og:description\" content=\"Tich\u00e1 noc, tmav\u00e1 noc, kr\u00e1sna je,na hor\u00e1ch partiz\u00e1n bojuje.[:Mesia\u010dik, ten cel\u00fa noc nejde spa\u0165,s partiz\u00e1nom mus\u00ed str\u00e1\u017e dr\u017ea\u0165:]\" \/>\n<meta property=\"og:url\" content=\"https:\/\/shop.petercernicka.eu\/de\/shop\/dychova-hudba\/partizanska-piesen\/\" \/>\n<meta property=\"og:site_name\" content=\"Peter \u010cerni\u010dka | Noty | HUDOBN\u00c9 PODKLADY\" \/>\n<meta property=\"article:publisher\" content=\"https:\/\/www.facebook.com\/petercernickanoty\" \/>\n<meta property=\"article:modified_time\" content=\"2026-01-31T13:47:04+00:00\" \/>\n<meta property=\"og:image\" content=\"https:\/\/shop.petercernicka.eu\/wp-content\/uploads\/2024\/07\/Vladimir_strmen.jpg\" \/>\n\t<meta property=\"og:image:width\" content=\"588\" \/>\n\t<meta property=\"og:image:height\" content=\"849\" \/>\n\t<meta property=\"og:image:type\" content=\"image\/jpeg\" \/>\n<meta name=\"twitter:card\" content=\"summary_large_image\" \/>\n<script type=\"application\/ld+json\" class=\"yoast-schema-graph\">{\"@context\":\"https:\\\/\\\/schema.org\",\"@graph\":[{\"@type\":\"WebPage\",\"@id\":\"https:\\\/\\\/shop.petercernicka.eu\\\/shop\\\/dychova-hudba\\\/partizanska-piesen\\\/\",\"url\":\"https:\\\/\\\/shop.petercernicka.eu\\\/shop\\\/dychova-hudba\\\/partizanska-piesen\\\/\",\"name\":\"Partiz\u00e1nska piese\u0148 - Peter \u010cerni\u010dka | Noty | HUDOBN\u00c9 PODKLADY\",\"isPartOf\":{\"@id\":\"https:\\\/\\\/shop.petercernicka.eu\\\/#website\"},\"primaryImageOfPage\":{\"@id\":\"https:\\\/\\\/shop.petercernicka.eu\\\/shop\\\/dychova-hudba\\\/partizanska-piesen\\\/#primaryimage\"},\"image\":{\"@id\":\"https:\\\/\\\/shop.petercernicka.eu\\\/shop\\\/dychova-hudba\\\/partizanska-piesen\\\/#primaryimage\"},\"thumbnailUrl\":\"https:\\\/\\\/shop.petercernicka.eu\\\/wp-content\\\/uploads\\\/2024\\\/07\\\/Vladimir_strmen.jpg\",\"datePublished\":\"2024-07-24T09:13:08+00:00\",\"dateModified\":\"2026-01-31T13:47:04+00:00\",\"description\":\"Tich\u00e1 noc, tmav\u00e1 noc, kr\u00e1sna je,na hor\u00e1ch partiz\u00e1n bojuje.[:Mesia\u010dik, ten cel\u00fa noc nejde spa\u0165,s partiz\u00e1nom mus\u00ed str\u00e1\u017e dr\u017ea\u0165:]\",\"breadcrumb\":{\"@id\":\"https:\\\/\\\/shop.petercernicka.eu\\\/shop\\\/dychova-hudba\\\/partizanska-piesen\\\/#breadcrumb\"},\"inLanguage\":\"de\",\"potentialAction\":[{\"@type\":\"ReadAction\",\"target\":[\"https:\\\/\\\/shop.petercernicka.eu\\\/shop\\\/dychova-hudba\\\/partizanska-piesen\\\/\"]}]},{\"@type\":\"ImageObject\",\"inLanguage\":\"de\",\"@id\":\"https:\\\/\\\/shop.petercernicka.eu\\\/shop\\\/dychova-hudba\\\/partizanska-piesen\\\/#primaryimage\",\"url\":\"https:\\\/\\\/shop.petercernicka.eu\\\/wp-content\\\/uploads\\\/2024\\\/07\\\/Vladimir_strmen.jpg\",\"contentUrl\":\"https:\\\/\\\/shop.petercernicka.eu\\\/wp-content\\\/uploads\\\/2024\\\/07\\\/Vladimir_strmen.jpg\",\"width\":588,\"height\":849},{\"@type\":\"BreadcrumbList\",\"@id\":\"https:\\\/\\\/shop.petercernicka.eu\\\/shop\\\/dychova-hudba\\\/partizanska-piesen\\\/#breadcrumb\",\"itemListElement\":[{\"@type\":\"ListItem\",\"position\":1,\"name\":\"Home\",\"item\":\"https:\\\/\\\/shop.petercernicka.eu\\\/\"},{\"@type\":\"ListItem\",\"position\":2,\"name\":\"Produkty\",\"item\":\"https:\\\/\\\/shop.petercernicka.eu\\\/obchod\\\/\"},{\"@type\":\"ListItem\",\"position\":3,\"name\":\"Partiz\u00e1nska piese\u0148\"}]},{\"@type\":\"WebSite\",\"@id\":\"https:\\\/\\\/shop.petercernicka.eu\\\/#website\",\"url\":\"https:\\\/\\\/shop.petercernicka.eu\\\/\",\"name\":\"Peter \u010cerni\u010dka | Noty | HUDOBN\u00c9 PODKLADY\",\"description\":\"\u013eudov\u00e9 piesne, popul\u00e1rne \u0161l\u00e1gre, \u010desko-slovensk\u00e9 hity, cig\u00e1nske piesne, ewergreeny, viano\u010dn\u00e9 koledy\",\"potentialAction\":[{\"@type\":\"SearchAction\",\"target\":{\"@type\":\"EntryPoint\",\"urlTemplate\":\"https:\\\/\\\/shop.petercernicka.eu\\\/?s={search_term_string}\"},\"query-input\":{\"@type\":\"PropertyValueSpecification\",\"valueRequired\":true,\"valueName\":\"search_term_string\"}}],\"inLanguage\":\"de\"}]}<\/script>\n<!-- \/ Yoast SEO plugin. -->","yoast_head_json":{"title":"Partiz\u00e1nska piese\u0148 - Peter \u010cerni\u010dka | Noty | HUDOBN\u00c9 PODKLADY","description":"Tich\u00e1 noc, tmav\u00e1 noc, kr\u00e1sna je,na hor\u00e1ch partiz\u00e1n bojuje.[:Mesia\u010dik, ten cel\u00fa noc nejde spa\u0165,s partiz\u00e1nom mus\u00ed str\u00e1\u017e dr\u017ea\u0165:]","robots":{"index":"index","follow":"follow","max-snippet":"max-snippet:-1","max-image-preview":"max-image-preview:large","max-video-preview":"max-video-preview:-1"},"canonical":"https:\/\/shop.petercernicka.eu\/de\/shop\/dychova-hudba\/partizanska-piesen\/","og_locale":"de_DE","og_type":"article","og_title":"Partiz\u00e1nska piese\u0148 - noty pre dychov\u00fa hudbu","og_description":"Tich\u00e1 noc, tmav\u00e1 noc, kr\u00e1sna je,na hor\u00e1ch partiz\u00e1n bojuje.[:Mesia\u010dik, ten cel\u00fa noc nejde spa\u0165,s partiz\u00e1nom mus\u00ed str\u00e1\u017e dr\u017ea\u0165:]","og_url":"https:\/\/shop.petercernicka.eu\/de\/shop\/dychova-hudba\/partizanska-piesen\/","og_site_name":"Peter \u010cerni\u010dka | Noty | HUDOBN\u00c9 PODKLADY","article_publisher":"https:\/\/www.facebook.com\/petercernickanoty","article_modified_time":"2026-01-31T13:47:04+00:00","og_image":[{"width":588,"height":849,"url":"https:\/\/shop.petercernicka.eu\/wp-content\/uploads\/2024\/07\/Vladimir_strmen.jpg","type":"image\/jpeg"}],"twitter_card":"summary_large_image","schema":{"@context":"https:\/\/schema.org","@graph":[{"@type":"WebPage","@id":"https:\/\/shop.petercernicka.eu\/shop\/dychova-hudba\/partizanska-piesen\/","url":"https:\/\/shop.petercernicka.eu\/shop\/dychova-hudba\/partizanska-piesen\/","name":"Partiz\u00e1nska piese\u0148 - Peter \u010cerni\u010dka | Noty | HUDOBN\u00c9 PODKLADY","isPartOf":{"@id":"https:\/\/shop.petercernicka.eu\/#website"},"primaryImageOfPage":{"@id":"https:\/\/shop.petercernicka.eu\/shop\/dychova-hudba\/partizanska-piesen\/#primaryimage"},"image":{"@id":"https:\/\/shop.petercernicka.eu\/shop\/dychova-hudba\/partizanska-piesen\/#primaryimage"},"thumbnailUrl":"https:\/\/shop.petercernicka.eu\/wp-content\/uploads\/2024\/07\/Vladimir_strmen.jpg","datePublished":"2024-07-24T09:13:08+00:00","dateModified":"2026-01-31T13:47:04+00:00","description":"Tich\u00e1 noc, tmav\u00e1 noc, kr\u00e1sna je,na hor\u00e1ch partiz\u00e1n bojuje.[:Mesia\u010dik, ten cel\u00fa noc nejde spa\u0165,s partiz\u00e1nom mus\u00ed str\u00e1\u017e dr\u017ea\u0165:]","breadcrumb":{"@id":"https:\/\/shop.petercernicka.eu\/shop\/dychova-hudba\/partizanska-piesen\/#breadcrumb"},"inLanguage":"de","potentialAction":[{"@type":"ReadAction","target":["https:\/\/shop.petercernicka.eu\/shop\/dychova-hudba\/partizanska-piesen\/"]}]},{"@type":"ImageObject","inLanguage":"de","@id":"https:\/\/shop.petercernicka.eu\/shop\/dychova-hudba\/partizanska-piesen\/#primaryimage","url":"https:\/\/shop.petercernicka.eu\/wp-content\/uploads\/2024\/07\/Vladimir_strmen.jpg","contentUrl":"https:\/\/shop.petercernicka.eu\/wp-content\/uploads\/2024\/07\/Vladimir_strmen.jpg","width":588,"height":849},{"@type":"BreadcrumbList","@id":"https:\/\/shop.petercernicka.eu\/shop\/dychova-hudba\/partizanska-piesen\/#breadcrumb","itemListElement":[{"@type":"ListItem","position":1,"name":"Home","item":"https:\/\/shop.petercernicka.eu\/"},{"@type":"ListItem","position":2,"name":"Produkty","item":"https:\/\/shop.petercernicka.eu\/obchod\/"},{"@type":"ListItem","position":3,"name":"Partiz\u00e1nska piese\u0148"}]},{"@type":"WebSite","@id":"https:\/\/shop.petercernicka.eu\/#website","url":"https:\/\/shop.petercernicka.eu\/","name":"Peter \u010cerni\u010dka | Noty | HUDOBN\u00c9 PODKLADY","description":"Volkslieder, Schlager, Tschechoslowakische Schlager, Zigeunerlieder, Evergreens, Weihnachtslieder","potentialAction":[{"@type":"SearchAction","target":{"@type":"EntryPoint","urlTemplate":"https:\/\/shop.petercernicka.eu\/?s={search_term_string}"},"query-input":{"@type":"PropertyValueSpecification","valueRequired":true,"valueName":"search_term_string"}}],"inLanguage":"de"}]}},"_links":{"self":[{"href":"https:\/\/shop.petercernicka.eu\/de\/wp-json\/wp\/v2\/product\/8515","targetHints":{"allow":["GET"]}}],"collection":[{"href":"https:\/\/shop.petercernicka.eu\/de\/wp-json\/wp\/v2\/product"}],"about":[{"href":"https:\/\/shop.petercernicka.eu\/de\/wp-json\/wp\/v2\/types\/product"}],"replies":[{"embeddable":true,"href":"https:\/\/shop.petercernicka.eu\/de\/wp-json\/wp\/v2\/comments?post=8515"}],"wp:featuredmedia":[{"embeddable":true,"href":"https:\/\/shop.petercernicka.eu\/de\/wp-json\/wp\/v2\/media\/8516"}],"wp:attachment":[{"href":"https:\/\/shop.petercernicka.eu\/de\/wp-json\/wp\/v2\/media?parent=8515"}],"wp:term":[{"taxonomy":"product_brand","embeddable":true,"href":"https:\/\/shop.petercernicka.eu\/de\/wp-json\/wp\/v2\/product_brand?post=8515"},{"taxonomy":"product_cat","embeddable":true,"href":"https:\/\/shop.petercernicka.eu\/de\/wp-json\/wp\/v2\/product_cat?post=8515"},{"taxonomy":"product_tag","embeddable":true,"href":"https:\/\/shop.petercernicka.eu\/de\/wp-json\/wp\/v2\/product_tag?post=8515"}],"curies":[{"name":"wp","href":"https:\/\/api.w.org\/{rel}","templated":true}]}}