{"id":8513,"date":"2024-07-23T13:09:21","date_gmt":"2024-07-23T11:09:21","guid":{"rendered":"https:\/\/shop.petercernicka.eu\/?post_type=product&#038;p=8513"},"modified":"2026-01-31T14:47:04","modified_gmt":"2026-01-31T13:47:04","slug":"perinbaba-paslo-dievca-pavy","status":"publish","type":"product","link":"https:\/\/shop.petercernicka.eu\/de\/shop\/dychova-hudba\/perinbaba-paslo-dievca-pavy\/","title":{"rendered":"Perinbaba &#8211; P\u00e1slo diev\u010da p\u00e1vy"},"content":{"rendered":"<div class=\"para_row\"><span class=\"para_1lyrics_col1\" style=\"font-size: 14pt; color: #000000;\">P\u00e1slo diev\u010da p\u00e1vy, V tom zelenom h\u00e1ji<br \/>\nPri\u0161li k nemu dva ml\u00e1denci Po\u010f ty, diev\u010da, s nami<br \/>\nPri\u0161li k nemu dva ml\u00e1denci Po\u010f ty, diev\u010da, s nami<\/span><\/div>\n<div><\/div>\n<div class=\"para_row\"><span class=\"para_1lyrics_col1\" style=\"font-size: 14pt; color: #000000;\">A \u010do\u017ee vy chcete? Pravdu vy neviete<br \/>\nNieto pre m\u0148a viacej \u0161\u0165astia Na tom \u0161\u00edrom svete<br \/>\nNieto pre m\u0148a viacej \u0161\u0165astia Na tom \u0161\u00edrom svete<\/span><\/div>","protected":false},"excerpt":{"rendered":"<p>P\u00e1slo diev\u010da p\u00e1vy, V tom zelenom h\u00e1ji Pri\u0161li k nemu dva ml\u00e1denci Po\u010f ty, diev\u010da, s nami Pri\u0161li k nemu dva ml\u00e1denci Po\u010f ty, diev\u010da, s nami A \u010do\u017ee vy chcete? Pravdu vy neviete Nieto pre m\u0148a viacej \u0161\u0165astia Na tom \u0161\u00edrom [&hellip;]<\/p>\n","protected":false},"featured_media":8514,"comment_status":"closed","ping_status":"closed","template":"","meta":{"om_disable_all_campaigns":false},"product_brand":[],"product_cat":[36,1168],"product_tag":[1188,1148],"class_list":{"0":"post-8513","1":"product","2":"type-product","3":"status-publish","4":"has-post-thumbnail","6":"product_cat-dychova-hudba","7":"product_cat-noty","8":"product_tag-noty","9":"product_tag-perinbaba","11":"first","12":"outofstock","13":"downloadable","14":"virtual","15":"taxable","16":"purchasable","17":"product-type-simple"},"yoast_head":"<!-- This site is optimized with the Yoast SEO plugin v27.4 - https:\/\/yoast.com\/product\/yoast-seo-wordpress\/ -->\n<title>Perinbaba - P\u00e1slo diev\u010da p\u00e1vy - Peter \u010cerni\u010dka | Noty | HUDOBN\u00c9 PODKLADY<\/title>\n<meta name=\"robots\" content=\"index, follow, max-snippet:-1, max-image-preview:large, max-video-preview:-1\" \/>\n<link rel=\"canonical\" href=\"https:\/\/shop.petercernicka.eu\/de\/shop\/dychova-hudba\/perinbaba-paslo-dievca-pavy\/\" \/>\n<meta property=\"og:locale\" content=\"de_DE\" \/>\n<meta property=\"og:type\" content=\"article\" \/>\n<meta property=\"og:title\" content=\"Perinbaba - P\u00e1slo diev\u010da p\u00e1vy\" \/>\n<meta property=\"og:description\" content=\"P\u00e1slo diev\u010da p\u00e1vy, V tom zelenom h\u00e1ji Pri\u0161li k nemu dva ml\u00e1denci Po\u010f ty, diev\u010da, s nami Pri\u0161li k nemu dva ml\u00e1denci Po\u010f ty, diev\u010da, s nami A \u010do\u017ee vy chcete? Pravdu vy neviete Nieto pre m\u0148a viacej \u0161\u0165astia Na tom \u0161\u00edrom [&hellip;]\" \/>\n<meta property=\"og:url\" content=\"https:\/\/shop.petercernicka.eu\/de\/shop\/dychova-hudba\/perinbaba-paslo-dievca-pavy\/\" \/>\n<meta property=\"og:site_name\" content=\"Peter \u010cerni\u010dka | Noty | HUDOBN\u00c9 PODKLADY\" \/>\n<meta property=\"article:publisher\" content=\"https:\/\/www.facebook.com\/petercernickanoty\" \/>\n<meta property=\"article:modified_time\" content=\"2026-01-31T13:47:04+00:00\" \/>\n<meta property=\"og:image\" content=\"https:\/\/shop.petercernicka.eu\/wp-content\/uploads\/2024\/07\/paslo-dievca-pavy-1.jpg\" \/>\n\t<meta property=\"og:image:width\" content=\"789\" \/>\n\t<meta property=\"og:image:height\" content=\"650\" \/>\n\t<meta property=\"og:image:type\" content=\"image\/jpeg\" \/>\n<meta name=\"twitter:card\" content=\"summary_large_image\" \/>\n<script type=\"application\/ld+json\" class=\"yoast-schema-graph\">{\"@context\":\"https:\\\/\\\/schema.org\",\"@graph\":[{\"@type\":\"WebPage\",\"@id\":\"https:\\\/\\\/shop.petercernicka.eu\\\/shop\\\/dychova-hudba\\\/perinbaba-paslo-dievca-pavy\\\/\",\"url\":\"https:\\\/\\\/shop.petercernicka.eu\\\/shop\\\/dychova-hudba\\\/perinbaba-paslo-dievca-pavy\\\/\",\"name\":\"Perinbaba - P\u00e1slo diev\u010da p\u00e1vy - Peter \u010cerni\u010dka | Noty | HUDOBN\u00c9 PODKLADY\",\"isPartOf\":{\"@id\":\"https:\\\/\\\/shop.petercernicka.eu\\\/#website\"},\"primaryImageOfPage\":{\"@id\":\"https:\\\/\\\/shop.petercernicka.eu\\\/shop\\\/dychova-hudba\\\/perinbaba-paslo-dievca-pavy\\\/#primaryimage\"},\"image\":{\"@id\":\"https:\\\/\\\/shop.petercernicka.eu\\\/shop\\\/dychova-hudba\\\/perinbaba-paslo-dievca-pavy\\\/#primaryimage\"},\"thumbnailUrl\":\"https:\\\/\\\/shop.petercernicka.eu\\\/wp-content\\\/uploads\\\/2024\\\/07\\\/paslo-dievca-pavy-1.jpg\",\"datePublished\":\"2024-07-23T11:09:21+00:00\",\"dateModified\":\"2026-01-31T13:47:04+00:00\",\"breadcrumb\":{\"@id\":\"https:\\\/\\\/shop.petercernicka.eu\\\/shop\\\/dychova-hudba\\\/perinbaba-paslo-dievca-pavy\\\/#breadcrumb\"},\"inLanguage\":\"de\",\"potentialAction\":[{\"@type\":\"ReadAction\",\"target\":[\"https:\\\/\\\/shop.petercernicka.eu\\\/shop\\\/dychova-hudba\\\/perinbaba-paslo-dievca-pavy\\\/\"]}]},{\"@type\":\"ImageObject\",\"inLanguage\":\"de\",\"@id\":\"https:\\\/\\\/shop.petercernicka.eu\\\/shop\\\/dychova-hudba\\\/perinbaba-paslo-dievca-pavy\\\/#primaryimage\",\"url\":\"https:\\\/\\\/shop.petercernicka.eu\\\/wp-content\\\/uploads\\\/2024\\\/07\\\/paslo-dievca-pavy-1.jpg\",\"contentUrl\":\"https:\\\/\\\/shop.petercernicka.eu\\\/wp-content\\\/uploads\\\/2024\\\/07\\\/paslo-dievca-pavy-1.jpg\",\"width\":789,\"height\":650,\"caption\":\"paslo dievca pavy noty\"},{\"@type\":\"BreadcrumbList\",\"@id\":\"https:\\\/\\\/shop.petercernicka.eu\\\/shop\\\/dychova-hudba\\\/perinbaba-paslo-dievca-pavy\\\/#breadcrumb\",\"itemListElement\":[{\"@type\":\"ListItem\",\"position\":1,\"name\":\"Home\",\"item\":\"https:\\\/\\\/shop.petercernicka.eu\\\/\"},{\"@type\":\"ListItem\",\"position\":2,\"name\":\"Produkty\",\"item\":\"https:\\\/\\\/shop.petercernicka.eu\\\/obchod\\\/\"},{\"@type\":\"ListItem\",\"position\":3,\"name\":\"Perinbaba &#8211; P\u00e1slo diev\u010da p\u00e1vy\"}]},{\"@type\":\"WebSite\",\"@id\":\"https:\\\/\\\/shop.petercernicka.eu\\\/#website\",\"url\":\"https:\\\/\\\/shop.petercernicka.eu\\\/\",\"name\":\"Peter \u010cerni\u010dka | Noty | HUDOBN\u00c9 PODKLADY\",\"description\":\"\u013eudov\u00e9 piesne, popul\u00e1rne \u0161l\u00e1gre, \u010desko-slovensk\u00e9 hity, cig\u00e1nske piesne, ewergreeny, viano\u010dn\u00e9 koledy\",\"potentialAction\":[{\"@type\":\"SearchAction\",\"target\":{\"@type\":\"EntryPoint\",\"urlTemplate\":\"https:\\\/\\\/shop.petercernicka.eu\\\/?s={search_term_string}\"},\"query-input\":{\"@type\":\"PropertyValueSpecification\",\"valueRequired\":true,\"valueName\":\"search_term_string\"}}],\"inLanguage\":\"de\"}]}<\/script>\n<!-- \/ Yoast SEO plugin. -->","yoast_head_json":{"title":"Perinbaba - P\u00e1slo diev\u010da p\u00e1vy - Peter \u010cerni\u010dka | Noty | HUDOBN\u00c9 PODKLADY","robots":{"index":"index","follow":"follow","max-snippet":"max-snippet:-1","max-image-preview":"max-image-preview:large","max-video-preview":"max-video-preview:-1"},"canonical":"https:\/\/shop.petercernicka.eu\/de\/shop\/dychova-hudba\/perinbaba-paslo-dievca-pavy\/","og_locale":"de_DE","og_type":"article","og_title":"Perinbaba - P\u00e1slo diev\u010da p\u00e1vy","og_description":"P\u00e1slo diev\u010da p\u00e1vy, V tom zelenom h\u00e1ji Pri\u0161li k nemu dva ml\u00e1denci Po\u010f ty, diev\u010da, s nami Pri\u0161li k nemu dva ml\u00e1denci Po\u010f ty, diev\u010da, s nami A \u010do\u017ee vy chcete? Pravdu vy neviete Nieto pre m\u0148a viacej \u0161\u0165astia Na tom \u0161\u00edrom [&hellip;]","og_url":"https:\/\/shop.petercernicka.eu\/de\/shop\/dychova-hudba\/perinbaba-paslo-dievca-pavy\/","og_site_name":"Peter \u010cerni\u010dka | Noty | HUDOBN\u00c9 PODKLADY","article_publisher":"https:\/\/www.facebook.com\/petercernickanoty","article_modified_time":"2026-01-31T13:47:04+00:00","og_image":[{"width":789,"height":650,"url":"https:\/\/shop.petercernicka.eu\/wp-content\/uploads\/2024\/07\/paslo-dievca-pavy-1.jpg","type":"image\/jpeg"}],"twitter_card":"summary_large_image","schema":{"@context":"https:\/\/schema.org","@graph":[{"@type":"WebPage","@id":"https:\/\/shop.petercernicka.eu\/shop\/dychova-hudba\/perinbaba-paslo-dievca-pavy\/","url":"https:\/\/shop.petercernicka.eu\/shop\/dychova-hudba\/perinbaba-paslo-dievca-pavy\/","name":"Perinbaba - P\u00e1slo diev\u010da p\u00e1vy - Peter \u010cerni\u010dka | Noty | HUDOBN\u00c9 PODKLADY","isPartOf":{"@id":"https:\/\/shop.petercernicka.eu\/#website"},"primaryImageOfPage":{"@id":"https:\/\/shop.petercernicka.eu\/shop\/dychova-hudba\/perinbaba-paslo-dievca-pavy\/#primaryimage"},"image":{"@id":"https:\/\/shop.petercernicka.eu\/shop\/dychova-hudba\/perinbaba-paslo-dievca-pavy\/#primaryimage"},"thumbnailUrl":"https:\/\/shop.petercernicka.eu\/wp-content\/uploads\/2024\/07\/paslo-dievca-pavy-1.jpg","datePublished":"2024-07-23T11:09:21+00:00","dateModified":"2026-01-31T13:47:04+00:00","breadcrumb":{"@id":"https:\/\/shop.petercernicka.eu\/shop\/dychova-hudba\/perinbaba-paslo-dievca-pavy\/#breadcrumb"},"inLanguage":"de","potentialAction":[{"@type":"ReadAction","target":["https:\/\/shop.petercernicka.eu\/shop\/dychova-hudba\/perinbaba-paslo-dievca-pavy\/"]}]},{"@type":"ImageObject","inLanguage":"de","@id":"https:\/\/shop.petercernicka.eu\/shop\/dychova-hudba\/perinbaba-paslo-dievca-pavy\/#primaryimage","url":"https:\/\/shop.petercernicka.eu\/wp-content\/uploads\/2024\/07\/paslo-dievca-pavy-1.jpg","contentUrl":"https:\/\/shop.petercernicka.eu\/wp-content\/uploads\/2024\/07\/paslo-dievca-pavy-1.jpg","width":789,"height":650,"caption":"paslo dievca pavy noty"},{"@type":"BreadcrumbList","@id":"https:\/\/shop.petercernicka.eu\/shop\/dychova-hudba\/perinbaba-paslo-dievca-pavy\/#breadcrumb","itemListElement":[{"@type":"ListItem","position":1,"name":"Home","item":"https:\/\/shop.petercernicka.eu\/"},{"@type":"ListItem","position":2,"name":"Produkty","item":"https:\/\/shop.petercernicka.eu\/obchod\/"},{"@type":"ListItem","position":3,"name":"Perinbaba &#8211; P\u00e1slo diev\u010da p\u00e1vy"}]},{"@type":"WebSite","@id":"https:\/\/shop.petercernicka.eu\/#website","url":"https:\/\/shop.petercernicka.eu\/","name":"Peter \u010cerni\u010dka | Noty | HUDOBN\u00c9 PODKLADY","description":"Volkslieder, Schlager, Tschechoslowakische Schlager, Zigeunerlieder, Evergreens, Weihnachtslieder","potentialAction":[{"@type":"SearchAction","target":{"@type":"EntryPoint","urlTemplate":"https:\/\/shop.petercernicka.eu\/?s={search_term_string}"},"query-input":{"@type":"PropertyValueSpecification","valueRequired":true,"valueName":"search_term_string"}}],"inLanguage":"de"}]}},"_links":{"self":[{"href":"https:\/\/shop.petercernicka.eu\/de\/wp-json\/wp\/v2\/product\/8513","targetHints":{"allow":["GET"]}}],"collection":[{"href":"https:\/\/shop.petercernicka.eu\/de\/wp-json\/wp\/v2\/product"}],"about":[{"href":"https:\/\/shop.petercernicka.eu\/de\/wp-json\/wp\/v2\/types\/product"}],"replies":[{"embeddable":true,"href":"https:\/\/shop.petercernicka.eu\/de\/wp-json\/wp\/v2\/comments?post=8513"}],"wp:featuredmedia":[{"embeddable":true,"href":"https:\/\/shop.petercernicka.eu\/de\/wp-json\/wp\/v2\/media\/8514"}],"wp:attachment":[{"href":"https:\/\/shop.petercernicka.eu\/de\/wp-json\/wp\/v2\/media?parent=8513"}],"wp:term":[{"taxonomy":"product_brand","embeddable":true,"href":"https:\/\/shop.petercernicka.eu\/de\/wp-json\/wp\/v2\/product_brand?post=8513"},{"taxonomy":"product_cat","embeddable":true,"href":"https:\/\/shop.petercernicka.eu\/de\/wp-json\/wp\/v2\/product_cat?post=8513"},{"taxonomy":"product_tag","embeddable":true,"href":"https:\/\/shop.petercernicka.eu\/de\/wp-json\/wp\/v2\/product_tag?post=8513"}],"curies":[{"name":"wp","href":"https:\/\/api.w.org\/{rel}","templated":true}]}}