{"id":8412,"date":"2024-06-26T10:33:58","date_gmt":"2024-06-26T08:33:58","guid":{"rendered":"https:\/\/shop.petercernicka.eu\/?post_type=product&#038;p=8412"},"modified":"2026-01-31T14:47:05","modified_gmt":"2026-01-31T13:47:05","slug":"alt-saxofon-fialovy","status":"publish","type":"product","link":"https:\/\/shop.petercernicka.eu\/de\/shop\/saxofony\/alt-saxofon-fialovy\/","title":{"rendered":"ALT SAXOF\u00d3N- fialov\u00fd KARL GLASER"},"content":{"rendered":"<ul>\n<li>Ladenie: Es<\/li>\n<li>Telo: Fialov\u00e1<\/li>\n<li>Klapka s ko\u017een\u00fdm \u010dal\u00fanen\u00edm<\/li>\n<li>Vysok\u00e1 FIS klapka<\/li>\n<li>Dr\u017eiak na palec<\/li>\n<li>Pru\u017einy z nerezovej ocele<\/li>\n<li>Hmotnos\u0165: asi 2,6 kg<\/li>\n<li>Vr\u00e1tane: hubice, pl\u00e1tku, m\u00e4kk\u00e9ho p\u00fazdra, \u010distenia, popruhu<\/li>\n<li>Z\u00e1ruka 24 mesiacov<\/li>\n<\/ul>","protected":false},"excerpt":{"rendered":"<p><strong>Kvalitn\u00fd n\u00e1stroj vyroben\u00fd pre Nemeck\u00fd trh!<\/strong><\/p>","protected":false},"featured_media":8418,"comment_status":"closed","ping_status":"closed","template":"","meta":{"om_disable_all_campaigns":false},"product_brand":[],"product_cat":[1139],"product_tag":[],"class_list":{"0":"post-8412","1":"product","2":"type-product","3":"status-publish","4":"has-post-thumbnail","6":"product_cat-saxofony","8":"first","9":"outofstock","10":"taxable","11":"shipping-taxable","12":"purchasable","13":"product-type-simple"},"yoast_head":"<!-- This site is optimized with the Yoast SEO plugin v27.4 - https:\/\/yoast.com\/product\/yoast-seo-wordpress\/ -->\n<title>ALT SAXOF\u00d3N- fialov\u00fd KARL GLASER - Peter \u010cerni\u010dka | Noty | HUDOBN\u00c9 PODKLADY<\/title>\n<meta name=\"description\" content=\"S Karlom Glaserom nebudete ur\u010dite sklaman\u00ed! Tieto n\u00e1stroje distribujeme u\u017e 12 rokov. Skvel\u00e1 cena za prvotriedny produkt. Nespo\u010detne ve\u013ea hudobn\u00edkov, \u0161tudentov a u\u010dite\u013eov hr\u00e1 na tieto n\u00e1stroje.\" \/>\n<meta name=\"robots\" content=\"index, follow, max-snippet:-1, max-image-preview:large, max-video-preview:-1\" \/>\n<link rel=\"canonical\" href=\"https:\/\/shop.petercernicka.eu\/de\/shop\/saxofony\/alt-saxofon-fialovy\/\" \/>\n<meta property=\"og:locale\" content=\"de_DE\" \/>\n<meta property=\"og:type\" content=\"article\" \/>\n<meta property=\"og:title\" content=\"ALT SAXOF\u00d3N- strieborn\u00fdALT SAXOF\u00d3N- fialov\u00fd\" \/>\n<meta property=\"og:description\" content=\"S Karlom Glaserom nebudete ur\u010dite sklaman\u00ed! Tieto n\u00e1stroje distribujeme u\u017e 12 rokov. Skvel\u00e1 cena za prvotriedny produkt. Nespo\u010detne ve\u013ea hudobn\u00edkov, \u0161tudentov a u\u010dite\u013eov hr\u00e1 na tieto n\u00e1stroje.\" \/>\n<meta property=\"og:url\" content=\"https:\/\/shop.petercernicka.eu\/de\/shop\/saxofony\/alt-saxofon-fialovy\/\" \/>\n<meta property=\"og:site_name\" content=\"Peter \u010cerni\u010dka | Noty | HUDOBN\u00c9 PODKLADY\" \/>\n<meta property=\"article:publisher\" content=\"https:\/\/www.facebook.com\/petercernickanoty\" \/>\n<meta property=\"article:modified_time\" content=\"2026-01-31T13:47:05+00:00\" \/>\n<meta property=\"og:image\" content=\"https:\/\/shop.petercernicka.eu\/wp-content\/uploads\/2024\/06\/Alt-saxofon-Karl-Glaser-fialovy.jpg\" \/>\n\t<meta property=\"og:image:width\" content=\"1000\" \/>\n\t<meta property=\"og:image:height\" content=\"649\" \/>\n\t<meta property=\"og:image:type\" content=\"image\/jpeg\" \/>\n<meta name=\"twitter:card\" content=\"summary_large_image\" \/>\n<script type=\"application\/ld+json\" class=\"yoast-schema-graph\">{\"@context\":\"https:\\\/\\\/schema.org\",\"@graph\":[{\"@type\":\"WebPage\",\"@id\":\"https:\\\/\\\/shop.petercernicka.eu\\\/shop\\\/saxofony\\\/alt-saxofon-fialovy\\\/\",\"url\":\"https:\\\/\\\/shop.petercernicka.eu\\\/shop\\\/saxofony\\\/alt-saxofon-fialovy\\\/\",\"name\":\"ALT SAXOF\u00d3N- fialov\u00fd KARL GLASER - Peter \u010cerni\u010dka | Noty | HUDOBN\u00c9 PODKLADY\",\"isPartOf\":{\"@id\":\"https:\\\/\\\/shop.petercernicka.eu\\\/#website\"},\"primaryImageOfPage\":{\"@id\":\"https:\\\/\\\/shop.petercernicka.eu\\\/shop\\\/saxofony\\\/alt-saxofon-fialovy\\\/#primaryimage\"},\"image\":{\"@id\":\"https:\\\/\\\/shop.petercernicka.eu\\\/shop\\\/saxofony\\\/alt-saxofon-fialovy\\\/#primaryimage\"},\"thumbnailUrl\":\"https:\\\/\\\/shop.petercernicka.eu\\\/wp-content\\\/uploads\\\/2024\\\/06\\\/Alt-saxofon-Karl-Glaser-fialovy.jpg\",\"datePublished\":\"2024-06-26T08:33:58+00:00\",\"dateModified\":\"2026-01-31T13:47:05+00:00\",\"description\":\"S Karlom Glaserom nebudete ur\u010dite sklaman\u00ed! Tieto n\u00e1stroje distribujeme u\u017e 12 rokov. Skvel\u00e1 cena za prvotriedny produkt. Nespo\u010detne ve\u013ea hudobn\u00edkov, \u0161tudentov a u\u010dite\u013eov hr\u00e1 na tieto n\u00e1stroje.\",\"breadcrumb\":{\"@id\":\"https:\\\/\\\/shop.petercernicka.eu\\\/shop\\\/saxofony\\\/alt-saxofon-fialovy\\\/#breadcrumb\"},\"inLanguage\":\"de\",\"potentialAction\":[{\"@type\":\"ReadAction\",\"target\":[\"https:\\\/\\\/shop.petercernicka.eu\\\/shop\\\/saxofony\\\/alt-saxofon-fialovy\\\/\"]}]},{\"@type\":\"ImageObject\",\"inLanguage\":\"de\",\"@id\":\"https:\\\/\\\/shop.petercernicka.eu\\\/shop\\\/saxofony\\\/alt-saxofon-fialovy\\\/#primaryimage\",\"url\":\"https:\\\/\\\/shop.petercernicka.eu\\\/wp-content\\\/uploads\\\/2024\\\/06\\\/Alt-saxofon-Karl-Glaser-fialovy.jpg\",\"contentUrl\":\"https:\\\/\\\/shop.petercernicka.eu\\\/wp-content\\\/uploads\\\/2024\\\/06\\\/Alt-saxofon-Karl-Glaser-fialovy.jpg\",\"width\":1000,\"height\":649},{\"@type\":\"BreadcrumbList\",\"@id\":\"https:\\\/\\\/shop.petercernicka.eu\\\/shop\\\/saxofony\\\/alt-saxofon-fialovy\\\/#breadcrumb\",\"itemListElement\":[{\"@type\":\"ListItem\",\"position\":1,\"name\":\"Home\",\"item\":\"https:\\\/\\\/shop.petercernicka.eu\\\/\"},{\"@type\":\"ListItem\",\"position\":2,\"name\":\"Produkty\",\"item\":\"https:\\\/\\\/shop.petercernicka.eu\\\/obchod\\\/\"},{\"@type\":\"ListItem\",\"position\":3,\"name\":\"ALT SAXOF\u00d3N- fialov\u00fd KARL GLASER\"}]},{\"@type\":\"WebSite\",\"@id\":\"https:\\\/\\\/shop.petercernicka.eu\\\/#website\",\"url\":\"https:\\\/\\\/shop.petercernicka.eu\\\/\",\"name\":\"Peter \u010cerni\u010dka | Noty | HUDOBN\u00c9 PODKLADY\",\"description\":\"\u013eudov\u00e9 piesne, popul\u00e1rne \u0161l\u00e1gre, \u010desko-slovensk\u00e9 hity, cig\u00e1nske piesne, ewergreeny, viano\u010dn\u00e9 koledy\",\"potentialAction\":[{\"@type\":\"SearchAction\",\"target\":{\"@type\":\"EntryPoint\",\"urlTemplate\":\"https:\\\/\\\/shop.petercernicka.eu\\\/?s={search_term_string}\"},\"query-input\":{\"@type\":\"PropertyValueSpecification\",\"valueRequired\":true,\"valueName\":\"search_term_string\"}}],\"inLanguage\":\"de\"}]}<\/script>\n<!-- \/ Yoast SEO plugin. -->","yoast_head_json":{"title":"ALT SAXOF\u00d3N- fialov\u00fd KARL GLASER - Peter \u010cerni\u010dka | Noty | HUDOBN\u00c9 PODKLADY","description":"S Karlom Glaserom nebudete ur\u010dite sklaman\u00ed! Tieto n\u00e1stroje distribujeme u\u017e 12 rokov. Skvel\u00e1 cena za prvotriedny produkt. Nespo\u010detne ve\u013ea hudobn\u00edkov, \u0161tudentov a u\u010dite\u013eov hr\u00e1 na tieto n\u00e1stroje.","robots":{"index":"index","follow":"follow","max-snippet":"max-snippet:-1","max-image-preview":"max-image-preview:large","max-video-preview":"max-video-preview:-1"},"canonical":"https:\/\/shop.petercernicka.eu\/de\/shop\/saxofony\/alt-saxofon-fialovy\/","og_locale":"de_DE","og_type":"article","og_title":"ALT SAXOF\u00d3N- strieborn\u00fdALT SAXOF\u00d3N- fialov\u00fd","og_description":"S Karlom Glaserom nebudete ur\u010dite sklaman\u00ed! Tieto n\u00e1stroje distribujeme u\u017e 12 rokov. Skvel\u00e1 cena za prvotriedny produkt. Nespo\u010detne ve\u013ea hudobn\u00edkov, \u0161tudentov a u\u010dite\u013eov hr\u00e1 na tieto n\u00e1stroje.","og_url":"https:\/\/shop.petercernicka.eu\/de\/shop\/saxofony\/alt-saxofon-fialovy\/","og_site_name":"Peter \u010cerni\u010dka | Noty | HUDOBN\u00c9 PODKLADY","article_publisher":"https:\/\/www.facebook.com\/petercernickanoty","article_modified_time":"2026-01-31T13:47:05+00:00","og_image":[{"width":1000,"height":649,"url":"https:\/\/shop.petercernicka.eu\/wp-content\/uploads\/2024\/06\/Alt-saxofon-Karl-Glaser-fialovy.jpg","type":"image\/jpeg"}],"twitter_card":"summary_large_image","schema":{"@context":"https:\/\/schema.org","@graph":[{"@type":"WebPage","@id":"https:\/\/shop.petercernicka.eu\/shop\/saxofony\/alt-saxofon-fialovy\/","url":"https:\/\/shop.petercernicka.eu\/shop\/saxofony\/alt-saxofon-fialovy\/","name":"ALT SAXOF\u00d3N- fialov\u00fd KARL GLASER - Peter \u010cerni\u010dka | Noty | HUDOBN\u00c9 PODKLADY","isPartOf":{"@id":"https:\/\/shop.petercernicka.eu\/#website"},"primaryImageOfPage":{"@id":"https:\/\/shop.petercernicka.eu\/shop\/saxofony\/alt-saxofon-fialovy\/#primaryimage"},"image":{"@id":"https:\/\/shop.petercernicka.eu\/shop\/saxofony\/alt-saxofon-fialovy\/#primaryimage"},"thumbnailUrl":"https:\/\/shop.petercernicka.eu\/wp-content\/uploads\/2024\/06\/Alt-saxofon-Karl-Glaser-fialovy.jpg","datePublished":"2024-06-26T08:33:58+00:00","dateModified":"2026-01-31T13:47:05+00:00","description":"S Karlom Glaserom nebudete ur\u010dite sklaman\u00ed! Tieto n\u00e1stroje distribujeme u\u017e 12 rokov. Skvel\u00e1 cena za prvotriedny produkt. Nespo\u010detne ve\u013ea hudobn\u00edkov, \u0161tudentov a u\u010dite\u013eov hr\u00e1 na tieto n\u00e1stroje.","breadcrumb":{"@id":"https:\/\/shop.petercernicka.eu\/shop\/saxofony\/alt-saxofon-fialovy\/#breadcrumb"},"inLanguage":"de","potentialAction":[{"@type":"ReadAction","target":["https:\/\/shop.petercernicka.eu\/shop\/saxofony\/alt-saxofon-fialovy\/"]}]},{"@type":"ImageObject","inLanguage":"de","@id":"https:\/\/shop.petercernicka.eu\/shop\/saxofony\/alt-saxofon-fialovy\/#primaryimage","url":"https:\/\/shop.petercernicka.eu\/wp-content\/uploads\/2024\/06\/Alt-saxofon-Karl-Glaser-fialovy.jpg","contentUrl":"https:\/\/shop.petercernicka.eu\/wp-content\/uploads\/2024\/06\/Alt-saxofon-Karl-Glaser-fialovy.jpg","width":1000,"height":649},{"@type":"BreadcrumbList","@id":"https:\/\/shop.petercernicka.eu\/shop\/saxofony\/alt-saxofon-fialovy\/#breadcrumb","itemListElement":[{"@type":"ListItem","position":1,"name":"Home","item":"https:\/\/shop.petercernicka.eu\/"},{"@type":"ListItem","position":2,"name":"Produkty","item":"https:\/\/shop.petercernicka.eu\/obchod\/"},{"@type":"ListItem","position":3,"name":"ALT SAXOF\u00d3N- fialov\u00fd KARL GLASER"}]},{"@type":"WebSite","@id":"https:\/\/shop.petercernicka.eu\/#website","url":"https:\/\/shop.petercernicka.eu\/","name":"Peter \u010cerni\u010dka | Noty | HUDOBN\u00c9 PODKLADY","description":"Volkslieder, Schlager, Tschechoslowakische Schlager, Zigeunerlieder, Evergreens, Weihnachtslieder","potentialAction":[{"@type":"SearchAction","target":{"@type":"EntryPoint","urlTemplate":"https:\/\/shop.petercernicka.eu\/?s={search_term_string}"},"query-input":{"@type":"PropertyValueSpecification","valueRequired":true,"valueName":"search_term_string"}}],"inLanguage":"de"}]}},"_links":{"self":[{"href":"https:\/\/shop.petercernicka.eu\/de\/wp-json\/wp\/v2\/product\/8412","targetHints":{"allow":["GET"]}}],"collection":[{"href":"https:\/\/shop.petercernicka.eu\/de\/wp-json\/wp\/v2\/product"}],"about":[{"href":"https:\/\/shop.petercernicka.eu\/de\/wp-json\/wp\/v2\/types\/product"}],"replies":[{"embeddable":true,"href":"https:\/\/shop.petercernicka.eu\/de\/wp-json\/wp\/v2\/comments?post=8412"}],"wp:featuredmedia":[{"embeddable":true,"href":"https:\/\/shop.petercernicka.eu\/de\/wp-json\/wp\/v2\/media\/8418"}],"wp:attachment":[{"href":"https:\/\/shop.petercernicka.eu\/de\/wp-json\/wp\/v2\/media?parent=8412"}],"wp:term":[{"taxonomy":"product_brand","embeddable":true,"href":"https:\/\/shop.petercernicka.eu\/de\/wp-json\/wp\/v2\/product_brand?post=8412"},{"taxonomy":"product_cat","embeddable":true,"href":"https:\/\/shop.petercernicka.eu\/de\/wp-json\/wp\/v2\/product_cat?post=8412"},{"taxonomy":"product_tag","embeddable":true,"href":"https:\/\/shop.petercernicka.eu\/de\/wp-json\/wp\/v2\/product_tag?post=8412"}],"curies":[{"name":"wp","href":"https:\/\/api.w.org\/{rel}","templated":true}]}}