{"id":8326,"date":"2024-06-24T10:27:20","date_gmt":"2024-06-24T08:27:20","guid":{"rendered":"https:\/\/shop.petercernicka.eu\/?post_type=product&#038;p=8326"},"modified":"2026-01-31T14:47:06","modified_gmt":"2026-01-31T13:47:06","slug":"cierne-oci-chodte-spat-zmes-piesni","status":"publish","type":"product","link":"https:\/\/shop.petercernicka.eu\/de\/shop\/dychova-hudba\/cierne-oci-chodte-spat-zmes-piesni\/","title":{"rendered":"\u010cierne o\u010di cho\u010fte spa\u0165 &#8211; zmes piesn\u00ed"},"content":{"rendered":"<ul>\n<li>1.<br \/>\n\u010cierne o\u010di, cho\u010fte spa\u0165,<br \/>\n[:\u010dierne o\u010di cho\u010fte spa\u0165,<br \/>\nbo mus\u00edte r\u00e1no vsta\u0165,<br \/>\nbo mus\u00edte r\u00e1no vsta\u0165.:]<\/p>\n<p>2.<br \/>\nR\u00e1no, r\u00e1no, r\u00e1ni\u010dko,<br \/>\n[:r\u00e1no, r\u00e1no, r\u00e1ni\u010dko,<br \/>\nke\u010f vychod\u00ed slnie\u010dko,<br \/>\nke\u010f vychod\u00ed slnie\u010dko.:]<\/p>\n<p>3.<br \/>\nSlnie\u010dko u\u017e vychod\u00ed,<br \/>\n[:slnie\u010dko u\u017e vychod\u00ed,<br \/>\nm\u00e1 mil\u00e1 sa prechod\u00ed,<br \/>\nm\u00e1 mil\u00e1 sa prechod\u00ed.:]<\/p>\n<p>4.<br \/>\nPrechod\u00ed sa po r\u00ednku,<br \/>\n[:prechod\u00ed sa po r\u00ednku,<br \/>\ndonesie n\u00e1m novinku,<br \/>\ndonesie n\u00e1m novinku.:]<\/li>\n<\/ul>\n<p>&nbsp;<\/p>\n<p>1.<br \/>\n[:Vretienko mi pad\u00e1, kto\u017ee mi ho pod\u00e1?:]<br \/>\n[:Nem\u00e1m tu mil\u00e9ho, ani brata jeho.:]<\/p>\n<p>2.<br \/>\n[:Nebanovala by, keby nemusela,:]<br \/>\n[:keby \u0165a, \u0161uhajko, nerad\u00e1 videla.:]<\/p>\n<p>3.<br \/>\n[:Nerad\u00e1 videla aj nerad\u00e1 mala,:]<br \/>\n[:nerad\u00e1 za tebou dvierka zatv\u00e1rala.:]<\/p>\n<p>4.<br \/>\n[:Na\u010do si mi, na\u010do, ty \u0161uhajko n\u00edzky,:]<br \/>\n[:ani do postele, ani do kol\u00edsky.:]<\/p>\n<p>&nbsp;<\/p>\n<ol>\n<li class=\"para_row\"><span class=\"para_1lyrics_col1\">P\u00e1slo diev\u010da p\u00e1vy, v\u00a0tom zelenom h\u00e1ji<br \/>\n\/:Pri\u0161li k nemu dva ml\u00e1denci<br \/>\nPo\u010f ty, diev\u010da, s nami:\/<\/p>\n<p><\/span><\/li>\n<li>A \u010do\u017ee vy chcete? pravdu vy neviete<br \/>\n\/:Nieto pre m\u0148a viacej \u0161\u0165astia na tom \u0161\u00edrom svete:\/<\/li>\n<li>Ke\u010f ja s vami p\u00f4jdem, kde ja p\u00e1vy pohnem?<br \/>\n\/:Pohni p\u00e1vy dolinami po\u010f ty, diev\u010da, s nami:\/<\/li>\n<\/ol>\n<p>&nbsp;<\/p>\n","protected":false},"excerpt":{"rendered":"<ul>\n<li>Vok\u00e1l<\/li>\n<li>Eb klarinet<\/li>\n<li>B klarinet<\/li>\n<li>Tr\u00fabka 1,2,3<\/li>\n<li>Tenor<\/li>\n<li>Baryt\u00f3n C<\/li>\n<li>Melodick\u00fd tromb\u00f3n C<\/li>\n<li>Tromb\u00f3n C<\/li>\n<li>Tr\u00fabka 1Bb<\/li>\n<li>Tr\u00fabka 2 Bb<\/li>\n<li>Tuba C<\/li>\n<li>Bicie<\/li>\n<\/ul>","protected":false},"featured_media":8327,"comment_status":"closed","ping_status":"closed","template":"","meta":{"om_disable_all_campaigns":false},"product_brand":[],"product_cat":[36,1168],"product_tag":[1137,1188],"class_list":{"0":"post-8326","1":"product","2":"type-product","3":"status-publish","4":"has-post-thumbnail","6":"product_cat-dychova-hudba","7":"product_cat-noty","8":"product_tag-ludova","9":"product_tag-noty","11":"first","12":"outofstock","13":"downloadable","14":"virtual","15":"taxable","16":"purchasable","17":"product-type-simple"},"yoast_head":"<!-- This site is optimized with the Yoast SEO plugin v27.4 - https:\/\/yoast.com\/product\/yoast-seo-wordpress\/ -->\n<title>\u010cierne o\u010di cho\u010fte spa\u0165 - zmes piesn\u00ed - Peter \u010cerni\u010dka | Noty | HUDOBN\u00c9 PODKLADY<\/title>\n<meta name=\"description\" content=\"\u010cierne o\u010di cho\u010fte spa\u0165 - zmes piesn\u00ed - Vretienko mi pad\u00e1 - P\u00e1slo diev\u010da p\u00e1vy - Aran\u017em\u00e1 pre dychov\u00fa hudbu\" \/>\n<meta name=\"robots\" content=\"index, follow, max-snippet:-1, max-image-preview:large, max-video-preview:-1\" \/>\n<link rel=\"canonical\" href=\"https:\/\/shop.petercernicka.eu\/de\/shop\/dychova-hudba\/cierne-oci-chodte-spat-zmes-piesni\/\" \/>\n<meta property=\"og:locale\" content=\"de_DE\" \/>\n<meta property=\"og:type\" content=\"article\" \/>\n<meta property=\"og:title\" content=\"\u010cierne o\u010di cho\u010fte spa\u0165 - zmes piesn\u00ed - Noty pre dychov\u00fa hudbu\" \/>\n<meta property=\"og:description\" content=\"\u010cierne o\u010di cho\u010fte spa\u0165 - zmes piesn\u00ed - Vretienko mi pad\u00e1 - P\u00e1slo diev\u010da p\u00e1vy - Aran\u017em\u00e1 pre dychov\u00fa hudbu\" \/>\n<meta property=\"og:url\" content=\"https:\/\/shop.petercernicka.eu\/de\/shop\/dychova-hudba\/cierne-oci-chodte-spat-zmes-piesni\/\" \/>\n<meta property=\"og:site_name\" content=\"Peter \u010cerni\u010dka | Noty | HUDOBN\u00c9 PODKLADY\" \/>\n<meta property=\"article:publisher\" content=\"https:\/\/www.facebook.com\/petercernickanoty\" \/>\n<meta property=\"article:modified_time\" content=\"2026-01-31T13:47:06+00:00\" \/>\n<meta property=\"og:image\" content=\"https:\/\/shop.petercernicka.eu\/wp-content\/uploads\/2024\/06\/freepik-export-20240624082949IBf1.jpeg\" \/>\n\t<meta property=\"og:image:width\" content=\"1000\" \/>\n\t<meta property=\"og:image:height\" content=\"1000\" \/>\n\t<meta property=\"og:image:type\" content=\"image\/jpeg\" \/>\n<meta name=\"twitter:card\" content=\"summary_large_image\" \/>\n<meta name=\"twitter:label1\" content=\"Gesch\u00e4tzte Lesezeit\" \/>\n\t<meta name=\"twitter:data1\" content=\"1\u00a0Minute\" \/>\n<script type=\"application\/ld+json\" class=\"yoast-schema-graph\">{\"@context\":\"https:\\\/\\\/schema.org\",\"@graph\":[{\"@type\":\"WebPage\",\"@id\":\"https:\\\/\\\/shop.petercernicka.eu\\\/shop\\\/dychova-hudba\\\/cierne-oci-chodte-spat-zmes-piesni\\\/\",\"url\":\"https:\\\/\\\/shop.petercernicka.eu\\\/shop\\\/dychova-hudba\\\/cierne-oci-chodte-spat-zmes-piesni\\\/\",\"name\":\"\u010cierne o\u010di cho\u010fte spa\u0165 - zmes piesn\u00ed - Peter \u010cerni\u010dka | Noty | HUDOBN\u00c9 PODKLADY\",\"isPartOf\":{\"@id\":\"https:\\\/\\\/shop.petercernicka.eu\\\/#website\"},\"primaryImageOfPage\":{\"@id\":\"https:\\\/\\\/shop.petercernicka.eu\\\/shop\\\/dychova-hudba\\\/cierne-oci-chodte-spat-zmes-piesni\\\/#primaryimage\"},\"image\":{\"@id\":\"https:\\\/\\\/shop.petercernicka.eu\\\/shop\\\/dychova-hudba\\\/cierne-oci-chodte-spat-zmes-piesni\\\/#primaryimage\"},\"thumbnailUrl\":\"https:\\\/\\\/shop.petercernicka.eu\\\/wp-content\\\/uploads\\\/2024\\\/06\\\/freepik-export-20240624082949IBf1.jpeg\",\"datePublished\":\"2024-06-24T08:27:20+00:00\",\"dateModified\":\"2026-01-31T13:47:06+00:00\",\"description\":\"\u010cierne o\u010di cho\u010fte spa\u0165 - zmes piesn\u00ed - Vretienko mi pad\u00e1 - P\u00e1slo diev\u010da p\u00e1vy - Aran\u017em\u00e1 pre dychov\u00fa hudbu\",\"breadcrumb\":{\"@id\":\"https:\\\/\\\/shop.petercernicka.eu\\\/shop\\\/dychova-hudba\\\/cierne-oci-chodte-spat-zmes-piesni\\\/#breadcrumb\"},\"inLanguage\":\"de\",\"potentialAction\":[{\"@type\":\"ReadAction\",\"target\":[\"https:\\\/\\\/shop.petercernicka.eu\\\/shop\\\/dychova-hudba\\\/cierne-oci-chodte-spat-zmes-piesni\\\/\"]}]},{\"@type\":\"ImageObject\",\"inLanguage\":\"de\",\"@id\":\"https:\\\/\\\/shop.petercernicka.eu\\\/shop\\\/dychova-hudba\\\/cierne-oci-chodte-spat-zmes-piesni\\\/#primaryimage\",\"url\":\"https:\\\/\\\/shop.petercernicka.eu\\\/wp-content\\\/uploads\\\/2024\\\/06\\\/freepik-export-20240624082949IBf1.jpeg\",\"contentUrl\":\"https:\\\/\\\/shop.petercernicka.eu\\\/wp-content\\\/uploads\\\/2024\\\/06\\\/freepik-export-20240624082949IBf1.jpeg\",\"width\":1000,\"height\":1000,\"caption\":\"vretienko mi pad\u00e1 p\u00e1slo diev\u010da p\u00e1vy noty\"},{\"@type\":\"BreadcrumbList\",\"@id\":\"https:\\\/\\\/shop.petercernicka.eu\\\/shop\\\/dychova-hudba\\\/cierne-oci-chodte-spat-zmes-piesni\\\/#breadcrumb\",\"itemListElement\":[{\"@type\":\"ListItem\",\"position\":1,\"name\":\"Home\",\"item\":\"https:\\\/\\\/shop.petercernicka.eu\\\/\"},{\"@type\":\"ListItem\",\"position\":2,\"name\":\"Produkty\",\"item\":\"https:\\\/\\\/shop.petercernicka.eu\\\/obchod\\\/\"},{\"@type\":\"ListItem\",\"position\":3,\"name\":\"\u010cierne o\u010di cho\u010fte spa\u0165 &#8211; zmes piesn\u00ed\"}]},{\"@type\":\"WebSite\",\"@id\":\"https:\\\/\\\/shop.petercernicka.eu\\\/#website\",\"url\":\"https:\\\/\\\/shop.petercernicka.eu\\\/\",\"name\":\"Peter \u010cerni\u010dka | Noty | HUDOBN\u00c9 PODKLADY\",\"description\":\"\u013eudov\u00e9 piesne, popul\u00e1rne \u0161l\u00e1gre, \u010desko-slovensk\u00e9 hity, cig\u00e1nske piesne, ewergreeny, viano\u010dn\u00e9 koledy\",\"potentialAction\":[{\"@type\":\"SearchAction\",\"target\":{\"@type\":\"EntryPoint\",\"urlTemplate\":\"https:\\\/\\\/shop.petercernicka.eu\\\/?s={search_term_string}\"},\"query-input\":{\"@type\":\"PropertyValueSpecification\",\"valueRequired\":true,\"valueName\":\"search_term_string\"}}],\"inLanguage\":\"de\"}]}<\/script>\n<!-- \/ Yoast SEO plugin. -->","yoast_head_json":{"title":"\u010cierne o\u010di cho\u010fte spa\u0165 - zmes piesn\u00ed - Peter \u010cerni\u010dka | Noty | HUDOBN\u00c9 PODKLADY","description":"\u010cierne o\u010di cho\u010fte spa\u0165 - zmes piesn\u00ed - Vretienko mi pad\u00e1 - P\u00e1slo diev\u010da p\u00e1vy - Aran\u017em\u00e1 pre dychov\u00fa hudbu","robots":{"index":"index","follow":"follow","max-snippet":"max-snippet:-1","max-image-preview":"max-image-preview:large","max-video-preview":"max-video-preview:-1"},"canonical":"https:\/\/shop.petercernicka.eu\/de\/shop\/dychova-hudba\/cierne-oci-chodte-spat-zmes-piesni\/","og_locale":"de_DE","og_type":"article","og_title":"\u010cierne o\u010di cho\u010fte spa\u0165 - zmes piesn\u00ed - Noty pre dychov\u00fa hudbu","og_description":"\u010cierne o\u010di cho\u010fte spa\u0165 - zmes piesn\u00ed - Vretienko mi pad\u00e1 - P\u00e1slo diev\u010da p\u00e1vy - Aran\u017em\u00e1 pre dychov\u00fa hudbu","og_url":"https:\/\/shop.petercernicka.eu\/de\/shop\/dychova-hudba\/cierne-oci-chodte-spat-zmes-piesni\/","og_site_name":"Peter \u010cerni\u010dka | Noty | HUDOBN\u00c9 PODKLADY","article_publisher":"https:\/\/www.facebook.com\/petercernickanoty","article_modified_time":"2026-01-31T13:47:06+00:00","og_image":[{"width":1000,"height":1000,"url":"https:\/\/shop.petercernicka.eu\/wp-content\/uploads\/2024\/06\/freepik-export-20240624082949IBf1.jpeg","type":"image\/jpeg"}],"twitter_card":"summary_large_image","twitter_misc":{"Gesch\u00e4tzte Lesezeit":"1\u00a0Minute"},"schema":{"@context":"https:\/\/schema.org","@graph":[{"@type":"WebPage","@id":"https:\/\/shop.petercernicka.eu\/shop\/dychova-hudba\/cierne-oci-chodte-spat-zmes-piesni\/","url":"https:\/\/shop.petercernicka.eu\/shop\/dychova-hudba\/cierne-oci-chodte-spat-zmes-piesni\/","name":"\u010cierne o\u010di cho\u010fte spa\u0165 - zmes piesn\u00ed - Peter \u010cerni\u010dka | Noty | HUDOBN\u00c9 PODKLADY","isPartOf":{"@id":"https:\/\/shop.petercernicka.eu\/#website"},"primaryImageOfPage":{"@id":"https:\/\/shop.petercernicka.eu\/shop\/dychova-hudba\/cierne-oci-chodte-spat-zmes-piesni\/#primaryimage"},"image":{"@id":"https:\/\/shop.petercernicka.eu\/shop\/dychova-hudba\/cierne-oci-chodte-spat-zmes-piesni\/#primaryimage"},"thumbnailUrl":"https:\/\/shop.petercernicka.eu\/wp-content\/uploads\/2024\/06\/freepik-export-20240624082949IBf1.jpeg","datePublished":"2024-06-24T08:27:20+00:00","dateModified":"2026-01-31T13:47:06+00:00","description":"\u010cierne o\u010di cho\u010fte spa\u0165 - zmes piesn\u00ed - Vretienko mi pad\u00e1 - P\u00e1slo diev\u010da p\u00e1vy - Aran\u017em\u00e1 pre dychov\u00fa hudbu","breadcrumb":{"@id":"https:\/\/shop.petercernicka.eu\/shop\/dychova-hudba\/cierne-oci-chodte-spat-zmes-piesni\/#breadcrumb"},"inLanguage":"de","potentialAction":[{"@type":"ReadAction","target":["https:\/\/shop.petercernicka.eu\/shop\/dychova-hudba\/cierne-oci-chodte-spat-zmes-piesni\/"]}]},{"@type":"ImageObject","inLanguage":"de","@id":"https:\/\/shop.petercernicka.eu\/shop\/dychova-hudba\/cierne-oci-chodte-spat-zmes-piesni\/#primaryimage","url":"https:\/\/shop.petercernicka.eu\/wp-content\/uploads\/2024\/06\/freepik-export-20240624082949IBf1.jpeg","contentUrl":"https:\/\/shop.petercernicka.eu\/wp-content\/uploads\/2024\/06\/freepik-export-20240624082949IBf1.jpeg","width":1000,"height":1000,"caption":"vretienko mi pad\u00e1 p\u00e1slo diev\u010da p\u00e1vy noty"},{"@type":"BreadcrumbList","@id":"https:\/\/shop.petercernicka.eu\/shop\/dychova-hudba\/cierne-oci-chodte-spat-zmes-piesni\/#breadcrumb","itemListElement":[{"@type":"ListItem","position":1,"name":"Home","item":"https:\/\/shop.petercernicka.eu\/"},{"@type":"ListItem","position":2,"name":"Produkty","item":"https:\/\/shop.petercernicka.eu\/obchod\/"},{"@type":"ListItem","position":3,"name":"\u010cierne o\u010di cho\u010fte spa\u0165 &#8211; zmes piesn\u00ed"}]},{"@type":"WebSite","@id":"https:\/\/shop.petercernicka.eu\/#website","url":"https:\/\/shop.petercernicka.eu\/","name":"Peter \u010cerni\u010dka | Noty | HUDOBN\u00c9 PODKLADY","description":"Volkslieder, Schlager, Tschechoslowakische Schlager, Zigeunerlieder, Evergreens, Weihnachtslieder","potentialAction":[{"@type":"SearchAction","target":{"@type":"EntryPoint","urlTemplate":"https:\/\/shop.petercernicka.eu\/?s={search_term_string}"},"query-input":{"@type":"PropertyValueSpecification","valueRequired":true,"valueName":"search_term_string"}}],"inLanguage":"de"}]}},"_links":{"self":[{"href":"https:\/\/shop.petercernicka.eu\/de\/wp-json\/wp\/v2\/product\/8326","targetHints":{"allow":["GET"]}}],"collection":[{"href":"https:\/\/shop.petercernicka.eu\/de\/wp-json\/wp\/v2\/product"}],"about":[{"href":"https:\/\/shop.petercernicka.eu\/de\/wp-json\/wp\/v2\/types\/product"}],"replies":[{"embeddable":true,"href":"https:\/\/shop.petercernicka.eu\/de\/wp-json\/wp\/v2\/comments?post=8326"}],"wp:featuredmedia":[{"embeddable":true,"href":"https:\/\/shop.petercernicka.eu\/de\/wp-json\/wp\/v2\/media\/8327"}],"wp:attachment":[{"href":"https:\/\/shop.petercernicka.eu\/de\/wp-json\/wp\/v2\/media?parent=8326"}],"wp:term":[{"taxonomy":"product_brand","embeddable":true,"href":"https:\/\/shop.petercernicka.eu\/de\/wp-json\/wp\/v2\/product_brand?post=8326"},{"taxonomy":"product_cat","embeddable":true,"href":"https:\/\/shop.petercernicka.eu\/de\/wp-json\/wp\/v2\/product_cat?post=8326"},{"taxonomy":"product_tag","embeddable":true,"href":"https:\/\/shop.petercernicka.eu\/de\/wp-json\/wp\/v2\/product_tag?post=8326"}],"curies":[{"name":"wp","href":"https:\/\/api.w.org\/{rel}","templated":true}]}}