{"id":8320,"date":"2024-06-24T10:10:55","date_gmt":"2024-06-24T08:10:55","guid":{"rendered":"https:\/\/shop.petercernicka.eu\/?post_type=product&#038;p=8320"},"modified":"2026-01-31T14:47:07","modified_gmt":"2026-01-31T13:47:07","slug":"este-som-sa-neozenil-2","status":"publish","type":"product","link":"https:\/\/shop.petercernicka.eu\/de\/shop\/dychova-hudba\/este-som-sa-neozenil-2\/","title":{"rendered":"E\u0161te som sa neo\u017eenil"},"content":{"rendered":"<p>1.<br \/>\nE\u0161te som sa neo\u017eenil, u\u017e ma \u017eena bije,<br \/>\na ja som si prihotovil tri bukov\u00e9 kyje.<br \/>\n[:S jedn\u00fdm budem \u017eenu biti a s t\u00fdm druh\u00fdm deti, deti, deti, deti,<br \/>\na s t\u00fdm tret\u00edm kyja, kyja\u010diskom p\u00f4jdem na z\u00e1lety.:]<\/p>\n<p>2.<br \/>\nKe\u010f ty p\u00f4jde\u0161, p\u00f4jdem aj ja, p\u00f4jdeme obaja,<br \/>\nop\u00fdtame \u0161e mlyn\u00e1ra, co to za novina.<br \/>\n[:Kole\u010dka \u0161e obracaj\u00fa, p\u0161eni\u010dka \u0161e mele, mele, mele, mele,<br \/>\nmoja mil\u00e1 \u0161e vyd\u00e1va, pujdzem na ve\u0161ele.:]<\/p>\n","protected":false},"excerpt":{"rendered":"<ul>\n<li>Vok\u00e1l<\/li>\n<li>Eb klarinet<\/li>\n<li>B klarinet<\/li>\n<li>Tr\u00fabka 1,2,3<\/li>\n<li>Tenor<\/li>\n<li>Baryt\u00f3n C<\/li>\n<li>Melodick\u00fd tromb\u00f3n C<\/li>\n<li>Tromb\u00f3n C<\/li>\n<li>Tr\u00fabka 1Bb<\/li>\n<li>Tr\u00fabka 2 Bb<\/li>\n<li>Tuba C<\/li>\n<li>Bicie<\/li>\n<\/ul>","protected":false},"featured_media":8322,"comment_status":"closed","ping_status":"closed","template":"","meta":{"om_disable_all_campaigns":false},"product_brand":[],"product_cat":[36,1168],"product_tag":[1137,1188],"class_list":{"0":"post-8320","1":"product","2":"type-product","3":"status-publish","4":"has-post-thumbnail","6":"product_cat-dychova-hudba","7":"product_cat-noty","8":"product_tag-ludova","9":"product_tag-noty","11":"first","12":"outofstock","13":"downloadable","14":"virtual","15":"taxable","16":"purchasable","17":"product-type-simple"},"yoast_head":"<!-- This site is optimized with the Yoast SEO plugin v27.4 - https:\/\/yoast.com\/product\/yoast-seo-wordpress\/ -->\n<title>E\u0161te som sa neo\u017eenil - Peter \u010cerni\u010dka | Noty | HUDOBN\u00c9 PODKLADY<\/title>\n<meta name=\"description\" content=\"E\u0161te som sa neo\u017eenil - Aran\u017em\u00e1 pre dychov\u00fa hudbuAran\u017em\u00e1 pre dychov\u00fa hudbu.\" \/>\n<meta name=\"robots\" content=\"index, follow, max-snippet:-1, max-image-preview:large, max-video-preview:-1\" \/>\n<link rel=\"canonical\" href=\"https:\/\/shop.petercernicka.eu\/de\/shop\/dychova-hudba\/este-som-sa-neozenil-2\/\" \/>\n<meta property=\"og:locale\" content=\"de_DE\" \/>\n<meta property=\"og:type\" content=\"article\" \/>\n<meta property=\"og:title\" content=\"E\u0161te som sa neo\u017eenil - Noty pre dychov\u00fa hudbu\" \/>\n<meta property=\"og:description\" content=\"E\u0161te som sa neo\u017eenil - Aran\u017em\u00e1 pre dychov\u00fa hudbu\" \/>\n<meta property=\"og:url\" content=\"https:\/\/shop.petercernicka.eu\/de\/shop\/dychova-hudba\/este-som-sa-neozenil-2\/\" \/>\n<meta property=\"og:site_name\" content=\"Peter \u010cerni\u010dka | Noty | HUDOBN\u00c9 PODKLADY\" \/>\n<meta property=\"article:publisher\" content=\"https:\/\/www.facebook.com\/petercernickanoty\" \/>\n<meta property=\"article:modified_time\" content=\"2026-01-31T13:47:07+00:00\" \/>\n<meta property=\"og:image\" content=\"https:\/\/shop.petercernicka.eu\/wp-content\/uploads\/2024\/06\/freepik-export-202406240818045OZj.jpeg\" \/>\n\t<meta property=\"og:image:width\" content=\"1000\" \/>\n\t<meta property=\"og:image:height\" content=\"1000\" \/>\n\t<meta property=\"og:image:type\" content=\"image\/jpeg\" \/>\n<meta name=\"twitter:card\" content=\"summary_large_image\" \/>\n<script type=\"application\/ld+json\" class=\"yoast-schema-graph\">{\"@context\":\"https:\\\/\\\/schema.org\",\"@graph\":[{\"@type\":\"WebPage\",\"@id\":\"https:\\\/\\\/shop.petercernicka.eu\\\/shop\\\/dychova-hudba\\\/este-som-sa-neozenil-2\\\/\",\"url\":\"https:\\\/\\\/shop.petercernicka.eu\\\/shop\\\/dychova-hudba\\\/este-som-sa-neozenil-2\\\/\",\"name\":\"E\u0161te som sa neo\u017eenil - Peter \u010cerni\u010dka | Noty | HUDOBN\u00c9 PODKLADY\",\"isPartOf\":{\"@id\":\"https:\\\/\\\/shop.petercernicka.eu\\\/#website\"},\"primaryImageOfPage\":{\"@id\":\"https:\\\/\\\/shop.petercernicka.eu\\\/shop\\\/dychova-hudba\\\/este-som-sa-neozenil-2\\\/#primaryimage\"},\"image\":{\"@id\":\"https:\\\/\\\/shop.petercernicka.eu\\\/shop\\\/dychova-hudba\\\/este-som-sa-neozenil-2\\\/#primaryimage\"},\"thumbnailUrl\":\"https:\\\/\\\/shop.petercernicka.eu\\\/wp-content\\\/uploads\\\/2024\\\/06\\\/freepik-export-202406240818045OZj.jpeg\",\"datePublished\":\"2024-06-24T08:10:55+00:00\",\"dateModified\":\"2026-01-31T13:47:07+00:00\",\"description\":\"E\u0161te som sa neo\u017eenil - Aran\u017em\u00e1 pre dychov\u00fa hudbuAran\u017em\u00e1 pre dychov\u00fa hudbu.\",\"breadcrumb\":{\"@id\":\"https:\\\/\\\/shop.petercernicka.eu\\\/shop\\\/dychova-hudba\\\/este-som-sa-neozenil-2\\\/#breadcrumb\"},\"inLanguage\":\"de\",\"potentialAction\":[{\"@type\":\"ReadAction\",\"target\":[\"https:\\\/\\\/shop.petercernicka.eu\\\/shop\\\/dychova-hudba\\\/este-som-sa-neozenil-2\\\/\"]}]},{\"@type\":\"ImageObject\",\"inLanguage\":\"de\",\"@id\":\"https:\\\/\\\/shop.petercernicka.eu\\\/shop\\\/dychova-hudba\\\/este-som-sa-neozenil-2\\\/#primaryimage\",\"url\":\"https:\\\/\\\/shop.petercernicka.eu\\\/wp-content\\\/uploads\\\/2024\\\/06\\\/freepik-export-202406240818045OZj.jpeg\",\"contentUrl\":\"https:\\\/\\\/shop.petercernicka.eu\\\/wp-content\\\/uploads\\\/2024\\\/06\\\/freepik-export-202406240818045OZj.jpeg\",\"width\":1000,\"height\":1000},{\"@type\":\"BreadcrumbList\",\"@id\":\"https:\\\/\\\/shop.petercernicka.eu\\\/shop\\\/dychova-hudba\\\/este-som-sa-neozenil-2\\\/#breadcrumb\",\"itemListElement\":[{\"@type\":\"ListItem\",\"position\":1,\"name\":\"Home\",\"item\":\"https:\\\/\\\/shop.petercernicka.eu\\\/\"},{\"@type\":\"ListItem\",\"position\":2,\"name\":\"Produkty\",\"item\":\"https:\\\/\\\/shop.petercernicka.eu\\\/obchod\\\/\"},{\"@type\":\"ListItem\",\"position\":3,\"name\":\"E\u0161te som sa neo\u017eenil\"}]},{\"@type\":\"WebSite\",\"@id\":\"https:\\\/\\\/shop.petercernicka.eu\\\/#website\",\"url\":\"https:\\\/\\\/shop.petercernicka.eu\\\/\",\"name\":\"Peter \u010cerni\u010dka | Noty | HUDOBN\u00c9 PODKLADY\",\"description\":\"\u013eudov\u00e9 piesne, popul\u00e1rne \u0161l\u00e1gre, \u010desko-slovensk\u00e9 hity, cig\u00e1nske piesne, ewergreeny, viano\u010dn\u00e9 koledy\",\"potentialAction\":[{\"@type\":\"SearchAction\",\"target\":{\"@type\":\"EntryPoint\",\"urlTemplate\":\"https:\\\/\\\/shop.petercernicka.eu\\\/?s={search_term_string}\"},\"query-input\":{\"@type\":\"PropertyValueSpecification\",\"valueRequired\":true,\"valueName\":\"search_term_string\"}}],\"inLanguage\":\"de\"}]}<\/script>\n<!-- \/ Yoast SEO plugin. -->","yoast_head_json":{"title":"E\u0161te som sa neo\u017eenil - Peter \u010cerni\u010dka | Noty | HUDOBN\u00c9 PODKLADY","description":"E\u0161te som sa neo\u017eenil - Aran\u017em\u00e1 pre dychov\u00fa hudbuAran\u017em\u00e1 pre dychov\u00fa hudbu.","robots":{"index":"index","follow":"follow","max-snippet":"max-snippet:-1","max-image-preview":"max-image-preview:large","max-video-preview":"max-video-preview:-1"},"canonical":"https:\/\/shop.petercernicka.eu\/de\/shop\/dychova-hudba\/este-som-sa-neozenil-2\/","og_locale":"de_DE","og_type":"article","og_title":"E\u0161te som sa neo\u017eenil - Noty pre dychov\u00fa hudbu","og_description":"E\u0161te som sa neo\u017eenil - Aran\u017em\u00e1 pre dychov\u00fa hudbu","og_url":"https:\/\/shop.petercernicka.eu\/de\/shop\/dychova-hudba\/este-som-sa-neozenil-2\/","og_site_name":"Peter \u010cerni\u010dka | Noty | HUDOBN\u00c9 PODKLADY","article_publisher":"https:\/\/www.facebook.com\/petercernickanoty","article_modified_time":"2026-01-31T13:47:07+00:00","og_image":[{"width":1000,"height":1000,"url":"https:\/\/shop.petercernicka.eu\/wp-content\/uploads\/2024\/06\/freepik-export-202406240818045OZj.jpeg","type":"image\/jpeg"}],"twitter_card":"summary_large_image","schema":{"@context":"https:\/\/schema.org","@graph":[{"@type":"WebPage","@id":"https:\/\/shop.petercernicka.eu\/shop\/dychova-hudba\/este-som-sa-neozenil-2\/","url":"https:\/\/shop.petercernicka.eu\/shop\/dychova-hudba\/este-som-sa-neozenil-2\/","name":"E\u0161te som sa neo\u017eenil - Peter \u010cerni\u010dka | Noty | HUDOBN\u00c9 PODKLADY","isPartOf":{"@id":"https:\/\/shop.petercernicka.eu\/#website"},"primaryImageOfPage":{"@id":"https:\/\/shop.petercernicka.eu\/shop\/dychova-hudba\/este-som-sa-neozenil-2\/#primaryimage"},"image":{"@id":"https:\/\/shop.petercernicka.eu\/shop\/dychova-hudba\/este-som-sa-neozenil-2\/#primaryimage"},"thumbnailUrl":"https:\/\/shop.petercernicka.eu\/wp-content\/uploads\/2024\/06\/freepik-export-202406240818045OZj.jpeg","datePublished":"2024-06-24T08:10:55+00:00","dateModified":"2026-01-31T13:47:07+00:00","description":"E\u0161te som sa neo\u017eenil - Aran\u017em\u00e1 pre dychov\u00fa hudbuAran\u017em\u00e1 pre dychov\u00fa hudbu.","breadcrumb":{"@id":"https:\/\/shop.petercernicka.eu\/shop\/dychova-hudba\/este-som-sa-neozenil-2\/#breadcrumb"},"inLanguage":"de","potentialAction":[{"@type":"ReadAction","target":["https:\/\/shop.petercernicka.eu\/shop\/dychova-hudba\/este-som-sa-neozenil-2\/"]}]},{"@type":"ImageObject","inLanguage":"de","@id":"https:\/\/shop.petercernicka.eu\/shop\/dychova-hudba\/este-som-sa-neozenil-2\/#primaryimage","url":"https:\/\/shop.petercernicka.eu\/wp-content\/uploads\/2024\/06\/freepik-export-202406240818045OZj.jpeg","contentUrl":"https:\/\/shop.petercernicka.eu\/wp-content\/uploads\/2024\/06\/freepik-export-202406240818045OZj.jpeg","width":1000,"height":1000},{"@type":"BreadcrumbList","@id":"https:\/\/shop.petercernicka.eu\/shop\/dychova-hudba\/este-som-sa-neozenil-2\/#breadcrumb","itemListElement":[{"@type":"ListItem","position":1,"name":"Home","item":"https:\/\/shop.petercernicka.eu\/"},{"@type":"ListItem","position":2,"name":"Produkty","item":"https:\/\/shop.petercernicka.eu\/obchod\/"},{"@type":"ListItem","position":3,"name":"E\u0161te som sa neo\u017eenil"}]},{"@type":"WebSite","@id":"https:\/\/shop.petercernicka.eu\/#website","url":"https:\/\/shop.petercernicka.eu\/","name":"Peter \u010cerni\u010dka | Noty | HUDOBN\u00c9 PODKLADY","description":"Volkslieder, Schlager, Tschechoslowakische Schlager, Zigeunerlieder, Evergreens, Weihnachtslieder","potentialAction":[{"@type":"SearchAction","target":{"@type":"EntryPoint","urlTemplate":"https:\/\/shop.petercernicka.eu\/?s={search_term_string}"},"query-input":{"@type":"PropertyValueSpecification","valueRequired":true,"valueName":"search_term_string"}}],"inLanguage":"de"}]}},"_links":{"self":[{"href":"https:\/\/shop.petercernicka.eu\/de\/wp-json\/wp\/v2\/product\/8320","targetHints":{"allow":["GET"]}}],"collection":[{"href":"https:\/\/shop.petercernicka.eu\/de\/wp-json\/wp\/v2\/product"}],"about":[{"href":"https:\/\/shop.petercernicka.eu\/de\/wp-json\/wp\/v2\/types\/product"}],"replies":[{"embeddable":true,"href":"https:\/\/shop.petercernicka.eu\/de\/wp-json\/wp\/v2\/comments?post=8320"}],"wp:featuredmedia":[{"embeddable":true,"href":"https:\/\/shop.petercernicka.eu\/de\/wp-json\/wp\/v2\/media\/8322"}],"wp:attachment":[{"href":"https:\/\/shop.petercernicka.eu\/de\/wp-json\/wp\/v2\/media?parent=8320"}],"wp:term":[{"taxonomy":"product_brand","embeddable":true,"href":"https:\/\/shop.petercernicka.eu\/de\/wp-json\/wp\/v2\/product_brand?post=8320"},{"taxonomy":"product_cat","embeddable":true,"href":"https:\/\/shop.petercernicka.eu\/de\/wp-json\/wp\/v2\/product_cat?post=8320"},{"taxonomy":"product_tag","embeddable":true,"href":"https:\/\/shop.petercernicka.eu\/de\/wp-json\/wp\/v2\/product_tag?post=8320"}],"curies":[{"name":"wp","href":"https:\/\/api.w.org\/{rel}","templated":true}]}}