{"id":8314,"date":"2024-06-24T10:00:33","date_gmt":"2024-06-24T08:00:33","guid":{"rendered":"https:\/\/shop.petercernicka.eu\/?post_type=product&#038;p=8314"},"modified":"2026-01-31T14:47:07","modified_gmt":"2026-01-31T13:47:07","slug":"mam-ja-hrusku","status":"publish","type":"product","link":"https:\/\/shop.petercernicka.eu\/de\/shop\/dychova-hudba\/mam-ja-hrusku\/","title":{"rendered":"M\u00e1m ja hru\u0161ku"},"content":{"rendered":"<p>1.<br \/>\nM\u00e1m ja hru\u0161ku a ni\u010d na nej,<br \/>\nm\u00e1m frajerku, \u010do ma po nej,<br \/>\n[:ja ju \u013e\u00fabim, ona m\u0148a nie,<br \/>\nak\u00e9 je to milovanie, ak\u00e1 je to l\u00e1ska?:]<\/p>\n<p>2.<br \/>\nM\u00e1m ja orech a ni\u010d na \u0148om,<br \/>\nm\u00e1m frajera, \u010do ma po \u0148om,<br \/>\n[:ja ho \u013e\u00fabim a on ma nie,<br \/>\nak\u00e9 je to milovanie, ak\u00e1 je to l\u00e1ska?:]<\/p>\n<p>3.<br \/>\nMal som mil\u00fa, u\u017e ma nechce,<br \/>\nnech ju za to P\u00e1n Boh stresce,<br \/>\n[:nie tak ve\u013emi, len tak m\u00e1lo,<br \/>\naby sa jej ni\u010d nestalo, holubienke mojej.:]<\/p>\n","protected":false},"excerpt":{"rendered":"<ul>\n<li>Vok\u00e1l<\/li>\n<li>Eb klarinet<\/li>\n<li>B klarinet<\/li>\n<li>Tr\u00fabka 1,2,3<\/li>\n<li>Tenor<\/li>\n<li>Baryt\u00f3n C<\/li>\n<li>Melodick\u00fd tromb\u00f3n C<\/li>\n<li>Tromb\u00f3n C<\/li>\n<li>Tr\u00fabka 1Bb<\/li>\n<li>Tr\u00fabka 2 Bb<\/li>\n<li>Tuba C<\/li>\n<li>Bicie<\/li>\n<\/ul>","protected":false},"featured_media":8325,"comment_status":"closed","ping_status":"closed","template":"","meta":{"om_disable_all_campaigns":false},"product_brand":[],"product_cat":[36,1168],"product_tag":[1137,1188],"class_list":{"0":"post-8314","1":"product","2":"type-product","3":"status-publish","4":"has-post-thumbnail","6":"product_cat-dychova-hudba","7":"product_cat-noty","8":"product_tag-ludova","9":"product_tag-noty","11":"first","12":"outofstock","13":"downloadable","14":"virtual","15":"taxable","16":"purchasable","17":"product-type-simple"},"yoast_head":"<!-- This site is optimized with the Yoast SEO plugin v27.4 - https:\/\/yoast.com\/product\/yoast-seo-wordpress\/ -->\n<title>M\u00e1m ja hru\u0161ku - Peter \u010cerni\u010dka | Noty | HUDOBN\u00c9 PODKLADY<\/title>\n<meta name=\"description\" content=\"M\u00e1m ja hru\u0161ku a ni\u010d na nej,m\u00e1m frajerku, \u010do ma po nej,[:ja ju \u013e\u00fabim, ona m\u0148a nie,ak\u00e9 je to milovanie, ak\u00e1 je to l\u00e1ska?:] Aran\u017em\u00e1 pre dychov\u00fa hudbu\" \/>\n<meta name=\"robots\" content=\"index, follow, max-snippet:-1, max-image-preview:large, max-video-preview:-1\" \/>\n<link rel=\"canonical\" href=\"https:\/\/shop.petercernicka.eu\/de\/shop\/dychova-hudba\/mam-ja-hrusku\/\" \/>\n<meta property=\"og:locale\" content=\"de_DE\" \/>\n<meta property=\"og:type\" content=\"article\" \/>\n<meta property=\"og:title\" content=\"M\u00e1m ja hru\u0161ku - Noty pre dychov\u00fa hudbu\" \/>\n<meta property=\"og:description\" content=\"M\u00e1m ja hru\u0161ku a ni\u010d na nej,m\u00e1m frajerku, \u010do ma po nej,[:ja ju \u013e\u00fabim, ona m\u0148a nie,ak\u00e9 je to milovanie, ak\u00e1 je to l\u00e1ska?:] Aran\u017em\u00e1 pre dychov\u00fa hudbu\" \/>\n<meta property=\"og:url\" content=\"https:\/\/shop.petercernicka.eu\/de\/shop\/dychova-hudba\/mam-ja-hrusku\/\" \/>\n<meta property=\"og:site_name\" content=\"Peter \u010cerni\u010dka | Noty | HUDOBN\u00c9 PODKLADY\" \/>\n<meta property=\"article:publisher\" content=\"https:\/\/www.facebook.com\/petercernickanoty\" \/>\n<meta property=\"article:modified_time\" content=\"2026-01-31T13:47:07+00:00\" \/>\n<meta property=\"og:image\" content=\"https:\/\/shop.petercernicka.eu\/wp-content\/uploads\/2024\/06\/freepik-export-20240624082451ZyQu.jpeg\" \/>\n\t<meta property=\"og:image:width\" content=\"2200\" \/>\n\t<meta property=\"og:image:height\" content=\"2200\" \/>\n\t<meta property=\"og:image:type\" content=\"image\/jpeg\" \/>\n<meta name=\"twitter:card\" content=\"summary_large_image\" \/>\n<script type=\"application\/ld+json\" class=\"yoast-schema-graph\">{\"@context\":\"https:\\\/\\\/schema.org\",\"@graph\":[{\"@type\":\"WebPage\",\"@id\":\"https:\\\/\\\/shop.petercernicka.eu\\\/shop\\\/dychova-hudba\\\/mam-ja-hrusku\\\/\",\"url\":\"https:\\\/\\\/shop.petercernicka.eu\\\/shop\\\/dychova-hudba\\\/mam-ja-hrusku\\\/\",\"name\":\"M\u00e1m ja hru\u0161ku - Peter \u010cerni\u010dka | Noty | HUDOBN\u00c9 PODKLADY\",\"isPartOf\":{\"@id\":\"https:\\\/\\\/shop.petercernicka.eu\\\/#website\"},\"primaryImageOfPage\":{\"@id\":\"https:\\\/\\\/shop.petercernicka.eu\\\/shop\\\/dychova-hudba\\\/mam-ja-hrusku\\\/#primaryimage\"},\"image\":{\"@id\":\"https:\\\/\\\/shop.petercernicka.eu\\\/shop\\\/dychova-hudba\\\/mam-ja-hrusku\\\/#primaryimage\"},\"thumbnailUrl\":\"https:\\\/\\\/shop.petercernicka.eu\\\/wp-content\\\/uploads\\\/2024\\\/06\\\/freepik-export-20240624082451ZyQu.jpeg\",\"datePublished\":\"2024-06-24T08:00:33+00:00\",\"dateModified\":\"2026-01-31T13:47:07+00:00\",\"description\":\"M\u00e1m ja hru\u0161ku a ni\u010d na nej,m\u00e1m frajerku, \u010do ma po nej,[:ja ju \u013e\u00fabim, ona m\u0148a nie,ak\u00e9 je to milovanie, ak\u00e1 je to l\u00e1ska?:] Aran\u017em\u00e1 pre dychov\u00fa hudbu\",\"breadcrumb\":{\"@id\":\"https:\\\/\\\/shop.petercernicka.eu\\\/shop\\\/dychova-hudba\\\/mam-ja-hrusku\\\/#breadcrumb\"},\"inLanguage\":\"de\",\"potentialAction\":[{\"@type\":\"ReadAction\",\"target\":[\"https:\\\/\\\/shop.petercernicka.eu\\\/shop\\\/dychova-hudba\\\/mam-ja-hrusku\\\/\"]}]},{\"@type\":\"ImageObject\",\"inLanguage\":\"de\",\"@id\":\"https:\\\/\\\/shop.petercernicka.eu\\\/shop\\\/dychova-hudba\\\/mam-ja-hrusku\\\/#primaryimage\",\"url\":\"https:\\\/\\\/shop.petercernicka.eu\\\/wp-content\\\/uploads\\\/2024\\\/06\\\/freepik-export-20240624082451ZyQu.jpeg\",\"contentUrl\":\"https:\\\/\\\/shop.petercernicka.eu\\\/wp-content\\\/uploads\\\/2024\\\/06\\\/freepik-export-20240624082451ZyQu.jpeg\",\"width\":2200,\"height\":2200},{\"@type\":\"BreadcrumbList\",\"@id\":\"https:\\\/\\\/shop.petercernicka.eu\\\/shop\\\/dychova-hudba\\\/mam-ja-hrusku\\\/#breadcrumb\",\"itemListElement\":[{\"@type\":\"ListItem\",\"position\":1,\"name\":\"Home\",\"item\":\"https:\\\/\\\/shop.petercernicka.eu\\\/\"},{\"@type\":\"ListItem\",\"position\":2,\"name\":\"Produkty\",\"item\":\"https:\\\/\\\/shop.petercernicka.eu\\\/obchod\\\/\"},{\"@type\":\"ListItem\",\"position\":3,\"name\":\"M\u00e1m ja hru\u0161ku\"}]},{\"@type\":\"WebSite\",\"@id\":\"https:\\\/\\\/shop.petercernicka.eu\\\/#website\",\"url\":\"https:\\\/\\\/shop.petercernicka.eu\\\/\",\"name\":\"Peter \u010cerni\u010dka | Noty | HUDOBN\u00c9 PODKLADY\",\"description\":\"\u013eudov\u00e9 piesne, popul\u00e1rne \u0161l\u00e1gre, \u010desko-slovensk\u00e9 hity, cig\u00e1nske piesne, ewergreeny, viano\u010dn\u00e9 koledy\",\"potentialAction\":[{\"@type\":\"SearchAction\",\"target\":{\"@type\":\"EntryPoint\",\"urlTemplate\":\"https:\\\/\\\/shop.petercernicka.eu\\\/?s={search_term_string}\"},\"query-input\":{\"@type\":\"PropertyValueSpecification\",\"valueRequired\":true,\"valueName\":\"search_term_string\"}}],\"inLanguage\":\"de\"}]}<\/script>\n<!-- \/ Yoast SEO plugin. -->","yoast_head_json":{"title":"M\u00e1m ja hru\u0161ku - Peter \u010cerni\u010dka | Noty | HUDOBN\u00c9 PODKLADY","description":"M\u00e1m ja hru\u0161ku a ni\u010d na nej,m\u00e1m frajerku, \u010do ma po nej,[:ja ju \u013e\u00fabim, ona m\u0148a nie,ak\u00e9 je to milovanie, ak\u00e1 je to l\u00e1ska?:] Aran\u017em\u00e1 pre dychov\u00fa hudbu","robots":{"index":"index","follow":"follow","max-snippet":"max-snippet:-1","max-image-preview":"max-image-preview:large","max-video-preview":"max-video-preview:-1"},"canonical":"https:\/\/shop.petercernicka.eu\/de\/shop\/dychova-hudba\/mam-ja-hrusku\/","og_locale":"de_DE","og_type":"article","og_title":"M\u00e1m ja hru\u0161ku - Noty pre dychov\u00fa hudbu","og_description":"M\u00e1m ja hru\u0161ku a ni\u010d na nej,m\u00e1m frajerku, \u010do ma po nej,[:ja ju \u013e\u00fabim, ona m\u0148a nie,ak\u00e9 je to milovanie, ak\u00e1 je to l\u00e1ska?:] Aran\u017em\u00e1 pre dychov\u00fa hudbu","og_url":"https:\/\/shop.petercernicka.eu\/de\/shop\/dychova-hudba\/mam-ja-hrusku\/","og_site_name":"Peter \u010cerni\u010dka | Noty | HUDOBN\u00c9 PODKLADY","article_publisher":"https:\/\/www.facebook.com\/petercernickanoty","article_modified_time":"2026-01-31T13:47:07+00:00","og_image":[{"width":2200,"height":2200,"url":"https:\/\/shop.petercernicka.eu\/wp-content\/uploads\/2024\/06\/freepik-export-20240624082451ZyQu.jpeg","type":"image\/jpeg"}],"twitter_card":"summary_large_image","schema":{"@context":"https:\/\/schema.org","@graph":[{"@type":"WebPage","@id":"https:\/\/shop.petercernicka.eu\/shop\/dychova-hudba\/mam-ja-hrusku\/","url":"https:\/\/shop.petercernicka.eu\/shop\/dychova-hudba\/mam-ja-hrusku\/","name":"M\u00e1m ja hru\u0161ku - Peter \u010cerni\u010dka | Noty | HUDOBN\u00c9 PODKLADY","isPartOf":{"@id":"https:\/\/shop.petercernicka.eu\/#website"},"primaryImageOfPage":{"@id":"https:\/\/shop.petercernicka.eu\/shop\/dychova-hudba\/mam-ja-hrusku\/#primaryimage"},"image":{"@id":"https:\/\/shop.petercernicka.eu\/shop\/dychova-hudba\/mam-ja-hrusku\/#primaryimage"},"thumbnailUrl":"https:\/\/shop.petercernicka.eu\/wp-content\/uploads\/2024\/06\/freepik-export-20240624082451ZyQu.jpeg","datePublished":"2024-06-24T08:00:33+00:00","dateModified":"2026-01-31T13:47:07+00:00","description":"M\u00e1m ja hru\u0161ku a ni\u010d na nej,m\u00e1m frajerku, \u010do ma po nej,[:ja ju \u013e\u00fabim, ona m\u0148a nie,ak\u00e9 je to milovanie, ak\u00e1 je to l\u00e1ska?:] Aran\u017em\u00e1 pre dychov\u00fa hudbu","breadcrumb":{"@id":"https:\/\/shop.petercernicka.eu\/shop\/dychova-hudba\/mam-ja-hrusku\/#breadcrumb"},"inLanguage":"de","potentialAction":[{"@type":"ReadAction","target":["https:\/\/shop.petercernicka.eu\/shop\/dychova-hudba\/mam-ja-hrusku\/"]}]},{"@type":"ImageObject","inLanguage":"de","@id":"https:\/\/shop.petercernicka.eu\/shop\/dychova-hudba\/mam-ja-hrusku\/#primaryimage","url":"https:\/\/shop.petercernicka.eu\/wp-content\/uploads\/2024\/06\/freepik-export-20240624082451ZyQu.jpeg","contentUrl":"https:\/\/shop.petercernicka.eu\/wp-content\/uploads\/2024\/06\/freepik-export-20240624082451ZyQu.jpeg","width":2200,"height":2200},{"@type":"BreadcrumbList","@id":"https:\/\/shop.petercernicka.eu\/shop\/dychova-hudba\/mam-ja-hrusku\/#breadcrumb","itemListElement":[{"@type":"ListItem","position":1,"name":"Home","item":"https:\/\/shop.petercernicka.eu\/"},{"@type":"ListItem","position":2,"name":"Produkty","item":"https:\/\/shop.petercernicka.eu\/obchod\/"},{"@type":"ListItem","position":3,"name":"M\u00e1m ja hru\u0161ku"}]},{"@type":"WebSite","@id":"https:\/\/shop.petercernicka.eu\/#website","url":"https:\/\/shop.petercernicka.eu\/","name":"Peter \u010cerni\u010dka | Noty | HUDOBN\u00c9 PODKLADY","description":"Volkslieder, Schlager, Tschechoslowakische Schlager, Zigeunerlieder, Evergreens, Weihnachtslieder","potentialAction":[{"@type":"SearchAction","target":{"@type":"EntryPoint","urlTemplate":"https:\/\/shop.petercernicka.eu\/?s={search_term_string}"},"query-input":{"@type":"PropertyValueSpecification","valueRequired":true,"valueName":"search_term_string"}}],"inLanguage":"de"}]}},"_links":{"self":[{"href":"https:\/\/shop.petercernicka.eu\/de\/wp-json\/wp\/v2\/product\/8314","targetHints":{"allow":["GET"]}}],"collection":[{"href":"https:\/\/shop.petercernicka.eu\/de\/wp-json\/wp\/v2\/product"}],"about":[{"href":"https:\/\/shop.petercernicka.eu\/de\/wp-json\/wp\/v2\/types\/product"}],"replies":[{"embeddable":true,"href":"https:\/\/shop.petercernicka.eu\/de\/wp-json\/wp\/v2\/comments?post=8314"}],"wp:featuredmedia":[{"embeddable":true,"href":"https:\/\/shop.petercernicka.eu\/de\/wp-json\/wp\/v2\/media\/8325"}],"wp:attachment":[{"href":"https:\/\/shop.petercernicka.eu\/de\/wp-json\/wp\/v2\/media?parent=8314"}],"wp:term":[{"taxonomy":"product_brand","embeddable":true,"href":"https:\/\/shop.petercernicka.eu\/de\/wp-json\/wp\/v2\/product_brand?post=8314"},{"taxonomy":"product_cat","embeddable":true,"href":"https:\/\/shop.petercernicka.eu\/de\/wp-json\/wp\/v2\/product_cat?post=8314"},{"taxonomy":"product_tag","embeddable":true,"href":"https:\/\/shop.petercernicka.eu\/de\/wp-json\/wp\/v2\/product_tag?post=8314"}],"curies":[{"name":"wp","href":"https:\/\/api.w.org\/{rel}","templated":true}]}}