{"id":8276,"date":"2024-05-23T15:12:08","date_gmt":"2024-05-23T13:12:08","guid":{"rendered":"https:\/\/shop.petercernicka.eu\/?post_type=product&#038;p=8276"},"modified":"2026-01-31T14:47:07","modified_gmt":"2026-01-31T13:47:07","slug":"balik-not-pre-malu-partiu","status":"publish","type":"product","link":"https:\/\/shop.petercernicka.eu\/de\/shop\/mala-partia\/balik-not-pre-malu-partiu\/","title":{"rendered":"Bal\u00edk n\u00f4t pre mal\u00fa partiu (80 skladieb)"},"content":{"rendered":"<p><span style=\"color: #000000; font-size: 14pt;\">\u0160tartovac\u00ed reperto\u00e1r pre za\u010d\u00ednaj\u00facu alebo u\u017e zabehnut\u00fa kapelu.<\/span><\/p>\n<p><span style=\"color: #000000; font-size: 14pt;\">Bal\u00edk obsahuje cca 80 skladieb.<\/span><\/p>\n<p><span style=\"color: #000000; font-size: 14pt;\">polky, val\u010d\u00edky, tango<\/span><\/p>\n<p><span style=\"color: #000000; font-size: 14pt;\">N\u00e1strojov\u00e9 obsadenie:<\/span><\/p>\n<ol>\n<li><span style=\"color: #000000; font-size: 14pt;\">Tr\u00fabka<\/span><\/li>\n<li><span style=\"color: #000000; font-size: 14pt;\">Tenor<\/span><\/li>\n<li><span style=\"color: #000000; font-size: 14pt;\">Akorde\u00f3n<\/span><\/li>\n<li><span style=\"color: #000000; font-size: 14pt;\">Tuba<\/span><\/li>\n<li><span style=\"color: #000000; font-size: 14pt;\">Bicie<\/span><\/li>\n<\/ol>","protected":false},"excerpt":{"rendered":"<p>\u0160tartovac\u00ed reperto\u00e1r pre za\u010d\u00ednaj\u00facu alebo u\u017e zabehnut\u00fa kapelu. Bal\u00edk obsahuje cca 80 skladieb. polky, val\u010d\u00edky, tango N\u00e1strojov\u00e9 obsadenie: Tr\u00fabka Tenor Akorde\u00f3n Tuba Bicie<\/p>","protected":false},"featured_media":8277,"comment_status":"closed","ping_status":"closed","template":"","meta":{"om_disable_all_campaigns":false},"product_brand":[],"product_cat":[40,1168],"product_tag":[1138,1188,1136],"class_list":{"0":"post-8276","1":"product","2":"type-product","3":"status-publish","4":"has-post-thumbnail","6":"product_cat-mala-partia","7":"product_cat-noty","8":"product_tag-limitovana-ponuka","9":"product_tag-noty","10":"product_tag-noty-pre-malu-partiu","12":"first","13":"outofstock","14":"sale","15":"virtual","16":"taxable","17":"purchasable","18":"product-type-simple"},"yoast_head":"<!-- This site is optimized with the Yoast SEO plugin v27.4 - https:\/\/yoast.com\/product\/yoast-seo-wordpress\/ -->\n<title>Bal\u00edk n\u00f4t pre mal\u00fa partiu (80 skladieb) - Peter \u010cerni\u010dka | Noty | HUDOBN\u00c9 PODKLADY<\/title>\n<meta name=\"robots\" content=\"index, follow, max-snippet:-1, max-image-preview:large, max-video-preview:-1\" \/>\n<link rel=\"canonical\" href=\"https:\/\/shop.petercernicka.eu\/de\/shop\/mala-partia\/balik-not-pre-malu-partiu\/\" \/>\n<meta property=\"og:locale\" content=\"de_DE\" \/>\n<meta property=\"og:type\" content=\"article\" \/>\n<meta property=\"og:title\" content=\"Noty pre mal\u00fa partiu - tr\u00fabka, tenor, akorde\u00f3n, tuba, bicie\" \/>\n<meta property=\"og:description\" content=\"Kompletn\u00fd repertop\u00e1r pre za\u010d\u00ednaj\u00facu alebo pokro\u010dil\u00fa kapelu. Svadby, plesy, z\u00e1bavy, rodinn\u00e9 oslavy, koncerty,\" \/>\n<meta property=\"og:url\" content=\"https:\/\/shop.petercernicka.eu\/de\/shop\/mala-partia\/balik-not-pre-malu-partiu\/\" \/>\n<meta property=\"og:site_name\" content=\"Peter \u010cerni\u010dka | Noty | HUDOBN\u00c9 PODKLADY\" \/>\n<meta property=\"article:publisher\" content=\"https:\/\/www.facebook.com\/petercernickanoty\" \/>\n<meta property=\"article:modified_time\" content=\"2026-01-31T13:47:07+00:00\" \/>\n<meta property=\"og:image\" content=\"https:\/\/shop.petercernicka.eu\/wp-content\/uploads\/2024\/05\/Az-pomasirujem-Parts_page-0001.jpg\" \/>\n\t<meta property=\"og:image:width\" content=\"1240\" \/>\n\t<meta property=\"og:image:height\" content=\"1755\" \/>\n\t<meta property=\"og:image:type\" content=\"image\/jpeg\" \/>\n<meta name=\"twitter:card\" content=\"summary_large_image\" \/>\n<script type=\"application\/ld+json\" class=\"yoast-schema-graph\">{\"@context\":\"https:\\\/\\\/schema.org\",\"@graph\":[{\"@type\":\"WebPage\",\"@id\":\"https:\\\/\\\/shop.petercernicka.eu\\\/shop\\\/mala-partia\\\/balik-not-pre-malu-partiu\\\/\",\"url\":\"https:\\\/\\\/shop.petercernicka.eu\\\/shop\\\/mala-partia\\\/balik-not-pre-malu-partiu\\\/\",\"name\":\"Bal\u00edk n\u00f4t pre mal\u00fa partiu (80 skladieb) - Peter \u010cerni\u010dka | Noty | HUDOBN\u00c9 PODKLADY\",\"isPartOf\":{\"@id\":\"https:\\\/\\\/shop.petercernicka.eu\\\/#website\"},\"primaryImageOfPage\":{\"@id\":\"https:\\\/\\\/shop.petercernicka.eu\\\/shop\\\/mala-partia\\\/balik-not-pre-malu-partiu\\\/#primaryimage\"},\"image\":{\"@id\":\"https:\\\/\\\/shop.petercernicka.eu\\\/shop\\\/mala-partia\\\/balik-not-pre-malu-partiu\\\/#primaryimage\"},\"thumbnailUrl\":\"https:\\\/\\\/shop.petercernicka.eu\\\/wp-content\\\/uploads\\\/2024\\\/05\\\/Az-pomasirujem-Parts_page-0001.jpg\",\"datePublished\":\"2024-05-23T13:12:08+00:00\",\"dateModified\":\"2026-01-31T13:47:07+00:00\",\"breadcrumb\":{\"@id\":\"https:\\\/\\\/shop.petercernicka.eu\\\/shop\\\/mala-partia\\\/balik-not-pre-malu-partiu\\\/#breadcrumb\"},\"inLanguage\":\"de\",\"potentialAction\":[{\"@type\":\"ReadAction\",\"target\":[\"https:\\\/\\\/shop.petercernicka.eu\\\/shop\\\/mala-partia\\\/balik-not-pre-malu-partiu\\\/\"]}]},{\"@type\":\"ImageObject\",\"inLanguage\":\"de\",\"@id\":\"https:\\\/\\\/shop.petercernicka.eu\\\/shop\\\/mala-partia\\\/balik-not-pre-malu-partiu\\\/#primaryimage\",\"url\":\"https:\\\/\\\/shop.petercernicka.eu\\\/wp-content\\\/uploads\\\/2024\\\/05\\\/Az-pomasirujem-Parts_page-0001.jpg\",\"contentUrl\":\"https:\\\/\\\/shop.petercernicka.eu\\\/wp-content\\\/uploads\\\/2024\\\/05\\\/Az-pomasirujem-Parts_page-0001.jpg\",\"width\":1240,\"height\":1755},{\"@type\":\"BreadcrumbList\",\"@id\":\"https:\\\/\\\/shop.petercernicka.eu\\\/shop\\\/mala-partia\\\/balik-not-pre-malu-partiu\\\/#breadcrumb\",\"itemListElement\":[{\"@type\":\"ListItem\",\"position\":1,\"name\":\"Home\",\"item\":\"https:\\\/\\\/shop.petercernicka.eu\\\/\"},{\"@type\":\"ListItem\",\"position\":2,\"name\":\"Produkty\",\"item\":\"https:\\\/\\\/shop.petercernicka.eu\\\/obchod\\\/\"},{\"@type\":\"ListItem\",\"position\":3,\"name\":\"Bal\u00edk n\u00f4t pre mal\u00fa partiu (80 skladieb)\"}]},{\"@type\":\"WebSite\",\"@id\":\"https:\\\/\\\/shop.petercernicka.eu\\\/#website\",\"url\":\"https:\\\/\\\/shop.petercernicka.eu\\\/\",\"name\":\"Peter \u010cerni\u010dka | Noty | HUDOBN\u00c9 PODKLADY\",\"description\":\"\u013eudov\u00e9 piesne, popul\u00e1rne \u0161l\u00e1gre, \u010desko-slovensk\u00e9 hity, cig\u00e1nske piesne, ewergreeny, viano\u010dn\u00e9 koledy\",\"potentialAction\":[{\"@type\":\"SearchAction\",\"target\":{\"@type\":\"EntryPoint\",\"urlTemplate\":\"https:\\\/\\\/shop.petercernicka.eu\\\/?s={search_term_string}\"},\"query-input\":{\"@type\":\"PropertyValueSpecification\",\"valueRequired\":true,\"valueName\":\"search_term_string\"}}],\"inLanguage\":\"de\"}]}<\/script>\n<!-- \/ Yoast SEO plugin. -->","yoast_head_json":{"title":"Bal\u00edk n\u00f4t pre mal\u00fa partiu (80 skladieb) - Peter \u010cerni\u010dka | Noty | HUDOBN\u00c9 PODKLADY","robots":{"index":"index","follow":"follow","max-snippet":"max-snippet:-1","max-image-preview":"max-image-preview:large","max-video-preview":"max-video-preview:-1"},"canonical":"https:\/\/shop.petercernicka.eu\/de\/shop\/mala-partia\/balik-not-pre-malu-partiu\/","og_locale":"de_DE","og_type":"article","og_title":"Noty pre mal\u00fa partiu - tr\u00fabka, tenor, akorde\u00f3n, tuba, bicie","og_description":"Kompletn\u00fd repertop\u00e1r pre za\u010d\u00ednaj\u00facu alebo pokro\u010dil\u00fa kapelu. Svadby, plesy, z\u00e1bavy, rodinn\u00e9 oslavy, koncerty,","og_url":"https:\/\/shop.petercernicka.eu\/de\/shop\/mala-partia\/balik-not-pre-malu-partiu\/","og_site_name":"Peter \u010cerni\u010dka | Noty | HUDOBN\u00c9 PODKLADY","article_publisher":"https:\/\/www.facebook.com\/petercernickanoty","article_modified_time":"2026-01-31T13:47:07+00:00","og_image":[{"width":1240,"height":1755,"url":"https:\/\/shop.petercernicka.eu\/wp-content\/uploads\/2024\/05\/Az-pomasirujem-Parts_page-0001.jpg","type":"image\/jpeg"}],"twitter_card":"summary_large_image","schema":{"@context":"https:\/\/schema.org","@graph":[{"@type":"WebPage","@id":"https:\/\/shop.petercernicka.eu\/shop\/mala-partia\/balik-not-pre-malu-partiu\/","url":"https:\/\/shop.petercernicka.eu\/shop\/mala-partia\/balik-not-pre-malu-partiu\/","name":"Bal\u00edk n\u00f4t pre mal\u00fa partiu (80 skladieb) - Peter \u010cerni\u010dka | Noty | HUDOBN\u00c9 PODKLADY","isPartOf":{"@id":"https:\/\/shop.petercernicka.eu\/#website"},"primaryImageOfPage":{"@id":"https:\/\/shop.petercernicka.eu\/shop\/mala-partia\/balik-not-pre-malu-partiu\/#primaryimage"},"image":{"@id":"https:\/\/shop.petercernicka.eu\/shop\/mala-partia\/balik-not-pre-malu-partiu\/#primaryimage"},"thumbnailUrl":"https:\/\/shop.petercernicka.eu\/wp-content\/uploads\/2024\/05\/Az-pomasirujem-Parts_page-0001.jpg","datePublished":"2024-05-23T13:12:08+00:00","dateModified":"2026-01-31T13:47:07+00:00","breadcrumb":{"@id":"https:\/\/shop.petercernicka.eu\/shop\/mala-partia\/balik-not-pre-malu-partiu\/#breadcrumb"},"inLanguage":"de","potentialAction":[{"@type":"ReadAction","target":["https:\/\/shop.petercernicka.eu\/shop\/mala-partia\/balik-not-pre-malu-partiu\/"]}]},{"@type":"ImageObject","inLanguage":"de","@id":"https:\/\/shop.petercernicka.eu\/shop\/mala-partia\/balik-not-pre-malu-partiu\/#primaryimage","url":"https:\/\/shop.petercernicka.eu\/wp-content\/uploads\/2024\/05\/Az-pomasirujem-Parts_page-0001.jpg","contentUrl":"https:\/\/shop.petercernicka.eu\/wp-content\/uploads\/2024\/05\/Az-pomasirujem-Parts_page-0001.jpg","width":1240,"height":1755},{"@type":"BreadcrumbList","@id":"https:\/\/shop.petercernicka.eu\/shop\/mala-partia\/balik-not-pre-malu-partiu\/#breadcrumb","itemListElement":[{"@type":"ListItem","position":1,"name":"Home","item":"https:\/\/shop.petercernicka.eu\/"},{"@type":"ListItem","position":2,"name":"Produkty","item":"https:\/\/shop.petercernicka.eu\/obchod\/"},{"@type":"ListItem","position":3,"name":"Bal\u00edk n\u00f4t pre mal\u00fa partiu (80 skladieb)"}]},{"@type":"WebSite","@id":"https:\/\/shop.petercernicka.eu\/#website","url":"https:\/\/shop.petercernicka.eu\/","name":"Peter \u010cerni\u010dka | Noty | HUDOBN\u00c9 PODKLADY","description":"Volkslieder, Schlager, Tschechoslowakische Schlager, Zigeunerlieder, Evergreens, Weihnachtslieder","potentialAction":[{"@type":"SearchAction","target":{"@type":"EntryPoint","urlTemplate":"https:\/\/shop.petercernicka.eu\/?s={search_term_string}"},"query-input":{"@type":"PropertyValueSpecification","valueRequired":true,"valueName":"search_term_string"}}],"inLanguage":"de"}]}},"_links":{"self":[{"href":"https:\/\/shop.petercernicka.eu\/de\/wp-json\/wp\/v2\/product\/8276","targetHints":{"allow":["GET"]}}],"collection":[{"href":"https:\/\/shop.petercernicka.eu\/de\/wp-json\/wp\/v2\/product"}],"about":[{"href":"https:\/\/shop.petercernicka.eu\/de\/wp-json\/wp\/v2\/types\/product"}],"replies":[{"embeddable":true,"href":"https:\/\/shop.petercernicka.eu\/de\/wp-json\/wp\/v2\/comments?post=8276"}],"wp:featuredmedia":[{"embeddable":true,"href":"https:\/\/shop.petercernicka.eu\/de\/wp-json\/wp\/v2\/media\/8277"}],"wp:attachment":[{"href":"https:\/\/shop.petercernicka.eu\/de\/wp-json\/wp\/v2\/media?parent=8276"}],"wp:term":[{"taxonomy":"product_brand","embeddable":true,"href":"https:\/\/shop.petercernicka.eu\/de\/wp-json\/wp\/v2\/product_brand?post=8276"},{"taxonomy":"product_cat","embeddable":true,"href":"https:\/\/shop.petercernicka.eu\/de\/wp-json\/wp\/v2\/product_cat?post=8276"},{"taxonomy":"product_tag","embeddable":true,"href":"https:\/\/shop.petercernicka.eu\/de\/wp-json\/wp\/v2\/product_tag?post=8276"}],"curies":[{"name":"wp","href":"https:\/\/api.w.org\/{rel}","templated":true}]}}