{"id":8267,"date":"2024-05-09T17:43:44","date_gmt":"2024-05-09T15:43:44","guid":{"rendered":"https:\/\/shop.petercernicka.eu\/?post_type=product&#038;p=8267"},"modified":"2026-01-31T14:47:07","modified_gmt":"2026-01-31T13:47:07","slug":"ludove-piesne-saxofonove-kvarteto-zakladne-melodie","status":"publish","type":"product","link":"https:\/\/shop.petercernicka.eu\/de\/shop\/saxofonove-kvarteto\/ludove-piesne-saxofonove-kvarteto-zakladne-melodie\/","title":{"rendered":"\u013dudov\u00e9 piesne \u2013 Saxofonov\u00e9 kvarteto (z\u00e1kladn\u00e9 mel\u00f3die)"},"content":{"rendered":"<p><strong>V zo\u0161ite n\u00e1jdete 50 \u013eudov\u00fdch skladieb.<\/strong><\/p>\n<p>1. V hornom konci b\u00fdvam<br \/>\n2. \u010co to tam \u0161uchoce<br \/>\n3. Do r\u00e1na je mal\u00e1 chv\u00ed\u013ea<br \/>\n4. A od Pre\u0161ova<br \/>\n5. Dolina, dolina<br \/>\n6. Drietomsk\u00fa dolinu<br \/>\n7. Horela lipka horela<br \/>\n8. Kde\u017ee si Ani\u010dka<br \/>\n9. Jedna ru\u017ea, dve ru\u017ee<br \/>\n10. Ke\u010f sme roli\u010dku orali<br \/>\n11. Javorinka \u0161ediv\u00e1<br \/>\n12. Ke\u010f som i\u0161iel okolo V\u00e1s<br \/>\n13. Ke\u010f rozkvitne biela ru\u017ea<br \/>\n14. Konopa, konopa<br \/>\n15. Kedy \u017ee to \u017e\u00edtko z\u00edde<br \/>\n16. Mala som, mala som<br \/>\n17. Kone moje vran\u00e9<br \/>\n18. M\u00e1m ja kosu, kosi\u010dku<br \/>\n19. Letela husi\u010dka<\/p>\n<audio class=\"wp-audio-shortcode\" id=\"audio-8267-7\" preload=\"none\" style=\"width: 100%;\" controls=\"controls\"><source type=\"audio\/mpeg\" src=\"https:\/\/shop.petercernicka.eu\/wp-content\/uploads\/2024\/05\/19-Letela-husicka.mp3?_=7\" \/><a href=\"https:\/\/shop.petercernicka.eu\/wp-content\/uploads\/2024\/05\/19-Letela-husicka.mp3\">https:\/\/shop.petercernicka.eu\/wp-content\/uploads\/2024\/05\/19-Letela-husicka.mp3<\/a><\/audio>\n<p>20. Mamko moja mami\u010denko<br \/>\n21. Mal som p\u00ed\u0161\u0165alo\u010dku<br \/>\n22. Na Pankr\u00e1ci<br \/>\n23. Na Orave dobre<br \/>\n24. Na\u010do mi je t\u00e1 zahradka<br \/>\n25. Ne\u010faleko mlyna ve\u013ek\u00e1 hlbo\u010dina<\/p>\n<audio class=\"wp-audio-shortcode\" id=\"audio-8267-8\" preload=\"none\" style=\"width: 100%;\" controls=\"controls\"><source type=\"audio\/mpeg\" src=\"https:\/\/shop.petercernicka.eu\/wp-content\/uploads\/2024\/05\/25-Nedaleko-mlyna-velka-hlbocina.mp3?_=8\" \/><a href=\"https:\/\/shop.petercernicka.eu\/wp-content\/uploads\/2024\/05\/25-Nedaleko-mlyna-velka-hlbocina.mp3\">https:\/\/shop.petercernicka.eu\/wp-content\/uploads\/2024\/05\/25-Nedaleko-mlyna-velka-hlbocina.mp3<\/a><\/audio>\n<p>26. Neber si syne\u010dku<br \/>\n27. Ne\u010faleko od Tren\u010d\u00edna<br \/>\n28. Neviem, neviem<br \/>\n29. Okolo mlyna<br \/>\n30. Okolo S\u00fa\u010de<br \/>\n31. Na jese\u0148 ke\u010f chlapci rukuj\u00fa<br \/>\n32. Za t\u00fa horu<\/p>\n<audio class=\"wp-audio-shortcode\" id=\"audio-8267-9\" preload=\"none\" style=\"width: 100%;\" controls=\"controls\"><source type=\"audio\/mpeg\" src=\"https:\/\/shop.petercernicka.eu\/wp-content\/uploads\/2024\/05\/32-Za-tu-horu.mp3?_=9\" \/><a href=\"https:\/\/shop.petercernicka.eu\/wp-content\/uploads\/2024\/05\/32-Za-tu-horu.mp3\">https:\/\/shop.petercernicka.eu\/wp-content\/uploads\/2024\/05\/32-Za-tu-horu.mp3<\/a><\/audio>\n<p>33. Si moja mil\u00e1<br \/>\n34. Sadla v\u010dielka<br \/>\n35. Sedemn\u00e1s\u0165 liet<br \/>\n36. \u0160\u00edpov\u00e1 ru\u017ei\u010dka<br \/>\n37. Slovensk\u00e9 mami\u010dky<br \/>\n38. Vydala ma mamka<br \/>\n39. \u0160tudensk\u00e1 halenka<\/p>\n<audio class=\"wp-audio-shortcode\" id=\"audio-8267-10\" preload=\"none\" style=\"width: 100%;\" controls=\"controls\"><source type=\"audio\/mpeg\" src=\"https:\/\/shop.petercernicka.eu\/wp-content\/uploads\/2024\/05\/39-Studenska-halenka.mp3?_=10\" \/><a href=\"https:\/\/shop.petercernicka.eu\/wp-content\/uploads\/2024\/05\/39-Studenska-halenka.mp3\">https:\/\/shop.petercernicka.eu\/wp-content\/uploads\/2024\/05\/39-Studenska-halenka.mp3<\/a><\/audio>\n<p>40. Vydala mami\u010dka<br \/>\n41. Pre\u0161porsk\u00e1 kas\u00e1re\u0148<br \/>\n42. Tren\u010diansku dolinu<br \/>\n43. Tam pod tatrami<br \/>\n44. Utrhla sa skala<br \/>\n45. Pre\u010do sa ml\u00e1denci neo\u017een\u00edte<br \/>\n46. Okolo Tren\u010d\u00edna<br \/>\n47. Keby ja vedela<br \/>\n48. U\u017e je ve\u010der<\/p>\n<audio class=\"wp-audio-shortcode\" id=\"audio-8267-11\" preload=\"none\" style=\"width: 100%;\" controls=\"controls\"><source type=\"audio\/mpeg\" src=\"https:\/\/shop.petercernicka.eu\/wp-content\/uploads\/2024\/05\/48-Uz-je-vecer.mp3?_=11\" \/><a href=\"https:\/\/shop.petercernicka.eu\/wp-content\/uploads\/2024\/05\/48-Uz-je-vecer.mp3\">https:\/\/shop.petercernicka.eu\/wp-content\/uploads\/2024\/05\/48-Uz-je-vecer.mp3<\/a><\/audio>\n<p>49. V richt\u00e1rovej studni<br \/>\n50. Na Kr\u00e1\u013eovej holi<\/p>","protected":false},"excerpt":{"rendered":"<ul>\n<li><strong><span style=\"background-color: #ffffff; color: #ff0000;\">Z\u013dAVA VYPR\u0160\u00cd O:<\/span><\/strong>\n<\/li>\n<li><strong>Zo\u0161i\u0165 s \u013eudov\u00fdmi pies\u0148ami pre \u017eiakov a u\u010dite\u013eov z\u00e1kladn\u00fdch umeleck\u00fdch \u0161k\u00f4l, samoukov,<br \/>\n<\/strong><\/li>\n<li><span style=\"background-color: #ffffff; color: #ff0000;\"><strong>cca 2\u20ac \/ skladba<\/strong><\/span><\/li>\n<li>1. alt saxof\u00f3n, 2. tenor saxof\u00f3n, 3. Alt sax (dopr.)\u00a0 4. Baryton saxof\u00f3n<\/li>\n<li><strong>4 saxofonov\u00e9 zo\u0161ity A4<\/strong><\/li>\n<li><strong><strong><strong>Odosielame do 48 hod.<\/strong><\/strong><\/strong><br \/>\n<hr \/>\n<p><audio class=\"wp-audio-shortcode\" id=\"audio-8267-1\" preload=\"none\" style=\"width: 100%;\" controls=\"controls\"><source type=\"audio\/mpeg\" src=\"https:\/\/shop.petercernicka.eu\/wp-content\/uploads\/2024\/05\/V-hornom-konci-byvam.mp3?_=1\" \/><a href=\"https:\/\/shop.petercernicka.eu\/wp-content\/uploads\/2024\/05\/V-hornom-konci-byvam.mp3\">https:\/\/shop.petercernicka.eu\/wp-content\/uploads\/2024\/05\/V-hornom-konci-byvam.mp3<\/a><\/audio><\/p>\n<p><audio class=\"wp-audio-shortcode\" id=\"audio-8267-2\" preload=\"none\" style=\"width: 100%;\" controls=\"controls\"><source type=\"audio\/mpeg\" src=\"https:\/\/shop.petercernicka.eu\/wp-content\/uploads\/2024\/05\/19-Letela-husicka.mp3?_=2\" \/><a href=\"https:\/\/shop.petercernicka.eu\/wp-content\/uploads\/2024\/05\/19-Letela-husicka.mp3\">https:\/\/shop.petercernicka.eu\/wp-content\/uploads\/2024\/05\/19-Letela-husicka.mp3<\/a><\/audio><\/p>\n<p><audio class=\"wp-audio-shortcode\" id=\"audio-8267-3\" preload=\"none\" style=\"width: 100%;\" controls=\"controls\"><source type=\"audio\/mpeg\" src=\"https:\/\/shop.petercernicka.eu\/wp-content\/uploads\/2024\/05\/25-Nedaleko-mlyna-velka-hlbocina.mp3?_=3\" \/><a href=\"https:\/\/shop.petercernicka.eu\/wp-content\/uploads\/2024\/05\/25-Nedaleko-mlyna-velka-hlbocina.mp3\">https:\/\/shop.petercernicka.eu\/wp-content\/uploads\/2024\/05\/25-Nedaleko-mlyna-velka-hlbocina.mp3<\/a><\/audio><\/p>\n<p><audio class=\"wp-audio-shortcode\" id=\"audio-8267-4\" preload=\"none\" style=\"width: 100%;\" controls=\"controls\"><source type=\"audio\/mpeg\" src=\"https:\/\/shop.petercernicka.eu\/wp-content\/uploads\/2024\/05\/32-Za-tu-horu.mp3?_=4\" \/><a href=\"https:\/\/shop.petercernicka.eu\/wp-content\/uploads\/2024\/05\/32-Za-tu-horu.mp3\">https:\/\/shop.petercernicka.eu\/wp-content\/uploads\/2024\/05\/32-Za-tu-horu.mp3<\/a><\/audio><\/p>\n<p><audio class=\"wp-audio-shortcode\" id=\"audio-8267-5\" preload=\"none\" style=\"width: 100%;\" controls=\"controls\"><source type=\"audio\/mpeg\" src=\"https:\/\/shop.petercernicka.eu\/wp-content\/uploads\/2024\/05\/39-Studenska-halenka.mp3?_=5\" \/><a href=\"https:\/\/shop.petercernicka.eu\/wp-content\/uploads\/2024\/05\/39-Studenska-halenka.mp3\">https:\/\/shop.petercernicka.eu\/wp-content\/uploads\/2024\/05\/39-Studenska-halenka.mp3<\/a><\/audio><\/p>\n<p><audio class=\"wp-audio-shortcode\" id=\"audio-8267-6\" preload=\"none\" style=\"width: 100%;\" controls=\"controls\"><source type=\"audio\/mpeg\" src=\"https:\/\/shop.petercernicka.eu\/wp-content\/uploads\/2024\/05\/48-Uz-je-vecer.mp3?_=6\" \/><a href=\"https:\/\/shop.petercernicka.eu\/wp-content\/uploads\/2024\/05\/48-Uz-je-vecer.mp3\">https:\/\/shop.petercernicka.eu\/wp-content\/uploads\/2024\/05\/48-Uz-je-vecer.mp3<\/a><\/audio><\/li>\n<\/ul>","protected":false},"featured_media":8268,"comment_status":"closed","ping_status":"closed","template":"","meta":{"om_disable_all_campaigns":false},"product_brand":[],"product_cat":[1168,1135],"product_tag":[1188],"class_list":{"0":"post-8267","1":"product","2":"type-product","3":"status-publish","4":"has-post-thumbnail","6":"product_cat-noty","7":"product_cat-saxofonove-kvarteto","8":"product_tag-noty","10":"first","11":"outofstock","12":"sale","13":"taxable","14":"shipping-taxable","15":"purchasable","16":"product-type-simple"},"yoast_head":"<!-- This site is optimized with the Yoast SEO plugin v27.4 - https:\/\/yoast.com\/product\/yoast-seo-wordpress\/ -->\n<title>\u013dudov\u00e9 piesne \u2013 Saxofonov\u00e9 kvarteto (z\u00e1kladn\u00e9 mel\u00f3die) - Peter \u010cerni\u010dka | Noty | HUDOBN\u00c9 PODKLADY<\/title>\n<meta name=\"robots\" content=\"index, follow, max-snippet:-1, max-image-preview:large, max-video-preview:-1\" \/>\n<link rel=\"canonical\" href=\"https:\/\/shop.petercernicka.eu\/de\/shop\/saxofonove-kvarteto\/ludove-piesne-saxofonove-kvarteto-zakladne-melodie\/\" \/>\n<meta property=\"og:locale\" content=\"de_DE\" \/>\n<meta property=\"og:type\" content=\"article\" \/>\n<meta property=\"og:title\" content=\"\u013dudov\u00e9 piesne \u2013 Saxofonov\u00e9 kvarteto (z\u00e1kladn\u00e9 mel\u00f3die)\" \/>\n<meta property=\"og:description\" content=\"Noty \u013eudov\u00fdch piesn\u00ed pre saxofonov\u00e9 kvarteto.\" \/>\n<meta property=\"og:url\" content=\"https:\/\/shop.petercernicka.eu\/de\/shop\/saxofonove-kvarteto\/ludove-piesne-saxofonove-kvarteto-zakladne-melodie\/\" \/>\n<meta property=\"og:site_name\" content=\"Peter \u010cerni\u010dka | Noty | HUDOBN\u00c9 PODKLADY\" \/>\n<meta property=\"article:publisher\" content=\"https:\/\/www.facebook.com\/petercernickanoty\" \/>\n<meta property=\"article:modified_time\" content=\"2026-01-31T13:47:07+00:00\" \/>\n<meta property=\"og:image\" content=\"https:\/\/shop.petercernicka.eu\/wp-content\/uploads\/2024\/05\/Obalka-sax-kvarteto-www.notypredychovku.sk_.jpg\" \/>\n\t<meta property=\"og:image:width\" content=\"599\" \/>\n\t<meta property=\"og:image:height\" content=\"867\" \/>\n\t<meta property=\"og:image:type\" content=\"image\/jpeg\" \/>\n<meta name=\"twitter:card\" content=\"summary_large_image\" \/>\n<meta name=\"twitter:label1\" content=\"Gesch\u00e4tzte Lesezeit\" \/>\n\t<meta name=\"twitter:data1\" content=\"1\u00a0Minute\" \/>\n<script type=\"application\/ld+json\" class=\"yoast-schema-graph\">{\"@context\":\"https:\\\/\\\/schema.org\",\"@graph\":[{\"@type\":\"WebPage\",\"@id\":\"https:\\\/\\\/shop.petercernicka.eu\\\/shop\\\/saxofonove-kvarteto\\\/ludove-piesne-saxofonove-kvarteto-zakladne-melodie\\\/\",\"url\":\"https:\\\/\\\/shop.petercernicka.eu\\\/shop\\\/saxofonove-kvarteto\\\/ludove-piesne-saxofonove-kvarteto-zakladne-melodie\\\/\",\"name\":\"\u013dudov\u00e9 piesne \u2013 Saxofonov\u00e9 kvarteto (z\u00e1kladn\u00e9 mel\u00f3die) - Peter \u010cerni\u010dka | Noty | HUDOBN\u00c9 PODKLADY\",\"isPartOf\":{\"@id\":\"https:\\\/\\\/shop.petercernicka.eu\\\/#website\"},\"primaryImageOfPage\":{\"@id\":\"https:\\\/\\\/shop.petercernicka.eu\\\/shop\\\/saxofonove-kvarteto\\\/ludove-piesne-saxofonove-kvarteto-zakladne-melodie\\\/#primaryimage\"},\"image\":{\"@id\":\"https:\\\/\\\/shop.petercernicka.eu\\\/shop\\\/saxofonove-kvarteto\\\/ludove-piesne-saxofonove-kvarteto-zakladne-melodie\\\/#primaryimage\"},\"thumbnailUrl\":\"https:\\\/\\\/shop.petercernicka.eu\\\/wp-content\\\/uploads\\\/2024\\\/05\\\/Obalka-sax-kvarteto-www.notypredychovku.sk_.jpg\",\"datePublished\":\"2024-05-09T15:43:44+00:00\",\"dateModified\":\"2026-01-31T13:47:07+00:00\",\"breadcrumb\":{\"@id\":\"https:\\\/\\\/shop.petercernicka.eu\\\/shop\\\/saxofonove-kvarteto\\\/ludove-piesne-saxofonove-kvarteto-zakladne-melodie\\\/#breadcrumb\"},\"inLanguage\":\"de\",\"potentialAction\":[{\"@type\":\"ReadAction\",\"target\":[\"https:\\\/\\\/shop.petercernicka.eu\\\/shop\\\/saxofonove-kvarteto\\\/ludove-piesne-saxofonove-kvarteto-zakladne-melodie\\\/\"]}]},{\"@type\":\"ImageObject\",\"inLanguage\":\"de\",\"@id\":\"https:\\\/\\\/shop.petercernicka.eu\\\/shop\\\/saxofonove-kvarteto\\\/ludove-piesne-saxofonove-kvarteto-zakladne-melodie\\\/#primaryimage\",\"url\":\"https:\\\/\\\/shop.petercernicka.eu\\\/wp-content\\\/uploads\\\/2024\\\/05\\\/Obalka-sax-kvarteto-www.notypredychovku.sk_.jpg\",\"contentUrl\":\"https:\\\/\\\/shop.petercernicka.eu\\\/wp-content\\\/uploads\\\/2024\\\/05\\\/Obalka-sax-kvarteto-www.notypredychovku.sk_.jpg\",\"width\":599,\"height\":867},{\"@type\":\"BreadcrumbList\",\"@id\":\"https:\\\/\\\/shop.petercernicka.eu\\\/shop\\\/saxofonove-kvarteto\\\/ludove-piesne-saxofonove-kvarteto-zakladne-melodie\\\/#breadcrumb\",\"itemListElement\":[{\"@type\":\"ListItem\",\"position\":1,\"name\":\"Home\",\"item\":\"https:\\\/\\\/shop.petercernicka.eu\\\/\"},{\"@type\":\"ListItem\",\"position\":2,\"name\":\"Produkty\",\"item\":\"https:\\\/\\\/shop.petercernicka.eu\\\/obchod\\\/\"},{\"@type\":\"ListItem\",\"position\":3,\"name\":\"\u013dudov\u00e9 piesne \u2013 Saxofonov\u00e9 kvarteto (z\u00e1kladn\u00e9 mel\u00f3die)\"}]},{\"@type\":\"WebSite\",\"@id\":\"https:\\\/\\\/shop.petercernicka.eu\\\/#website\",\"url\":\"https:\\\/\\\/shop.petercernicka.eu\\\/\",\"name\":\"Peter \u010cerni\u010dka | Noty | HUDOBN\u00c9 PODKLADY\",\"description\":\"\u013eudov\u00e9 piesne, popul\u00e1rne \u0161l\u00e1gre, \u010desko-slovensk\u00e9 hity, cig\u00e1nske piesne, ewergreeny, viano\u010dn\u00e9 koledy\",\"potentialAction\":[{\"@type\":\"SearchAction\",\"target\":{\"@type\":\"EntryPoint\",\"urlTemplate\":\"https:\\\/\\\/shop.petercernicka.eu\\\/?s={search_term_string}\"},\"query-input\":{\"@type\":\"PropertyValueSpecification\",\"valueRequired\":true,\"valueName\":\"search_term_string\"}}],\"inLanguage\":\"de\"}]}<\/script>\n<!-- \/ Yoast SEO plugin. -->","yoast_head_json":{"title":"\u013dudov\u00e9 piesne \u2013 Saxofonov\u00e9 kvarteto (z\u00e1kladn\u00e9 mel\u00f3die) - Peter \u010cerni\u010dka | Noty | HUDOBN\u00c9 PODKLADY","robots":{"index":"index","follow":"follow","max-snippet":"max-snippet:-1","max-image-preview":"max-image-preview:large","max-video-preview":"max-video-preview:-1"},"canonical":"https:\/\/shop.petercernicka.eu\/de\/shop\/saxofonove-kvarteto\/ludove-piesne-saxofonove-kvarteto-zakladne-melodie\/","og_locale":"de_DE","og_type":"article","og_title":"\u013dudov\u00e9 piesne \u2013 Saxofonov\u00e9 kvarteto (z\u00e1kladn\u00e9 mel\u00f3die)","og_description":"Noty \u013eudov\u00fdch piesn\u00ed pre saxofonov\u00e9 kvarteto.","og_url":"https:\/\/shop.petercernicka.eu\/de\/shop\/saxofonove-kvarteto\/ludove-piesne-saxofonove-kvarteto-zakladne-melodie\/","og_site_name":"Peter \u010cerni\u010dka | Noty | HUDOBN\u00c9 PODKLADY","article_publisher":"https:\/\/www.facebook.com\/petercernickanoty","article_modified_time":"2026-01-31T13:47:07+00:00","og_image":[{"width":599,"height":867,"url":"https:\/\/shop.petercernicka.eu\/wp-content\/uploads\/2024\/05\/Obalka-sax-kvarteto-www.notypredychovku.sk_.jpg","type":"image\/jpeg"}],"twitter_card":"summary_large_image","twitter_misc":{"Gesch\u00e4tzte Lesezeit":"1\u00a0Minute"},"schema":{"@context":"https:\/\/schema.org","@graph":[{"@type":"WebPage","@id":"https:\/\/shop.petercernicka.eu\/shop\/saxofonove-kvarteto\/ludove-piesne-saxofonove-kvarteto-zakladne-melodie\/","url":"https:\/\/shop.petercernicka.eu\/shop\/saxofonove-kvarteto\/ludove-piesne-saxofonove-kvarteto-zakladne-melodie\/","name":"\u013dudov\u00e9 piesne \u2013 Saxofonov\u00e9 kvarteto (z\u00e1kladn\u00e9 mel\u00f3die) - Peter \u010cerni\u010dka | Noty | HUDOBN\u00c9 PODKLADY","isPartOf":{"@id":"https:\/\/shop.petercernicka.eu\/#website"},"primaryImageOfPage":{"@id":"https:\/\/shop.petercernicka.eu\/shop\/saxofonove-kvarteto\/ludove-piesne-saxofonove-kvarteto-zakladne-melodie\/#primaryimage"},"image":{"@id":"https:\/\/shop.petercernicka.eu\/shop\/saxofonove-kvarteto\/ludove-piesne-saxofonove-kvarteto-zakladne-melodie\/#primaryimage"},"thumbnailUrl":"https:\/\/shop.petercernicka.eu\/wp-content\/uploads\/2024\/05\/Obalka-sax-kvarteto-www.notypredychovku.sk_.jpg","datePublished":"2024-05-09T15:43:44+00:00","dateModified":"2026-01-31T13:47:07+00:00","breadcrumb":{"@id":"https:\/\/shop.petercernicka.eu\/shop\/saxofonove-kvarteto\/ludove-piesne-saxofonove-kvarteto-zakladne-melodie\/#breadcrumb"},"inLanguage":"de","potentialAction":[{"@type":"ReadAction","target":["https:\/\/shop.petercernicka.eu\/shop\/saxofonove-kvarteto\/ludove-piesne-saxofonove-kvarteto-zakladne-melodie\/"]}]},{"@type":"ImageObject","inLanguage":"de","@id":"https:\/\/shop.petercernicka.eu\/shop\/saxofonove-kvarteto\/ludove-piesne-saxofonove-kvarteto-zakladne-melodie\/#primaryimage","url":"https:\/\/shop.petercernicka.eu\/wp-content\/uploads\/2024\/05\/Obalka-sax-kvarteto-www.notypredychovku.sk_.jpg","contentUrl":"https:\/\/shop.petercernicka.eu\/wp-content\/uploads\/2024\/05\/Obalka-sax-kvarteto-www.notypredychovku.sk_.jpg","width":599,"height":867},{"@type":"BreadcrumbList","@id":"https:\/\/shop.petercernicka.eu\/shop\/saxofonove-kvarteto\/ludove-piesne-saxofonove-kvarteto-zakladne-melodie\/#breadcrumb","itemListElement":[{"@type":"ListItem","position":1,"name":"Home","item":"https:\/\/shop.petercernicka.eu\/"},{"@type":"ListItem","position":2,"name":"Produkty","item":"https:\/\/shop.petercernicka.eu\/obchod\/"},{"@type":"ListItem","position":3,"name":"\u013dudov\u00e9 piesne \u2013 Saxofonov\u00e9 kvarteto (z\u00e1kladn\u00e9 mel\u00f3die)"}]},{"@type":"WebSite","@id":"https:\/\/shop.petercernicka.eu\/#website","url":"https:\/\/shop.petercernicka.eu\/","name":"Peter \u010cerni\u010dka | Noty | HUDOBN\u00c9 PODKLADY","description":"Volkslieder, Schlager, Tschechoslowakische Schlager, Zigeunerlieder, Evergreens, Weihnachtslieder","potentialAction":[{"@type":"SearchAction","target":{"@type":"EntryPoint","urlTemplate":"https:\/\/shop.petercernicka.eu\/?s={search_term_string}"},"query-input":{"@type":"PropertyValueSpecification","valueRequired":true,"valueName":"search_term_string"}}],"inLanguage":"de"}]}},"_links":{"self":[{"href":"https:\/\/shop.petercernicka.eu\/de\/wp-json\/wp\/v2\/product\/8267","targetHints":{"allow":["GET"]}}],"collection":[{"href":"https:\/\/shop.petercernicka.eu\/de\/wp-json\/wp\/v2\/product"}],"about":[{"href":"https:\/\/shop.petercernicka.eu\/de\/wp-json\/wp\/v2\/types\/product"}],"replies":[{"embeddable":true,"href":"https:\/\/shop.petercernicka.eu\/de\/wp-json\/wp\/v2\/comments?post=8267"}],"wp:featuredmedia":[{"embeddable":true,"href":"https:\/\/shop.petercernicka.eu\/de\/wp-json\/wp\/v2\/media\/8268"}],"wp:attachment":[{"href":"https:\/\/shop.petercernicka.eu\/de\/wp-json\/wp\/v2\/media?parent=8267"}],"wp:term":[{"taxonomy":"product_brand","embeddable":true,"href":"https:\/\/shop.petercernicka.eu\/de\/wp-json\/wp\/v2\/product_brand?post=8267"},{"taxonomy":"product_cat","embeddable":true,"href":"https:\/\/shop.petercernicka.eu\/de\/wp-json\/wp\/v2\/product_cat?post=8267"},{"taxonomy":"product_tag","embeddable":true,"href":"https:\/\/shop.petercernicka.eu\/de\/wp-json\/wp\/v2\/product_tag?post=8267"}],"curies":[{"name":"wp","href":"https:\/\/api.w.org\/{rel}","templated":true}]}}