{"id":8245,"date":"2024-02-26T08:08:45","date_gmt":"2024-02-26T07:08:45","guid":{"rendered":"https:\/\/shop.petercernicka.eu\/?post_type=product&#038;p=8245"},"modified":"2026-01-31T14:47:11","modified_gmt":"2026-01-31T13:47:11","slug":"medzihry-knizka-do-lyry-pdf","status":"publish","type":"product","link":"https:\/\/shop.petercernicka.eu\/de\/shop\/dychova-hudba\/medzihry-knizka-do-lyry-pdf\/","title":{"rendered":"Medzihry &#8211; kn\u00ed\u017eka do l\u00fdry PDF"},"content":{"rendered":"<ul>\n<li><span style=\"color: #000000;\">PDF kn\u00ed\u017eka do l\u00fdry.<\/span><\/li>\n<li><span style=\"color: #000000;\">40 polkov\u00fdch medzihier (10ks F, 10ks B, 10ks Eb, 10ks As)<\/span><\/li>\n<li><span style=\"color: #000000;\">40 val\u010d\u00edkov\u00fdch medzihier (10ks F, 10ks B, 10ks Eb, 10ks As)<\/span><\/li>\n<\/ul>","protected":false},"excerpt":{"rendered":"<ul>\n<li><span style=\"color: #000000;\">PDF kn\u00ed\u017eka do l\u00fdry.<\/span><\/li>\n<li><span style=\"color: #000000;\">40 polkov\u00fdch medzihier (10ks F, 10ks B, 10ks Eb, 10ks As)<\/span><\/li>\n<li><span style=\"color: #000000;\">40 val\u010d\u00edkov\u00fdch medzihier (10ks F, 10ks B, 10ks Eb, 10ks As)<\/span><\/li>\n<li>V\u00fdber r\u00f4znych variantov<\/li>\n<\/ul>","protected":false},"featured_media":8246,"comment_status":"closed","ping_status":"closed","template":"","meta":{"om_disable_all_campaigns":false},"product_brand":[],"product_cat":[36,1168],"product_tag":[1133,31,1188],"class_list":{"0":"post-8245","1":"product","2":"type-product","3":"status-publish","4":"has-post-thumbnail","6":"product_cat-dychova-hudba","7":"product_cat-noty","8":"product_tag-medzihra","9":"product_tag-medzihry","10":"product_tag-noty","12":"first","13":"outofstock","14":"taxable","15":"shipping-taxable","16":"purchasable","17":"product-type-variable"},"yoast_head":"<!-- This site is optimized with the Yoast SEO plugin v27.4 - https:\/\/yoast.com\/product\/yoast-seo-wordpress\/ -->\n<title>Medzihry - kn\u00ed\u017eka do l\u00fdry PDF - Peter \u010cerni\u010dka | Noty | HUDOBN\u00c9 PODKLADY<\/title>\n<meta name=\"description\" content=\"40 polkov\u00fdch a 40 val\u010d\u00edkov\u00fdch medzihier pre dychov\u00e9 n\u00e1stroje. T\u00f3nina: F,B,Es,Ab. Varianty: tr\u00fabka-tr\u00fabka, tr\u00fabka-tenor, tenor-baryt\u00f3n, alt sax- tenor sax\" \/>\n<meta name=\"robots\" content=\"index, follow, max-snippet:-1, max-image-preview:large, max-video-preview:-1\" \/>\n<link rel=\"canonical\" href=\"https:\/\/shop.petercernicka.eu\/de\/shop\/dychova-hudba\/medzihry-knizka-do-lyry-pdf\/\" \/>\n<meta property=\"og:locale\" content=\"de_DE\" \/>\n<meta property=\"og:type\" content=\"article\" \/>\n<meta property=\"og:title\" content=\"Medzihry pre dychov\u00e9 n\u00e1stroje\" \/>\n<meta property=\"og:description\" content=\"40 polkov\u00fdch a 40 val\u010d\u00edkov\u00fdch medzihier pre dychov\u00e9 n\u00e1stroje. T\u00f3nina: F,B,Es,Ab. Varianty: tr\u00fabka-tr\u00fabka, tr\u00fabka-tenor, tenor-baryt\u00f3n, alt sax- tenor sax\" \/>\n<meta property=\"og:url\" content=\"https:\/\/shop.petercernicka.eu\/de\/shop\/dychova-hudba\/medzihry-knizka-do-lyry-pdf\/\" \/>\n<meta property=\"og:site_name\" content=\"Peter \u010cerni\u010dka | Noty | HUDOBN\u00c9 PODKLADY\" \/>\n<meta property=\"article:publisher\" content=\"https:\/\/www.facebook.com\/petercernickanoty\" \/>\n<meta property=\"article:modified_time\" content=\"2026-01-31T13:47:11+00:00\" \/>\n<meta property=\"og:image\" content=\"https:\/\/shop.petercernicka.eu\/wp-content\/uploads\/2024\/02\/MEDZIHRY.jpg\" \/>\n\t<meta property=\"og:image:width\" content=\"600\" \/>\n\t<meta property=\"og:image:height\" content=\"900\" \/>\n\t<meta property=\"og:image:type\" content=\"image\/jpeg\" \/>\n<meta name=\"twitter:card\" content=\"summary_large_image\" \/>\n<script type=\"application\/ld+json\" class=\"yoast-schema-graph\">{\"@context\":\"https:\\\/\\\/schema.org\",\"@graph\":[{\"@type\":\"WebPage\",\"@id\":\"https:\\\/\\\/shop.petercernicka.eu\\\/shop\\\/dychova-hudba\\\/medzihry-knizka-do-lyry-pdf\\\/\",\"url\":\"https:\\\/\\\/shop.petercernicka.eu\\\/shop\\\/dychova-hudba\\\/medzihry-knizka-do-lyry-pdf\\\/\",\"name\":\"Medzihry - kn\u00ed\u017eka do l\u00fdry PDF - Peter \u010cerni\u010dka | Noty | HUDOBN\u00c9 PODKLADY\",\"isPartOf\":{\"@id\":\"https:\\\/\\\/shop.petercernicka.eu\\\/#website\"},\"primaryImageOfPage\":{\"@id\":\"https:\\\/\\\/shop.petercernicka.eu\\\/shop\\\/dychova-hudba\\\/medzihry-knizka-do-lyry-pdf\\\/#primaryimage\"},\"image\":{\"@id\":\"https:\\\/\\\/shop.petercernicka.eu\\\/shop\\\/dychova-hudba\\\/medzihry-knizka-do-lyry-pdf\\\/#primaryimage\"},\"thumbnailUrl\":\"https:\\\/\\\/shop.petercernicka.eu\\\/wp-content\\\/uploads\\\/2024\\\/02\\\/MEDZIHRY.jpg\",\"datePublished\":\"2024-02-26T07:08:45+00:00\",\"dateModified\":\"2026-01-31T13:47:11+00:00\",\"description\":\"40 polkov\u00fdch a 40 val\u010d\u00edkov\u00fdch medzihier pre dychov\u00e9 n\u00e1stroje. T\u00f3nina: F,B,Es,Ab. Varianty: tr\u00fabka-tr\u00fabka, tr\u00fabka-tenor, tenor-baryt\u00f3n, alt sax- tenor sax\",\"breadcrumb\":{\"@id\":\"https:\\\/\\\/shop.petercernicka.eu\\\/shop\\\/dychova-hudba\\\/medzihry-knizka-do-lyry-pdf\\\/#breadcrumb\"},\"inLanguage\":\"de\",\"potentialAction\":[{\"@type\":\"ReadAction\",\"target\":[\"https:\\\/\\\/shop.petercernicka.eu\\\/shop\\\/dychova-hudba\\\/medzihry-knizka-do-lyry-pdf\\\/\"]}]},{\"@type\":\"ImageObject\",\"inLanguage\":\"de\",\"@id\":\"https:\\\/\\\/shop.petercernicka.eu\\\/shop\\\/dychova-hudba\\\/medzihry-knizka-do-lyry-pdf\\\/#primaryimage\",\"url\":\"https:\\\/\\\/shop.petercernicka.eu\\\/wp-content\\\/uploads\\\/2024\\\/02\\\/MEDZIHRY.jpg\",\"contentUrl\":\"https:\\\/\\\/shop.petercernicka.eu\\\/wp-content\\\/uploads\\\/2024\\\/02\\\/MEDZIHRY.jpg\",\"width\":600,\"height\":900},{\"@type\":\"BreadcrumbList\",\"@id\":\"https:\\\/\\\/shop.petercernicka.eu\\\/shop\\\/dychova-hudba\\\/medzihry-knizka-do-lyry-pdf\\\/#breadcrumb\",\"itemListElement\":[{\"@type\":\"ListItem\",\"position\":1,\"name\":\"Home\",\"item\":\"https:\\\/\\\/shop.petercernicka.eu\\\/\"},{\"@type\":\"ListItem\",\"position\":2,\"name\":\"Produkty\",\"item\":\"https:\\\/\\\/shop.petercernicka.eu\\\/obchod\\\/\"},{\"@type\":\"ListItem\",\"position\":3,\"name\":\"Medzihry &#8211; kn\u00ed\u017eka do l\u00fdry PDF\"}]},{\"@type\":\"WebSite\",\"@id\":\"https:\\\/\\\/shop.petercernicka.eu\\\/#website\",\"url\":\"https:\\\/\\\/shop.petercernicka.eu\\\/\",\"name\":\"Peter \u010cerni\u010dka | Noty | HUDOBN\u00c9 PODKLADY\",\"description\":\"\u013eudov\u00e9 piesne, popul\u00e1rne \u0161l\u00e1gre, \u010desko-slovensk\u00e9 hity, cig\u00e1nske piesne, ewergreeny, viano\u010dn\u00e9 koledy\",\"potentialAction\":[{\"@type\":\"SearchAction\",\"target\":{\"@type\":\"EntryPoint\",\"urlTemplate\":\"https:\\\/\\\/shop.petercernicka.eu\\\/?s={search_term_string}\"},\"query-input\":{\"@type\":\"PropertyValueSpecification\",\"valueRequired\":true,\"valueName\":\"search_term_string\"}}],\"inLanguage\":\"de\"}]}<\/script>\n<!-- \/ Yoast SEO plugin. -->","yoast_head_json":{"title":"Medzihry - kn\u00ed\u017eka do l\u00fdry PDF - Peter \u010cerni\u010dka | Noty | HUDOBN\u00c9 PODKLADY","description":"40 polkov\u00fdch a 40 val\u010d\u00edkov\u00fdch medzihier pre dychov\u00e9 n\u00e1stroje. T\u00f3nina: F,B,Es,Ab. Varianty: tr\u00fabka-tr\u00fabka, tr\u00fabka-tenor, tenor-baryt\u00f3n, alt sax- tenor sax","robots":{"index":"index","follow":"follow","max-snippet":"max-snippet:-1","max-image-preview":"max-image-preview:large","max-video-preview":"max-video-preview:-1"},"canonical":"https:\/\/shop.petercernicka.eu\/de\/shop\/dychova-hudba\/medzihry-knizka-do-lyry-pdf\/","og_locale":"de_DE","og_type":"article","og_title":"Medzihry pre dychov\u00e9 n\u00e1stroje","og_description":"40 polkov\u00fdch a 40 val\u010d\u00edkov\u00fdch medzihier pre dychov\u00e9 n\u00e1stroje. T\u00f3nina: F,B,Es,Ab. Varianty: tr\u00fabka-tr\u00fabka, tr\u00fabka-tenor, tenor-baryt\u00f3n, alt sax- tenor sax","og_url":"https:\/\/shop.petercernicka.eu\/de\/shop\/dychova-hudba\/medzihry-knizka-do-lyry-pdf\/","og_site_name":"Peter \u010cerni\u010dka | Noty | HUDOBN\u00c9 PODKLADY","article_publisher":"https:\/\/www.facebook.com\/petercernickanoty","article_modified_time":"2026-01-31T13:47:11+00:00","og_image":[{"width":600,"height":900,"url":"https:\/\/shop.petercernicka.eu\/wp-content\/uploads\/2024\/02\/MEDZIHRY.jpg","type":"image\/jpeg"}],"twitter_card":"summary_large_image","schema":{"@context":"https:\/\/schema.org","@graph":[{"@type":"WebPage","@id":"https:\/\/shop.petercernicka.eu\/shop\/dychova-hudba\/medzihry-knizka-do-lyry-pdf\/","url":"https:\/\/shop.petercernicka.eu\/shop\/dychova-hudba\/medzihry-knizka-do-lyry-pdf\/","name":"Medzihry - kn\u00ed\u017eka do l\u00fdry PDF - Peter \u010cerni\u010dka | Noty | HUDOBN\u00c9 PODKLADY","isPartOf":{"@id":"https:\/\/shop.petercernicka.eu\/#website"},"primaryImageOfPage":{"@id":"https:\/\/shop.petercernicka.eu\/shop\/dychova-hudba\/medzihry-knizka-do-lyry-pdf\/#primaryimage"},"image":{"@id":"https:\/\/shop.petercernicka.eu\/shop\/dychova-hudba\/medzihry-knizka-do-lyry-pdf\/#primaryimage"},"thumbnailUrl":"https:\/\/shop.petercernicka.eu\/wp-content\/uploads\/2024\/02\/MEDZIHRY.jpg","datePublished":"2024-02-26T07:08:45+00:00","dateModified":"2026-01-31T13:47:11+00:00","description":"40 polkov\u00fdch a 40 val\u010d\u00edkov\u00fdch medzihier pre dychov\u00e9 n\u00e1stroje. T\u00f3nina: F,B,Es,Ab. Varianty: tr\u00fabka-tr\u00fabka, tr\u00fabka-tenor, tenor-baryt\u00f3n, alt sax- tenor sax","breadcrumb":{"@id":"https:\/\/shop.petercernicka.eu\/shop\/dychova-hudba\/medzihry-knizka-do-lyry-pdf\/#breadcrumb"},"inLanguage":"de","potentialAction":[{"@type":"ReadAction","target":["https:\/\/shop.petercernicka.eu\/shop\/dychova-hudba\/medzihry-knizka-do-lyry-pdf\/"]}]},{"@type":"ImageObject","inLanguage":"de","@id":"https:\/\/shop.petercernicka.eu\/shop\/dychova-hudba\/medzihry-knizka-do-lyry-pdf\/#primaryimage","url":"https:\/\/shop.petercernicka.eu\/wp-content\/uploads\/2024\/02\/MEDZIHRY.jpg","contentUrl":"https:\/\/shop.petercernicka.eu\/wp-content\/uploads\/2024\/02\/MEDZIHRY.jpg","width":600,"height":900},{"@type":"BreadcrumbList","@id":"https:\/\/shop.petercernicka.eu\/shop\/dychova-hudba\/medzihry-knizka-do-lyry-pdf\/#breadcrumb","itemListElement":[{"@type":"ListItem","position":1,"name":"Home","item":"https:\/\/shop.petercernicka.eu\/"},{"@type":"ListItem","position":2,"name":"Produkty","item":"https:\/\/shop.petercernicka.eu\/obchod\/"},{"@type":"ListItem","position":3,"name":"Medzihry &#8211; kn\u00ed\u017eka do l\u00fdry PDF"}]},{"@type":"WebSite","@id":"https:\/\/shop.petercernicka.eu\/#website","url":"https:\/\/shop.petercernicka.eu\/","name":"Peter \u010cerni\u010dka | Noty | HUDOBN\u00c9 PODKLADY","description":"Volkslieder, Schlager, Tschechoslowakische Schlager, Zigeunerlieder, Evergreens, Weihnachtslieder","potentialAction":[{"@type":"SearchAction","target":{"@type":"EntryPoint","urlTemplate":"https:\/\/shop.petercernicka.eu\/?s={search_term_string}"},"query-input":{"@type":"PropertyValueSpecification","valueRequired":true,"valueName":"search_term_string"}}],"inLanguage":"de"}]}},"_links":{"self":[{"href":"https:\/\/shop.petercernicka.eu\/de\/wp-json\/wp\/v2\/product\/8245","targetHints":{"allow":["GET"]}}],"collection":[{"href":"https:\/\/shop.petercernicka.eu\/de\/wp-json\/wp\/v2\/product"}],"about":[{"href":"https:\/\/shop.petercernicka.eu\/de\/wp-json\/wp\/v2\/types\/product"}],"replies":[{"embeddable":true,"href":"https:\/\/shop.petercernicka.eu\/de\/wp-json\/wp\/v2\/comments?post=8245"}],"wp:featuredmedia":[{"embeddable":true,"href":"https:\/\/shop.petercernicka.eu\/de\/wp-json\/wp\/v2\/media\/8246"}],"wp:attachment":[{"href":"https:\/\/shop.petercernicka.eu\/de\/wp-json\/wp\/v2\/media?parent=8245"}],"wp:term":[{"taxonomy":"product_brand","embeddable":true,"href":"https:\/\/shop.petercernicka.eu\/de\/wp-json\/wp\/v2\/product_brand?post=8245"},{"taxonomy":"product_cat","embeddable":true,"href":"https:\/\/shop.petercernicka.eu\/de\/wp-json\/wp\/v2\/product_cat?post=8245"},{"taxonomy":"product_tag","embeddable":true,"href":"https:\/\/shop.petercernicka.eu\/de\/wp-json\/wp\/v2\/product_tag?post=8245"}],"curies":[{"name":"wp","href":"https:\/\/api.w.org\/{rel}","templated":true}]}}