{"id":8168,"date":"2024-02-21T19:58:06","date_gmt":"2024-02-21T18:58:06","guid":{"rendered":"https:\/\/shop.petercernicka.eu\/?post_type=product&#038;p=8168"},"modified":"2026-01-31T14:47:08","modified_gmt":"2026-01-31T13:47:08","slug":"zrps-pavol-hammel","status":"publish","type":"product","link":"https:\/\/shop.petercernicka.eu\/de\/shop\/dychova-hudba\/zrps-pavol-hammel\/","title":{"rendered":"ZRP\u0160 &#8211; Pavol Hammel"},"content":{"rendered":"<p><strong>ZRP\u0160<\/strong><\/p>\n<p>&nbsp;<\/p>\n<p>V\u00fdborn\u00e1 k\u013e\u00fa\u010d od kr\u00e1snych pr\u00e1zdnin<br \/>\nV\u00fdborn\u00e1 t\u00e1 zn\u00e1mka detsk\u00fdch snov<br \/>\nPr\u00edli\u0161 vz\u00e1cny v\u00fdskyt v riadkoch \u017eiackej kni\u017eky V\u00fdborn\u00e1<br \/>\nAk, tak z\u00a0telocviku m\u00e1va zvl\u00e1\u0161tnu pr\u00edchu\u0165 V\u00fdborn\u00e1<\/p>\n<p>Priatelia t\u00ed v\u017edy pri sebe st\u00e1li,<br \/>\nPriatelia t\u00ed mali svoj tajn\u00fd k\u00f3d<br \/>\nF\u00fazy dejate\u013eom z\u00e1pas s vlastn\u00fdm telom Priatelia<br \/>\nV\u00e1\u017enos\u0165 prvej zbierky kr\u00e1sny \u00fasmev Vierky z piatej A<\/p>\n<p>&nbsp;<\/p>\n<p><strong>\/:Pri poslednom litri v\u00edna ka\u017ed\u00fd r\u00e1d si zaspom\u00edna<br \/>\nNa ten \u010das pomal\u00fd, \u010das mal\u00edn<br \/>\nTeraz sme u\u017e zdru\u017een\u00ed v rodi\u010dovskom zdru\u017een\u00cd<br \/>\nRodi\u010dov a priate\u013eov na\u0161ich \u0161k\u00f4l :\/<\/strong><\/p>\n<p><strong>\u00a0<\/strong><\/p>\n<p>V\u00fdborn\u00e1 k\u013e\u00fa\u010d od kr\u00e1snych pr\u00e1zdnin<br \/>\nV\u00fdborn\u00e1 t\u00e1 zn\u00e1mka detsk\u00fdch snov<br \/>\nZn\u00e1ma biela kostra st\u00e1le m\u00e1tal postrach triednych kn\u00edh<br \/>\nFaj\u010dil na z\u00e1chode bude z neho vrah a\u00a0zlodej Z\u00e1letn\u00edk<\/p>\n<p>&nbsp;<\/p>\n<p>Diev\u010dat\u00e1 tie pri n\u00e1s v\u017edy st\u00e1li<br \/>\nDiev\u010dat\u00e1 poznali n\u00e1\u0161 tajn\u00fd k\u00f3d<br \/>\nL\u00e1ska na v\u00fdlete v\u00fdprask v kabinete nebol\u00ed<br \/>\nK\u00fdm sme st\u00e1li v\u00a0k\u00fate hrial n\u00e1s v du\u0161i \u00fatek do pol\u00ed<\/p>\n<p>&nbsp;<\/p>\n<p><strong>\/:Pri poslednom litri v\u00edna ka\u017ed\u00fd r\u00e1d si zaspom\u00edna<br \/>\nNa ten \u010das pomal\u00fd, \u010das mal\u00edn<br \/>\nTeraz sme u\u017e zdru\u017een\u00ed v rodi\u010dovskom zdru\u017een\u00ed<br \/>\nRodi\u010dov a priate\u013eov na\u0161ich \u0161k\u00f4l:<\/strong><\/p>\n<p>&nbsp;<\/p>","protected":false},"excerpt":{"rendered":"<p><audio class=\"wp-audio-shortcode\" id=\"audio-8168-1\" preload=\"none\" style=\"width: 100%;\" controls=\"controls\"><source type=\"audio\/mpeg\" src=\"https:\/\/shop.petercernicka.eu\/wp-content\/uploads\/2024\/02\/ZRPS.mp3?_=1\" \/><a href=\"https:\/\/shop.petercernicka.eu\/wp-content\/uploads\/2024\/02\/ZRPS.mp3\">https:\/\/shop.petercernicka.eu\/wp-content\/uploads\/2024\/02\/ZRPS.mp3<\/a><\/audio><\/p>","protected":false},"featured_media":8221,"comment_status":"closed","ping_status":"closed","template":"","meta":{"om_disable_all_campaigns":false},"product_brand":[],"product_cat":[36,1168],"product_tag":[1188,1127,1126],"class_list":{"0":"post-8168","1":"product","2":"type-product","3":"status-publish","4":"has-post-thumbnail","6":"product_cat-dychova-hudba","7":"product_cat-noty","8":"product_tag-noty","9":"product_tag-pavol-hammel","10":"product_tag-zrps","12":"first","13":"outofstock","14":"downloadable","15":"virtual","16":"taxable","17":"purchasable","18":"product-type-simple"},"yoast_head":"<!-- This site is optimized with the Yoast SEO plugin v27.4 - https:\/\/yoast.com\/product\/yoast-seo-wordpress\/ -->\n<title>ZRP\u0160 - Pavol Hammel - Peter \u010cerni\u010dka | Noty | HUDOBN\u00c9 PODKLADY<\/title>\n<meta name=\"robots\" content=\"index, follow, max-snippet:-1, max-image-preview:large, max-video-preview:-1\" \/>\n<link rel=\"canonical\" href=\"https:\/\/shop.petercernicka.eu\/de\/shop\/dychova-hudba\/zrps-pavol-hammel\/\" \/>\n<meta property=\"og:locale\" content=\"de_DE\" \/>\n<meta property=\"og:type\" content=\"article\" \/>\n<meta property=\"og:title\" content=\"ZRP\u0160 - Pavol Hammel - Noty pre dychovku\" \/>\n<meta property=\"og:url\" content=\"https:\/\/shop.petercernicka.eu\/de\/shop\/dychova-hudba\/zrps-pavol-hammel\/\" \/>\n<meta property=\"og:site_name\" content=\"Peter \u010cerni\u010dka | Noty | HUDOBN\u00c9 PODKLADY\" \/>\n<meta property=\"article:publisher\" content=\"https:\/\/www.facebook.com\/petercernickanoty\" \/>\n<meta property=\"article:modified_time\" content=\"2026-01-31T13:47:08+00:00\" \/>\n<meta property=\"og:image\" content=\"https:\/\/shop.petercernicka.eu\/wp-content\/uploads\/2024\/02\/ZRPS-Pavol-Hammel-1.jpg\" \/>\n\t<meta property=\"og:image:width\" content=\"599\" \/>\n\t<meta property=\"og:image:height\" content=\"867\" \/>\n\t<meta property=\"og:image:type\" content=\"image\/jpeg\" \/>\n<meta name=\"twitter:card\" content=\"summary_large_image\" \/>\n<meta name=\"twitter:description\" content=\"[audio mp3=&quot;https:\/\/shop.petercernicka.eu\/wp-content\/uploads\/2024\/02\/ZRPS.mp3&quot;][\/audio]\" \/>\n<meta name=\"twitter:label1\" content=\"Gesch\u00e4tzte Lesezeit\" \/>\n\t<meta name=\"twitter:data1\" content=\"1\u00a0Minute\" \/>\n<script type=\"application\/ld+json\" class=\"yoast-schema-graph\">{\"@context\":\"https:\\\/\\\/schema.org\",\"@graph\":[{\"@type\":\"WebPage\",\"@id\":\"https:\\\/\\\/shop.petercernicka.eu\\\/shop\\\/dychova-hudba\\\/zrps-pavol-hammel\\\/\",\"url\":\"https:\\\/\\\/shop.petercernicka.eu\\\/shop\\\/dychova-hudba\\\/zrps-pavol-hammel\\\/\",\"name\":\"ZRP\u0160 - Pavol Hammel - Peter \u010cerni\u010dka | Noty | HUDOBN\u00c9 PODKLADY\",\"isPartOf\":{\"@id\":\"https:\\\/\\\/shop.petercernicka.eu\\\/#website\"},\"primaryImageOfPage\":{\"@id\":\"https:\\\/\\\/shop.petercernicka.eu\\\/shop\\\/dychova-hudba\\\/zrps-pavol-hammel\\\/#primaryimage\"},\"image\":{\"@id\":\"https:\\\/\\\/shop.petercernicka.eu\\\/shop\\\/dychova-hudba\\\/zrps-pavol-hammel\\\/#primaryimage\"},\"thumbnailUrl\":\"https:\\\/\\\/shop.petercernicka.eu\\\/wp-content\\\/uploads\\\/2024\\\/02\\\/ZRPS-Pavol-Hammel-1.jpg\",\"datePublished\":\"2024-02-21T18:58:06+00:00\",\"dateModified\":\"2026-01-31T13:47:08+00:00\",\"breadcrumb\":{\"@id\":\"https:\\\/\\\/shop.petercernicka.eu\\\/shop\\\/dychova-hudba\\\/zrps-pavol-hammel\\\/#breadcrumb\"},\"inLanguage\":\"de\",\"potentialAction\":[{\"@type\":\"ReadAction\",\"target\":[\"https:\\\/\\\/shop.petercernicka.eu\\\/shop\\\/dychova-hudba\\\/zrps-pavol-hammel\\\/\"]}]},{\"@type\":\"ImageObject\",\"inLanguage\":\"de\",\"@id\":\"https:\\\/\\\/shop.petercernicka.eu\\\/shop\\\/dychova-hudba\\\/zrps-pavol-hammel\\\/#primaryimage\",\"url\":\"https:\\\/\\\/shop.petercernicka.eu\\\/wp-content\\\/uploads\\\/2024\\\/02\\\/ZRPS-Pavol-Hammel-1.jpg\",\"contentUrl\":\"https:\\\/\\\/shop.petercernicka.eu\\\/wp-content\\\/uploads\\\/2024\\\/02\\\/ZRPS-Pavol-Hammel-1.jpg\",\"width\":599,\"height\":867},{\"@type\":\"BreadcrumbList\",\"@id\":\"https:\\\/\\\/shop.petercernicka.eu\\\/shop\\\/dychova-hudba\\\/zrps-pavol-hammel\\\/#breadcrumb\",\"itemListElement\":[{\"@type\":\"ListItem\",\"position\":1,\"name\":\"Home\",\"item\":\"https:\\\/\\\/shop.petercernicka.eu\\\/\"},{\"@type\":\"ListItem\",\"position\":2,\"name\":\"Produkty\",\"item\":\"https:\\\/\\\/shop.petercernicka.eu\\\/obchod\\\/\"},{\"@type\":\"ListItem\",\"position\":3,\"name\":\"ZRP\u0160 &#8211; Pavol Hammel\"}]},{\"@type\":\"WebSite\",\"@id\":\"https:\\\/\\\/shop.petercernicka.eu\\\/#website\",\"url\":\"https:\\\/\\\/shop.petercernicka.eu\\\/\",\"name\":\"Peter \u010cerni\u010dka | Noty | HUDOBN\u00c9 PODKLADY\",\"description\":\"\u013eudov\u00e9 piesne, popul\u00e1rne \u0161l\u00e1gre, \u010desko-slovensk\u00e9 hity, cig\u00e1nske piesne, ewergreeny, viano\u010dn\u00e9 koledy\",\"potentialAction\":[{\"@type\":\"SearchAction\",\"target\":{\"@type\":\"EntryPoint\",\"urlTemplate\":\"https:\\\/\\\/shop.petercernicka.eu\\\/?s={search_term_string}\"},\"query-input\":{\"@type\":\"PropertyValueSpecification\",\"valueRequired\":true,\"valueName\":\"search_term_string\"}}],\"inLanguage\":\"de\"}]}<\/script>\n<!-- \/ Yoast SEO plugin. -->","yoast_head_json":{"title":"ZRP\u0160 - Pavol Hammel - Peter \u010cerni\u010dka | Noty | HUDOBN\u00c9 PODKLADY","robots":{"index":"index","follow":"follow","max-snippet":"max-snippet:-1","max-image-preview":"max-image-preview:large","max-video-preview":"max-video-preview:-1"},"canonical":"https:\/\/shop.petercernicka.eu\/de\/shop\/dychova-hudba\/zrps-pavol-hammel\/","og_locale":"de_DE","og_type":"article","og_title":"ZRP\u0160 - Pavol Hammel - Noty pre dychovku","og_url":"https:\/\/shop.petercernicka.eu\/de\/shop\/dychova-hudba\/zrps-pavol-hammel\/","og_site_name":"Peter \u010cerni\u010dka | Noty | HUDOBN\u00c9 PODKLADY","article_publisher":"https:\/\/www.facebook.com\/petercernickanoty","article_modified_time":"2026-01-31T13:47:08+00:00","og_image":[{"width":599,"height":867,"url":"https:\/\/shop.petercernicka.eu\/wp-content\/uploads\/2024\/02\/ZRPS-Pavol-Hammel-1.jpg","type":"image\/jpeg"}],"twitter_card":"summary_large_image","twitter_description":"[audio mp3=\"https:\/\/shop.petercernicka.eu\/wp-content\/uploads\/2024\/02\/ZRPS.mp3\"][\/audio]","twitter_misc":{"Gesch\u00e4tzte Lesezeit":"1\u00a0Minute"},"schema":{"@context":"https:\/\/schema.org","@graph":[{"@type":"WebPage","@id":"https:\/\/shop.petercernicka.eu\/shop\/dychova-hudba\/zrps-pavol-hammel\/","url":"https:\/\/shop.petercernicka.eu\/shop\/dychova-hudba\/zrps-pavol-hammel\/","name":"ZRP\u0160 - Pavol Hammel - Peter \u010cerni\u010dka | Noty | HUDOBN\u00c9 PODKLADY","isPartOf":{"@id":"https:\/\/shop.petercernicka.eu\/#website"},"primaryImageOfPage":{"@id":"https:\/\/shop.petercernicka.eu\/shop\/dychova-hudba\/zrps-pavol-hammel\/#primaryimage"},"image":{"@id":"https:\/\/shop.petercernicka.eu\/shop\/dychova-hudba\/zrps-pavol-hammel\/#primaryimage"},"thumbnailUrl":"https:\/\/shop.petercernicka.eu\/wp-content\/uploads\/2024\/02\/ZRPS-Pavol-Hammel-1.jpg","datePublished":"2024-02-21T18:58:06+00:00","dateModified":"2026-01-31T13:47:08+00:00","breadcrumb":{"@id":"https:\/\/shop.petercernicka.eu\/shop\/dychova-hudba\/zrps-pavol-hammel\/#breadcrumb"},"inLanguage":"de","potentialAction":[{"@type":"ReadAction","target":["https:\/\/shop.petercernicka.eu\/shop\/dychova-hudba\/zrps-pavol-hammel\/"]}]},{"@type":"ImageObject","inLanguage":"de","@id":"https:\/\/shop.petercernicka.eu\/shop\/dychova-hudba\/zrps-pavol-hammel\/#primaryimage","url":"https:\/\/shop.petercernicka.eu\/wp-content\/uploads\/2024\/02\/ZRPS-Pavol-Hammel-1.jpg","contentUrl":"https:\/\/shop.petercernicka.eu\/wp-content\/uploads\/2024\/02\/ZRPS-Pavol-Hammel-1.jpg","width":599,"height":867},{"@type":"BreadcrumbList","@id":"https:\/\/shop.petercernicka.eu\/shop\/dychova-hudba\/zrps-pavol-hammel\/#breadcrumb","itemListElement":[{"@type":"ListItem","position":1,"name":"Home","item":"https:\/\/shop.petercernicka.eu\/"},{"@type":"ListItem","position":2,"name":"Produkty","item":"https:\/\/shop.petercernicka.eu\/obchod\/"},{"@type":"ListItem","position":3,"name":"ZRP\u0160 &#8211; Pavol Hammel"}]},{"@type":"WebSite","@id":"https:\/\/shop.petercernicka.eu\/#website","url":"https:\/\/shop.petercernicka.eu\/","name":"Peter \u010cerni\u010dka | Noty | HUDOBN\u00c9 PODKLADY","description":"Volkslieder, Schlager, Tschechoslowakische Schlager, Zigeunerlieder, Evergreens, Weihnachtslieder","potentialAction":[{"@type":"SearchAction","target":{"@type":"EntryPoint","urlTemplate":"https:\/\/shop.petercernicka.eu\/?s={search_term_string}"},"query-input":{"@type":"PropertyValueSpecification","valueRequired":true,"valueName":"search_term_string"}}],"inLanguage":"de"}]}},"_links":{"self":[{"href":"https:\/\/shop.petercernicka.eu\/de\/wp-json\/wp\/v2\/product\/8168","targetHints":{"allow":["GET"]}}],"collection":[{"href":"https:\/\/shop.petercernicka.eu\/de\/wp-json\/wp\/v2\/product"}],"about":[{"href":"https:\/\/shop.petercernicka.eu\/de\/wp-json\/wp\/v2\/types\/product"}],"replies":[{"embeddable":true,"href":"https:\/\/shop.petercernicka.eu\/de\/wp-json\/wp\/v2\/comments?post=8168"}],"wp:featuredmedia":[{"embeddable":true,"href":"https:\/\/shop.petercernicka.eu\/de\/wp-json\/wp\/v2\/media\/8221"}],"wp:attachment":[{"href":"https:\/\/shop.petercernicka.eu\/de\/wp-json\/wp\/v2\/media?parent=8168"}],"wp:term":[{"taxonomy":"product_brand","embeddable":true,"href":"https:\/\/shop.petercernicka.eu\/de\/wp-json\/wp\/v2\/product_brand?post=8168"},{"taxonomy":"product_cat","embeddable":true,"href":"https:\/\/shop.petercernicka.eu\/de\/wp-json\/wp\/v2\/product_cat?post=8168"},{"taxonomy":"product_tag","embeddable":true,"href":"https:\/\/shop.petercernicka.eu\/de\/wp-json\/wp\/v2\/product_tag?post=8168"}],"curies":[{"name":"wp","href":"https:\/\/api.w.org\/{rel}","templated":true}]}}