{"id":7864,"date":"2023-09-23T21:13:48","date_gmt":"2023-09-23T19:13:48","guid":{"rendered":"https:\/\/shop.petercernicka.eu\/?post_type=product&#038;p=7864"},"modified":"2026-01-31T14:47:09","modified_gmt":"2026-01-31T13:47:09","slug":"vianocne-popularne-piesne","status":"publish","type":"product","link":"https:\/\/shop.petercernicka.eu\/de\/shop\/dychova-hudba\/vianocne-popularne-piesne\/","title":{"rendered":"Viano\u010dn\u00e9 popul\u00e1rne piesne"},"content":{"rendered":"<p><span style=\"font-size: 14pt; color: #000000;\">1. Ka\u017ed\u00fd de\u0148 bud\u00fa vraj Vianoce<\/span><br \/>\n<span style=\"font-size: 14pt; color: #000000;\">2 \u0160\u0165astn\u00e9 a vesel\u00e9 &#8211; D. Mirgov\u00e1<\/span><br \/>\n<span style=\"font-size: 14pt; color: #000000;\">3. Pulno\u010dni &#8211; V. Neckar<\/span><br \/>\n<span style=\"font-size: 14pt; color: #000000;\">4. Tri orie\u0161ky pre popolu\u0161ku<\/span><br \/>\n<span style=\"font-size: 14pt; color: #000000;\">5. \u0160\u0165astn\u00e9 a vesel\u00e9 &#8211; Mari\u00e1n \u010cekovsk\u00fd<\/span><\/p>","protected":false},"excerpt":{"rendered":"<p>1. Ka\u017ed\u00fd de\u0148 bud\u00fa vraj Vianoce 2 \u0160\u0165astn\u00e9 a vesel\u00e9 &#8211; D. Mirgov\u00e1 3. Pulno\u010dni &#8211; V. Neckar 4. Tri orie\u0161ky pre popolu\u0161ku 5. \u0160\u0165astn\u00e9 a vesel\u00e9 &#8211; Mari\u00e1n \u010cekovsk\u00fd<\/p>","protected":false},"featured_media":7865,"comment_status":"closed","ping_status":"closed","template":"","meta":{"om_disable_all_campaigns":false},"product_brand":[],"product_cat":[36,1168],"product_tag":[1188,1088],"class_list":{"0":"post-7864","1":"product","2":"type-product","3":"status-publish","4":"has-post-thumbnail","6":"product_cat-dychova-hudba","7":"product_cat-noty","8":"product_tag-noty","9":"product_tag-vianocne-koledy","11":"first","12":"outofstock","13":"sale","14":"taxable","15":"shipping-taxable","16":"purchasable","17":"product-type-simple"},"yoast_head":"<!-- This site is optimized with the Yoast SEO plugin v27.4 - https:\/\/yoast.com\/product\/yoast-seo-wordpress\/ -->\n<title>Viano\u010dn\u00e9 popul\u00e1rne piesne - Peter \u010cerni\u010dka | Noty | HUDOBN\u00c9 PODKLADY<\/title>\n<meta name=\"description\" content=\"Zn\u00e1me popul\u00e1rne viano\u010dn\u00e9 piesne v \u00faprave pre dychov\u00fa hudbu. Ka\u017ed\u00fd de\u0148 bud\u00fa vraj Vianoce, \u0160\u0165astn\u00e9 a vesel\u00e9, Pulno\u010dni, Tri orie\u0161ky pre popolu\u0161ku\" \/>\n<meta name=\"robots\" content=\"index, follow, max-snippet:-1, max-image-preview:large, max-video-preview:-1\" \/>\n<link rel=\"canonical\" href=\"https:\/\/shop.petercernicka.eu\/de\/shop\/dychova-hudba\/vianocne-popularne-piesne\/\" \/>\n<meta property=\"og:locale\" content=\"de_DE\" \/>\n<meta property=\"og:type\" content=\"article\" \/>\n<meta property=\"og:title\" content=\"Viano\u010dn\u00e9 popul\u00e1rne piesne\" \/>\n<meta property=\"og:description\" content=\"Zn\u00e1me popul\u00e1rne viano\u010dn\u00e9 piesne v \u00faprave pre dychov\u00fa hudbu. Ka\u017ed\u00fd de\u0148 bud\u00fa vraj Vianoce, \u0160\u0165astn\u00e9 a vesel\u00e9, Pulno\u010dni, Tri orie\u0161ky pre popolu\u0161ku\" \/>\n<meta property=\"og:url\" content=\"https:\/\/shop.petercernicka.eu\/de\/shop\/dychova-hudba\/vianocne-popularne-piesne\/\" \/>\n<meta property=\"og:site_name\" content=\"Peter \u010cerni\u010dka | Noty | HUDOBN\u00c9 PODKLADY\" \/>\n<meta property=\"article:publisher\" content=\"https:\/\/www.facebook.com\/petercernickanoty\" \/>\n<meta property=\"article:modified_time\" content=\"2026-01-31T13:47:09+00:00\" \/>\n<meta property=\"og:image\" content=\"https:\/\/shop.petercernicka.eu\/wp-content\/uploads\/2023\/09\/Vianocne-piesne-noty-pre-dychovku.jpeg\" \/>\n\t<meta property=\"og:image:width\" content=\"900\" \/>\n\t<meta property=\"og:image:height\" content=\"1350\" \/>\n\t<meta property=\"og:image:type\" content=\"image\/jpeg\" \/>\n<meta name=\"twitter:card\" content=\"summary_large_image\" \/>\n<script type=\"application\/ld+json\" class=\"yoast-schema-graph\">{\"@context\":\"https:\\\/\\\/schema.org\",\"@graph\":[{\"@type\":\"WebPage\",\"@id\":\"https:\\\/\\\/shop.petercernicka.eu\\\/shop\\\/dychova-hudba\\\/vianocne-popularne-piesne\\\/\",\"url\":\"https:\\\/\\\/shop.petercernicka.eu\\\/shop\\\/dychova-hudba\\\/vianocne-popularne-piesne\\\/\",\"name\":\"Viano\u010dn\u00e9 popul\u00e1rne piesne - Peter \u010cerni\u010dka | Noty | HUDOBN\u00c9 PODKLADY\",\"isPartOf\":{\"@id\":\"https:\\\/\\\/shop.petercernicka.eu\\\/#website\"},\"primaryImageOfPage\":{\"@id\":\"https:\\\/\\\/shop.petercernicka.eu\\\/shop\\\/dychova-hudba\\\/vianocne-popularne-piesne\\\/#primaryimage\"},\"image\":{\"@id\":\"https:\\\/\\\/shop.petercernicka.eu\\\/shop\\\/dychova-hudba\\\/vianocne-popularne-piesne\\\/#primaryimage\"},\"thumbnailUrl\":\"https:\\\/\\\/shop.petercernicka.eu\\\/wp-content\\\/uploads\\\/2023\\\/09\\\/Vianocne-piesne-noty-pre-dychovku.jpeg\",\"datePublished\":\"2023-09-23T19:13:48+00:00\",\"dateModified\":\"2026-01-31T13:47:09+00:00\",\"description\":\"Zn\u00e1me popul\u00e1rne viano\u010dn\u00e9 piesne v \u00faprave pre dychov\u00fa hudbu. Ka\u017ed\u00fd de\u0148 bud\u00fa vraj Vianoce, \u0160\u0165astn\u00e9 a vesel\u00e9, Pulno\u010dni, Tri orie\u0161ky pre popolu\u0161ku\",\"breadcrumb\":{\"@id\":\"https:\\\/\\\/shop.petercernicka.eu\\\/shop\\\/dychova-hudba\\\/vianocne-popularne-piesne\\\/#breadcrumb\"},\"inLanguage\":\"de\",\"potentialAction\":[{\"@type\":\"ReadAction\",\"target\":[\"https:\\\/\\\/shop.petercernicka.eu\\\/shop\\\/dychova-hudba\\\/vianocne-popularne-piesne\\\/\"]}]},{\"@type\":\"ImageObject\",\"inLanguage\":\"de\",\"@id\":\"https:\\\/\\\/shop.petercernicka.eu\\\/shop\\\/dychova-hudba\\\/vianocne-popularne-piesne\\\/#primaryimage\",\"url\":\"https:\\\/\\\/shop.petercernicka.eu\\\/wp-content\\\/uploads\\\/2023\\\/09\\\/Vianocne-piesne-noty-pre-dychovku.jpeg\",\"contentUrl\":\"https:\\\/\\\/shop.petercernicka.eu\\\/wp-content\\\/uploads\\\/2023\\\/09\\\/Vianocne-piesne-noty-pre-dychovku.jpeg\",\"width\":900,\"height\":1350},{\"@type\":\"BreadcrumbList\",\"@id\":\"https:\\\/\\\/shop.petercernicka.eu\\\/shop\\\/dychova-hudba\\\/vianocne-popularne-piesne\\\/#breadcrumb\",\"itemListElement\":[{\"@type\":\"ListItem\",\"position\":1,\"name\":\"Home\",\"item\":\"https:\\\/\\\/shop.petercernicka.eu\\\/\"},{\"@type\":\"ListItem\",\"position\":2,\"name\":\"Produkty\",\"item\":\"https:\\\/\\\/shop.petercernicka.eu\\\/obchod\\\/\"},{\"@type\":\"ListItem\",\"position\":3,\"name\":\"Viano\u010dn\u00e9 popul\u00e1rne piesne\"}]},{\"@type\":\"WebSite\",\"@id\":\"https:\\\/\\\/shop.petercernicka.eu\\\/#website\",\"url\":\"https:\\\/\\\/shop.petercernicka.eu\\\/\",\"name\":\"Peter \u010cerni\u010dka | Noty | HUDOBN\u00c9 PODKLADY\",\"description\":\"\u013eudov\u00e9 piesne, popul\u00e1rne \u0161l\u00e1gre, \u010desko-slovensk\u00e9 hity, cig\u00e1nske piesne, ewergreeny, viano\u010dn\u00e9 koledy\",\"potentialAction\":[{\"@type\":\"SearchAction\",\"target\":{\"@type\":\"EntryPoint\",\"urlTemplate\":\"https:\\\/\\\/shop.petercernicka.eu\\\/?s={search_term_string}\"},\"query-input\":{\"@type\":\"PropertyValueSpecification\",\"valueRequired\":true,\"valueName\":\"search_term_string\"}}],\"inLanguage\":\"de\"}]}<\/script>\n<!-- \/ Yoast SEO plugin. -->","yoast_head_json":{"title":"Viano\u010dn\u00e9 popul\u00e1rne piesne - Peter \u010cerni\u010dka | Noty | HUDOBN\u00c9 PODKLADY","description":"Zn\u00e1me popul\u00e1rne viano\u010dn\u00e9 piesne v \u00faprave pre dychov\u00fa hudbu. Ka\u017ed\u00fd de\u0148 bud\u00fa vraj Vianoce, \u0160\u0165astn\u00e9 a vesel\u00e9, Pulno\u010dni, Tri orie\u0161ky pre popolu\u0161ku","robots":{"index":"index","follow":"follow","max-snippet":"max-snippet:-1","max-image-preview":"max-image-preview:large","max-video-preview":"max-video-preview:-1"},"canonical":"https:\/\/shop.petercernicka.eu\/de\/shop\/dychova-hudba\/vianocne-popularne-piesne\/","og_locale":"de_DE","og_type":"article","og_title":"Viano\u010dn\u00e9 popul\u00e1rne piesne","og_description":"Zn\u00e1me popul\u00e1rne viano\u010dn\u00e9 piesne v \u00faprave pre dychov\u00fa hudbu. Ka\u017ed\u00fd de\u0148 bud\u00fa vraj Vianoce, \u0160\u0165astn\u00e9 a vesel\u00e9, Pulno\u010dni, Tri orie\u0161ky pre popolu\u0161ku","og_url":"https:\/\/shop.petercernicka.eu\/de\/shop\/dychova-hudba\/vianocne-popularne-piesne\/","og_site_name":"Peter \u010cerni\u010dka | Noty | HUDOBN\u00c9 PODKLADY","article_publisher":"https:\/\/www.facebook.com\/petercernickanoty","article_modified_time":"2026-01-31T13:47:09+00:00","og_image":[{"width":900,"height":1350,"url":"https:\/\/shop.petercernicka.eu\/wp-content\/uploads\/2023\/09\/Vianocne-piesne-noty-pre-dychovku.jpeg","type":"image\/jpeg"}],"twitter_card":"summary_large_image","schema":{"@context":"https:\/\/schema.org","@graph":[{"@type":"WebPage","@id":"https:\/\/shop.petercernicka.eu\/shop\/dychova-hudba\/vianocne-popularne-piesne\/","url":"https:\/\/shop.petercernicka.eu\/shop\/dychova-hudba\/vianocne-popularne-piesne\/","name":"Viano\u010dn\u00e9 popul\u00e1rne piesne - Peter \u010cerni\u010dka | Noty | HUDOBN\u00c9 PODKLADY","isPartOf":{"@id":"https:\/\/shop.petercernicka.eu\/#website"},"primaryImageOfPage":{"@id":"https:\/\/shop.petercernicka.eu\/shop\/dychova-hudba\/vianocne-popularne-piesne\/#primaryimage"},"image":{"@id":"https:\/\/shop.petercernicka.eu\/shop\/dychova-hudba\/vianocne-popularne-piesne\/#primaryimage"},"thumbnailUrl":"https:\/\/shop.petercernicka.eu\/wp-content\/uploads\/2023\/09\/Vianocne-piesne-noty-pre-dychovku.jpeg","datePublished":"2023-09-23T19:13:48+00:00","dateModified":"2026-01-31T13:47:09+00:00","description":"Zn\u00e1me popul\u00e1rne viano\u010dn\u00e9 piesne v \u00faprave pre dychov\u00fa hudbu. Ka\u017ed\u00fd de\u0148 bud\u00fa vraj Vianoce, \u0160\u0165astn\u00e9 a vesel\u00e9, Pulno\u010dni, Tri orie\u0161ky pre popolu\u0161ku","breadcrumb":{"@id":"https:\/\/shop.petercernicka.eu\/shop\/dychova-hudba\/vianocne-popularne-piesne\/#breadcrumb"},"inLanguage":"de","potentialAction":[{"@type":"ReadAction","target":["https:\/\/shop.petercernicka.eu\/shop\/dychova-hudba\/vianocne-popularne-piesne\/"]}]},{"@type":"ImageObject","inLanguage":"de","@id":"https:\/\/shop.petercernicka.eu\/shop\/dychova-hudba\/vianocne-popularne-piesne\/#primaryimage","url":"https:\/\/shop.petercernicka.eu\/wp-content\/uploads\/2023\/09\/Vianocne-piesne-noty-pre-dychovku.jpeg","contentUrl":"https:\/\/shop.petercernicka.eu\/wp-content\/uploads\/2023\/09\/Vianocne-piesne-noty-pre-dychovku.jpeg","width":900,"height":1350},{"@type":"BreadcrumbList","@id":"https:\/\/shop.petercernicka.eu\/shop\/dychova-hudba\/vianocne-popularne-piesne\/#breadcrumb","itemListElement":[{"@type":"ListItem","position":1,"name":"Home","item":"https:\/\/shop.petercernicka.eu\/"},{"@type":"ListItem","position":2,"name":"Produkty","item":"https:\/\/shop.petercernicka.eu\/obchod\/"},{"@type":"ListItem","position":3,"name":"Viano\u010dn\u00e9 popul\u00e1rne piesne"}]},{"@type":"WebSite","@id":"https:\/\/shop.petercernicka.eu\/#website","url":"https:\/\/shop.petercernicka.eu\/","name":"Peter \u010cerni\u010dka | Noty | HUDOBN\u00c9 PODKLADY","description":"Volkslieder, Schlager, Tschechoslowakische Schlager, Zigeunerlieder, Evergreens, Weihnachtslieder","potentialAction":[{"@type":"SearchAction","target":{"@type":"EntryPoint","urlTemplate":"https:\/\/shop.petercernicka.eu\/?s={search_term_string}"},"query-input":{"@type":"PropertyValueSpecification","valueRequired":true,"valueName":"search_term_string"}}],"inLanguage":"de"}]}},"_links":{"self":[{"href":"https:\/\/shop.petercernicka.eu\/de\/wp-json\/wp\/v2\/product\/7864","targetHints":{"allow":["GET"]}}],"collection":[{"href":"https:\/\/shop.petercernicka.eu\/de\/wp-json\/wp\/v2\/product"}],"about":[{"href":"https:\/\/shop.petercernicka.eu\/de\/wp-json\/wp\/v2\/types\/product"}],"replies":[{"embeddable":true,"href":"https:\/\/shop.petercernicka.eu\/de\/wp-json\/wp\/v2\/comments?post=7864"}],"wp:featuredmedia":[{"embeddable":true,"href":"https:\/\/shop.petercernicka.eu\/de\/wp-json\/wp\/v2\/media\/7865"}],"wp:attachment":[{"href":"https:\/\/shop.petercernicka.eu\/de\/wp-json\/wp\/v2\/media?parent=7864"}],"wp:term":[{"taxonomy":"product_brand","embeddable":true,"href":"https:\/\/shop.petercernicka.eu\/de\/wp-json\/wp\/v2\/product_brand?post=7864"},{"taxonomy":"product_cat","embeddable":true,"href":"https:\/\/shop.petercernicka.eu\/de\/wp-json\/wp\/v2\/product_cat?post=7864"},{"taxonomy":"product_tag","embeddable":true,"href":"https:\/\/shop.petercernicka.eu\/de\/wp-json\/wp\/v2\/product_tag?post=7864"}],"curies":[{"name":"wp","href":"https:\/\/api.w.org\/{rel}","templated":true}]}}