{"id":7662,"date":"2023-04-20T17:09:30","date_gmt":"2023-04-20T15:09:30","guid":{"rendered":"https:\/\/shop.petercernicka.eu\/?post_type=product&#038;p=7662"},"modified":"2026-01-31T14:47:09","modified_gmt":"2026-01-31T13:47:09","slug":"v-posumavskem-kraji","status":"publish","type":"product","link":"https:\/\/shop.petercernicka.eu\/de\/shop\/mala-partia\/v-posumavskem-kraji\/","title":{"rendered":"V po\u0161umavsk\u00e9m kraji"},"content":{"rendered":"<pre><span style=\"font-family: georgia, palatino, serif; font-size: 14pt; color: #000000;\">V po\u0161umavsk\u00e9m kraji je mal\u00e1 vesni\u010dka,<\/span>\r\n<span style=\"font-family: georgia, palatino, serif; font-size: 14pt; color: #000000;\">\/: lou\u010dil se tam Jen\u00edk s milou,<\/span>\r\n<span style=\"font-family: georgia, palatino, serif; font-size: 14pt; color: #000000;\">plakala Ani\u010dka.:\/<\/span>\r\n\r\n<span style=\"font-family: georgia, palatino, serif; font-size: 14pt; color: #000000;\">Nepla\u010d, m\u00e1 Ani\u010dko, o to j\u00e1 t\u011b pros\u00edm,<\/span>\r\n<span style=\"font-family: georgia, palatino, serif; font-size: 14pt; color: #000000;\">\/:a\u017e j\u00e1 si tu vojnu odbydu,<\/span>\r\n<span style=\"font-family: georgia, palatino, serif; font-size: 14pt; color: #000000;\">k tob\u011b se navr\u00e1t\u00edm.:\/<\/span>\r\n\r\n<span style=\"font-family: georgia, palatino, serif; font-size: 14pt; color: #000000;\">Nesm\u011bla Ani\u010dka, nesm\u011bla \u010dekati,<\/span>\r\n<span style=\"font-family: georgia, palatino, serif; font-size: 14pt; color: #000000;\">\/:bohat\u00e9mu ji vnutili,<\/span>\r\n<span style=\"font-family: georgia, palatino, serif; font-size: 14pt; color: #000000;\">musela se vd\u00e1ti.:\/<\/span>\r\n\r\n<span style=\"font-family: georgia, palatino, serif; font-size: 14pt; color: #000000;\">V tom nov\u00e9m man\u017eelstv\u00ed \u0161\u0165astn\u00e1 moc nebyla,<\/span>\r\n<span style=\"font-family: georgia, palatino, serif; font-size: 14pt; color: #000000;\">\/:ne\u017e se rok s rokem se\u0161el,<\/span>\r\n<span style=\"font-family: georgia, palatino, serif; font-size: 14pt; color: #000000;\">hrana ji zvonila.:\/<\/span>\r\n\r\n<span style=\"font-family: georgia, palatino, serif; font-size: 14pt; color: #000000;\">Jen\u00ed\u010dek se vr\u00e1til, hledal svou Ani\u010dku,<\/span>\r\n<span style=\"font-family: georgia, palatino, serif; font-size: 14pt; color: #000000;\">\/:smutn\u011b kr\u00e1\u010d\u00ed po h\u0159bitov\u011b,<\/span>\r\n<span style=\"font-family: georgia, palatino, serif; font-size: 14pt; color: #000000;\">\u010dte n\u00e1pis na k\u0159\u00ed\u017eku.:\/<\/span>\r\n\r\n<span style=\"font-family: georgia, palatino, serif; font-size: 14pt; color: #000000;\">Co jste to rodi\u010de, co jste to d\u011blali,<\/span>\r\n<span style=\"font-family: georgia, palatino, serif; font-size: 14pt; color: #000000;\">\/:\u017ee jste moj\u00ed Anduli\u010dku<\/span>\r\n<span style=\"font-family: georgia, palatino, serif; font-size: 14pt; color: #000000;\">zem\u0159\u00edti nechali.:\/<\/span>\r\n\r\n<span style=\"font-family: georgia, palatino, serif; font-size: 14pt; color: #000000;\">V h\u00e1je\u010dku zelen\u00e9m roste plno kv\u00edt\u00ed,<\/span>\r\n<span style=\"font-family: georgia, palatino, serif; font-size: 14pt; color: #000000;\">\/:le\u017e\u00ed tam Jen\u00edk s Ani\u010dkou,<\/span>\r\n<span style=\"font-family: georgia, palatino, serif; font-size: 14pt; color: #000000;\">slunce na n\u011b sv\u00edt\u00ed.:\/<\/span><\/pre>","protected":false},"excerpt":{"rendered":"<p>V po\u0161umavsk\u00e9m kraji je mal\u00e1 vesni\u010dka, \/: lou\u010dil se tam Jen\u00edk s milou, plakala Ani\u010dka.:\/ Nepla\u010d, m\u00e1 Ani\u010dko, o to j\u00e1 t\u011b pros\u00edm, \/:a\u017e j\u00e1 si tu vojnu odbydu, k tob\u011b se navr\u00e1t\u00edm.:\/ Nesm\u011bla Ani\u010dka, nesm\u011bla \u010dekati, \/:bohat\u00e9mu ji vnutili, musela se [&hellip;]<\/p>\n","protected":false},"featured_media":7664,"comment_status":"closed","ping_status":"closed","template":"","meta":{"om_disable_all_campaigns":false},"product_brand":[],"product_cat":[40,1168],"product_tag":[1084,1188],"class_list":{"0":"post-7662","1":"product","2":"type-product","3":"status-publish","4":"has-post-thumbnail","6":"product_cat-mala-partia","7":"product_cat-noty","8":"product_tag-mala-partia","9":"product_tag-noty","11":"first","12":"outofstock","13":"downloadable","14":"virtual","15":"taxable","16":"purchasable","17":"product-type-simple"},"yoast_head":"<!-- This site is optimized with the Yoast SEO plugin v27.4 - https:\/\/yoast.com\/product\/yoast-seo-wordpress\/ -->\n<title>V po\u0161umavsk\u00e9m kraji - Peter \u010cerni\u010dka | Noty | HUDOBN\u00c9 PODKLADY<\/title>\n<meta name=\"description\" content=\"Noty pre mal\u00fa partiu N\u00e1strojov\u00e9 obsadenie: Kr\u00eddlovka, Tenor, Akorde\u00f3n, Tuba, Bicie. S mo\u017enos\u0165ou dop\u00edsa\u0165 aj in\u00e9 n\u00e1stroje. Pr\u00edpadne vytvori\u0165 zmes skladieb\" \/>\n<meta name=\"robots\" content=\"index, follow, max-snippet:-1, max-image-preview:large, max-video-preview:-1\" \/>\n<link rel=\"canonical\" href=\"https:\/\/shop.petercernicka.eu\/de\/shop\/mala-partia\/v-posumavskem-kraji\/\" \/>\n<meta property=\"og:locale\" content=\"de_DE\" \/>\n<meta property=\"og:type\" content=\"article\" \/>\n<meta property=\"og:title\" content=\"V po\u0161umavsk\u00e9m kraji - noty pre mal\u00fa partiu\" \/>\n<meta property=\"og:description\" content=\"Noty pre mal\u00fa partiu N\u00e1strojov\u00e9 obsadenie: Kr\u00eddlovka, Tenor, Akorde\u00f3n, Tuba, Bicie. S mo\u017enos\u0165ou dop\u00edsa\u0165 aj in\u00e9 n\u00e1stroje. Pr\u00edpadne vytvori\u0165 zmes skladieb\" \/>\n<meta property=\"og:url\" content=\"https:\/\/shop.petercernicka.eu\/de\/shop\/mala-partia\/v-posumavskem-kraji\/\" \/>\n<meta property=\"og:site_name\" content=\"Peter \u010cerni\u010dka | Noty | HUDOBN\u00c9 PODKLADY\" \/>\n<meta property=\"article:publisher\" content=\"https:\/\/www.facebook.com\/petercernickanoty\" \/>\n<meta property=\"article:modified_time\" content=\"2026-01-31T13:47:09+00:00\" \/>\n<meta property=\"og:image\" content=\"https:\/\/shop.petercernicka.eu\/wp-content\/uploads\/2023\/04\/V-posumavskem-kraji-Parts_page-0001-1.jpg\" \/>\n\t<meta property=\"og:image:width\" content=\"1240\" \/>\n\t<meta property=\"og:image:height\" content=\"1755\" \/>\n\t<meta property=\"og:image:type\" content=\"image\/jpeg\" \/>\n<meta name=\"twitter:card\" content=\"summary_large_image\" \/>\n<meta name=\"twitter:label1\" content=\"Gesch\u00e4tzte Lesezeit\" \/>\n\t<meta name=\"twitter:data1\" content=\"1\u00a0Minute\" \/>\n<script type=\"application\/ld+json\" class=\"yoast-schema-graph\">{\"@context\":\"https:\\\/\\\/schema.org\",\"@graph\":[{\"@type\":\"WebPage\",\"@id\":\"https:\\\/\\\/shop.petercernicka.eu\\\/shop\\\/mala-partia\\\/v-posumavskem-kraji\\\/\",\"url\":\"https:\\\/\\\/shop.petercernicka.eu\\\/shop\\\/mala-partia\\\/v-posumavskem-kraji\\\/\",\"name\":\"V po\u0161umavsk\u00e9m kraji - Peter \u010cerni\u010dka | Noty | HUDOBN\u00c9 PODKLADY\",\"isPartOf\":{\"@id\":\"https:\\\/\\\/shop.petercernicka.eu\\\/#website\"},\"primaryImageOfPage\":{\"@id\":\"https:\\\/\\\/shop.petercernicka.eu\\\/shop\\\/mala-partia\\\/v-posumavskem-kraji\\\/#primaryimage\"},\"image\":{\"@id\":\"https:\\\/\\\/shop.petercernicka.eu\\\/shop\\\/mala-partia\\\/v-posumavskem-kraji\\\/#primaryimage\"},\"thumbnailUrl\":\"https:\\\/\\\/shop.petercernicka.eu\\\/wp-content\\\/uploads\\\/2023\\\/04\\\/V-posumavskem-kraji-Parts_page-0001-1.jpg\",\"datePublished\":\"2023-04-20T15:09:30+00:00\",\"dateModified\":\"2026-01-31T13:47:09+00:00\",\"description\":\"Noty pre mal\u00fa partiu N\u00e1strojov\u00e9 obsadenie: Kr\u00eddlovka, Tenor, Akorde\u00f3n, Tuba, Bicie. S mo\u017enos\u0165ou dop\u00edsa\u0165 aj in\u00e9 n\u00e1stroje. Pr\u00edpadne vytvori\u0165 zmes skladieb\",\"breadcrumb\":{\"@id\":\"https:\\\/\\\/shop.petercernicka.eu\\\/shop\\\/mala-partia\\\/v-posumavskem-kraji\\\/#breadcrumb\"},\"inLanguage\":\"de\",\"potentialAction\":[{\"@type\":\"ReadAction\",\"target\":[\"https:\\\/\\\/shop.petercernicka.eu\\\/shop\\\/mala-partia\\\/v-posumavskem-kraji\\\/\"]}]},{\"@type\":\"ImageObject\",\"inLanguage\":\"de\",\"@id\":\"https:\\\/\\\/shop.petercernicka.eu\\\/shop\\\/mala-partia\\\/v-posumavskem-kraji\\\/#primaryimage\",\"url\":\"https:\\\/\\\/shop.petercernicka.eu\\\/wp-content\\\/uploads\\\/2023\\\/04\\\/V-posumavskem-kraji-Parts_page-0001-1.jpg\",\"contentUrl\":\"https:\\\/\\\/shop.petercernicka.eu\\\/wp-content\\\/uploads\\\/2023\\\/04\\\/V-posumavskem-kraji-Parts_page-0001-1.jpg\",\"width\":1240,\"height\":1755,\"caption\":\"V po\u0161umavskem kraji noty pro dechovku\"},{\"@type\":\"BreadcrumbList\",\"@id\":\"https:\\\/\\\/shop.petercernicka.eu\\\/shop\\\/mala-partia\\\/v-posumavskem-kraji\\\/#breadcrumb\",\"itemListElement\":[{\"@type\":\"ListItem\",\"position\":1,\"name\":\"Home\",\"item\":\"https:\\\/\\\/shop.petercernicka.eu\\\/\"},{\"@type\":\"ListItem\",\"position\":2,\"name\":\"Produkty\",\"item\":\"https:\\\/\\\/shop.petercernicka.eu\\\/obchod\\\/\"},{\"@type\":\"ListItem\",\"position\":3,\"name\":\"V po\u0161umavsk\u00e9m kraji\"}]},{\"@type\":\"WebSite\",\"@id\":\"https:\\\/\\\/shop.petercernicka.eu\\\/#website\",\"url\":\"https:\\\/\\\/shop.petercernicka.eu\\\/\",\"name\":\"Peter \u010cerni\u010dka | Noty | HUDOBN\u00c9 PODKLADY\",\"description\":\"\u013eudov\u00e9 piesne, popul\u00e1rne \u0161l\u00e1gre, \u010desko-slovensk\u00e9 hity, cig\u00e1nske piesne, ewergreeny, viano\u010dn\u00e9 koledy\",\"potentialAction\":[{\"@type\":\"SearchAction\",\"target\":{\"@type\":\"EntryPoint\",\"urlTemplate\":\"https:\\\/\\\/shop.petercernicka.eu\\\/?s={search_term_string}\"},\"query-input\":{\"@type\":\"PropertyValueSpecification\",\"valueRequired\":true,\"valueName\":\"search_term_string\"}}],\"inLanguage\":\"de\"}]}<\/script>\n<!-- \/ Yoast SEO plugin. -->","yoast_head_json":{"title":"V po\u0161umavsk\u00e9m kraji - Peter \u010cerni\u010dka | Noty | HUDOBN\u00c9 PODKLADY","description":"Noty pre mal\u00fa partiu N\u00e1strojov\u00e9 obsadenie: Kr\u00eddlovka, Tenor, Akorde\u00f3n, Tuba, Bicie. S mo\u017enos\u0165ou dop\u00edsa\u0165 aj in\u00e9 n\u00e1stroje. Pr\u00edpadne vytvori\u0165 zmes skladieb","robots":{"index":"index","follow":"follow","max-snippet":"max-snippet:-1","max-image-preview":"max-image-preview:large","max-video-preview":"max-video-preview:-1"},"canonical":"https:\/\/shop.petercernicka.eu\/de\/shop\/mala-partia\/v-posumavskem-kraji\/","og_locale":"de_DE","og_type":"article","og_title":"V po\u0161umavsk\u00e9m kraji - noty pre mal\u00fa partiu","og_description":"Noty pre mal\u00fa partiu N\u00e1strojov\u00e9 obsadenie: Kr\u00eddlovka, Tenor, Akorde\u00f3n, Tuba, Bicie. S mo\u017enos\u0165ou dop\u00edsa\u0165 aj in\u00e9 n\u00e1stroje. Pr\u00edpadne vytvori\u0165 zmes skladieb","og_url":"https:\/\/shop.petercernicka.eu\/de\/shop\/mala-partia\/v-posumavskem-kraji\/","og_site_name":"Peter \u010cerni\u010dka | Noty | HUDOBN\u00c9 PODKLADY","article_publisher":"https:\/\/www.facebook.com\/petercernickanoty","article_modified_time":"2026-01-31T13:47:09+00:00","og_image":[{"width":1240,"height":1755,"url":"https:\/\/shop.petercernicka.eu\/wp-content\/uploads\/2023\/04\/V-posumavskem-kraji-Parts_page-0001-1.jpg","type":"image\/jpeg"}],"twitter_card":"summary_large_image","twitter_misc":{"Gesch\u00e4tzte Lesezeit":"1\u00a0Minute"},"schema":{"@context":"https:\/\/schema.org","@graph":[{"@type":"WebPage","@id":"https:\/\/shop.petercernicka.eu\/shop\/mala-partia\/v-posumavskem-kraji\/","url":"https:\/\/shop.petercernicka.eu\/shop\/mala-partia\/v-posumavskem-kraji\/","name":"V po\u0161umavsk\u00e9m kraji - Peter \u010cerni\u010dka | Noty | HUDOBN\u00c9 PODKLADY","isPartOf":{"@id":"https:\/\/shop.petercernicka.eu\/#website"},"primaryImageOfPage":{"@id":"https:\/\/shop.petercernicka.eu\/shop\/mala-partia\/v-posumavskem-kraji\/#primaryimage"},"image":{"@id":"https:\/\/shop.petercernicka.eu\/shop\/mala-partia\/v-posumavskem-kraji\/#primaryimage"},"thumbnailUrl":"https:\/\/shop.petercernicka.eu\/wp-content\/uploads\/2023\/04\/V-posumavskem-kraji-Parts_page-0001-1.jpg","datePublished":"2023-04-20T15:09:30+00:00","dateModified":"2026-01-31T13:47:09+00:00","description":"Noty pre mal\u00fa partiu N\u00e1strojov\u00e9 obsadenie: Kr\u00eddlovka, Tenor, Akorde\u00f3n, Tuba, Bicie. S mo\u017enos\u0165ou dop\u00edsa\u0165 aj in\u00e9 n\u00e1stroje. Pr\u00edpadne vytvori\u0165 zmes skladieb","breadcrumb":{"@id":"https:\/\/shop.petercernicka.eu\/shop\/mala-partia\/v-posumavskem-kraji\/#breadcrumb"},"inLanguage":"de","potentialAction":[{"@type":"ReadAction","target":["https:\/\/shop.petercernicka.eu\/shop\/mala-partia\/v-posumavskem-kraji\/"]}]},{"@type":"ImageObject","inLanguage":"de","@id":"https:\/\/shop.petercernicka.eu\/shop\/mala-partia\/v-posumavskem-kraji\/#primaryimage","url":"https:\/\/shop.petercernicka.eu\/wp-content\/uploads\/2023\/04\/V-posumavskem-kraji-Parts_page-0001-1.jpg","contentUrl":"https:\/\/shop.petercernicka.eu\/wp-content\/uploads\/2023\/04\/V-posumavskem-kraji-Parts_page-0001-1.jpg","width":1240,"height":1755,"caption":"V po\u0161umavskem kraji noty pro dechovku"},{"@type":"BreadcrumbList","@id":"https:\/\/shop.petercernicka.eu\/shop\/mala-partia\/v-posumavskem-kraji\/#breadcrumb","itemListElement":[{"@type":"ListItem","position":1,"name":"Home","item":"https:\/\/shop.petercernicka.eu\/"},{"@type":"ListItem","position":2,"name":"Produkty","item":"https:\/\/shop.petercernicka.eu\/obchod\/"},{"@type":"ListItem","position":3,"name":"V po\u0161umavsk\u00e9m kraji"}]},{"@type":"WebSite","@id":"https:\/\/shop.petercernicka.eu\/#website","url":"https:\/\/shop.petercernicka.eu\/","name":"Peter \u010cerni\u010dka | Noty | HUDOBN\u00c9 PODKLADY","description":"Volkslieder, Schlager, Tschechoslowakische Schlager, Zigeunerlieder, Evergreens, Weihnachtslieder","potentialAction":[{"@type":"SearchAction","target":{"@type":"EntryPoint","urlTemplate":"https:\/\/shop.petercernicka.eu\/?s={search_term_string}"},"query-input":{"@type":"PropertyValueSpecification","valueRequired":true,"valueName":"search_term_string"}}],"inLanguage":"de"}]}},"_links":{"self":[{"href":"https:\/\/shop.petercernicka.eu\/de\/wp-json\/wp\/v2\/product\/7662","targetHints":{"allow":["GET"]}}],"collection":[{"href":"https:\/\/shop.petercernicka.eu\/de\/wp-json\/wp\/v2\/product"}],"about":[{"href":"https:\/\/shop.petercernicka.eu\/de\/wp-json\/wp\/v2\/types\/product"}],"replies":[{"embeddable":true,"href":"https:\/\/shop.petercernicka.eu\/de\/wp-json\/wp\/v2\/comments?post=7662"}],"wp:featuredmedia":[{"embeddable":true,"href":"https:\/\/shop.petercernicka.eu\/de\/wp-json\/wp\/v2\/media\/7664"}],"wp:attachment":[{"href":"https:\/\/shop.petercernicka.eu\/de\/wp-json\/wp\/v2\/media?parent=7662"}],"wp:term":[{"taxonomy":"product_brand","embeddable":true,"href":"https:\/\/shop.petercernicka.eu\/de\/wp-json\/wp\/v2\/product_brand?post=7662"},{"taxonomy":"product_cat","embeddable":true,"href":"https:\/\/shop.petercernicka.eu\/de\/wp-json\/wp\/v2\/product_cat?post=7662"},{"taxonomy":"product_tag","embeddable":true,"href":"https:\/\/shop.petercernicka.eu\/de\/wp-json\/wp\/v2\/product_tag?post=7662"}],"curies":[{"name":"wp","href":"https:\/\/api.w.org\/{rel}","templated":true}]}}