{"id":7658,"date":"2023-04-20T17:01:49","date_gmt":"2023-04-20T15:01:49","guid":{"rendered":"https:\/\/shop.petercernicka.eu\/?post_type=product&#038;p=7658"},"modified":"2026-01-31T14:47:10","modified_gmt":"2026-01-31T13:47:10","slug":"siroky-jsou-jihocesky-pole","status":"publish","type":"product","link":"https:\/\/shop.petercernicka.eu\/de\/shop\/mala-partia\/siroky-jsou-jihocesky-pole\/","title":{"rendered":"\u0160irok\u00fd jsou jiho\u010desk\u00fd pole"},"content":{"rendered":"<pre><span style=\"font-family: georgia, palatino, serif; font-size: 14pt; color: #000000;\">1.<\/span>\r\n<span style=\"font-family: georgia, palatino, serif; font-size: 14pt; color: #000000;\">\u0160irok\u00fd jsou jiho\u010desk\u00fd pole,<\/span>\r\n<span style=\"font-family: georgia, palatino, serif; font-size: 14pt; color: #000000;\">[:\u0161irok\u00fd jsou jiho\u010desk\u00fd pole,<\/span>\r\n<span style=\"font-family: georgia, palatino, serif; font-size: 14pt; color: #000000;\">po nich kr\u00e1\u010di pot\u011b\u0161en\u00ed moje,<\/span>\r\n<span style=\"font-family: georgia, palatino, serif; font-size: 14pt; color: #000000;\">po nich kr\u00e1\u010d\u00ed pot\u011b\u0161en\u00ed moje.:]<\/span>\r\n\r\n<span style=\"font-family: georgia, palatino, serif; font-size: 14pt; color: #000000;\">2.<\/span>\r\n<span style=\"font-family: georgia, palatino, serif; font-size: 14pt; color: #000000;\">Kr\u00e1\u010di, kr\u00e1\u010d\u00ed, ruce zalamuje,<\/span>\r\n<span style=\"font-family: georgia, palatino, serif; font-size: 14pt; color: #000000;\">[:Kr\u00e1\u010di, kr\u00e1\u010d\u00ed, ruce zalamuje,<\/span>\r\n<span style=\"font-family: georgia, palatino, serif; font-size: 14pt; color: #000000;\">\u017ee m\u016fj mil\u00fd na vojnu rukuje,<\/span>\r\n<span style=\"font-family: georgia, palatino, serif; font-size: 14pt; color: #000000;\">\u017ee m\u016fj mil\u00fd na vojnu rukuje.:]<\/span>\r\n\r\n<span style=\"font-family: georgia, palatino, serif; font-size: 14pt; color: #000000;\">3.<\/span>\r\n<span style=\"font-family: georgia, palatino, serif; font-size: 14pt; color: #000000;\">Nepla\u010d, nepla\u010d, nezalamuj ruce,<\/span>\r\n<span style=\"font-family: georgia, palatino, serif; font-size: 14pt; color: #000000;\">[:nepla\u010d, nepla\u010d, nezalamuj ruce,<\/span>\r\n<span style=\"font-family: georgia, palatino, serif; font-size: 14pt; color: #000000;\">sejdeme se po p\u016fldruh\u00e9m roce,<\/span>\r\n<span style=\"font-family: georgia, palatino, serif; font-size: 14pt; color: #000000;\">sejdeme se po p\u016fldruh\u00e9m roce.:]<\/span><\/pre>\n","protected":false},"excerpt":{"rendered":"<p>1. \u0160irok\u00fd jsou jiho\u010desk\u00fd pole, [:\u0161irok\u00fd jsou jiho\u010desk\u00fd pole, po nich kr\u00e1\u010di pot\u011b\u0161en\u00ed moje, po nich kr\u00e1\u010d\u00ed pot\u011b\u0161en\u00ed moje.:] 2. Kr\u00e1\u010di, kr\u00e1\u010d\u00ed, ruce zalamuje, [:Kr\u00e1\u010di, kr\u00e1\u010d\u00ed, ruce zalamuje, \u017ee m\u016fj mil\u00fd na vojnu rukuje, \u017ee m\u016fj mil\u00fd na vojnu rukuje.:] 3. Nepla\u010d, [&hellip;]<\/p>\n","protected":false},"featured_media":7622,"comment_status":"closed","ping_status":"closed","template":"","meta":{"om_disable_all_campaigns":false},"product_brand":[],"product_cat":[40,1168],"product_tag":[1084,1188],"class_list":{"0":"post-7658","1":"product","2":"type-product","3":"status-publish","4":"has-post-thumbnail","6":"product_cat-mala-partia","7":"product_cat-noty","8":"product_tag-mala-partia","9":"product_tag-noty","11":"first","12":"outofstock","13":"downloadable","14":"virtual","15":"taxable","16":"purchasable","17":"product-type-simple"},"yoast_head":"<!-- This site is optimized with the Yoast SEO plugin v27.4 - https:\/\/yoast.com\/product\/yoast-seo-wordpress\/ -->\n<title>\u0160irok\u00fd jsou jiho\u010desk\u00fd pole - Peter \u010cerni\u010dka | Noty | HUDOBN\u00c9 PODKLADY<\/title>\n<meta name=\"description\" content=\"Noty pre mal\u00fa partiu N\u00e1strojov\u00e9 obsadenie: Kr\u00eddlovka, Tenor, Akorde\u00f3n, Tuba, Bicie. S mo\u017enos\u0165ou dop\u00edsa\u0165 aj in\u00e9 n\u00e1stroje. Pr\u00edpadne vytvori\u0165 zmes skladieb\" \/>\n<meta name=\"robots\" content=\"index, follow, max-snippet:-1, max-image-preview:large, max-video-preview:-1\" \/>\n<link rel=\"canonical\" href=\"https:\/\/shop.petercernicka.eu\/de\/shop\/mala-partia\/siroky-jsou-jihocesky-pole\/\" \/>\n<meta property=\"og:locale\" content=\"de_DE\" \/>\n<meta property=\"og:type\" content=\"article\" \/>\n<meta property=\"og:title\" content=\"\u0160irok\u00fd jsou jiho\u010desk\u00fd pole - noty pre mal\u00fa partiu\" \/>\n<meta property=\"og:description\" content=\"Noty pre mal\u00fa partiu N\u00e1strojov\u00e9 obsadenie: Kr\u00eddlovka, Tenor, Akorde\u00f3n, Tuba, Bicie. S mo\u017enos\u0165ou dop\u00edsa\u0165 aj in\u00e9 n\u00e1stroje. Pr\u00edpadne vytvori\u0165 zmes skladieb\" \/>\n<meta property=\"og:url\" content=\"https:\/\/shop.petercernicka.eu\/de\/shop\/mala-partia\/siroky-jsou-jihocesky-pole\/\" \/>\n<meta property=\"og:site_name\" content=\"Peter \u010cerni\u010dka | Noty | HUDOBN\u00c9 PODKLADY\" \/>\n<meta property=\"article:publisher\" content=\"https:\/\/www.facebook.com\/petercernickanoty\" \/>\n<meta property=\"article:modified_time\" content=\"2026-01-31T13:47:10+00:00\" \/>\n<meta property=\"og:image\" content=\"https:\/\/shop.petercernicka.eu\/wp-content\/uploads\/2023\/04\/Siroky-jsou-jihocesky-pole-Parts_page-0001.jpg\" \/>\n\t<meta property=\"og:image:width\" content=\"1240\" \/>\n\t<meta property=\"og:image:height\" content=\"1755\" \/>\n\t<meta property=\"og:image:type\" content=\"image\/jpeg\" \/>\n<meta name=\"twitter:card\" content=\"summary_large_image\" \/>\n<script type=\"application\/ld+json\" class=\"yoast-schema-graph\">{\"@context\":\"https:\\\/\\\/schema.org\",\"@graph\":[{\"@type\":\"WebPage\",\"@id\":\"https:\\\/\\\/shop.petercernicka.eu\\\/shop\\\/mala-partia\\\/siroky-jsou-jihocesky-pole\\\/\",\"url\":\"https:\\\/\\\/shop.petercernicka.eu\\\/shop\\\/mala-partia\\\/siroky-jsou-jihocesky-pole\\\/\",\"name\":\"\u0160irok\u00fd jsou jiho\u010desk\u00fd pole - Peter \u010cerni\u010dka | Noty | HUDOBN\u00c9 PODKLADY\",\"isPartOf\":{\"@id\":\"https:\\\/\\\/shop.petercernicka.eu\\\/#website\"},\"primaryImageOfPage\":{\"@id\":\"https:\\\/\\\/shop.petercernicka.eu\\\/shop\\\/mala-partia\\\/siroky-jsou-jihocesky-pole\\\/#primaryimage\"},\"image\":{\"@id\":\"https:\\\/\\\/shop.petercernicka.eu\\\/shop\\\/mala-partia\\\/siroky-jsou-jihocesky-pole\\\/#primaryimage\"},\"thumbnailUrl\":\"https:\\\/\\\/shop.petercernicka.eu\\\/wp-content\\\/uploads\\\/2023\\\/04\\\/Siroky-jsou-jihocesky-pole-Parts_page-0001.jpg\",\"datePublished\":\"2023-04-20T15:01:49+00:00\",\"dateModified\":\"2026-01-31T13:47:10+00:00\",\"description\":\"Noty pre mal\u00fa partiu N\u00e1strojov\u00e9 obsadenie: Kr\u00eddlovka, Tenor, Akorde\u00f3n, Tuba, Bicie. S mo\u017enos\u0165ou dop\u00edsa\u0165 aj in\u00e9 n\u00e1stroje. Pr\u00edpadne vytvori\u0165 zmes skladieb\",\"breadcrumb\":{\"@id\":\"https:\\\/\\\/shop.petercernicka.eu\\\/shop\\\/mala-partia\\\/siroky-jsou-jihocesky-pole\\\/#breadcrumb\"},\"inLanguage\":\"de\",\"potentialAction\":[{\"@type\":\"ReadAction\",\"target\":[\"https:\\\/\\\/shop.petercernicka.eu\\\/shop\\\/mala-partia\\\/siroky-jsou-jihocesky-pole\\\/\"]}]},{\"@type\":\"ImageObject\",\"inLanguage\":\"de\",\"@id\":\"https:\\\/\\\/shop.petercernicka.eu\\\/shop\\\/mala-partia\\\/siroky-jsou-jihocesky-pole\\\/#primaryimage\",\"url\":\"https:\\\/\\\/shop.petercernicka.eu\\\/wp-content\\\/uploads\\\/2023\\\/04\\\/Siroky-jsou-jihocesky-pole-Parts_page-0001.jpg\",\"contentUrl\":\"https:\\\/\\\/shop.petercernicka.eu\\\/wp-content\\\/uploads\\\/2023\\\/04\\\/Siroky-jsou-jihocesky-pole-Parts_page-0001.jpg\",\"width\":1240,\"height\":1755,\"caption\":\"\u0160irok\u00fd jsou jiho\u010desk\u00fd pole noty pro dechovku\"},{\"@type\":\"BreadcrumbList\",\"@id\":\"https:\\\/\\\/shop.petercernicka.eu\\\/shop\\\/mala-partia\\\/siroky-jsou-jihocesky-pole\\\/#breadcrumb\",\"itemListElement\":[{\"@type\":\"ListItem\",\"position\":1,\"name\":\"Home\",\"item\":\"https:\\\/\\\/shop.petercernicka.eu\\\/\"},{\"@type\":\"ListItem\",\"position\":2,\"name\":\"Produkty\",\"item\":\"https:\\\/\\\/shop.petercernicka.eu\\\/obchod\\\/\"},{\"@type\":\"ListItem\",\"position\":3,\"name\":\"\u0160irok\u00fd jsou jiho\u010desk\u00fd pole\"}]},{\"@type\":\"WebSite\",\"@id\":\"https:\\\/\\\/shop.petercernicka.eu\\\/#website\",\"url\":\"https:\\\/\\\/shop.petercernicka.eu\\\/\",\"name\":\"Peter \u010cerni\u010dka | Noty | HUDOBN\u00c9 PODKLADY\",\"description\":\"\u013eudov\u00e9 piesne, popul\u00e1rne \u0161l\u00e1gre, \u010desko-slovensk\u00e9 hity, cig\u00e1nske piesne, ewergreeny, viano\u010dn\u00e9 koledy\",\"potentialAction\":[{\"@type\":\"SearchAction\",\"target\":{\"@type\":\"EntryPoint\",\"urlTemplate\":\"https:\\\/\\\/shop.petercernicka.eu\\\/?s={search_term_string}\"},\"query-input\":{\"@type\":\"PropertyValueSpecification\",\"valueRequired\":true,\"valueName\":\"search_term_string\"}}],\"inLanguage\":\"de\"}]}<\/script>\n<!-- \/ Yoast SEO plugin. -->","yoast_head_json":{"title":"\u0160irok\u00fd jsou jiho\u010desk\u00fd pole - Peter \u010cerni\u010dka | Noty | HUDOBN\u00c9 PODKLADY","description":"Noty pre mal\u00fa partiu N\u00e1strojov\u00e9 obsadenie: Kr\u00eddlovka, Tenor, Akorde\u00f3n, Tuba, Bicie. S mo\u017enos\u0165ou dop\u00edsa\u0165 aj in\u00e9 n\u00e1stroje. Pr\u00edpadne vytvori\u0165 zmes skladieb","robots":{"index":"index","follow":"follow","max-snippet":"max-snippet:-1","max-image-preview":"max-image-preview:large","max-video-preview":"max-video-preview:-1"},"canonical":"https:\/\/shop.petercernicka.eu\/de\/shop\/mala-partia\/siroky-jsou-jihocesky-pole\/","og_locale":"de_DE","og_type":"article","og_title":"\u0160irok\u00fd jsou jiho\u010desk\u00fd pole - noty pre mal\u00fa partiu","og_description":"Noty pre mal\u00fa partiu N\u00e1strojov\u00e9 obsadenie: Kr\u00eddlovka, Tenor, Akorde\u00f3n, Tuba, Bicie. S mo\u017enos\u0165ou dop\u00edsa\u0165 aj in\u00e9 n\u00e1stroje. Pr\u00edpadne vytvori\u0165 zmes skladieb","og_url":"https:\/\/shop.petercernicka.eu\/de\/shop\/mala-partia\/siroky-jsou-jihocesky-pole\/","og_site_name":"Peter \u010cerni\u010dka | Noty | HUDOBN\u00c9 PODKLADY","article_publisher":"https:\/\/www.facebook.com\/petercernickanoty","article_modified_time":"2026-01-31T13:47:10+00:00","og_image":[{"width":1240,"height":1755,"url":"https:\/\/shop.petercernicka.eu\/wp-content\/uploads\/2023\/04\/Siroky-jsou-jihocesky-pole-Parts_page-0001.jpg","type":"image\/jpeg"}],"twitter_card":"summary_large_image","schema":{"@context":"https:\/\/schema.org","@graph":[{"@type":"WebPage","@id":"https:\/\/shop.petercernicka.eu\/shop\/mala-partia\/siroky-jsou-jihocesky-pole\/","url":"https:\/\/shop.petercernicka.eu\/shop\/mala-partia\/siroky-jsou-jihocesky-pole\/","name":"\u0160irok\u00fd jsou jiho\u010desk\u00fd pole - Peter \u010cerni\u010dka | Noty | HUDOBN\u00c9 PODKLADY","isPartOf":{"@id":"https:\/\/shop.petercernicka.eu\/#website"},"primaryImageOfPage":{"@id":"https:\/\/shop.petercernicka.eu\/shop\/mala-partia\/siroky-jsou-jihocesky-pole\/#primaryimage"},"image":{"@id":"https:\/\/shop.petercernicka.eu\/shop\/mala-partia\/siroky-jsou-jihocesky-pole\/#primaryimage"},"thumbnailUrl":"https:\/\/shop.petercernicka.eu\/wp-content\/uploads\/2023\/04\/Siroky-jsou-jihocesky-pole-Parts_page-0001.jpg","datePublished":"2023-04-20T15:01:49+00:00","dateModified":"2026-01-31T13:47:10+00:00","description":"Noty pre mal\u00fa partiu N\u00e1strojov\u00e9 obsadenie: Kr\u00eddlovka, Tenor, Akorde\u00f3n, Tuba, Bicie. S mo\u017enos\u0165ou dop\u00edsa\u0165 aj in\u00e9 n\u00e1stroje. Pr\u00edpadne vytvori\u0165 zmes skladieb","breadcrumb":{"@id":"https:\/\/shop.petercernicka.eu\/shop\/mala-partia\/siroky-jsou-jihocesky-pole\/#breadcrumb"},"inLanguage":"de","potentialAction":[{"@type":"ReadAction","target":["https:\/\/shop.petercernicka.eu\/shop\/mala-partia\/siroky-jsou-jihocesky-pole\/"]}]},{"@type":"ImageObject","inLanguage":"de","@id":"https:\/\/shop.petercernicka.eu\/shop\/mala-partia\/siroky-jsou-jihocesky-pole\/#primaryimage","url":"https:\/\/shop.petercernicka.eu\/wp-content\/uploads\/2023\/04\/Siroky-jsou-jihocesky-pole-Parts_page-0001.jpg","contentUrl":"https:\/\/shop.petercernicka.eu\/wp-content\/uploads\/2023\/04\/Siroky-jsou-jihocesky-pole-Parts_page-0001.jpg","width":1240,"height":1755,"caption":"\u0160irok\u00fd jsou jiho\u010desk\u00fd pole noty pro dechovku"},{"@type":"BreadcrumbList","@id":"https:\/\/shop.petercernicka.eu\/shop\/mala-partia\/siroky-jsou-jihocesky-pole\/#breadcrumb","itemListElement":[{"@type":"ListItem","position":1,"name":"Home","item":"https:\/\/shop.petercernicka.eu\/"},{"@type":"ListItem","position":2,"name":"Produkty","item":"https:\/\/shop.petercernicka.eu\/obchod\/"},{"@type":"ListItem","position":3,"name":"\u0160irok\u00fd jsou jiho\u010desk\u00fd pole"}]},{"@type":"WebSite","@id":"https:\/\/shop.petercernicka.eu\/#website","url":"https:\/\/shop.petercernicka.eu\/","name":"Peter \u010cerni\u010dka | Noty | HUDOBN\u00c9 PODKLADY","description":"Volkslieder, Schlager, Tschechoslowakische Schlager, Zigeunerlieder, Evergreens, Weihnachtslieder","potentialAction":[{"@type":"SearchAction","target":{"@type":"EntryPoint","urlTemplate":"https:\/\/shop.petercernicka.eu\/?s={search_term_string}"},"query-input":{"@type":"PropertyValueSpecification","valueRequired":true,"valueName":"search_term_string"}}],"inLanguage":"de"}]}},"_links":{"self":[{"href":"https:\/\/shop.petercernicka.eu\/de\/wp-json\/wp\/v2\/product\/7658","targetHints":{"allow":["GET"]}}],"collection":[{"href":"https:\/\/shop.petercernicka.eu\/de\/wp-json\/wp\/v2\/product"}],"about":[{"href":"https:\/\/shop.petercernicka.eu\/de\/wp-json\/wp\/v2\/types\/product"}],"replies":[{"embeddable":true,"href":"https:\/\/shop.petercernicka.eu\/de\/wp-json\/wp\/v2\/comments?post=7658"}],"wp:featuredmedia":[{"embeddable":true,"href":"https:\/\/shop.petercernicka.eu\/de\/wp-json\/wp\/v2\/media\/7622"}],"wp:attachment":[{"href":"https:\/\/shop.petercernicka.eu\/de\/wp-json\/wp\/v2\/media?parent=7658"}],"wp:term":[{"taxonomy":"product_brand","embeddable":true,"href":"https:\/\/shop.petercernicka.eu\/de\/wp-json\/wp\/v2\/product_brand?post=7658"},{"taxonomy":"product_cat","embeddable":true,"href":"https:\/\/shop.petercernicka.eu\/de\/wp-json\/wp\/v2\/product_cat?post=7658"},{"taxonomy":"product_tag","embeddable":true,"href":"https:\/\/shop.petercernicka.eu\/de\/wp-json\/wp\/v2\/product_tag?post=7658"}],"curies":[{"name":"wp","href":"https:\/\/api.w.org\/{rel}","templated":true}]}}