{"id":7656,"date":"2023-04-20T16:56:52","date_gmt":"2023-04-20T14:56:52","guid":{"rendered":"https:\/\/shop.petercernicka.eu\/?post_type=product&#038;p=7656"},"modified":"2026-01-31T14:47:10","modified_gmt":"2026-01-31T13:47:10","slug":"nestastny-safaruv-dvorecek","status":"publish","type":"product","link":"https:\/\/shop.petercernicka.eu\/de\/shop\/mala-partia\/nestastny-safaruv-dvorecek\/","title":{"rendered":"Ne\u0161\u0165astn\u00fd \u0161af\u00e1\u0159\u016fv dvore\u010dek"},"content":{"rendered":"<p><span style=\"font-size: 14pt; color: #000000;\">Ne\u0161\u0165astn\u00fd \u0161af\u00e1\u0159\u016fv dvore\u010dek,<\/span><br \/>\n<span style=\"font-size: 14pt; color: #000000;\">ne\u0161\u0165astn\u00fd \u0161af\u00e1\u0159\u016fv dv\u016fr!<\/span><br \/>\n<span style=\"font-size: 14pt; color: #000000;\">Kdy\u017e jsem jel okolo,<\/span><br \/>\n<span style=\"font-size: 14pt; color: #000000;\">srdce m\u011b bolelo,<\/span><br \/>\n<span style=\"font-size: 14pt; color: #000000;\">za\u0159ehtal m\u016fj vran\u00fd k\u016f\u0148.<\/span><\/p>\n<p><span style=\"font-size: 14pt; color: #000000;\">M\u016fj vran\u00fd kon\u00ed\u010dku, ne\u0159ehtej,<\/span><br \/>\n<span style=\"font-size: 14pt; color: #000000;\">objedem t\u0159ikr\u00e1t kolem.<\/span><br \/>\n<span style=\"font-size: 14pt; color: #000000;\">Jestli je up\u0159\u00edmn\u00e1<\/span><br \/>\n<span style=\"font-size: 14pt; color: #000000;\">Nanynka rozmil\u00e1,<\/span><br \/>\n<span style=\"font-size: 14pt; color: #000000;\">vyjde k n\u00e1m ze dvora ven.<\/span><\/p>\n<p><span style=\"font-size: 14pt; color: #000000;\">T\u0159ikr\u00e1t jsem dokola obejel,<\/span><br \/>\n<span style=\"font-size: 14pt; color: #000000;\">k\u016f\u0148 se na vrata vzp\u00edn\u00e1!<\/span><br \/>\n<span style=\"font-size: 14pt; color: #000000;\">Copak to nov\u00e9ho<\/span><br \/>\n<span style=\"font-size: 14pt; color: #000000;\">od d\u011bv\u010dete m\u00e9ho,<\/span><br \/>\n<span style=\"font-size: 14pt; color: #000000;\">\u017ee ona neotv\u00edr\u00e1?<\/span><\/p>\n<p><span style=\"font-size: 14pt; color: #000000;\">I kdy\u017e m\u011b, m\u00e1 mil\u00e1, zanech\u00e1\u0161,<\/span><br \/>\n<span style=\"font-size: 14pt; color: #000000;\">p\u0159ece jsem na sv\u011bt\u011b r\u00e1d.<\/span><br \/>\n<span style=\"font-size: 14pt; color: #000000;\">M\u016f\u017ee mn\u011b P\u00e1n B\u016fh d\u00e1t,<\/span><br \/>\n<span style=\"font-size: 14pt; color: #000000;\">\u017ee budu milovat<\/span><br \/>\n<span style=\"font-size: 14pt; color: #000000;\">d\u011bv\u010de jak karafi\u00e1t!<\/span><\/p>","protected":false},"excerpt":{"rendered":"<p>Ne\u0161\u0165astn\u00fd \u0161af\u00e1\u0159\u016fv dvore\u010dek, ne\u0161\u0165astn\u00fd \u0161af\u00e1\u0159\u016fv dv\u016fr! Kdy\u017e jsem jel okolo, srdce m\u011b bolelo, za\u0159ehtal m\u016fj vran\u00fd k\u016f\u0148. M\u016fj vran\u00fd kon\u00ed\u010dku, ne\u0159ehtej, objedem t\u0159ikr\u00e1t kolem. Jestli je up\u0159\u00edmn\u00e1 Nanynka rozmil\u00e1, vyjde k n\u00e1m ze dvora ven. T\u0159ikr\u00e1t jsem dokola obejel, k\u016f\u0148 se na [&hellip;]<\/p>\n","protected":false},"featured_media":7620,"comment_status":"closed","ping_status":"closed","template":"","meta":{"om_disable_all_campaigns":false},"product_brand":[],"product_cat":[40,1168],"product_tag":[1084,1188],"class_list":{"0":"post-7656","1":"product","2":"type-product","3":"status-publish","4":"has-post-thumbnail","6":"product_cat-mala-partia","7":"product_cat-noty","8":"product_tag-mala-partia","9":"product_tag-noty","11":"first","12":"outofstock","13":"downloadable","14":"virtual","15":"taxable","16":"purchasable","17":"product-type-simple"},"yoast_head":"<!-- This site is optimized with the Yoast SEO plugin v27.4 - https:\/\/yoast.com\/product\/yoast-seo-wordpress\/ -->\n<title>Ne\u0161\u0165astn\u00fd \u0161af\u00e1\u0159\u016fv dvore\u010dek - Peter \u010cerni\u010dka | Noty | HUDOBN\u00c9 PODKLADY<\/title>\n<meta name=\"description\" content=\"Noty pre mal\u00fa partiu N\u00e1strojov\u00e9 obsadenie: Kr\u00eddlovka, Tenor, Akorde\u00f3n, Tuba, Bicie. S mo\u017enos\u0165ou dop\u00edsa\u0165 aj in\u00e9 n\u00e1stroje. Pr\u00edpadne vytvori\u0165 zmes skladieb\" \/>\n<meta name=\"robots\" content=\"index, follow, max-snippet:-1, max-image-preview:large, max-video-preview:-1\" \/>\n<link rel=\"canonical\" href=\"https:\/\/shop.petercernicka.eu\/de\/shop\/mala-partia\/nestastny-safaruv-dvorecek\/\" \/>\n<meta property=\"og:locale\" content=\"de_DE\" \/>\n<meta property=\"og:type\" content=\"article\" \/>\n<meta property=\"og:title\" content=\"Ne\u0161\u0165astn\u00fd \u0161af\u00e1\u0159\u016fv dvore\u010dek - noty pre mal\u00fa partiu\" \/>\n<meta property=\"og:description\" content=\"Noty pre mal\u00fa partiu N\u00e1strojov\u00e9 obsadenie: Kr\u00eddlovka, Tenor, Akorde\u00f3n, Tuba, Bicie. S mo\u017enos\u0165ou dop\u00edsa\u0165 aj in\u00e9 n\u00e1stroje. Pr\u00edpadne vytvori\u0165 zmes skladieb\" \/>\n<meta property=\"og:url\" content=\"https:\/\/shop.petercernicka.eu\/de\/shop\/mala-partia\/nestastny-safaruv-dvorecek\/\" \/>\n<meta property=\"og:site_name\" content=\"Peter \u010cerni\u010dka | Noty | HUDOBN\u00c9 PODKLADY\" \/>\n<meta property=\"article:publisher\" content=\"https:\/\/www.facebook.com\/petercernickanoty\" \/>\n<meta property=\"article:modified_time\" content=\"2026-01-31T13:47:10+00:00\" \/>\n<meta property=\"og:image\" content=\"https:\/\/shop.petercernicka.eu\/wp-content\/uploads\/2023\/04\/Nestastny-safaruv-dvorecek-Parts_page-0001.jpg\" \/>\n\t<meta property=\"og:image:width\" content=\"1240\" \/>\n\t<meta property=\"og:image:height\" content=\"1755\" \/>\n\t<meta property=\"og:image:type\" content=\"image\/jpeg\" \/>\n<meta name=\"twitter:card\" content=\"summary_large_image\" \/>\n<meta name=\"twitter:label1\" content=\"Gesch\u00e4tzte Lesezeit\" \/>\n\t<meta name=\"twitter:data1\" content=\"1\u00a0Minute\" \/>\n<script type=\"application\/ld+json\" class=\"yoast-schema-graph\">{\"@context\":\"https:\\\/\\\/schema.org\",\"@graph\":[{\"@type\":\"WebPage\",\"@id\":\"https:\\\/\\\/shop.petercernicka.eu\\\/shop\\\/mala-partia\\\/nestastny-safaruv-dvorecek\\\/\",\"url\":\"https:\\\/\\\/shop.petercernicka.eu\\\/shop\\\/mala-partia\\\/nestastny-safaruv-dvorecek\\\/\",\"name\":\"Ne\u0161\u0165astn\u00fd \u0161af\u00e1\u0159\u016fv dvore\u010dek - Peter \u010cerni\u010dka | Noty | HUDOBN\u00c9 PODKLADY\",\"isPartOf\":{\"@id\":\"https:\\\/\\\/shop.petercernicka.eu\\\/#website\"},\"primaryImageOfPage\":{\"@id\":\"https:\\\/\\\/shop.petercernicka.eu\\\/shop\\\/mala-partia\\\/nestastny-safaruv-dvorecek\\\/#primaryimage\"},\"image\":{\"@id\":\"https:\\\/\\\/shop.petercernicka.eu\\\/shop\\\/mala-partia\\\/nestastny-safaruv-dvorecek\\\/#primaryimage\"},\"thumbnailUrl\":\"https:\\\/\\\/shop.petercernicka.eu\\\/wp-content\\\/uploads\\\/2023\\\/04\\\/Nestastny-safaruv-dvorecek-Parts_page-0001.jpg\",\"datePublished\":\"2023-04-20T14:56:52+00:00\",\"dateModified\":\"2026-01-31T13:47:10+00:00\",\"description\":\"Noty pre mal\u00fa partiu N\u00e1strojov\u00e9 obsadenie: Kr\u00eddlovka, Tenor, Akorde\u00f3n, Tuba, Bicie. S mo\u017enos\u0165ou dop\u00edsa\u0165 aj in\u00e9 n\u00e1stroje. Pr\u00edpadne vytvori\u0165 zmes skladieb\",\"breadcrumb\":{\"@id\":\"https:\\\/\\\/shop.petercernicka.eu\\\/shop\\\/mala-partia\\\/nestastny-safaruv-dvorecek\\\/#breadcrumb\"},\"inLanguage\":\"de\",\"potentialAction\":[{\"@type\":\"ReadAction\",\"target\":[\"https:\\\/\\\/shop.petercernicka.eu\\\/shop\\\/mala-partia\\\/nestastny-safaruv-dvorecek\\\/\"]}]},{\"@type\":\"ImageObject\",\"inLanguage\":\"de\",\"@id\":\"https:\\\/\\\/shop.petercernicka.eu\\\/shop\\\/mala-partia\\\/nestastny-safaruv-dvorecek\\\/#primaryimage\",\"url\":\"https:\\\/\\\/shop.petercernicka.eu\\\/wp-content\\\/uploads\\\/2023\\\/04\\\/Nestastny-safaruv-dvorecek-Parts_page-0001.jpg\",\"contentUrl\":\"https:\\\/\\\/shop.petercernicka.eu\\\/wp-content\\\/uploads\\\/2023\\\/04\\\/Nestastny-safaruv-dvorecek-Parts_page-0001.jpg\",\"width\":1240,\"height\":1755,\"caption\":\"Ne\u0161\u0165astn\u00fd \u0161af\u00e1\u0159\u016fv dvore\u010dek noty pro dechovku\"},{\"@type\":\"BreadcrumbList\",\"@id\":\"https:\\\/\\\/shop.petercernicka.eu\\\/shop\\\/mala-partia\\\/nestastny-safaruv-dvorecek\\\/#breadcrumb\",\"itemListElement\":[{\"@type\":\"ListItem\",\"position\":1,\"name\":\"Home\",\"item\":\"https:\\\/\\\/shop.petercernicka.eu\\\/\"},{\"@type\":\"ListItem\",\"position\":2,\"name\":\"Produkty\",\"item\":\"https:\\\/\\\/shop.petercernicka.eu\\\/obchod\\\/\"},{\"@type\":\"ListItem\",\"position\":3,\"name\":\"Ne\u0161\u0165astn\u00fd \u0161af\u00e1\u0159\u016fv dvore\u010dek\"}]},{\"@type\":\"WebSite\",\"@id\":\"https:\\\/\\\/shop.petercernicka.eu\\\/#website\",\"url\":\"https:\\\/\\\/shop.petercernicka.eu\\\/\",\"name\":\"Peter \u010cerni\u010dka | Noty | HUDOBN\u00c9 PODKLADY\",\"description\":\"\u013eudov\u00e9 piesne, popul\u00e1rne \u0161l\u00e1gre, \u010desko-slovensk\u00e9 hity, cig\u00e1nske piesne, ewergreeny, viano\u010dn\u00e9 koledy\",\"potentialAction\":[{\"@type\":\"SearchAction\",\"target\":{\"@type\":\"EntryPoint\",\"urlTemplate\":\"https:\\\/\\\/shop.petercernicka.eu\\\/?s={search_term_string}\"},\"query-input\":{\"@type\":\"PropertyValueSpecification\",\"valueRequired\":true,\"valueName\":\"search_term_string\"}}],\"inLanguage\":\"de\"}]}<\/script>\n<!-- \/ Yoast SEO plugin. -->","yoast_head_json":{"title":"Ne\u0161\u0165astn\u00fd \u0161af\u00e1\u0159\u016fv dvore\u010dek - Peter \u010cerni\u010dka | Noty | HUDOBN\u00c9 PODKLADY","description":"Noty pre mal\u00fa partiu N\u00e1strojov\u00e9 obsadenie: Kr\u00eddlovka, Tenor, Akorde\u00f3n, Tuba, Bicie. S mo\u017enos\u0165ou dop\u00edsa\u0165 aj in\u00e9 n\u00e1stroje. Pr\u00edpadne vytvori\u0165 zmes skladieb","robots":{"index":"index","follow":"follow","max-snippet":"max-snippet:-1","max-image-preview":"max-image-preview:large","max-video-preview":"max-video-preview:-1"},"canonical":"https:\/\/shop.petercernicka.eu\/de\/shop\/mala-partia\/nestastny-safaruv-dvorecek\/","og_locale":"de_DE","og_type":"article","og_title":"Ne\u0161\u0165astn\u00fd \u0161af\u00e1\u0159\u016fv dvore\u010dek - noty pre mal\u00fa partiu","og_description":"Noty pre mal\u00fa partiu N\u00e1strojov\u00e9 obsadenie: Kr\u00eddlovka, Tenor, Akorde\u00f3n, Tuba, Bicie. S mo\u017enos\u0165ou dop\u00edsa\u0165 aj in\u00e9 n\u00e1stroje. Pr\u00edpadne vytvori\u0165 zmes skladieb","og_url":"https:\/\/shop.petercernicka.eu\/de\/shop\/mala-partia\/nestastny-safaruv-dvorecek\/","og_site_name":"Peter \u010cerni\u010dka | Noty | HUDOBN\u00c9 PODKLADY","article_publisher":"https:\/\/www.facebook.com\/petercernickanoty","article_modified_time":"2026-01-31T13:47:10+00:00","og_image":[{"width":1240,"height":1755,"url":"https:\/\/shop.petercernicka.eu\/wp-content\/uploads\/2023\/04\/Nestastny-safaruv-dvorecek-Parts_page-0001.jpg","type":"image\/jpeg"}],"twitter_card":"summary_large_image","twitter_misc":{"Gesch\u00e4tzte Lesezeit":"1\u00a0Minute"},"schema":{"@context":"https:\/\/schema.org","@graph":[{"@type":"WebPage","@id":"https:\/\/shop.petercernicka.eu\/shop\/mala-partia\/nestastny-safaruv-dvorecek\/","url":"https:\/\/shop.petercernicka.eu\/shop\/mala-partia\/nestastny-safaruv-dvorecek\/","name":"Ne\u0161\u0165astn\u00fd \u0161af\u00e1\u0159\u016fv dvore\u010dek - Peter \u010cerni\u010dka | Noty | HUDOBN\u00c9 PODKLADY","isPartOf":{"@id":"https:\/\/shop.petercernicka.eu\/#website"},"primaryImageOfPage":{"@id":"https:\/\/shop.petercernicka.eu\/shop\/mala-partia\/nestastny-safaruv-dvorecek\/#primaryimage"},"image":{"@id":"https:\/\/shop.petercernicka.eu\/shop\/mala-partia\/nestastny-safaruv-dvorecek\/#primaryimage"},"thumbnailUrl":"https:\/\/shop.petercernicka.eu\/wp-content\/uploads\/2023\/04\/Nestastny-safaruv-dvorecek-Parts_page-0001.jpg","datePublished":"2023-04-20T14:56:52+00:00","dateModified":"2026-01-31T13:47:10+00:00","description":"Noty pre mal\u00fa partiu N\u00e1strojov\u00e9 obsadenie: Kr\u00eddlovka, Tenor, Akorde\u00f3n, Tuba, Bicie. S mo\u017enos\u0165ou dop\u00edsa\u0165 aj in\u00e9 n\u00e1stroje. Pr\u00edpadne vytvori\u0165 zmes skladieb","breadcrumb":{"@id":"https:\/\/shop.petercernicka.eu\/shop\/mala-partia\/nestastny-safaruv-dvorecek\/#breadcrumb"},"inLanguage":"de","potentialAction":[{"@type":"ReadAction","target":["https:\/\/shop.petercernicka.eu\/shop\/mala-partia\/nestastny-safaruv-dvorecek\/"]}]},{"@type":"ImageObject","inLanguage":"de","@id":"https:\/\/shop.petercernicka.eu\/shop\/mala-partia\/nestastny-safaruv-dvorecek\/#primaryimage","url":"https:\/\/shop.petercernicka.eu\/wp-content\/uploads\/2023\/04\/Nestastny-safaruv-dvorecek-Parts_page-0001.jpg","contentUrl":"https:\/\/shop.petercernicka.eu\/wp-content\/uploads\/2023\/04\/Nestastny-safaruv-dvorecek-Parts_page-0001.jpg","width":1240,"height":1755,"caption":"Ne\u0161\u0165astn\u00fd \u0161af\u00e1\u0159\u016fv dvore\u010dek noty pro dechovku"},{"@type":"BreadcrumbList","@id":"https:\/\/shop.petercernicka.eu\/shop\/mala-partia\/nestastny-safaruv-dvorecek\/#breadcrumb","itemListElement":[{"@type":"ListItem","position":1,"name":"Home","item":"https:\/\/shop.petercernicka.eu\/"},{"@type":"ListItem","position":2,"name":"Produkty","item":"https:\/\/shop.petercernicka.eu\/obchod\/"},{"@type":"ListItem","position":3,"name":"Ne\u0161\u0165astn\u00fd \u0161af\u00e1\u0159\u016fv dvore\u010dek"}]},{"@type":"WebSite","@id":"https:\/\/shop.petercernicka.eu\/#website","url":"https:\/\/shop.petercernicka.eu\/","name":"Peter \u010cerni\u010dka | Noty | HUDOBN\u00c9 PODKLADY","description":"Volkslieder, Schlager, Tschechoslowakische Schlager, Zigeunerlieder, Evergreens, Weihnachtslieder","potentialAction":[{"@type":"SearchAction","target":{"@type":"EntryPoint","urlTemplate":"https:\/\/shop.petercernicka.eu\/?s={search_term_string}"},"query-input":{"@type":"PropertyValueSpecification","valueRequired":true,"valueName":"search_term_string"}}],"inLanguage":"de"}]}},"_links":{"self":[{"href":"https:\/\/shop.petercernicka.eu\/de\/wp-json\/wp\/v2\/product\/7656","targetHints":{"allow":["GET"]}}],"collection":[{"href":"https:\/\/shop.petercernicka.eu\/de\/wp-json\/wp\/v2\/product"}],"about":[{"href":"https:\/\/shop.petercernicka.eu\/de\/wp-json\/wp\/v2\/types\/product"}],"replies":[{"embeddable":true,"href":"https:\/\/shop.petercernicka.eu\/de\/wp-json\/wp\/v2\/comments?post=7656"}],"wp:featuredmedia":[{"embeddable":true,"href":"https:\/\/shop.petercernicka.eu\/de\/wp-json\/wp\/v2\/media\/7620"}],"wp:attachment":[{"href":"https:\/\/shop.petercernicka.eu\/de\/wp-json\/wp\/v2\/media?parent=7656"}],"wp:term":[{"taxonomy":"product_brand","embeddable":true,"href":"https:\/\/shop.petercernicka.eu\/de\/wp-json\/wp\/v2\/product_brand?post=7656"},{"taxonomy":"product_cat","embeddable":true,"href":"https:\/\/shop.petercernicka.eu\/de\/wp-json\/wp\/v2\/product_cat?post=7656"},{"taxonomy":"product_tag","embeddable":true,"href":"https:\/\/shop.petercernicka.eu\/de\/wp-json\/wp\/v2\/product_tag?post=7656"}],"curies":[{"name":"wp","href":"https:\/\/api.w.org\/{rel}","templated":true}]}}