{"id":7650,"date":"2023-04-20T16:36:39","date_gmt":"2023-04-20T14:36:39","guid":{"rendered":"https:\/\/shop.petercernicka.eu\/?post_type=product&#038;p=7650"},"modified":"2026-01-31T14:47:11","modified_gmt":"2026-01-31T13:47:11","slug":"jednoho-vecera","status":"publish","type":"product","link":"https:\/\/shop.petercernicka.eu\/de\/shop\/mala-partia\/jednoho-vecera\/","title":{"rendered":"Jednoho ve\u010dera"},"content":{"rendered":"<p><span style=\"font-size: 14pt; color: #000000;\">1.Jednoho ve\u010dera luna jasn\u00e1 byla,<\/span><br \/>\n<span style=\"font-size: 14pt; color: #000000;\">[: vyjdu si do pol\u00ed, kr\u00e1\u010d\u00edm podle rol\u00ed<\/span><br \/>\n<span style=\"font-size: 14pt; color: #000000;\">a\u017e na okraj lesa.:]<\/span><\/p>\n<p><span style=\"font-size: 14pt; color: #000000;\">2.V\u0161ude bylo ticho, jen ta sova houk\u00e1,<\/span><br \/>\n<span style=\"font-size: 14pt; color: #000000;\">[: zahouk\u00e1 poprv\u00e9, zahouk\u00e1 podruh\u00e9,<\/span><br \/>\n<span style=\"font-size: 14pt; color: #000000;\">srnec z hou\u0161t\u00ed kouk\u00e1. :]<\/span><\/p>\n<p><span style=\"font-size: 14pt; color: #000000;\">3. D\u00e1m ru\u010dnici k l\u00edci, prst m\u00e1m na spou\u0161tnici,<\/span><br \/>\n<span style=\"font-size: 14pt; color: #000000;\">[: hv\u00edzdnu na dva prsty, srnec je\u0161t\u011b v\u011bt\u0159\u00ed,<\/span><br \/>\n<span style=\"font-size: 14pt; color: #000000;\">nic zl\u00e9ho netu\u0161\u00ed. :]<\/span><\/p>\n<p><span style=\"font-size: 14pt; color: #000000;\">4. Lesem zazn\u00ed r\u00e1na jak prvn\u00ed hrom zjara,<\/span><br \/>\n<span style=\"font-size: 14pt; color: #000000;\">[: po\u010dk\u00e1m je\u0161t\u011b chv\u00edli, srnec le\u017e\u00ed v krvi,<\/span><br \/>\n<span style=\"font-size: 14pt; color: #000000;\">a \u0161up s n\u00edm na z\u00e1da.:]<\/span><\/p>\n<p><span style=\"font-size: 14pt; color: #000000;\">5. Kr\u00e1\u010d\u00edm p\u0159es lu\u010diny do na\u0161\u00ed d\u011bdiny,<\/span><br \/>\n<span style=\"font-size: 14pt; color: #000000;\">[: v cestu se mi stav\u00ed dva nezn\u00e1m\u00ed p\u00e1ni,<\/span><br \/>\n<span style=\"font-size: 14pt; color: #000000;\">co to za znamen\u00ed?:]<\/span><\/p>\n<p><span style=\"font-size: 14pt; color: #000000;\">6. Zav\u011bs\u00edm ru\u010dnici, srnce pod kopici,<\/span><br \/>\n<span style=\"font-size: 14pt; color: #000000;\">[: patrony do kapsy, v\u0161echno jak se pat\u0159\u00ed,<\/span><br \/>\n<span style=\"font-size: 14pt; color: #000000;\">kr\u00e1\u010d\u00edm ku myslivci.:\/<\/span><\/p>\n<p><span style=\"font-size: 14pt; color: #000000;\">A vy mil\u00ed p\u00e1ni, co vy tu d\u011bl\u00e1te,<\/span><br \/>\n<span style=\"font-size: 14pt; color: #000000;\">\/:pole neor\u00e1te, v\u017edy\u0165 je tu nem\u00e1te,<\/span><br \/>\n<span style=\"font-size: 14pt; color: #000000;\">co vy tu d\u011bl\u00e1te? :\/<\/span><\/p>\n<p><span style=\"font-size: 14pt; color: #000000;\">My jsme ti myslivci z kn\u00ed\u017eec\u00edho panstv\u00ed,<\/span><br \/>\n<span style=\"font-size: 14pt; color: #000000;\">\/:\u010cek\u00e1me na fo\u0159ta, \u0161el n\u011bkam do lesa,<\/span><br \/>\n<span style=\"font-size: 14pt; color: #000000;\">st\u00e1le se nevrac\u00ed.:\/<\/span><\/p>\n<p><span style=\"font-size: 14pt; color: #000000;\">\u0160el tudy ned\u00e1vno, \u0161el tady napravo,<\/span><br \/>\n<span style=\"font-size: 14pt; color: #000000;\">\/:m\u00ed\u0159il ku vesnici, sed\u00ed tam v hostinci<\/span><br \/>\n<span style=\"font-size: 14pt; color: #000000;\">p\u0159i pln\u00e9 sklenici.:\/<\/span><\/p>\n<p><span style=\"font-size: 14pt; color: #000000;\">Kone\u010dn\u011b u\u017e p\u0159eci ode\u0161li myslivci,<\/span><br \/>\n<span style=\"font-size: 14pt; color: #000000;\">\/:to jsem si v\u00e1m oddech, srne\u010dka na z\u00e1dech,<\/span><br \/>\n<span style=\"font-size: 14pt; color: #000000;\">kr\u00e1\u010d\u00edm ku vesnici.:\/<\/span><\/p>\n","protected":false},"excerpt":{"rendered":"<p>1.Jednoho ve\u010dera luna jasn\u00e1 byla, [: vyjdu si do pol\u00ed, kr\u00e1\u010d\u00edm podle rol\u00ed a\u017e na okraj lesa.:] 2.V\u0161ude bylo ticho, jen ta sova houk\u00e1, [: zahouk\u00e1 poprv\u00e9, zahouk\u00e1 podruh\u00e9, srnec z hou\u0161t\u00ed kouk\u00e1. :] 3. D\u00e1m ru\u010dnici k l\u00edci, prst m\u00e1m na [&hellip;]<\/p>\n","protected":false},"featured_media":7613,"comment_status":"closed","ping_status":"closed","template":"","meta":{"om_disable_all_campaigns":false},"product_brand":[],"product_cat":[40,1168],"product_tag":[1084,1188],"class_list":{"0":"post-7650","1":"product","2":"type-product","3":"status-publish","4":"has-post-thumbnail","6":"product_cat-mala-partia","7":"product_cat-noty","8":"product_tag-mala-partia","9":"product_tag-noty","11":"first","12":"outofstock","13":"downloadable","14":"virtual","15":"taxable","16":"purchasable","17":"product-type-simple"},"yoast_head":"<!-- This site is optimized with the Yoast SEO plugin v27.4 - https:\/\/yoast.com\/product\/yoast-seo-wordpress\/ -->\n<title>Jednoho ve\u010dera - Peter \u010cerni\u010dka | Noty | HUDOBN\u00c9 PODKLADY<\/title>\n<meta name=\"description\" content=\"Noty pre mal\u00fa partiu N\u00e1strojov\u00e9 obsadenie: Kr\u00eddlovka, Tenor, Akorde\u00f3n, Tuba, Bicie. S mo\u017enos\u0165ou dop\u00edsa\u0165 aj in\u00e9 n\u00e1stroje. Pr\u00edpadne vytvori\u0165 zmes skladieb\" \/>\n<meta name=\"robots\" content=\"index, follow, max-snippet:-1, max-image-preview:large, max-video-preview:-1\" \/>\n<link rel=\"canonical\" href=\"https:\/\/shop.petercernicka.eu\/de\/shop\/mala-partia\/jednoho-vecera\/\" \/>\n<meta property=\"og:locale\" content=\"de_DE\" \/>\n<meta property=\"og:type\" content=\"article\" \/>\n<meta property=\"og:title\" content=\"Jednoho ve\u010dera - noty pre mal\u00fa partiu\" \/>\n<meta property=\"og:description\" content=\"Noty pre mal\u00fa partiu N\u00e1strojov\u00e9 obsadenie: Kr\u00eddlovka, Tenor, Akorde\u00f3n, Tuba, Bicie. S mo\u017enos\u0165ou dop\u00edsa\u0165 aj in\u00e9 n\u00e1stroje. Pr\u00edpadne vytvori\u0165 zmes skladieb\" \/>\n<meta property=\"og:url\" content=\"https:\/\/shop.petercernicka.eu\/de\/shop\/mala-partia\/jednoho-vecera\/\" \/>\n<meta property=\"og:site_name\" content=\"Peter \u010cerni\u010dka | Noty | HUDOBN\u00c9 PODKLADY\" \/>\n<meta property=\"article:publisher\" content=\"https:\/\/www.facebook.com\/petercernickanoty\" \/>\n<meta property=\"article:modified_time\" content=\"2026-01-31T13:47:11+00:00\" \/>\n<meta property=\"og:image\" content=\"https:\/\/shop.petercernicka.eu\/wp-content\/uploads\/2023\/04\/Jednoho-vecera-Parts_page-0001.jpg\" \/>\n\t<meta property=\"og:image:width\" content=\"1240\" \/>\n\t<meta property=\"og:image:height\" content=\"1755\" \/>\n\t<meta property=\"og:image:type\" content=\"image\/jpeg\" \/>\n<meta name=\"twitter:card\" content=\"summary_large_image\" \/>\n<meta name=\"twitter:label1\" content=\"Gesch\u00e4tzte Lesezeit\" \/>\n\t<meta name=\"twitter:data1\" content=\"1\u00a0Minute\" \/>\n<script type=\"application\/ld+json\" class=\"yoast-schema-graph\">{\"@context\":\"https:\\\/\\\/schema.org\",\"@graph\":[{\"@type\":\"WebPage\",\"@id\":\"https:\\\/\\\/shop.petercernicka.eu\\\/shop\\\/mala-partia\\\/jednoho-vecera\\\/\",\"url\":\"https:\\\/\\\/shop.petercernicka.eu\\\/shop\\\/mala-partia\\\/jednoho-vecera\\\/\",\"name\":\"Jednoho ve\u010dera - Peter \u010cerni\u010dka | Noty | HUDOBN\u00c9 PODKLADY\",\"isPartOf\":{\"@id\":\"https:\\\/\\\/shop.petercernicka.eu\\\/#website\"},\"primaryImageOfPage\":{\"@id\":\"https:\\\/\\\/shop.petercernicka.eu\\\/shop\\\/mala-partia\\\/jednoho-vecera\\\/#primaryimage\"},\"image\":{\"@id\":\"https:\\\/\\\/shop.petercernicka.eu\\\/shop\\\/mala-partia\\\/jednoho-vecera\\\/#primaryimage\"},\"thumbnailUrl\":\"https:\\\/\\\/shop.petercernicka.eu\\\/wp-content\\\/uploads\\\/2023\\\/04\\\/Jednoho-vecera-Parts_page-0001.jpg\",\"datePublished\":\"2023-04-20T14:36:39+00:00\",\"dateModified\":\"2026-01-31T13:47:11+00:00\",\"description\":\"Noty pre mal\u00fa partiu N\u00e1strojov\u00e9 obsadenie: Kr\u00eddlovka, Tenor, Akorde\u00f3n, Tuba, Bicie. S mo\u017enos\u0165ou dop\u00edsa\u0165 aj in\u00e9 n\u00e1stroje. Pr\u00edpadne vytvori\u0165 zmes skladieb\",\"breadcrumb\":{\"@id\":\"https:\\\/\\\/shop.petercernicka.eu\\\/shop\\\/mala-partia\\\/jednoho-vecera\\\/#breadcrumb\"},\"inLanguage\":\"de\",\"potentialAction\":[{\"@type\":\"ReadAction\",\"target\":[\"https:\\\/\\\/shop.petercernicka.eu\\\/shop\\\/mala-partia\\\/jednoho-vecera\\\/\"]}]},{\"@type\":\"ImageObject\",\"inLanguage\":\"de\",\"@id\":\"https:\\\/\\\/shop.petercernicka.eu\\\/shop\\\/mala-partia\\\/jednoho-vecera\\\/#primaryimage\",\"url\":\"https:\\\/\\\/shop.petercernicka.eu\\\/wp-content\\\/uploads\\\/2023\\\/04\\\/Jednoho-vecera-Parts_page-0001.jpg\",\"contentUrl\":\"https:\\\/\\\/shop.petercernicka.eu\\\/wp-content\\\/uploads\\\/2023\\\/04\\\/Jednoho-vecera-Parts_page-0001.jpg\",\"width\":1240,\"height\":1755,\"caption\":\"Jednoho ve\u010dera noty pro dechovku\"},{\"@type\":\"BreadcrumbList\",\"@id\":\"https:\\\/\\\/shop.petercernicka.eu\\\/shop\\\/mala-partia\\\/jednoho-vecera\\\/#breadcrumb\",\"itemListElement\":[{\"@type\":\"ListItem\",\"position\":1,\"name\":\"Home\",\"item\":\"https:\\\/\\\/shop.petercernicka.eu\\\/\"},{\"@type\":\"ListItem\",\"position\":2,\"name\":\"Produkty\",\"item\":\"https:\\\/\\\/shop.petercernicka.eu\\\/obchod\\\/\"},{\"@type\":\"ListItem\",\"position\":3,\"name\":\"Jednoho ve\u010dera\"}]},{\"@type\":\"WebSite\",\"@id\":\"https:\\\/\\\/shop.petercernicka.eu\\\/#website\",\"url\":\"https:\\\/\\\/shop.petercernicka.eu\\\/\",\"name\":\"Peter \u010cerni\u010dka | Noty | HUDOBN\u00c9 PODKLADY\",\"description\":\"\u013eudov\u00e9 piesne, popul\u00e1rne \u0161l\u00e1gre, \u010desko-slovensk\u00e9 hity, cig\u00e1nske piesne, ewergreeny, viano\u010dn\u00e9 koledy\",\"potentialAction\":[{\"@type\":\"SearchAction\",\"target\":{\"@type\":\"EntryPoint\",\"urlTemplate\":\"https:\\\/\\\/shop.petercernicka.eu\\\/?s={search_term_string}\"},\"query-input\":{\"@type\":\"PropertyValueSpecification\",\"valueRequired\":true,\"valueName\":\"search_term_string\"}}],\"inLanguage\":\"de\"}]}<\/script>\n<!-- \/ Yoast SEO plugin. -->","yoast_head_json":{"title":"Jednoho ve\u010dera - Peter \u010cerni\u010dka | Noty | HUDOBN\u00c9 PODKLADY","description":"Noty pre mal\u00fa partiu N\u00e1strojov\u00e9 obsadenie: Kr\u00eddlovka, Tenor, Akorde\u00f3n, Tuba, Bicie. S mo\u017enos\u0165ou dop\u00edsa\u0165 aj in\u00e9 n\u00e1stroje. Pr\u00edpadne vytvori\u0165 zmes skladieb","robots":{"index":"index","follow":"follow","max-snippet":"max-snippet:-1","max-image-preview":"max-image-preview:large","max-video-preview":"max-video-preview:-1"},"canonical":"https:\/\/shop.petercernicka.eu\/de\/shop\/mala-partia\/jednoho-vecera\/","og_locale":"de_DE","og_type":"article","og_title":"Jednoho ve\u010dera - noty pre mal\u00fa partiu","og_description":"Noty pre mal\u00fa partiu N\u00e1strojov\u00e9 obsadenie: Kr\u00eddlovka, Tenor, Akorde\u00f3n, Tuba, Bicie. S mo\u017enos\u0165ou dop\u00edsa\u0165 aj in\u00e9 n\u00e1stroje. Pr\u00edpadne vytvori\u0165 zmes skladieb","og_url":"https:\/\/shop.petercernicka.eu\/de\/shop\/mala-partia\/jednoho-vecera\/","og_site_name":"Peter \u010cerni\u010dka | Noty | HUDOBN\u00c9 PODKLADY","article_publisher":"https:\/\/www.facebook.com\/petercernickanoty","article_modified_time":"2026-01-31T13:47:11+00:00","og_image":[{"width":1240,"height":1755,"url":"https:\/\/shop.petercernicka.eu\/wp-content\/uploads\/2023\/04\/Jednoho-vecera-Parts_page-0001.jpg","type":"image\/jpeg"}],"twitter_card":"summary_large_image","twitter_misc":{"Gesch\u00e4tzte Lesezeit":"1\u00a0Minute"},"schema":{"@context":"https:\/\/schema.org","@graph":[{"@type":"WebPage","@id":"https:\/\/shop.petercernicka.eu\/shop\/mala-partia\/jednoho-vecera\/","url":"https:\/\/shop.petercernicka.eu\/shop\/mala-partia\/jednoho-vecera\/","name":"Jednoho ve\u010dera - Peter \u010cerni\u010dka | Noty | HUDOBN\u00c9 PODKLADY","isPartOf":{"@id":"https:\/\/shop.petercernicka.eu\/#website"},"primaryImageOfPage":{"@id":"https:\/\/shop.petercernicka.eu\/shop\/mala-partia\/jednoho-vecera\/#primaryimage"},"image":{"@id":"https:\/\/shop.petercernicka.eu\/shop\/mala-partia\/jednoho-vecera\/#primaryimage"},"thumbnailUrl":"https:\/\/shop.petercernicka.eu\/wp-content\/uploads\/2023\/04\/Jednoho-vecera-Parts_page-0001.jpg","datePublished":"2023-04-20T14:36:39+00:00","dateModified":"2026-01-31T13:47:11+00:00","description":"Noty pre mal\u00fa partiu N\u00e1strojov\u00e9 obsadenie: Kr\u00eddlovka, Tenor, Akorde\u00f3n, Tuba, Bicie. S mo\u017enos\u0165ou dop\u00edsa\u0165 aj in\u00e9 n\u00e1stroje. Pr\u00edpadne vytvori\u0165 zmes skladieb","breadcrumb":{"@id":"https:\/\/shop.petercernicka.eu\/shop\/mala-partia\/jednoho-vecera\/#breadcrumb"},"inLanguage":"de","potentialAction":[{"@type":"ReadAction","target":["https:\/\/shop.petercernicka.eu\/shop\/mala-partia\/jednoho-vecera\/"]}]},{"@type":"ImageObject","inLanguage":"de","@id":"https:\/\/shop.petercernicka.eu\/shop\/mala-partia\/jednoho-vecera\/#primaryimage","url":"https:\/\/shop.petercernicka.eu\/wp-content\/uploads\/2023\/04\/Jednoho-vecera-Parts_page-0001.jpg","contentUrl":"https:\/\/shop.petercernicka.eu\/wp-content\/uploads\/2023\/04\/Jednoho-vecera-Parts_page-0001.jpg","width":1240,"height":1755,"caption":"Jednoho ve\u010dera noty pro dechovku"},{"@type":"BreadcrumbList","@id":"https:\/\/shop.petercernicka.eu\/shop\/mala-partia\/jednoho-vecera\/#breadcrumb","itemListElement":[{"@type":"ListItem","position":1,"name":"Home","item":"https:\/\/shop.petercernicka.eu\/"},{"@type":"ListItem","position":2,"name":"Produkty","item":"https:\/\/shop.petercernicka.eu\/obchod\/"},{"@type":"ListItem","position":3,"name":"Jednoho ve\u010dera"}]},{"@type":"WebSite","@id":"https:\/\/shop.petercernicka.eu\/#website","url":"https:\/\/shop.petercernicka.eu\/","name":"Peter \u010cerni\u010dka | Noty | HUDOBN\u00c9 PODKLADY","description":"Volkslieder, Schlager, Tschechoslowakische Schlager, Zigeunerlieder, Evergreens, Weihnachtslieder","potentialAction":[{"@type":"SearchAction","target":{"@type":"EntryPoint","urlTemplate":"https:\/\/shop.petercernicka.eu\/?s={search_term_string}"},"query-input":{"@type":"PropertyValueSpecification","valueRequired":true,"valueName":"search_term_string"}}],"inLanguage":"de"}]}},"_links":{"self":[{"href":"https:\/\/shop.petercernicka.eu\/de\/wp-json\/wp\/v2\/product\/7650","targetHints":{"allow":["GET"]}}],"collection":[{"href":"https:\/\/shop.petercernicka.eu\/de\/wp-json\/wp\/v2\/product"}],"about":[{"href":"https:\/\/shop.petercernicka.eu\/de\/wp-json\/wp\/v2\/types\/product"}],"replies":[{"embeddable":true,"href":"https:\/\/shop.petercernicka.eu\/de\/wp-json\/wp\/v2\/comments?post=7650"}],"wp:featuredmedia":[{"embeddable":true,"href":"https:\/\/shop.petercernicka.eu\/de\/wp-json\/wp\/v2\/media\/7613"}],"wp:attachment":[{"href":"https:\/\/shop.petercernicka.eu\/de\/wp-json\/wp\/v2\/media?parent=7650"}],"wp:term":[{"taxonomy":"product_brand","embeddable":true,"href":"https:\/\/shop.petercernicka.eu\/de\/wp-json\/wp\/v2\/product_brand?post=7650"},{"taxonomy":"product_cat","embeddable":true,"href":"https:\/\/shop.petercernicka.eu\/de\/wp-json\/wp\/v2\/product_cat?post=7650"},{"taxonomy":"product_tag","embeddable":true,"href":"https:\/\/shop.petercernicka.eu\/de\/wp-json\/wp\/v2\/product_tag?post=7650"}],"curies":[{"name":"wp","href":"https:\/\/api.w.org\/{rel}","templated":true}]}}