{"id":7649,"date":"2023-04-20T16:34:51","date_gmt":"2023-04-20T14:34:51","guid":{"rendered":"https:\/\/shop.petercernicka.eu\/?post_type=product&#038;p=7649"},"modified":"2026-01-31T14:47:11","modified_gmt":"2026-01-31T13:47:11","slug":"jede-formanek-po-svete","status":"publish","type":"product","link":"https:\/\/shop.petercernicka.eu\/de\/shop\/mala-partia\/jede-formanek-po-svete\/","title":{"rendered":"Jede form\u00e1nek po sv\u011bt\u011b"},"content":{"rendered":"<p><span style=\"font-size: 14pt; color: #000000;\">Jede form\u00e1nek po sv\u011bt\u011b, hled\u00e1 hezk\u00e9ho d\u011bv\u010dete,<\/span><br \/>\n<span style=\"font-size: 14pt; color: #000000;\">uhnul se z cesty na stranu, p\u0159ijel na jednu hospodu.<\/span><\/p>\n<p><span style=\"font-size: 14pt; color: #000000;\">\u0160enk\u00fd\u0159ka \u0161ikovn\u00e1 byla, pive\u010dko mu hned nalila,<\/span><br \/>\n<span style=\"font-size: 14pt; color: #000000;\">\u0161enk\u00fd\u0159ko, hezkou dceru m\u00e1\u0161, komupak ty ji zaprod\u00e1\u0161.<\/span><\/p>\n<p><span style=\"font-size: 14pt; color: #000000;\">To nen\u00ed \u017e\u00e1dn\u00e1 dcera m\u00e1, to je jen d\u011bve\u010dka slu\u017eebn\u00e1,<\/span><br \/>\n<span style=\"font-size: 14pt; color: #000000;\">slu\u017eku poslala pro vodu, sama slou\u017eila formanu.<\/span><\/p>\n<p><span style=\"font-size: 14pt; color: #000000;\">Slu\u017eka se s vodou nevrac\u00ed, d\u011bl\u00e1 si z toho legraci,<\/span><br \/>\n<span style=\"font-size: 14pt; color: #000000;\">\u0161enk\u00fd\u0159ko, zde m\u00e1te tu vodu, j\u00e1 u v\u00e1s slou\u017eit nebudu.<\/span><\/p>\n<p><span style=\"font-size: 14pt; color: #000000;\">Pov\u011bz mn\u011b, holka rozmil\u00e1, kterak jsi se sem dostala?<\/span><br \/>\n<span style=\"font-size: 14pt; color: #000000;\">Jezdili tudy formani, ti mn\u011b jabl\u00ed\u010dka h\u00e1zeli.<\/span><\/p>\n<p><span style=\"font-size: 14pt; color: #000000;\">St\u00e1le mn\u011b je tam h\u00e1zeli, a\u017e m\u011b do vozu dostali,<\/span><br \/>\n<span style=\"font-size: 14pt; color: #000000;\">kdy\u017e m\u011b do vozu dostali, za litr piva prodali.<\/span><\/p>","protected":false},"excerpt":{"rendered":"<p>Jede form\u00e1nek po sv\u011bt\u011b, hled\u00e1 hezk\u00e9ho d\u011bv\u010dete, uhnul se z cesty na stranu, p\u0159ijel na jednu hospodu. \u0160enk\u00fd\u0159ka \u0161ikovn\u00e1 byla, pive\u010dko mu hned nalila, \u0161enk\u00fd\u0159ko, hezkou dceru m\u00e1\u0161, komupak ty ji zaprod\u00e1\u0161. To nen\u00ed \u017e\u00e1dn\u00e1 dcera m\u00e1, to je jen d\u011bve\u010dka slu\u017eebn\u00e1, [&hellip;]<\/p>\n","protected":false},"featured_media":7612,"comment_status":"closed","ping_status":"closed","template":"","meta":{"om_disable_all_campaigns":false},"product_brand":[],"product_cat":[40,1168],"product_tag":[1084,1188],"class_list":{"0":"post-7649","1":"product","2":"type-product","3":"status-publish","4":"has-post-thumbnail","6":"product_cat-mala-partia","7":"product_cat-noty","8":"product_tag-mala-partia","9":"product_tag-noty","11":"first","12":"outofstock","13":"downloadable","14":"virtual","15":"taxable","16":"purchasable","17":"product-type-simple"},"yoast_head":"<!-- This site is optimized with the Yoast SEO plugin v27.4 - https:\/\/yoast.com\/product\/yoast-seo-wordpress\/ -->\n<title>Jede form\u00e1nek po sv\u011bt\u011b - Peter \u010cerni\u010dka | Noty | HUDOBN\u00c9 PODKLADY<\/title>\n<meta name=\"description\" content=\"Noty pre mal\u00fa partiu N\u00e1strojov\u00e9 obsadenie: Kr\u00eddlovka, Tenor, Akorde\u00f3n, Tuba, Bicie. S mo\u017enos\u0165ou dop\u00edsa\u0165 aj in\u00e9 n\u00e1stroje. Pr\u00edpadne vytvori\u0165 zmes skladieb\" \/>\n<meta name=\"robots\" content=\"index, follow, max-snippet:-1, max-image-preview:large, max-video-preview:-1\" \/>\n<link rel=\"canonical\" href=\"https:\/\/shop.petercernicka.eu\/de\/shop\/mala-partia\/jede-formanek-po-svete\/\" \/>\n<meta property=\"og:locale\" content=\"de_DE\" \/>\n<meta property=\"og:type\" content=\"article\" \/>\n<meta property=\"og:title\" content=\"Jede form\u00e1nek po sv\u011bt\u011b - noty pre mal\u00fa partiu\" \/>\n<meta property=\"og:description\" content=\"Noty pre mal\u00fa partiu N\u00e1strojov\u00e9 obsadenie: Kr\u00eddlovka, Tenor, Akorde\u00f3n, Tuba, Bicie. S mo\u017enos\u0165ou dop\u00edsa\u0165 aj in\u00e9 n\u00e1stroje. Pr\u00edpadne vytvori\u0165 zmes skladieb\" \/>\n<meta property=\"og:url\" content=\"https:\/\/shop.petercernicka.eu\/de\/shop\/mala-partia\/jede-formanek-po-svete\/\" \/>\n<meta property=\"og:site_name\" content=\"Peter \u010cerni\u010dka | Noty | HUDOBN\u00c9 PODKLADY\" \/>\n<meta property=\"article:publisher\" content=\"https:\/\/www.facebook.com\/petercernickanoty\" \/>\n<meta property=\"article:modified_time\" content=\"2026-01-31T13:47:11+00:00\" \/>\n<meta property=\"og:image\" content=\"https:\/\/shop.petercernicka.eu\/wp-content\/uploads\/2023\/04\/Jede-formanek-po-svete-Parts_page-0001.jpg\" \/>\n\t<meta property=\"og:image:width\" content=\"1240\" \/>\n\t<meta property=\"og:image:height\" content=\"1755\" \/>\n\t<meta property=\"og:image:type\" content=\"image\/jpeg\" \/>\n<meta name=\"twitter:card\" content=\"summary_large_image\" \/>\n<meta name=\"twitter:label1\" content=\"Gesch\u00e4tzte Lesezeit\" \/>\n\t<meta name=\"twitter:data1\" content=\"1\u00a0Minute\" \/>\n<script type=\"application\/ld+json\" class=\"yoast-schema-graph\">{\"@context\":\"https:\\\/\\\/schema.org\",\"@graph\":[{\"@type\":\"WebPage\",\"@id\":\"https:\\\/\\\/shop.petercernicka.eu\\\/shop\\\/mala-partia\\\/jede-formanek-po-svete\\\/\",\"url\":\"https:\\\/\\\/shop.petercernicka.eu\\\/shop\\\/mala-partia\\\/jede-formanek-po-svete\\\/\",\"name\":\"Jede form\u00e1nek po sv\u011bt\u011b - Peter \u010cerni\u010dka | Noty | HUDOBN\u00c9 PODKLADY\",\"isPartOf\":{\"@id\":\"https:\\\/\\\/shop.petercernicka.eu\\\/#website\"},\"primaryImageOfPage\":{\"@id\":\"https:\\\/\\\/shop.petercernicka.eu\\\/shop\\\/mala-partia\\\/jede-formanek-po-svete\\\/#primaryimage\"},\"image\":{\"@id\":\"https:\\\/\\\/shop.petercernicka.eu\\\/shop\\\/mala-partia\\\/jede-formanek-po-svete\\\/#primaryimage\"},\"thumbnailUrl\":\"https:\\\/\\\/shop.petercernicka.eu\\\/wp-content\\\/uploads\\\/2023\\\/04\\\/Jede-formanek-po-svete-Parts_page-0001.jpg\",\"datePublished\":\"2023-04-20T14:34:51+00:00\",\"dateModified\":\"2026-01-31T13:47:11+00:00\",\"description\":\"Noty pre mal\u00fa partiu N\u00e1strojov\u00e9 obsadenie: Kr\u00eddlovka, Tenor, Akorde\u00f3n, Tuba, Bicie. S mo\u017enos\u0165ou dop\u00edsa\u0165 aj in\u00e9 n\u00e1stroje. Pr\u00edpadne vytvori\u0165 zmes skladieb\",\"breadcrumb\":{\"@id\":\"https:\\\/\\\/shop.petercernicka.eu\\\/shop\\\/mala-partia\\\/jede-formanek-po-svete\\\/#breadcrumb\"},\"inLanguage\":\"de\",\"potentialAction\":[{\"@type\":\"ReadAction\",\"target\":[\"https:\\\/\\\/shop.petercernicka.eu\\\/shop\\\/mala-partia\\\/jede-formanek-po-svete\\\/\"]}]},{\"@type\":\"ImageObject\",\"inLanguage\":\"de\",\"@id\":\"https:\\\/\\\/shop.petercernicka.eu\\\/shop\\\/mala-partia\\\/jede-formanek-po-svete\\\/#primaryimage\",\"url\":\"https:\\\/\\\/shop.petercernicka.eu\\\/wp-content\\\/uploads\\\/2023\\\/04\\\/Jede-formanek-po-svete-Parts_page-0001.jpg\",\"contentUrl\":\"https:\\\/\\\/shop.petercernicka.eu\\\/wp-content\\\/uploads\\\/2023\\\/04\\\/Jede-formanek-po-svete-Parts_page-0001.jpg\",\"width\":1240,\"height\":1755,\"caption\":\"Jede form\u00e1nek po sv\u011bt\u011b noty pro dechovku\"},{\"@type\":\"BreadcrumbList\",\"@id\":\"https:\\\/\\\/shop.petercernicka.eu\\\/shop\\\/mala-partia\\\/jede-formanek-po-svete\\\/#breadcrumb\",\"itemListElement\":[{\"@type\":\"ListItem\",\"position\":1,\"name\":\"Home\",\"item\":\"https:\\\/\\\/shop.petercernicka.eu\\\/\"},{\"@type\":\"ListItem\",\"position\":2,\"name\":\"Produkty\",\"item\":\"https:\\\/\\\/shop.petercernicka.eu\\\/obchod\\\/\"},{\"@type\":\"ListItem\",\"position\":3,\"name\":\"Jede form\u00e1nek po sv\u011bt\u011b\"}]},{\"@type\":\"WebSite\",\"@id\":\"https:\\\/\\\/shop.petercernicka.eu\\\/#website\",\"url\":\"https:\\\/\\\/shop.petercernicka.eu\\\/\",\"name\":\"Peter \u010cerni\u010dka | Noty | HUDOBN\u00c9 PODKLADY\",\"description\":\"\u013eudov\u00e9 piesne, popul\u00e1rne \u0161l\u00e1gre, \u010desko-slovensk\u00e9 hity, cig\u00e1nske piesne, ewergreeny, viano\u010dn\u00e9 koledy\",\"potentialAction\":[{\"@type\":\"SearchAction\",\"target\":{\"@type\":\"EntryPoint\",\"urlTemplate\":\"https:\\\/\\\/shop.petercernicka.eu\\\/?s={search_term_string}\"},\"query-input\":{\"@type\":\"PropertyValueSpecification\",\"valueRequired\":true,\"valueName\":\"search_term_string\"}}],\"inLanguage\":\"de\"}]}<\/script>\n<!-- \/ Yoast SEO plugin. -->","yoast_head_json":{"title":"Jede form\u00e1nek po sv\u011bt\u011b - Peter \u010cerni\u010dka | Noty | HUDOBN\u00c9 PODKLADY","description":"Noty pre mal\u00fa partiu N\u00e1strojov\u00e9 obsadenie: Kr\u00eddlovka, Tenor, Akorde\u00f3n, Tuba, Bicie. S mo\u017enos\u0165ou dop\u00edsa\u0165 aj in\u00e9 n\u00e1stroje. Pr\u00edpadne vytvori\u0165 zmes skladieb","robots":{"index":"index","follow":"follow","max-snippet":"max-snippet:-1","max-image-preview":"max-image-preview:large","max-video-preview":"max-video-preview:-1"},"canonical":"https:\/\/shop.petercernicka.eu\/de\/shop\/mala-partia\/jede-formanek-po-svete\/","og_locale":"de_DE","og_type":"article","og_title":"Jede form\u00e1nek po sv\u011bt\u011b - noty pre mal\u00fa partiu","og_description":"Noty pre mal\u00fa partiu N\u00e1strojov\u00e9 obsadenie: Kr\u00eddlovka, Tenor, Akorde\u00f3n, Tuba, Bicie. S mo\u017enos\u0165ou dop\u00edsa\u0165 aj in\u00e9 n\u00e1stroje. Pr\u00edpadne vytvori\u0165 zmes skladieb","og_url":"https:\/\/shop.petercernicka.eu\/de\/shop\/mala-partia\/jede-formanek-po-svete\/","og_site_name":"Peter \u010cerni\u010dka | Noty | HUDOBN\u00c9 PODKLADY","article_publisher":"https:\/\/www.facebook.com\/petercernickanoty","article_modified_time":"2026-01-31T13:47:11+00:00","og_image":[{"width":1240,"height":1755,"url":"https:\/\/shop.petercernicka.eu\/wp-content\/uploads\/2023\/04\/Jede-formanek-po-svete-Parts_page-0001.jpg","type":"image\/jpeg"}],"twitter_card":"summary_large_image","twitter_misc":{"Gesch\u00e4tzte Lesezeit":"1\u00a0Minute"},"schema":{"@context":"https:\/\/schema.org","@graph":[{"@type":"WebPage","@id":"https:\/\/shop.petercernicka.eu\/shop\/mala-partia\/jede-formanek-po-svete\/","url":"https:\/\/shop.petercernicka.eu\/shop\/mala-partia\/jede-formanek-po-svete\/","name":"Jede form\u00e1nek po sv\u011bt\u011b - Peter \u010cerni\u010dka | Noty | HUDOBN\u00c9 PODKLADY","isPartOf":{"@id":"https:\/\/shop.petercernicka.eu\/#website"},"primaryImageOfPage":{"@id":"https:\/\/shop.petercernicka.eu\/shop\/mala-partia\/jede-formanek-po-svete\/#primaryimage"},"image":{"@id":"https:\/\/shop.petercernicka.eu\/shop\/mala-partia\/jede-formanek-po-svete\/#primaryimage"},"thumbnailUrl":"https:\/\/shop.petercernicka.eu\/wp-content\/uploads\/2023\/04\/Jede-formanek-po-svete-Parts_page-0001.jpg","datePublished":"2023-04-20T14:34:51+00:00","dateModified":"2026-01-31T13:47:11+00:00","description":"Noty pre mal\u00fa partiu N\u00e1strojov\u00e9 obsadenie: Kr\u00eddlovka, Tenor, Akorde\u00f3n, Tuba, Bicie. S mo\u017enos\u0165ou dop\u00edsa\u0165 aj in\u00e9 n\u00e1stroje. Pr\u00edpadne vytvori\u0165 zmes skladieb","breadcrumb":{"@id":"https:\/\/shop.petercernicka.eu\/shop\/mala-partia\/jede-formanek-po-svete\/#breadcrumb"},"inLanguage":"de","potentialAction":[{"@type":"ReadAction","target":["https:\/\/shop.petercernicka.eu\/shop\/mala-partia\/jede-formanek-po-svete\/"]}]},{"@type":"ImageObject","inLanguage":"de","@id":"https:\/\/shop.petercernicka.eu\/shop\/mala-partia\/jede-formanek-po-svete\/#primaryimage","url":"https:\/\/shop.petercernicka.eu\/wp-content\/uploads\/2023\/04\/Jede-formanek-po-svete-Parts_page-0001.jpg","contentUrl":"https:\/\/shop.petercernicka.eu\/wp-content\/uploads\/2023\/04\/Jede-formanek-po-svete-Parts_page-0001.jpg","width":1240,"height":1755,"caption":"Jede form\u00e1nek po sv\u011bt\u011b noty pro dechovku"},{"@type":"BreadcrumbList","@id":"https:\/\/shop.petercernicka.eu\/shop\/mala-partia\/jede-formanek-po-svete\/#breadcrumb","itemListElement":[{"@type":"ListItem","position":1,"name":"Home","item":"https:\/\/shop.petercernicka.eu\/"},{"@type":"ListItem","position":2,"name":"Produkty","item":"https:\/\/shop.petercernicka.eu\/obchod\/"},{"@type":"ListItem","position":3,"name":"Jede form\u00e1nek po sv\u011bt\u011b"}]},{"@type":"WebSite","@id":"https:\/\/shop.petercernicka.eu\/#website","url":"https:\/\/shop.petercernicka.eu\/","name":"Peter \u010cerni\u010dka | Noty | HUDOBN\u00c9 PODKLADY","description":"Volkslieder, Schlager, Tschechoslowakische Schlager, Zigeunerlieder, Evergreens, Weihnachtslieder","potentialAction":[{"@type":"SearchAction","target":{"@type":"EntryPoint","urlTemplate":"https:\/\/shop.petercernicka.eu\/?s={search_term_string}"},"query-input":{"@type":"PropertyValueSpecification","valueRequired":true,"valueName":"search_term_string"}}],"inLanguage":"de"}]}},"_links":{"self":[{"href":"https:\/\/shop.petercernicka.eu\/de\/wp-json\/wp\/v2\/product\/7649","targetHints":{"allow":["GET"]}}],"collection":[{"href":"https:\/\/shop.petercernicka.eu\/de\/wp-json\/wp\/v2\/product"}],"about":[{"href":"https:\/\/shop.petercernicka.eu\/de\/wp-json\/wp\/v2\/types\/product"}],"replies":[{"embeddable":true,"href":"https:\/\/shop.petercernicka.eu\/de\/wp-json\/wp\/v2\/comments?post=7649"}],"wp:featuredmedia":[{"embeddable":true,"href":"https:\/\/shop.petercernicka.eu\/de\/wp-json\/wp\/v2\/media\/7612"}],"wp:attachment":[{"href":"https:\/\/shop.petercernicka.eu\/de\/wp-json\/wp\/v2\/media?parent=7649"}],"wp:term":[{"taxonomy":"product_brand","embeddable":true,"href":"https:\/\/shop.petercernicka.eu\/de\/wp-json\/wp\/v2\/product_brand?post=7649"},{"taxonomy":"product_cat","embeddable":true,"href":"https:\/\/shop.petercernicka.eu\/de\/wp-json\/wp\/v2\/product_cat?post=7649"},{"taxonomy":"product_tag","embeddable":true,"href":"https:\/\/shop.petercernicka.eu\/de\/wp-json\/wp\/v2\/product_tag?post=7649"}],"curies":[{"name":"wp","href":"https:\/\/api.w.org\/{rel}","templated":true}]}}