{"id":7168,"date":"2022-09-14T10:03:08","date_gmt":"2022-09-14T08:03:08","guid":{"rendered":"https:\/\/shop.petercernicka.eu\/?post_type=product&#038;p=7168"},"modified":"2025-05-11T11:13:18","modified_gmt":"2025-05-11T09:13:18","slug":"pivko-cico-band-rene-rendy","status":"publish","type":"product","link":"https:\/\/shop.petercernicka.eu\/de\/shop\/dychova-hudba\/pivko-cico-band-rene-rendy\/","title":{"rendered":"Pivko &#8211; Cico band &#038; Rene Rendy"},"content":{"rendered":"<p><span style=\"font-size: 12pt; color: #000000;\">PREDOHRA<\/span><\/p>\n<p>&nbsp;<\/p>\n<p><span style=\"font-size: 12pt; color: #000000;\">M\u00e1m chu\u0165 na mal\u00e9 pivko a t\u00fdm mi za\u010d\u00edna noc,<\/span><\/p>\n<p><span style=\"font-size: 12pt; color: #000000;\">z baru po\u010dujem hudbu, to potrebujem tie\u017e.<\/span><\/p>\n<p><span style=\"font-size: 12pt; color: #000000;\">P\u00edvo moje palivo, to hovor\u00ed za v\u0161etko,<\/span><\/p>\n<p><span style=\"font-size: 12pt; color: #000000;\">ke\u010f hudba hr\u00e1 na plno, \u0161aj na la la la la la la la.<\/span><\/p>\n<p>&nbsp;<\/p>\n<p><span style=\"font-size: 12pt; color: #000000;\">M\u00e1m \u0161\u0165astn\u00e9 chv\u00edle a \u017eivot ma u\u017e hnev\u00e1,<\/span><\/p>\n<p><span style=\"font-size: 12pt; color: #000000;\">ve\u013emi dobre ja viem, \u017ee reset mal\u00fd treba.<\/span><\/p>\n<p><span style=\"font-size: 12pt; color: #000000;\">Ke\u010f sa mi ni\u010d nechce a pr\u00e1ca ma ne\u0165ah\u00e1<\/span><\/p>\n<p><span style=\"font-size: 12pt; color: #000000;\">a pak \u00eds\u0165 na pivo a u\u017e ma nem\u00e1 r\u00e1d.\u00a0<\/span><\/p>\n<p>&nbsp;<\/p>\n<p><span style=\"font-size: 12pt; color: #000000;\">M\u00e1m chu\u0165 na mal\u00e9 pivko a t\u00fdm mi za\u010d\u00edna noc,<\/span><\/p>\n<p><span style=\"font-size: 12pt; color: #000000;\">z baru po\u010dujem hudbu, to potrebujem tie\u017e.<\/span><\/p>\n<p><span style=\"font-size: 12pt; color: #000000;\">P\u00edvo moje palivo, to hovor\u00ed za v\u0161etko,<\/span><\/p>\n<p><span style=\"font-size: 12pt; color: #000000;\">ke\u010f hudba hr\u00e1 na plno, \u0161aj na la la la la la la la.<\/span><\/p>\n<p>&nbsp;<\/p>\n<p><span style=\"font-size: 12pt; color: #000000;\">M\u00e1m chu\u0165 na mal\u00e9 pivko a t\u00fdm mi za\u010d\u00edna noc,<\/span><\/p>\n<p><span style=\"font-size: 12pt; color: #000000;\">z baru po\u010dujem hudbu, to potrebujem tie\u017e.<\/span><\/p>\n<p><span style=\"font-size: 12pt; color: #000000;\">P\u00edvo moje palivo, to hovor\u00ed za v\u0161etko,<\/span><\/p>\n<p><span style=\"font-size: 12pt; color: #000000;\">ke\u010f hudba hr\u00e1 na plno, \u0161aj na la la la la la la la.<\/span><\/p>\n<p>&nbsp;<\/p>\n<p><span style=\"font-size: 12pt; color: #000000;\">S\u00d3LO SAX.<\/span><\/p>\n<p>&nbsp;<\/p>\n<p><span style=\"font-size: 12pt; color: #000000;\">Barman pr\u00edde k n\u00e1m a p\u00fdta sa \u010do chcete,<\/span><\/p>\n<p><span style=\"font-size: 12pt; color: #000000;\">v\u0161etci jednohlasne pivko \u010dapovan\u00e9.<\/span><\/p>\n<p><span style=\"font-size: 12pt; color: #000000;\">Noc n\u00e1m v bare zbehla a ja u\u017e skoro driemem,<\/span><\/p>\n<p><span style=\"font-size: 12pt; color: #000000;\">no aj v takej chv\u00edli, e\u0161te jedno znesiem.<\/span><\/p>\n<p>&nbsp;<\/p>\n<p><span style=\"font-size: 12pt; color: #000000;\">M\u00e1m chu\u0165 na mal\u00e9 pivko a t\u00fdm mi za\u010d\u00edna noc,<\/span><\/p>\n<p><span style=\"font-size: 12pt; color: #000000;\">z baru po\u010dujem hudbu, to potrebujem tie\u017e.<\/span><\/p>\n<p><span style=\"font-size: 12pt; color: #000000;\">P\u00edvo moje palivo, to hovor\u00ed za v\u0161etko,<\/span><\/p>\n<p><span style=\"font-size: 12pt; color: #000000;\">ke\u010f hudba hr\u00e1 na plno, \u0161aj na la la la la la la la.<\/span><\/p>\n<p>&nbsp;<\/p>\n<p><span style=\"font-size: 12pt; color: #000000;\">M\u00e1m chu\u0165 mal\u00e9 pivko a t\u00fdm mi za\u010d\u00edna noc,<\/span><\/p>\n<p><span style=\"font-size: 12pt; color: #000000;\">z baru po\u010dujem hudbu, to potrebujem tie\u017e.<\/span><\/p>\n<p><span style=\"font-size: 12pt; color: #000000;\">P\u00edvo moje palivo, to hovor\u00ed za v\u0161etko,<\/span><\/p>\n<p><span style=\"font-size: 12pt; color: #000000;\">ke\u010f hudba hr\u00e1 na plno, \u0161aj na la la la la la la la.<\/span><\/p>\n<p>&nbsp;<\/p>\n<p><span style=\"font-size: 12pt; color: #000000;\">S\u00d3LO SAX.<\/span><\/p>\n<p>&nbsp;<\/p>\n<p><span style=\"font-size: 12pt; color: #000000;\">\u0160aj la la la la la la la<\/span><\/p>\n<p><span style=\"font-size: 12pt; color: #000000;\">\u0161aj la la la la la la la<\/span><\/p>\n<p><span style=\"font-size: 12pt; color: #000000;\">\u0161aj la la la la la la la<\/span><\/p>\n<p><span style=\"font-size: 12pt; color: #000000;\">\u0161aj la la la la la la la.<\/span><\/p>\n<p>&nbsp;<\/p>\n<p><span style=\"font-size: 12pt; color: #000000;\">\u0160aj la la la la la la la<\/span><\/p>\n<p><span style=\"font-size: 12pt; color: #000000;\">\u0161aj la la la la la la la<\/span><\/p>\n<p><span style=\"font-size: 12pt; color: #000000;\">\u0161aj la la la la la la la<\/span><\/p>\n<p><span style=\"font-size: 12pt; color: #000000;\">\u0161aj la la la la la la la.<\/span><\/p>\n<p><span style=\"font-size: 12pt; color: #000000;\">\u00a0\u00a0<\/span><\/p>\n<p><span style=\"font-size: 12pt; color: #000000;\">M\u00e1m chu\u0165 mal\u00e9 pivko a t\u00fdm mi za\u010d\u00edna noc,<\/span><\/p>\n<p><span style=\"font-size: 12pt; color: #000000;\">z baru po\u010dujem hudbu, to potrebujem tie\u017e.<\/span><\/p>\n<p><span style=\"font-size: 12pt; color: #000000;\">P\u00edvo moje palivo, to hovor\u00ed za v\u0161etko,<\/span><\/p>\n<p><span style=\"font-size: 12pt; color: #000000;\">ke\u010f hudba hr\u00e1 na plno, \u0161aj na la la la la la la la.<\/span><\/p>\n<p>&nbsp;<\/p>\n<p><span style=\"font-size: 12pt; color: #000000;\">DOHRA<\/span><\/p>","protected":false},"excerpt":{"rendered":"<p><audio class=\"wp-audio-shortcode\" id=\"audio-7168-1\" preload=\"none\" style=\"width: 100%;\" controls=\"controls\"><source type=\"audio\/mpeg\" src=\"https:\/\/shop.petercernicka.eu\/wp-content\/uploads\/2022\/09\/Pivko.mp3?_=1\" \/><a href=\"https:\/\/shop.petercernicka.eu\/wp-content\/uploads\/2022\/09\/Pivko.mp3\">https:\/\/shop.petercernicka.eu\/wp-content\/uploads\/2022\/09\/Pivko.mp3<\/a><\/audio><\/p>","protected":false},"featured_media":7169,"comment_status":"closed","ping_status":"closed","template":"","meta":{"om_disable_all_campaigns":false},"product_brand":[],"product_cat":[36,1168],"product_tag":[1188,66,25],"class_list":{"0":"post-7168","1":"product","2":"type-product","3":"status-publish","4":"has-post-thumbnail","6":"product_cat-dychova-hudba","7":"product_cat-noty","8":"product_tag-noty","9":"product_tag-spev","10":"product_tag-tanecne-skladby-sk-cz","11":"pa_licencia-koncerty-zabavy-a-pod","12":"pa_licencia-nahravanie-cd","14":"first","15":"instock","16":"taxable","17":"shipping-taxable","18":"purchasable","19":"product-type-simple"},"yoast_head":"<!-- This site is optimized with the Yoast SEO plugin v27.4 - https:\/\/yoast.com\/product\/yoast-seo-wordpress\/ -->\n<title>Pivko - Cico band &amp; Rene Rendy - Peter \u010cerni\u010dka | Noty | HUDOBN\u00c9 PODKLADY<\/title>\n<meta name=\"robots\" content=\"index, follow, max-snippet:-1, max-image-preview:large, max-video-preview:-1\" \/>\n<link rel=\"canonical\" href=\"https:\/\/shop.petercernicka.eu\/de\/shop\/dychova-hudba\/pivko-cico-band-rene-rendy\/\" \/>\n<meta property=\"og:locale\" content=\"de_DE\" \/>\n<meta property=\"og:type\" content=\"article\" \/>\n<meta property=\"og:title\" content=\"Pivko - Cico band &amp; Rene Rendy - Noty pre dychovku\" \/>\n<meta property=\"og:url\" content=\"https:\/\/shop.petercernicka.eu\/de\/shop\/dychova-hudba\/pivko-cico-band-rene-rendy\/\" \/>\n<meta property=\"og:site_name\" content=\"Peter \u010cerni\u010dka | Noty | HUDOBN\u00c9 PODKLADY\" \/>\n<meta property=\"article:publisher\" content=\"https:\/\/www.facebook.com\/petercernickanoty\" \/>\n<meta property=\"article:modified_time\" content=\"2025-05-11T09:13:18+00:00\" \/>\n<meta property=\"og:image\" content=\"https:\/\/shop.petercernicka.eu\/wp-content\/uploads\/2022\/09\/pivko-Cico-band-Rene-Rendy.jpg\" \/>\n\t<meta property=\"og:image:width\" content=\"1280\" \/>\n\t<meta property=\"og:image:height\" content=\"720\" \/>\n\t<meta property=\"og:image:type\" content=\"image\/jpeg\" \/>\n<meta name=\"twitter:card\" content=\"summary_large_image\" \/>\n<meta name=\"twitter:description\" content=\"[audio mp3=&quot;https:\/\/shop.petercernicka.eu\/wp-content\/uploads\/2022\/09\/Pivko.mp3&quot;][\/audio]\" \/>\n<meta name=\"twitter:label1\" content=\"Gesch\u00e4tzte Lesezeit\" \/>\n\t<meta name=\"twitter:data1\" content=\"2\u00a0Minuten\" \/>\n<script type=\"application\/ld+json\" class=\"yoast-schema-graph\">{\"@context\":\"https:\\\/\\\/schema.org\",\"@graph\":[{\"@type\":\"WebPage\",\"@id\":\"https:\\\/\\\/shop.petercernicka.eu\\\/shop\\\/dychova-hudba\\\/pivko-cico-band-rene-rendy\\\/\",\"url\":\"https:\\\/\\\/shop.petercernicka.eu\\\/shop\\\/dychova-hudba\\\/pivko-cico-band-rene-rendy\\\/\",\"name\":\"Pivko - Cico band & Rene Rendy - Peter \u010cerni\u010dka | Noty | HUDOBN\u00c9 PODKLADY\",\"isPartOf\":{\"@id\":\"https:\\\/\\\/shop.petercernicka.eu\\\/#website\"},\"primaryImageOfPage\":{\"@id\":\"https:\\\/\\\/shop.petercernicka.eu\\\/shop\\\/dychova-hudba\\\/pivko-cico-band-rene-rendy\\\/#primaryimage\"},\"image\":{\"@id\":\"https:\\\/\\\/shop.petercernicka.eu\\\/shop\\\/dychova-hudba\\\/pivko-cico-band-rene-rendy\\\/#primaryimage\"},\"thumbnailUrl\":\"https:\\\/\\\/shop.petercernicka.eu\\\/wp-content\\\/uploads\\\/2022\\\/09\\\/pivko-Cico-band-Rene-Rendy.jpg\",\"datePublished\":\"2022-09-14T08:03:08+00:00\",\"dateModified\":\"2025-05-11T09:13:18+00:00\",\"breadcrumb\":{\"@id\":\"https:\\\/\\\/shop.petercernicka.eu\\\/shop\\\/dychova-hudba\\\/pivko-cico-band-rene-rendy\\\/#breadcrumb\"},\"inLanguage\":\"de\",\"potentialAction\":[{\"@type\":\"ReadAction\",\"target\":[\"https:\\\/\\\/shop.petercernicka.eu\\\/shop\\\/dychova-hudba\\\/pivko-cico-band-rene-rendy\\\/\"]}]},{\"@type\":\"ImageObject\",\"inLanguage\":\"de\",\"@id\":\"https:\\\/\\\/shop.petercernicka.eu\\\/shop\\\/dychova-hudba\\\/pivko-cico-band-rene-rendy\\\/#primaryimage\",\"url\":\"https:\\\/\\\/shop.petercernicka.eu\\\/wp-content\\\/uploads\\\/2022\\\/09\\\/pivko-Cico-band-Rene-Rendy.jpg\",\"contentUrl\":\"https:\\\/\\\/shop.petercernicka.eu\\\/wp-content\\\/uploads\\\/2022\\\/09\\\/pivko-Cico-band-Rene-Rendy.jpg\",\"width\":1280,\"height\":720,\"caption\":\"Pivko - Cico band & Rene Rendy\"},{\"@type\":\"BreadcrumbList\",\"@id\":\"https:\\\/\\\/shop.petercernicka.eu\\\/shop\\\/dychova-hudba\\\/pivko-cico-band-rene-rendy\\\/#breadcrumb\",\"itemListElement\":[{\"@type\":\"ListItem\",\"position\":1,\"name\":\"Home\",\"item\":\"https:\\\/\\\/shop.petercernicka.eu\\\/\"},{\"@type\":\"ListItem\",\"position\":2,\"name\":\"Produkty\",\"item\":\"https:\\\/\\\/shop.petercernicka.eu\\\/obchod\\\/\"},{\"@type\":\"ListItem\",\"position\":3,\"name\":\"Pivko &#8211; Cico band &#038; Rene Rendy\"}]},{\"@type\":\"WebSite\",\"@id\":\"https:\\\/\\\/shop.petercernicka.eu\\\/#website\",\"url\":\"https:\\\/\\\/shop.petercernicka.eu\\\/\",\"name\":\"Peter \u010cerni\u010dka | Noty | HUDOBN\u00c9 PODKLADY\",\"description\":\"\u013eudov\u00e9 piesne, popul\u00e1rne \u0161l\u00e1gre, \u010desko-slovensk\u00e9 hity, cig\u00e1nske piesne, ewergreeny, viano\u010dn\u00e9 koledy\",\"potentialAction\":[{\"@type\":\"SearchAction\",\"target\":{\"@type\":\"EntryPoint\",\"urlTemplate\":\"https:\\\/\\\/shop.petercernicka.eu\\\/?s={search_term_string}\"},\"query-input\":{\"@type\":\"PropertyValueSpecification\",\"valueRequired\":true,\"valueName\":\"search_term_string\"}}],\"inLanguage\":\"de\"}]}<\/script>\n<!-- \/ Yoast SEO plugin. -->","yoast_head_json":{"title":"Pivko - Cico band & Rene Rendy - Peter \u010cerni\u010dka | Noty | HUDOBN\u00c9 PODKLADY","robots":{"index":"index","follow":"follow","max-snippet":"max-snippet:-1","max-image-preview":"max-image-preview:large","max-video-preview":"max-video-preview:-1"},"canonical":"https:\/\/shop.petercernicka.eu\/de\/shop\/dychova-hudba\/pivko-cico-band-rene-rendy\/","og_locale":"de_DE","og_type":"article","og_title":"Pivko - Cico band & Rene Rendy - Noty pre dychovku","og_url":"https:\/\/shop.petercernicka.eu\/de\/shop\/dychova-hudba\/pivko-cico-band-rene-rendy\/","og_site_name":"Peter \u010cerni\u010dka | Noty | HUDOBN\u00c9 PODKLADY","article_publisher":"https:\/\/www.facebook.com\/petercernickanoty","article_modified_time":"2025-05-11T09:13:18+00:00","og_image":[{"width":1280,"height":720,"url":"https:\/\/shop.petercernicka.eu\/wp-content\/uploads\/2022\/09\/pivko-Cico-band-Rene-Rendy.jpg","type":"image\/jpeg"}],"twitter_card":"summary_large_image","twitter_description":"[audio mp3=\"https:\/\/shop.petercernicka.eu\/wp-content\/uploads\/2022\/09\/Pivko.mp3\"][\/audio]","twitter_misc":{"Gesch\u00e4tzte Lesezeit":"2\u00a0Minuten"},"schema":{"@context":"https:\/\/schema.org","@graph":[{"@type":"WebPage","@id":"https:\/\/shop.petercernicka.eu\/shop\/dychova-hudba\/pivko-cico-band-rene-rendy\/","url":"https:\/\/shop.petercernicka.eu\/shop\/dychova-hudba\/pivko-cico-band-rene-rendy\/","name":"Pivko - Cico band & Rene Rendy - Peter \u010cerni\u010dka | Noty | HUDOBN\u00c9 PODKLADY","isPartOf":{"@id":"https:\/\/shop.petercernicka.eu\/#website"},"primaryImageOfPage":{"@id":"https:\/\/shop.petercernicka.eu\/shop\/dychova-hudba\/pivko-cico-band-rene-rendy\/#primaryimage"},"image":{"@id":"https:\/\/shop.petercernicka.eu\/shop\/dychova-hudba\/pivko-cico-band-rene-rendy\/#primaryimage"},"thumbnailUrl":"https:\/\/shop.petercernicka.eu\/wp-content\/uploads\/2022\/09\/pivko-Cico-band-Rene-Rendy.jpg","datePublished":"2022-09-14T08:03:08+00:00","dateModified":"2025-05-11T09:13:18+00:00","breadcrumb":{"@id":"https:\/\/shop.petercernicka.eu\/shop\/dychova-hudba\/pivko-cico-band-rene-rendy\/#breadcrumb"},"inLanguage":"de","potentialAction":[{"@type":"ReadAction","target":["https:\/\/shop.petercernicka.eu\/shop\/dychova-hudba\/pivko-cico-band-rene-rendy\/"]}]},{"@type":"ImageObject","inLanguage":"de","@id":"https:\/\/shop.petercernicka.eu\/shop\/dychova-hudba\/pivko-cico-band-rene-rendy\/#primaryimage","url":"https:\/\/shop.petercernicka.eu\/wp-content\/uploads\/2022\/09\/pivko-Cico-band-Rene-Rendy.jpg","contentUrl":"https:\/\/shop.petercernicka.eu\/wp-content\/uploads\/2022\/09\/pivko-Cico-band-Rene-Rendy.jpg","width":1280,"height":720,"caption":"Pivko - Cico band & Rene Rendy"},{"@type":"BreadcrumbList","@id":"https:\/\/shop.petercernicka.eu\/shop\/dychova-hudba\/pivko-cico-band-rene-rendy\/#breadcrumb","itemListElement":[{"@type":"ListItem","position":1,"name":"Home","item":"https:\/\/shop.petercernicka.eu\/"},{"@type":"ListItem","position":2,"name":"Produkty","item":"https:\/\/shop.petercernicka.eu\/obchod\/"},{"@type":"ListItem","position":3,"name":"Pivko &#8211; Cico band &#038; Rene Rendy"}]},{"@type":"WebSite","@id":"https:\/\/shop.petercernicka.eu\/#website","url":"https:\/\/shop.petercernicka.eu\/","name":"Peter \u010cerni\u010dka | Noty | HUDOBN\u00c9 PODKLADY","description":"Volkslieder, Schlager, Tschechoslowakische Schlager, Zigeunerlieder, Evergreens, Weihnachtslieder","potentialAction":[{"@type":"SearchAction","target":{"@type":"EntryPoint","urlTemplate":"https:\/\/shop.petercernicka.eu\/?s={search_term_string}"},"query-input":{"@type":"PropertyValueSpecification","valueRequired":true,"valueName":"search_term_string"}}],"inLanguage":"de"}]}},"_links":{"self":[{"href":"https:\/\/shop.petercernicka.eu\/de\/wp-json\/wp\/v2\/product\/7168","targetHints":{"allow":["GET"]}}],"collection":[{"href":"https:\/\/shop.petercernicka.eu\/de\/wp-json\/wp\/v2\/product"}],"about":[{"href":"https:\/\/shop.petercernicka.eu\/de\/wp-json\/wp\/v2\/types\/product"}],"replies":[{"embeddable":true,"href":"https:\/\/shop.petercernicka.eu\/de\/wp-json\/wp\/v2\/comments?post=7168"}],"wp:featuredmedia":[{"embeddable":true,"href":"https:\/\/shop.petercernicka.eu\/de\/wp-json\/wp\/v2\/media\/7169"}],"wp:attachment":[{"href":"https:\/\/shop.petercernicka.eu\/de\/wp-json\/wp\/v2\/media?parent=7168"}],"wp:term":[{"taxonomy":"product_brand","embeddable":true,"href":"https:\/\/shop.petercernicka.eu\/de\/wp-json\/wp\/v2\/product_brand?post=7168"},{"taxonomy":"product_cat","embeddable":true,"href":"https:\/\/shop.petercernicka.eu\/de\/wp-json\/wp\/v2\/product_cat?post=7168"},{"taxonomy":"product_tag","embeddable":true,"href":"https:\/\/shop.petercernicka.eu\/de\/wp-json\/wp\/v2\/product_tag?post=7168"}],"curies":[{"name":"wp","href":"https:\/\/api.w.org\/{rel}","templated":true}]}}