{"id":7004,"date":"2024-02-24T14:44:55","date_gmt":"2024-02-24T13:44:55","guid":{"rendered":"https:\/\/shop.petercernicka.eu\/?post_type=product&#038;p=7004"},"modified":"2026-01-31T14:47:08","modified_gmt":"2026-01-31T13:47:08","slug":"tahave-piesne-dychove-kvinteto","status":"publish","type":"product","link":"https:\/\/shop.petercernicka.eu\/de\/shop\/komorna-hudba\/dychove-kvinteto\/tahave-piesne-dychove-kvinteto\/","title":{"rendered":"\u0164ahav\u00e9 piesne (dychov\u00e9 kvinteto)"},"content":{"rendered":"<p><span style=\"color: #000000;\">Zo\u0161it obsahuje 20 najzn\u00e1mej\u0161\u00edch \u0165ahav\u00fdch skladieb v \u00faprave pre dychov\u00e9 kvinteto. <\/span><\/p>\n<p><span style=\"color: #000000;\"><strong>Set 5 kn\u00ed\u017eiek.<\/strong> (1 kr\u00eddlovka, 2 kr\u00eddlovka, Tenor, Baryt\u00f3n, Tuba)<\/span><\/p>\n<ol>\n<li><span style=\"color: #000000;\"><span style=\"color: #000000;\">Od Buchlova<br \/>\n<\/span><\/span><audio class=\"wp-audio-shortcode\" id=\"audio-7004-1\" preload=\"none\" style=\"width: 100%;\" controls=\"controls\"><source type=\"audio\/mpeg\" src=\"https:\/\/shop.petercernicka.eu\/wp-content\/uploads\/2024\/02\/Ej-od-Buchlova.mp3?_=1\" \/><a href=\"https:\/\/shop.petercernicka.eu\/wp-content\/uploads\/2024\/02\/Ej-od-Buchlova.mp3\">https:\/\/shop.petercernicka.eu\/wp-content\/uploads\/2024\/02\/Ej-od-Buchlova.mp3<\/a><\/audio><\/li>\n<li><span style=\"color: #000000;\"><span style=\"color: #000000;\">V\u00a0Hodon\u00edne za voja\u010dka<br \/>\n<\/span><\/span><audio class=\"wp-audio-shortcode\" id=\"audio-7004-2\" preload=\"none\" style=\"width: 100%;\" controls=\"controls\"><source type=\"audio\/mpeg\" src=\"https:\/\/shop.petercernicka.eu\/wp-content\/uploads\/2024\/02\/V-Hodonine-za-vojacka.mp3?_=2\" \/><a href=\"https:\/\/shop.petercernicka.eu\/wp-content\/uploads\/2024\/02\/V-Hodonine-za-vojacka.mp3\">https:\/\/shop.petercernicka.eu\/wp-content\/uploads\/2024\/02\/V-Hodonine-za-vojacka.mp3<\/a><\/audio><\/li>\n<li><span style=\"color: #000000;\"><span style=\"color: #000000;\">Zaspala nevesta<br \/>\n<\/span><\/span><audio class=\"wp-audio-shortcode\" id=\"audio-7004-3\" preload=\"none\" style=\"width: 100%;\" controls=\"controls\"><source type=\"audio\/mpeg\" src=\"https:\/\/shop.petercernicka.eu\/wp-content\/uploads\/2024\/02\/Zaspala-nevesta.mp3?_=3\" \/><a href=\"https:\/\/shop.petercernicka.eu\/wp-content\/uploads\/2024\/02\/Zaspala-nevesta.mp3\">https:\/\/shop.petercernicka.eu\/wp-content\/uploads\/2024\/02\/Zaspala-nevesta.mp3<\/a><\/audio><\/li>\n<li><span style=\"color: #000000;\"><span style=\"color: #000000;\">Letela husi\u010dka<br \/>\n<\/span><\/span><audio class=\"wp-audio-shortcode\" id=\"audio-7004-4\" preload=\"none\" style=\"width: 100%;\" controls=\"controls\"><source type=\"audio\/mpeg\" src=\"https:\/\/shop.petercernicka.eu\/wp-content\/uploads\/2024\/02\/Letela-husicka.mp3?_=4\" \/><a href=\"https:\/\/shop.petercernicka.eu\/wp-content\/uploads\/2024\/02\/Letela-husicka.mp3\">https:\/\/shop.petercernicka.eu\/wp-content\/uploads\/2024\/02\/Letela-husicka.mp3<\/a><\/audio><\/li>\n<li><span style=\"color: #000000;\"><span style=\"color: #000000;\">Zahu\u010dali hory<br \/>\n<\/span><\/span><audio class=\"wp-audio-shortcode\" id=\"audio-7004-5\" preload=\"none\" style=\"width: 100%;\" controls=\"controls\"><source type=\"audio\/mpeg\" src=\"https:\/\/shop.petercernicka.eu\/wp-content\/uploads\/2024\/02\/Zahucaly-hory.mp3?_=5\" \/><a href=\"https:\/\/shop.petercernicka.eu\/wp-content\/uploads\/2024\/02\/Zahucaly-hory.mp3\">https:\/\/shop.petercernicka.eu\/wp-content\/uploads\/2024\/02\/Zahucaly-hory.mp3<\/a><\/audio><\/li>\n<li><span style=\"color: #000000;\"><span style=\"color: #000000;\">Kysuca, Kysuca<br \/>\n<\/span><\/span><audio class=\"wp-audio-shortcode\" id=\"audio-7004-6\" preload=\"none\" style=\"width: 100%;\" controls=\"controls\"><source type=\"audio\/mpeg\" src=\"https:\/\/shop.petercernicka.eu\/wp-content\/uploads\/2024\/02\/Kysuca-Kysuca.mp3?_=6\" \/><a href=\"https:\/\/shop.petercernicka.eu\/wp-content\/uploads\/2024\/02\/Kysuca-Kysuca.mp3\">https:\/\/shop.petercernicka.eu\/wp-content\/uploads\/2024\/02\/Kysuca-Kysuca.mp3<\/a><\/audio><\/li>\n<li><span style=\"color: #000000;\"><span style=\"color: #000000;\">V\u00a0\u0161\u00edrem poli stud\u00e1ne\u010dka<br \/>\n<\/span><\/span><audio class=\"wp-audio-shortcode\" id=\"audio-7004-7\" preload=\"none\" style=\"width: 100%;\" controls=\"controls\"><source type=\"audio\/mpeg\" src=\"https:\/\/shop.petercernicka.eu\/wp-content\/uploads\/2024\/02\/V-sirem-poli-studanecka.mp3?_=7\" \/><a href=\"https:\/\/shop.petercernicka.eu\/wp-content\/uploads\/2024\/02\/V-sirem-poli-studanecka.mp3\">https:\/\/shop.petercernicka.eu\/wp-content\/uploads\/2024\/02\/V-sirem-poli-studanecka.mp3<\/a><\/audio><\/li>\n<li><span style=\"color: #000000;\"><span style=\"color: #000000;\">Zale\u0165 sokol<br \/>\n<\/span><\/span><audio class=\"wp-audio-shortcode\" id=\"audio-7004-8\" preload=\"none\" style=\"width: 100%;\" controls=\"controls\"><source type=\"audio\/mpeg\" src=\"https:\/\/shop.petercernicka.eu\/wp-content\/uploads\/2024\/02\/Zalet-sokol.mp3?_=8\" \/><a href=\"https:\/\/shop.petercernicka.eu\/wp-content\/uploads\/2024\/02\/Zalet-sokol.mp3\">https:\/\/shop.petercernicka.eu\/wp-content\/uploads\/2024\/02\/Zalet-sokol.mp3<\/a><\/audio><\/li>\n<li><span style=\"color: #000000;\"><span style=\"color: #000000;\">L\u00e1ska bo\u017ee l\u00e1ska<\/span><\/span><br \/>\n<audio class=\"wp-audio-shortcode\" id=\"audio-7004-9\" preload=\"none\" style=\"width: 100%;\" controls=\"controls\"><source type=\"audio\/mpeg\" src=\"https:\/\/shop.petercernicka.eu\/wp-content\/uploads\/2024\/02\/Laska-boze-laska.mp3?_=9\" \/><a href=\"https:\/\/shop.petercernicka.eu\/wp-content\/uploads\/2024\/02\/Laska-boze-laska.mp3\">https:\/\/shop.petercernicka.eu\/wp-content\/uploads\/2024\/02\/Laska-boze-laska.mp3<\/a><\/audio><\/li>\n<li><span style=\"color: #000000;\"><span style=\"color: #000000;\">V\u00edne\u010dko b\u00edl\u00e9<br \/>\n<\/span><\/span><audio class=\"wp-audio-shortcode\" id=\"audio-7004-10\" preload=\"none\" style=\"width: 100%;\" controls=\"controls\"><source type=\"audio\/mpeg\" src=\"https:\/\/shop.petercernicka.eu\/wp-content\/uploads\/2024\/02\/Vinecko-bile.mp3?_=10\" \/><a href=\"https:\/\/shop.petercernicka.eu\/wp-content\/uploads\/2024\/02\/Vinecko-bile.mp3\">https:\/\/shop.petercernicka.eu\/wp-content\/uploads\/2024\/02\/Vinecko-bile.mp3<\/a><\/audio><\/li>\n<li><span style=\"color: #000000;\"><span style=\"color: #000000;\">Sed\u00ed sokol na javori<br \/>\n<\/span><\/span><audio class=\"wp-audio-shortcode\" id=\"audio-7004-11\" preload=\"none\" style=\"width: 100%;\" controls=\"controls\"><source type=\"audio\/mpeg\" src=\"https:\/\/shop.petercernicka.eu\/wp-content\/uploads\/2024\/02\/Sedi-sokol-na-javori.mp3?_=11\" \/><a href=\"https:\/\/shop.petercernicka.eu\/wp-content\/uploads\/2024\/02\/Sedi-sokol-na-javori.mp3\">https:\/\/shop.petercernicka.eu\/wp-content\/uploads\/2024\/02\/Sedi-sokol-na-javori.mp3<\/a><\/audio><\/li>\n<li><span style=\"color: #000000;\"><span style=\"color: #000000;\">Te\u010de voda te\u010de<br \/>\n<\/span><\/span><audio class=\"wp-audio-shortcode\" id=\"audio-7004-12\" preload=\"none\" style=\"width: 100%;\" controls=\"controls\"><source type=\"audio\/mpeg\" src=\"https:\/\/shop.petercernicka.eu\/wp-content\/uploads\/2024\/02\/Tece-voda-tece.mp3?_=12\" \/><a href=\"https:\/\/shop.petercernicka.eu\/wp-content\/uploads\/2024\/02\/Tece-voda-tece.mp3\">https:\/\/shop.petercernicka.eu\/wp-content\/uploads\/2024\/02\/Tece-voda-tece.mp3<\/a><\/audio><\/li>\n<li><span style=\"color: #000000;\"><span style=\"color: #000000;\">Zbohom ost\u00e1vajte<br \/>\n<\/span><\/span><audio class=\"wp-audio-shortcode\" id=\"audio-7004-13\" preload=\"none\" style=\"width: 100%;\" controls=\"controls\"><source type=\"audio\/mpeg\" src=\"https:\/\/shop.petercernicka.eu\/wp-content\/uploads\/2024\/02\/Zbohom-ostavajte.mp3?_=13\" \/><a href=\"https:\/\/shop.petercernicka.eu\/wp-content\/uploads\/2024\/02\/Zbohom-ostavajte.mp3\">https:\/\/shop.petercernicka.eu\/wp-content\/uploads\/2024\/02\/Zbohom-ostavajte.mp3<\/a><\/audio><\/li>\n<li><span style=\"color: #000000;\"><span style=\"color: #000000;\">Smutn\u00fd ve\u010der<br \/>\n<\/span><\/span><audio class=\"wp-audio-shortcode\" id=\"audio-7004-14\" preload=\"none\" style=\"width: 100%;\" controls=\"controls\"><source type=\"audio\/mpeg\" src=\"https:\/\/shop.petercernicka.eu\/wp-content\/uploads\/2024\/02\/Smutny-vecer.mp3?_=14\" \/><a href=\"https:\/\/shop.petercernicka.eu\/wp-content\/uploads\/2024\/02\/Smutny-vecer.mp3\">https:\/\/shop.petercernicka.eu\/wp-content\/uploads\/2024\/02\/Smutny-vecer.mp3<\/a><\/audio><\/li>\n<li><span style=\"color: #000000;\"><span style=\"color: #000000;\">Kdy\u017e jsem \u0161el z\u00a0Hradi\u0161ta<br \/>\n<\/span><\/span><audio class=\"wp-audio-shortcode\" id=\"audio-7004-15\" preload=\"none\" style=\"width: 100%;\" controls=\"controls\"><source type=\"audio\/mpeg\" src=\"https:\/\/shop.petercernicka.eu\/wp-content\/uploads\/2024\/02\/Kdyz-jsem-sel-z-Hradista.mp3?_=15\" \/><a href=\"https:\/\/shop.petercernicka.eu\/wp-content\/uploads\/2024\/02\/Kdyz-jsem-sel-z-Hradista.mp3\">https:\/\/shop.petercernicka.eu\/wp-content\/uploads\/2024\/02\/Kdyz-jsem-sel-z-Hradista.mp3<\/a><\/audio><\/li>\n<li><span style=\"color: #000000;\"><span style=\"color: #000000;\">Tren\u010diansk\u00e9 hodiny<br \/>\n<\/span><\/span><audio class=\"wp-audio-shortcode\" id=\"audio-7004-16\" preload=\"none\" style=\"width: 100%;\" controls=\"controls\"><source type=\"audio\/mpeg\" src=\"https:\/\/shop.petercernicka.eu\/wp-content\/uploads\/2024\/02\/Trencianske-hodiny.mp3?_=16\" \/><a href=\"https:\/\/shop.petercernicka.eu\/wp-content\/uploads\/2024\/02\/Trencianske-hodiny.mp3\">https:\/\/shop.petercernicka.eu\/wp-content\/uploads\/2024\/02\/Trencianske-hodiny.mp3<\/a><\/audio><\/li>\n<li><span style=\"color: #000000;\"><span style=\"color: #000000;\">\u010cerven\u00e9 jabl\u010dko<br \/>\n<\/span><\/span><audio class=\"wp-audio-shortcode\" id=\"audio-7004-17\" preload=\"none\" style=\"width: 100%;\" controls=\"controls\"><source type=\"audio\/mpeg\" src=\"https:\/\/shop.petercernicka.eu\/wp-content\/uploads\/2024\/02\/Cervene-jablcko.mp3?_=17\" \/><a href=\"https:\/\/shop.petercernicka.eu\/wp-content\/uploads\/2024\/02\/Cervene-jablcko.mp3\">https:\/\/shop.petercernicka.eu\/wp-content\/uploads\/2024\/02\/Cervene-jablcko.mp3<\/a><\/audio><\/li>\n<li><span style=\"color: #000000;\"><span style=\"color: #000000;\">Za t\u00fa horu, za vysok\u00fa<br \/>\n<\/span><\/span><audio class=\"wp-audio-shortcode\" id=\"audio-7004-18\" preload=\"none\" style=\"width: 100%;\" controls=\"controls\"><source type=\"audio\/mpeg\" src=\"https:\/\/shop.petercernicka.eu\/wp-content\/uploads\/2024\/02\/Za-tu-horu.mp3?_=18\" \/><a href=\"https:\/\/shop.petercernicka.eu\/wp-content\/uploads\/2024\/02\/Za-tu-horu.mp3\">https:\/\/shop.petercernicka.eu\/wp-content\/uploads\/2024\/02\/Za-tu-horu.mp3<\/a><\/audio><\/li>\n<li><span style=\"color: #000000;\"><span style=\"color: #000000;\">V\u00a0Zarazic\u00e1ch krajn\u00ed d\u00fam<br \/>\n<\/span><\/span><audio class=\"wp-audio-shortcode\" id=\"audio-7004-19\" preload=\"none\" style=\"width: 100%;\" controls=\"controls\"><source type=\"audio\/mpeg\" src=\"https:\/\/shop.petercernicka.eu\/wp-content\/uploads\/2024\/02\/V-Zarazicach-krajni-dum.mp3?_=19\" \/><a href=\"https:\/\/shop.petercernicka.eu\/wp-content\/uploads\/2024\/02\/V-Zarazicach-krajni-dum.mp3\">https:\/\/shop.petercernicka.eu\/wp-content\/uploads\/2024\/02\/V-Zarazicach-krajni-dum.mp3<\/a><\/audio><\/li>\n<li><span style=\"color: #000000;\"><span style=\"color: #000000;\">Za star\u00fa B\u0159eclavu<br \/>\n<\/span><\/span><audio class=\"wp-audio-shortcode\" id=\"audio-7004-20\" preload=\"none\" style=\"width: 100%;\" controls=\"controls\"><source type=\"audio\/mpeg\" src=\"https:\/\/shop.petercernicka.eu\/wp-content\/uploads\/2024\/02\/Za-staru-Brecuavu.mp3?_=20\" \/><a href=\"https:\/\/shop.petercernicka.eu\/wp-content\/uploads\/2024\/02\/Za-staru-Brecuavu.mp3\">https:\/\/shop.petercernicka.eu\/wp-content\/uploads\/2024\/02\/Za-staru-Brecuavu.mp3<\/a><\/audio><\/li>\n<\/ol>","protected":false},"excerpt":{"rendered":"<ul>\n<li><span style=\"font-size: 14pt; color: #000000;\">20 piesn\u00ed<\/span><\/li>\n<li><span style=\"font-size: 14pt; color: #000000;\">Form\u00e1t do l\u00fdry 160x 130mm<\/span><\/li>\n<li><span style=\"color: #000000;\">PDF<\/span><\/li>\n<\/ul>","protected":false},"featured_media":8223,"comment_status":"closed","ping_status":"closed","template":"","meta":{"om_disable_all_campaigns":false},"product_brand":[],"product_cat":[36,35,1168],"product_tag":[1188],"class_list":{"0":"post-7004","1":"product","2":"type-product","3":"status-publish","4":"has-post-thumbnail","6":"product_cat-dychova-hudba","7":"product_cat-dychove-kvinteto","8":"product_cat-noty","9":"product_tag-noty","11":"first","12":"outofstock","13":"taxable","14":"shipping-taxable","15":"purchasable","16":"product-type-simple"},"yoast_head":"<!-- This site is optimized with the Yoast SEO plugin v27.4 - https:\/\/yoast.com\/product\/yoast-seo-wordpress\/ -->\n<title>\u0164ahav\u00e9 piesne (dychov\u00e9 kvinteto) - 20 najzn\u00e1mej\u0161\u00edch piesn\u00ed do l\u00fdry<\/title>\n<meta name=\"description\" content=\"Zo\u0161it obsahuje 20 skladieb v \u00faprave pre dychov\u00e9 kvinteto. Set 5 kn\u00ed\u017eiek. (1 kr\u00eddlovka, 2 kr\u00eddlovka, Tenor, Baryt\u00f3n, Tuba)\" \/>\n<meta name=\"robots\" content=\"index, follow, max-snippet:-1, max-image-preview:large, max-video-preview:-1\" \/>\n<link rel=\"canonical\" href=\"https:\/\/shop.petercernicka.eu\/de\/shop\/komorna-hudba\/dychove-kvinteto\/tahave-piesne-dychove-kvinteto\/\" \/>\n<meta property=\"og:locale\" content=\"de_DE\" \/>\n<meta property=\"og:type\" content=\"article\" \/>\n<meta property=\"og:title\" content=\"\u0164ahav\u00e9 piesne (dychov\u00e9 kvinteto) PDF form\u00e1t\" \/>\n<meta property=\"og:description\" content=\"Zo\u0161it obsahuje 20 skladieb v \u00faprave pre dychov\u00e9 kvinteto. Set 5 kn\u00ed\u017eiek. (1 kr\u00eddlovka, 2 kr\u00eddlovka, Tenor, Baryt\u00f3n, Tuba)\" \/>\n<meta property=\"og:url\" content=\"https:\/\/shop.petercernicka.eu\/de\/shop\/komorna-hudba\/dychove-kvinteto\/tahave-piesne-dychove-kvinteto\/\" \/>\n<meta property=\"og:site_name\" content=\"Peter \u010cerni\u010dka | Noty | HUDOBN\u00c9 PODKLADY\" \/>\n<meta property=\"article:publisher\" content=\"https:\/\/www.facebook.com\/petercernickanoty\" \/>\n<meta property=\"article:modified_time\" content=\"2026-01-31T13:47:08+00:00\" \/>\n<meta property=\"og:image\" content=\"https:\/\/shop.petercernicka.eu\/wp-content\/uploads\/2022\/08\/Dychov-kvinteto-tahave-piesne.jpg\" \/>\n\t<meta property=\"og:image:width\" content=\"599\" \/>\n\t<meta property=\"og:image:height\" content=\"873\" \/>\n\t<meta property=\"og:image:type\" content=\"image\/jpeg\" \/>\n<meta name=\"twitter:card\" content=\"summary_large_image\" \/>\n<meta name=\"twitter:label1\" content=\"Gesch\u00e4tzte Lesezeit\" \/>\n\t<meta name=\"twitter:data1\" content=\"2\u00a0Minuten\" \/>\n<script type=\"application\/ld+json\" class=\"yoast-schema-graph\">{\"@context\":\"https:\\\/\\\/schema.org\",\"@graph\":[{\"@type\":\"WebPage\",\"@id\":\"https:\\\/\\\/shop.petercernicka.eu\\\/shop\\\/komorna-hudba\\\/dychove-kvinteto\\\/tahave-piesne-dychove-kvinteto\\\/\",\"url\":\"https:\\\/\\\/shop.petercernicka.eu\\\/shop\\\/komorna-hudba\\\/dychove-kvinteto\\\/tahave-piesne-dychove-kvinteto\\\/\",\"name\":\"\u0164ahav\u00e9 piesne (dychov\u00e9 kvinteto) - 20 najzn\u00e1mej\u0161\u00edch piesn\u00ed do l\u00fdry\",\"isPartOf\":{\"@id\":\"https:\\\/\\\/shop.petercernicka.eu\\\/#website\"},\"primaryImageOfPage\":{\"@id\":\"https:\\\/\\\/shop.petercernicka.eu\\\/shop\\\/komorna-hudba\\\/dychove-kvinteto\\\/tahave-piesne-dychove-kvinteto\\\/#primaryimage\"},\"image\":{\"@id\":\"https:\\\/\\\/shop.petercernicka.eu\\\/shop\\\/komorna-hudba\\\/dychove-kvinteto\\\/tahave-piesne-dychove-kvinteto\\\/#primaryimage\"},\"thumbnailUrl\":\"https:\\\/\\\/shop.petercernicka.eu\\\/wp-content\\\/uploads\\\/2022\\\/08\\\/Dychov-kvinteto-tahave-piesne.jpg\",\"datePublished\":\"2024-02-24T13:44:55+00:00\",\"dateModified\":\"2026-01-31T13:47:08+00:00\",\"description\":\"Zo\u0161it obsahuje 20 skladieb v \u00faprave pre dychov\u00e9 kvinteto. Set 5 kn\u00ed\u017eiek. (1 kr\u00eddlovka, 2 kr\u00eddlovka, Tenor, Baryt\u00f3n, Tuba)\",\"breadcrumb\":{\"@id\":\"https:\\\/\\\/shop.petercernicka.eu\\\/shop\\\/komorna-hudba\\\/dychove-kvinteto\\\/tahave-piesne-dychove-kvinteto\\\/#breadcrumb\"},\"inLanguage\":\"de\",\"potentialAction\":[{\"@type\":\"ReadAction\",\"target\":[\"https:\\\/\\\/shop.petercernicka.eu\\\/shop\\\/komorna-hudba\\\/dychove-kvinteto\\\/tahave-piesne-dychove-kvinteto\\\/\"]}]},{\"@type\":\"ImageObject\",\"inLanguage\":\"de\",\"@id\":\"https:\\\/\\\/shop.petercernicka.eu\\\/shop\\\/komorna-hudba\\\/dychove-kvinteto\\\/tahave-piesne-dychove-kvinteto\\\/#primaryimage\",\"url\":\"https:\\\/\\\/shop.petercernicka.eu\\\/wp-content\\\/uploads\\\/2022\\\/08\\\/Dychov-kvinteto-tahave-piesne.jpg\",\"contentUrl\":\"https:\\\/\\\/shop.petercernicka.eu\\\/wp-content\\\/uploads\\\/2022\\\/08\\\/Dychov-kvinteto-tahave-piesne.jpg\",\"width\":599,\"height\":873},{\"@type\":\"BreadcrumbList\",\"@id\":\"https:\\\/\\\/shop.petercernicka.eu\\\/shop\\\/komorna-hudba\\\/dychove-kvinteto\\\/tahave-piesne-dychove-kvinteto\\\/#breadcrumb\",\"itemListElement\":[{\"@type\":\"ListItem\",\"position\":1,\"name\":\"Home\",\"item\":\"https:\\\/\\\/shop.petercernicka.eu\\\/\"},{\"@type\":\"ListItem\",\"position\":2,\"name\":\"Produkty\",\"item\":\"https:\\\/\\\/shop.petercernicka.eu\\\/obchod\\\/\"},{\"@type\":\"ListItem\",\"position\":3,\"name\":\"\u0164ahav\u00e9 piesne (dychov\u00e9 kvinteto)\"}]},{\"@type\":\"WebSite\",\"@id\":\"https:\\\/\\\/shop.petercernicka.eu\\\/#website\",\"url\":\"https:\\\/\\\/shop.petercernicka.eu\\\/\",\"name\":\"Peter \u010cerni\u010dka | Noty | HUDOBN\u00c9 PODKLADY\",\"description\":\"\u013eudov\u00e9 piesne, popul\u00e1rne \u0161l\u00e1gre, \u010desko-slovensk\u00e9 hity, cig\u00e1nske piesne, ewergreeny, viano\u010dn\u00e9 koledy\",\"potentialAction\":[{\"@type\":\"SearchAction\",\"target\":{\"@type\":\"EntryPoint\",\"urlTemplate\":\"https:\\\/\\\/shop.petercernicka.eu\\\/?s={search_term_string}\"},\"query-input\":{\"@type\":\"PropertyValueSpecification\",\"valueRequired\":true,\"valueName\":\"search_term_string\"}}],\"inLanguage\":\"de\"}]}<\/script>\n<!-- \/ Yoast SEO plugin. -->","yoast_head_json":{"title":"\u0164ahav\u00e9 piesne (dychov\u00e9 kvinteto) - 20 najzn\u00e1mej\u0161\u00edch piesn\u00ed do l\u00fdry","description":"Zo\u0161it obsahuje 20 skladieb v \u00faprave pre dychov\u00e9 kvinteto. Set 5 kn\u00ed\u017eiek. (1 kr\u00eddlovka, 2 kr\u00eddlovka, Tenor, Baryt\u00f3n, Tuba)","robots":{"index":"index","follow":"follow","max-snippet":"max-snippet:-1","max-image-preview":"max-image-preview:large","max-video-preview":"max-video-preview:-1"},"canonical":"https:\/\/shop.petercernicka.eu\/de\/shop\/komorna-hudba\/dychove-kvinteto\/tahave-piesne-dychove-kvinteto\/","og_locale":"de_DE","og_type":"article","og_title":"\u0164ahav\u00e9 piesne (dychov\u00e9 kvinteto) PDF form\u00e1t","og_description":"Zo\u0161it obsahuje 20 skladieb v \u00faprave pre dychov\u00e9 kvinteto. Set 5 kn\u00ed\u017eiek. (1 kr\u00eddlovka, 2 kr\u00eddlovka, Tenor, Baryt\u00f3n, Tuba)","og_url":"https:\/\/shop.petercernicka.eu\/de\/shop\/komorna-hudba\/dychove-kvinteto\/tahave-piesne-dychove-kvinteto\/","og_site_name":"Peter \u010cerni\u010dka | Noty | HUDOBN\u00c9 PODKLADY","article_publisher":"https:\/\/www.facebook.com\/petercernickanoty","article_modified_time":"2026-01-31T13:47:08+00:00","og_image":[{"width":599,"height":873,"url":"https:\/\/shop.petercernicka.eu\/wp-content\/uploads\/2022\/08\/Dychov-kvinteto-tahave-piesne.jpg","type":"image\/jpeg"}],"twitter_card":"summary_large_image","twitter_misc":{"Gesch\u00e4tzte Lesezeit":"2\u00a0Minuten"},"schema":{"@context":"https:\/\/schema.org","@graph":[{"@type":"WebPage","@id":"https:\/\/shop.petercernicka.eu\/shop\/komorna-hudba\/dychove-kvinteto\/tahave-piesne-dychove-kvinteto\/","url":"https:\/\/shop.petercernicka.eu\/shop\/komorna-hudba\/dychove-kvinteto\/tahave-piesne-dychove-kvinteto\/","name":"\u0164ahav\u00e9 piesne (dychov\u00e9 kvinteto) - 20 najzn\u00e1mej\u0161\u00edch piesn\u00ed do l\u00fdry","isPartOf":{"@id":"https:\/\/shop.petercernicka.eu\/#website"},"primaryImageOfPage":{"@id":"https:\/\/shop.petercernicka.eu\/shop\/komorna-hudba\/dychove-kvinteto\/tahave-piesne-dychove-kvinteto\/#primaryimage"},"image":{"@id":"https:\/\/shop.petercernicka.eu\/shop\/komorna-hudba\/dychove-kvinteto\/tahave-piesne-dychove-kvinteto\/#primaryimage"},"thumbnailUrl":"https:\/\/shop.petercernicka.eu\/wp-content\/uploads\/2022\/08\/Dychov-kvinteto-tahave-piesne.jpg","datePublished":"2024-02-24T13:44:55+00:00","dateModified":"2026-01-31T13:47:08+00:00","description":"Zo\u0161it obsahuje 20 skladieb v \u00faprave pre dychov\u00e9 kvinteto. Set 5 kn\u00ed\u017eiek. (1 kr\u00eddlovka, 2 kr\u00eddlovka, Tenor, Baryt\u00f3n, Tuba)","breadcrumb":{"@id":"https:\/\/shop.petercernicka.eu\/shop\/komorna-hudba\/dychove-kvinteto\/tahave-piesne-dychove-kvinteto\/#breadcrumb"},"inLanguage":"de","potentialAction":[{"@type":"ReadAction","target":["https:\/\/shop.petercernicka.eu\/shop\/komorna-hudba\/dychove-kvinteto\/tahave-piesne-dychove-kvinteto\/"]}]},{"@type":"ImageObject","inLanguage":"de","@id":"https:\/\/shop.petercernicka.eu\/shop\/komorna-hudba\/dychove-kvinteto\/tahave-piesne-dychove-kvinteto\/#primaryimage","url":"https:\/\/shop.petercernicka.eu\/wp-content\/uploads\/2022\/08\/Dychov-kvinteto-tahave-piesne.jpg","contentUrl":"https:\/\/shop.petercernicka.eu\/wp-content\/uploads\/2022\/08\/Dychov-kvinteto-tahave-piesne.jpg","width":599,"height":873},{"@type":"BreadcrumbList","@id":"https:\/\/shop.petercernicka.eu\/shop\/komorna-hudba\/dychove-kvinteto\/tahave-piesne-dychove-kvinteto\/#breadcrumb","itemListElement":[{"@type":"ListItem","position":1,"name":"Home","item":"https:\/\/shop.petercernicka.eu\/"},{"@type":"ListItem","position":2,"name":"Produkty","item":"https:\/\/shop.petercernicka.eu\/obchod\/"},{"@type":"ListItem","position":3,"name":"\u0164ahav\u00e9 piesne (dychov\u00e9 kvinteto)"}]},{"@type":"WebSite","@id":"https:\/\/shop.petercernicka.eu\/#website","url":"https:\/\/shop.petercernicka.eu\/","name":"Peter \u010cerni\u010dka | Noty | HUDOBN\u00c9 PODKLADY","description":"Volkslieder, Schlager, Tschechoslowakische Schlager, Zigeunerlieder, Evergreens, Weihnachtslieder","potentialAction":[{"@type":"SearchAction","target":{"@type":"EntryPoint","urlTemplate":"https:\/\/shop.petercernicka.eu\/?s={search_term_string}"},"query-input":{"@type":"PropertyValueSpecification","valueRequired":true,"valueName":"search_term_string"}}],"inLanguage":"de"}]}},"_links":{"self":[{"href":"https:\/\/shop.petercernicka.eu\/de\/wp-json\/wp\/v2\/product\/7004","targetHints":{"allow":["GET"]}}],"collection":[{"href":"https:\/\/shop.petercernicka.eu\/de\/wp-json\/wp\/v2\/product"}],"about":[{"href":"https:\/\/shop.petercernicka.eu\/de\/wp-json\/wp\/v2\/types\/product"}],"replies":[{"embeddable":true,"href":"https:\/\/shop.petercernicka.eu\/de\/wp-json\/wp\/v2\/comments?post=7004"}],"wp:featuredmedia":[{"embeddable":true,"href":"https:\/\/shop.petercernicka.eu\/de\/wp-json\/wp\/v2\/media\/8223"}],"wp:attachment":[{"href":"https:\/\/shop.petercernicka.eu\/de\/wp-json\/wp\/v2\/media?parent=7004"}],"wp:term":[{"taxonomy":"product_brand","embeddable":true,"href":"https:\/\/shop.petercernicka.eu\/de\/wp-json\/wp\/v2\/product_brand?post=7004"},{"taxonomy":"product_cat","embeddable":true,"href":"https:\/\/shop.petercernicka.eu\/de\/wp-json\/wp\/v2\/product_cat?post=7004"},{"taxonomy":"product_tag","embeddable":true,"href":"https:\/\/shop.petercernicka.eu\/de\/wp-json\/wp\/v2\/product_tag?post=7004"}],"curies":[{"name":"wp","href":"https:\/\/api.w.org\/{rel}","templated":true}]}}