{"id":7000,"date":"2022-06-29T15:45:23","date_gmt":"2022-06-29T13:45:23","guid":{"rendered":"https:\/\/shop.petercernicka.eu\/?post_type=product&#038;p=7000"},"modified":"2025-05-11T11:13:18","modified_gmt":"2025-05-11T09:13:18","slug":"vianocne-koledy-pre-dychovu-hudbu-10-skladieb","status":"publish","type":"product","link":"https:\/\/shop.petercernicka.eu\/de\/shop\/dychova-hudba\/vianocne-koledy-pre-dychovu-hudbu-10-skladieb\/","title":{"rendered":"Viano\u010dn\u00e9 koledy pre dychov\u00fa hudbu (10 skladieb)"},"content":{"rendered":"<p>&nbsp;<\/p>\n<p><strong>Bal\u00edk obsahuje:<\/strong><\/p>\n<ol>\n<li>Ak\u00fd je to svit<\/li>\n<li>B\u00edle v\u00e1noce<\/li>\n<li>B\u00favaj die\u0165a kr\u00e1sn\u00e9<\/li>\n<li>Daj Boh \u0161\u0165astia tejto zemi<\/li>\n<li>P\u00falno\u010dn\u00ed<\/li>\n<li>Jingle Bells<\/li>\n<li>Tich\u00e1 noc<\/li>\n<li>V\u00e1noce, V\u00e1noce<\/li>\n<li>\u0160tastn\u00e9 a Vesel\u00e9<\/li>\n<li>Ka\u017ed\u00fd de\u0148 bud\u00fa vraj Vianoce<\/li>\n<\/ol>\n<p><iframe src=\"\/\/www.youtube.com\/embed\/YHs9thRvZgE\" width=\"560\" height=\"314\" allowfullscreen=\"allowfullscreen\"><\/iframe><\/p>","protected":false},"excerpt":{"rendered":"<ul>\n<li>Form\u00e1t PDF<\/li>\n<\/ul>","protected":false},"featured_media":3821,"comment_status":"closed","ping_status":"closed","template":"","meta":{"om_disable_all_campaigns":false},"product_brand":[],"product_cat":[36,1168],"product_tag":[1188],"class_list":{"0":"post-7000","1":"product","2":"type-product","3":"status-publish","4":"has-post-thumbnail","6":"product_cat-dychova-hudba","7":"product_cat-noty","8":"product_tag-noty","10":"first","11":"instock","12":"sale","13":"virtual","14":"taxable","15":"purchasable","16":"product-type-simple"},"yoast_head":"<!-- This site is optimized with the Yoast SEO plugin v27.4 - https:\/\/yoast.com\/product\/yoast-seo-wordpress\/ -->\n<title>Viano\u010dn\u00e9 koledy pre dychov\u00fa hudbu (10 skladieb) - Peter \u010cerni\u010dka | Noty | HUDOBN\u00c9 PODKLADY<\/title>\n<meta name=\"description\" content=\"Bal\u00edk viano\u010dn\u00fdch piesn\u00ed a kolied v \u00faprave pre dychov\u00fa hudbu.\" \/>\n<meta name=\"robots\" content=\"index, follow, max-snippet:-1, max-image-preview:large, max-video-preview:-1\" \/>\n<link rel=\"canonical\" href=\"https:\/\/shop.petercernicka.eu\/de\/shop\/dychova-hudba\/vianocne-koledy-pre-dychovu-hudbu-10-skladieb\/\" \/>\n<meta property=\"og:locale\" content=\"de_DE\" \/>\n<meta property=\"og:type\" content=\"article\" \/>\n<meta property=\"og:title\" content=\"Viano\u010dn\u00e9 koledy pre dychov\u00fa hudbu\" \/>\n<meta property=\"og:description\" content=\"Bal\u00edk viano\u010dn\u00fdch piesn\u00ed a kolied v \u00faprave pre dychov\u00fa hudbu.\" \/>\n<meta property=\"og:url\" content=\"https:\/\/shop.petercernicka.eu\/de\/shop\/dychova-hudba\/vianocne-koledy-pre-dychovu-hudbu-10-skladieb\/\" \/>\n<meta property=\"og:site_name\" content=\"Peter \u010cerni\u010dka | Noty | HUDOBN\u00c9 PODKLADY\" \/>\n<meta property=\"article:publisher\" content=\"https:\/\/www.facebook.com\/petercernickanoty\" \/>\n<meta property=\"article:modified_time\" content=\"2025-05-11T09:13:18+00:00\" \/>\n<meta property=\"og:image\" content=\"https:\/\/shop.petercernicka.eu\/wp-content\/uploads\/2021\/10\/church-648430_1280.jpg\" \/>\n\t<meta property=\"og:image:width\" content=\"1280\" \/>\n\t<meta property=\"og:image:height\" content=\"823\" \/>\n\t<meta property=\"og:image:type\" content=\"image\/jpeg\" \/>\n<meta name=\"twitter:card\" content=\"summary_large_image\" \/>\n<meta name=\"twitter:label1\" content=\"Gesch\u00e4tzte Lesezeit\" \/>\n\t<meta name=\"twitter:data1\" content=\"1\u00a0Minute\" \/>\n<script type=\"application\/ld+json\" class=\"yoast-schema-graph\">{\"@context\":\"https:\\\/\\\/schema.org\",\"@graph\":[{\"@type\":\"WebPage\",\"@id\":\"https:\\\/\\\/shop.petercernicka.eu\\\/shop\\\/dychova-hudba\\\/vianocne-koledy-pre-dychovu-hudbu-10-skladieb\\\/\",\"url\":\"https:\\\/\\\/shop.petercernicka.eu\\\/shop\\\/dychova-hudba\\\/vianocne-koledy-pre-dychovu-hudbu-10-skladieb\\\/\",\"name\":\"Viano\u010dn\u00e9 koledy pre dychov\u00fa hudbu (10 skladieb) - Peter \u010cerni\u010dka | Noty | HUDOBN\u00c9 PODKLADY\",\"isPartOf\":{\"@id\":\"https:\\\/\\\/shop.petercernicka.eu\\\/#website\"},\"primaryImageOfPage\":{\"@id\":\"https:\\\/\\\/shop.petercernicka.eu\\\/shop\\\/dychova-hudba\\\/vianocne-koledy-pre-dychovu-hudbu-10-skladieb\\\/#primaryimage\"},\"image\":{\"@id\":\"https:\\\/\\\/shop.petercernicka.eu\\\/shop\\\/dychova-hudba\\\/vianocne-koledy-pre-dychovu-hudbu-10-skladieb\\\/#primaryimage\"},\"thumbnailUrl\":\"https:\\\/\\\/shop.petercernicka.eu\\\/wp-content\\\/uploads\\\/2021\\\/10\\\/church-648430_1280.jpg\",\"datePublished\":\"2022-06-29T13:45:23+00:00\",\"dateModified\":\"2025-05-11T09:13:18+00:00\",\"description\":\"Bal\u00edk viano\u010dn\u00fdch piesn\u00ed a kolied v \u00faprave pre dychov\u00fa hudbu.\",\"breadcrumb\":{\"@id\":\"https:\\\/\\\/shop.petercernicka.eu\\\/shop\\\/dychova-hudba\\\/vianocne-koledy-pre-dychovu-hudbu-10-skladieb\\\/#breadcrumb\"},\"inLanguage\":\"de\",\"potentialAction\":[{\"@type\":\"ReadAction\",\"target\":[\"https:\\\/\\\/shop.petercernicka.eu\\\/shop\\\/dychova-hudba\\\/vianocne-koledy-pre-dychovu-hudbu-10-skladieb\\\/\"]}]},{\"@type\":\"ImageObject\",\"inLanguage\":\"de\",\"@id\":\"https:\\\/\\\/shop.petercernicka.eu\\\/shop\\\/dychova-hudba\\\/vianocne-koledy-pre-dychovu-hudbu-10-skladieb\\\/#primaryimage\",\"url\":\"https:\\\/\\\/shop.petercernicka.eu\\\/wp-content\\\/uploads\\\/2021\\\/10\\\/church-648430_1280.jpg\",\"contentUrl\":\"https:\\\/\\\/shop.petercernicka.eu\\\/wp-content\\\/uploads\\\/2021\\\/10\\\/church-648430_1280.jpg\",\"width\":1280,\"height\":823,\"caption\":\"vianocne koledy hudobny podklad\"},{\"@type\":\"BreadcrumbList\",\"@id\":\"https:\\\/\\\/shop.petercernicka.eu\\\/shop\\\/dychova-hudba\\\/vianocne-koledy-pre-dychovu-hudbu-10-skladieb\\\/#breadcrumb\",\"itemListElement\":[{\"@type\":\"ListItem\",\"position\":1,\"name\":\"Home\",\"item\":\"https:\\\/\\\/shop.petercernicka.eu\\\/\"},{\"@type\":\"ListItem\",\"position\":2,\"name\":\"Produkty\",\"item\":\"https:\\\/\\\/shop.petercernicka.eu\\\/obchod\\\/\"},{\"@type\":\"ListItem\",\"position\":3,\"name\":\"Viano\u010dn\u00e9 koledy pre dychov\u00fa hudbu (10 skladieb)\"}]},{\"@type\":\"WebSite\",\"@id\":\"https:\\\/\\\/shop.petercernicka.eu\\\/#website\",\"url\":\"https:\\\/\\\/shop.petercernicka.eu\\\/\",\"name\":\"Peter \u010cerni\u010dka | Noty | HUDOBN\u00c9 PODKLADY\",\"description\":\"\u013eudov\u00e9 piesne, popul\u00e1rne \u0161l\u00e1gre, \u010desko-slovensk\u00e9 hity, cig\u00e1nske piesne, ewergreeny, viano\u010dn\u00e9 koledy\",\"potentialAction\":[{\"@type\":\"SearchAction\",\"target\":{\"@type\":\"EntryPoint\",\"urlTemplate\":\"https:\\\/\\\/shop.petercernicka.eu\\\/?s={search_term_string}\"},\"query-input\":{\"@type\":\"PropertyValueSpecification\",\"valueRequired\":true,\"valueName\":\"search_term_string\"}}],\"inLanguage\":\"de\"}]}<\/script>\n<!-- \/ Yoast SEO plugin. -->","yoast_head_json":{"title":"Viano\u010dn\u00e9 koledy pre dychov\u00fa hudbu (10 skladieb) - Peter \u010cerni\u010dka | Noty | HUDOBN\u00c9 PODKLADY","description":"Bal\u00edk viano\u010dn\u00fdch piesn\u00ed a kolied v \u00faprave pre dychov\u00fa hudbu.","robots":{"index":"index","follow":"follow","max-snippet":"max-snippet:-1","max-image-preview":"max-image-preview:large","max-video-preview":"max-video-preview:-1"},"canonical":"https:\/\/shop.petercernicka.eu\/de\/shop\/dychova-hudba\/vianocne-koledy-pre-dychovu-hudbu-10-skladieb\/","og_locale":"de_DE","og_type":"article","og_title":"Viano\u010dn\u00e9 koledy pre dychov\u00fa hudbu","og_description":"Bal\u00edk viano\u010dn\u00fdch piesn\u00ed a kolied v \u00faprave pre dychov\u00fa hudbu.","og_url":"https:\/\/shop.petercernicka.eu\/de\/shop\/dychova-hudba\/vianocne-koledy-pre-dychovu-hudbu-10-skladieb\/","og_site_name":"Peter \u010cerni\u010dka | Noty | HUDOBN\u00c9 PODKLADY","article_publisher":"https:\/\/www.facebook.com\/petercernickanoty","article_modified_time":"2025-05-11T09:13:18+00:00","og_image":[{"width":1280,"height":823,"url":"https:\/\/shop.petercernicka.eu\/wp-content\/uploads\/2021\/10\/church-648430_1280.jpg","type":"image\/jpeg"}],"twitter_card":"summary_large_image","twitter_misc":{"Gesch\u00e4tzte Lesezeit":"1\u00a0Minute"},"schema":{"@context":"https:\/\/schema.org","@graph":[{"@type":"WebPage","@id":"https:\/\/shop.petercernicka.eu\/shop\/dychova-hudba\/vianocne-koledy-pre-dychovu-hudbu-10-skladieb\/","url":"https:\/\/shop.petercernicka.eu\/shop\/dychova-hudba\/vianocne-koledy-pre-dychovu-hudbu-10-skladieb\/","name":"Viano\u010dn\u00e9 koledy pre dychov\u00fa hudbu (10 skladieb) - Peter \u010cerni\u010dka | Noty | HUDOBN\u00c9 PODKLADY","isPartOf":{"@id":"https:\/\/shop.petercernicka.eu\/#website"},"primaryImageOfPage":{"@id":"https:\/\/shop.petercernicka.eu\/shop\/dychova-hudba\/vianocne-koledy-pre-dychovu-hudbu-10-skladieb\/#primaryimage"},"image":{"@id":"https:\/\/shop.petercernicka.eu\/shop\/dychova-hudba\/vianocne-koledy-pre-dychovu-hudbu-10-skladieb\/#primaryimage"},"thumbnailUrl":"https:\/\/shop.petercernicka.eu\/wp-content\/uploads\/2021\/10\/church-648430_1280.jpg","datePublished":"2022-06-29T13:45:23+00:00","dateModified":"2025-05-11T09:13:18+00:00","description":"Bal\u00edk viano\u010dn\u00fdch piesn\u00ed a kolied v \u00faprave pre dychov\u00fa hudbu.","breadcrumb":{"@id":"https:\/\/shop.petercernicka.eu\/shop\/dychova-hudba\/vianocne-koledy-pre-dychovu-hudbu-10-skladieb\/#breadcrumb"},"inLanguage":"de","potentialAction":[{"@type":"ReadAction","target":["https:\/\/shop.petercernicka.eu\/shop\/dychova-hudba\/vianocne-koledy-pre-dychovu-hudbu-10-skladieb\/"]}]},{"@type":"ImageObject","inLanguage":"de","@id":"https:\/\/shop.petercernicka.eu\/shop\/dychova-hudba\/vianocne-koledy-pre-dychovu-hudbu-10-skladieb\/#primaryimage","url":"https:\/\/shop.petercernicka.eu\/wp-content\/uploads\/2021\/10\/church-648430_1280.jpg","contentUrl":"https:\/\/shop.petercernicka.eu\/wp-content\/uploads\/2021\/10\/church-648430_1280.jpg","width":1280,"height":823,"caption":"vianocne koledy hudobny podklad"},{"@type":"BreadcrumbList","@id":"https:\/\/shop.petercernicka.eu\/shop\/dychova-hudba\/vianocne-koledy-pre-dychovu-hudbu-10-skladieb\/#breadcrumb","itemListElement":[{"@type":"ListItem","position":1,"name":"Home","item":"https:\/\/shop.petercernicka.eu\/"},{"@type":"ListItem","position":2,"name":"Produkty","item":"https:\/\/shop.petercernicka.eu\/obchod\/"},{"@type":"ListItem","position":3,"name":"Viano\u010dn\u00e9 koledy pre dychov\u00fa hudbu (10 skladieb)"}]},{"@type":"WebSite","@id":"https:\/\/shop.petercernicka.eu\/#website","url":"https:\/\/shop.petercernicka.eu\/","name":"Peter \u010cerni\u010dka | Noty | HUDOBN\u00c9 PODKLADY","description":"Volkslieder, Schlager, Tschechoslowakische Schlager, Zigeunerlieder, Evergreens, Weihnachtslieder","potentialAction":[{"@type":"SearchAction","target":{"@type":"EntryPoint","urlTemplate":"https:\/\/shop.petercernicka.eu\/?s={search_term_string}"},"query-input":{"@type":"PropertyValueSpecification","valueRequired":true,"valueName":"search_term_string"}}],"inLanguage":"de"}]}},"_links":{"self":[{"href":"https:\/\/shop.petercernicka.eu\/de\/wp-json\/wp\/v2\/product\/7000","targetHints":{"allow":["GET"]}}],"collection":[{"href":"https:\/\/shop.petercernicka.eu\/de\/wp-json\/wp\/v2\/product"}],"about":[{"href":"https:\/\/shop.petercernicka.eu\/de\/wp-json\/wp\/v2\/types\/product"}],"replies":[{"embeddable":true,"href":"https:\/\/shop.petercernicka.eu\/de\/wp-json\/wp\/v2\/comments?post=7000"}],"wp:featuredmedia":[{"embeddable":true,"href":"https:\/\/shop.petercernicka.eu\/de\/wp-json\/wp\/v2\/media\/3821"}],"wp:attachment":[{"href":"https:\/\/shop.petercernicka.eu\/de\/wp-json\/wp\/v2\/media?parent=7000"}],"wp:term":[{"taxonomy":"product_brand","embeddable":true,"href":"https:\/\/shop.petercernicka.eu\/de\/wp-json\/wp\/v2\/product_brand?post=7000"},{"taxonomy":"product_cat","embeddable":true,"href":"https:\/\/shop.petercernicka.eu\/de\/wp-json\/wp\/v2\/product_cat?post=7000"},{"taxonomy":"product_tag","embeddable":true,"href":"https:\/\/shop.petercernicka.eu\/de\/wp-json\/wp\/v2\/product_tag?post=7000"}],"curies":[{"name":"wp","href":"https:\/\/api.w.org\/{rel}","templated":true}]}}