{"id":4439,"date":"2022-03-21T10:00:50","date_gmt":"2022-03-21T09:00:50","guid":{"rendered":"https:\/\/shop.petercernicka.eu\/?post_type=product&#038;p=4439"},"modified":"2025-05-11T13:34:09","modified_gmt":"2025-05-11T11:34:09","slug":"ludove-piesne-pre-malu-partiu-knizky-pochodovky","status":"publish","type":"product","link":"https:\/\/shop.petercernicka.eu\/de\/shop\/mala-partia\/ludove-piesne-pre-malu-partiu-knizky-pochodovky\/","title":{"rendered":"\u013dudov\u00e9 piesne pre mal\u00fa partiu &#8211; kn\u00ed\u017eky (pochodovky)"},"content":{"rendered":"<p><span style=\"color: #000000;\"><strong>Zoznam skladieb:<\/strong><\/span><\/p>\n<p><span style=\"color: #000000;\">1. V hornom konci b\u00fdvam<\/span><br \/>\n<span style=\"color: #000000;\">2. \u010co to tam \u0161uchoce<\/span><br \/>\n<span style=\"color: #000000;\">3. Do r\u00e1na je mal\u00e1 chv\u00ed\u013ea<\/span><br \/>\n<span style=\"color: #000000;\">4. A od Pre\u0161ova<\/span><br \/>\n<span style=\"color: #000000;\">5. Dolina, dolina<\/span><br \/>\n<span style=\"color: #000000;\">6. Drietomsk\u00fa dolinu<\/span><br \/>\n<span style=\"color: #000000;\">7. Horela lipka horela<\/span><br \/>\n<span style=\"color: #000000;\">8. Kde\u017ee si Ani\u010dka<\/span><br \/>\n<span style=\"color: #000000;\">9. Jedna ru\u017ea, dve ru\u017ee<\/span><br \/>\n<span style=\"color: #000000;\">10. Ke\u010f sme roli\u010dku orali<\/span><br \/>\n<span style=\"color: #000000;\">11. Javorinka \u0161ediv\u00e1<\/span><br \/>\n<span style=\"color: #000000;\">12. Ke\u010f som i\u0161iel okolo V\u00e1s<\/span><br \/>\n<span style=\"color: #000000;\">13. Ke\u010f rozkvitne biela ru\u017ea<\/span><br \/>\n<span style=\"color: #000000;\">14. Konopa, konopa<\/span><br \/>\n<span style=\"color: #000000;\">15. Kedy \u017ee to \u017e\u00edtko z\u00edde<\/span><br \/>\n<span style=\"color: #000000;\">16. Mala som, mala som<\/span><br \/>\n<span style=\"color: #000000;\">17. Kone moje vran\u00e9<\/span><br \/>\n<span style=\"color: #000000;\">18. M\u00e1m ja kosu, kosi\u010dku<\/span><br \/>\n<span style=\"color: #000000;\">19. Letela husi\u010dka<\/span><br \/>\n<span style=\"color: #000000;\">20. Mamko moja mami\u010denko<\/span><br \/>\n<span style=\"color: #000000;\">21. Mal som p\u00ed\u0161\u0165alo\u010dku<\/span><br \/>\n<span style=\"color: #000000;\">22. Na Pankr\u00e1ci<\/span><br \/>\n<span style=\"color: #000000;\">23. Na Orave dobre<\/span><br \/>\n<span style=\"color: #000000;\">24. Na\u010do mi je t\u00e1 zahradka<\/span><br \/>\n<span style=\"color: #000000;\">25. Ne\u010faleko mlyna ve\u013ek\u00e1 hlbo\u010dina<\/span><br \/>\n<span style=\"color: #000000;\">26. Neber si syne\u010dku<\/span><br \/>\n<span style=\"color: #000000;\">27. Ne\u010faleko od Tren\u010d\u00edna<\/span><br \/>\n<span style=\"color: #000000;\">28. Neviem, neviem<\/span><br \/>\n<span style=\"color: #000000;\">29. Okolo mlyna<\/span><br \/>\n<span style=\"color: #000000;\">30. Okolo S\u00fa\u010de<\/span><br \/>\n<span style=\"color: #000000;\">31. Na jese\u0148 ke\u010f chlapci rukuj\u00fa<\/span><br \/>\n<span style=\"color: #000000;\">32. Za t\u00fa horu<\/span><br \/>\n<span style=\"color: #000000;\">33. Si moja mil\u00e1<\/span><br \/>\n<span style=\"color: #000000;\">34. Sadla v\u010dielka<\/span><br \/>\n<span style=\"color: #000000;\">35. Sedemn\u00e1s\u0165 liet<\/span><br \/>\n<span style=\"color: #000000;\">36. \u0160\u00edpov\u00e1 ru\u017ei\u010dka<\/span><br \/>\n<span style=\"color: #000000;\">37. Slovensk\u00e9 mami\u010dky<\/span><br \/>\n<span style=\"color: #000000;\">38. Vydala ma mamka<\/span><br \/>\n<span style=\"color: #000000;\">39. \u0160tudensk\u00e1 halenka<\/span><br \/>\n<span style=\"color: #000000;\">40. Vydala mami\u010dka<\/span><br \/>\n<span style=\"color: #000000;\">41. Pre\u0161porsk\u00e1 kas\u00e1re\u0148<\/span><br \/>\n<span style=\"color: #000000;\">42. Tren\u010diansku dolinu<\/span><br \/>\n<span style=\"color: #000000;\">43. Tam pod tatrami<\/span><br \/>\n<span style=\"color: #000000;\">44. Utrhla sa skala<\/span><br \/>\n<span style=\"color: #000000;\">45. Pre\u010do sa ml\u00e1denci neo\u017een\u00edte<\/span><br \/>\n<span style=\"color: #000000;\">46. Okolo Tren\u010d\u00edna<\/span><br \/>\n<span style=\"color: #000000;\">47. Keby ja vedela<\/span><br \/>\n<span style=\"color: #000000;\">48. U\u017e je ve\u010der<\/span><br \/>\n<span style=\"color: #000000;\">49. V richt\u00e1rovej studni<\/span><br \/>\n<span style=\"color: #000000;\">50. Na Kr\u00e1\u013eovej holi<\/span><\/p>\n<p>Obsadenie:<\/p>\n<ul>\n<li><span style=\"background-color: #ffffff; color: #000000;\">Trumpeta<\/span><\/li>\n<li><span style=\"background-color: #ffffff; color: #000000;\">Tenor<\/span><\/li>\n<li><span style=\"color: #000000;\">Akorde\u00f3n<\/span><\/li>\n<li><span style=\"color: #000000;\"><span style=\"background-color: #ffffff;\">Tuba C<\/span><\/span><\/li>\n<li><span style=\"background-color: #ffffff; color: #000000;\">Bicie<\/span><\/li>\n<\/ul>","protected":false},"excerpt":{"rendered":"<ul>\n<li><span style=\"color: #000000;\">Pestr\u00fd v\u00fdber skladieb vhodn\u00fd na ak\u00e9ko\u013evek podujatie v ter\u00e9ne. \ud83d\ude42<br \/>\n(fa\u0161iangy, stavanie m\u00e1ja, svadobn\u00e9 chodn\u00edky-vystr\u00e1ja\u010dky, rodinn\u00e9 oslavy, hody a kade\u010do in\u00e9.)<\/span><\/li>\n<li>jednoduch\u00e9 \u00fapravy \u013eudov\u00fdch skladieb &#8211; polky a val\u010d\u00edky, vhodn\u00e9 na fa\u0161iangy, stavanie m\u00e1ja, svadobn\u00e9 vystr\u00e1ja\u010dky, hody, rodinn\u00e9 oslavy a \u010doko\u013evek in\u00e9.<\/li>\n<li>form\u00e1t 160mm x 130mm<\/li>\n<li>foliovan\u00e9 papiere (proti da\u017e\u010fu, snehu)<\/li>\n<li>dr\u00f4ten\u00e1 v\u00e4zba<\/li>\n<\/ul>","protected":false},"featured_media":4442,"comment_status":"open","ping_status":"closed","template":"","meta":{"om_disable_all_campaigns":false},"product_brand":[],"product_cat":[40,1168],"product_tag":[43,1084,1188],"class_list":{"0":"post-4439","1":"product","2":"type-product","3":"status-publish","4":"has-post-thumbnail","6":"product_cat-mala-partia","7":"product_cat-noty","8":"product_tag-ludove-piesne-2","9":"product_tag-mala-partia","10":"product_tag-noty","12":"first","13":"instock","14":"taxable","15":"shipping-taxable","16":"purchasable","17":"product-type-simple"},"yoast_head":"<!-- This site is optimized with the Yoast SEO plugin v27.4 - https:\/\/yoast.com\/product\/yoast-seo-wordpress\/ -->\n<title>\u013dudov\u00e9 piesne pre mal\u00fa partiu - kn\u00ed\u017eky (pochodovky) - Peter \u010cerni\u010dka | Noty | HUDOBN\u00c9 PODKLADY<\/title>\n<meta name=\"description\" content=\"Jednoduch\u00e9 \u00fapravy \u013eudov\u00fdch skladieb pre mal\u00fa partiu vo form\u00e1te 160mm x 130mm (do l\u00fdry) vhodn\u00e9 na ak\u00fako\u013evek pr\u00edle\u017eitos\u0165.\" \/>\n<meta name=\"robots\" content=\"index, follow, max-snippet:-1, max-image-preview:large, max-video-preview:-1\" \/>\n<link rel=\"canonical\" href=\"https:\/\/shop.petercernicka.eu\/de\/shop\/mala-partia\/ludove-piesne-pre-malu-partiu-knizky-pochodovky\/\" \/>\n<meta property=\"og:locale\" content=\"de_DE\" \/>\n<meta property=\"og:type\" content=\"article\" \/>\n<meta property=\"og:title\" content=\"\u013dudov\u00e9 piesne pre dychov\u00fa hudbu - kn\u00ed\u017eky (pochodovky)\" \/>\n<meta property=\"og:description\" content=\"Jednoduch\u00e9 \u00fapravy \u013eudov\u00fdch skladieb pre mal\u00fa partiu vo form\u00e1te 160mm x 130mm (do l\u00fdry) vhodn\u00e9 na ak\u00fako\u013evek pr\u00edle\u017eitos\u0165.\" \/>\n<meta property=\"og:url\" content=\"https:\/\/shop.petercernicka.eu\/de\/shop\/mala-partia\/ludove-piesne-pre-malu-partiu-knizky-pochodovky\/\" \/>\n<meta property=\"og:site_name\" content=\"Peter \u010cerni\u010dka | Noty | HUDOBN\u00c9 PODKLADY\" \/>\n<meta property=\"article:publisher\" content=\"https:\/\/www.facebook.com\/petercernickanoty\" \/>\n<meta property=\"article:modified_time\" content=\"2025-05-11T11:34:09+00:00\" \/>\n<meta property=\"og:image\" content=\"https:\/\/shop.petercernicka.eu\/wp-content\/uploads\/2022\/03\/Noty-pre-dychovku-polky-valciky.jpg\" \/>\n\t<meta property=\"og:image:width\" content=\"860\" \/>\n\t<meta property=\"og:image:height\" content=\"820\" \/>\n\t<meta property=\"og:image:type\" content=\"image\/jpeg\" \/>\n<meta name=\"twitter:card\" content=\"summary_large_image\" \/>\n<meta name=\"twitter:image\" content=\"https:\/\/shop.petercernicka.eu\/wp-content\/uploads\/2022\/03\/Noty-pre-dychovku-polky-valciky.jpg\" \/>\n<meta name=\"twitter:label1\" content=\"Gesch\u00e4tzte Lesezeit\" \/>\n\t<meta name=\"twitter:data1\" content=\"2\u00a0Minuten\" \/>\n<script type=\"application\/ld+json\" class=\"yoast-schema-graph\">{\"@context\":\"https:\\\/\\\/schema.org\",\"@graph\":[{\"@type\":\"WebPage\",\"@id\":\"https:\\\/\\\/shop.petercernicka.eu\\\/shop\\\/mala-partia\\\/ludove-piesne-pre-malu-partiu-knizky-pochodovky\\\/\",\"url\":\"https:\\\/\\\/shop.petercernicka.eu\\\/shop\\\/mala-partia\\\/ludove-piesne-pre-malu-partiu-knizky-pochodovky\\\/\",\"name\":\"\u013dudov\u00e9 piesne pre mal\u00fa partiu - kn\u00ed\u017eky (pochodovky) - Peter \u010cerni\u010dka | Noty | HUDOBN\u00c9 PODKLADY\",\"isPartOf\":{\"@id\":\"https:\\\/\\\/shop.petercernicka.eu\\\/#website\"},\"primaryImageOfPage\":{\"@id\":\"https:\\\/\\\/shop.petercernicka.eu\\\/shop\\\/mala-partia\\\/ludove-piesne-pre-malu-partiu-knizky-pochodovky\\\/#primaryimage\"},\"image\":{\"@id\":\"https:\\\/\\\/shop.petercernicka.eu\\\/shop\\\/mala-partia\\\/ludove-piesne-pre-malu-partiu-knizky-pochodovky\\\/#primaryimage\"},\"thumbnailUrl\":\"https:\\\/\\\/shop.petercernicka.eu\\\/wp-content\\\/uploads\\\/2022\\\/03\\\/Noty-pre-dychovku-polky-valciky.jpg\",\"datePublished\":\"2022-03-21T09:00:50+00:00\",\"dateModified\":\"2025-05-11T11:34:09+00:00\",\"description\":\"Jednoduch\u00e9 \u00fapravy \u013eudov\u00fdch skladieb pre mal\u00fa partiu vo form\u00e1te 160mm x 130mm (do l\u00fdry) vhodn\u00e9 na ak\u00fako\u013evek pr\u00edle\u017eitos\u0165.\",\"breadcrumb\":{\"@id\":\"https:\\\/\\\/shop.petercernicka.eu\\\/shop\\\/mala-partia\\\/ludove-piesne-pre-malu-partiu-knizky-pochodovky\\\/#breadcrumb\"},\"inLanguage\":\"de\",\"potentialAction\":[{\"@type\":\"ReadAction\",\"target\":[\"https:\\\/\\\/shop.petercernicka.eu\\\/shop\\\/mala-partia\\\/ludove-piesne-pre-malu-partiu-knizky-pochodovky\\\/\"]}]},{\"@type\":\"ImageObject\",\"inLanguage\":\"de\",\"@id\":\"https:\\\/\\\/shop.petercernicka.eu\\\/shop\\\/mala-partia\\\/ludove-piesne-pre-malu-partiu-knizky-pochodovky\\\/#primaryimage\",\"url\":\"https:\\\/\\\/shop.petercernicka.eu\\\/wp-content\\\/uploads\\\/2022\\\/03\\\/Noty-pre-dychovku-polky-valciky.jpg\",\"contentUrl\":\"https:\\\/\\\/shop.petercernicka.eu\\\/wp-content\\\/uploads\\\/2022\\\/03\\\/Noty-pre-dychovku-polky-valciky.jpg\",\"width\":860,\"height\":820},{\"@type\":\"BreadcrumbList\",\"@id\":\"https:\\\/\\\/shop.petercernicka.eu\\\/shop\\\/mala-partia\\\/ludove-piesne-pre-malu-partiu-knizky-pochodovky\\\/#breadcrumb\",\"itemListElement\":[{\"@type\":\"ListItem\",\"position\":1,\"name\":\"Home\",\"item\":\"https:\\\/\\\/shop.petercernicka.eu\\\/\"},{\"@type\":\"ListItem\",\"position\":2,\"name\":\"Produkty\",\"item\":\"https:\\\/\\\/shop.petercernicka.eu\\\/obchod\\\/\"},{\"@type\":\"ListItem\",\"position\":3,\"name\":\"\u013dudov\u00e9 piesne pre mal\u00fa partiu &#8211; kn\u00ed\u017eky (pochodovky)\"}]},{\"@type\":\"WebSite\",\"@id\":\"https:\\\/\\\/shop.petercernicka.eu\\\/#website\",\"url\":\"https:\\\/\\\/shop.petercernicka.eu\\\/\",\"name\":\"Peter \u010cerni\u010dka | Noty | HUDOBN\u00c9 PODKLADY\",\"description\":\"\u013eudov\u00e9 piesne, popul\u00e1rne \u0161l\u00e1gre, \u010desko-slovensk\u00e9 hity, cig\u00e1nske piesne, ewergreeny, viano\u010dn\u00e9 koledy\",\"potentialAction\":[{\"@type\":\"SearchAction\",\"target\":{\"@type\":\"EntryPoint\",\"urlTemplate\":\"https:\\\/\\\/shop.petercernicka.eu\\\/?s={search_term_string}\"},\"query-input\":{\"@type\":\"PropertyValueSpecification\",\"valueRequired\":true,\"valueName\":\"search_term_string\"}}],\"inLanguage\":\"de\"}]}<\/script>\n<!-- \/ Yoast SEO plugin. -->","yoast_head_json":{"title":"\u013dudov\u00e9 piesne pre mal\u00fa partiu - kn\u00ed\u017eky (pochodovky) - Peter \u010cerni\u010dka | Noty | HUDOBN\u00c9 PODKLADY","description":"Jednoduch\u00e9 \u00fapravy \u013eudov\u00fdch skladieb pre mal\u00fa partiu vo form\u00e1te 160mm x 130mm (do l\u00fdry) vhodn\u00e9 na ak\u00fako\u013evek pr\u00edle\u017eitos\u0165.","robots":{"index":"index","follow":"follow","max-snippet":"max-snippet:-1","max-image-preview":"max-image-preview:large","max-video-preview":"max-video-preview:-1"},"canonical":"https:\/\/shop.petercernicka.eu\/de\/shop\/mala-partia\/ludove-piesne-pre-malu-partiu-knizky-pochodovky\/","og_locale":"de_DE","og_type":"article","og_title":"\u013dudov\u00e9 piesne pre dychov\u00fa hudbu - kn\u00ed\u017eky (pochodovky)","og_description":"Jednoduch\u00e9 \u00fapravy \u013eudov\u00fdch skladieb pre mal\u00fa partiu vo form\u00e1te 160mm x 130mm (do l\u00fdry) vhodn\u00e9 na ak\u00fako\u013evek pr\u00edle\u017eitos\u0165.","og_url":"https:\/\/shop.petercernicka.eu\/de\/shop\/mala-partia\/ludove-piesne-pre-malu-partiu-knizky-pochodovky\/","og_site_name":"Peter \u010cerni\u010dka | Noty | HUDOBN\u00c9 PODKLADY","article_publisher":"https:\/\/www.facebook.com\/petercernickanoty","article_modified_time":"2025-05-11T11:34:09+00:00","og_image":[{"width":860,"height":820,"url":"https:\/\/shop.petercernicka.eu\/wp-content\/uploads\/2022\/03\/Noty-pre-dychovku-polky-valciky.jpg","type":"image\/jpeg"}],"twitter_card":"summary_large_image","twitter_image":"https:\/\/shop.petercernicka.eu\/wp-content\/uploads\/2022\/03\/Noty-pre-dychovku-polky-valciky.jpg","twitter_misc":{"Gesch\u00e4tzte Lesezeit":"2\u00a0Minuten"},"schema":{"@context":"https:\/\/schema.org","@graph":[{"@type":"WebPage","@id":"https:\/\/shop.petercernicka.eu\/shop\/mala-partia\/ludove-piesne-pre-malu-partiu-knizky-pochodovky\/","url":"https:\/\/shop.petercernicka.eu\/shop\/mala-partia\/ludove-piesne-pre-malu-partiu-knizky-pochodovky\/","name":"\u013dudov\u00e9 piesne pre mal\u00fa partiu - kn\u00ed\u017eky (pochodovky) - Peter \u010cerni\u010dka | Noty | HUDOBN\u00c9 PODKLADY","isPartOf":{"@id":"https:\/\/shop.petercernicka.eu\/#website"},"primaryImageOfPage":{"@id":"https:\/\/shop.petercernicka.eu\/shop\/mala-partia\/ludove-piesne-pre-malu-partiu-knizky-pochodovky\/#primaryimage"},"image":{"@id":"https:\/\/shop.petercernicka.eu\/shop\/mala-partia\/ludove-piesne-pre-malu-partiu-knizky-pochodovky\/#primaryimage"},"thumbnailUrl":"https:\/\/shop.petercernicka.eu\/wp-content\/uploads\/2022\/03\/Noty-pre-dychovku-polky-valciky.jpg","datePublished":"2022-03-21T09:00:50+00:00","dateModified":"2025-05-11T11:34:09+00:00","description":"Jednoduch\u00e9 \u00fapravy \u013eudov\u00fdch skladieb pre mal\u00fa partiu vo form\u00e1te 160mm x 130mm (do l\u00fdry) vhodn\u00e9 na ak\u00fako\u013evek pr\u00edle\u017eitos\u0165.","breadcrumb":{"@id":"https:\/\/shop.petercernicka.eu\/shop\/mala-partia\/ludove-piesne-pre-malu-partiu-knizky-pochodovky\/#breadcrumb"},"inLanguage":"de","potentialAction":[{"@type":"ReadAction","target":["https:\/\/shop.petercernicka.eu\/shop\/mala-partia\/ludove-piesne-pre-malu-partiu-knizky-pochodovky\/"]}]},{"@type":"ImageObject","inLanguage":"de","@id":"https:\/\/shop.petercernicka.eu\/shop\/mala-partia\/ludove-piesne-pre-malu-partiu-knizky-pochodovky\/#primaryimage","url":"https:\/\/shop.petercernicka.eu\/wp-content\/uploads\/2022\/03\/Noty-pre-dychovku-polky-valciky.jpg","contentUrl":"https:\/\/shop.petercernicka.eu\/wp-content\/uploads\/2022\/03\/Noty-pre-dychovku-polky-valciky.jpg","width":860,"height":820},{"@type":"BreadcrumbList","@id":"https:\/\/shop.petercernicka.eu\/shop\/mala-partia\/ludove-piesne-pre-malu-partiu-knizky-pochodovky\/#breadcrumb","itemListElement":[{"@type":"ListItem","position":1,"name":"Home","item":"https:\/\/shop.petercernicka.eu\/"},{"@type":"ListItem","position":2,"name":"Produkty","item":"https:\/\/shop.petercernicka.eu\/obchod\/"},{"@type":"ListItem","position":3,"name":"\u013dudov\u00e9 piesne pre mal\u00fa partiu &#8211; kn\u00ed\u017eky (pochodovky)"}]},{"@type":"WebSite","@id":"https:\/\/shop.petercernicka.eu\/#website","url":"https:\/\/shop.petercernicka.eu\/","name":"Peter \u010cerni\u010dka | Noty | HUDOBN\u00c9 PODKLADY","description":"Volkslieder, Schlager, Tschechoslowakische Schlager, Zigeunerlieder, Evergreens, Weihnachtslieder","potentialAction":[{"@type":"SearchAction","target":{"@type":"EntryPoint","urlTemplate":"https:\/\/shop.petercernicka.eu\/?s={search_term_string}"},"query-input":{"@type":"PropertyValueSpecification","valueRequired":true,"valueName":"search_term_string"}}],"inLanguage":"de"}]}},"_links":{"self":[{"href":"https:\/\/shop.petercernicka.eu\/de\/wp-json\/wp\/v2\/product\/4439","targetHints":{"allow":["GET"]}}],"collection":[{"href":"https:\/\/shop.petercernicka.eu\/de\/wp-json\/wp\/v2\/product"}],"about":[{"href":"https:\/\/shop.petercernicka.eu\/de\/wp-json\/wp\/v2\/types\/product"}],"replies":[{"embeddable":true,"href":"https:\/\/shop.petercernicka.eu\/de\/wp-json\/wp\/v2\/comments?post=4439"}],"wp:featuredmedia":[{"embeddable":true,"href":"https:\/\/shop.petercernicka.eu\/de\/wp-json\/wp\/v2\/media\/4442"}],"wp:attachment":[{"href":"https:\/\/shop.petercernicka.eu\/de\/wp-json\/wp\/v2\/media?parent=4439"}],"wp:term":[{"taxonomy":"product_brand","embeddable":true,"href":"https:\/\/shop.petercernicka.eu\/de\/wp-json\/wp\/v2\/product_brand?post=4439"},{"taxonomy":"product_cat","embeddable":true,"href":"https:\/\/shop.petercernicka.eu\/de\/wp-json\/wp\/v2\/product_cat?post=4439"},{"taxonomy":"product_tag","embeddable":true,"href":"https:\/\/shop.petercernicka.eu\/de\/wp-json\/wp\/v2\/product_tag?post=4439"}],"curies":[{"name":"wp","href":"https:\/\/api.w.org\/{rel}","templated":true}]}}