{"id":4002,"date":"2021-10-19T14:51:48","date_gmt":"2021-10-19T12:51:48","guid":{"rendered":"https:\/\/shop.petercernicka.eu\/?post_type=product&#038;p=4002"},"modified":"2025-05-11T11:14:59","modified_gmt":"2025-05-11T09:14:59","slug":"ludove-piesne-c-1-pozaunove-kvarteto","status":"publish","type":"product","link":"https:\/\/shop.petercernicka.eu\/de\/shop\/komorna-hudba\/dychove-kvarteto\/ludove-piesne-c-1-pozaunove-kvarteto\/","title":{"rendered":"\u013dudov\u00e9 piesne \u010d.1 &#8211; pozaunov\u00e9 kvarteto"},"content":{"rendered":"<p><span style=\"font-size: 14pt; color: #000000;\"><strong>Obsah:<\/strong><\/span><\/p>\n<ul>\n<li><span style=\"font-size: 14pt; color: #000000;\">5 \u013eudov\u00fdch piesn\u00ed<\/span><\/li>\n<li><span style=\"font-size: 14pt; color: #000000;\">PDF form\u00e1t<\/span><\/li>\n<\/ul>\n<p>&nbsp;<\/p>\n<p><span style=\"font-size: 14pt; color: #000000;\"><strong>\u00a0<\/strong><\/span><\/p>\n<ol>\n<li><span style=\"font-size: 14pt; color: #000000;\">Ne\u010faleko od Tren\u010d\u00edna<br \/>\n<\/span><\/li>\n<li><span style=\"font-size: 14pt; color: #000000;\">Konopa, konopa<\/span><\/li>\n<li><span style=\"font-size: 14pt; color: #000000;\">Darmo ma mami\u010dko<\/span><\/li>\n<li><span style=\"font-size: 14pt; color: #000000;\">Drietomsk\u00fa dolinu<\/span><\/li>\n<li><span style=\"font-size: 14pt; color: #000000;\">Pr\u00eddi Jan\u00edk premilen\u00fd<\/span><\/li>\n<\/ol>","protected":false},"excerpt":{"rendered":"<p><audio class=\"wp-audio-shortcode\" id=\"audio-4002-1\" preload=\"none\" style=\"width: 100%;\" controls=\"controls\"><source type=\"audio\/mpeg\" src=\"https:\/\/shop.petercernicka.eu\/wp-content\/uploads\/2021\/10\/Konopa-konopa-1.mp3?_=1\" \/><a href=\"https:\/\/shop.petercernicka.eu\/wp-content\/uploads\/2021\/10\/Konopa-konopa-1.mp3\">https:\/\/shop.petercernicka.eu\/wp-content\/uploads\/2021\/10\/Konopa-konopa-1.mp3<\/a><\/audio><\/p>","protected":false},"featured_media":4006,"comment_status":"closed","ping_status":"closed","template":"","meta":{"om_disable_all_campaigns":false},"product_brand":[],"product_cat":[34,373],"product_tag":[43,1188,95],"class_list":{"0":"post-4002","1":"product","2":"type-product","3":"status-publish","4":"has-post-thumbnail","6":"product_cat-dychove-kvarteto","7":"product_cat-pozaunove-kvarteto","8":"product_tag-ludove-piesne-2","9":"product_tag-noty","10":"product_tag-pozauna","11":"pa_varianta-pdf-digitalne-stiahnutie","13":"first","14":"instock","15":"taxable","16":"shipping-taxable","17":"purchasable","18":"product-type-variable"},"yoast_head":"<!-- This site is optimized with the Yoast SEO plugin v27.5 - https:\/\/yoast.com\/product\/yoast-seo-wordpress\/ -->\n<title>\u013dudov\u00e9 piesne \u010d.1 - pozaunov\u00e9 kvarteto - Peter \u010cerni\u010dka | Noty | HUDOBN\u00c9 PODKLADY<\/title>\n<meta name=\"description\" content=\"\u013dudov\u00e9 piesne v \u00faprave pre pozaunov\u00e9 kvarteto. Produkt obsahuje 5 \u013eudov\u00fdch skladieb pre 4 pozauny.\" \/>\n<meta name=\"robots\" content=\"index, follow, max-snippet:-1, max-image-preview:large, max-video-preview:-1\" \/>\n<link rel=\"canonical\" href=\"https:\/\/shop.petercernicka.eu\/de\/shop\/komorna-hudba\/dychove-kvarteto\/ludove-piesne-c-1-pozaunove-kvarteto\/\" \/>\n<meta property=\"og:locale\" content=\"de_DE\" \/>\n<meta property=\"og:type\" content=\"article\" \/>\n<meta property=\"og:title\" content=\"\u013dudov\u00e9 piesne \u010d.1 - pozaunov\u00e9 kvarteto\" \/>\n<meta property=\"og:description\" content=\"\u013dudov\u00e9 piesne v \u00faprave pre pozaunov\u00e9 kvarteto. Produkt obsahuje 5 \u013eudov\u00fdch skladieb pre 4 pozauny.\" \/>\n<meta property=\"og:url\" content=\"https:\/\/shop.petercernicka.eu\/de\/shop\/komorna-hudba\/dychove-kvarteto\/ludove-piesne-c-1-pozaunove-kvarteto\/\" \/>\n<meta property=\"og:site_name\" content=\"Peter \u010cerni\u010dka | Noty | HUDOBN\u00c9 PODKLADY\" \/>\n<meta property=\"article:publisher\" content=\"https:\/\/www.facebook.com\/petercernickanoty\" \/>\n<meta property=\"article:modified_time\" content=\"2025-05-11T09:14:59+00:00\" \/>\n<meta property=\"og:image\" content=\"https:\/\/shop.petercernicka.eu\/wp-content\/uploads\/2021\/10\/slovakia-4631106_1280.jpg\" \/>\n\t<meta property=\"og:image:width\" content=\"1280\" \/>\n\t<meta property=\"og:image:height\" content=\"850\" \/>\n\t<meta property=\"og:image:type\" content=\"image\/jpeg\" \/>\n<meta name=\"twitter:card\" content=\"summary_large_image\" \/>\n<meta name=\"twitter:label1\" content=\"Gesch\u00e4tzte Lesezeit\" \/>\n\t<meta name=\"twitter:data1\" content=\"1\u00a0Minute\" \/>\n<script type=\"application\/ld+json\" class=\"yoast-schema-graph\">{\"@context\":\"https:\\\/\\\/schema.org\",\"@graph\":[{\"@type\":\"WebPage\",\"@id\":\"https:\\\/\\\/shop.petercernicka.eu\\\/shop\\\/komorna-hudba\\\/dychove-kvarteto\\\/ludove-piesne-c-1-pozaunove-kvarteto\\\/\",\"url\":\"https:\\\/\\\/shop.petercernicka.eu\\\/shop\\\/komorna-hudba\\\/dychove-kvarteto\\\/ludove-piesne-c-1-pozaunove-kvarteto\\\/\",\"name\":\"\u013dudov\u00e9 piesne \u010d.1 - pozaunov\u00e9 kvarteto - Peter \u010cerni\u010dka | Noty | HUDOBN\u00c9 PODKLADY\",\"isPartOf\":{\"@id\":\"https:\\\/\\\/shop.petercernicka.eu\\\/#website\"},\"primaryImageOfPage\":{\"@id\":\"https:\\\/\\\/shop.petercernicka.eu\\\/shop\\\/komorna-hudba\\\/dychove-kvarteto\\\/ludove-piesne-c-1-pozaunove-kvarteto\\\/#primaryimage\"},\"image\":{\"@id\":\"https:\\\/\\\/shop.petercernicka.eu\\\/shop\\\/komorna-hudba\\\/dychove-kvarteto\\\/ludove-piesne-c-1-pozaunove-kvarteto\\\/#primaryimage\"},\"thumbnailUrl\":\"https:\\\/\\\/shop.petercernicka.eu\\\/wp-content\\\/uploads\\\/2021\\\/10\\\/slovakia-4631106_1280.jpg\",\"datePublished\":\"2021-10-19T12:51:48+00:00\",\"dateModified\":\"2025-05-11T09:14:59+00:00\",\"description\":\"\u013dudov\u00e9 piesne v \u00faprave pre pozaunov\u00e9 kvarteto. Produkt obsahuje 5 \u013eudov\u00fdch skladieb pre 4 pozauny.\",\"breadcrumb\":{\"@id\":\"https:\\\/\\\/shop.petercernicka.eu\\\/shop\\\/komorna-hudba\\\/dychove-kvarteto\\\/ludove-piesne-c-1-pozaunove-kvarteto\\\/#breadcrumb\"},\"inLanguage\":\"de\",\"potentialAction\":[{\"@type\":\"ReadAction\",\"target\":[\"https:\\\/\\\/shop.petercernicka.eu\\\/shop\\\/komorna-hudba\\\/dychove-kvarteto\\\/ludove-piesne-c-1-pozaunove-kvarteto\\\/\"]}]},{\"@type\":\"ImageObject\",\"inLanguage\":\"de\",\"@id\":\"https:\\\/\\\/shop.petercernicka.eu\\\/shop\\\/komorna-hudba\\\/dychove-kvarteto\\\/ludove-piesne-c-1-pozaunove-kvarteto\\\/#primaryimage\",\"url\":\"https:\\\/\\\/shop.petercernicka.eu\\\/wp-content\\\/uploads\\\/2021\\\/10\\\/slovakia-4631106_1280.jpg\",\"contentUrl\":\"https:\\\/\\\/shop.petercernicka.eu\\\/wp-content\\\/uploads\\\/2021\\\/10\\\/slovakia-4631106_1280.jpg\",\"width\":1280,\"height\":850,\"caption\":\"ludove piesne noty\"},{\"@type\":\"BreadcrumbList\",\"@id\":\"https:\\\/\\\/shop.petercernicka.eu\\\/shop\\\/komorna-hudba\\\/dychove-kvarteto\\\/ludove-piesne-c-1-pozaunove-kvarteto\\\/#breadcrumb\",\"itemListElement\":[{\"@type\":\"ListItem\",\"position\":1,\"name\":\"Home\",\"item\":\"https:\\\/\\\/shop.petercernicka.eu\\\/\"},{\"@type\":\"ListItem\",\"position\":2,\"name\":\"Produkty\",\"item\":\"https:\\\/\\\/shop.petercernicka.eu\\\/obchod\\\/\"},{\"@type\":\"ListItem\",\"position\":3,\"name\":\"\u013dudov\u00e9 piesne \u010d.1 &#8211; pozaunov\u00e9 kvarteto\"}]},{\"@type\":\"WebSite\",\"@id\":\"https:\\\/\\\/shop.petercernicka.eu\\\/#website\",\"url\":\"https:\\\/\\\/shop.petercernicka.eu\\\/\",\"name\":\"Peter \u010cerni\u010dka | Noty | HUDOBN\u00c9 PODKLADY\",\"description\":\"\u013eudov\u00e9 piesne, popul\u00e1rne \u0161l\u00e1gre, \u010desko-slovensk\u00e9 hity, cig\u00e1nske piesne, ewergreeny, viano\u010dn\u00e9 koledy\",\"potentialAction\":[{\"@type\":\"SearchAction\",\"target\":{\"@type\":\"EntryPoint\",\"urlTemplate\":\"https:\\\/\\\/shop.petercernicka.eu\\\/?s={search_term_string}\"},\"query-input\":{\"@type\":\"PropertyValueSpecification\",\"valueRequired\":true,\"valueName\":\"search_term_string\"}}],\"inLanguage\":\"de\"}]}<\/script>\n<!-- \/ Yoast SEO plugin. -->","yoast_head_json":{"title":"\u013dudov\u00e9 piesne \u010d.1 - pozaunov\u00e9 kvarteto - Peter \u010cerni\u010dka | Noty | HUDOBN\u00c9 PODKLADY","description":"\u013dudov\u00e9 piesne v \u00faprave pre pozaunov\u00e9 kvarteto. Produkt obsahuje 5 \u013eudov\u00fdch skladieb pre 4 pozauny.","robots":{"index":"index","follow":"follow","max-snippet":"max-snippet:-1","max-image-preview":"max-image-preview:large","max-video-preview":"max-video-preview:-1"},"canonical":"https:\/\/shop.petercernicka.eu\/de\/shop\/komorna-hudba\/dychove-kvarteto\/ludove-piesne-c-1-pozaunove-kvarteto\/","og_locale":"de_DE","og_type":"article","og_title":"\u013dudov\u00e9 piesne \u010d.1 - pozaunov\u00e9 kvarteto","og_description":"\u013dudov\u00e9 piesne v \u00faprave pre pozaunov\u00e9 kvarteto. Produkt obsahuje 5 \u013eudov\u00fdch skladieb pre 4 pozauny.","og_url":"https:\/\/shop.petercernicka.eu\/de\/shop\/komorna-hudba\/dychove-kvarteto\/ludove-piesne-c-1-pozaunove-kvarteto\/","og_site_name":"Peter \u010cerni\u010dka | Noty | HUDOBN\u00c9 PODKLADY","article_publisher":"https:\/\/www.facebook.com\/petercernickanoty","article_modified_time":"2025-05-11T09:14:59+00:00","og_image":[{"width":1280,"height":850,"url":"https:\/\/shop.petercernicka.eu\/wp-content\/uploads\/2021\/10\/slovakia-4631106_1280.jpg","type":"image\/jpeg"}],"twitter_card":"summary_large_image","twitter_misc":{"Gesch\u00e4tzte Lesezeit":"1\u00a0Minute"},"schema":{"@context":"https:\/\/schema.org","@graph":[{"@type":"WebPage","@id":"https:\/\/shop.petercernicka.eu\/shop\/komorna-hudba\/dychove-kvarteto\/ludove-piesne-c-1-pozaunove-kvarteto\/","url":"https:\/\/shop.petercernicka.eu\/shop\/komorna-hudba\/dychove-kvarteto\/ludove-piesne-c-1-pozaunove-kvarteto\/","name":"\u013dudov\u00e9 piesne \u010d.1 - pozaunov\u00e9 kvarteto - Peter \u010cerni\u010dka | Noty | HUDOBN\u00c9 PODKLADY","isPartOf":{"@id":"https:\/\/shop.petercernicka.eu\/#website"},"primaryImageOfPage":{"@id":"https:\/\/shop.petercernicka.eu\/shop\/komorna-hudba\/dychove-kvarteto\/ludove-piesne-c-1-pozaunove-kvarteto\/#primaryimage"},"image":{"@id":"https:\/\/shop.petercernicka.eu\/shop\/komorna-hudba\/dychove-kvarteto\/ludove-piesne-c-1-pozaunove-kvarteto\/#primaryimage"},"thumbnailUrl":"https:\/\/shop.petercernicka.eu\/wp-content\/uploads\/2021\/10\/slovakia-4631106_1280.jpg","datePublished":"2021-10-19T12:51:48+00:00","dateModified":"2025-05-11T09:14:59+00:00","description":"\u013dudov\u00e9 piesne v \u00faprave pre pozaunov\u00e9 kvarteto. Produkt obsahuje 5 \u013eudov\u00fdch skladieb pre 4 pozauny.","breadcrumb":{"@id":"https:\/\/shop.petercernicka.eu\/shop\/komorna-hudba\/dychove-kvarteto\/ludove-piesne-c-1-pozaunove-kvarteto\/#breadcrumb"},"inLanguage":"de","potentialAction":[{"@type":"ReadAction","target":["https:\/\/shop.petercernicka.eu\/shop\/komorna-hudba\/dychove-kvarteto\/ludove-piesne-c-1-pozaunove-kvarteto\/"]}]},{"@type":"ImageObject","inLanguage":"de","@id":"https:\/\/shop.petercernicka.eu\/shop\/komorna-hudba\/dychove-kvarteto\/ludove-piesne-c-1-pozaunove-kvarteto\/#primaryimage","url":"https:\/\/shop.petercernicka.eu\/wp-content\/uploads\/2021\/10\/slovakia-4631106_1280.jpg","contentUrl":"https:\/\/shop.petercernicka.eu\/wp-content\/uploads\/2021\/10\/slovakia-4631106_1280.jpg","width":1280,"height":850,"caption":"ludove piesne noty"},{"@type":"BreadcrumbList","@id":"https:\/\/shop.petercernicka.eu\/shop\/komorna-hudba\/dychove-kvarteto\/ludove-piesne-c-1-pozaunove-kvarteto\/#breadcrumb","itemListElement":[{"@type":"ListItem","position":1,"name":"Home","item":"https:\/\/shop.petercernicka.eu\/"},{"@type":"ListItem","position":2,"name":"Produkty","item":"https:\/\/shop.petercernicka.eu\/obchod\/"},{"@type":"ListItem","position":3,"name":"\u013dudov\u00e9 piesne \u010d.1 &#8211; pozaunov\u00e9 kvarteto"}]},{"@type":"WebSite","@id":"https:\/\/shop.petercernicka.eu\/#website","url":"https:\/\/shop.petercernicka.eu\/","name":"Peter \u010cerni\u010dka | Noty | HUDOBN\u00c9 PODKLADY","description":"Volkslieder, Schlager, Tschechoslowakische Schlager, Zigeunerlieder, Evergreens, Weihnachtslieder","potentialAction":[{"@type":"SearchAction","target":{"@type":"EntryPoint","urlTemplate":"https:\/\/shop.petercernicka.eu\/?s={search_term_string}"},"query-input":{"@type":"PropertyValueSpecification","valueRequired":true,"valueName":"search_term_string"}}],"inLanguage":"de"}]}},"_links":{"self":[{"href":"https:\/\/shop.petercernicka.eu\/de\/wp-json\/wp\/v2\/product\/4002","targetHints":{"allow":["GET"]}}],"collection":[{"href":"https:\/\/shop.petercernicka.eu\/de\/wp-json\/wp\/v2\/product"}],"about":[{"href":"https:\/\/shop.petercernicka.eu\/de\/wp-json\/wp\/v2\/types\/product"}],"replies":[{"embeddable":true,"href":"https:\/\/shop.petercernicka.eu\/de\/wp-json\/wp\/v2\/comments?post=4002"}],"wp:featuredmedia":[{"embeddable":true,"href":"https:\/\/shop.petercernicka.eu\/de\/wp-json\/wp\/v2\/media\/4006"}],"wp:attachment":[{"href":"https:\/\/shop.petercernicka.eu\/de\/wp-json\/wp\/v2\/media?parent=4002"}],"wp:term":[{"taxonomy":"product_brand","embeddable":true,"href":"https:\/\/shop.petercernicka.eu\/de\/wp-json\/wp\/v2\/product_brand?post=4002"},{"taxonomy":"product_cat","embeddable":true,"href":"https:\/\/shop.petercernicka.eu\/de\/wp-json\/wp\/v2\/product_cat?post=4002"},{"taxonomy":"product_tag","embeddable":true,"href":"https:\/\/shop.petercernicka.eu\/de\/wp-json\/wp\/v2\/product_tag?post=4002"}],"curies":[{"name":"wp","href":"https:\/\/api.w.org\/{rel}","templated":true}]}}