{"id":1988,"date":"2020-12-10T06:21:00","date_gmt":"2020-12-10T05:21:00","guid":{"rendered":"https:\/\/shop.petercernicka.eu\/?post_type=product&#038;p=1988"},"modified":"2022-06-08T15:44:00","modified_gmt":"2022-06-08T13:44:00","slug":"play-along-dychove-kvinteto-smutocna-hudba","status":"publish","type":"product","link":"https:\/\/shop.petercernicka.eu\/de\/shop\/komorna-hudba\/dychove-kvinteto\/play-along-dychove-kvinteto-smutocna-hudba\/","title":{"rendered":"Play Along &#8211; Dychov\u00e9 kvinteto (Sm\u00fato\u010dn\u00e1 hudba)"},"content":{"rendered":"<p><span style=\"font-size: 14pt; color: #000000;\"><strong>Obsahuje skladby:<\/strong><\/span><\/p>\n<ol>\n<li><span style=\"font-size: 14pt; color: #000000;\">Ave Maria \u2013 Bach\/Gounod<\/span><\/li>\n<li><span style=\"font-size: 14pt; color: #000000;\">Ave Maria \u2013 F.Schubert<\/span><\/li>\n<li><span style=\"font-size: 14pt; color: #000000;\">Chor\u00e1 Nr.2<\/span><\/li>\n<li><span style=\"font-size: 14pt; color: #000000;\">Chor\u00e1 Nr.3<\/span><\/li>\n<li><span style=\"font-size: 14pt; color: #000000;\">Chor\u00e1 Nr.4<\/span><\/li>\n<li><span style=\"font-size: 14pt; color: #000000;\">Largo \u2013 A.Dvo\u0159\u00e1k<\/span><\/li>\n<li><span style=\"font-size: 14pt; color: #000000;\">Spomienkov\u00fd chor\u00e1l<\/span><\/li>\n<li><span style=\"font-size: 14pt; color: #000000;\">Bilitis<\/span><\/li>\n<li><span style=\"font-size: 14pt; color: #000000;\">Hallelujah<\/span><\/li>\n<li><span style=\"font-size: 14pt; color: #000000;\">Indi\u00e1nska piese\u0148 l\u00e1sky<\/span><\/li>\n<li><span style=\"font-size: 14pt; color: #000000;\">Jsi muj p\u00e1n<\/span><\/li>\n<li><span style=\"font-size: 14pt; color: #000000;\">L\u00e1sko m\u00e1 ja st\u00fa\u0148u<\/span><\/li>\n<li><span style=\"font-size: 14pt; color: #000000;\">Let it be<\/span><\/li>\n<li><span style=\"font-size: 14pt; color: #000000;\">Tam u nebesk\u00fdch bran<\/span><\/li>\n<li><span style=\"font-size: 14pt; color: #000000;\">Tenkr\u00e1t na z\u00e1pade<\/span><\/li>\n<li><span style=\"font-size: 14pt; color: #000000;\">Tis\u00edc mil<\/span><\/li>\n<li><span style=\"font-size: 14pt; color: #000000;\">Usp\u00e1vanka<\/span><\/li>\n<li><span style=\"font-size: 14pt; color: #000000;\">Amazing grace<\/span><\/li>\n<li><span style=\"font-size: 14pt; color: #000000;\">Do les\u00ed\u010dka na \u010dekanou<\/span><\/li>\n<li><span style=\"font-size: 14pt; color: #000000;\">Kr\u00e1\u013eovn\u00e1 nebies<\/span><\/li>\n<li><span style=\"font-size: 14pt; color: #000000;\">Kysuca, Kysuca<\/span><\/li>\n<li><span style=\"font-size: 14pt; color: #000000;\">L\u00e1ska bo\u017ee l\u00e1ska<\/span><\/li>\n<li><span style=\"font-size: 14pt; color: #000000;\">Morava kr\u00e1sna zem<\/span><\/li>\n<li><span style=\"font-size: 14pt; color: #000000;\">Na Kr\u00e1\u013eovej holi<\/span><\/li>\n<li><span style=\"font-size: 14pt; color: #000000;\">\u00d3 Matka P\u00e1na<\/span><\/li>\n<li><span style=\"font-size: 14pt; color: #000000;\">S bohem domove<\/span><\/li>\n<li><span style=\"font-size: 14pt; color: #000000;\">Posledn\u00fd kvet<\/span><\/li>\n<li><span style=\"font-size: 14pt; color: #000000;\">Slovensk\u00e1 rodn\u00e1 dedina<\/span><\/li>\n<li><span style=\"font-size: 14pt; color: #000000;\">Tich\u00e1 noc, tmav\u00e1 noc<\/span><\/li>\n<li><span style=\"font-size: 14pt; color: #000000;\">Tu mil\u00e1 sestra<\/span><\/li>\n<\/ol>\n<p><span style=\"font-size: 14pt; color: #000000;\"><strong>Audio uk\u00e1\u017eky:<\/strong><\/span><br \/>\n<span style=\"color: #000000;\"><a style=\"color: #000000;\" href=\"https:\/\/soundcloud.com\/smutocnahudba\"><span style=\"font-size: 14pt;\">https:\/\/soundcloud.com\/smutocnahudba<\/span><\/a><\/span><\/p>","protected":false},"excerpt":{"rendered":"<p><span style=\"font-size: 14pt; color: #000000;\"><strong>Obsahuje 30 skladieb<\/strong> \/ (0,66 \u20ac \/ skladba)<\/span><\/p>","protected":false},"featured_media":2002,"comment_status":"closed","ping_status":"closed","template":"","meta":{"om_disable_all_campaigns":false},"product_brand":[],"product_cat":[35],"product_tag":[69],"class_list":{"0":"post-1988","1":"product","2":"type-product","3":"status-publish","4":"has-post-thumbnail","6":"product_cat-dychove-kvinteto","7":"product_tag-play-along","8":"pa_vyberte-nastroj-baryton-trb-2","9":"pa_vyberte-nastroj-bicie","10":"pa_vyberte-nastroj-klarinet-bb","11":"pa_vyberte-nastroj-klarinet-eb","12":"pa_vyberte-nastroj-melodicky-trombon-trb-3","13":"pa_vyberte-nastroj-tenor-trb-1","14":"pa_vyberte-nastroj-trombon-dopr","15":"pa_vyberte-nastroj-trubka-dopr-2bb","16":"pa_vyberte-nastroj-trubka-dopr-1bb","17":"pa_vyberte-nastroj-trumpeta-1bb","18":"pa_vyberte-nastroj-trumpeta-2bb","19":"pa_vyberte-nastroj-trumpeta-3bb-oblig","20":"pa_vyberte-nastroj-tuba","22":"first","23":"instock","24":"taxable","25":"shipping-taxable","26":"purchasable","27":"product-type-variable"},"yoast_head":"<!-- This site is optimized with the Yoast SEO plugin v27.4 - https:\/\/yoast.com\/product\/yoast-seo-wordpress\/ -->\n<title>Play Along - Dychov\u00e9 kvinteto (Sm\u00fato\u010dn\u00e1 hudba) - Peter \u010cerni\u010dka | Noty | HUDOBN\u00c9 PODKLADY<\/title>\n<meta name=\"description\" content=\"Hraj s dychovou hudbou. Zak\u00fap si notov\u00e9 party jednotliv\u00fdch n\u00e1strojou a hraj spolu s kapelou.\" \/>\n<meta name=\"robots\" content=\"index, follow, max-snippet:-1, max-image-preview:large, max-video-preview:-1\" \/>\n<link rel=\"canonical\" href=\"https:\/\/shop.petercernicka.eu\/de\/shop\/komorna-hudba\/dychove-kvinteto\/play-along-dychove-kvinteto-smutocna-hudba\/\" \/>\n<meta property=\"og:locale\" content=\"de_DE\" \/>\n<meta property=\"og:type\" content=\"article\" \/>\n<meta property=\"og:title\" content=\"Play Along - Dychov\u00e9 kvinteto (Sm\u00fato\u010dn\u00e1 hudba)\" \/>\n<meta property=\"og:description\" content=\"Hraj s dychovou hudbou. Zak\u00fap si notov\u00e9 party jednotliv\u00fdch n\u00e1strojou a hraj spolu s kapelou.\" \/>\n<meta property=\"og:url\" content=\"https:\/\/shop.petercernicka.eu\/de\/shop\/komorna-hudba\/dychove-kvinteto\/play-along-dychove-kvinteto-smutocna-hudba\/\" \/>\n<meta property=\"og:site_name\" content=\"Peter \u010cerni\u010dka | Noty | HUDOBN\u00c9 PODKLADY\" \/>\n<meta property=\"article:publisher\" content=\"https:\/\/www.facebook.com\/petercernickanoty\" \/>\n<meta property=\"article:modified_time\" content=\"2022-06-08T13:44:00+00:00\" \/>\n<meta property=\"og:image\" content=\"https:\/\/shop.petercernicka.eu\/wp-content\/uploads\/2020\/12\/Play-along-dychovka.jpg\" \/>\n\t<meta property=\"og:image:width\" content=\"900\" \/>\n\t<meta property=\"og:image:height\" content=\"906\" \/>\n\t<meta property=\"og:image:type\" content=\"image\/jpeg\" \/>\n<meta name=\"twitter:card\" content=\"summary_large_image\" \/>\n<meta name=\"twitter:label1\" content=\"Gesch\u00e4tzte Lesezeit\" \/>\n\t<meta name=\"twitter:data1\" content=\"1\u00a0Minute\" \/>\n<script type=\"application\/ld+json\" class=\"yoast-schema-graph\">{\"@context\":\"https:\\\/\\\/schema.org\",\"@graph\":[{\"@type\":\"WebPage\",\"@id\":\"https:\\\/\\\/shop.petercernicka.eu\\\/de\\\/shop\\\/komorna-hudba\\\/dychove-kvinteto\\\/play-along-dychove-kvinteto-smutocna-hudba\\\/\",\"url\":\"https:\\\/\\\/shop.petercernicka.eu\\\/de\\\/shop\\\/komorna-hudba\\\/dychove-kvinteto\\\/play-along-dychove-kvinteto-smutocna-hudba\\\/\",\"name\":\"Play Along - Dychov\u00e9 kvinteto (Sm\u00fato\u010dn\u00e1 hudba) - Peter \u010cerni\u010dka | Noty | HUDOBN\u00c9 PODKLADY\",\"isPartOf\":{\"@id\":\"https:\\\/\\\/shop.petercernicka.eu\\\/#website\"},\"primaryImageOfPage\":{\"@id\":\"https:\\\/\\\/shop.petercernicka.eu\\\/de\\\/shop\\\/komorna-hudba\\\/dychove-kvinteto\\\/play-along-dychove-kvinteto-smutocna-hudba\\\/#primaryimage\"},\"image\":{\"@id\":\"https:\\\/\\\/shop.petercernicka.eu\\\/de\\\/shop\\\/komorna-hudba\\\/dychove-kvinteto\\\/play-along-dychove-kvinteto-smutocna-hudba\\\/#primaryimage\"},\"thumbnailUrl\":\"https:\\\/\\\/shop.petercernicka.eu\\\/wp-content\\\/uploads\\\/2020\\\/12\\\/Play-along-dychove-kvinteto.jpg\",\"datePublished\":\"2020-12-10T05:21:00+00:00\",\"dateModified\":\"2022-06-08T13:44:00+00:00\",\"description\":\"Hraj s dychovou hudbou. Zak\u00fap si notov\u00e9 party jednotliv\u00fdch n\u00e1strojou a hraj spolu s kapelou.\",\"breadcrumb\":{\"@id\":\"https:\\\/\\\/shop.petercernicka.eu\\\/de\\\/shop\\\/komorna-hudba\\\/dychove-kvinteto\\\/play-along-dychove-kvinteto-smutocna-hudba\\\/#breadcrumb\"},\"inLanguage\":\"de\",\"potentialAction\":[{\"@type\":\"ReadAction\",\"target\":[\"https:\\\/\\\/shop.petercernicka.eu\\\/de\\\/shop\\\/komorna-hudba\\\/dychove-kvinteto\\\/play-along-dychove-kvinteto-smutocna-hudba\\\/\"]}]},{\"@type\":\"ImageObject\",\"inLanguage\":\"de\",\"@id\":\"https:\\\/\\\/shop.petercernicka.eu\\\/de\\\/shop\\\/komorna-hudba\\\/dychove-kvinteto\\\/play-along-dychove-kvinteto-smutocna-hudba\\\/#primaryimage\",\"url\":\"https:\\\/\\\/shop.petercernicka.eu\\\/wp-content\\\/uploads\\\/2020\\\/12\\\/Play-along-dychove-kvinteto.jpg\",\"contentUrl\":\"https:\\\/\\\/shop.petercernicka.eu\\\/wp-content\\\/uploads\\\/2020\\\/12\\\/Play-along-dychove-kvinteto.jpg\",\"width\":900,\"height\":906},{\"@type\":\"BreadcrumbList\",\"@id\":\"https:\\\/\\\/shop.petercernicka.eu\\\/de\\\/shop\\\/komorna-hudba\\\/dychove-kvinteto\\\/play-along-dychove-kvinteto-smutocna-hudba\\\/#breadcrumb\",\"itemListElement\":[{\"@type\":\"ListItem\",\"position\":1,\"name\":\"Home\",\"item\":\"https:\\\/\\\/shop.petercernicka.eu\\\/\"},{\"@type\":\"ListItem\",\"position\":2,\"name\":\"Produkty\",\"item\":\"https:\\\/\\\/shop.petercernicka.eu\\\/obchod\\\/\"},{\"@type\":\"ListItem\",\"position\":3,\"name\":\"Play Along &#8211; Dychov\u00e9 kvinteto (Sm\u00fato\u010dn\u00e1 hudba)\"}]},{\"@type\":\"WebSite\",\"@id\":\"https:\\\/\\\/shop.petercernicka.eu\\\/#website\",\"url\":\"https:\\\/\\\/shop.petercernicka.eu\\\/\",\"name\":\"Peter \u010cerni\u010dka | Noty | HUDOBN\u00c9 PODKLADY\",\"description\":\"\u013eudov\u00e9 piesne, popul\u00e1rne \u0161l\u00e1gre, \u010desko-slovensk\u00e9 hity, cig\u00e1nske piesne, ewergreeny, viano\u010dn\u00e9 koledy\",\"potentialAction\":[{\"@type\":\"SearchAction\",\"target\":{\"@type\":\"EntryPoint\",\"urlTemplate\":\"https:\\\/\\\/shop.petercernicka.eu\\\/?s={search_term_string}\"},\"query-input\":{\"@type\":\"PropertyValueSpecification\",\"valueRequired\":true,\"valueName\":\"search_term_string\"}}],\"inLanguage\":\"de\"}]}<\/script>\n<!-- \/ Yoast SEO plugin. -->","yoast_head_json":{"title":"Play Along - Dychov\u00e9 kvinteto (Sm\u00fato\u010dn\u00e1 hudba) - Peter \u010cerni\u010dka | Noty | HUDOBN\u00c9 PODKLADY","description":"Hraj s dychovou hudbou. Zak\u00fap si notov\u00e9 party jednotliv\u00fdch n\u00e1strojou a hraj spolu s kapelou.","robots":{"index":"index","follow":"follow","max-snippet":"max-snippet:-1","max-image-preview":"max-image-preview:large","max-video-preview":"max-video-preview:-1"},"canonical":"https:\/\/shop.petercernicka.eu\/de\/shop\/komorna-hudba\/dychove-kvinteto\/play-along-dychove-kvinteto-smutocna-hudba\/","og_locale":"de_DE","og_type":"article","og_title":"Play Along - Dychov\u00e9 kvinteto (Sm\u00fato\u010dn\u00e1 hudba)","og_description":"Hraj s dychovou hudbou. Zak\u00fap si notov\u00e9 party jednotliv\u00fdch n\u00e1strojou a hraj spolu s kapelou.","og_url":"https:\/\/shop.petercernicka.eu\/de\/shop\/komorna-hudba\/dychove-kvinteto\/play-along-dychove-kvinteto-smutocna-hudba\/","og_site_name":"Peter \u010cerni\u010dka | Noty | HUDOBN\u00c9 PODKLADY","article_publisher":"https:\/\/www.facebook.com\/petercernickanoty","article_modified_time":"2022-06-08T13:44:00+00:00","og_image":[{"width":900,"height":906,"url":"https:\/\/shop.petercernicka.eu\/wp-content\/uploads\/2020\/12\/Play-along-dychovka.jpg","type":"image\/jpeg"}],"twitter_card":"summary_large_image","twitter_misc":{"Gesch\u00e4tzte Lesezeit":"1\u00a0Minute"},"schema":{"@context":"https:\/\/schema.org","@graph":[{"@type":"WebPage","@id":"https:\/\/shop.petercernicka.eu\/de\/shop\/komorna-hudba\/dychove-kvinteto\/play-along-dychove-kvinteto-smutocna-hudba\/","url":"https:\/\/shop.petercernicka.eu\/de\/shop\/komorna-hudba\/dychove-kvinteto\/play-along-dychove-kvinteto-smutocna-hudba\/","name":"Play Along - Dychov\u00e9 kvinteto (Sm\u00fato\u010dn\u00e1 hudba) - Peter \u010cerni\u010dka | Noty | HUDOBN\u00c9 PODKLADY","isPartOf":{"@id":"https:\/\/shop.petercernicka.eu\/#website"},"primaryImageOfPage":{"@id":"https:\/\/shop.petercernicka.eu\/de\/shop\/komorna-hudba\/dychove-kvinteto\/play-along-dychove-kvinteto-smutocna-hudba\/#primaryimage"},"image":{"@id":"https:\/\/shop.petercernicka.eu\/de\/shop\/komorna-hudba\/dychove-kvinteto\/play-along-dychove-kvinteto-smutocna-hudba\/#primaryimage"},"thumbnailUrl":"https:\/\/shop.petercernicka.eu\/wp-content\/uploads\/2020\/12\/Play-along-dychove-kvinteto.jpg","datePublished":"2020-12-10T05:21:00+00:00","dateModified":"2022-06-08T13:44:00+00:00","description":"Hraj s dychovou hudbou. Zak\u00fap si notov\u00e9 party jednotliv\u00fdch n\u00e1strojou a hraj spolu s kapelou.","breadcrumb":{"@id":"https:\/\/shop.petercernicka.eu\/de\/shop\/komorna-hudba\/dychove-kvinteto\/play-along-dychove-kvinteto-smutocna-hudba\/#breadcrumb"},"inLanguage":"de","potentialAction":[{"@type":"ReadAction","target":["https:\/\/shop.petercernicka.eu\/de\/shop\/komorna-hudba\/dychove-kvinteto\/play-along-dychove-kvinteto-smutocna-hudba\/"]}]},{"@type":"ImageObject","inLanguage":"de","@id":"https:\/\/shop.petercernicka.eu\/de\/shop\/komorna-hudba\/dychove-kvinteto\/play-along-dychove-kvinteto-smutocna-hudba\/#primaryimage","url":"https:\/\/shop.petercernicka.eu\/wp-content\/uploads\/2020\/12\/Play-along-dychove-kvinteto.jpg","contentUrl":"https:\/\/shop.petercernicka.eu\/wp-content\/uploads\/2020\/12\/Play-along-dychove-kvinteto.jpg","width":900,"height":906},{"@type":"BreadcrumbList","@id":"https:\/\/shop.petercernicka.eu\/de\/shop\/komorna-hudba\/dychove-kvinteto\/play-along-dychove-kvinteto-smutocna-hudba\/#breadcrumb","itemListElement":[{"@type":"ListItem","position":1,"name":"Home","item":"https:\/\/shop.petercernicka.eu\/"},{"@type":"ListItem","position":2,"name":"Produkty","item":"https:\/\/shop.petercernicka.eu\/obchod\/"},{"@type":"ListItem","position":3,"name":"Play Along &#8211; Dychov\u00e9 kvinteto (Sm\u00fato\u010dn\u00e1 hudba)"}]},{"@type":"WebSite","@id":"https:\/\/shop.petercernicka.eu\/#website","url":"https:\/\/shop.petercernicka.eu\/","name":"Peter \u010cerni\u010dka | Noty | HUDOBN\u00c9 PODKLADY","description":"Volkslieder, Schlager, Tschechoslowakische Schlager, Zigeunerlieder, Evergreens, Weihnachtslieder","potentialAction":[{"@type":"SearchAction","target":{"@type":"EntryPoint","urlTemplate":"https:\/\/shop.petercernicka.eu\/?s={search_term_string}"},"query-input":{"@type":"PropertyValueSpecification","valueRequired":true,"valueName":"search_term_string"}}],"inLanguage":"de"}]}},"_links":{"self":[{"href":"https:\/\/shop.petercernicka.eu\/de\/wp-json\/wp\/v2\/product\/1988","targetHints":{"allow":["GET"]}}],"collection":[{"href":"https:\/\/shop.petercernicka.eu\/de\/wp-json\/wp\/v2\/product"}],"about":[{"href":"https:\/\/shop.petercernicka.eu\/de\/wp-json\/wp\/v2\/types\/product"}],"replies":[{"embeddable":true,"href":"https:\/\/shop.petercernicka.eu\/de\/wp-json\/wp\/v2\/comments?post=1988"}],"wp:featuredmedia":[{"embeddable":true,"href":"https:\/\/shop.petercernicka.eu\/de\/wp-json\/wp\/v2\/media\/2002"}],"wp:attachment":[{"href":"https:\/\/shop.petercernicka.eu\/de\/wp-json\/wp\/v2\/media?parent=1988"}],"wp:term":[{"taxonomy":"product_brand","embeddable":true,"href":"https:\/\/shop.petercernicka.eu\/de\/wp-json\/wp\/v2\/product_brand?post=1988"},{"taxonomy":"product_cat","embeddable":true,"href":"https:\/\/shop.petercernicka.eu\/de\/wp-json\/wp\/v2\/product_cat?post=1988"},{"taxonomy":"product_tag","embeddable":true,"href":"https:\/\/shop.petercernicka.eu\/de\/wp-json\/wp\/v2\/product_tag?post=1988"}],"curies":[{"name":"wp","href":"https:\/\/api.w.org\/{rel}","templated":true}]}}