{"id":1970,"date":"2020-12-10T05:50:10","date_gmt":"2020-12-10T04:50:10","guid":{"rendered":"https:\/\/shop.petercernicka.eu\/?post_type=product&#038;p=1970"},"modified":"2022-06-08T15:44:00","modified_gmt":"2022-06-08T13:44:00","slug":"play-along-hornosrnianska-dychovka","status":"publish","type":"product","link":"https:\/\/shop.petercernicka.eu\/de\/shop\/dychova-hudba\/play-along-hornosrnianska-dychovka\/","title":{"rendered":"Play Along &#8211; CD Hornosrnianska dychovka"},"content":{"rendered":"<p><span style=\"color: #000000;\"><strong><span style=\"font-size: 14pt;\">Skladby:<\/span><\/strong><\/span><\/p>\n<ol>\n<li style=\"list-style-type: none;\">\n<ol>\n<li><span style=\"color: #000000;\"><strong><span style=\"font-size: 14pt;\">P\u0159es dve v\u011bsnice<\/span><\/strong><\/span><\/li>\n<li><span style=\"color: #000000;\"><strong><span style=\"font-size: 14pt;\">Panenka modrook\u00e1<\/span><\/strong><\/span><\/li>\n<li><span style=\"color: #000000;\"><strong><span style=\"font-size: 14pt;\">Jetel\u00ed\u010dek u vody<\/span><\/strong><\/span><\/li>\n<li><span style=\"color: #000000;\"><strong><span style=\"font-size: 14pt;\">Biele margarety<\/span><\/strong><\/span><\/li>\n<li><span style=\"color: #000000;\"><strong><span style=\"font-size: 14pt;\">Sadla v\u010dielka<\/span><\/strong><\/span><\/li>\n<li><span style=\"color: #000000;\"><strong><span style=\"font-size: 14pt;\">Horela lipka<\/span><\/strong><\/span><\/li>\n<li><span style=\"color: #000000;\"><strong><span style=\"font-size: 14pt;\">Aj tak sme st\u00e1le frajeri<\/span><\/strong><\/span><\/li>\n<li><span style=\"color: #000000;\"><strong><span style=\"font-size: 14pt;\">J\u00falia si \u010darovn\u00e1<\/span><\/strong><\/span><\/li>\n<li><span style=\"color: #000000;\"><strong><span style=\"font-size: 14pt;\">Ani\u010dka, du\u0161i\u010dka<\/span><\/strong><\/span><\/li>\n<\/ol>\n<\/li>\n<\/ol>\n<ol>\n<li style=\"list-style-type: none;\">\n<ol>\n<li><span style=\"color: #000000;\"><strong><span style=\"font-size: 14pt;\">Mamma Mia<\/span><\/strong><\/span><\/li>\n<li><span style=\"color: #000000;\"><strong><span style=\"font-size: 14pt;\">Dva duby<\/span><\/strong><\/span><\/li>\n<li><span style=\"color: #000000;\"><strong><span style=\"font-size: 14pt;\">Hor\u00faca l\u00e1ska<\/span><\/strong><\/span><\/li>\n<\/ol>\n<\/li>\n<\/ol>\n<ol>\n<li><span style=\"color: #000000;\"><strong><span style=\"font-size: 14pt;\">Je to vo hviezdach<\/span><\/strong><\/span><\/li>\n<li><span style=\"color: #000000;\"><strong><span style=\"font-size: 14pt;\">Hu!<\/span><\/strong><\/span><\/li>\n<li><span style=\"color: #000000;\"><strong><span style=\"font-size: 14pt;\">\u013dudia nie su zl\u00ed<\/span><\/strong><\/span><\/li>\n<li><span style=\"color: #000000;\"><strong><span style=\"font-size: 14pt;\">Na Kr\u00e1\u013eovej holi<\/span><\/strong><\/span><\/li>\n<\/ol>\n<p><iframe src=\"https:\/\/open.spotify.com\/embed\/album\/2x3s6PBuomyb06GIQD1PHR\" width=\"300\" height=\"600\" frameborder=\"0\"><\/iframe><\/p>","protected":false},"excerpt":{"rendered":"<p><span style=\"font-size: 14pt; color: #000000;\"><strong>Obsahuje 16 skladieb<\/strong> \/ (1,50 \u20ac \/ skladba)<\/span><\/p>","protected":false},"featured_media":1985,"comment_status":"closed","ping_status":"closed","template":"","meta":{"om_disable_all_campaigns":false},"product_brand":[],"product_cat":[36],"product_tag":[69],"class_list":{"0":"post-1970","1":"product","2":"type-product","3":"status-publish","4":"has-post-thumbnail","6":"product_cat-dychova-hudba","7":"product_tag-play-along","8":"pa_vyberte-nastroj-baryton-trb-2","9":"pa_vyberte-nastroj-bicie","10":"pa_vyberte-nastroj-klarinet-bb","11":"pa_vyberte-nastroj-klarinet-eb","12":"pa_vyberte-nastroj-melodicky-trombon-trb-3","13":"pa_vyberte-nastroj-tenor-trb-1","14":"pa_vyberte-nastroj-trombon-dopr","15":"pa_vyberte-nastroj-trubka-dopr-2bb","16":"pa_vyberte-nastroj-trubka-dopr-1bb","17":"pa_vyberte-nastroj-trumpeta-1bb","18":"pa_vyberte-nastroj-trumpeta-2bb","19":"pa_vyberte-nastroj-trumpeta-3bb-oblig","20":"pa_vyberte-nastroj-tuba","22":"first","23":"instock","24":"taxable","25":"shipping-taxable","26":"purchasable","27":"product-type-variable"},"yoast_head":"<!-- This site is optimized with the Yoast SEO plugin v27.4 - https:\/\/yoast.com\/product\/yoast-seo-wordpress\/ -->\n<title>Play Along - CD Hornosrnianska dychovka - Peter \u010cerni\u010dka | Noty | HUDOBN\u00c9 PODKLADY<\/title>\n<meta name=\"description\" content=\"Hraj s dychovou hudbou. Zak\u00fap si notov\u00e9 party jednotliv\u00fdch n\u00e1strojou a hraj spolu s kapelou.\" \/>\n<meta name=\"robots\" content=\"index, follow, max-snippet:-1, max-image-preview:large, max-video-preview:-1\" \/>\n<link rel=\"canonical\" href=\"https:\/\/shop.petercernicka.eu\/de\/shop\/dychova-hudba\/play-along-hornosrnianska-dychovka\/\" \/>\n<meta property=\"og:locale\" content=\"de_DE\" \/>\n<meta property=\"og:type\" content=\"article\" \/>\n<meta property=\"og:title\" content=\"Play Along - CD Hornosrnianska dychovka\" \/>\n<meta property=\"og:description\" content=\"Hraj s dychovou hudbou. Zak\u00fap si notov\u00e9 party jednotliv\u00fdch n\u00e1strojou a hraj spolu s kapelou.\" \/>\n<meta property=\"og:url\" content=\"https:\/\/shop.petercernicka.eu\/de\/shop\/dychova-hudba\/play-along-hornosrnianska-dychovka\/\" \/>\n<meta property=\"og:site_name\" content=\"Peter \u010cerni\u010dka | Noty | HUDOBN\u00c9 PODKLADY\" \/>\n<meta property=\"article:publisher\" content=\"https:\/\/www.facebook.com\/petercernickanoty\" \/>\n<meta property=\"article:modified_time\" content=\"2022-06-08T13:44:00+00:00\" \/>\n<meta property=\"og:image\" content=\"https:\/\/shop.petercernicka.eu\/wp-content\/uploads\/2020\/12\/Play-along-dychovka.jpg\" \/>\n\t<meta property=\"og:image:width\" content=\"900\" \/>\n\t<meta property=\"og:image:height\" content=\"906\" \/>\n\t<meta property=\"og:image:type\" content=\"image\/jpeg\" \/>\n<meta name=\"twitter:card\" content=\"summary_large_image\" \/>\n<script type=\"application\/ld+json\" class=\"yoast-schema-graph\">{\"@context\":\"https:\\\/\\\/schema.org\",\"@graph\":[{\"@type\":\"WebPage\",\"@id\":\"https:\\\/\\\/shop.petercernicka.eu\\\/de\\\/shop\\\/dychova-hudba\\\/play-along-hornosrnianska-dychovka\\\/\",\"url\":\"https:\\\/\\\/shop.petercernicka.eu\\\/de\\\/shop\\\/dychova-hudba\\\/play-along-hornosrnianska-dychovka\\\/\",\"name\":\"Play Along - CD Hornosrnianska dychovka - Peter \u010cerni\u010dka | Noty | HUDOBN\u00c9 PODKLADY\",\"isPartOf\":{\"@id\":\"https:\\\/\\\/shop.petercernicka.eu\\\/#website\"},\"primaryImageOfPage\":{\"@id\":\"https:\\\/\\\/shop.petercernicka.eu\\\/de\\\/shop\\\/dychova-hudba\\\/play-along-hornosrnianska-dychovka\\\/#primaryimage\"},\"image\":{\"@id\":\"https:\\\/\\\/shop.petercernicka.eu\\\/de\\\/shop\\\/dychova-hudba\\\/play-along-hornosrnianska-dychovka\\\/#primaryimage\"},\"thumbnailUrl\":\"https:\\\/\\\/shop.petercernicka.eu\\\/wp-content\\\/uploads\\\/2020\\\/12\\\/Play-along-dychovka.jpg\",\"datePublished\":\"2020-12-10T04:50:10+00:00\",\"dateModified\":\"2022-06-08T13:44:00+00:00\",\"description\":\"Hraj s dychovou hudbou. Zak\u00fap si notov\u00e9 party jednotliv\u00fdch n\u00e1strojou a hraj spolu s kapelou.\",\"breadcrumb\":{\"@id\":\"https:\\\/\\\/shop.petercernicka.eu\\\/de\\\/shop\\\/dychova-hudba\\\/play-along-hornosrnianska-dychovka\\\/#breadcrumb\"},\"inLanguage\":\"de\",\"potentialAction\":[{\"@type\":\"ReadAction\",\"target\":[\"https:\\\/\\\/shop.petercernicka.eu\\\/de\\\/shop\\\/dychova-hudba\\\/play-along-hornosrnianska-dychovka\\\/\"]}]},{\"@type\":\"ImageObject\",\"inLanguage\":\"de\",\"@id\":\"https:\\\/\\\/shop.petercernicka.eu\\\/de\\\/shop\\\/dychova-hudba\\\/play-along-hornosrnianska-dychovka\\\/#primaryimage\",\"url\":\"https:\\\/\\\/shop.petercernicka.eu\\\/wp-content\\\/uploads\\\/2020\\\/12\\\/Play-along-dychovka.jpg\",\"contentUrl\":\"https:\\\/\\\/shop.petercernicka.eu\\\/wp-content\\\/uploads\\\/2020\\\/12\\\/Play-along-dychovka.jpg\",\"width\":900,\"height\":906,\"caption\":\"play along dychova hudba\"},{\"@type\":\"BreadcrumbList\",\"@id\":\"https:\\\/\\\/shop.petercernicka.eu\\\/de\\\/shop\\\/dychova-hudba\\\/play-along-hornosrnianska-dychovka\\\/#breadcrumb\",\"itemListElement\":[{\"@type\":\"ListItem\",\"position\":1,\"name\":\"Home\",\"item\":\"https:\\\/\\\/shop.petercernicka.eu\\\/\"},{\"@type\":\"ListItem\",\"position\":2,\"name\":\"Produkty\",\"item\":\"https:\\\/\\\/shop.petercernicka.eu\\\/obchod\\\/\"},{\"@type\":\"ListItem\",\"position\":3,\"name\":\"Play Along &#8211; CD Hornosrnianska dychovka\"}]},{\"@type\":\"WebSite\",\"@id\":\"https:\\\/\\\/shop.petercernicka.eu\\\/#website\",\"url\":\"https:\\\/\\\/shop.petercernicka.eu\\\/\",\"name\":\"Peter \u010cerni\u010dka | Noty | HUDOBN\u00c9 PODKLADY\",\"description\":\"\u013eudov\u00e9 piesne, popul\u00e1rne \u0161l\u00e1gre, \u010desko-slovensk\u00e9 hity, cig\u00e1nske piesne, ewergreeny, viano\u010dn\u00e9 koledy\",\"potentialAction\":[{\"@type\":\"SearchAction\",\"target\":{\"@type\":\"EntryPoint\",\"urlTemplate\":\"https:\\\/\\\/shop.petercernicka.eu\\\/?s={search_term_string}\"},\"query-input\":{\"@type\":\"PropertyValueSpecification\",\"valueRequired\":true,\"valueName\":\"search_term_string\"}}],\"inLanguage\":\"de\"}]}<\/script>\n<!-- \/ Yoast SEO plugin. -->","yoast_head_json":{"title":"Play Along - CD Hornosrnianska dychovka - Peter \u010cerni\u010dka | Noty | HUDOBN\u00c9 PODKLADY","description":"Hraj s dychovou hudbou. Zak\u00fap si notov\u00e9 party jednotliv\u00fdch n\u00e1strojou a hraj spolu s kapelou.","robots":{"index":"index","follow":"follow","max-snippet":"max-snippet:-1","max-image-preview":"max-image-preview:large","max-video-preview":"max-video-preview:-1"},"canonical":"https:\/\/shop.petercernicka.eu\/de\/shop\/dychova-hudba\/play-along-hornosrnianska-dychovka\/","og_locale":"de_DE","og_type":"article","og_title":"Play Along - CD Hornosrnianska dychovka","og_description":"Hraj s dychovou hudbou. Zak\u00fap si notov\u00e9 party jednotliv\u00fdch n\u00e1strojou a hraj spolu s kapelou.","og_url":"https:\/\/shop.petercernicka.eu\/de\/shop\/dychova-hudba\/play-along-hornosrnianska-dychovka\/","og_site_name":"Peter \u010cerni\u010dka | Noty | HUDOBN\u00c9 PODKLADY","article_publisher":"https:\/\/www.facebook.com\/petercernickanoty","article_modified_time":"2022-06-08T13:44:00+00:00","og_image":[{"width":900,"height":906,"url":"https:\/\/shop.petercernicka.eu\/wp-content\/uploads\/2020\/12\/Play-along-dychovka.jpg","type":"image\/jpeg"}],"twitter_card":"summary_large_image","schema":{"@context":"https:\/\/schema.org","@graph":[{"@type":"WebPage","@id":"https:\/\/shop.petercernicka.eu\/de\/shop\/dychova-hudba\/play-along-hornosrnianska-dychovka\/","url":"https:\/\/shop.petercernicka.eu\/de\/shop\/dychova-hudba\/play-along-hornosrnianska-dychovka\/","name":"Play Along - CD Hornosrnianska dychovka - Peter \u010cerni\u010dka | Noty | HUDOBN\u00c9 PODKLADY","isPartOf":{"@id":"https:\/\/shop.petercernicka.eu\/#website"},"primaryImageOfPage":{"@id":"https:\/\/shop.petercernicka.eu\/de\/shop\/dychova-hudba\/play-along-hornosrnianska-dychovka\/#primaryimage"},"image":{"@id":"https:\/\/shop.petercernicka.eu\/de\/shop\/dychova-hudba\/play-along-hornosrnianska-dychovka\/#primaryimage"},"thumbnailUrl":"https:\/\/shop.petercernicka.eu\/wp-content\/uploads\/2020\/12\/Play-along-dychovka.jpg","datePublished":"2020-12-10T04:50:10+00:00","dateModified":"2022-06-08T13:44:00+00:00","description":"Hraj s dychovou hudbou. Zak\u00fap si notov\u00e9 party jednotliv\u00fdch n\u00e1strojou a hraj spolu s kapelou.","breadcrumb":{"@id":"https:\/\/shop.petercernicka.eu\/de\/shop\/dychova-hudba\/play-along-hornosrnianska-dychovka\/#breadcrumb"},"inLanguage":"de","potentialAction":[{"@type":"ReadAction","target":["https:\/\/shop.petercernicka.eu\/de\/shop\/dychova-hudba\/play-along-hornosrnianska-dychovka\/"]}]},{"@type":"ImageObject","inLanguage":"de","@id":"https:\/\/shop.petercernicka.eu\/de\/shop\/dychova-hudba\/play-along-hornosrnianska-dychovka\/#primaryimage","url":"https:\/\/shop.petercernicka.eu\/wp-content\/uploads\/2020\/12\/Play-along-dychovka.jpg","contentUrl":"https:\/\/shop.petercernicka.eu\/wp-content\/uploads\/2020\/12\/Play-along-dychovka.jpg","width":900,"height":906,"caption":"play along dychova hudba"},{"@type":"BreadcrumbList","@id":"https:\/\/shop.petercernicka.eu\/de\/shop\/dychova-hudba\/play-along-hornosrnianska-dychovka\/#breadcrumb","itemListElement":[{"@type":"ListItem","position":1,"name":"Home","item":"https:\/\/shop.petercernicka.eu\/"},{"@type":"ListItem","position":2,"name":"Produkty","item":"https:\/\/shop.petercernicka.eu\/obchod\/"},{"@type":"ListItem","position":3,"name":"Play Along &#8211; CD Hornosrnianska dychovka"}]},{"@type":"WebSite","@id":"https:\/\/shop.petercernicka.eu\/#website","url":"https:\/\/shop.petercernicka.eu\/","name":"Peter \u010cerni\u010dka | Noty | HUDOBN\u00c9 PODKLADY","description":"Volkslieder, Schlager, Tschechoslowakische Schlager, Zigeunerlieder, Evergreens, Weihnachtslieder","potentialAction":[{"@type":"SearchAction","target":{"@type":"EntryPoint","urlTemplate":"https:\/\/shop.petercernicka.eu\/?s={search_term_string}"},"query-input":{"@type":"PropertyValueSpecification","valueRequired":true,"valueName":"search_term_string"}}],"inLanguage":"de"}]}},"_links":{"self":[{"href":"https:\/\/shop.petercernicka.eu\/de\/wp-json\/wp\/v2\/product\/1970","targetHints":{"allow":["GET"]}}],"collection":[{"href":"https:\/\/shop.petercernicka.eu\/de\/wp-json\/wp\/v2\/product"}],"about":[{"href":"https:\/\/shop.petercernicka.eu\/de\/wp-json\/wp\/v2\/types\/product"}],"replies":[{"embeddable":true,"href":"https:\/\/shop.petercernicka.eu\/de\/wp-json\/wp\/v2\/comments?post=1970"}],"wp:featuredmedia":[{"embeddable":true,"href":"https:\/\/shop.petercernicka.eu\/de\/wp-json\/wp\/v2\/media\/1985"}],"wp:attachment":[{"href":"https:\/\/shop.petercernicka.eu\/de\/wp-json\/wp\/v2\/media?parent=1970"}],"wp:term":[{"taxonomy":"product_brand","embeddable":true,"href":"https:\/\/shop.petercernicka.eu\/de\/wp-json\/wp\/v2\/product_brand?post=1970"},{"taxonomy":"product_cat","embeddable":true,"href":"https:\/\/shop.petercernicka.eu\/de\/wp-json\/wp\/v2\/product_cat?post=1970"},{"taxonomy":"product_tag","embeddable":true,"href":"https:\/\/shop.petercernicka.eu\/de\/wp-json\/wp\/v2\/product_tag?post=1970"}],"curies":[{"name":"wp","href":"https:\/\/api.w.org\/{rel}","templated":true}]}}