{"id":1796,"date":"2020-12-04T21:39:46","date_gmt":"2020-12-04T20:39:46","guid":{"rendered":"https:\/\/shop.petercernicka.eu\/?post_type=product&#038;p=1796"},"modified":"2025-05-11T11:15:11","modified_gmt":"2025-05-11T09:15:11","slug":"v-zahradocke-pod-okienkom","status":"publish","type":"product","link":"https:\/\/shop.petercernicka.eu\/de\/shop\/maly-tanecny-band\/v-zahradocke-pod-okienkom\/","title":{"rendered":"V z\u00e1hrad\u00f4\u010dke pod okienkom"},"content":{"rendered":"","protected":false},"excerpt":{"rendered":"<p><audio class=\"wp-audio-shortcode\" id=\"audio-1796-1\" preload=\"none\" style=\"width: 100%;\" controls=\"controls\"><source type=\"audio\/mpeg\" src=\"https:\/\/shop.petercernicka.eu\/wp-content\/uploads\/2020\/12\/V-zahradocke-1.mp3?_=1\" \/><a href=\"https:\/\/shop.petercernicka.eu\/wp-content\/uploads\/2020\/12\/V-zahradocke-1.mp3\">https:\/\/shop.petercernicka.eu\/wp-content\/uploads\/2020\/12\/V-zahradocke-1.mp3<\/a><\/audio><\/p>\n<p><audio class=\"wp-audio-shortcode\" id=\"audio-1796-2\" preload=\"none\" style=\"width: 100%;\" controls=\"controls\"><source type=\"audio\/mpeg\" src=\"https:\/\/shop.petercernicka.eu\/wp-content\/uploads\/2020\/12\/Drietomsku-dolinu.mp3?_=2\" \/><a href=\"https:\/\/shop.petercernicka.eu\/wp-content\/uploads\/2020\/12\/Drietomsku-dolinu.mp3\">https:\/\/shop.petercernicka.eu\/wp-content\/uploads\/2020\/12\/Drietomsku-dolinu.mp3<\/a><\/audio><\/p>\n<p><span style=\"color: #000000;\"><strong>Obsadenie:<\/strong><\/span><\/p>\n<ul>\n<li><span style=\"color: #000000;\">Alt sax.<\/span><\/li>\n<li><span style=\"color: #000000;\">Tenor sax.<\/span><\/li>\n<li><span style=\"color: #000000;\">Tr\u00fabka<\/span><\/li>\n<li><span style=\"color: #000000;\">Pozauna<\/span><\/li>\n<li><span style=\"color: #000000;\">Piano<\/span><\/li>\n<li><span style=\"color: #000000;\">El.gitara \/ akorde\u00f3n<\/span><\/li>\n<li><span style=\"color: #000000;\">Basgitara<\/span><\/li>\n<li><span style=\"color: #000000;\">Bicie<\/span><\/li>\n<\/ul>","protected":false},"featured_media":1951,"comment_status":"closed","ping_status":"closed","template":"","meta":{"om_disable_all_campaigns":false},"product_brand":[],"product_cat":[42],"product_tag":[1188,66,21],"class_list":{"0":"post-1796","1":"product","2":"type-product","3":"status-publish","4":"has-post-thumbnail","6":"product_cat-maly-tanecny-band","7":"product_tag-noty","8":"product_tag-spev","9":"product_tag-spievane-polky","11":"first","12":"instock","13":"sale","14":"downloadable","15":"virtual","16":"taxable","17":"purchasable","18":"product-type-simple"},"yoast_head":"<!-- This site is optimized with the Yoast SEO plugin v27.4 - https:\/\/yoast.com\/product\/yoast-seo-wordpress\/ -->\n<title>V z\u00e1hrad\u00f4\u010dke pod okienkom - Peter \u010cerni\u010dka | Noty | HUDOBN\u00c9 PODKLADY<\/title>\n<meta name=\"robots\" content=\"index, follow, max-snippet:-1, max-image-preview:large, max-video-preview:-1\" \/>\n<link rel=\"canonical\" href=\"https:\/\/shop.petercernicka.eu\/de\/shop\/maly-tanecny-band\/v-zahradocke-pod-okienkom\/\" \/>\n<meta property=\"og:locale\" content=\"de_DE\" \/>\n<meta property=\"og:type\" content=\"article\" \/>\n<meta property=\"og:title\" content=\"V z\u00e1hrad\u00f4\u010dke pod okienkom\" \/>\n<meta property=\"og:description\" content=\"Obsadenie:   Alt sax.  Tenor sax.  Tr\u00fabka  Pozauna  Piano  El.gitara \/ akorde\u00f3n  Basgitara  Bicie\" \/>\n<meta property=\"og:url\" content=\"https:\/\/shop.petercernicka.eu\/de\/shop\/maly-tanecny-band\/v-zahradocke-pod-okienkom\/\" \/>\n<meta property=\"og:site_name\" content=\"Peter \u010cerni\u010dka | Noty | HUDOBN\u00c9 PODKLADY\" \/>\n<meta property=\"article:publisher\" content=\"https:\/\/www.facebook.com\/petercernickanoty\" \/>\n<meta property=\"article:modified_time\" content=\"2025-05-11T09:15:11+00:00\" \/>\n<meta property=\"og:image\" content=\"https:\/\/shop.petercernicka.eu\/wp-content\/uploads\/2020\/12\/V-zahradocke-Parts.jpg\" \/>\n\t<meta property=\"og:image:width\" content=\"1654\" \/>\n\t<meta property=\"og:image:height\" content=\"2339\" \/>\n\t<meta property=\"og:image:type\" content=\"image\/jpeg\" \/>\n<meta name=\"twitter:card\" content=\"summary_large_image\" \/>\n<script type=\"application\/ld+json\" class=\"yoast-schema-graph\">{\"@context\":\"https:\\\/\\\/schema.org\",\"@graph\":[{\"@type\":\"WebPage\",\"@id\":\"https:\\\/\\\/shop.petercernicka.eu\\\/shop\\\/maly-tanecny-band\\\/v-zahradocke-pod-okienkom\\\/\",\"url\":\"https:\\\/\\\/shop.petercernicka.eu\\\/shop\\\/maly-tanecny-band\\\/v-zahradocke-pod-okienkom\\\/\",\"name\":\"V z\u00e1hrad\u00f4\u010dke pod okienkom - Peter \u010cerni\u010dka | Noty | HUDOBN\u00c9 PODKLADY\",\"isPartOf\":{\"@id\":\"https:\\\/\\\/shop.petercernicka.eu\\\/#website\"},\"primaryImageOfPage\":{\"@id\":\"https:\\\/\\\/shop.petercernicka.eu\\\/shop\\\/maly-tanecny-band\\\/v-zahradocke-pod-okienkom\\\/#primaryimage\"},\"image\":{\"@id\":\"https:\\\/\\\/shop.petercernicka.eu\\\/shop\\\/maly-tanecny-band\\\/v-zahradocke-pod-okienkom\\\/#primaryimage\"},\"thumbnailUrl\":\"https:\\\/\\\/shop.petercernicka.eu\\\/wp-content\\\/uploads\\\/2020\\\/12\\\/V-zahradocke-Parts.jpg\",\"datePublished\":\"2020-12-04T20:39:46+00:00\",\"dateModified\":\"2025-05-11T09:15:11+00:00\",\"breadcrumb\":{\"@id\":\"https:\\\/\\\/shop.petercernicka.eu\\\/shop\\\/maly-tanecny-band\\\/v-zahradocke-pod-okienkom\\\/#breadcrumb\"},\"inLanguage\":\"de\",\"potentialAction\":[{\"@type\":\"ReadAction\",\"target\":[\"https:\\\/\\\/shop.petercernicka.eu\\\/shop\\\/maly-tanecny-band\\\/v-zahradocke-pod-okienkom\\\/\"]}]},{\"@type\":\"ImageObject\",\"inLanguage\":\"de\",\"@id\":\"https:\\\/\\\/shop.petercernicka.eu\\\/shop\\\/maly-tanecny-band\\\/v-zahradocke-pod-okienkom\\\/#primaryimage\",\"url\":\"https:\\\/\\\/shop.petercernicka.eu\\\/wp-content\\\/uploads\\\/2020\\\/12\\\/V-zahradocke-Parts.jpg\",\"contentUrl\":\"https:\\\/\\\/shop.petercernicka.eu\\\/wp-content\\\/uploads\\\/2020\\\/12\\\/V-zahradocke-Parts.jpg\",\"width\":1654,\"height\":2339},{\"@type\":\"BreadcrumbList\",\"@id\":\"https:\\\/\\\/shop.petercernicka.eu\\\/shop\\\/maly-tanecny-band\\\/v-zahradocke-pod-okienkom\\\/#breadcrumb\",\"itemListElement\":[{\"@type\":\"ListItem\",\"position\":1,\"name\":\"Home\",\"item\":\"https:\\\/\\\/shop.petercernicka.eu\\\/\"},{\"@type\":\"ListItem\",\"position\":2,\"name\":\"Produkty\",\"item\":\"https:\\\/\\\/shop.petercernicka.eu\\\/obchod\\\/\"},{\"@type\":\"ListItem\",\"position\":3,\"name\":\"V z\u00e1hrad\u00f4\u010dke pod okienkom\"}]},{\"@type\":\"WebSite\",\"@id\":\"https:\\\/\\\/shop.petercernicka.eu\\\/#website\",\"url\":\"https:\\\/\\\/shop.petercernicka.eu\\\/\",\"name\":\"Peter \u010cerni\u010dka | Noty | HUDOBN\u00c9 PODKLADY\",\"description\":\"\u013eudov\u00e9 piesne, popul\u00e1rne \u0161l\u00e1gre, \u010desko-slovensk\u00e9 hity, cig\u00e1nske piesne, ewergreeny, viano\u010dn\u00e9 koledy\",\"potentialAction\":[{\"@type\":\"SearchAction\",\"target\":{\"@type\":\"EntryPoint\",\"urlTemplate\":\"https:\\\/\\\/shop.petercernicka.eu\\\/?s={search_term_string}\"},\"query-input\":{\"@type\":\"PropertyValueSpecification\",\"valueRequired\":true,\"valueName\":\"search_term_string\"}}],\"inLanguage\":\"de\"}]}<\/script>\n<!-- \/ Yoast SEO plugin. -->","yoast_head_json":{"title":"V z\u00e1hrad\u00f4\u010dke pod okienkom - Peter \u010cerni\u010dka | Noty | HUDOBN\u00c9 PODKLADY","robots":{"index":"index","follow":"follow","max-snippet":"max-snippet:-1","max-image-preview":"max-image-preview:large","max-video-preview":"max-video-preview:-1"},"canonical":"https:\/\/shop.petercernicka.eu\/de\/shop\/maly-tanecny-band\/v-zahradocke-pod-okienkom\/","og_locale":"de_DE","og_type":"article","og_title":"V z\u00e1hrad\u00f4\u010dke pod okienkom","og_description":"Obsadenie:   Alt sax.  Tenor sax.  Tr\u00fabka  Pozauna  Piano  El.gitara \/ akorde\u00f3n  Basgitara  Bicie","og_url":"https:\/\/shop.petercernicka.eu\/de\/shop\/maly-tanecny-band\/v-zahradocke-pod-okienkom\/","og_site_name":"Peter \u010cerni\u010dka | Noty | HUDOBN\u00c9 PODKLADY","article_publisher":"https:\/\/www.facebook.com\/petercernickanoty","article_modified_time":"2025-05-11T09:15:11+00:00","og_image":[{"width":1654,"height":2339,"url":"https:\/\/shop.petercernicka.eu\/wp-content\/uploads\/2020\/12\/V-zahradocke-Parts.jpg","type":"image\/jpeg"}],"twitter_card":"summary_large_image","schema":{"@context":"https:\/\/schema.org","@graph":[{"@type":"WebPage","@id":"https:\/\/shop.petercernicka.eu\/shop\/maly-tanecny-band\/v-zahradocke-pod-okienkom\/","url":"https:\/\/shop.petercernicka.eu\/shop\/maly-tanecny-band\/v-zahradocke-pod-okienkom\/","name":"V z\u00e1hrad\u00f4\u010dke pod okienkom - Peter \u010cerni\u010dka | Noty | HUDOBN\u00c9 PODKLADY","isPartOf":{"@id":"https:\/\/shop.petercernicka.eu\/#website"},"primaryImageOfPage":{"@id":"https:\/\/shop.petercernicka.eu\/shop\/maly-tanecny-band\/v-zahradocke-pod-okienkom\/#primaryimage"},"image":{"@id":"https:\/\/shop.petercernicka.eu\/shop\/maly-tanecny-band\/v-zahradocke-pod-okienkom\/#primaryimage"},"thumbnailUrl":"https:\/\/shop.petercernicka.eu\/wp-content\/uploads\/2020\/12\/V-zahradocke-Parts.jpg","datePublished":"2020-12-04T20:39:46+00:00","dateModified":"2025-05-11T09:15:11+00:00","breadcrumb":{"@id":"https:\/\/shop.petercernicka.eu\/shop\/maly-tanecny-band\/v-zahradocke-pod-okienkom\/#breadcrumb"},"inLanguage":"de","potentialAction":[{"@type":"ReadAction","target":["https:\/\/shop.petercernicka.eu\/shop\/maly-tanecny-band\/v-zahradocke-pod-okienkom\/"]}]},{"@type":"ImageObject","inLanguage":"de","@id":"https:\/\/shop.petercernicka.eu\/shop\/maly-tanecny-band\/v-zahradocke-pod-okienkom\/#primaryimage","url":"https:\/\/shop.petercernicka.eu\/wp-content\/uploads\/2020\/12\/V-zahradocke-Parts.jpg","contentUrl":"https:\/\/shop.petercernicka.eu\/wp-content\/uploads\/2020\/12\/V-zahradocke-Parts.jpg","width":1654,"height":2339},{"@type":"BreadcrumbList","@id":"https:\/\/shop.petercernicka.eu\/shop\/maly-tanecny-band\/v-zahradocke-pod-okienkom\/#breadcrumb","itemListElement":[{"@type":"ListItem","position":1,"name":"Home","item":"https:\/\/shop.petercernicka.eu\/"},{"@type":"ListItem","position":2,"name":"Produkty","item":"https:\/\/shop.petercernicka.eu\/obchod\/"},{"@type":"ListItem","position":3,"name":"V z\u00e1hrad\u00f4\u010dke pod okienkom"}]},{"@type":"WebSite","@id":"https:\/\/shop.petercernicka.eu\/#website","url":"https:\/\/shop.petercernicka.eu\/","name":"Peter \u010cerni\u010dka | Noty | HUDOBN\u00c9 PODKLADY","description":"Volkslieder, Schlager, Tschechoslowakische Schlager, Zigeunerlieder, Evergreens, Weihnachtslieder","potentialAction":[{"@type":"SearchAction","target":{"@type":"EntryPoint","urlTemplate":"https:\/\/shop.petercernicka.eu\/?s={search_term_string}"},"query-input":{"@type":"PropertyValueSpecification","valueRequired":true,"valueName":"search_term_string"}}],"inLanguage":"de"}]}},"_links":{"self":[{"href":"https:\/\/shop.petercernicka.eu\/de\/wp-json\/wp\/v2\/product\/1796","targetHints":{"allow":["GET"]}}],"collection":[{"href":"https:\/\/shop.petercernicka.eu\/de\/wp-json\/wp\/v2\/product"}],"about":[{"href":"https:\/\/shop.petercernicka.eu\/de\/wp-json\/wp\/v2\/types\/product"}],"replies":[{"embeddable":true,"href":"https:\/\/shop.petercernicka.eu\/de\/wp-json\/wp\/v2\/comments?post=1796"}],"wp:featuredmedia":[{"embeddable":true,"href":"https:\/\/shop.petercernicka.eu\/de\/wp-json\/wp\/v2\/media\/1951"}],"wp:attachment":[{"href":"https:\/\/shop.petercernicka.eu\/de\/wp-json\/wp\/v2\/media?parent=1796"}],"wp:term":[{"taxonomy":"product_brand","embeddable":true,"href":"https:\/\/shop.petercernicka.eu\/de\/wp-json\/wp\/v2\/product_brand?post=1796"},{"taxonomy":"product_cat","embeddable":true,"href":"https:\/\/shop.petercernicka.eu\/de\/wp-json\/wp\/v2\/product_cat?post=1796"},{"taxonomy":"product_tag","embeddable":true,"href":"https:\/\/shop.petercernicka.eu\/de\/wp-json\/wp\/v2\/product_tag?post=1796"}],"curies":[{"name":"wp","href":"https:\/\/api.w.org\/{rel}","templated":true}]}}