{"id":1545,"date":"2020-12-04T11:01:51","date_gmt":"2020-12-04T10:01:51","guid":{"rendered":"https:\/\/shop.petercernicka.eu\/?post_type=product&#038;p=1545"},"modified":"2025-05-11T11:16:40","modified_gmt":"2025-05-11T09:16:40","slug":"vyznani-argema","status":"publish","type":"product","link":"https:\/\/shop.petercernicka.eu\/de\/shop\/dychova-hudba\/vyznani-argema\/","title":{"rendered":"Vyzn\u00e1n\u00ed &#8211; Argema"},"content":{"rendered":"<p><span style=\"color: #000000; font-size: 14pt; font-family: arial, helvetica, sans-serif;\">Zn\u00e1m T\u011b pouze kr\u00e1tce, mo\u017en\u00e1 to byl sen,<\/span><br \/>\n<span style=\"color: #000000; font-size: 14pt; font-family: arial, helvetica, sans-serif;\">m\u011bs\u00edc jasn\u011b sv\u00edtil, byl to zvl\u00e1\u0161tn\u00ed den.<\/span><br \/>\n<span style=\"color: #000000; font-size: 14pt; font-family: arial, helvetica, sans-serif;\">V\u00edtr m\u00edrn\u011b foukal, c\u00edtila jsi chlad,<\/span><br \/>\n<span style=\"color: #000000; font-size: 14pt; font-family: arial, helvetica, sans-serif;\">j\u00e1 jsem poprv\u00e9 T\u011b objal, chv\u00edli jsem T\u011b\u00a0h\u0159\u00e1l.<\/span><\/p>\n<p><span style=\"color: #000000; font-size: 14pt; font-family: arial, helvetica, sans-serif;\">Rt\u016fm sv\u00fdm st\u00e1le d\u00e1v\u00e1\u0161 z\u00e1mek nebo m\u0159\u00ed\u017e,<\/span><br \/>\n<span style=\"color: #000000; font-size: 14pt; font-family: arial, helvetica, sans-serif;\">v\u0161echny plody l\u00e1sky klidn\u011b zahod\u00ed\u0161.<\/span><br \/>\n<span style=\"color: #000000; font-size: 14pt; font-family: arial, helvetica, sans-serif;\">Tr\u00e1p\u00edm se a nev\u00edm co si myslet m\u00e1m,<\/span><br \/>\n<span style=\"color: #000000; font-size: 14pt; font-family: arial, helvetica, sans-serif;\">n\u00e1hle marn\u011b tady stoj\u00edm, Tebe p\u0159emlouv\u00e1m.<\/span><\/p>\n<p><span style=\"color: #000000; font-size: 14pt; font-family: arial, helvetica, sans-serif;\">Ty jsi m\u00e1 l\u00e1ska, Ty jsi m\u016fj sen,<\/span><br \/>\n<span style=\"color: #000000; font-size: 14pt; font-family: arial, helvetica, sans-serif;\">Tebe chci l\u00edbat snad cel\u00fd den.<\/span><br \/>\n<span style=\"color: #000000; font-size: 14pt; font-family: arial, helvetica, sans-serif;\">Ty jsi m\u00e1 touha, Tebe chci m\u00edt,<\/span><br \/>\n<span style=\"color: #000000; font-size: 14pt; font-family: arial, helvetica, sans-serif;\">noc\u00ed se loudat \u017eivotem\u00a0j\u00edt.<\/span><\/p>\n<p><span style=\"color: #000000; font-size: 14pt; font-family: arial, helvetica, sans-serif;\">Tv\u00fdm vlas\u016fm te\u010f zp\u00edv\u00e1 v\u00edtr p\u00edse\u0148 svou,<\/span><br \/>\n<span style=\"color: #000000; font-size: 14pt; font-family: arial, helvetica, sans-serif;\">pod\u00e1v\u00e1m Ti r\u016f\u017ei rosou zkr\u00e1p\u011bnou.<\/span><br \/>\n<span style=\"color: #000000; font-size: 14pt; font-family: arial, helvetica, sans-serif;\">Pov\u00edd\u00e1\u0161: \u201etak sundej z\u00e1mek, t\u011b\u017ekou m\u0159\u00ed\u017e,<\/span><br \/>\n<span style=\"color: #000000; font-size: 14pt; font-family: arial, helvetica, sans-serif;\">pros\u00edm, jen m\u011b dlouze l\u00edbej, pr\u00e1v\u011b Ty to\u00a0sm\u00ed\u0161\u201c.<\/span><\/p>\n<p><span style=\"color: #000000; font-size: 14pt; font-family: arial, helvetica, sans-serif;\">Ty jsi m\u00e1 l\u00e1ska, Ty jsi m\u016fj sen,<\/span><br \/>\n<span style=\"color: #000000; font-size: 14pt; font-family: arial, helvetica, sans-serif;\">Tebe chci l\u00edbat snad cel\u00fd den.<\/span><br \/>\n<span style=\"color: #000000; font-size: 14pt; font-family: arial, helvetica, sans-serif;\">Ty jsi m\u00e1 touha, Tebe chci m\u00edt,<\/span><br \/>\n<span style=\"color: #000000; font-size: 14pt; font-family: arial, helvetica, sans-serif;\">noc\u00ed se loudat \u017eivotem\u00a0j\u00edt.<\/span><\/p>\n<p><span style=\"color: #000000; font-size: 14pt; font-family: arial, helvetica, sans-serif;\">Rud\u00fdmi rty l\u00edb\u00e1m n\u011b\u017enou Tvoji tv\u00e1\u0159,<\/span><br \/>\n<span style=\"color: #000000; font-size: 14pt; font-family: arial, helvetica, sans-serif;\">do o\u010d\u00ed se d\u00edv\u00e1m, \u0159\u00edk\u00e1m m\u00e1m T\u011b r\u00e1d.<\/span><br \/>\n<span style=\"color: #000000; font-size: 14pt; font-family: arial, helvetica, sans-serif;\">K\u0159i\u010d\u00ed mokr\u00e1 tr\u00e1va od n\u00e1s zv\u00e1len\u00e1,<\/span><br \/>\n<span style=\"color: #000000; font-size: 14pt; font-family: arial, helvetica, sans-serif;\">jenom M\u011bs\u00edc na n\u00e1s m\u00e1v\u00e1, hv\u011bzdy ty \u0161ly\u00a0sp\u00e1t.<\/span><\/p>\n<p><span style=\"color: #000000; font-size: 14pt; font-family: arial, helvetica, sans-serif;\">Ty jsi m\u00e1 l\u00e1ska, Ty jsi m\u016fj sen,<\/span><br \/>\n<span style=\"color: #000000; font-size: 14pt; font-family: arial, helvetica, sans-serif;\">Tebe chci l\u00edbat snad cel\u00fd den.<\/span><br \/>\n<span style=\"color: #000000; font-size: 14pt; font-family: arial, helvetica, sans-serif;\">Ty jsi m\u00e1 touha, Tebe chci m\u00edt,<\/span><br \/>\n<span style=\"color: #000000; font-size: 14pt; font-family: arial, helvetica, sans-serif;\">noc\u00ed se loudat \u017eivotem\u00a0j\u00edt.<\/span><\/p>\n<p><span style=\"color: #000000; font-size: 14pt; font-family: arial, helvetica, sans-serif;\">Ty jsi m\u00e1 l\u00e1ska, Ty jsi m\u016fj sen,<\/span><br \/>\n<span style=\"color: #000000; font-size: 14pt; font-family: arial, helvetica, sans-serif;\">Tebe chci l\u00edbat snad cel\u00fd den.<\/span><br \/>\n<span style=\"color: #000000; font-size: 14pt; font-family: arial, helvetica, sans-serif;\">Ty jsi m\u00e1 touha, Tebe chci m\u00edt,<\/span><br \/>\n<span style=\"color: #000000; font-size: 14pt; font-family: arial, helvetica, sans-serif;\">noc\u00ed se loudat \u017eivotem\u00a0j\u00edt.<\/span><\/p>","protected":false},"excerpt":{"rendered":"<p><audio class=\"wp-audio-shortcode\" id=\"audio-1545-1\" preload=\"none\" style=\"width: 100%;\" controls=\"controls\"><source type=\"audio\/mpeg\" src=\"https:\/\/shop.petercernicka.eu\/wp-content\/uploads\/2020\/12\/Vyznani-Argema-.mp3?_=1\" \/><a href=\"https:\/\/shop.petercernicka.eu\/wp-content\/uploads\/2020\/12\/Vyznani-Argema-.mp3\">https:\/\/shop.petercernicka.eu\/wp-content\/uploads\/2020\/12\/Vyznani-Argema-.mp3<\/a><\/audio><\/p>","protected":false},"featured_media":1547,"comment_status":"closed","ping_status":"closed","template":"","meta":{"om_disable_all_campaigns":false},"product_brand":[],"product_cat":[36],"product_tag":[49,1188,48,66,25],"class_list":{"0":"post-1545","1":"product","2":"type-product","3":"status-publish","4":"has-post-thumbnail","6":"product_cat-dychova-hudba","7":"product_tag-beat","8":"product_tag-noty","9":"product_tag-slow","10":"product_tag-spev","11":"product_tag-tanecne-skladby-sk-cz","13":"first","14":"instock","15":"downloadable","16":"virtual","17":"taxable","18":"purchasable","19":"product-type-simple"},"yoast_head":"<!-- This site is optimized with the Yoast SEO plugin v27.4 - https:\/\/yoast.com\/product\/yoast-seo-wordpress\/ -->\n<title>Vyzn\u00e1n\u00ed - Argema - Peter \u010cerni\u010dka | Noty | HUDOBN\u00c9 PODKLADY<\/title>\n<meta name=\"robots\" content=\"index, follow, max-snippet:-1, max-image-preview:large, max-video-preview:-1\" \/>\n<link rel=\"canonical\" href=\"https:\/\/shop.petercernicka.eu\/de\/shop\/dychova-hudba\/vyznani-argema\/\" \/>\n<meta property=\"og:locale\" content=\"de_DE\" \/>\n<meta property=\"og:type\" content=\"article\" \/>\n<meta property=\"og:title\" content=\"Vyzn\u00e1n\u00ed - Argema noty\" \/>\n<meta property=\"og:url\" content=\"https:\/\/shop.petercernicka.eu\/de\/shop\/dychova-hudba\/vyznani-argema\/\" \/>\n<meta property=\"og:site_name\" content=\"Peter \u010cerni\u010dka | Noty | HUDOBN\u00c9 PODKLADY\" \/>\n<meta property=\"article:publisher\" content=\"https:\/\/www.facebook.com\/petercernickanoty\" \/>\n<meta property=\"article:modified_time\" content=\"2025-05-11T09:16:40+00:00\" \/>\n<meta property=\"og:image\" content=\"https:\/\/shop.petercernicka.eu\/wp-content\/uploads\/2020\/12\/VYZNANI-MDH-Parts-1.jpg\" \/>\n\t<meta property=\"og:image:width\" content=\"1653\" \/>\n\t<meta property=\"og:image:height\" content=\"2339\" \/>\n\t<meta property=\"og:image:type\" content=\"image\/jpeg\" \/>\n<meta name=\"twitter:card\" content=\"summary_large_image\" \/>\n<meta name=\"twitter:description\" content=\"[audio mp3=&quot;https:\/\/shop.petercernicka.eu\/wp-content\/uploads\/2020\/12\/Vyznani-Argema-.mp3&quot;][\/audio]\" \/>\n<meta name=\"twitter:label1\" content=\"Gesch\u00e4tzte Lesezeit\" \/>\n\t<meta name=\"twitter:data1\" content=\"1\u00a0Minute\" \/>\n<script type=\"application\/ld+json\" class=\"yoast-schema-graph\">{\"@context\":\"https:\\\/\\\/schema.org\",\"@graph\":[{\"@type\":\"WebPage\",\"@id\":\"https:\\\/\\\/shop.petercernicka.eu\\\/shop\\\/dychova-hudba\\\/vyznani-argema\\\/\",\"url\":\"https:\\\/\\\/shop.petercernicka.eu\\\/shop\\\/dychova-hudba\\\/vyznani-argema\\\/\",\"name\":\"Vyzn\u00e1n\u00ed - Argema - Peter \u010cerni\u010dka | Noty | HUDOBN\u00c9 PODKLADY\",\"isPartOf\":{\"@id\":\"https:\\\/\\\/shop.petercernicka.eu\\\/#website\"},\"primaryImageOfPage\":{\"@id\":\"https:\\\/\\\/shop.petercernicka.eu\\\/shop\\\/dychova-hudba\\\/vyznani-argema\\\/#primaryimage\"},\"image\":{\"@id\":\"https:\\\/\\\/shop.petercernicka.eu\\\/shop\\\/dychova-hudba\\\/vyznani-argema\\\/#primaryimage\"},\"thumbnailUrl\":\"https:\\\/\\\/shop.petercernicka.eu\\\/wp-content\\\/uploads\\\/2020\\\/12\\\/VYZNANI-MDH-Parts-1.jpg\",\"datePublished\":\"2020-12-04T10:01:51+00:00\",\"dateModified\":\"2025-05-11T09:16:40+00:00\",\"breadcrumb\":{\"@id\":\"https:\\\/\\\/shop.petercernicka.eu\\\/shop\\\/dychova-hudba\\\/vyznani-argema\\\/#breadcrumb\"},\"inLanguage\":\"de\",\"potentialAction\":[{\"@type\":\"ReadAction\",\"target\":[\"https:\\\/\\\/shop.petercernicka.eu\\\/shop\\\/dychova-hudba\\\/vyznani-argema\\\/\"]}]},{\"@type\":\"ImageObject\",\"inLanguage\":\"de\",\"@id\":\"https:\\\/\\\/shop.petercernicka.eu\\\/shop\\\/dychova-hudba\\\/vyznani-argema\\\/#primaryimage\",\"url\":\"https:\\\/\\\/shop.petercernicka.eu\\\/wp-content\\\/uploads\\\/2020\\\/12\\\/VYZNANI-MDH-Parts-1.jpg\",\"contentUrl\":\"https:\\\/\\\/shop.petercernicka.eu\\\/wp-content\\\/uploads\\\/2020\\\/12\\\/VYZNANI-MDH-Parts-1.jpg\",\"width\":1653,\"height\":2339},{\"@type\":\"BreadcrumbList\",\"@id\":\"https:\\\/\\\/shop.petercernicka.eu\\\/shop\\\/dychova-hudba\\\/vyznani-argema\\\/#breadcrumb\",\"itemListElement\":[{\"@type\":\"ListItem\",\"position\":1,\"name\":\"Home\",\"item\":\"https:\\\/\\\/shop.petercernicka.eu\\\/\"},{\"@type\":\"ListItem\",\"position\":2,\"name\":\"Produkty\",\"item\":\"https:\\\/\\\/shop.petercernicka.eu\\\/obchod\\\/\"},{\"@type\":\"ListItem\",\"position\":3,\"name\":\"Vyzn\u00e1n\u00ed &#8211; Argema\"}]},{\"@type\":\"WebSite\",\"@id\":\"https:\\\/\\\/shop.petercernicka.eu\\\/#website\",\"url\":\"https:\\\/\\\/shop.petercernicka.eu\\\/\",\"name\":\"Peter \u010cerni\u010dka | Noty | HUDOBN\u00c9 PODKLADY\",\"description\":\"\u013eudov\u00e9 piesne, popul\u00e1rne \u0161l\u00e1gre, \u010desko-slovensk\u00e9 hity, cig\u00e1nske piesne, ewergreeny, viano\u010dn\u00e9 koledy\",\"potentialAction\":[{\"@type\":\"SearchAction\",\"target\":{\"@type\":\"EntryPoint\",\"urlTemplate\":\"https:\\\/\\\/shop.petercernicka.eu\\\/?s={search_term_string}\"},\"query-input\":{\"@type\":\"PropertyValueSpecification\",\"valueRequired\":true,\"valueName\":\"search_term_string\"}}],\"inLanguage\":\"de\"}]}<\/script>\n<!-- \/ Yoast SEO plugin. -->","yoast_head_json":{"title":"Vyzn\u00e1n\u00ed - Argema - Peter \u010cerni\u010dka | Noty | HUDOBN\u00c9 PODKLADY","robots":{"index":"index","follow":"follow","max-snippet":"max-snippet:-1","max-image-preview":"max-image-preview:large","max-video-preview":"max-video-preview:-1"},"canonical":"https:\/\/shop.petercernicka.eu\/de\/shop\/dychova-hudba\/vyznani-argema\/","og_locale":"de_DE","og_type":"article","og_title":"Vyzn\u00e1n\u00ed - Argema noty","og_url":"https:\/\/shop.petercernicka.eu\/de\/shop\/dychova-hudba\/vyznani-argema\/","og_site_name":"Peter \u010cerni\u010dka | Noty | HUDOBN\u00c9 PODKLADY","article_publisher":"https:\/\/www.facebook.com\/petercernickanoty","article_modified_time":"2025-05-11T09:16:40+00:00","og_image":[{"width":1653,"height":2339,"url":"https:\/\/shop.petercernicka.eu\/wp-content\/uploads\/2020\/12\/VYZNANI-MDH-Parts-1.jpg","type":"image\/jpeg"}],"twitter_card":"summary_large_image","twitter_description":"[audio mp3=\"https:\/\/shop.petercernicka.eu\/wp-content\/uploads\/2020\/12\/Vyznani-Argema-.mp3\"][\/audio]","twitter_misc":{"Gesch\u00e4tzte Lesezeit":"1\u00a0Minute"},"schema":{"@context":"https:\/\/schema.org","@graph":[{"@type":"WebPage","@id":"https:\/\/shop.petercernicka.eu\/shop\/dychova-hudba\/vyznani-argema\/","url":"https:\/\/shop.petercernicka.eu\/shop\/dychova-hudba\/vyznani-argema\/","name":"Vyzn\u00e1n\u00ed - Argema - Peter \u010cerni\u010dka | Noty | HUDOBN\u00c9 PODKLADY","isPartOf":{"@id":"https:\/\/shop.petercernicka.eu\/#website"},"primaryImageOfPage":{"@id":"https:\/\/shop.petercernicka.eu\/shop\/dychova-hudba\/vyznani-argema\/#primaryimage"},"image":{"@id":"https:\/\/shop.petercernicka.eu\/shop\/dychova-hudba\/vyznani-argema\/#primaryimage"},"thumbnailUrl":"https:\/\/shop.petercernicka.eu\/wp-content\/uploads\/2020\/12\/VYZNANI-MDH-Parts-1.jpg","datePublished":"2020-12-04T10:01:51+00:00","dateModified":"2025-05-11T09:16:40+00:00","breadcrumb":{"@id":"https:\/\/shop.petercernicka.eu\/shop\/dychova-hudba\/vyznani-argema\/#breadcrumb"},"inLanguage":"de","potentialAction":[{"@type":"ReadAction","target":["https:\/\/shop.petercernicka.eu\/shop\/dychova-hudba\/vyznani-argema\/"]}]},{"@type":"ImageObject","inLanguage":"de","@id":"https:\/\/shop.petercernicka.eu\/shop\/dychova-hudba\/vyznani-argema\/#primaryimage","url":"https:\/\/shop.petercernicka.eu\/wp-content\/uploads\/2020\/12\/VYZNANI-MDH-Parts-1.jpg","contentUrl":"https:\/\/shop.petercernicka.eu\/wp-content\/uploads\/2020\/12\/VYZNANI-MDH-Parts-1.jpg","width":1653,"height":2339},{"@type":"BreadcrumbList","@id":"https:\/\/shop.petercernicka.eu\/shop\/dychova-hudba\/vyznani-argema\/#breadcrumb","itemListElement":[{"@type":"ListItem","position":1,"name":"Home","item":"https:\/\/shop.petercernicka.eu\/"},{"@type":"ListItem","position":2,"name":"Produkty","item":"https:\/\/shop.petercernicka.eu\/obchod\/"},{"@type":"ListItem","position":3,"name":"Vyzn\u00e1n\u00ed &#8211; Argema"}]},{"@type":"WebSite","@id":"https:\/\/shop.petercernicka.eu\/#website","url":"https:\/\/shop.petercernicka.eu\/","name":"Peter \u010cerni\u010dka | Noty | HUDOBN\u00c9 PODKLADY","description":"Volkslieder, Schlager, Tschechoslowakische Schlager, Zigeunerlieder, Evergreens, Weihnachtslieder","potentialAction":[{"@type":"SearchAction","target":{"@type":"EntryPoint","urlTemplate":"https:\/\/shop.petercernicka.eu\/?s={search_term_string}"},"query-input":{"@type":"PropertyValueSpecification","valueRequired":true,"valueName":"search_term_string"}}],"inLanguage":"de"}]}},"_links":{"self":[{"href":"https:\/\/shop.petercernicka.eu\/de\/wp-json\/wp\/v2\/product\/1545","targetHints":{"allow":["GET"]}}],"collection":[{"href":"https:\/\/shop.petercernicka.eu\/de\/wp-json\/wp\/v2\/product"}],"about":[{"href":"https:\/\/shop.petercernicka.eu\/de\/wp-json\/wp\/v2\/types\/product"}],"replies":[{"embeddable":true,"href":"https:\/\/shop.petercernicka.eu\/de\/wp-json\/wp\/v2\/comments?post=1545"}],"wp:featuredmedia":[{"embeddable":true,"href":"https:\/\/shop.petercernicka.eu\/de\/wp-json\/wp\/v2\/media\/1547"}],"wp:attachment":[{"href":"https:\/\/shop.petercernicka.eu\/de\/wp-json\/wp\/v2\/media?parent=1545"}],"wp:term":[{"taxonomy":"product_brand","embeddable":true,"href":"https:\/\/shop.petercernicka.eu\/de\/wp-json\/wp\/v2\/product_brand?post=1545"},{"taxonomy":"product_cat","embeddable":true,"href":"https:\/\/shop.petercernicka.eu\/de\/wp-json\/wp\/v2\/product_cat?post=1545"},{"taxonomy":"product_tag","embeddable":true,"href":"https:\/\/shop.petercernicka.eu\/de\/wp-json\/wp\/v2\/product_tag?post=1545"}],"curies":[{"name":"wp","href":"https:\/\/api.w.org\/{rel}","templated":true}]}}