{"id":9424,"date":"2025-06-30T16:28:52","date_gmt":"2025-06-30T14:28:52","guid":{"rendered":"https:\/\/shop.petercernicka.eu\/?page_id=9424"},"modified":"2025-06-30T16:36:52","modified_gmt":"2025-06-30T14:36:52","slug":"online-kurzy","status":"publish","type":"page","link":"https:\/\/shop.petercernicka.eu\/de\/online-kurzy\/","title":{"rendered":"Online kurzy"},"content":{"rendered":"<div data-elementor-type=\"wp-page\" data-elementor-id=\"9424\" class=\"elementor elementor-9424\">\n\t\t\t\t<div class=\"elementor-element elementor-element-35485f4 e-flex e-con-boxed e-con e-parent\" data-id=\"35485f4\" data-element_type=\"container\" data-e-type=\"container\">\n\t\t\t\t\t<div class=\"e-con-inner\">\n\t\t\t\t<div class=\"elementor-element elementor-element-cf88b73 elementor-widget elementor-widget-etww-woo-products\" data-id=\"cf88b73\" data-element_type=\"widget\" data-e-type=\"widget\" data-widget_type=\"etww-woo-products.default\">\n\t\t\t\t<div class=\"elementor-widget-container\">\n\t\t\t\t\t<div class=\"woocommerce columns-3\"><ul class=\"products columns-3\">\r\n<\/ul>\n<\/div>\t\t\t\t<\/div>\n\t\t\t\t<\/div>\n\t\t\t\t\t<\/div>\n\t\t\t\t<\/div>\n\t\t\t\t<\/div>","protected":false},"excerpt":{"rendered":"<p>Z\u013eava! Harmoniz\u00e1cia skladieb &euro;149,00 Original price was: &euro;149,00.&euro;99,00Current price is: &euro;99,00. Prida\u0165 do ko\u0161\u00edka Z\u013eava! Technika hry na tromb\u00f3n &euro;129,00 Original price was: &euro;129,00.&euro;99,00Current price is: &euro;99,00. K\u00fapi\u0165 v z\u013eave07\/31\/2025 03:42 pm Prida\u0165 do ko\u0161\u00edka Z\u013eava! Z\u00e1klady hry na tromb\u00f3n &euro;99,00 Original [&hellip;]<\/p>\n","protected":false},"author":1,"featured_media":9423,"parent":0,"menu_order":0,"comment_status":"closed","ping_status":"closed","template":"elementor_header_footer","meta":{"om_disable_all_campaigns":false,"footnotes":""},"class_list":["post-9424","page","type-page","status-publish","has-post-thumbnail","hentry"],"yoast_head":"<!-- This site is optimized with the Yoast SEO plugin v27.5 - https:\/\/yoast.com\/product\/yoast-seo-wordpress\/ -->\n<title>Online kurzy - Peter \u010cerni\u010dka | Noty | HUDOBN\u00c9 PODKLADY<\/title>\n<meta name=\"robots\" content=\"index, follow, max-snippet:-1, max-image-preview:large, max-video-preview:-1\" \/>\n<link rel=\"canonical\" href=\"https:\/\/shop.petercernicka.eu\/de\/online-kurzy\/\" \/>\n<meta property=\"og:locale\" content=\"de_DE\" \/>\n<meta property=\"og:type\" content=\"article\" \/>\n<meta property=\"og:title\" content=\"Hudobn\u00e9 online kurzy\" \/>\n<meta property=\"og:description\" content=\"Z\u013eava! Harmoniz\u00e1cia skladieb &euro;149,00 Original price was: &euro;149,00.&euro;99,00Current price is: &euro;99,00. Prida\u0165 do ko\u0161\u00edka Z\u013eava! Technika hry na tromb\u00f3n &euro;129,00 Original price was: &euro;129,00.&euro;99,00Current price is: &euro;99,00. K\u00fapi\u0165 v z\u013eave07\/31\/2025 03:42 pm Prida\u0165 do ko\u0161\u00edka Z\u013eava! Z\u00e1klady hry na tromb\u00f3n &euro;99,00 Original [&hellip;]\" \/>\n<meta property=\"og:url\" content=\"https:\/\/shop.petercernicka.eu\/de\/online-kurzy\/\" \/>\n<meta property=\"og:site_name\" content=\"Peter \u010cerni\u010dka | Noty | HUDOBN\u00c9 PODKLADY\" \/>\n<meta property=\"article:publisher\" content=\"https:\/\/www.facebook.com\/petercernickanoty\" \/>\n<meta property=\"article:modified_time\" content=\"2025-06-30T14:36:52+00:00\" \/>\n<meta property=\"og:image\" content=\"https:\/\/shop.petercernicka.eu\/wp-content\/uploads\/2025\/06\/Online-kurz-Zaklady-hry-na-trombon.png\" \/>\n\t<meta property=\"og:image:width\" content=\"1080\" \/>\n\t<meta property=\"og:image:height\" content=\"1080\" \/>\n\t<meta property=\"og:image:type\" content=\"image\/png\" \/>\n<meta name=\"twitter:card\" content=\"summary_large_image\" \/>\n<script type=\"application\/ld+json\" class=\"yoast-schema-graph\">{\"@context\":\"https:\\\/\\\/schema.org\",\"@graph\":[{\"@type\":\"WebPage\",\"@id\":\"https:\\\/\\\/shop.petercernicka.eu\\\/online-kurzy\\\/\",\"url\":\"https:\\\/\\\/shop.petercernicka.eu\\\/online-kurzy\\\/\",\"name\":\"Online kurzy - Peter \u010cerni\u010dka | Noty | HUDOBN\u00c9 PODKLADY\",\"isPartOf\":{\"@id\":\"https:\\\/\\\/shop.petercernicka.eu\\\/#website\"},\"primaryImageOfPage\":{\"@id\":\"https:\\\/\\\/shop.petercernicka.eu\\\/online-kurzy\\\/#primaryimage\"},\"image\":{\"@id\":\"https:\\\/\\\/shop.petercernicka.eu\\\/online-kurzy\\\/#primaryimage\"},\"thumbnailUrl\":\"https:\\\/\\\/shop.petercernicka.eu\\\/wp-content\\\/uploads\\\/2025\\\/06\\\/Online-kurz-Zaklady-hry-na-trombon.png\",\"datePublished\":\"2025-06-30T14:28:52+00:00\",\"dateModified\":\"2025-06-30T14:36:52+00:00\",\"breadcrumb\":{\"@id\":\"https:\\\/\\\/shop.petercernicka.eu\\\/online-kurzy\\\/#breadcrumb\"},\"inLanguage\":\"de\",\"potentialAction\":[{\"@type\":\"ReadAction\",\"target\":[\"https:\\\/\\\/shop.petercernicka.eu\\\/online-kurzy\\\/\"]}]},{\"@type\":\"ImageObject\",\"inLanguage\":\"de\",\"@id\":\"https:\\\/\\\/shop.petercernicka.eu\\\/online-kurzy\\\/#primaryimage\",\"url\":\"https:\\\/\\\/shop.petercernicka.eu\\\/wp-content\\\/uploads\\\/2025\\\/06\\\/Online-kurz-Zaklady-hry-na-trombon.png\",\"contentUrl\":\"https:\\\/\\\/shop.petercernicka.eu\\\/wp-content\\\/uploads\\\/2025\\\/06\\\/Online-kurz-Zaklady-hry-na-trombon.png\",\"width\":1080,\"height\":1080,\"caption\":\"harmonizacia skladieb na klaviry\"},{\"@type\":\"BreadcrumbList\",\"@id\":\"https:\\\/\\\/shop.petercernicka.eu\\\/online-kurzy\\\/#breadcrumb\",\"itemListElement\":[{\"@type\":\"ListItem\",\"position\":1,\"name\":\"Home\",\"item\":\"https:\\\/\\\/shop.petercernicka.eu\\\/\"},{\"@type\":\"ListItem\",\"position\":2,\"name\":\"Online kurzy\"}]},{\"@type\":\"WebSite\",\"@id\":\"https:\\\/\\\/shop.petercernicka.eu\\\/#website\",\"url\":\"https:\\\/\\\/shop.petercernicka.eu\\\/\",\"name\":\"Peter \u010cerni\u010dka | Noty | HUDOBN\u00c9 PODKLADY\",\"description\":\"\u013eudov\u00e9 piesne, popul\u00e1rne \u0161l\u00e1gre, \u010desko-slovensk\u00e9 hity, cig\u00e1nske piesne, ewergreeny, viano\u010dn\u00e9 koledy\",\"potentialAction\":[{\"@type\":\"SearchAction\",\"target\":{\"@type\":\"EntryPoint\",\"urlTemplate\":\"https:\\\/\\\/shop.petercernicka.eu\\\/?s={search_term_string}\"},\"query-input\":{\"@type\":\"PropertyValueSpecification\",\"valueRequired\":true,\"valueName\":\"search_term_string\"}}],\"inLanguage\":\"de\"}]}<\/script>\n<!-- \/ Yoast SEO plugin. -->","yoast_head_json":{"title":"Online kurzy - Peter \u010cerni\u010dka | Noty | HUDOBN\u00c9 PODKLADY","robots":{"index":"index","follow":"follow","max-snippet":"max-snippet:-1","max-image-preview":"max-image-preview:large","max-video-preview":"max-video-preview:-1"},"canonical":"https:\/\/shop.petercernicka.eu\/de\/online-kurzy\/","og_locale":"de_DE","og_type":"article","og_title":"Hudobn\u00e9 online kurzy","og_description":"Z\u013eava! Harmoniz\u00e1cia skladieb &euro;149,00 Original price was: &euro;149,00.&euro;99,00Current price is: &euro;99,00. Prida\u0165 do ko\u0161\u00edka Z\u013eava! Technika hry na tromb\u00f3n &euro;129,00 Original price was: &euro;129,00.&euro;99,00Current price is: &euro;99,00. K\u00fapi\u0165 v z\u013eave07\/31\/2025 03:42 pm Prida\u0165 do ko\u0161\u00edka Z\u013eava! Z\u00e1klady hry na tromb\u00f3n &euro;99,00 Original [&hellip;]","og_url":"https:\/\/shop.petercernicka.eu\/de\/online-kurzy\/","og_site_name":"Peter \u010cerni\u010dka | Noty | HUDOBN\u00c9 PODKLADY","article_publisher":"https:\/\/www.facebook.com\/petercernickanoty","article_modified_time":"2025-06-30T14:36:52+00:00","og_image":[{"width":1080,"height":1080,"url":"https:\/\/shop.petercernicka.eu\/wp-content\/uploads\/2025\/06\/Online-kurz-Zaklady-hry-na-trombon.png","type":"image\/png"}],"twitter_card":"summary_large_image","schema":{"@context":"https:\/\/schema.org","@graph":[{"@type":"WebPage","@id":"https:\/\/shop.petercernicka.eu\/online-kurzy\/","url":"https:\/\/shop.petercernicka.eu\/online-kurzy\/","name":"Online kurzy - Peter \u010cerni\u010dka | Noty | HUDOBN\u00c9 PODKLADY","isPartOf":{"@id":"https:\/\/shop.petercernicka.eu\/#website"},"primaryImageOfPage":{"@id":"https:\/\/shop.petercernicka.eu\/online-kurzy\/#primaryimage"},"image":{"@id":"https:\/\/shop.petercernicka.eu\/online-kurzy\/#primaryimage"},"thumbnailUrl":"https:\/\/shop.petercernicka.eu\/wp-content\/uploads\/2025\/06\/Online-kurz-Zaklady-hry-na-trombon.png","datePublished":"2025-06-30T14:28:52+00:00","dateModified":"2025-06-30T14:36:52+00:00","breadcrumb":{"@id":"https:\/\/shop.petercernicka.eu\/online-kurzy\/#breadcrumb"},"inLanguage":"de","potentialAction":[{"@type":"ReadAction","target":["https:\/\/shop.petercernicka.eu\/online-kurzy\/"]}]},{"@type":"ImageObject","inLanguage":"de","@id":"https:\/\/shop.petercernicka.eu\/online-kurzy\/#primaryimage","url":"https:\/\/shop.petercernicka.eu\/wp-content\/uploads\/2025\/06\/Online-kurz-Zaklady-hry-na-trombon.png","contentUrl":"https:\/\/shop.petercernicka.eu\/wp-content\/uploads\/2025\/06\/Online-kurz-Zaklady-hry-na-trombon.png","width":1080,"height":1080,"caption":"harmonizacia skladieb na klaviry"},{"@type":"BreadcrumbList","@id":"https:\/\/shop.petercernicka.eu\/online-kurzy\/#breadcrumb","itemListElement":[{"@type":"ListItem","position":1,"name":"Home","item":"https:\/\/shop.petercernicka.eu\/"},{"@type":"ListItem","position":2,"name":"Online kurzy"}]},{"@type":"WebSite","@id":"https:\/\/shop.petercernicka.eu\/#website","url":"https:\/\/shop.petercernicka.eu\/","name":"Peter \u010cerni\u010dka | Noty | HUDOBN\u00c9 PODKLADY","description":"Volkslieder, Schlager, Tschechoslowakische Schlager, Zigeunerlieder, Evergreens, Weihnachtslieder","potentialAction":[{"@type":"SearchAction","target":{"@type":"EntryPoint","urlTemplate":"https:\/\/shop.petercernicka.eu\/?s={search_term_string}"},"query-input":{"@type":"PropertyValueSpecification","valueRequired":true,"valueName":"search_term_string"}}],"inLanguage":"de"}]}},"_links":{"self":[{"href":"https:\/\/shop.petercernicka.eu\/de\/wp-json\/wp\/v2\/pages\/9424","targetHints":{"allow":["GET"]}}],"collection":[{"href":"https:\/\/shop.petercernicka.eu\/de\/wp-json\/wp\/v2\/pages"}],"about":[{"href":"https:\/\/shop.petercernicka.eu\/de\/wp-json\/wp\/v2\/types\/page"}],"author":[{"embeddable":true,"href":"https:\/\/shop.petercernicka.eu\/de\/wp-json\/wp\/v2\/users\/1"}],"replies":[{"embeddable":true,"href":"https:\/\/shop.petercernicka.eu\/de\/wp-json\/wp\/v2\/comments?post=9424"}],"version-history":[{"count":6,"href":"https:\/\/shop.petercernicka.eu\/de\/wp-json\/wp\/v2\/pages\/9424\/revisions"}],"predecessor-version":[{"id":9436,"href":"https:\/\/shop.petercernicka.eu\/de\/wp-json\/wp\/v2\/pages\/9424\/revisions\/9436"}],"wp:featuredmedia":[{"embeddable":true,"href":"https:\/\/shop.petercernicka.eu\/de\/wp-json\/wp\/v2\/media\/9423"}],"wp:attachment":[{"href":"https:\/\/shop.petercernicka.eu\/de\/wp-json\/wp\/v2\/media?parent=9424"}],"curies":[{"name":"wp","href":"https:\/\/api.w.org\/{rel}","templated":true}]}}