{"id":3813,"date":"2021-10-16T16:59:24","date_gmt":"2021-10-16T14:59:24","guid":{"rendered":"https:\/\/shop.petercernicka.eu\/?page_id=3813"},"modified":"2025-05-01T16:09:13","modified_gmt":"2025-05-01T14:09:13","slug":"ochrana-osobnych-udajov-gdpr","status":"publish","type":"page","link":"https:\/\/shop.petercernicka.eu\/de\/ochrana-osobnych-udajov-gdpr\/","title":{"rendered":"Ochrana osobn\u00fdch \u00fadajov &#8211; GDPR"},"content":{"rendered":"<p><span style=\"font-size: 14pt; color: #000000;\">Kupuj\u00faci vyjadruje svoj s\u00fahlas so spracovan\u00edm a archiv\u00e1ciou osobn\u00fdch \u00fadajov po dobu nevyhnutne nutn\u00fa pre vybavenie a doru\u010denie prijatej objedn\u00e1vky, formou emailu na adresu: <a href=\"mailto:info@allmusicservice.com\">info@allmusicservice.com<\/a>, prostredn\u00edctvom objedn\u00e1vkov\u00e9ho formul\u00e1ra.<\/span><\/p>\n<p><span style=\"font-size: 14pt; color: #000000;\">Kupuj\u00faci zru\u0161\u00ed svoj s\u00fahlas so spracovan\u00edm a archiv\u00e1ciou osobn\u00fdch \u00fadajov formou emailu na adresu: <a href=\"mailto:info@allmusicservice.com\">info@allmusicservice.com<\/a><br \/>\n<\/span><\/p>\n<p><span style=\"font-size: 14pt; color: #000000;\">Pred\u00e1vaj\u00faci sa zav\u00e4zuje neposkytova\u0165 prijat\u00e9 osobn\u00e9 \u00fadaje od kupuj\u00faceho tret\u00edm stran\u00e1m s vynimkou prepravnej spolo\u010dnosti, ktorej s\u00fa poskytnut\u00e9 za \u00fa\u010de\u013eom doru\u010denia z\u00e1sielky.<\/span><\/p>\n<p><span style=\"font-size: 14pt; color: #000000;\">Pred\u00e1vaj\u00faci sa zav\u00e4zuje riadi\u0165 prijatou internou smernicou Ev\u010d.1610-2020-10, ktor\u00e1 je vypracovan\u00e1 v s\u00fa\u013eade s platn\u00fdm nariaden\u00edm Eur\u00f3pskej \u00fanie \u2013 GDPR<br \/>\n<\/span><\/p>","protected":false},"excerpt":{"rendered":"<p>Kupuj\u00faci vyjadruje svoj s\u00fahlas so spracovan\u00edm a archiv\u00e1ciou osobn\u00fdch \u00fadajov po dobu nevyhnutne nutn\u00fa pre vybavenie a doru\u010denie prijatej objedn\u00e1vky, formou emailu na adresu: info@allmusicservice.com, prostredn\u00edctvom objedn\u00e1vkov\u00e9ho formul\u00e1ra. Kupuj\u00faci zru\u0161\u00ed svoj s\u00fahlas so spracovan\u00edm a archiv\u00e1ciou osobn\u00fdch \u00fadajov formou emailu na adresu: [&hellip;]<\/p>\n","protected":false},"author":1,"featured_media":0,"parent":0,"menu_order":0,"comment_status":"closed","ping_status":"closed","template":"full-width.php","meta":{"om_disable_all_campaigns":false,"footnotes":""},"class_list":["post-3813","page","type-page","status-publish","hentry"],"yoast_head":"<!-- This site is optimized with the Yoast SEO plugin v27.5 - https:\/\/yoast.com\/product\/yoast-seo-wordpress\/ -->\n<title>Ochrana osobn\u00fdch \u00fadajov - GDPR - Peter \u010cerni\u010dka | Noty | HUDOBN\u00c9 PODKLADY<\/title>\n<meta name=\"robots\" content=\"index, follow, max-snippet:-1, max-image-preview:large, max-video-preview:-1\" \/>\n<link rel=\"canonical\" href=\"https:\/\/shop.petercernicka.eu\/de\/ochrana-osobnych-udajov-gdpr\/\" \/>\n<meta property=\"og:locale\" content=\"de_DE\" \/>\n<meta property=\"og:type\" content=\"article\" \/>\n<meta property=\"og:title\" content=\"Ochrana osobn\u00fdch \u00fadajov - GDPR - Peter \u010cerni\u010dka | Noty | HUDOBN\u00c9 PODKLADY\" \/>\n<meta property=\"og:description\" content=\"Kupuj\u00faci vyjadruje svoj s\u00fahlas so spracovan\u00edm a archiv\u00e1ciou osobn\u00fdch \u00fadajov po dobu nevyhnutne nutn\u00fa pre vybavenie a doru\u010denie prijatej objedn\u00e1vky, formou emailu na adresu: info@allmusicservice.com, prostredn\u00edctvom objedn\u00e1vkov\u00e9ho formul\u00e1ra. Kupuj\u00faci zru\u0161\u00ed svoj s\u00fahlas so spracovan\u00edm a archiv\u00e1ciou osobn\u00fdch \u00fadajov formou emailu na adresu: [&hellip;]\" \/>\n<meta property=\"og:url\" content=\"https:\/\/shop.petercernicka.eu\/de\/ochrana-osobnych-udajov-gdpr\/\" \/>\n<meta property=\"og:site_name\" content=\"Peter \u010cerni\u010dka | Noty | HUDOBN\u00c9 PODKLADY\" \/>\n<meta property=\"article:publisher\" content=\"https:\/\/www.facebook.com\/petercernickanoty\" \/>\n<meta property=\"article:modified_time\" content=\"2025-05-01T14:09:13+00:00\" \/>\n<meta name=\"twitter:card\" content=\"summary_large_image\" \/>\n<meta name=\"twitter:label1\" content=\"Gesch\u00e4tzte Lesezeit\" \/>\n\t<meta name=\"twitter:data1\" content=\"1\u00a0Minute\" \/>\n<script type=\"application\/ld+json\" class=\"yoast-schema-graph\">{\"@context\":\"https:\\\/\\\/schema.org\",\"@graph\":[{\"@type\":\"WebPage\",\"@id\":\"https:\\\/\\\/shop.petercernicka.eu\\\/ochrana-osobnych-udajov-gdpr\\\/\",\"url\":\"https:\\\/\\\/shop.petercernicka.eu\\\/ochrana-osobnych-udajov-gdpr\\\/\",\"name\":\"Ochrana osobn\u00fdch \u00fadajov - GDPR - Peter \u010cerni\u010dka | Noty | HUDOBN\u00c9 PODKLADY\",\"isPartOf\":{\"@id\":\"https:\\\/\\\/shop.petercernicka.eu\\\/#website\"},\"datePublished\":\"2021-10-16T14:59:24+00:00\",\"dateModified\":\"2025-05-01T14:09:13+00:00\",\"breadcrumb\":{\"@id\":\"https:\\\/\\\/shop.petercernicka.eu\\\/ochrana-osobnych-udajov-gdpr\\\/#breadcrumb\"},\"inLanguage\":\"de\",\"potentialAction\":[{\"@type\":\"ReadAction\",\"target\":[\"https:\\\/\\\/shop.petercernicka.eu\\\/ochrana-osobnych-udajov-gdpr\\\/\"]}]},{\"@type\":\"BreadcrumbList\",\"@id\":\"https:\\\/\\\/shop.petercernicka.eu\\\/ochrana-osobnych-udajov-gdpr\\\/#breadcrumb\",\"itemListElement\":[{\"@type\":\"ListItem\",\"position\":1,\"name\":\"Home\",\"item\":\"https:\\\/\\\/shop.petercernicka.eu\\\/\"},{\"@type\":\"ListItem\",\"position\":2,\"name\":\"Ochrana osobn\u00fdch \u00fadajov &#8211; GDPR\"}]},{\"@type\":\"WebSite\",\"@id\":\"https:\\\/\\\/shop.petercernicka.eu\\\/#website\",\"url\":\"https:\\\/\\\/shop.petercernicka.eu\\\/\",\"name\":\"Peter \u010cerni\u010dka | Noty | HUDOBN\u00c9 PODKLADY\",\"description\":\"\u013eudov\u00e9 piesne, popul\u00e1rne \u0161l\u00e1gre, \u010desko-slovensk\u00e9 hity, cig\u00e1nske piesne, ewergreeny, viano\u010dn\u00e9 koledy\",\"potentialAction\":[{\"@type\":\"SearchAction\",\"target\":{\"@type\":\"EntryPoint\",\"urlTemplate\":\"https:\\\/\\\/shop.petercernicka.eu\\\/?s={search_term_string}\"},\"query-input\":{\"@type\":\"PropertyValueSpecification\",\"valueRequired\":true,\"valueName\":\"search_term_string\"}}],\"inLanguage\":\"de\"}]}<\/script>\n<!-- \/ Yoast SEO plugin. -->","yoast_head_json":{"title":"Ochrana osobn\u00fdch \u00fadajov - GDPR - Peter \u010cerni\u010dka | Noty | HUDOBN\u00c9 PODKLADY","robots":{"index":"index","follow":"follow","max-snippet":"max-snippet:-1","max-image-preview":"max-image-preview:large","max-video-preview":"max-video-preview:-1"},"canonical":"https:\/\/shop.petercernicka.eu\/de\/ochrana-osobnych-udajov-gdpr\/","og_locale":"de_DE","og_type":"article","og_title":"Ochrana osobn\u00fdch \u00fadajov - GDPR - Peter \u010cerni\u010dka | Noty | HUDOBN\u00c9 PODKLADY","og_description":"Kupuj\u00faci vyjadruje svoj s\u00fahlas so spracovan\u00edm a archiv\u00e1ciou osobn\u00fdch \u00fadajov po dobu nevyhnutne nutn\u00fa pre vybavenie a doru\u010denie prijatej objedn\u00e1vky, formou emailu na adresu: info@allmusicservice.com, prostredn\u00edctvom objedn\u00e1vkov\u00e9ho formul\u00e1ra. Kupuj\u00faci zru\u0161\u00ed svoj s\u00fahlas so spracovan\u00edm a archiv\u00e1ciou osobn\u00fdch \u00fadajov formou emailu na adresu: [&hellip;]","og_url":"https:\/\/shop.petercernicka.eu\/de\/ochrana-osobnych-udajov-gdpr\/","og_site_name":"Peter \u010cerni\u010dka | Noty | HUDOBN\u00c9 PODKLADY","article_publisher":"https:\/\/www.facebook.com\/petercernickanoty","article_modified_time":"2025-05-01T14:09:13+00:00","twitter_card":"summary_large_image","twitter_misc":{"Gesch\u00e4tzte Lesezeit":"1\u00a0Minute"},"schema":{"@context":"https:\/\/schema.org","@graph":[{"@type":"WebPage","@id":"https:\/\/shop.petercernicka.eu\/ochrana-osobnych-udajov-gdpr\/","url":"https:\/\/shop.petercernicka.eu\/ochrana-osobnych-udajov-gdpr\/","name":"Ochrana osobn\u00fdch \u00fadajov - GDPR - Peter \u010cerni\u010dka | Noty | HUDOBN\u00c9 PODKLADY","isPartOf":{"@id":"https:\/\/shop.petercernicka.eu\/#website"},"datePublished":"2021-10-16T14:59:24+00:00","dateModified":"2025-05-01T14:09:13+00:00","breadcrumb":{"@id":"https:\/\/shop.petercernicka.eu\/ochrana-osobnych-udajov-gdpr\/#breadcrumb"},"inLanguage":"de","potentialAction":[{"@type":"ReadAction","target":["https:\/\/shop.petercernicka.eu\/ochrana-osobnych-udajov-gdpr\/"]}]},{"@type":"BreadcrumbList","@id":"https:\/\/shop.petercernicka.eu\/ochrana-osobnych-udajov-gdpr\/#breadcrumb","itemListElement":[{"@type":"ListItem","position":1,"name":"Home","item":"https:\/\/shop.petercernicka.eu\/"},{"@type":"ListItem","position":2,"name":"Ochrana osobn\u00fdch \u00fadajov &#8211; GDPR"}]},{"@type":"WebSite","@id":"https:\/\/shop.petercernicka.eu\/#website","url":"https:\/\/shop.petercernicka.eu\/","name":"Peter \u010cerni\u010dka | Noty | HUDOBN\u00c9 PODKLADY","description":"Volkslieder, Schlager, Tschechoslowakische Schlager, Zigeunerlieder, Evergreens, Weihnachtslieder","potentialAction":[{"@type":"SearchAction","target":{"@type":"EntryPoint","urlTemplate":"https:\/\/shop.petercernicka.eu\/?s={search_term_string}"},"query-input":{"@type":"PropertyValueSpecification","valueRequired":true,"valueName":"search_term_string"}}],"inLanguage":"de"}]}},"_links":{"self":[{"href":"https:\/\/shop.petercernicka.eu\/de\/wp-json\/wp\/v2\/pages\/3813","targetHints":{"allow":["GET"]}}],"collection":[{"href":"https:\/\/shop.petercernicka.eu\/de\/wp-json\/wp\/v2\/pages"}],"about":[{"href":"https:\/\/shop.petercernicka.eu\/de\/wp-json\/wp\/v2\/types\/page"}],"author":[{"embeddable":true,"href":"https:\/\/shop.petercernicka.eu\/de\/wp-json\/wp\/v2\/users\/1"}],"replies":[{"embeddable":true,"href":"https:\/\/shop.petercernicka.eu\/de\/wp-json\/wp\/v2\/comments?post=3813"}],"version-history":[{"count":6,"href":"https:\/\/shop.petercernicka.eu\/de\/wp-json\/wp\/v2\/pages\/3813\/revisions"}],"predecessor-version":[{"id":9002,"href":"https:\/\/shop.petercernicka.eu\/de\/wp-json\/wp\/v2\/pages\/3813\/revisions\/9002"}],"wp:attachment":[{"href":"https:\/\/shop.petercernicka.eu\/de\/wp-json\/wp\/v2\/media?parent=3813"}],"curies":[{"name":"wp","href":"https:\/\/api.w.org\/{rel}","templated":true}]}}